{"id":5878,"date":"2020-03-12T13:59:06","date_gmt":"2020-03-12T12:59:06","guid":{"rendered":"http:\/\/semmelweis.hu\/deutsch\/?page_id=5878"},"modified":"2026-03-19T10:46:13","modified_gmt":"2026-03-19T09:46:13","slug":"tag-der-offenen-tuer","status":"publish","type":"page","link":"https:\/\/semmelweis.hu\/deutsch\/bewerbung\/tag-der-offenen-tuer\/","title":{"rendered":"Tag der offenen T\u00fcr"},"content":{"rendered":"<div class=\"keretes w-100\">\n<h6><a href=\"https:\/\/semmelweis.hu\/deutsch\/files\/2024\/02\/Semmelweis_logo_GER_Vertical__PNG.png\"><img loading=\"lazy\" decoding=\"async\" class=\"alignright  wp-image-36223\" src=\"https:\/\/semmelweis.hu\/deutsch\/files\/2024\/02\/Semmelweis_logo_GER_Vertical__PNG-400x267.png\" alt=\"\" width=\"203\" height=\"135\" srcset=\"https:\/\/semmelweis.hu\/deutsch\/files\/2024\/02\/Semmelweis_logo_GER_Vertical__PNG-400x267.png 400w, https:\/\/semmelweis.hu\/deutsch\/files\/2024\/02\/Semmelweis_logo_GER_Vertical__PNG-1024x683.png 1024w, https:\/\/semmelweis.hu\/deutsch\/files\/2024\/02\/Semmelweis_logo_GER_Vertical__PNG-768x512.png 768w, https:\/\/semmelweis.hu\/deutsch\/files\/2024\/02\/Semmelweis_logo_GER_Vertical__PNG-1536x1024.png 1536w, https:\/\/semmelweis.hu\/deutsch\/files\/2024\/02\/Semmelweis_logo_GER_Vertical__PNG-753x502.png 753w, https:\/\/semmelweis.hu\/deutsch\/files\/2024\/02\/Semmelweis_logo_GER_Vertical__PNG-203x135.png 203w, https:\/\/semmelweis.hu\/deutsch\/files\/2024\/02\/Semmelweis_logo_GER_Vertical__PNG.png 1920w\" sizes=\"auto, (max-width: 203px) 100vw, 203px\" \/><\/a>Die Tage der offenen T\u00fcr bieten Ihnen die perfekte Gelegenheit, sich ausf\u00fchrlich \u00fcber die deutschsprachigen Diplomstudieng\u00e4nge der Semmelweis Universit\u00e4t zu informieren, Eindr\u00fccke aus erster Hand \u00fcber das Studium an der Semmelweis Universit\u00e4t und das Leben in Budapest, einer der sch\u00f6nsten und lebendigsten Hauptst\u00e4dte Europas, zu gewinnen.<\/h6>\n<\/div>\n<h1 style=\"text-align: center\">TAG DER OFFENEN T\u00dcR F\u00dcR DAS DEUTSCHSPRACHIGE STUDIUM<\/h1>\n<h5 style=\"text-align: center\">25. April 2026 (Samstag) 9:00-14:15<\/h5>\n<h5 style=\"text-align: center\">Ort der Veranstaltung: <span style=\"font-size: 14pt\">das Zentrum f\u00fcr Vorklinische Medizin (Budapest, IX. Bezirk, T\u0171zolt\u00f3 u. 37\u201347)<\/span><\/h5>\n<p style=\"text-align: center\"><a class=\"button\" href=\"https:\/\/forms.cloud.microsoft\/e\/wMsyUAWWMu\" target=\"_blank\" rel=\"noopener\">REGISTRIEREN<\/a><\/p>\n<p><strong>9<sup>00<\/sup>-9<sup>30<\/sup><\/strong>\u00a0 \u00a0 \u00a0 \u00a0 \u00a0 \u00a0 \u00a0 Ankunft, Registration<\/p>\n<p><strong>9<sup>30<\/sup>-10<sup>30<\/sup><\/strong> \u00a0\u00a0\u00a0\u00a0\u00a0\u00a0\u00a0\u00a0\u00a0\u00a0 kurze Plenarvortr\u00e4ge (je 10 Min. + Q&amp;A) <em>(Szent-Gy\u00f6rgyi H\u00f6rsaal)<\/em><\/p>\n<p style=\"padding-left: 160px\"><strong>Prof. Dr. Al\u00e1n Alp\u00e1r, Vizerektor f\u00fcr Internationale Bildung der Semmelweis Universit\u00e4t<\/strong>\u00a0<\/p>\n<p style=\"padding-left: 200px\"><em>Willkommensrede und kurze Vorstellung der Universit\u00e4t<\/em><\/p>\n<p style=\"padding-left: 160px\"><strong>Tam\u00e1s L\u00e9n\u00e1rt, McDaniel College<\/strong><\/p>\n<p style=\"padding-left: 200px\"><em>Vorbereitungskurse f\u00fcr die Uni<\/em><\/p>\n<p style=\"padding-left: 160px\"><strong>Elisa Jannsen, Asklepios Campus Hamburg<\/strong><\/p>\n<p style=\"padding-left: 200px\"><em>Erwerbung eines Semmelweis-Diploms in Deutschland<\/em><\/p>\n<p style=\"padding-left: 160px\"><strong>Raphael Feurstein \/ Johanson Mahanathan, Deutschsprachige Studentenvertretung Semmelweis<\/strong><\/p>\n<p style=\"padding-left: 200px\"><em>Studierendenvertretung und Studentenleben an der Semmelweis-Uni<\/em><\/p>\n<p><strong>10<sup>45<\/sup>-14<sup>15<\/sup><\/strong> \u00a0\u00a0\u00a0\u00a0\u00a0\u00a0\u00a0\u00a0 workshopartige Besch\u00e4ftigungen, praktische Experimente, Demonstrationen und ein Rundgang durch interessante Teile des Universit\u00e4tsgel\u00e4ndes<\/p>\n<p style=\"padding-left: 200px\"><em>(mit je 15 Minuten Pause zwischen den Stationen)<\/em><\/p>\n<p style=\"padding-left: 160px\"><strong>Institut f\u00fcr Biophysik und Strahlenbiologie<\/strong><em> \u00a0\u00a0<\/em><\/p>\n<ul>\n<li style=\"list-style-type: none\">\n<ul>\n<li style=\"list-style-type: none\">\n<ul>\n<li style=\"list-style-type: none\">\n<ul>\n<li style=\"list-style-type: none\">\n<ul>\n<li><em>Ultraschalldiagnostik <\/em><\/li>\n<li><em>Bildgebungszentrum<\/em><\/li>\n<\/ul>\n<\/li>\n<\/ul>\n<\/li>\n<\/ul>\n<\/li>\n<\/ul>\n<\/li>\n<\/ul>\n<p style=\"padding-left: 160px\"><strong>Institut f\u00fcr Pathologie, Rechts- und Versicherungsmedizin<\/strong>\u00a0<\/p>\n<ul>\n<li style=\"list-style-type: none\">\n<ul>\n<li style=\"list-style-type: none\">\n<ul>\n<li style=\"list-style-type: none\">\n<ul>\n<li style=\"list-style-type: none\">\n<ul>\n<li><em>Vorstellung der Aktivit\u00e4ten und Aufgaben des Instituts, des Berufs des Pathologen sowie die Pr\u00e4sentation von Pr\u00e4paraten <\/em><\/li>\n<\/ul>\n<\/li>\n<\/ul>\n<\/li>\n<\/ul>\n<\/li>\n<\/ul>\n<\/li>\n<\/ul>\n<p style=\"padding-left: 160px\"><strong>Institut f\u00fcr Biochemie und Molekularbiologie<\/strong><\/p>\n<ul>\n<li style=\"list-style-type: none\">\n<ul>\n<li style=\"list-style-type: none\">\n<ul>\n<li style=\"list-style-type: none\">\n<ul>\n<li style=\"list-style-type: none\">\n<ul>\n<li><em>Darstellung von Redoxreaktionen<\/em><\/li>\n<\/ul>\n<\/li>\n<\/ul>\n<\/li>\n<\/ul>\n<\/li>\n<\/ul>\n<\/li>\n<\/ul>\n<p style=\"padding-left: 160px\"><strong>DSVS Skill Lab\u00a0<\/strong><\/p>\n<ul>\n<li style=\"list-style-type: none\">\n<ul>\n<li style=\"list-style-type: none\">\n<ul>\n<li style=\"list-style-type: none\">\n<ul>\n<li style=\"list-style-type: none\">\n<ul>\n<li><em>Nahttechniken<\/em><\/li>\n<li><em>Reanimieren<\/em><\/li>\n<\/ul>\n<\/li>\n<\/ul>\n<\/li>\n<\/ul>\n<\/li>\n<\/ul>\n<\/li>\n<\/ul>\n<p style=\"padding-left: 160px\"><strong>Infost\u00e4nde der DSVS \/ Asklepios Campus Hamburg \/ Fakult\u00e4t f\u00fcr Pharmazeutische Wissenschaften\u00a0<\/strong><\/p>\n<ul>\n<li style=\"list-style-type: none\">\n<ul>\n<li style=\"list-style-type: none\">\n<ul>\n<li style=\"list-style-type: none\">\n<ul>\n<li style=\"list-style-type: none\">\n<ul>\n<li><em>Die angef\u00fchrten Organisationen werden w\u00e4hrend der gesamten Veranstaltung mit einem eigenen Informationsstand f\u00fcr Interessierte zur Verf\u00fcgung stehen<\/em><\/li>\n<\/ul>\n<\/li>\n<\/ul>\n<\/li>\n<\/ul>\n<\/li>\n<\/ul>\n<\/li>\n<\/ul>\n<p style=\"text-align: center\"><a class=\"button\" href=\"https:\/\/forms.cloud.microsoft\/e\/wMsyUAWWMu\" target=\"_blank\" rel=\"noopener\">REGISTRIEREN<\/a><\/p>\n<h2>ONLINE-TAG DER OFFENEN T\u00dcR F\u00dcR DAS DEUTSCHSPRACHIGE STUDIUM 2026<\/h2>\n<p>Eine Aufzeichnung der \u00dcbertragung (vom 23. Januar 2026) finden Sie unter <a href=\"https:\/\/www.youtube.com\/watch?v=VDAq7b2ppPE\" target=\"_blank\" rel=\"noopener\">folgendem Link<\/a>\u00a0<\/p>\n<h2>ONLINE-TAG DER OFFENEN T\u00dcR F\u00dcR DAS DEUTSCHSPRACHIGE STUDIUM 2025<\/h2>\n<p>Eine Aufzeichnung der \u00dcbertragung finden Sie unter <a href=\"https:\/\/kaltura.semmelweis.hu\/playlist\/dedicated\/1_yd05hqwu\/\" target=\"_blank\" rel=\"noopener\">folgendem Link<\/a><\/p>\n<p><em>Obwohl die Aufnahme jede Menge n\u00fctzliche und g\u00fcltige Infos enth\u00e4lt, m\u00f6chten wir darauf hinweisen, dass es auch welche geben kann, die nicht mehr aktuell sind.<\/em><\/p>\n","protected":false},"excerpt":{"rendered":"<p><a href=\"https:\/\/semmelweis.hu\/deutsch\/files\/2024\/02\/Semmelweis_logo_GER_Vertical__PNG.png\"><\/a> Die Tage der offenen T\u00fcr bieten Ihnen die perfekte Gelegenheit, sich ausf\u00fchrlich \u00fcber die deutschsprachigen Diplomstudieng\u00e4nge der Semmelweis Universit\u00e4t zu informieren, Eindr\u00fccke aus erster Hand \u00fcber das Studium an der Semmelweis Universit\u00e4t und das Leben in Budapest, einer der sch\u00f6nsten und lebendigsten Hauptst\u00e4dte Europas, zu gewinnen. TAG DER OFFENEN T\u00dcR F\u00dcR DAS DEUTSCHSPRACHIGE STUDIUM 25. &hellip;<\/p>\n","protected":false},"author":101640,"featured_media":0,"parent":1931,"menu_order":5,"comment_status":"closed","ping_status":"closed","template":"template-fullwidth.php","meta":{"_acf_changed":false,"footnotes":""},"categories":[],"tags":[76],"class_list":["post-5878","page","type-page","status-publish","hentry","tag-international-40"],"acf":[],"_links":{"self":[{"href":"https:\/\/semmelweis.hu\/deutsch\/wp-json\/wp\/v2\/pages\/5878","targetHints":{"allow":["GET"]}}],"collection":[{"href":"https:\/\/semmelweis.hu\/deutsch\/wp-json\/wp\/v2\/pages"}],"about":[{"href":"https:\/\/semmelweis.hu\/deutsch\/wp-json\/wp\/v2\/types\/page"}],"author":[{"embeddable":true,"href":"https:\/\/semmelweis.hu\/deutsch\/wp-json\/wp\/v2\/users\/101640"}],"replies":[{"embeddable":true,"href":"https:\/\/semmelweis.hu\/deutsch\/wp-json\/wp\/v2\/comments?post=5878"}],"version-history":[{"count":11,"href":"https:\/\/semmelweis.hu\/deutsch\/wp-json\/wp\/v2\/pages\/5878\/revisions"}],"predecessor-version":[{"id":40054,"href":"https:\/\/semmelweis.hu\/deutsch\/wp-json\/wp\/v2\/pages\/5878\/revisions\/40054"}],"up":[{"embeddable":true,"href":"https:\/\/semmelweis.hu\/deutsch\/wp-json\/wp\/v2\/pages\/1931"}],"wp:attachment":[{"href":"https:\/\/semmelweis.hu\/deutsch\/wp-json\/wp\/v2\/media?parent=5878"}],"wp:term":[{"taxonomy":"category","embeddable":true,"href":"https:\/\/semmelweis.hu\/deutsch\/wp-json\/wp\/v2\/categories?post=5878"},{"taxonomy":"post_tag","embeddable":true,"href":"https:\/\/semmelweis.hu\/deutsch\/wp-json\/wp\/v2\/tags?post=5878"}],"curies":[{"name":"wp","href":"https:\/\/api.w.org\/{rel}","templated":true}]}}