{"id":40127,"date":"2026-04-20T15:00:16","date_gmt":"2026-04-20T13:00:16","guid":{"rendered":"https:\/\/semmelweis.hu\/deutsch\/?page_id=40127"},"modified":"2026-04-20T15:11:20","modified_gmt":"2026-04-20T13:11:20","slug":"10-taegiger-intensiv-vorbereitungskurs","status":"publish","type":"page","link":"https:\/\/semmelweis.hu\/deutsch\/bewerbung\/medizinisches-vorbereitungsjahr\/10-taegiger-intensiv-vorbereitungskurs\/","title":{"rendered":"10-t\u00e4giger Intensiv-Vorbereitungskurs"},"content":{"rendered":"<p><img loading=\"lazy\" decoding=\"async\" class=\"\" src=\"https:\/\/semmelweis.hu\/deutsch\/files\/2026\/04\/McDaniel-College-intenziv-kurzus-2026-tajekoztato-SE.jpg\" alt=\"\" width=\"1245\" height=\"383\" \/><\/p>\n<h1>10-t\u00e4giger Intensiv-Vorbereitungskurs<\/h1>\n<h6>am McDaniel College Budapest,\u00a0in strategischer Partnerschaft mit der Semmelweis Universit\u00e4t<\/h6>\n<p>Langj\u00e4hrige Erfahrungen der Semmelweis Universit\u00e4t haben gezeigt, dass ein Teil der zuk\u00fcnftigen Studienanf\u00e4nger nicht \u00fcber den gesamten Umfang der in den ersten Studienjahren erforderlichen, soliden Grundlagenkenntnissen in den naturwissenschaftlichen F\u00e4chern verf\u00fcgen.<\/p>\n<p>Daher wird in strategischer Partnerschaft mit der Universit\u00e4t ein 10 Unterrichtstage, insgesamt 60 Unterrichtsstunden umfassendes Intensivprogramm f\u00fcr diejenige angeboten, die ihre Kenntnisse in <strong>Biologie,<\/strong> <strong>Chemie<\/strong> und <strong>Physik<\/strong> in jeweils 20 Unterrichtsstunden auffrischen m\u00f6chten.<\/p>\n<p>&nbsp;<\/p>\n<p><strong>Das 10-t\u00e4gige Intensivprogramm 2026<\/strong><\/p>\n<p>Der Kurs findet im Zeitraum vom <strong>17. August 2026 bis 26. August 2026<\/strong> (Tag der Anreise: 16. August 2026; Tag der Abreise: 27. August 2026) statt.<\/p>\n<p>Erster Unterrichtstag: 17. August 2025 (Montag)<\/p>\n<p>Der Kurs umfasst 10 Tage ohne Unterbrechung, mit durchschnittlich 6 Unterrichtsstunden pro Tag. Die Wochenenden sind nicht frei.<\/p>\n<p>Die F\u00e4cher <strong>Biologie<\/strong>, <strong>Chemie<\/strong> und <strong>Physik<\/strong> werden von hochqualifizierten Dozenten der Universit\u00e4t unterrichtet.<\/p>\n<p>&nbsp;<\/p>\n<p>Ort des Unterrichts: \u00a0\u00a0\u00a0\u00a0\u00a0\u00a0\u00a0\u00a0\u00a0\u00a0\u00a0 <strong>McDaniel College, Budapest Campus<\/strong><\/p>\n<p><strong>Bethlen G\u00e1bor t\u00e9r 2<\/strong><\/p>\n<p><strong>H-1071 Budapest, Ungarn<\/strong><\/p>\n<p>&nbsp;<\/p>\n<p>Die Teilnahmekosten:<strong>\u00a0\u00a0\u00a0\u00a0\u00a0\u00a0\u00a0 2390,- Euro<\/strong><\/p>\n<p>Der Preis beinhaltet die Kursgeb\u00fchr, die Unterkunft und die Mahlzeiten wie folgt:<\/p>\n<p>Die Unterkunft wird f\u00fcr 11 N\u00e4chte in 2\/3-Bett-Zimmern eines in der N\u00e4he des Collegegeb\u00e4udes liegenden 3*- Hotels bereitgestellt. Die Verpflegung beinhaltet Fr\u00fchst\u00fcck (im Hotel), Mittagessen und Abendessen (w\u00e4hrend bzw. nach dem Unterricht, im Collegegeb\u00e4ude). Der Kurs kann auch ohne Unterkunft (aber mit Mittag- und Abendessen) gebucht werden.<\/p>\n<p>&nbsp;<\/p>\n<p>Die Zimmereinteilung ist nach der Reihenfolge der Anmeldung.<\/p>\n<p>Sollten Sie sich f\u00fcr unseres Intensivprogramm interessieren,<\/p>\n<ul>\n<li>f\u00fcllen Sie bitte das <strong>Anmeldeformular<\/strong> unter diesem <a href=\"https:\/\/forms.gle\/DL1wBubEH6XqpcKv8\" target=\"_blank\" rel=\"noopener\">Link<\/a> aus\u00a0<\/li>\n<li>und \u00fcberweisen Sie bitte gleich nach der Anmeldung <strong>250,- Euro<\/strong> von der Programmgeb\u00fchr als <strong>Anmeldegeb\u00fchr.<\/strong> Die Zahlungsfrist f\u00fcr den restlichen Betrag in H\u00f6he von 2140,- Euro wird Ihnen in der Best\u00e4tigungsemail mitgeteilt.<\/li>\n<\/ul>\n<p>Die Anmelde-, sowie die restliche Teilnahmegeb\u00fchr \u00fcberweisen Sie bitte <strong>mit Angabe des Namens des Teilnehmers und dem Vermerk \u201eIntensivkurs Budapest\u201d <\/strong>auf das Konto\u00a0 \u00a0 \u00a0 \u00a0<\/p>\n<p><strong>Global International Studies<\/strong><\/p>\n<p><strong>\u00a0\u00a0\u00a0\u00a0\u00a0\u00a0\u00a0\u00a0\u00a0\u00a0\u00a0\u00a0\u00a0\u00a0\u00a0\u00a0\u00a0\u00a0\u00a0\u00a0\u00a0\u00a0\u00a0\u00a0\u00a0\u00a0\u00a0\u00a0\u00a0\u00a0\u00a0\u00a0\u00a0\u00a0\u00a0 IBAN: HU34 10300002 10686937 48820011<\/strong><\/p>\n<p><strong>\u00a0\u00a0\u00a0\u00a0\u00a0\u00a0\u00a0\u00a0\u00a0\u00a0\u00a0\u00a0\u00a0\u00a0\u00a0\u00a0\u00a0\u00a0\u00a0\u00a0\u00a0\u00a0\u00a0 \u00a0\u00a0\u00a0\u00a0\u00a0\u00a0\u00a0\u00a0\u00a0\u00a0\u00a0 Swift, BIC: MKKBHUHB<\/strong><\/p>\n<p><strong>\u00a0\u00a0\u00a0\u00a0\u00a0\u00a0\u00a0\u00a0\u00a0\u00a0\u00a0\u00a0\u00a0\u00a0\u00a0\u00a0\u00a0\u00a0\u00a0\u00a0\u00a0\u00a0\u00a0 \u00a0\u00a0\u00a0\u00a0\u00a0\u00a0\u00a0\u00a0\u00a0\u00a0\u00a0 MBH Bank Nyrt. <\/strong><\/p>\n<p><strong>V\u00e1ci u. 38, H-<\/strong><strong>1056 Budapest (Ungarn)<\/strong><\/p>\n<p>&nbsp;<\/p>\n<p>Weitere Informationen finden Sie auf der <a href=\"https:\/\/ungarnstudium.hu\/intensivkurs\" target=\"_blank\" rel=\"noopener\">Homepage<\/a><\/p>\n<p>Bei weiteren Fragen stehen wir gerne per Email oder telefonisch zur Verf\u00fcgung<\/p>\n<p><strong>Email: <\/strong><a href=\"mailto:info@ungarnstudium.hu\"><strong>info@ungarnstudium.hu<\/strong><\/a><\/p>\n<p><strong>Tel.: +36 30\u00a0400 6856<\/strong><\/p>\n<p><strong>\u00a0<\/strong><\/p>\n<p>Durch unseren <strong>Wohnungsservice<\/strong> k\u00f6nnen wir den Teilnehmern bei der Wohnungssuche, bei der Suche nach einer geeigneten Unterkunft f\u00fcr die Dauer ihres Studiums in Budapest behilflich sein.<\/p>\n<p>Die Kontaktperson ist Frau P\u00e1lfi (Kommunikationssprache Englisch), erreichbar unter der Telefonnummer <strong>+36 30\u00a0683 0885<\/strong> oder per Email <strong>apalfi@mcdaniel.hu<\/strong><\/p>\n<p><strong>https:\/\/ungarnstudium.hu\/wohnungssuche<\/strong><\/p>\n<p><a href=\"http:\/\/www.budapesthousingservice.com\"><strong>www.budapesthousingservice.com<\/strong><\/a><\/p>\n","protected":false},"excerpt":{"rendered":"<p>10-t\u00e4giger Intensiv-Vorbereitungskurs am McDaniel College Budapest,\u00a0in strategischer Partnerschaft mit der Semmelweis Universit\u00e4t Langj\u00e4hrige Erfahrungen der Semmelweis Universit\u00e4t haben gezeigt, dass ein Teil der zuk\u00fcnftigen Studienanf\u00e4nger nicht \u00fcber den gesamten Umfang der in den ersten Studienjahren erforderlichen, soliden Grundlagenkenntnissen in den naturwissenschaftlichen F\u00e4chern verf\u00fcgen. Daher wird in strategischer Partnerschaft mit der Universit\u00e4t ein 10 Unterrichtstage, insgesamt &hellip;<\/p>\n","protected":false},"author":102334,"featured_media":0,"parent":36511,"menu_order":0,"comment_status":"closed","ping_status":"closed","template":"","meta":{"_acf_changed":false,"footnotes":""},"categories":[],"tags":[],"class_list":["post-40127","page","type-page","status-publish","hentry"],"acf":[],"_links":{"self":[{"href":"https:\/\/semmelweis.hu\/deutsch\/wp-json\/wp\/v2\/pages\/40127","targetHints":{"allow":["GET"]}}],"collection":[{"href":"https:\/\/semmelweis.hu\/deutsch\/wp-json\/wp\/v2\/pages"}],"about":[{"href":"https:\/\/semmelweis.hu\/deutsch\/wp-json\/wp\/v2\/types\/page"}],"author":[{"embeddable":true,"href":"https:\/\/semmelweis.hu\/deutsch\/wp-json\/wp\/v2\/users\/102334"}],"replies":[{"embeddable":true,"href":"https:\/\/semmelweis.hu\/deutsch\/wp-json\/wp\/v2\/comments?post=40127"}],"version-history":[{"count":7,"href":"https:\/\/semmelweis.hu\/deutsch\/wp-json\/wp\/v2\/pages\/40127\/revisions"}],"predecessor-version":[{"id":40138,"href":"https:\/\/semmelweis.hu\/deutsch\/wp-json\/wp\/v2\/pages\/40127\/revisions\/40138"}],"up":[{"embeddable":true,"href":"https:\/\/semmelweis.hu\/deutsch\/wp-json\/wp\/v2\/pages\/36511"}],"wp:attachment":[{"href":"https:\/\/semmelweis.hu\/deutsch\/wp-json\/wp\/v2\/media?parent=40127"}],"wp:term":[{"taxonomy":"category","embeddable":true,"href":"https:\/\/semmelweis.hu\/deutsch\/wp-json\/wp\/v2\/categories?post=40127"},{"taxonomy":"post_tag","embeddable":true,"href":"https:\/\/semmelweis.hu\/deutsch\/wp-json\/wp\/v2\/tags?post=40127"}],"curies":[{"name":"wp","href":"https:\/\/api.w.org\/{rel}","templated":true}]}}