{"id":39392,"date":"2025-09-17T15:49:39","date_gmt":"2025-09-17T13:49:39","guid":{"rendered":"https:\/\/semmelweis.hu\/deutsch\/?page_id=39392"},"modified":"2025-09-17T15:49:39","modified_gmt":"2025-09-17T13:49:39","slug":"sportstipendium-ferenc-csik","status":"publish","type":"page","link":"https:\/\/semmelweis.hu\/deutsch\/studium\/stipendien\/sportstipendium-ferenc-csik\/","title":{"rendered":"Sportstipendium Ferenc Cs\u00edk"},"content":{"rendered":"<h1 class=\"entry-title text-uppercase\"><a href=\"https:\/\/semmelweis.hu\/sportkozpont\/en\/callforapplication\/german\/sportstipendium-der-semmelweis-universitat-ferenc-csik-ausschreibung\/\">Ausschreibung<\/a><\/h1>\n<p>Das Sportstipendium der Semmelweis Universit\u00e4t (im Folgenden Cs\u00edk-Stipendium genannt) wird an Studierende vergeben, die herausragende sportliche Leistungen erbracht haben, sowie an Studierende, die sportliche Aktivit\u00e4ten organisieren.\u00a0<\/p>\n<p>Das Cs\u00edk-Stipendium wird an Studierende vergeben, die zus\u00e4tzlich zu den in der aktuellen Stipendienausschreibung genannten akademischen Anforderungen regelm\u00e4\u00dfig am Sportleben und der Werbung der Universit\u00e4t teilnehmen. Die Stipendien werden auf der Grundlage einer Bewerbung vergeben. Die Ausschreibungen werden von der Prorektorin \/ vom Prorektor f\u00fcr Bildung ver\u00f6ffentlicht.<\/p>\n<ol>\n<li><strong>Voraussetzungen f\u00fcr die Einreichung eines Antrags<\/strong><\/li>\n<\/ol>\n<ul>\n<li>aktiver Studierendenstatus<\/li>\n<li>Absolvierung von Pflichtkreditpunkten in den letzten zwei aktiven Semestern<\/li>\n<li>das ausgef\u00fcllte Antragsformular (Kategorie\u00a0<strong>\u201eA<\/strong>\u201d f\u00fcr Elitesportler oder Kategorie\u00a0<strong>\u201eB\u201d<\/strong>\u00a0f\u00fcr Sportveranstalter)<\/li>\n<\/ul>\n<ol start=\"2\">\n<li>Das Stipendium kann von folgenden Studierenden beantragt werden:\u00a0<strong>a) Spitzensportlerinnen\/Spitzensportler<\/strong><\/li>\n<\/ol>\n<p>Sportlerinnen und Sportler in olympischen Sportarten, die auf der h\u00f6chsten nationalen Ebene ihrer Sportart antreten (Korbball: NBI\/A; Volleyball: Extraliga; Handball: NBI; Fu\u00dfball: NBI; Leichtathletik: Nationalteam; Tennis: NBI; Tischtennis: NBI; Eishockey: NBI; Judo: OBI; Schach: NBI; Federball: NBI; Futsal: NBI usw.) oder, im Falle von Einzelsportarten, die an Weltmeisterschaften oder in einer nationalen Altersklassenmannschaft teilgenommen oder die Pl\u00e4tze 1-3 bei den nationalen Meisterschaften der jeweiligen Sportart erreicht haben.<\/p>\n<p>b) F\u00fcr die Kategorie B k\u00f6nnen sich diejenigen Veranstalterinnen\/Veranstalter von sportlichen Aktivit\u00e4ten bewerben, die sich in Zusammenarbeit mit einer Organisationseinheit der Universit\u00e4t ehrenamtlich an der Organisation des Sportlebens und der sportlichen Aktivit\u00e4ten f\u00fcr Studierende beteiligen.<\/p>\n<p><strong>3. Das Stipendium gilt f\u00fcr h\u00f6chstens ein akademisches Jahr<\/strong><\/p>\n<p>\u2013 bei einem H\u00f6chstbetrag von 120.000 HUF pro Monat f\u00fcr Spitzensportlerinnen\/Spitzensportler sowie<\/p>\n<p>\u2013 einem H\u00f6chstbetrag von 45.000 HUF pro Monat f\u00fcr Veranstalterinnen\/Veranstalter von sportlichen Aktivit\u00e4ten.<\/p>\n<p>&nbsp;<\/p>\n<p><strong>Einreichung und Bewertung des Antrags:<\/strong><\/p>\n<ul>\n<li>Der Antrag ist bis zum 20. 09. 25 12:00 Uhr \u2013\u00a0 4. 10. 2025 18:00 Uhr, im Neptun-System einzureichen.<\/li>\n<\/ul>\n<p>Die Bewerbungen werden von einem f\u00fcnfk\u00f6pfigen Ausschuss unter dem Vorsitz der Prorektorin \/ des Prorektors f\u00fcr allgemeine Angelegenheiten und unter Beteiligung von Mitarbeiterinnen\/Mitarbeitern des Zentrums f\u00fcr K\u00f6rpererziehung und Sport nach folgenden Kriterien bewertet:<\/p>\n<p><strong>\u00a0<\/strong><\/p>\n<ol start=\"5\">\n<li><strong>Bekanntgabe des Ausschreibungsergebnisses<\/strong><\/li>\n<\/ol>\n<p>Die Ergebnisse werden 15 Tage nach Ablauf der Einreichungsfrist auf der Website des Zentrums f\u00fcr K\u00f6rpererziehung und Sport und der Universit\u00e4t ver\u00f6ffentlicht.<\/p>\n<p><a href=\"https:\/\/semmelweis.hu\/sportkozpont\/files\/2023\/11\/Palyazati-urlap-elsportoloi-kategoria_ger_vo.pdf\">Kategorie \u201eA\u201c f\u00fcr Spitzensportlerinnen \/ Spitzensportler<\/a><\/p>\n<p><a href=\"https:\/\/semmelweis.hu\/sportkozpont\/files\/2023\/11\/palyazati-urlap-sportszervezesi-kategoria_ger_vo-korr-ff.pdf\">Kategorie \u201eB\u201c f\u00fcr Sportveranstalterinnen\/Sportveranstalter<\/a><\/p>\n","protected":false},"excerpt":{"rendered":"<p><a href=\"https:\/\/semmelweis.hu\/sportkozpont\/en\/callforapplication\/german\/sportstipendium-der-semmelweis-universitat-ferenc-csik-ausschreibung\/\">Ausschreibung<\/a> Das Sportstipendium der Semmelweis Universit\u00e4t (im Folgenden Cs\u00edk-Stipendium genannt) wird an Studierende vergeben, die herausragende sportliche Leistungen erbracht haben, sowie an Studierende, die sportliche Aktivit\u00e4ten organisieren.\u00a0 Das Cs\u00edk-Stipendium wird an Studierende vergeben, die zus\u00e4tzlich zu den in der aktuellen Stipendienausschreibung genannten akademischen Anforderungen regelm\u00e4\u00dfig am Sportleben und der Werbung der Universit\u00e4t teilnehmen. Die Stipendien werden &hellip;<\/p>\n","protected":false},"author":102334,"featured_media":0,"parent":37820,"menu_order":8,"comment_status":"closed","ping_status":"closed","template":"","meta":{"_acf_changed":false,"footnotes":""},"categories":[],"tags":[],"class_list":["post-39392","page","type-page","status-publish","hentry"],"acf":[],"_links":{"self":[{"href":"https:\/\/semmelweis.hu\/deutsch\/wp-json\/wp\/v2\/pages\/39392","targetHints":{"allow":["GET"]}}],"collection":[{"href":"https:\/\/semmelweis.hu\/deutsch\/wp-json\/wp\/v2\/pages"}],"about":[{"href":"https:\/\/semmelweis.hu\/deutsch\/wp-json\/wp\/v2\/types\/page"}],"author":[{"embeddable":true,"href":"https:\/\/semmelweis.hu\/deutsch\/wp-json\/wp\/v2\/users\/102334"}],"replies":[{"embeddable":true,"href":"https:\/\/semmelweis.hu\/deutsch\/wp-json\/wp\/v2\/comments?post=39392"}],"version-history":[{"count":1,"href":"https:\/\/semmelweis.hu\/deutsch\/wp-json\/wp\/v2\/pages\/39392\/revisions"}],"predecessor-version":[{"id":39393,"href":"https:\/\/semmelweis.hu\/deutsch\/wp-json\/wp\/v2\/pages\/39392\/revisions\/39393"}],"up":[{"embeddable":true,"href":"https:\/\/semmelweis.hu\/deutsch\/wp-json\/wp\/v2\/pages\/37820"}],"wp:attachment":[{"href":"https:\/\/semmelweis.hu\/deutsch\/wp-json\/wp\/v2\/media?parent=39392"}],"wp:term":[{"taxonomy":"category","embeddable":true,"href":"https:\/\/semmelweis.hu\/deutsch\/wp-json\/wp\/v2\/categories?post=39392"},{"taxonomy":"post_tag","embeddable":true,"href":"https:\/\/semmelweis.hu\/deutsch\/wp-json\/wp\/v2\/tags?post=39392"}],"curies":[{"name":"wp","href":"https:\/\/api.w.org\/{rel}","templated":true}]}}