{"id":39388,"date":"2025-09-17T15:44:40","date_gmt":"2025-09-17T13:44:40","guid":{"rendered":"https:\/\/semmelweis.hu\/deutsch\/?page_id=39388"},"modified":"2025-09-17T15:45:43","modified_gmt":"2025-09-17T13:45:43","slug":"sportstipendium-istvan-szivos","status":"publish","type":"page","link":"https:\/\/semmelweis.hu\/deutsch\/studium\/stipendien\/sportstipendium-istvan-szivos\/","title":{"rendered":"Sportstipendium Istv\u00e1n Sz\u00edv\u00f3s"},"content":{"rendered":"<h1 class=\"entry-title text-uppercase\"><a href=\"https:\/\/semmelweis.hu\/sportkozpont\/en\/callforapplication\/german\/sportstipendium-istvan-szivos-ausschreibung\/\" target=\"_blank\" rel=\"noopener\">AUSSCHREIBUNG<\/a><\/h1>\n<p>Der Hauptzweck des Istv\u00e1n Sz\u00edv\u00f3s-Sportstipendiums besteht darin, Studierende, die im Leistungssport aktiv sind, zu unterst\u00fctzen, zu motivieren und ihnen dabei zu helfen, w\u00e4hrend ihres Studiums hervorragende sportliche Leistungen zu erzielen.<\/p>\n<ol>\n<li><strong>Voraussetzungen f\u00fcr die Einreichung eines Antrags<\/strong><\/li>\n<\/ol>\n<ul>\n<li>aktiver Studierendenstatus<\/li>\n<li>Absolvierung von Pflichtkreditpunkten in den letzten zwei aktiven Semestern<\/li>\n<li>ein Jahr oder l\u00e4nger Divisionsmitgliedschaft im Sportklub der Semmelweis Universit\u00e4t (SE SK)<\/li>\n<li>aktive Mitgliedschaft in einer Abteilung des Sportklubs der Semmelweis Universit\u00e4t zum Zeitpunkt der Bewerbung und w\u00e4hrend der Dauer des Stipendiums, sofern dieses gew\u00e4hrt wird<\/li>\n<li>aktive Teilnahme an Sportwettbewerben als Mitglied des Sportklubs der Semmelweis Universit\u00e4t<\/li>\n<li>Anwesenheit und vorbildliche Teilnahme an den von den Trainern festgelegten Trainingseinheiten des Sportklubs der Semmelweis Universit\u00e4t<\/li>\n<\/ul>\n<ol start=\"2\">\n<li><strong>Bewerbungsunterlagen<\/strong><\/li>\n<\/ol>\n<ul>\n<li>das ausgef\u00fcllte Antragsformular<\/li>\n<li>Best\u00e4tigung eines aktiven Studentenstatus<\/li>\n<li>Lebenslauf und Motivationsschreiben<\/li>\n<li>die Empfehlung und das Unterst\u00fctzungsschreiben der Trainerin \/ des Trainers und des Abteilungsleiters \/ der Abteilungsleiterin der\/des Studierenden<\/li>\n<li>Nachweis \u00fcber die Zahlung der Mitglieds- und Divisionsbeitr\u00e4ge (Fr\u00fchjahrs- und Herbstsemester 2025)<\/li>\n<li>zwei Leistungsnachweise f\u00fcr Sportwettbewerbe<\/li>\n<li>Bescheinigung des Sportvereins der\/des Studierenden \u00fcber ihre\/seine sportlichen Leistungen (2025 jahr)<\/li>\n<\/ul>\n<ol start=\"3\">\n<li><strong>Einreichung und Bewertung des Antrags<\/strong><\/li>\n<\/ol>\n<p>Die Ausschreibung wird vom Rektor der Semmelweis Universit\u00e4t, Dr. B\u00e9la Merkely, ver\u00f6ffentlicht.<\/p>\n<p>Der Antrag ist bis zum 20. 09. 2025 12:00 Uhr\u2013 4. 10. 2025., 18:00 Uhr, im Neptun-System einzureichen.<\/p>\n<p>Die Bewertungsfrist f\u00fcr den Antrag endet am 11. oktober 2025. Die Benachrichtigung der Stipendiatinnen und Stipendiaten erfolgt ausschlie\u00dflich auf elektronischem Wege \u00fcber das Neptun-System.<\/p>\n<ol start=\"4\">\n<li><strong>Mitglieder des Stipendienausschusses:<\/strong><\/li>\n<\/ol>\n<p>Dr. Ferenc B\u00e1nhidy, Prorektor f\u00fcr Allgemeine Angelegenheiten<\/p>\n<p>Korn\u00e9lia V\u00e1rszegi, Zentrum f\u00fcr K\u00f6rpererziehung und Sport<\/p>\n<p>Petra G\u00e1l, Studierendenvereinigung<\/p>\n<ol start=\"5\">\n<li><strong>Bewertungskriterien:<\/strong><\/li>\n<\/ol>\n<p>Auf der Grundlage der eingereichten Unterlagen erstellt die Kommission eine Rangliste der Leistungen im Training und bei den Hochschulmeisterschaften sowie der Empfehlung der Trainerin \/ des Trainers oder der Leiterin \/ des Leiters der Sportabteilung.<\/p>\n<p>Das Stipendium in H\u00f6he von 150.000 HUF wird auf der Grundlage einer nachgewiesenen Leistung in einer vom Sportverband ausgeschriebenen Wettkampfserie der ersten oder zweiten Klasse oder der Teilnahme an einer Hochschulmeisterschaft \u2013 Platz 1-3 \u2013 oder einer weiteren Platzierung in einem gesonderten Wettbewerb nach dem fachlichen Urteil des Bewertungsausschusses vergeben.<\/p>\n<ol start=\"6\">\n<li><strong>H\u00f6chstbetrag des Stipendiums, der vergeben werden kann<\/strong><\/li>\n<\/ol>\n<p>Auf der Grundlage der sportlichen Leistungen der\/des Studierenden und auf Empfehlung der Trainerin \/ des Trainers und der Leiterin \/ des Leiters der Sportabteilung k\u00f6nnen die folgenden 3 Betr\u00e4ge f\u00fcr einen Zeitraum von f\u00fcnf Monaten gew\u00e4hrt werden:<\/p>\n<ol>\n<li>150.000 Ft\/Monat<\/li>\n<li>100.000 Ft\/Monat<\/li>\n<li>50.000 Ft\/Monat<\/li>\n<\/ol>\n<ol start=\"7\">\n<li><strong>Bekanntgabe des Ausschreibungsergebnisses<\/strong><\/li>\n<\/ol>\n<p>Die Liste der Stipendiatinnen\/Stipendiaten wird 10 Tage nach Ablauf der Einreichungsfrist auf der Website des Zentrums f\u00fcr K\u00f6rpererziehung und Sport und der Universit\u00e4t ver\u00f6ffentlicht.<\/p>\n<ol start=\"8\">\n<li><strong>Auszahlung des Stipendiums<\/strong><\/li>\n<\/ol>\n<p>Der Bewertungsausschuss teilt dem Direktorat f\u00fcr das Netzwerkmanagement innerhalb von drei Tagen nach Beurteilung der vorliegenden Bewerbungen das Ergebnis mit. In der Folge wird die Auszahlung des Stipendiums an die ausgew\u00e4hlten Studierenden gem\u00e4\u00df des vom Ausschuss beschlossenen Zeitplans und der H\u00f6he des Stipendiums bis sp\u00e4testens zum 10. des jeweiligen Monats sichergestellt. Falls das Bewerbungsverfahren eine andere als die in diesem Absatz vorgesehene Zahlung erfordert, zahlt das Direktorat das Stipendium innerhalb von 15 Tagen nach Erhalt der Entscheidung an den Studierenden aus.<\/p>\n<p>Falls Sie Fragen zur Bewerbung haben, wenden Sie sich bitte an Korn\u00e9lia V\u00e1rszegi, die Direktorin des Zentrums f\u00fcr K\u00f6rpererziehung und Sport, unter folgender E-Mail-Adresse:\u00a0<a href=\"mailto:varszegi.kornelia@semmelweis.hu\">varszegi.kornelia@semmelweis.hu<\/a><\/p>\n","protected":false},"excerpt":{"rendered":"<p><a href=\"https:\/\/semmelweis.hu\/sportkozpont\/en\/callforapplication\/german\/sportstipendium-istvan-szivos-ausschreibung\/\" target=\"_blank\" rel=\"noopener\">AUSSCHREIBUNG<\/a> Der Hauptzweck des Istv\u00e1n Sz\u00edv\u00f3s-Sportstipendiums besteht darin, Studierende, die im Leistungssport aktiv sind, zu unterst\u00fctzen, zu motivieren und ihnen dabei zu helfen, w\u00e4hrend ihres Studiums hervorragende sportliche Leistungen zu erzielen. Voraussetzungen f\u00fcr die Einreichung eines Antrags aktiver Studierendenstatus Absolvierung von Pflichtkreditpunkten in den letzten zwei aktiven Semestern ein Jahr oder l\u00e4nger Divisionsmitgliedschaft im Sportklub der &hellip;<\/p>\n","protected":false},"author":102334,"featured_media":0,"parent":37820,"menu_order":7,"comment_status":"closed","ping_status":"closed","template":"","meta":{"_acf_changed":false,"footnotes":""},"categories":[],"tags":[],"class_list":["post-39388","page","type-page","status-publish","hentry"],"acf":[],"_links":{"self":[{"href":"https:\/\/semmelweis.hu\/deutsch\/wp-json\/wp\/v2\/pages\/39388","targetHints":{"allow":["GET"]}}],"collection":[{"href":"https:\/\/semmelweis.hu\/deutsch\/wp-json\/wp\/v2\/pages"}],"about":[{"href":"https:\/\/semmelweis.hu\/deutsch\/wp-json\/wp\/v2\/types\/page"}],"author":[{"embeddable":true,"href":"https:\/\/semmelweis.hu\/deutsch\/wp-json\/wp\/v2\/users\/102334"}],"replies":[{"embeddable":true,"href":"https:\/\/semmelweis.hu\/deutsch\/wp-json\/wp\/v2\/comments?post=39388"}],"version-history":[{"count":2,"href":"https:\/\/semmelweis.hu\/deutsch\/wp-json\/wp\/v2\/pages\/39388\/revisions"}],"predecessor-version":[{"id":39391,"href":"https:\/\/semmelweis.hu\/deutsch\/wp-json\/wp\/v2\/pages\/39388\/revisions\/39391"}],"up":[{"embeddable":true,"href":"https:\/\/semmelweis.hu\/deutsch\/wp-json\/wp\/v2\/pages\/37820"}],"wp:attachment":[{"href":"https:\/\/semmelweis.hu\/deutsch\/wp-json\/wp\/v2\/media?parent=39388"}],"wp:term":[{"taxonomy":"category","embeddable":true,"href":"https:\/\/semmelweis.hu\/deutsch\/wp-json\/wp\/v2\/categories?post=39388"},{"taxonomy":"post_tag","embeddable":true,"href":"https:\/\/semmelweis.hu\/deutsch\/wp-json\/wp\/v2\/tags?post=39388"}],"curies":[{"name":"wp","href":"https:\/\/api.w.org\/{rel}","templated":true}]}}