{"id":38992,"date":"2025-06-20T10:49:12","date_gmt":"2025-06-20T08:49:12","guid":{"rendered":"https:\/\/semmelweis.hu\/deutsch\/?page_id=38992"},"modified":"2025-06-20T13:19:43","modified_gmt":"2025-06-20T11:19:43","slug":"fuer-absolventen","status":"publish","type":"page","link":"https:\/\/semmelweis.hu\/deutsch\/studium\/fuer-absolventen\/","title":{"rendered":"F\u00fcr Absolventen"},"content":{"rendered":"<h2>Aush\u00e4ndigung des Diploms<\/h2>\n<p><strong>Die Aush\u00e4ndigung der entsprechenden Dokumente<\/strong> (<strong>Diplom<\/strong>: auf Deutsch und Ungarisch, <strong>Diplomzusatz\/Diploma Supplement<\/strong>: auf Deutsch, Englisch, Ungarisch) erfolgt im Deutschsprachigen Studentensekretariat. Eine <strong>pers\u00f6nliche Entgegennahme<\/strong> der Dokumente im Deutschsprachigen Studentensekretariat der Semmelweis Universit\u00e4t ist <strong>erforderlich<\/strong>. Postalisch werden die Dokumente nicht versendet.\u00a0<\/p>\n<p>Das Diplom sowie der Diplomzusatz (DS) sind durch die ungarischen Beh\u00f6rden zu beglaubigen, <strong>wenn die zust\u00e4ndige ausl\u00e4ndische Beh\u00f6rde es erfordert<\/strong>.\u00a0\u00a0<\/p>\n<p><span style=\"color: #313b40;font-family: Montserrat, sans-serif;font-size: 30px;font-weight: 600\">Beglaubigung durch das Bildungsamt (&#8222;Oktat\u00e1si Hivatal&#8220;)<\/span><\/p>\n<p>Hier werden durch einen Stempel die Unterschriften auf den Dokumenten beglaubigt. Die Beglaubigung ist kostenpflichtig und eine Online-Anmeldung ist erforderlich.\u00a0<\/p>\n<p><a href=\"https:\/\/www.oktatas.hu\/felsooktatas\/apostille_english\" target=\"_blank\" rel=\"noopener\">https:\/\/www.oktatas.hu\/kapcsolat\/kozponti_ugyfelszolgalat<\/a> &#8211; Budapest XII. ker\u00fclet, Maros u. 19-21.<\/p>\n<h2>\u00dcberbeglaubigung im Au\u00dfenministerium<\/h2>\n<p>Hier werden die Unterschriften des Bildungsamtes \u00fcberbeglaubigt (Apostille).<\/p>\n<p>Pro Unterschrift sind 5.500,- HUF zu zahlen (auch mit Karte m\u00f6glich) und eine Online-Anmeldung ist erforderlich.<\/p>\n<p>Beglaubigungsverfahren f\u00fcr Dokumente, die im Ausland verwendet werden sollen (in Englischer Sprache):\u00a0<a href=\"https:\/\/konzinfo.mfa.gov.hu\/en\/legalisation-procedure-documents-be-used-abroad\" target=\"_blank\" rel=\"noopener\">Information on the legalisation procedure of documents to be used abroad<\/a>\u00a0<\/p>\n<h2>Die Nationale Generaldirektion f\u00fcr Krankenh\u00e4user (OKF\u0150)<\/h2>\n<p>Dieser <a href=\"https:\/\/semmelweis.hu\/registrar\/files\/2022\/08\/information-for-foreign-graduates_2025.pdf\" target=\"_blank\" rel=\"noopener\">Leitfaden<\/a> (in Englischer Sprache) soll Absolventen einen \u00dcberblick \u00fcber die Verfahren bei der OKF\u0150 (EU-Konformit\u00e4tsbescheinigung, F\u00fchrungszeugnis) geben, die erforderlich sein k\u00f6nnen, um mit ihrem Diplom in Ungarn oder im Ausland einen Zugang zu einem Gesundheitsberuf zu erhalten.<\/p>\n","protected":false},"excerpt":{"rendered":"<p>Aush\u00e4ndigung des Diploms Die Aush\u00e4ndigung der entsprechenden Dokumente (Diplom: auf Deutsch und Ungarisch, Diplomzusatz\/Diploma Supplement: auf Deutsch, Englisch, Ungarisch) erfolgt im Deutschsprachigen Studentensekretariat. Eine pers\u00f6nliche Entgegennahme der Dokumente im Deutschsprachigen Studentensekretariat der Semmelweis Universit\u00e4t ist erforderlich. Postalisch werden die Dokumente nicht versendet.\u00a0 Das Diplom sowie der Diplomzusatz (DS) sind durch die ungarischen Beh\u00f6rden zu beglaubigen, &hellip;<\/p>\n","protected":false},"author":102334,"featured_media":0,"parent":2386,"menu_order":10,"comment_status":"closed","ping_status":"closed","template":"","meta":{"_acf_changed":false,"footnotes":""},"categories":[],"tags":[],"class_list":["post-38992","page","type-page","status-publish","hentry"],"acf":[],"_links":{"self":[{"href":"https:\/\/semmelweis.hu\/deutsch\/wp-json\/wp\/v2\/pages\/38992","targetHints":{"allow":["GET"]}}],"collection":[{"href":"https:\/\/semmelweis.hu\/deutsch\/wp-json\/wp\/v2\/pages"}],"about":[{"href":"https:\/\/semmelweis.hu\/deutsch\/wp-json\/wp\/v2\/types\/page"}],"author":[{"embeddable":true,"href":"https:\/\/semmelweis.hu\/deutsch\/wp-json\/wp\/v2\/users\/102334"}],"replies":[{"embeddable":true,"href":"https:\/\/semmelweis.hu\/deutsch\/wp-json\/wp\/v2\/comments?post=38992"}],"version-history":[{"count":10,"href":"https:\/\/semmelweis.hu\/deutsch\/wp-json\/wp\/v2\/pages\/38992\/revisions"}],"predecessor-version":[{"id":39002,"href":"https:\/\/semmelweis.hu\/deutsch\/wp-json\/wp\/v2\/pages\/38992\/revisions\/39002"}],"up":[{"embeddable":true,"href":"https:\/\/semmelweis.hu\/deutsch\/wp-json\/wp\/v2\/pages\/2386"}],"wp:attachment":[{"href":"https:\/\/semmelweis.hu\/deutsch\/wp-json\/wp\/v2\/media?parent=38992"}],"wp:term":[{"taxonomy":"category","embeddable":true,"href":"https:\/\/semmelweis.hu\/deutsch\/wp-json\/wp\/v2\/categories?post=38992"},{"taxonomy":"post_tag","embeddable":true,"href":"https:\/\/semmelweis.hu\/deutsch\/wp-json\/wp\/v2\/tags?post=38992"}],"curies":[{"name":"wp","href":"https:\/\/api.w.org\/{rel}","templated":true}]}}