{"id":38944,"date":"2025-06-11T12:22:11","date_gmt":"2025-06-11T10:22:11","guid":{"rendered":"https:\/\/semmelweis.hu\/deutsch\/?page_id=38944"},"modified":"2025-06-11T12:22:11","modified_gmt":"2025-06-11T10:22:11","slug":"staatliches-stipendium-fuer-hochschulbildung","status":"publish","type":"page","link":"https:\/\/semmelweis.hu\/deutsch\/studium\/stipendien\/staatliches-stipendium-fuer-hochschulbildung\/","title":{"rendered":"Staatliches Stipendium f\u00fcr Hochschulbildung"},"content":{"rendered":"<p>Der f\u00fcr Hochschulbildung zust\u00e4ndige Minister vergibt ein staatliches Stipendium f\u00fcr Hochschulbildung an Studierende, die herausragende Leistungen erbracht haben.<\/p>\n<p><b>Zielgruppe:<\/b> Begabte Studierende, die sowohl im Studium als auch im akademischen Leben herausragende Leistungen erbringen.<\/p>\n<p><b>Stipendienh\u00f6he:<\/b> 40.000 HUF\/Monat, Stipendiendauer: 10 Monate.<\/p>\n<p><b>Bewerbungsfrist:<\/b> 7. Juli 2025<\/p>\n<p>Die Bewerbung ist \u00fcber das Neptun-System unter <b>\u201eNemzeti Fels\u0151oktat\u00e1si \u00d6szt\u00f6nd\u00edj-2025\/26\u201d<\/b> (unter \u201eVerwaltung &gt; Bewerbungen\u201d) einzureichen.<\/p>\n<p>Der Bewerbungsaufruf, die Bewerbungsunterlagen und weitere Informationen zu den einzelnen Studieng\u00e4ngen sind (in Englisch) <a href=\"https:\/\/semmelweis.hu\/registrar\/information\/scholarships\/national-higher-education-scholarship\/\" target=\"_blank\" rel=\"noopener\">hier<\/a> zu finden.<\/p>\n","protected":false},"excerpt":{"rendered":"<p>Der f\u00fcr Hochschulbildung zust\u00e4ndige Minister vergibt ein staatliches Stipendium f\u00fcr Hochschulbildung an Studierende, die herausragende Leistungen erbracht haben. Zielgruppe: Begabte Studierende, die sowohl im Studium als auch im akademischen Leben herausragende Leistungen erbringen. Stipendienh\u00f6he: 40.000 HUF\/Monat, Stipendiendauer: 10 Monate. Bewerbungsfrist: 7. Juli 2025 Die Bewerbung ist \u00fcber das Neptun-System unter \u201eNemzeti Fels\u0151oktat\u00e1si \u00d6szt\u00f6nd\u00edj-2025\/26\u201d (unter \u201eVerwaltung &hellip;<\/p>\n","protected":false},"author":102334,"featured_media":0,"parent":37820,"menu_order":5,"comment_status":"closed","ping_status":"closed","template":"","meta":{"_acf_changed":false,"footnotes":""},"categories":[],"tags":[],"class_list":["post-38944","page","type-page","status-publish","hentry"],"acf":[],"_links":{"self":[{"href":"https:\/\/semmelweis.hu\/deutsch\/wp-json\/wp\/v2\/pages\/38944","targetHints":{"allow":["GET"]}}],"collection":[{"href":"https:\/\/semmelweis.hu\/deutsch\/wp-json\/wp\/v2\/pages"}],"about":[{"href":"https:\/\/semmelweis.hu\/deutsch\/wp-json\/wp\/v2\/types\/page"}],"author":[{"embeddable":true,"href":"https:\/\/semmelweis.hu\/deutsch\/wp-json\/wp\/v2\/users\/102334"}],"replies":[{"embeddable":true,"href":"https:\/\/semmelweis.hu\/deutsch\/wp-json\/wp\/v2\/comments?post=38944"}],"version-history":[{"count":2,"href":"https:\/\/semmelweis.hu\/deutsch\/wp-json\/wp\/v2\/pages\/38944\/revisions"}],"predecessor-version":[{"id":38946,"href":"https:\/\/semmelweis.hu\/deutsch\/wp-json\/wp\/v2\/pages\/38944\/revisions\/38946"}],"up":[{"embeddable":true,"href":"https:\/\/semmelweis.hu\/deutsch\/wp-json\/wp\/v2\/pages\/37820"}],"wp:attachment":[{"href":"https:\/\/semmelweis.hu\/deutsch\/wp-json\/wp\/v2\/media?parent=38944"}],"wp:term":[{"taxonomy":"category","embeddable":true,"href":"https:\/\/semmelweis.hu\/deutsch\/wp-json\/wp\/v2\/categories?post=38944"},{"taxonomy":"post_tag","embeddable":true,"href":"https:\/\/semmelweis.hu\/deutsch\/wp-json\/wp\/v2\/tags?post=38944"}],"curies":[{"name":"wp","href":"https:\/\/api.w.org\/{rel}","templated":true}]}}