{"id":38932,"date":"2025-06-10T11:32:22","date_gmt":"2025-06-10T09:32:22","guid":{"rendered":"https:\/\/semmelweis.hu\/deutsch\/?page_id=38932"},"modified":"2026-04-10T10:24:02","modified_gmt":"2026-04-10T08:24:02","slug":"professor-attila-fonyo-preis-professor-andor-szecseny-preis","status":"publish","type":"page","link":"https:\/\/semmelweis.hu\/deutsch\/studium\/stipendien\/professor-attila-fonyo-preis-professor-andor-szecseny-preis\/","title":{"rendered":"Professor Attila Fony\u00f3-Preis"},"content":{"rendered":"<p>Das Zentrum f\u00fcr Internationale Ausbildungsprogramme der Semmelweis Universit\u00e4t schreibt das Exzellenzstipendium <strong>\u201eProfessor Attila Fony\u00f3-Preis \/ Professor Andor Sz\u00e9cs\u00e9ny-Preis\u201c<\/strong> <strong>f\u00fcr das akademische Jahr 2025\/2026<\/strong> aus. F\u00fcr das Exzellenzstipendium k\u00f6nnen sich Studierende mit einem Studierendenrechtsverh\u00e4ltnis zur Semmelweis Universit\u00e4t mit ausl\u00e4ndischer Staatsangeh\u00f6rigkeit bewerben, die i) ihre Ausbildung an der Fakult\u00e4t f\u00fcr Humanmedizin in deutscher oder englischer Sprache absolvieren, ii) vor ihrer erfolgreichen Zulassung an der Semmelweis Universit\u00e4t am Budapest Campus der McDaniel College ein zweisemestriges Pre-Med-Programm oder ein inhaltlich dem zweisemestrigen Programm entsprechendes intensives Pre-Med-Programm oder ein Vorbereitungsjahr absolviert haben, iii) ihr Studium im ersten Semester des Studienjahres 2025\/2026 begonnen und das erste Studienjahr mit hervorragenden Leistungen abgeschlossen haben.<\/p>\n<p>Das Stipendium ist ein Exzellenzstipendium. Es kann jeweils von einem Studierenden des englischen und einem Studierenden des deutschen Studiengangs gewonnen werden. Bei Gleichheit der Studienleistungen entscheidet die Bewertung der Gemeinschaftsaktivit\u00e4ten, herausragender wissenschaftlicher Leistungen, sowie herausragender kultureller und sportlicher Aktivit\u00e4ten.<\/p>\n<p>&nbsp;<\/p>\n<ol>\n<li><strong>Zulassungskriterien<\/strong><\/li>\n<\/ol>\n<ul>\n<li>Absolvierung eines zweisemestrigen Pre-Med-Programms, bzw. eines inhaltlich dem zweisemestrigen Programm entsprechenden intensiven Pre-Med-Programms oder eines Vorbereitungsjahres am Budapest Campus der McDaniel College<\/li>\n<li>Anfangsdatum des Studierendenrechtsverh\u00e4ltnisses ist September 2025<\/li>\n<li>Im ersten Studienjahr der Fakult\u00e4t f\u00fcr Humanmedizin Absolvierung aller im Curriculum vorgeschriebenen und im Neptun ETR eingetragenen Pflichtf\u00e4cher (alle Pr\u00fcfungen bestanden und alle praktischen Pr\u00fcfungsnoten erworben)<\/li>\n<li>Erfolgreicher Abschluss mindestens eines Wahlpflichtfachs oder Wahlfachs,<\/li>\n<li>keine F\u00e4cher, die im Rahmen eines Kredit\u00fcbertragungsverfahrens anerkannt wurden,<\/li>\n<li>keine Befreiung von der Teilnahme an bzw. dem Abschluss von Pflichtf\u00e4chern (ausgenommen K\u00f6rpererziehung und Sommerpraktikum)<\/li>\n<\/ul>\n<p>Die Angabe zur Identifizierung des Bewerbers \/ der Bewerberin und zur \u00dcberpr\u00fcfung der Zulassungsberechtigung erforderlichen Daten ist obligatorisch. Bei fehlenden Daten k\u00f6nnen keine Bewerbungen eingereicht werden.\u00a0<\/p>\n<p>Der\/die Bewerberin darf keine Bewerbung einreichen, wenn das f\u00fcr die Bewertung zust\u00e4ndige Organ oder eine andere Person oder Einrichtung der Universit\u00e4t (z. B. die Ethikkommission), die zur Untersuchung von Rechtsverst\u00f6\u00dfen befugt ist, festgestellt hat, dass er\/sie bei der Bewertung seines\/ihres Antrags falsche Angaben gemacht oder die Gutachter im Zusammenhang mit seinem\/ihrem im Rahmen einer fr\u00fcheren Ausschreibung eingereichten Antrag anderweitig irregef\u00fchrt hat.<\/p>\n<p>&nbsp;<\/p>\n<ol start=\"2\">\n<li><strong>F\u00fcr die Bewertung der Bewerbungen zust\u00e4ndiges Gremium:<\/strong><\/li>\n<\/ol>\n<p>Die Bewerbungen werden von einem Ausschuss bewertet, der durch den Beschluss 72434\/NHKK\/2025 \u00fcber die Einrichtung des Stipendiums ernannt wurde. Dem Ausschuss geh\u00f6ren die folgenden Mitglieder an:<\/p>\n<ul>\n<li>der Vizerektor f\u00fcr Internationales Studium<\/li>\n<li>der Dekan der Fakult\u00e4t f\u00fcr Humanmedizin<\/li>\n<li>der Dekan der Fakult\u00e4t f\u00fcr Zahnmedizin<\/li>\n<li>zwei Ausschussmitglieder, die vom Generaldirektor der College International Oktat\u00e1si Kft., dem Betreiber des McDaniel College Budapest Campus, ernannt werden<\/li>\n<\/ul>\n<p>Der Ausschuss legt f\u00fcr jede Ausbildungssprache die drei besten Studierenden in der Reihenfolge ihrer Durchschnittsnote vor. Die Entscheidung \u00fcber die Vergabe der Preise wird gemeinsam vom Rektor der Semmelweis Universit\u00e4t, dem Vorsitzenden des McDaniel College Budapest Campus Local Board und dem Generaldirektor der College International Oktat\u00e1si Kft. getroffen.<\/p>\n<p>&nbsp;<\/p>\n<ol start=\"3\">\n<li><strong>Bewerbungsfrist:<\/strong><\/li>\n<\/ol>\n<p><strong>Bewerbungen<\/strong> k\u00f6nnen bis zum 31. Juli 2026 <strong>\u00fcber die Schnittstelle des Antragsmanagementsystems Neptun <\/strong>eingereicht werden.<\/p>\n<p>Eine Nachbewerbung ist nur in dem Fall m\u00f6glich, wenn Studierende aus ihnen nicht zurechenbaren Gr\u00fcnden nicht alle Pr\u00fcfungen im Fr\u00fchjahrssemester ablegen konnten und einen Antrag auf Ablegung einer au\u00dferhalb des akademischen Jahres organisierten Pr\u00fcfung (TKSZV) gestellt haben. In diesem Fall endet die Bewerbungsfrist am letzten Tag des Pr\u00fcfungszeitraums f\u00fcr die TKSZV.<\/p>\n<p>&nbsp;<\/p>\n<ol start=\"4\">\n<li><strong>Nachreichung, Beschluss, Einwand:<\/strong><\/li>\n<\/ol>\n<p>Es besteht keine M\u00f6glichkeit auf Nachreichung oder auf einen Bescheinigungsantrag wegen Fristvers\u00e4umnis. Unvollst\u00e4ndige, nicht fristgerechte Antr\u00e4ge oder Antr\u00e4ge, die den Vorschriften nicht entsprechen, werden abgelehnt. Im Falle von \u00c4nderungen des Namens, der Kontaktdaten und der Kontonummer des Bewerbers \/ der Bewerberin oder zwischenzeitlicher \u00c4nderungen der Daten hat der\/die Bewerber\/in das Recht, seinen\/ihren Antrag zu \u00e4ndern\/vervollst\u00e4ndigen\/korrigieren.<\/p>\n<p>Die vollst\u00e4ndig eingereichten Antr\u00e4ge werden durch den unter Punkt 2 genannten Stipendienausschuss <strong>innerhalb von <\/strong><strong>10<\/strong><strong> Tagen<\/strong> nach Ablauf der Bewerbungsfrist bewertet.<\/p>\n<p><strong>\u00a0<\/strong><\/p>\n<ol start=\"5\">\n<li>Gegen den Ablehnungsbeschluss des Ausschusses kann die Bewerberin \/ der Bewerber innerhalb von f\u00fcnf Arbeitstagen nach Erhalt des Beschlusses bei dem Leiter des Zentrums f\u00fcr Internationale Ausbildungsprogramme Einspruch erheben. Bei dem Einspruch muss die beanstandete Rechtshandlung oder Unterlassung des Ausschusses genau bezeichnet werden. Wenn der Leiter des Zentrums f\u00fcr Internationale Ausbildungsprogramme dem Einspruch stattgibt, wird der Ausschuss den Antrag entsprechend neu bewerten.<\/li>\n<\/ol>\n<p><strong>\u00a0<\/strong><\/p>\n<ol start=\"6\">\n<li><strong>Betrag des Stipendiums:<\/strong><\/li>\n<\/ol>\n<p>10.000 USD\/Studierender<\/p>\n<p>Der gesamte Betrag wird in Form einer nicht r\u00fcckzahlbaren finanziellen Unterst\u00fctzung ausgezahlt. Die \u00dcberweisung des Stipendiums erfolgt einmalig in einer Summe bis sp\u00e4testens 30. September 2026, sofern die Stipendiatin oder der Stipendiat zum zweiten Studienjahr an der Medizinischen Fakult\u00e4t der Semmelweis Universit\u00e4t eingeschrieben ist.<\/p>\n<p>&nbsp;<\/p>\n<ol start=\"7\">\n<li><strong>R\u00fcckzahlung des Stipendiums:<\/strong><\/li>\n<\/ol>\n<p>Stipendiaten\/innen, die den in der Stipendienausschreibung oder im -Vertrag vereinbarten Verpflichtungen nicht oder nur teilweise nachkommen, sind verpflichtet, innerhalb von 8 Tagen nach Erhalt einer diesbez\u00fcglichen Aufforderung durch die Universit\u00e4t den vollen Betrag des an sie gezahlten Stipendiums bzw. den von der Vertragsverletzung betroffenen Teil des Stipendiums zuz\u00fcglich Verzugszinsen gem\u00e4\u00df dem B\u00fcrgerlichen Gesetzbuch (Ptk.) zur\u00fcckzuzahlen.<\/p>\n<p>Der\/die Stipendiat\/in ist au\u00dferdem verpflichtet, den gesamten F\u00f6rderbetrag zur\u00fcckzuzahlen, wenn sich herausstellt, dass er\/sie bei der Antragstellung falsche Angaben gemacht hat.<\/p>\n<p>Das Stipendium kann in Ausnahmef\u00e4llen zur\u00fcckgezogen werden, wenn sich der\/die Studierende w\u00e4hrend seines\/ihres Studiums unangemessen gegen\u00fcber der Universit\u00e4t verhalten hat oder wenn gegen ihn\/sie ein ethisches Verfahren eingeleitet wird, in dem ein ethisches Fehlverhalten nachgewiesen wird. \u00a0<\/p>\n<p>&nbsp;<\/p>\n<ol start=\"8\">\n<li><strong>Datenverwaltung<\/strong><\/li>\n<\/ol>\n<ul>\n<li>Mit der Einreichung einer Bewerbung erkl\u00e4rt sich der\/die Bewerberin damit einverstanden, dass die in der Bewerbung angegebenen Daten von dem unter Punkt 2 genannten Ausschuss, der f\u00fcr den Rechtsbehelf zust\u00e4ndigen Person oder Gremium und den nach den internen Vorschriften der Universit\u00e4t dazu befugten Mitarbeitern und Mitarbeiterinnen der Universit\u00e4t zum Zwecke der Identifizierung des Bewerbers \/ der Bewerberin, der Bearbeitung und Bewertung des Antrags, der Kontaktaufnahme mit dem\/der Bewerber\/in und der Auszahlung des Stipendiums verarbeitet werden k\u00f6nnen. Die personenbezogenen Daten des Bewerbers \/ der Bewerberin d\u00fcrfen nur an die Personen weitergegeben werden, die sie zur Erf\u00fcllung ihrer Aufgaben wie oben beschrieben ben\u00f6tigen.<\/li>\n<li>Weitere Informationen zur Datenverarbeitung und zu den Rechten der betroffenen Personen sind in der Datenschutzerkl\u00e4rung zu finden. Die Datenschutzerkl\u00e4rung kann auf der folgenden Oberfl\u00e4che eingesehen werden:\u00a0<a href=\"https:\/\/semmelweis.hu\/deutsch\/files\/2025\/06\/Adatkezelesi-tajekoztato_McD-kivalosagi-dij-DE.pdf\" target=\"_blank\" rel=\"noopener\">Datenschutzerkl\u00e4rung<\/a><\/li>\n<\/ul>\n<ol>\n<li style=\"list-style-type: none\">\u00a0<\/li>\n<\/ol>\n<p>Budapest, den 10. April 2026<\/p>\n<p>&nbsp;<\/p>\n<p>&nbsp;<\/p>\n<p><strong>\u2026\u2026\u2026\u2026\u2026\u2026\u2026\u2026\u2026\u2026\u2026\u2026\u2026\u2026\u2026<\/strong><\/p>\n<p>Dr. Al\u00e1n Alp\u00e1r<\/p>\n<p>\nVizerektor f\u00fcr Internationales Studium\u00a0 <br \/>\nLeiter des Zentrums f\u00fcr Internationale Ausbildungsprogramme<\/p>\n<p>&nbsp;<\/p>\n<p>&nbsp;<\/p>\n","protected":false},"excerpt":{"rendered":"<p>Das Zentrum f\u00fcr Internationale Ausbildungsprogramme der Semmelweis Universit\u00e4t schreibt das Exzellenzstipendium \u201eProfessor Attila Fony\u00f3-Preis \/ Professor Andor Sz\u00e9cs\u00e9ny-Preis\u201c f\u00fcr das akademische Jahr 2025\/2026 aus. F\u00fcr das Exzellenzstipendium k\u00f6nnen sich Studierende mit einem Studierendenrechtsverh\u00e4ltnis zur Semmelweis Universit\u00e4t mit ausl\u00e4ndischer Staatsangeh\u00f6rigkeit bewerben, die i) ihre Ausbildung an der Fakult\u00e4t f\u00fcr Humanmedizin in deutscher oder englischer Sprache absolvieren, &hellip;<\/p>\n","protected":false},"author":102334,"featured_media":0,"parent":37820,"menu_order":5,"comment_status":"closed","ping_status":"closed","template":"","meta":{"_acf_changed":false,"footnotes":""},"categories":[],"tags":[],"class_list":["post-38932","page","type-page","status-publish","hentry"],"acf":[],"_links":{"self":[{"href":"https:\/\/semmelweis.hu\/deutsch\/wp-json\/wp\/v2\/pages\/38932","targetHints":{"allow":["GET"]}}],"collection":[{"href":"https:\/\/semmelweis.hu\/deutsch\/wp-json\/wp\/v2\/pages"}],"about":[{"href":"https:\/\/semmelweis.hu\/deutsch\/wp-json\/wp\/v2\/types\/page"}],"author":[{"embeddable":true,"href":"https:\/\/semmelweis.hu\/deutsch\/wp-json\/wp\/v2\/users\/102334"}],"replies":[{"embeddable":true,"href":"https:\/\/semmelweis.hu\/deutsch\/wp-json\/wp\/v2\/comments?post=38932"}],"version-history":[{"count":10,"href":"https:\/\/semmelweis.hu\/deutsch\/wp-json\/wp\/v2\/pages\/38932\/revisions"}],"predecessor-version":[{"id":40117,"href":"https:\/\/semmelweis.hu\/deutsch\/wp-json\/wp\/v2\/pages\/38932\/revisions\/40117"}],"up":[{"embeddable":true,"href":"https:\/\/semmelweis.hu\/deutsch\/wp-json\/wp\/v2\/pages\/37820"}],"wp:attachment":[{"href":"https:\/\/semmelweis.hu\/deutsch\/wp-json\/wp\/v2\/media?parent=38932"}],"wp:term":[{"taxonomy":"category","embeddable":true,"href":"https:\/\/semmelweis.hu\/deutsch\/wp-json\/wp\/v2\/categories?post=38932"},{"taxonomy":"post_tag","embeddable":true,"href":"https:\/\/semmelweis.hu\/deutsch\/wp-json\/wp\/v2\/tags?post=38932"}],"curies":[{"name":"wp","href":"https:\/\/api.w.org\/{rel}","templated":true}]}}