{"id":38593,"date":"2025-04-02T15:31:56","date_gmt":"2025-04-02T13:31:56","guid":{"rendered":"https:\/\/semmelweis.hu\/deutsch\/?page_id=38593"},"modified":"2025-04-03T10:20:18","modified_gmt":"2025-04-03T08:20:18","slug":"informationen-zur-abschlusspruefung","status":"publish","type":"page","link":"https:\/\/semmelweis.hu\/deutsch\/studium\/informationen-zur-abschlusspruefung\/","title":{"rendered":"Informationen zur Abschlusspr\u00fcfung"},"content":{"rendered":"<h5><strong>ANMELDUNG F\u00dcR DIE ABSCHLUSSPR\u00dcFUNG<\/strong><\/h5>\n<p>F\u00fcr die Abschlusspr\u00fcfungen (schriftlich, m\u00fcndlich und praktisch) m\u00fcssen sich die Absolventen \u00fcber das Neptun-System anmelden. Anmeldungszeitraum f\u00fcr die Abschlusspr\u00fcfungen:<\/p>\n<p>&#8211; schriftlich, m\u00fcndlich, praktisch: <strong>voraussichtlich vom 19. Mai 2025 (09:00 Uhr) bis 23. Mai (20:00 Uhr)<\/strong><\/p>\n<p>Die Abschlusspr\u00fcfung k\u00f6nnen nur Studierende absolvieren, deren bisherige Studienergebnisse (Unterschrift f\u00fcr F\u00e4cher, die mit Unterschrift abgeschlossen werden, Unterschrift und Note f\u00fcr F\u00e4cher, die mit einer Pr\u00fcfung abgeschlossen werden) sowie die Praktika vom sechsten Studienjahr komplett ins Neptun-System eingetragen wurden.<\/p>\n<p>Nur diejenigen Studierenden d\u00fcrfen an der Abschlusspr\u00fcfung teilnehmen, die ihre Diplomarbeit erfolgreich verteidigt und mindestens 360 Kreditunkte erworben haben.<\/p>\n<p>Bitte beachten, dass die Liste der Studierenden, die zur Abschlusspr\u00fcfung zugelassen werden, vom Neptun-System abgefragt wird. Das bedeutet, Studierende, die die Abschlusspr\u00fcfungsf\u00e4cher (schriftlich, m\u00fcndlich, praktisch) nicht aufnehmen, k\u00f6nnen an der Abschlusspr\u00fcfung nicht teilnehmen.<\/p>\n<p>Auf der Oberfl\u00e4che f\u00fcr Studierende im Neptun-System m\u00fcssen sich Studierende gem\u00e4\u00df folgender Anleitung f\u00fcr die Abschlusspr\u00fcfung im Neptun System anmelden:<\/p>\n<ul>\n<li>auf der Oberfl\u00e4che f\u00fcr Studierende im Neptun-System unter Gesch\u00e4ftsabwicklung &gt;Abschlusspr\u00fcfungen f\u00fcr den Abschlusspr\u00fcfungszeitraum anmelden.<\/li>\n<li>Bezeichnung des Zeitabschnittes: \u201eAbschlusspr\u00fcfung 2025 Mai\u201c &#8211; am Ende der Zeile auf \u201e+\u201d Zeichen klicken: \u201eAnmeldung \/ Anmeldung modifizieren\u201d.<\/li>\n<li>oben bei \u201eOperationen\u201d: den Button \u201eAnmeldungen zur Pr\u00fcfung\u201d ausw\u00e4hlen;<\/li>\n<li>auf das Kontrollk\u00e4stchen des jeweiligen Pr\u00fcfungstermins klicken, anschlie\u00dfend unten auf \u201eSpeichern\u201d.<\/li>\n<\/ul>\n<p>Man meldet sich also f\u00fcr die einzelnen Pr\u00fcfungstage an: <strong>eine <\/strong>Anmeldung f\u00fcr den schriftlichen Pr\u00fcfungstag und <strong>zwei <\/strong>Anmeldungen f\u00fcr einen m\u00fcndlich\/praktischen Pr\u00fcfungstag. (F\u00fcr die m\u00fcndlichen sowie praktischen Pr\u00fcfungstage sind deswegen doppelt so viele Platze angegeben als die Anzahl der Pr\u00fcflinge. Zur gleichen Zeit sendet man zwei Anmeldungen f\u00fcr den m\u00fcndlich\/praktischen Tag ein.)<\/p>\n<p>Bitte darauf achten, dass man sich f\u00fcr die \u201eM\u00fcndliche Pr\u00fcfung\u201d und \u201ePraktische Pr\u00fcfung\u201d f\u00fcr <strong>dasselbe Datum <\/strong>anmelden muss, also nicht zwei verschiedene Tage ausw\u00e4hlen.<\/p>\n<p>Die erhaltenen Noten findet man nach der Pr\u00fcfung ebenfalls auf dieser Seite.<\/p>\n<p>Der m\u00fcndliche und der praktische Teil der Abschlusspr\u00fcfung werden parallel stattfinden, bitte die folgenden Hinweise bei der Anmeldung beachten:<\/p>\n<ul>\n<li>f\u00fcr die \u201eM\u00fcndliche Abschlusspr\u00fcfung\u201d und die \u201ePraktische Abschlusspr\u00fcfung\u201d kann man sich nur f\u00fcr denselben Tag anmelden,<\/li>\n<li>die Anzahl der Pl\u00e4tze pro Pr\u00fcfungstag wird doppelt ausgeschrieben, so dass jede\/jeder Studierende doppelt ber\u00fccksichtigt wird<\/li>\n<\/ul>\n<p>Die bei der Abschlusspr\u00fcfung erreichten Ergebnisse k\u00f6nnen unter \u201eAnmeldung f\u00fcr die Abschlusspr\u00fcfung\u201d eingesehen werden. Falls Studierende eine komplexe Abschlusspr\u00fcfung ablegen, m\u00fcssen sie sich neben der schriftlichen Abschlusspr\u00fcfung auch f\u00fcr die m\u00fcndliche sowie die praktische Abschlusspr\u00fcfung anmelden, und zwar am gleichen Tag. (lm Falle einer Teilpr\u00fcfung m\u00fcssen sie sich nat\u00fcrlich nur f\u00fcr die Pr\u00fcfung des betroffenen Fachs anmelden).<\/p>\n<p>&nbsp;<\/p>\n<h5>SCHRIFTLICHE ABSCHLUSSPR\u00dcFUNG<\/h5>\n<p>Bitte beachten, dass die schriftliche Abschlusspr\u00fcfung ab diesem Jahr voraussichtlich elektronisch durchgef\u00fchrt wird.<\/p>\n<p>Zeitpunkt: <strong style=\"font-size: 1rem\">27. Mai 2025 (Dienstag), 10:30 Uhr<\/strong><\/p>\n<p>Die Pr\u00fcfungsanforderungen sind auf folgender <a href=\"https:\/\/zarovizsga.hu\/#!\/\" target=\"_blank\" rel=\"noopener\">Website<\/a> elektronisch verf\u00fcgbar. Die Pr\u00fcfung beginnt um 10:30, aber wegen des zeitaufw\u00e4ndigen ldentifizierungsverfahrens bitten wir Sie, sich bereits um 09:30 Uhr am im Raumplan angegeben Ort einzufinden. Der Raumplan wurde anhand\u00a0\u00a0 der\u00a0\u00a0 Anmeldungen\u00a0\u00a0 zur\u00a0\u00a0 Abschlusspr\u00fcfung im\u00a0\u00a0 Neptun-System\u00a0\u00a0 erstellt.\u00a0\u00a0 Alle betroffenen Studierenden werden bis zum 24. Mai 2025 per Neptun-Nachricht \u00fcber den Pr\u00fcfungsort benachrichtigt. F\u00fcr die Pr\u00fcfung sollte jede\/r seinen\/ihren Personalausweis und Schreibzeug (blauer Stift) mitbringen.<\/p>\n<p>Bitte beachten, dass keine Speisen und Getr\u00e4nke mit in den Pr\u00fcfungsraum genommen werden d\u00fcrfen und dass elektronische Ger\u00e4te ausgeschaltet und in der Tasche aufbewahrt werden m\u00fcssen.<\/p>\n<p>Um eine reibungslose Abwicklung zu erm\u00f6glichen, stehen die Pr\u00fcfungsunterlagen auch in Papierform zur Verf\u00fcgung, falls die Pr\u00fcfung aus irgendeinem Grund nicht elektronisch durchgef\u00fchrt werden kann. In diesem Fall wird die Pr\u00fcfungsteilnehmerin \/ der Pr\u00fcfungsteilnehmer am Pr\u00fcfungsort \u00fcber den weiteren Verlauf der Pr\u00fcfung informiert.<\/p>\n<p>Die Anzahl der Testfragen betr\u00e4gt 180 (einschlie\u00dflich Unterfragen). F\u00fcr die Abschlusspr\u00fcfung hat man 150 Minuten Zeit. Die schriftliche Pr\u00fcfung kann um bis zu 30 Minuten verl\u00e4ngert werden, wenn die Pr\u00fcfungsteilnehmerinnen und Pr\u00fcfungsteilnehmer ohne eigenes Verschulden erst sp\u00e4ter beginnen konnten oder man die Pr\u00fcfung wegen einer akuten Erkrankung unterbrechen musste. Die maximal zul\u00e4ssige 30-min\u00fctige Verl\u00e4ngerung kann nur aufgrund eines Ausfalls der elektronischen Ger\u00e4te oder des gesamten Systems \u00fcberschritten werden. Eine Studierende \/ ein Studierender, die \/der ihre\/seine schriftliche Abschlusspr\u00fcfung unverschuldet versp\u00e4tet beginnt oder wegen einer Versp\u00e4tung oder akuten Erkrankung unterbricht, darf nur auf eigenes Risiko schreiben oder beenden, was im Protokoll zu vermerken und von der \/ dem Studierenden gegenzuzeichnen ist.<\/p>\n<p>Bitte beachten, dass \u00fcber die schriftliche Pr\u00fcfung ein Protokoll erstellt wird, das alle Einzelheiten der Pr\u00fcfung enth\u00e4lt. lm Protokoll muss die\/der Studierende eigenh\u00e4ndig unterschreiben, um zu best\u00e4tigen, dass sie\/er die schriftliche Abschlusspr\u00fcfung abgelegt hat. (lm Falle einer Pr\u00fcfung in Papierform muss der Antwortbogen abgegeben werden.) Die Teilnehmerin \/ der Teilnehmer darf den Raum nach Abschluss des Tests verlassen und erst zur\u00fcckkehren, wenn die Pr\u00fcfung beendet ist.<\/p>\n<p>Die Pr\u00fcfung beaufsichtigende Lehrkraft kann der \/ dem Studierenden die Erlaubnis geben, den Pr\u00fcfungsraum zu verlassen (immer nur ein\/e Studierende\/r zur gleichen Zeit).<\/p>\n<p>Die aufsichtf\u00fchrende Lehrkraft hat die Pflicht, bei Unregelm\u00e4\u00dfigkeiten einzugreifen. Die\/der Studierende, die\/der bei der L\u00f6sung des schriftlichen Abschlusstests ein nicht zugelassenes Hilfsmittel oder eine nicht zugelassene Methode verwendet, begeht eine Regelverletzung und wird von der schriftlichen Abschlusspr\u00fcfung ausgeschlossen; dies wird im Protokoll vermerkt. ln diesem Fall wird die schriftliche Abschlusspr\u00fcfung so bewertet, als hatte die\/der Studierende sie nicht geschrieben.<\/p>\n<p>Bewertung des schriftlichen Abschlusstests: Die Mindestpunktzahl wird nach dem nationalen Gesamtergebnis berechnet.<\/p>\n<p>Vor der schriftlichen Abschlusspr\u00fcfung hat man die M\u00f6glichkeit, <strong>ONLINE eine SCHRIFTLICHE PROBEPR\u00dcFUNG <\/strong>abzulegen.\u00a0<\/p>\n<p>\u00dcber weitere Einzelheiten werden alle Absolventen in einer Neptun-Nachricht informiert.<\/p>\n<p>&nbsp;<\/p>\n<h5>M\u00dcNDLICH-PRAKTISCHE ABSCHLUSSPR\u00dcFUNGEN<\/h5>\n<p>\u00dcber die endg\u00fcltigen Termine der m\u00fcndlich-praktischen Abschlusspr\u00fcfung werden die Absolventen per E-Mail benachrichtigt.\u00a0<\/p>\n<p>Der genaue Zeitpunkt f\u00fcr den Beginn der Pr\u00fcfungen wird zu einem sp\u00e4teren Zeitpunkt bekannt gegeben.<\/p>\n<p>Die komplexe Abschlusspr\u00fcfung ist bestanden, wenn alle Teilpr\u00fcfungen mindestens mit der Note 2 (gen\u00fcgend) oder besser bewertet wurden.<\/p>\n<p>Die Note einer erfolgreichen Abschlusspr\u00fcfung kann nicht verbessert werden.<\/p>\n<p>Das Ergebnis der Abschlusspr\u00fcfung ist der einfache arithmetische Durchschnitt der in den einzelnen Teilpr\u00fcfungen der Abschlusspr\u00fcfung erhaltenen Noten. Die Ergebnisse der Abschlusspr\u00fcfung werden von der\/dem Vorsitzenden des Abschlusspr\u00fcfungsausschusses bekannt gegeben.<\/p>\n<p><strong>Benotung der Abschlusspr\u00fcfung: <\/strong><\/p>\n<p>2,00 &#8211; 2,90: gen\u00fcgend, 2,91 &#8211; 3,50: befriedigend, 3,51 &#8211; 4,50: gut, 4,51 &#8211; 4.99: sehr gut, wenn alle Noten \u201esehr gut\u201d sind:\u00a0 ausgezeichnet.<\/p>\n<p>Ist der m\u00fcndliche oder der praktische Teil der Abschlusspr\u00fcfung ungen\u00fcgend, m\u00fcssen beide Teile der Pr\u00fcfung in einer Wiederholungspr\u00fcfung erneut <strong>abgelegt <\/strong>werden. Die Abschlusspr\u00fcfung kann <strong>zweimal wiederholt werden. Eine wiederholte Abschlusspr\u00fcfung kann <\/strong>nur in <strong>der\/den <\/strong>n\u00e4chsten <strong>Abschlusspr\u00fcfungsperiode(n) erfolgen. <\/strong>F\u00fcr <strong>die Abschlusspr\u00fcfung <\/strong>k\u00f6nnen <strong>keine Kreditpunkte vergeben werden. Hat eine Pr\u00fcfungskandidatin <\/strong>\/ ein <strong>Pr\u00fcfungskandidat <\/strong>die nach <strong>diesem Absatz zul\u00e4ssigen Wiederholungsm\u00f6glichkeiten <\/strong>in <strong>irgendeinem wiederholten Teil <\/strong>der <strong>Abschlusspr\u00fcfung ausgesch\u00f6pft <\/strong>und <strong>diesen Teil <\/strong>nicht <strong>bestanden, muss sie\/er die Abschlusspr\u00fcfung <\/strong>in <strong>jedem Pr\u00fcfungsteil wiederholen.<\/strong><\/p>\n<p>Wird die schriftliche Abschlusspr\u00fcfung nicht bestanden, kann die\/der Studierende nicht zur abschlie\u00dfenden m\u00fcndlichen theoretischen Pr\u00fcfung zugelassen werden, kann aber die praktische Abschlusspr\u00fcfung ablegen, die im Falle des Bestehens im anschlie\u00dfenden Abschlusspr\u00fcfungsverfahren nicht wiederholt werden muss. Wird die praktische Abschlusspr\u00fcfung nicht bestanden, kann die\/der Studierende nicht zur abschlie\u00dfenden m\u00fcndlichen theoretischen Pr\u00fcfung zugelassen werden.<\/p>\n<p><strong>Informationen zum m\u00fcndlich-praktischen Teil des Staatsexamens<\/strong><\/p>\n<p>Der m\u00fcndlich-praktische Teil des Staatsexamens wird vor einer Pr\u00fcfungskommission abgelegt, die aus dem Vorsitzenden und weiteren Mitgliedern besteht.<\/p>\n<p>Die Pr\u00fcfung findet fallbezogen statt. Dem Pr\u00fcfling wird vor dem Pr\u00fcfungstermin ein Patient oder mehrere Patienten zur Anamneseerhebung und Untersuchung zugewiesen.<\/p>\n<p>Der Pr\u00fcfling hat zu zeigen, dass er die w\u00e4hrend des Studiums erworbenen Kenntnisse in der Praxis anzuwenden wei\u00df und \u00fcber die f\u00fcr den Arzt erforderlichen Grundkenntnisse und \u00fcber die notwendigen Fertigkeiten und F\u00e4higkeiten verf\u00fcgt.<\/p>\n<p>Aufgaben: K\u00f6rperliche Untersuchung; Anamnese erheben, Schlussfolgerungen (Diagnose, Therapie, Epikrise).<\/p>\n<p>Patientenbezogene Fragestellungen beantworten:<\/p>\n<p>Dem Pr\u00fcfling sind praktische Aufgaben aus den klinisch-praktischen F\u00e4chern zu stellen. Dabei sind auch klinisch-theoretische und f\u00e4cher\u00fcbergreifende Fragestellungen sowie Fragestellungen aus Querschnittsbereichen einzuschlie\u00dfen.<\/p>\n<p>&nbsp;<\/p>\n<p>Nach der erfolgreichen Abschlusspr\u00fcfung findet die<\/p>\n<h5>DIPLOMVERLEIHUNG DER ABSOLVENTINNEN UND ABSOLVENTEN<\/h5>\n<p>am <strong>Samstag, 5. Juli 2025<\/strong>, um <strong>10:00 Uhr<\/strong><\/p>\n<p>in der Multifunktionssporthalle MVM DOME Budapest statt.<\/p>\n<p>(1091 Budapest, \u00dcll\u0151i \u00fat 133-135)<\/p>\n<p><strong><u>Die Teilnahme an der Diplomverleihung ist verpflichtend<\/u>.<\/strong><\/p>\n<p><strong><u>lm Rahmen<\/u><u> der Diplomverleihung findet die obligatorische Ablegung des medizinischen Eides<\/u> <u>statt.<\/u><\/strong><\/p>\n<p>F\u00fcr die Feierlichkeiten kann jede\/r Absolvent\/in max. 8 G\u00e4ste einladen.<\/p>\n<p>Weitere Einzelheiten \u00fcber die Diplomverleihung werden zu einem sp\u00e4teren Zeitpunkt bekannt gegeben.<\/p>\n<p>&nbsp;<\/p>\n<h5>DAS PR\u00c4DIKAT DES DIPLOMS<\/h5>\n<p>Berechnungsweise des Pr\u00e4dikats des Diploms:<\/p>\n<p style=\"text-align: center\"><strong><u>XD <\/u><\/strong><u>= <\/u><strong><u>\u2211<\/u><\/strong><strong><u>n(Xi)\u00a0 <\/u><\/strong><u>+ <strong>D <\/strong>+ <\/u><strong><u>I<\/u><\/strong><strong> <u>+ Sz + Gy<\/u><\/strong><\/p>\n<p style=\"text-align: center\"><strong>n+4<\/strong><\/p>\n<p>wobei<\/p>\n<p>XD: die Zahl ist, die dem Pr\u00e4dikat des Diploms zugrunde liegt;<\/p>\n<p>Xi: die Summe der Noten der vorgeschriebenen Rigorosa und der Studienf\u00e4cher ist, die nicht mit einem Rigorosum abgeschlossen und beim Pr\u00e4dikat des Diploms angerechnet werden;<\/p>\n<p>n: die Anzahl der vorgeschriebenen Rigorosa und der Studienf\u00e4cher ist, die nicht mit einem Rigorosum abgeschlossen und beim Pr\u00e4dikat des Diploms angerechnet werden;<\/p>\n<p>D: die (5-stufige) Note der Abschlussarbeit \/ der Diplomarbeit ist;<\/p>\n<p>I: die Note des schriftlichen Testteils der Abschlusspr\u00fcfung ist;<\/p>\n<p>Sz: die Note des m\u00fcndlichen Teils der Abschlusspr\u00fcfung ist;<\/p>\n<p>Gy: die Note des praktischen Teils der Abschlusspr\u00fcfung ist.<\/p>\n<p>&nbsp;<\/p>\n<p><strong>Gesamtbeurteilung der Qualifikation:<\/strong><\/p>\n<table style=\"width: 34.4385%\">\n<tbody>\n<tr>\n<td style=\"width: 50.6943%\" width=\"159\">\n<p><strong>\u201csumma cum laude\u201d<\/strong><\/p>\n<\/td>\n<td style=\"width: 113.165%\" width=\"113\">\n<p>(4,51 &#8211; 5,00)<\/p>\n<\/td>\n<\/tr>\n<tr>\n<td style=\"width: 50.6943%\" width=\"159\">\n<p><strong>\u201ccum laude\u201d<\/strong><\/p>\n<\/td>\n<td style=\"width: 113.165%\" width=\"113\">\n<p>(3,51 &#8211; 4,50)<\/p>\n<\/td>\n<\/tr>\n<tr>\n<td style=\"width: 50.6943%\" width=\"159\">\n<p><strong>\u201crite\u201d<\/strong><\/p>\n<\/td>\n<td style=\"width: 113.165%\" width=\"113\">\n<p>(2,00 &#8211; 3,50)<\/p>\n<\/td>\n<\/tr>\n<\/tbody>\n<\/table>\n","protected":false},"excerpt":{"rendered":"<p>ANMELDUNG F\u00dcR DIE ABSCHLUSSPR\u00dcFUNG F\u00fcr die Abschlusspr\u00fcfungen (schriftlich, m\u00fcndlich und praktisch) m\u00fcssen sich die Absolventen \u00fcber das Neptun-System anmelden. Anmeldungszeitraum f\u00fcr die Abschlusspr\u00fcfungen: &#8211; schriftlich, m\u00fcndlich, praktisch: voraussichtlich vom 19. Mai 2025 (09:00 Uhr) bis 23. Mai (20:00 Uhr) Die Abschlusspr\u00fcfung k\u00f6nnen nur Studierende absolvieren, deren bisherige Studienergebnisse (Unterschrift f\u00fcr F\u00e4cher, die mit Unterschrift abgeschlossen &hellip;<\/p>\n","protected":false},"author":102334,"featured_media":0,"parent":2386,"menu_order":0,"comment_status":"closed","ping_status":"closed","template":"","meta":{"_acf_changed":false,"footnotes":""},"categories":[],"tags":[],"class_list":["post-38593","page","type-page","status-publish","hentry"],"acf":[],"_links":{"self":[{"href":"https:\/\/semmelweis.hu\/deutsch\/wp-json\/wp\/v2\/pages\/38593","targetHints":{"allow":["GET"]}}],"collection":[{"href":"https:\/\/semmelweis.hu\/deutsch\/wp-json\/wp\/v2\/pages"}],"about":[{"href":"https:\/\/semmelweis.hu\/deutsch\/wp-json\/wp\/v2\/types\/page"}],"author":[{"embeddable":true,"href":"https:\/\/semmelweis.hu\/deutsch\/wp-json\/wp\/v2\/users\/102334"}],"replies":[{"embeddable":true,"href":"https:\/\/semmelweis.hu\/deutsch\/wp-json\/wp\/v2\/comments?post=38593"}],"version-history":[{"count":8,"href":"https:\/\/semmelweis.hu\/deutsch\/wp-json\/wp\/v2\/pages\/38593\/revisions"}],"predecessor-version":[{"id":38603,"href":"https:\/\/semmelweis.hu\/deutsch\/wp-json\/wp\/v2\/pages\/38593\/revisions\/38603"}],"up":[{"embeddable":true,"href":"https:\/\/semmelweis.hu\/deutsch\/wp-json\/wp\/v2\/pages\/2386"}],"wp:attachment":[{"href":"https:\/\/semmelweis.hu\/deutsch\/wp-json\/wp\/v2\/media?parent=38593"}],"wp:term":[{"taxonomy":"category","embeddable":true,"href":"https:\/\/semmelweis.hu\/deutsch\/wp-json\/wp\/v2\/categories?post=38593"},{"taxonomy":"post_tag","embeddable":true,"href":"https:\/\/semmelweis.hu\/deutsch\/wp-json\/wp\/v2\/tags?post=38593"}],"curies":[{"name":"wp","href":"https:\/\/api.w.org\/{rel}","templated":true}]}}