{"id":37812,"date":"2024-11-21T13:55:12","date_gmt":"2024-11-21T12:55:12","guid":{"rendered":"https:\/\/semmelweis.hu\/deutsch\/?page_id=37812"},"modified":"2026-02-13T10:10:04","modified_gmt":"2026-02-13T09:10:04","slug":"dsvs-stipendium","status":"publish","type":"page","link":"https:\/\/semmelweis.hu\/deutsch\/studium\/stipendien\/dsvs-stipendium\/","title":{"rendered":"DSVS Stipendium"},"content":{"rendered":"<p>Die Bildungszentrale f\u00fcr Internationales Studium der Semmelweis Universit\u00e4t schreibt ein Stipendium f\u00fcr das 1. Semester des Studienjahres 2025\/2026 aus:<strong> ISSA\/DSVS-Stipendium f\u00fcr \u00f6ffentliches Leben<\/strong>.<\/p>\n<p>Die ausf\u00fchrlichen Bedingungen f\u00fcr das Stipendium sind im <a href=\"https:\/\/semmelweis.hu\/deutsch\/files\/2024\/12\/Koezeleti-Palyazati-Felhivas-Modositott-25_26_1_DE.pdf\" target=\"_blank\" rel=\"noopener\">Bewerbungsaufruf<\/a> festgelegt. Die wichtigsten Einzelheiten sind im Folgenden zusammengefasst:<\/p>\n<p><strong>Bewerbungsvoraussetzungen:<\/strong><\/p>\n<p>Bewerben k\u00f6nnen sich Vollzeitstudierende mit aktiver Immatrikulation, die an einem einheitlichen, ungeteilten Studiengang der Medizin, Zahnmedizin oder Pharmazie in englischer oder deutscher Sprache teilnehmen.<\/p>\n<p>Es k\u00f6nnen Bewerbungen f\u00fcr folgende Positionen eingereicht werden:<\/p>\n<ol>\n<li>F\u00fchrungskr\u00e4fte;<\/li>\n<li>Unterst\u00fctzende Positionen;<\/li>\n<li>Projektverantwortliche<\/li>\n<li>Projektmitwirkende<\/li>\n<\/ol>\n<p><strong>Die Bewerbung muss Folgendes enthalten:<\/strong><\/p>\n<ul style=\"list-style-type: disc\">\n<li>Angabe einer der oben genannten Kategorien auf der Grundlage der ausge\u00fcbten T\u00e4tigkeit \/ der eingenommenen Position \/ der wahrgenommenen Aufgaben, und ein Bericht \u00fcber die w\u00e4hrend des ersten Semesters des akademischen Jahres 2025\/26 in diesem Zusammenhang durchgef\u00fchrten Aktivit\u00e4ten (h\u00f6chstens eine A4-Seite in englischer oder deutscher Sprache)<\/li>\n<\/ul>\n<p>Die Angabe der Identifikationsdaten der Bewerbenden (Name, Neptun-ID, Jahrgang, Fakult\u00e4t) und die \u00dcberpr\u00fcfung der Berechtigungskriterien sind obligatorisch. Ohne diese Informationen kann keine Bewerbung eingereicht werden. Bewerbende, \u00fcber die das zust\u00e4ndige Gremium oder andere f\u00fcr die \u00dcberpr\u00fcfung von Verst\u00f6\u00dfen zust\u00e4ndige Universit\u00e4tsmitarbeiter\/innen oder -Gremien (z. B. Ethikkommission) im Rahmen fr\u00fcherer Ausschreibungen festgestellt haben, dass sie falsche Angaben gemacht oder Gutachter\/innen auf andere Weise get\u00e4uscht haben, k\u00f6nnen keine Bewerbung einreichen.<\/p>\n<p><strong>Bewerbungsfrist:<\/strong><\/p>\n<p>Die Bewerbungsfrist endet am <strong>16. Februar 2026<\/strong>. Die Bewerbung kann per E-Mail an <a href=\"blank\">titkarsag.nhkk@semmelweis.hu<\/a> eingereicht werden. Die Bewerbung muss das oben angef\u00fchrte Bewerbungsdokument enthalten.<\/p>\n<p><strong>H\u00f6he des Stipendiums: <\/strong><\/p>\n<p>Die H\u00f6he der Auszeichnung f\u00fcr jede Kategorie <strong>pro Semester<\/strong> ist wie folgt:<\/p>\n<p><strong>Kategorie I: 400.000 &#8211; 500.000 HUF\/Studierende; <\/strong><\/p>\n<p><strong>Kategorie II: 300.000 &#8211; 399.000 HUF\/Studierende; <\/strong><\/p>\n<p><strong>Kategorie III: 150.000 &#8211; 299.000 HUF\/Studierende; <\/strong><\/p>\n<p><strong>Kategorie III: 40.000 &#8211; 149.000 HUF\/Studierende<\/strong><\/p>\n<p>Als Voraussetzung f\u00fcr die Auszahlung des Stipendiums m\u00fcssen Stipendiaten und Stipendiatinnen \u00fcber ein im Neptun-System eingetragenes Bankkonto verf\u00fcgen, das f\u00fcr den Empfang von ungarischen Forint geeignet ist.<\/p>\n<p>Die gew\u00e4hrten Stipendien werden innerhalb eines Monats nach der Bewertung der Bewerbungen ausgezahlt. <strong>Im Rahmen des Stipendiums f\u00fcr \u00f6ffentliches Leben k\u00f6nnen ISSA-Bewerber im ersten Semester des Studienjahres 2025\/26 insgesamt 6.000.000 HUF und DSVS-Bewerber insgesamt 5.000.000 HUF erhalten.<\/strong><\/p>\n<p>&nbsp;<\/p>\n","protected":false},"excerpt":{"rendered":"<p>Die Bildungszentrale f\u00fcr Internationales Studium der Semmelweis Universit\u00e4t schreibt ein Stipendium f\u00fcr das 1. Semester des Studienjahres 2025\/2026 aus: ISSA\/DSVS-Stipendium f\u00fcr \u00f6ffentliches Leben. Die ausf\u00fchrlichen Bedingungen f\u00fcr das Stipendium sind im <a href=\"https:\/\/semmelweis.hu\/deutsch\/files\/2024\/12\/Koezeleti-Palyazati-Felhivas-Modositott-25_26_1_DE.pdf\" target=\"_blank\" rel=\"noopener\">Bewerbungsaufruf<\/a> festgelegt. Die wichtigsten Einzelheiten sind im Folgenden zusammengefasst: Bewerbungsvoraussetzungen: Bewerben k\u00f6nnen sich Vollzeitstudierende mit aktiver Immatrikulation, die an einem einheitlichen, ungeteilten Studiengang der Medizin, &hellip;<\/p>\n","protected":false},"author":102334,"featured_media":0,"parent":37820,"menu_order":4,"comment_status":"closed","ping_status":"closed","template":"template-fullwidth.php","meta":{"_acf_changed":false,"footnotes":""},"categories":[],"tags":[],"class_list":["post-37812","page","type-page","status-publish","hentry"],"acf":[],"_links":{"self":[{"href":"https:\/\/semmelweis.hu\/deutsch\/wp-json\/wp\/v2\/pages\/37812","targetHints":{"allow":["GET"]}}],"collection":[{"href":"https:\/\/semmelweis.hu\/deutsch\/wp-json\/wp\/v2\/pages"}],"about":[{"href":"https:\/\/semmelweis.hu\/deutsch\/wp-json\/wp\/v2\/types\/page"}],"author":[{"embeddable":true,"href":"https:\/\/semmelweis.hu\/deutsch\/wp-json\/wp\/v2\/users\/102334"}],"replies":[{"embeddable":true,"href":"https:\/\/semmelweis.hu\/deutsch\/wp-json\/wp\/v2\/comments?post=37812"}],"version-history":[{"count":10,"href":"https:\/\/semmelweis.hu\/deutsch\/wp-json\/wp\/v2\/pages\/37812\/revisions"}],"predecessor-version":[{"id":39962,"href":"https:\/\/semmelweis.hu\/deutsch\/wp-json\/wp\/v2\/pages\/37812\/revisions\/39962"}],"up":[{"embeddable":true,"href":"https:\/\/semmelweis.hu\/deutsch\/wp-json\/wp\/v2\/pages\/37820"}],"wp:attachment":[{"href":"https:\/\/semmelweis.hu\/deutsch\/wp-json\/wp\/v2\/media?parent=37812"}],"wp:term":[{"taxonomy":"category","embeddable":true,"href":"https:\/\/semmelweis.hu\/deutsch\/wp-json\/wp\/v2\/categories?post=37812"},{"taxonomy":"post_tag","embeddable":true,"href":"https:\/\/semmelweis.hu\/deutsch\/wp-json\/wp\/v2\/tags?post=37812"}],"curies":[{"name":"wp","href":"https:\/\/api.w.org\/{rel}","templated":true}]}}