{"id":37806,"date":"2024-11-21T14:10:26","date_gmt":"2024-11-21T13:10:26","guid":{"rendered":"https:\/\/semmelweis.hu\/deutsch\/?page_id=37806"},"modified":"2026-02-03T09:08:33","modified_gmt":"2026-02-03T08:08:33","slug":"stipendium-fuer-studierende-mit-ausgezeichneter-studienleistung","status":"publish","type":"page","link":"https:\/\/semmelweis.hu\/deutsch\/studium\/stipendien\/stipendium-fuer-studierende-mit-ausgezeichneter-studienleistung\/","title":{"rendered":"Stipendium f\u00fcr Studierende mit ausgezeichneter Studienleistung"},"content":{"rendered":"<p>Die Bildungszentrale f\u00fcr Internationales Studium der Semmelweis Universit\u00e4t schreibt ein Stipendium <strong>f\u00fcr das Fr\u00fchlingssemester des Studienjahres 2025\/2026 aus: Stipendium f\u00fcr Studierende mit ausgezeichneter Studienleistung<\/strong>.<\/p>\n<p><strong>1. Bewerbungsvoraussetzungen:<\/strong><br \/>\nBewerben k\u00f6nnen sich Vollzeitstudierende mit aktiver Immatrikulation, die an einem <br \/>\neinheitlichen, ungeteilten Studiengang der Medizin, Zahnmedizin oder Pharmazie in <br \/>\nenglischer oder deutscher Sprache teilnehmen, und<\/p>\n<ol style=\"list-style-type: lower-alpha\">\n<li style=\"list-style-type: none\">\n<ol style=\"list-style-type: lower-alpha\">\n<li>an der gegebenen Fakult\u00e4t mindestens ein Semester erfolgreich abgeschlossen<br \/>\nhaben,<\/li>\n<li>ihre Studien am Ende des ersten abgeschlossenen Semesters, bzw. die<br \/>\ndarauffolgenden Semester ab dem 2. Semester durchgehend, ohne Unterbrechung mit<br \/>\neinem gewichteten Notendurchschnitt von \u00fcber 4,50 abgeschlossen haben,<\/li>\n<li>im jeweiligen Semester mindestens 20 Kreditpunkte an der Semmelweis Universit\u00e4t<br \/>\nerworben haben,<\/li>\n<li>die im f\u00fcr das gegebene Semester g\u00fcltigen Musterstudienplan angef\u00fchrten<br \/>\nPflichtf\u00e4cher restlos absolviert haben,<\/li>\n<li>im gegebenen Semester in keinem Studienfach befreit waren (aufgrund<br \/>\nFachanerkennung o. \u00c4., ausgenommen das Fach K\u00f6rpererziehung) und<br \/>\ngegen die bis zum Zeitpunkt der Einreichung des Antrages auf<br \/>\nStudiengeb\u00fchrenerm\u00e4\u00dfigung kein Ethik-, Disziplinar- oder Strafverfahren<br \/>\neingeleitet wurde,<\/li>\n<li>im Semester der Einreichung der Bewerbung keine ausstehenden<br \/>\nStudiengeb\u00fchrenverpflichtungen haben.<\/li>\n<\/ol>\n<\/li>\n<\/ol>\n<p>Die Bewerbung erfolgt elektronisch <strong>\u00fcber die Schnittstelle f\u00fcr die Verwaltung von Bewerbungen im Neptun-Portal <\/strong>bis zu dem in dem Aufruf zur Einreichung von Bewerbungen angegebenen Termin.\u00a0<\/p>\n<p>Die Angabe der Identifikationsdaten der Bewerbenden und die \u00dcberpr\u00fcfung der Berechtigungskriterien sind obligatorisch. Ohne diese Informationen kann keine Bewerbung eingereicht werden. Bewerbende, \u00fcber die das zust\u00e4ndige Gremium oder andere f\u00fcr die \u00dcberpr\u00fcfung von Verst\u00f6\u00dfen zust\u00e4ndige Universit\u00e4tsmitarbeiterinnen und -mitarbeiter oder -gremien (z. B. Ethikkommission) im Rahmen fr\u00fcherer Ausschreibungen festgestellt haben, dass sie falsche Angaben gemacht oder Gutachter\/innen auf andere Weise get\u00e4uscht haben, k\u00f6nnen keine Bewerbung einreichen.<\/p>\n<p><strong>2. Zul\u00e4ssiges Bewerbungsgremium:<\/strong>\u00a0<\/p>\n<p>Die Bewerbungen werden von dem Ausschuss zur Bewertung des Stipendiums f\u00fcr Studierende mit ausgezeichneter Studienleistung gem\u00e4\u00df der Entscheidung Nr. 77664\/NHKK\/2023 \u00fcber die Einrichtung des Stipendiums f\u00fcr Studierende mit ausgezeichneter Studienleistung gepr\u00fcft. Der Ausschuss setzt sich wie folgt zusammen:<\/p>\n<ol style=\"list-style-type: lower-alpha\">\n<li>Vizerektor f\u00fcr Internationales Studium;\u00a0<\/li>\n<li>Direktor\/in der Direktion f\u00fcr Internationales Studium;\u00a0<\/li>\n<li>Leiter\/in des Studentensekretariats f\u00fcr Englischsprachige Studieng\u00e4nge (Registrar\u2019s Office);\u00a0<\/li>\n<li>Leiter\/in des Deutschsprachigen Studentensekretariats\u00a0<\/li>\n<\/ol>\n<p><strong>3. Bewerbungsfrist: <\/strong>\u00a0<\/p>\n<p>Die Bewerbung ist \u00fcber die Schnittstelle f\u00fcr die Verwaltung von Bewerbungen im Neptun-Portal einzureichen, und zwar bis zum <strong>23. Februar 2026<\/strong> f\u00fcr Studierende.<\/p>\n<p>Die Bewerbungsperiode startet am <strong>4. Februar 2026<\/strong>.\u00a0<\/p>\n<p><strong>4. Nachreichung, Entscheidung, Einspruch: <\/strong>\u00a0<\/p>\n<p>W\u00e4hrend des Bewerbungsprozesses sind keine Nachreichungen oder Antr\u00e4ge aufgrund von vers\u00e4umten Fristen vorgesehen. Unvollst\u00e4ndige, oder nicht den Bewerbungskriterien entsprechende Bewerbungen werden abgelehnt. Bewerbende haben das Recht, ihre Namen, Kontaktdaten und Bankverbindung zu \u00e4ndern, zu erg\u00e4nzen oder zu korrigieren, falls sich \u00c4nderungen ergeben.<\/p>\n<p>Die vollst\u00e4ndigen Bewerbungen werden vom Ausschuss gem\u00e4\u00df Punkt 2 <strong>innerhalb von 10<\/strong>\u00a0Tagen nach Ablauf der Bewerbungsfrist gepr\u00fcft.<\/p>\n<p>Bewerbende haben das Recht, innerhalb von 5 Arbeitstagen nach Erhalt der Entscheidung Einspruch bei dem Vizerektor f\u00fcr Internationales Studium einzulegen. Der Einspruch muss die beanstandete Ma\u00dfnahme oder Unterlassung des Ausschusses angeben. Wenn der Vizerektor f\u00fcr Internationales Studium dem Einspruch stattgibt, wird der Ausschuss die Bewerbung erneut bewerten.\u00a0<\/p>\n<p><strong>5. H\u00f6he des Stipendiums: <\/strong>\u00a0<\/p>\n<p>Die H\u00f6he des Stipendiums f\u00fcr Studierende mit ausgezeichneter Studienleistung <strong>pro Semester<\/strong> ist wie folgt:\u00a0\u00a0<\/p>\n<p style=\"padding-left: 40px\"><strong>Medizinische Fakult\u00e4t und Fakult\u00e4t f\u00fcr Zahnheilkunde:<\/strong><\/p>\n<p style=\"padding-left: 80px\"><strong>Bei einem gewichteten Durchschnittsnote von 5,00: 470.000 HUF\/Studierende<\/strong>\u00a0<br \/>\n<strong>Bei einem gewichteten Durchschnittsnote zwischen 4,51 \u2013 4,99: 320.000 HUF\/Studierende<\/strong>\u00a0<\/p>\n<p style=\"padding-left: 40px\"><strong>Fakult\u00e4t f\u00fcr Pharmazeutische Wissenschaften:<\/strong>\u00a0<\/p>\n<p style=\"padding-left: 80px\"><strong>Bei einem gewichteten Notendurchschnitt von 5,00: 300.000 HUF\/Studierende<\/strong>\u00a0<br \/>\n<strong>Bei einem gewichteten Notendurchschnitt zwischen 4,51 \u2013 4,99: 200.000 HUF\/Studierende<\/strong>\u00a0<\/p>\n<p><strong>6. Voraussetzung f\u00fcr die Auszahlung des Stipendiums<\/strong> ist, dass der\/die Beg\u00fcnstigte \u00fcber ein in der NEPTUN-Datenbank eingetragenes Bankkonto verf\u00fcgt, das standardm\u00e4\u00dfig f\u00fcr die Annahme von ungarischen Forint geeignet ist. Die Registrierung der Bankkontonummer und die Auszahlung k\u00f6nnen bis zum Ende des Semesters erfolgen. Die Auszahlungen erfolgen nach Erhalt der Entscheidung des Ausschusses.\u00a0<\/p>\n<p>Die Daten des erhaltenen Stipendiums werden im elektronischen Studiensystem NEPTUN erfasst.\u00a0<\/p>\n<p><strong>7. R\u00fcckzahlung des Stipendiums:<\/strong>\u00a0<\/p>\n<p>Stipendiaten und Stipendiatinnen sind verpflichtet, den gesamten erhaltenen Betrag des Stipendiums oder den betroffenen Teil des Vertrags, der nicht erf\u00fcllt wurde oder nur teilweise erf\u00fcllt wurde, innerhalb von 8 Tagen nach Erhalt der Benachrichtigung gem\u00e4\u00df dem Bewerbungsaufruf oder dem Stipendienvertrag gem\u00e4\u00df dem B\u00fcrgerlichen Gesetzbuch &#8211; zuz\u00fcglich verzugsbedingter Zinsen &#8211; zur\u00fcckzuzahlen.\u00a0\u00a0<\/p>\n<p>Stipendiaten und Stipendiatinnen sind verpflichtet, den gesamten F\u00f6rderbetrag zur\u00fcckzuzahlen, wenn ihr Studierendenstatus an der Universit\u00e4t aus jeglichem Grund w\u00e4hrend des Auszahlungssemesters beendet wird, mit Ausnahme der Erlangung des Hochschulabschlusses (Absolutoriums).<\/p>\n<p>Ferner m\u00fcssen Stipendiaten den vollen Betrag des Stipendiums zur\u00fcckzahlen, wenn sie w\u00e4hrend des Auszahlungssemesters aus irgendeinem Grund ihren Studentenstatus einstellen (passivieren).<\/p>\n<p>Stipendiaten und Stipendiatinnen sind dar\u00fcber hinaus verpflichtet, den gesamten Betrag des Stipendiums zur\u00fcckzuzahlen, falls festgestellt wird, dass f\u00fcr die Bewertung des Stipendiums falsche Angaben gemacht wurden.\u00a0<\/p>\n<p><strong>8. Datenverarbeitung:<\/strong>\u00a0<\/p>\n<ul>\n<li>Mit der Einreichung der Bewerbung stimmen Bewerbende zu, dass ihre in der Bewerbung angegebenen Daten vom Ausschuss gem\u00e4\u00df Punkt 2 sowie von der zust\u00e4ndigen Person oder Beh\u00f6rde f\u00fcr Rechtsbehelfe, der Bewertung und der Auszahlung des Stipendiums gem\u00e4\u00df den internen Vorschriften der Universit\u00e4t verarbeitet werden. Die pers\u00f6nlichen Daten der Bewerbenden werden nur von denen eingesehen, die diese Informationen zur Erf\u00fcllung ihrer Aufgaben ben\u00f6tigen.\u00a0<\/li>\n<\/ul>\n<ul>\n<li>Die Rechtsgrundlage f\u00fcr die Datenverarbeitung ist die Zustimmung der Bewerbenden als betroffene Personen sowie die Erf\u00fcllung der \u00f6ffentlichen Aufgaben der Universit\u00e4t im Zusammenhang mit der Verteilung und Auszahlung von Studierendenzusch\u00fcssen [Artikel 6 Absatz 1 Buchstabe a und e der DSGVO] unter Ber\u00fccksichtigung der Bestimmungen des ungarischen Datenschutzgesetzes (Nftv) \u00a7 2 Absatz 6, \u00a7 18 und Anhang I\/B. 1 Buchstabe be).\u00a0<\/li>\n<\/ul>\n<ul>\n<li>Die Bewerbungen und die darin enthaltenen Dokumente werden gem\u00e4\u00df den allgemeinen Anforderungen f\u00fcr die Dokumentenverwaltung der zust\u00e4ndigen Stelle der Universit\u00e4t gem\u00e4\u00df Absatz 1\u00a0 \u00a7 64 der Verordnung Nr. 335\/2005 (29. Dezember 2005) \u00fcber die allgemeinen Anforderungen an die Dokumentenverwaltung und die elektronische Abwicklung von Verfahren verarbeitet. Die Aufbewahrungsfrist betr\u00e4gt 1 Jahr nach Abschluss des Bewerbungsverfahrens f\u00fcr erfolglose Bewerbende und 10 Jahre f\u00fcr erfolgreiche Bewerbende ab dem Zeitpunkt der rechtskr\u00e4ftigen Entscheidung \u00fcber die Bewerbung. Nach Ablauf der Aufbewahrungsfrist werden die elektronischen und papierbasierten Dokumente von der Universit\u00e4t vernichtet. Damit endet die Verarbeitung der personenbezogenen Daten bei der Universit\u00e4t.\u00a0<\/li>\n<\/ul>\n<ul>\n<li>Die pers\u00f6nlichen Daten der Bewerbenden werden nicht an Drittl\u00e4nder oder internationale Organisationen \u00fcbermittelt.\u00a0<\/li>\n<\/ul>\n<ul>\n<li>Die Bewerbenden haben das Recht, jederzeit Auskunft dar\u00fcber zu verlangen, ob die Verarbeitung ihrer personenbezogenen Daten im Zusammenhang mit der Bewerbung und dem Stipendium bei der Universit\u00e4t stattfindet. Falls eine solche Datenverarbeitung stattfindet, haben Bewerbende das Recht auf Zugang zu ihren personenbezogenen Daten sowie auf weitere Informationen gem\u00e4\u00df Artikel 15 der DSGVO.\u00a0<\/li>\n<\/ul>\n<ul>\n<li>Die Bewerbenden haben das Recht, \u00c4nderungen, Berichtigungen oder Erg\u00e4nzungen ihrer\u00a0\u00a0\u00a0\u00a0 personenbezogenen Daten im Zusammenhang mit der Bewertung der Bewerbung und der Auszahlung des Stipendiums zu verlangen.\u00a0<\/li>\n<\/ul>\n<ul>\n<li>Die Bewerbenden haben das Recht, aus Gr\u00fcnden, die sich aus ihrer besonderen Situation ergeben, gem\u00e4\u00df Absatz 1 Artikel 21 der DSGVO gegen die Verarbeitung ihrer personenbezogenen Daten im Zusammenhang mit dem Verfahren ihrer Stipendiumsgew\u00e4hrung Widerspruch einzulegen. In einem solchen Fall darf die Universit\u00e4t die personenbezogenen Daten der Bewerbenden nur dann weiterverarbeiten, wenn sie zwingende legitime Gr\u00fcnde f\u00fcr die Verarbeitung nachweisen kann, die die Interessen, Rechte und Freiheiten der Bewerbenden \u00fcberwiegen oder die Verarbeitung im Zusammenhang mit der Geltendmachung, Aus\u00fcbung oder Verteidigung von Rechtsanspr\u00fcchen erforderlich ist.\u00a0<\/li>\n<\/ul>\n<ul>\n<li>Die unter die Beschr\u00e4nkung fallenden personenbezogenen Daten k\u00f6nnen nur mit der Zustimmung des Bewerberbenden. Durchsetzung oder Verteidigung rechtlicher Anspr\u00fcche oder zum Schutz der Rechte anderer nat\u00fcrlicher oder juristischer Personen oder im Interesse der Europ\u00e4ischen Union oder eines Mitgliedstaates im \u00f6ffentlichen Interesse verarbeitet werden.\u00a0<\/li>\n<\/ul>\n<ul>\n<li>Die Bewerbenden haben das Recht, gem\u00e4\u00df Artikel 18 der DSGVO die Einschr\u00e4nkung der Verarbeitung ihrer personenbezogenen Daten zu verlangen, falls bestimmte Voraussetzungen erf\u00fcllt sind. Beispielsweise wenn\u00a0\u00a0<\/li>\n<\/ul>\n<ol>\n<li style=\"list-style-type: none\">\n<ol style=\"list-style-type: lower-alpha\">\n<li>die Universit\u00e4t die Daten nicht mehr ben\u00f6tigt oder wenn eine m\u00f6gliche rechtswidrige Verarbeitung vorliegt, Bewerbende aber die L\u00f6schung ablehnen und stattdessen die Einschr\u00e4nkung der Verwendung verlangen oder\u00a0<\/li>\n<li>Bewerbende Widerspruch gegen die Verarbeitung eingelegt haben, bis festgestellt wurde, ob die Universit\u00e4t ihre personenbezogenen Daten weiterverarbeiten darf.<\/li>\n<\/ol>\n<\/li>\n<\/ol>\n<ul>\n<li>Die Verarbeitung der personenbezogenen Daten im Zusammenhang mit dem in der Stipendiums-Bewerbung beschriebenen Verfahren kann gem\u00e4\u00df Artikel 17 der DSGVO nur dann gel\u00f6scht werden, wenn die Universit\u00e4t die Daten f\u00fcr ihre \u00f6ffentlichen Aufgaben nicht mehr ben\u00f6tigt.\u00a0\u00a0<\/li>\n<\/ul>\n<ol>\n<li style=\"list-style-type: none\">\n<ol style=\"list-style-type: lower-alpha\">\n<li>Falls Bewerbende die erforderlichen Daten bei der Einreichung ihrer Bewerbung angegeben und Dokumente hochgeladen haben, die f\u00fcr die Bewerbung erforderlich sind, diese aber nicht ordnungsgem\u00e4\u00df gem\u00e4\u00df den geltenden Vorschriften oder nicht erfolgreich eingereicht haben, k\u00f6nnen sie ihr Recht auf L\u00f6schung geltend machen.\u00a0<\/li>\n<li>Falls die Frist f\u00fcr die Aufbewahrung im aktuellen Archivplan der Universit\u00e4t f\u00fcr \u201eStudierendenzusch\u00fcsse&#8220; abgelaufen ist, aber die Universit\u00e4t die Daten noch nicht gel\u00f6scht hat, haben Bewerbende das Recht, die L\u00f6schung der Daten zu verlangen.<\/li>\n<\/ol>\n<\/li>\n<\/ol>\n<ul>\n<li>Die Bewerbenden k\u00f6nnen sich bez\u00fcglich der Verarbeitung und des Schutzes ihrer personenbezogenen Daten an die Datenschutzbeauftragte der Universit\u00e4t, Frau Dr. S\u00e1ra Tr\u00f3cs\u00e1nyi, wenden (Adresse: \u00dcll\u0151i \u00fat 26, 1085 Budapest; E-Mail: <a href=\"https:\/\/about:blank\/\">adatvedelem@semmelweis.hu<\/a>; Telefon: 06-20-663-2583). Im Falle von Datenschutzverst\u00f6\u00dfen im Zusammenhang mit der Bewerbung oder dem Stipendium k\u00f6nnen Bewerbende sich direkt an\u00a0\u00a0<\/li>\n<\/ul>\n<ol>\n<li style=\"list-style-type: none\">\n<ol style=\"list-style-type: lower-alpha\">\n<li>die Nationale Beh\u00f6rde f\u00fcr Datenschutz und Informationsfreiheit (Adresse: Falk Miksa utca 9-11, 1055 Budapest; Postadresse: Pf. 9, 1363 Budapest; Telefon: +36-1-394-1400; Webseite: <a href=\"https:\/\/about:blank\/\">naih.hu<\/a>; E-Mail: <a href=\"https:\/\/about:blank\/\">ugyfelszolgalat@naih.hu<\/a>) und\u00a0<\/li>\n<li>an das zust\u00e4ndige Gericht wenden. Die Zust\u00e4ndigkeit f\u00fcr die Gerichtsbarkeit liegt bei einem Gericht. Bewerbende k\u00f6nnen die Klage je nach ihrer Wahl entweder bei ihrem Wohnsitz- oder Aufenthaltsortgericht oder bei einem der in folgendem Link aufgef\u00fchrten Gerichte einreichen:\u00a0<a href=\"https:\/\/about:blank\/\">http:\/\/birosag.hu\/torvenyszekek<\/a>.<\/li>\n<\/ol>\n<\/li>\n<\/ol>\n<p>Budapest, den 2. Februar 2026\u00a0 <br \/>\n\u00a0<br \/>\n<strong>\u2026\u2026\u2026\u2026\u2026\u2026\u2026\u2026\u2026\u2026\u2026\u2026\u2026<\/strong>\u00a0<\/p>\n<p>Dr. Al\u00e1n Alp\u00e1r\u00a0<\/p>\n<p>Vizerektor f\u00fcr Internationales Studium\u00a0<\/p>\n<p>&nbsp;<\/p>\n<p>Originalversion des offiziell unterschriebenen Bewerbungsaufrufs: <a class=\"btn btn-secondary btn-sm\" href=\"https:\/\/semmelweis.hu\/deutsch\/files\/2025\/08\/Jotanuloi-DE.pdf\" target=\"_blank\" rel=\"noopener\">BEWERBUNGSAUFRUF<\/a>\u00a0<\/p>\n","protected":false},"excerpt":{"rendered":"<p>Die Bildungszentrale f\u00fcr Internationales Studium der Semmelweis Universit\u00e4t schreibt ein Stipendium f\u00fcr das Fr\u00fchlingssemester des Studienjahres 2025\/2026 aus: Stipendium f\u00fcr Studierende mit ausgezeichneter Studienleistung. 1. Bewerbungsvoraussetzungen: Bewerben k\u00f6nnen sich Vollzeitstudierende mit aktiver Immatrikulation, die an einem einheitlichen, ungeteilten Studiengang der Medizin, Zahnmedizin oder Pharmazie in englischer oder deutscher Sprache teilnehmen, und an der gegebenen Fakult\u00e4t &hellip;<\/p>\n","protected":false},"author":102334,"featured_media":0,"parent":37820,"menu_order":1,"comment_status":"closed","ping_status":"closed","template":"template-fullwidth.php","meta":{"_acf_changed":false,"footnotes":""},"categories":[],"tags":[],"class_list":["post-37806","page","type-page","status-publish","hentry"],"acf":[],"_links":{"self":[{"href":"https:\/\/semmelweis.hu\/deutsch\/wp-json\/wp\/v2\/pages\/37806","targetHints":{"allow":["GET"]}}],"collection":[{"href":"https:\/\/semmelweis.hu\/deutsch\/wp-json\/wp\/v2\/pages"}],"about":[{"href":"https:\/\/semmelweis.hu\/deutsch\/wp-json\/wp\/v2\/types\/page"}],"author":[{"embeddable":true,"href":"https:\/\/semmelweis.hu\/deutsch\/wp-json\/wp\/v2\/users\/102334"}],"replies":[{"embeddable":true,"href":"https:\/\/semmelweis.hu\/deutsch\/wp-json\/wp\/v2\/comments?post=37806"}],"version-history":[{"count":11,"href":"https:\/\/semmelweis.hu\/deutsch\/wp-json\/wp\/v2\/pages\/37806\/revisions"}],"predecessor-version":[{"id":39820,"href":"https:\/\/semmelweis.hu\/deutsch\/wp-json\/wp\/v2\/pages\/37806\/revisions\/39820"}],"up":[{"embeddable":true,"href":"https:\/\/semmelweis.hu\/deutsch\/wp-json\/wp\/v2\/pages\/37820"}],"wp:attachment":[{"href":"https:\/\/semmelweis.hu\/deutsch\/wp-json\/wp\/v2\/media?parent=37806"}],"wp:term":[{"taxonomy":"category","embeddable":true,"href":"https:\/\/semmelweis.hu\/deutsch\/wp-json\/wp\/v2\/categories?post=37806"},{"taxonomy":"post_tag","embeddable":true,"href":"https:\/\/semmelweis.hu\/deutsch\/wp-json\/wp\/v2\/tags?post=37806"}],"curies":[{"name":"wp","href":"https:\/\/api.w.org\/{rel}","templated":true}]}}