{"id":37803,"date":"2024-11-21T13:55:12","date_gmt":"2024-11-21T12:55:12","guid":{"rendered":"https:\/\/semmelweis.hu\/deutsch\/?page_id=37803"},"modified":"2026-02-13T10:28:49","modified_gmt":"2026-02-13T09:28:49","slug":"semmelweis-pannonia-in-exzellenzstipendium","status":"publish","type":"page","link":"https:\/\/semmelweis.hu\/deutsch\/studium\/stipendien\/semmelweis-pannonia-in-exzellenzstipendium\/","title":{"rendered":"Semmelweis Pannonia In Exzellenzstipendium"},"content":{"rendered":"<div class=\"keretes w-100\">\n<p><img loading=\"lazy\" decoding=\"async\" class=\"alignright  wp-image-7288\" src=\"https:\/\/semmelweis.hu\/registrar\/files\/2025\/01\/Semmelweis_logo_ENG_Vertical__PNG-400x267.png\" alt=\"\" width=\"340\" height=\"227\" \/>Im Jahr 2025 schrieb die Semmelweis Universit\u00e4t ein neues Stipendium f\u00fcr internationale Studierende aus. <strong>Semmelweis Pannonia In <\/strong>ist ein <strong>Exzellenzstipendium<\/strong>. Das Stipendium zielt in erster Linie darauf ab, das Studium ausl\u00e4ndischer Staatsangeh\u00f6riger zu unterst\u00fctzen, die bereits ein aktives Studierendenrechtsverh\u00e4ltnis erworben haben. Es bietet eine gro\u00dfartige Gelegenheit, nicht nur die Erlangung eines Diploms und die Erbringung der bestm\u00f6glichen akademischen Leistungen zu erleichtern, sondern auch die Entfaltung individueller F\u00e4higkeiten in den Bereichen Sport oder Kunst zu f\u00f6rdern.<\/p>\n<p>F\u00fcr das Stipendium k\u00f6nnen sich Studierende mit einem Studierendenrechtsverh\u00e4ltnis zur Semmelweis Universit\u00e4t mit ausl\u00e4ndischer Staatsangeh\u00f6rigkeit aus <a href=\"https:\/\/semmelweis.hu\/deutsch\/files\/2025\/01\/Pannonia-In_2024_25_palyazati-felhivas_DE_vegleges_Anhang.pdf\" target=\"_blank\" rel=\"noopener\">bestimmten<\/a> L\u00e4ndern bewerben, die in deutscher oder englischer Sprache studieren, sowie ihr Studium an der Fakult\u00e4t f\u00fcr Humanmedizin, Fakult\u00e4t f\u00fcr Zahnmedizin, Fakult\u00e4t f\u00fcr Pharmazie, Fakult\u00e4t f\u00fcr Gesundheitswissenschaften oder an der Andr\u00e1s Pet\u0151 Fakult\u00e4t der Semmelweis Universit\u00e4t im ersten Semester des akademischen Jahres 2024\/2025 oder sp\u00e4ter begonnen haben.<\/p>\n<p>Das Stipendium gilt f\u00fcr ein Jahr und kann danach erneut beantragt werden. Es wird in jeweils 12 gleichen Monatsraten ausgezahlt, vorausgesetzt, der\/die Studierende hat ein aktives Studierendenrechtsverh\u00e4ltnis. Die Leistungen werden auf Grundlage der akademischen, sportlichen und k\u00fcnstlerischen Errungenschaften bewertet.\u00a0<\/p>\n<\/div>\n<h1><a href=\"https:\/\/semmelweis.hu\/deutsch\/files\/2026\/02\/Pannonia-In-25_26_palyazati-felhivas_DE.pdf\" target=\"_blank\" rel=\"noopener\">BEWERBUNGSAUFRUF<\/a><\/h1>\n<p>Das Zentrum f\u00fcr Internationale Ausbildungsprogramme der Semmelweis Universit\u00e4t schreibt das <strong>\u201eSemmelweis Pannonia In Exzellenzstipendium\u201c<\/strong> <strong>f\u00fcr das akademische Jahr 2025\/2026<\/strong> aus. F\u00fcr das Stipendium k\u00f6nnen sich Studierende mit einem Studierendenrechtsverh\u00e4ltnis zur Semmelweis Universit\u00e4t mit ausl\u00e4ndischer Staatsangeh\u00f6rigkeit bewerben, die aus den L\u00e4ndern stammen, die im Anhang der Ausschreibung aufgef\u00fchrt sind und i) in deutscher oder englischer Sprache studieren, ii) ihr Studium im ersten Semester des akademischen Jahres 2024\/2025 oder sp\u00e4ter begonnen haben, iii) kein Stipendium Hungaricum oder Diaspora-Stipendium erhalten. Das Stipendium wird ein Jahr lang gew\u00e4hrt und in jeweils 12 gleichen Monatsraten ausgezahlt, vorausgesetzt, der\/die Studierende hat ein aktives Studierendenrechtsverh\u00e4ltnis. Wenn der\/die Studierende sein\/ihr aktives Studierendenrechtsverh\u00e4ltnis aussetzt (passives Semester) oder beendet, so wird auch die Auszahlung des Stipendiums eingestellt. F\u00fcr den nicht in Anspruch genommenen Teil des Jahresstipendiums wird der\/die n\u00e4chste Studierende in der Reihe die Berechtigung erhalten, so wie die Reihenfolge vom Stipendienausschuss festgelegt wird. Das Stipendium kann gem\u00e4\u00df der Ausschreibung, die am Ende des folgenden akademischen Jahres ver\u00f6ffentlicht wird, ohne Einschr\u00e4nkung erneut beantragt werden, wobei zu ber\u00fccksichtigen ist, dass der\/die Studierende, der\/die sein\/ihr Studium abgeschlossen hat, nach seinem\/ihrem letzten Studienjahr nicht mehr zur Bewerbung berechtigt ist.<\/p>\n<p>Das Stipendium ist ein Exzellenzstipendium. Die Leistungen werden auf Grundlage der akademischen, sportlichen und k\u00fcnstlerischen Errungenschaften bewertet. Antragsteller\/innen aus L\u00e4ndern der Kategorie 1, die in Anhang 1 der vorliegenden Ausschreibung aufgef\u00fchrt sind, haben im Auswahlverfahren Vorrang vor Antragsteller\/innen aus L\u00e4ndern der Kategorie 2.<\/p>\n<ol>\n<li><strong>Zulassungskriterien<\/strong><\/li>\n<\/ol>\n<ul>\n<li>Anfangsdatum des Studierendenrechtsverh\u00e4ltnisses ist fr\u00fchestens September 2024 und sp\u00e4testens September 2027<\/li>\n<li>der\/die Antragsteller\/in besitzt die Staatsangeh\u00f6rigkeit eines der im Anhang der vorliegenden Ausschreibung aufgef\u00fchrten L\u00e4nder<\/li>\n<li>aktives Studierendenrechtsverh\u00e4ltnis im akademischen Jahr der Bewerbung und im akademischen Jahr nach dem Auswahlverfahren<\/li>\n<li>mindestens 2 abgeschlossene aktive Semester in einem Bachelor-, Master- oder einstufigen Diplom-Studiengang mit herausragenden Studienleistungen und\/oder herausragenden Ergebnissen in den Bereichen Sport und Kunst<\/li>\n<li>Wenn der\/die Antragsteller\/in im jeweiligen Studienjahr auch das Stipendium f\u00fcr Studierende mit ausgezeichneter Studienleistung (KITA) erlangt, wird der Betrag des KITA-Stipendiums durch den Betrag des Pannonia In-Stipendiums ersetzt, d.h. der\/die Antragsteller\/in wird den Betrag des Pannonia In-Stipendiums<\/li>\n<li>Die Angabe zur Identifizierung des Antragstellers \/ der Antragstellerin und zur \u00dcberpr\u00fcfung der Zulassungsberechtigung erforderlichen Daten ist obligatorisch. Bei fehlenden Daten k\u00f6nnen keine Antr\u00e4ge eingereicht werden.<\/li>\n<li>Der\/die Antragstellerin darf keine Bewerbung einreichen, wenn das f\u00fcr die Bewertung zust\u00e4ndige Organ oder eine andere Person oder Einrichtung der Universit\u00e4t (z. B. die Ethikkommission), die zur Untersuchung von Rechtsverst\u00f6\u00dfen befugt ist, festgestellt hat, dass er\/sie bei der Bewertung seines\/ihres Antrags falsche Angaben gemacht oder die Gutachter im Zusammenhang mit seinem\/ihrem im Rahmen einer fr\u00fcheren Ausschreibung eingereichten Antrag anderweitig irregef\u00fchrt hat.<\/li>\n<li>Der Bewerber muss \u00fcber ein Bankkonto verf\u00fcgen, das f\u00fcr den Empfang von Forint-Zahlungen geeignet ist und als Standardkonto im Neptun-System hinterlegt ist.<\/li>\n<\/ul>\n<p>&nbsp;<\/p>\n<ol start=\"2\">\n<li><strong>F\u00fcr die Bewertung der Antr\u00e4ge zust\u00e4ndiges Gremium:<\/strong><\/li>\n<\/ol>\n<p>Die Bewerbungen werden von einem Ausschuss bewertet, der durch den Beschluss 99572\/NHKK\/2024. \u00fcber die Einrichtung des Stipendiums ernannt wurde und dem folgende Mitglieder angeh\u00f6ren:<\/p>\n<ol>\n<li>Vizerektor f\u00fcr Internationales Studium<\/li>\n<li>Der Dekan\/Die Dekanin der Fakult\u00e4t f\u00fcr Humanmedizin oder sein\/ihr Beauftragter, seine\/ihre Beauftragte;<\/li>\n<li>Der Dekan\/Die Dekanin der Fakult\u00e4t f\u00fcr Zahnheilkunde oder sein\/ihr Beauftragter, seine\/ihre Beauftragte;<\/li>\n<li>Der Dekan\/Die Dekanin der Fakult\u00e4t f\u00fcr Pharmazeutische Wissenschaften oder sein\/ihr Beauftragter, seine\/ihre Beauftragte;<\/li>\n<li>Der Dekan\/Die Dekanin der Fakult\u00e4t f\u00fcr Gesundheitswissenschaften oder sein\/ihr Beauftragter, seine\/ihre Beauftragte;<\/li>\n<li>Der Dekan\/Die Dekanin der Andr\u00e1s Pet\u0151 Fakult\u00e4t oder sein\/ihr Beauftragter, seine\/ihre Beauftragte;<\/li>\n<li>Die Vorsitzenden der Studierenden-Selbstverwaltung (H\u00d6K), der Internationalen Semmelweis Studierendenvereinigung (ISSA) und der Deutschsprachigen Studierendenvertretung Semmelweis (DSVS) oder deren Delegierte.<\/li>\n<\/ol>\n<p>&nbsp;<\/p>\n<ol start=\"3\">\n<li><strong>Bewerbungsfrist:<\/strong><\/li>\n<\/ol>\n<p>Bewerbungen k\u00f6nnen bis <strong>zum 15. Oktober 2026<\/strong> \u00fcber die Schnittstelle des Antragsmanagementsystems Neptun eingereicht werden. Der genaue Zeitpunkt der Plattform-Er\u00f6ffnung wird den Studierenden zu einem sp\u00e4teren Zeitpunkt auf der Website der Universit\u00e4t bekannt gegeben.<\/p>\n<p>&nbsp;<\/p>\n<ol start=\"4\">\n<li><strong>Nachreichung, Beschluss, Einwand:<\/strong><\/li>\n<\/ol>\n<p>Es besteht keine M\u00f6glichkeit auf Nachreichung oder auf einen Bescheinigungsantrag wegen Fristvers\u00e4umnis. Unvollst\u00e4ndige, nicht fristgerechte Antr\u00e4ge oder Antr\u00e4ge, die den Vorschriften nicht entsprechen, werden abgelehnt. Im Falle von \u00c4nderungen des Namens, der Kontaktdaten und der Kontonummer des Antragstellers \/ der Antragstellerin oder zwischenzeitlicher \u00c4nderungen der Daten hat der\/die Antragsteller\/in das Recht, seinen\/ihren Antrag zu \u00e4ndern\/vervollst\u00e4ndigen\/korrigieren.<\/p>\n<p>Die mit allen erforderlichen Unterlagen eingereichten Bewerbungen werden <strong>bis zum 31. Oktober 2026<\/strong> von der in Punkt 2 genannten Bewertungskommission bewertet.<\/p>\n<p><strong>\u00a0<\/strong><\/p>\n<ol start=\"5\">\n<li>Gegen den Ablehnungsbeschluss der Kommission kann die Antragstellerin \/ der Antragsteller innerhalb von f\u00fcnf Arbeitstagen nach Erhalt des Beschlusses bei dem Leiter des Zentrums f\u00fcr Internationale Ausbildungsprogramme Einspruch erheben. Bei dem Einspruch muss die beanstandete Rechtshandlung oder Unterlassung der Kommission genau bezeichnet werden. Wenn der Leiter des Zentrums f\u00fcr Internationale Ausbildungsprogramme dem Einspruch stattgibt, wird der Ausschuss den Antrag entsprechend neu bewerten.<\/li>\n<\/ol>\n<p><strong>\u00a0<\/strong><\/p>\n<p><strong>\u00a0<\/strong><strong style=\"font-size: 1rem\">Betrag des Stipendiums:<\/strong><\/p>\n<ul>\n<li>an der Medizinischen Fakult\u00e4t 2.000.000 HUF\/akademisches Jahr\/Studierende\/r<\/li>\n<li>an der Zahnmedizinischen Fakult\u00e4t 2.000.000 HUF\/akademisches Jahr\/Studierende\/r<\/li>\n<li>an der Pharmazeutischen Fakult\u00e4t 1.300.000 HUF\/akademisches Jahr\/Studierende\/r<\/li>\n<li>an der Fakult\u00e4t f\u00fcr Gesundheitswissenschaften 900.000 HUF\/akademisches Jahr\/Studierende\/r<\/li>\n<li>an der Andr\u00e1s Pet\u0151 Fakult\u00e4t<\/li>\n<\/ul>\n<p><strong>\u00a0<\/strong><\/p>\n<p><strong>Voraussetzung f\u00fcr die Auszahlung<\/strong> ist, dass der\/die Beg\u00fcnstigte im Neptun-System \u00fcber eine Kontonummer verf\u00fcgt, die standardm\u00e4\u00dfig f\u00fcr die Annahme von HUF eingerichtet ist. Die Zahlungen erfolgen monatlich per \u00dcberweisung auf das im Neptun-System registrierte Bankkonto, sobald die Entscheidung des Ausschusses ergangen ist.<\/p>\n<p>Die Angaben zu dem als Zuschuss gew\u00e4hrten Stipendium (Rechtsgrundlage des Zuschusses, Stipendiumsbetrag) werden ins elektronische Neptun System aufgenommen.<\/p>\n<p>&nbsp;<\/p>\n<ol start=\"7\">\n<li><strong>R\u00fcckzahlung des Stipendiums:<\/strong><\/li>\n<\/ol>\n<p>Stipendiaten\/innen, die den in der Stipendienausschreibung oder im -Vertrag vereinbarten Verpflichtungen nicht oder nur teilweise nachkommen, sind verpflichtet, innerhalb von 8 Tagen nach Erhalt einer diesbez\u00fcglichen Aufforderung durch die Universit\u00e4t den vollen Betrag des an sie gezahlten Stipendiums bzw. den von der Vertragsverletzung betroffenen Teil des Stipendiums zuz\u00fcglich Verzugszinsen gem\u00e4\u00df dem B\u00fcrgerlichen Gesetzbuch (Ptk.) zur\u00fcckzuzahlen.<\/p>\n<p>Der\/die Stipendiat\/in ist au\u00dferdem verpflichtet, den gesamten F\u00f6rderbetrag zur\u00fcckzuzahlen, wenn sich herausstellt, dass er\/sie bei der Antragstellung falsche Angaben gemacht hat.<\/p>\n<p>Das Stipendium kann in Ausnahmef\u00e4llen zur\u00fcckgezogen werden, wenn sich der\/die Studierende w\u00e4hrend seines\/ihres Studiums unangemessen gegen\u00fcber der Universit\u00e4t verhalten hat oder wenn gegen ihn\/sie ein ethisches Verfahren eingeleitet wird, in dem ein ethisches Fehlverhalten nachgewiesen wird.<\/p>\n<p>&nbsp;<\/p>\n<p>&nbsp;<\/p>\n<p>&nbsp;<\/p>\n<p>&nbsp;<\/p>\n","protected":false},"excerpt":{"rendered":"<p>Im Jahr 2025 schrieb die Semmelweis Universit\u00e4t ein neues Stipendium f\u00fcr internationale Studierende aus. Semmelweis Pannonia In ist ein Exzellenzstipendium. Das Stipendium zielt in erster Linie darauf ab, das Studium ausl\u00e4ndischer Staatsangeh\u00f6riger zu unterst\u00fctzen, die bereits ein aktives Studierendenrechtsverh\u00e4ltnis erworben haben. Es bietet eine gro\u00dfartige Gelegenheit, nicht nur die Erlangung eines Diploms und die Erbringung &hellip;<\/p>\n","protected":false},"author":102334,"featured_media":0,"parent":37820,"menu_order":1,"comment_status":"closed","ping_status":"closed","template":"template-fullwidth.php","meta":{"_acf_changed":false,"footnotes":""},"categories":[],"tags":[],"class_list":["post-37803","page","type-page","status-publish","hentry"],"acf":[],"_links":{"self":[{"href":"https:\/\/semmelweis.hu\/deutsch\/wp-json\/wp\/v2\/pages\/37803","targetHints":{"allow":["GET"]}}],"collection":[{"href":"https:\/\/semmelweis.hu\/deutsch\/wp-json\/wp\/v2\/pages"}],"about":[{"href":"https:\/\/semmelweis.hu\/deutsch\/wp-json\/wp\/v2\/types\/page"}],"author":[{"embeddable":true,"href":"https:\/\/semmelweis.hu\/deutsch\/wp-json\/wp\/v2\/users\/102334"}],"replies":[{"embeddable":true,"href":"https:\/\/semmelweis.hu\/deutsch\/wp-json\/wp\/v2\/comments?post=37803"}],"version-history":[{"count":11,"href":"https:\/\/semmelweis.hu\/deutsch\/wp-json\/wp\/v2\/pages\/37803\/revisions"}],"predecessor-version":[{"id":39966,"href":"https:\/\/semmelweis.hu\/deutsch\/wp-json\/wp\/v2\/pages\/37803\/revisions\/39966"}],"up":[{"embeddable":true,"href":"https:\/\/semmelweis.hu\/deutsch\/wp-json\/wp\/v2\/pages\/37820"}],"wp:attachment":[{"href":"https:\/\/semmelweis.hu\/deutsch\/wp-json\/wp\/v2\/media?parent=37803"}],"wp:term":[{"taxonomy":"category","embeddable":true,"href":"https:\/\/semmelweis.hu\/deutsch\/wp-json\/wp\/v2\/categories?post=37803"},{"taxonomy":"post_tag","embeddable":true,"href":"https:\/\/semmelweis.hu\/deutsch\/wp-json\/wp\/v2\/tags?post=37803"}],"curies":[{"name":"wp","href":"https:\/\/api.w.org\/{rel}","templated":true}]}}