{"id":3559,"date":"2019-09-23T16:27:31","date_gmt":"2019-09-23T14:27:31","guid":{"rendered":"http:\/\/semmelweis.hu\/deutsch\/?page_id=3559"},"modified":"2023-01-25T14:50:29","modified_gmt":"2023-01-25T13:50:29","slug":"begruessung-des-rektors","status":"publish","type":"page","link":"https:\/\/semmelweis.hu\/deutsch\/semmelweis-universitaet\/begruessung-des-rektors\/","title":{"rendered":"Begr\u00fc\u00dfungsrede des Rektors"},"content":{"rendered":"<p><a href=\"https:\/\/semmelweis.hu\/deutsch\/files\/2023\/01\/RS115006_C19A6017-scr.jpg\"><img loading=\"lazy\" decoding=\"async\" class=\"alignright size-medium wp-image-32880\" src=\"https:\/\/semmelweis.hu\/deutsch\/files\/2023\/01\/RS115006_C19A6017-scr-267x400.jpg\" alt=\"\" width=\"267\" height=\"400\" srcset=\"https:\/\/semmelweis.hu\/deutsch\/files\/2023\/01\/RS115006_C19A6017-scr-267x400.jpg 267w, https:\/\/semmelweis.hu\/deutsch\/files\/2023\/01\/RS115006_C19A6017-scr.jpg 600w\" sizes=\"auto, (max-width: 267px) 100vw, 267px\" \/><\/a>Liebe Interessentinnen und Interessenten,<br \/>\nLiebe k\u00fcnftige Studierende!<\/p>\n<p>Als Rektor der <a href=\"https:\/\/semmelweis.hu\/deutsch\/semmelweis-universitaet\/\">Semmelweis Universit\u00e4t, einer der besten medizinischen und gesundheitswissenschaftlichen Universit\u00e4ten der Welt<\/a>, m\u00f6chte ich Sie herzlich auf unserer Website begr\u00fc\u00dfen. Hier stellen wir <a href=\"https:\/\/semmelweis.hu\/deutsch\/studiengange\/\">unsere Studieng\u00e4nge<\/a> vor.<\/p>\n<p>Unsere Institution kann auf eine mehr als 250-j\u00e4hrige Tradition zur\u00fcckblicken. Diese Traditionen und die Werte, die in der Gegenwart erg\u00e4nzt wurden, bilden zusammen die Grundlage f\u00fcr den heutigen Status der Semmelweis Universit\u00e4t. Wir sind stolz darauf, dass einer der ber\u00fchmtesten \u00c4rzte der Welt, der \u201eRetter der M\u00fctter&#8220; und Namensgeber unserer Universit\u00e4t, Ign\u00e1c Semmelweis, hier studierte und arbeitete. Albert Szent-Gy\u00f6rgyi, der mit dem Nobelpreis ausgezeichnete Entdecker des Vitamin C, hat ebenfalls hier studiert, wie auch P\u00e9ter Gloviczki, der international renommierte ungarische Gef\u00e4\u00dfchirurg, seine berufliche Laufbahn an der Semmelweis Universit\u00e4t begann.<\/p>\n<p>Die Semmelweis Universit\u00e4t ist eine der bedeutendsten deutsch- und <a href=\"https:\/\/semmelweis.hu\/admission\/\" target=\"_blank\" rel=\"noopener\">englischsprachigen<\/a> Bildungseinrichtungen in Europa. Unsere Absolventen werden \u00fcberall auf der Welt gerne aufgenommen, denn auf das hier erworbene Wissen kann man sich \u00fcberall und jederzeit verlassen. Als Rektor der Universit\u00e4t verspreche und garantiere ich Ihnen, dass Sie bei uns von Ihren Professorinnen und Professoren ein H\u00f6chstma\u00df an Fachwissen sowie die bestm\u00f6gliche berufliche und akademische Ausbildung vermittelt bekommen.<\/p>\n<blockquote>\n<p>Unsere Universit\u00e4t sorgt nicht nur f\u00fcr Ihren Abschluss, sondern bereitet Sie auch auf das wahre Leben vor.<\/p>\n<\/blockquote>\n<p>Alle unsere Studierenden erhalten eine praxisorientierte Ausbildung, d. h. sie k\u00f6nnen neben einem soliden theoretischen Wissen auch direkt am Krankenbett Erfahrungen sammeln.<\/p>\n<p>Die Jahre, die man hier verbringt, sind aber nicht nur zum Studieren da. Die Freundschaften und Romanzen, die Freizeitaktivit\u00e4ten, die Sch\u00f6nheit Ungarns und Budapests, die Begeisterung f\u00fcr Musik, Kunst und sportliche Aktivit\u00e4ten sind Erfahrungen, die Sie ein Leben lang begleiten werden. Schlie\u00dfen Sie sich einem unserer Universit\u00e4tssportvereine an und nehmen Sie am Medic&#8217;s Cup teil! Sie k\u00f6nnen sich auch in <a href=\"https:\/\/medikuszenekar.hu\/en\/\" target=\"_blank\" rel=\"noopener\">unserem Orchester<\/a> oder Chor sowie bei unseren zahlreichen studentischen Veranstaltungen und Programmen engagieren.<\/p>\n<p>Ich bin seit fast 38 Jahren B\u00fcrger der Semmelweis Universit\u00e4t. Als praktizierender Kardiologe glaube ich, dass die Medizin und das Gesundheitswesen zu den sch\u00f6nsten beruflichen T\u00e4tigkeitsbereichen geh\u00f6ren. F\u00fcr mich ist die Semmelweis Universit\u00e4t ein Synonym f\u00fcr Qualit\u00e4t, Tradition und Innovation.<br \/>\nBitte schauen Sie sich unser Kursangebot an! Ich hoffe, dass ich Sie bei der Er\u00f6ffnung des akademischen Jahres im September unter unseren Studierenden begr\u00fc\u00dfen kann!<\/p>\n<p style=\"text-align: center;\"><em>Dr. B\u00e9la Merkely<\/em><br \/>\n<em>Rektor der Semmelweis Universit\u00e4t<\/em><\/p>\n","protected":false},"excerpt":{"rendered":"<p>Der Rektor der Semmelweis Universit\u00e4t begr\u00fc\u00dft die Besucher der Webseite. Unsere Universit\u00e4t \u2013 die sowohl landesweit als auch auf internationaler Ebene als Flaggschiff der \u00e4rztlichen und gesundheitswissenschaftlichen Ausbildung, Forschung und Kliniken z\u00e4hlt \u2013 feiert die 250. Jahresfeier ihrer Gr\u00fcndung.<\/p>\n<p> Dieses Jubil\u00e4um ist ein Meilenstein, der f\u00fcr uns alle die M\u00f6glichkeit gibt, neu zu definieren, wie die Semmelweis Universit\u00e4t und dadurch die Mediziner-, die Pharmazeuten- sowie die gesundheitswissenschaftliche Ausbildung, Forschung und Innovation und nicht zuletzt die Patientenversorgung in Ungarn, die all dies begr\u00fcndet, f\u00fcr die n\u00e4chsten 250 Jahre erneuert werden kann.<\/p>\n","protected":false},"author":101640,"featured_media":3321,"parent":1941,"menu_order":0,"comment_status":"closed","ping_status":"closed","template":"template-fullwidth.php","meta":{"_acf_changed":false,"footnotes":""},"categories":[],"tags":[],"class_list":["post-3559","page","type-page","status-publish","has-post-thumbnail","hentry"],"acf":[],"_links":{"self":[{"href":"https:\/\/semmelweis.hu\/deutsch\/wp-json\/wp\/v2\/pages\/3559","targetHints":{"allow":["GET"]}}],"collection":[{"href":"https:\/\/semmelweis.hu\/deutsch\/wp-json\/wp\/v2\/pages"}],"about":[{"href":"https:\/\/semmelweis.hu\/deutsch\/wp-json\/wp\/v2\/types\/page"}],"author":[{"embeddable":true,"href":"https:\/\/semmelweis.hu\/deutsch\/wp-json\/wp\/v2\/users\/101640"}],"replies":[{"embeddable":true,"href":"https:\/\/semmelweis.hu\/deutsch\/wp-json\/wp\/v2\/comments?post=3559"}],"version-history":[{"count":11,"href":"https:\/\/semmelweis.hu\/deutsch\/wp-json\/wp\/v2\/pages\/3559\/revisions"}],"predecessor-version":[{"id":33202,"href":"https:\/\/semmelweis.hu\/deutsch\/wp-json\/wp\/v2\/pages\/3559\/revisions\/33202"}],"up":[{"embeddable":true,"href":"https:\/\/semmelweis.hu\/deutsch\/wp-json\/wp\/v2\/pages\/1941"}],"wp:featuredmedia":[{"embeddable":true,"href":"https:\/\/semmelweis.hu\/deutsch\/wp-json\/wp\/v2\/media\/3321"}],"wp:attachment":[{"href":"https:\/\/semmelweis.hu\/deutsch\/wp-json\/wp\/v2\/media?parent=3559"}],"wp:term":[{"taxonomy":"category","embeddable":true,"href":"https:\/\/semmelweis.hu\/deutsch\/wp-json\/wp\/v2\/categories?post=3559"},{"taxonomy":"post_tag","embeddable":true,"href":"https:\/\/semmelweis.hu\/deutsch\/wp-json\/wp\/v2\/tags?post=3559"}],"curies":[{"name":"wp","href":"https:\/\/api.w.org\/{rel}","templated":true}]}}