{"id":33528,"date":"2023-01-13T15:02:58","date_gmt":"2023-01-13T14:02:58","guid":{"rendered":"https:\/\/semmelweis.hu\/deutsch\/?page_id=33528"},"modified":"2025-09-26T10:25:58","modified_gmt":"2025-09-26T08:25:58","slug":"gesundheitswesen-und-verwaltung","status":"publish","type":"page","link":"https:\/\/semmelweis.hu\/deutsch\/fakultaeten\/gesundheitswesen-und-verwaltung\/","title":{"rendered":"Fakult\u00e4t f\u00fcr \u00f6ffentliches Gesundheitswesen und Verwaltung"},"content":{"rendered":"<h5>Die Fakult\u00e4t f\u00fcr \u00d6ffentliches Gesundheitswesen und Verwaltung (EKK) ist als eine der f\u00fchrenden Einrichtungen in Europa anerkannt. Ihre Aufgabe ist es, organisatorischen, gemeinschaftlichen und pers\u00f6nlichen Entwicklungsaktivit\u00e4ten in den Bereichen qualitative Bildung, Forschung, sozialwissenschaftliche Innovation und Beratung ein Umfeld zu bieten.<\/h5>\n<div class=\"keretes\" style=\"border: 3px solid #00c7bb !important; background-color: #ffff !important;\">\n<h4><span style=\"font-size: 18pt;\">FAKULT\u00c4T F\u00dcR \u00d6FFENTLICHES GESUNDHEITSWESEN UND VERWALTUNG<\/span><\/h4>\n<h6><strong>Gegr\u00fcndet<\/strong>:\u00a02010<br \/>\n<strong>Dekan<\/strong>: Dr. Be\u00e1ta Pethesn\u00e9 D\u00e1vid <br \/>\n<strong>Anzahl der Studierenden<\/strong>: 825<br \/>\n<strong>Anteil der ausl\u00e4ndischen Studierenden<\/strong>: 3,27 %<br \/>\n<strong>Adresse<\/strong>:\u00a01091 Budapest, \u00dcll\u0151i \u00fat 25<br \/>\n<strong>Telefon<\/strong>:\u00a0<a href=\"tel:+3614591500\">+36 1 459 1500<\/a>\u00a0Vorwahl 55635<\/h6>\n<h6 style=\"text-align: right;\"><a href=\"#abteil\"><strong>Abteilungen \u2192<\/strong><\/a><\/h6>\n<\/div>\n<p>Die tatkr\u00e4ftigen und engagierten Fachkr\u00e4fte der Fakult\u00e4t in den Bereichen Gesundheitspolitik, Gesundheits-, Cyber- und Patientensicherheit sowie \u00f6ffentliches Gesundheitswesen, Personalplanung, Ver\u00e4nderungsmanagement, datengesteuerte Gesundheit, e-Gesundheit und Sozialf\u00fcrsorge sind die Hauptakteure in den <strong>wichtigen nationalen und internationalen Forschungskooperationen<\/strong>.<\/p>\n<p>Sie ist eine der j\u00fcngsten Fakult\u00e4ten der Semmelweis Universit\u00e4t und wurde 2010 unter Beteiligung von drei Instituten gegr\u00fcndet, die <strong>im Grenzbereich von Natur- und Sozialwissenschaften<\/strong> t\u00e4tig sind: dem Direktorat f\u00fcr IT-Entwicklung, dem Zentrum f\u00fcr die Ausbildung im Gesundheitsmanagement und dem Institut f\u00fcr Mentalhygiene.<\/p>\n<div class=\"keretes w-100\" style=\"border-left: 6px solid #00c7bb !important;\">\n<h4><strong>AUSBILDUNG<\/strong><\/h4>\n<p>Die ungarischsprachigen Studieng\u00e4nge decken das gesamte Spektrum der Ausbildung ab, vom Bachelor-, Master- und Promotionsstudium bis hin zur Fachausbildung im Hochschulsystem und zur Ausbildung in den Bereichen Gesundheitsmanagement<strong>, psychische und gemeinschaftliche Gesundheit und Gesundheitsinformatik<\/strong>. Die Fakult\u00e4t konzentriert sich auf die Sozialwissenschaften, integriert aber auch interdisziplin\u00e4re Ausbildungsg\u00e4nge.<\/p>\n<p>Seit \u00fcber einem Jahrzehnt existiert in Bratislava (Pressburg), Slowakei, ein \u00a0<a href=\"https:\/\/semmelweis.hu\/english\/2020\/11\/semmelweis-university-started-a-health-care-manager-masters-program-in-slovakian-language-in-bratislava\/\">Postgraduiertenprogramm<\/a>. Das slowakischsprachige Health Care Manager&#8217;s Program ist sehr praxisorientiert: Wissensaustausch, das Debattieren von Erfahrungen, individuellen F\u00e4lle und Fallbeispielen sind ebenso wichtig wie das theoretische Wissen. Die gemeinsame Probleml\u00f6sung spielt eine wichtige Rolle. Der erfahrungsbasierte Ansatz bei der Management-Ausbildung bedeutet, dass das neu erworbene Wissen nahezu unmittelbar umgesetzt werden kann.<\/p>\n<h4><strong>FORSCHUNG UND ENTWICKLUNG<\/strong><\/h4>\n<p><a href=\"https:\/\/semmelweis.hu\/emk\/en\/research-and-development\/\">Zu den besonders wichtigen Bereichen<\/a>\u00a0geh\u00f6ren das Qualit\u00e4tsmanagement und die Patientensicherheit im Gesundheitswesen, Big Data und Netzwerkanalysen, Gesundheitspolitik, Humanressourcen f\u00fcr die Entwicklung des Gesundheitswesens, Projektmanagement und Informationsvermittlung.<\/p>\n<p>Die Entwicklung des Forschungsprogramms und des Berichtssystems basiert auf den von der Weltgesundheitsorganisation vorgegebenen Prinzipien.<\/p>\n<h4><strong>INTERNATIONALE BEZIEHUNGEN UND \u00a0PROJEKTE<\/strong><\/h4>\n<p><a href=\"https:\/\/semmelweis.hu\/deutsch\/files\/2023\/02\/RS67280_KA-20171003-IMG_5505-scr.jpg\"><img loading=\"lazy\" decoding=\"async\" class=\"alignright wp-image-33542 size-medium\" src=\"https:\/\/semmelweis.hu\/deutsch\/files\/2023\/02\/RS67280_KA-20171003-IMG_5505-scr-400x267.jpg\" alt=\"\" width=\"400\" height=\"267\" srcset=\"https:\/\/semmelweis.hu\/deutsch\/files\/2023\/02\/RS67280_KA-20171003-IMG_5505-scr-400x267.jpg 400w, https:\/\/semmelweis.hu\/deutsch\/files\/2023\/02\/RS67280_KA-20171003-IMG_5505-scr-768x512.jpg 768w, https:\/\/semmelweis.hu\/deutsch\/files\/2023\/02\/RS67280_KA-20171003-IMG_5505-scr-753x502.jpg 753w, https:\/\/semmelweis.hu\/deutsch\/files\/2023\/02\/RS67280_KA-20171003-IMG_5505-scr-203x135.jpg 203w, https:\/\/semmelweis.hu\/deutsch\/files\/2023\/02\/RS67280_KA-20171003-IMG_5505-scr.jpg 950w\" sizes=\"auto, (max-width: 400px) 100vw, 400px\" \/><\/a>Die Dozentinnen und Dozenten bzw. die Kolleginnen und Kollegen\u00a0arbeiten<strong> mit f\u00fchrenden Instituten und Fachkr\u00e4ften auf der ganzen Welt zusammen<\/strong>, beispielsweise mit dem Weltbankinstitut, dem Europ\u00e4ischen Gesundheitsnetzwerk, dem Europ\u00e4ischen Observatorium f\u00fcr Gesundheitssysteme und Gesundheitspolitik und der Weltgesundheitsorganisation.<\/p>\n<p>Das Ziel der \u00a0<a href=\"https:\/\/semmelweis.hu\/emk\/en\/projects\/ongoing-projects\/\">zahlreichen\u00a0<strong> laufenden internationalen Projekte<\/strong><\/a>\u00a0 an der Fakult\u00e4t besteht unter anderem in der St\u00e4rkung der proaktiven Cyberabwehr, dem direkten und schnellen Nachweis von multiresistenten Bakterien in klinischen Proben und der Erstellung eines Datenspeichers mit digitalen Kopien von rund drei Millionen pathologischen Pr\u00e4paraten, die eine Reihe von Krankheitsbereichen abdecken.<\/p>\n<p>Weitere Schwerpunkte der Projekte sind die Anpassung, Vervielf\u00e4ltigung und Umsetzung evaluierter wirksamer Gesundheitsma\u00dfnahmen in den Bereichen \u00dcberwachung der Neuformulierung von Lebensmitteln, Bek\u00e4mpfung einer aggressiven Vermarktung von Lebensmitteln und \u00f6ffentliche Beschaffung von gesunden Lebensmitteln in \u00f6ffentlichen Einrichtungen. Weitere wesentliche Punkte der Projekte sind die St\u00e4rkung der Kapazit\u00e4ten der Gesundheitsbeh\u00f6rden, um wichtige Aspekte erfolgreich anzugehen &#8211; wie etwa das \u00c4nderungsmanagement und die Neuorganisation der bestehenden Betreuungsmodelle, die Neuorganisation der Patientenwege sowie die Rollen und F\u00e4higkeiten des Gesundheitspersonals in Bezug auf digitale Technologien und Daten.<\/p>\n<p><a href=\"https:\/\/semmelweis.hu\/deutsch\/files\/2023\/02\/RS38152_KA-20151109-IMG_2436-scr.jpg\"><img loading=\"lazy\" decoding=\"async\" class=\"alignright wp-image-33530 size-medium\" src=\"https:\/\/semmelweis.hu\/deutsch\/files\/2023\/02\/RS38152_KA-20151109-IMG_2436-scr-400x267.jpg\" alt=\"\" width=\"400\" height=\"267\" srcset=\"https:\/\/semmelweis.hu\/deutsch\/files\/2023\/02\/RS38152_KA-20151109-IMG_2436-scr-400x267.jpg 400w, https:\/\/semmelweis.hu\/deutsch\/files\/2023\/02\/RS38152_KA-20151109-IMG_2436-scr-768x512.jpg 768w, https:\/\/semmelweis.hu\/deutsch\/files\/2023\/02\/RS38152_KA-20151109-IMG_2436-scr-753x502.jpg 753w, https:\/\/semmelweis.hu\/deutsch\/files\/2023\/02\/RS38152_KA-20151109-IMG_2436-scr-203x135.jpg 203w, https:\/\/semmelweis.hu\/deutsch\/files\/2023\/02\/RS38152_KA-20151109-IMG_2436-scr.jpg 950w\" sizes=\"auto, (max-width: 400px) 100vw, 400px\" \/><\/a>Reformen im Hinblick auf medizinische Versorgungsl\u00fccken, d. h. Situationen oder Gebiete, in denen die Menschen Schwierigkeiten haben, Zugang zur Gesundheitsversorgung zu erhalten (z. B. Wartezeiten, Schwierigkeiten bei der Anmeldung beim Arzt oder weite Entfernungen zum Krankenhaus), sind ebenfalls ein wichtiges Projekt: Es konzentriert sich auf den Kompetenzmix, die Aufgabenverteilung, die Nutzung von E-Health- und IT-Systemen, das Rekrutierungsmanagement und die Einstellungspolitik, um eine universelle Abdeckung auch in l\u00e4ndlichen und unterversorgten Gebieten zu gew\u00e4hrleisten.<\/p>\n<p>Oder das Projekt X-eHealth: Es verfolgt das Ziel, die Grundlagen f\u00fcr einen gemeinsamen Rahmen f\u00fcr medizinische Bildgebung, Entlassungsbriefe, Laborergebnisse und seltene Krankheiten zu entwickeln, die sowohl entlang des Versorgungspfads der B\u00fcrgerinnen und B\u00fcrger als auch zwischen den Gesundheitseinrichtungen der EU-Mitgliedstaaten und der Nachbarl\u00e4nder ausgetauscht werden.<\/p>\n<\/div>\n\r\n        [slb_exclude]\r\n        <div class=\"row galeria-wrapper mx-0 h-auto\">\r\n            <div class=\"col-9 pl-0 pr-2\">\r\n            <span class=\"gallery-item frame\">\r\n\t\t\t\t<div class=\"galeria-left-img\"><a href=\"https:\/\/semmelweis.hu\/deutsch\/files\/2023\/02\/RS86197_ED_20181127_0075B-scr.jpg\"><img src=https:\/\/semmelweis.hu\/deutsch\/files\/2023\/02\/RS86197_ED_20181127_0075B-scr.jpg  \r\n                            alt=\"\" \r\n                            class=\"attachment-sote-gallery-big size-sote-gallery-big\" \r\n                            srcset=\"https:\/\/semmelweis.hu\/deutsch\/files\/2023\/02\/RS86197_ED_20181127_0075B-scr-400x267.jpg 400w, https:\/\/semmelweis.hu\/deutsch\/files\/2023\/02\/RS86197_ED_20181127_0075B-scr-768x512.jpg 768w, https:\/\/semmelweis.hu\/deutsch\/files\/2023\/02\/RS86197_ED_20181127_0075B-scr-753x502.jpg 753w, https:\/\/semmelweis.hu\/deutsch\/files\/2023\/02\/RS86197_ED_20181127_0075B-scr-203x135.jpg 203w, https:\/\/semmelweis.hu\/deutsch\/files\/2023\/02\/RS86197_ED_20181127_0075B-scr.jpg 950w\" ><\/a><\/div>\r\n            <\/span>\r\n\r\n            <\/div>\r\n\r\n\t\t\t<div class=\"col-3 pl-0 pr-0\">\r\n\t\t\t\t<div class=\"galeria-right-img d-flex justify-content-between flex-column h-100 w-100 px-0 mx-0 \">\r\n                <div class=\"galeria-box\">\r\n\t\t\t\t\t<h3 class=\"galeria-title\">Galerie<\/h3>\r\n\t\t\t\t\t<div class=\"galeria-subtitle\">\r\n\r\n\t\t\t\t\t\t<div class=\"galeria-page-counter\"><span>12<\/span>bilder<\/div>\r\n                    <\/div> <\/div>\r\n                    <span class=\"gallery-item frame d-none d-md-flex\">\r\n\t\t\t\t\t<div class=\"galeria-small-img mt-0\"><a href=\"https:\/\/semmelweis.hu\/deutsch\/files\/2023\/02\/RS98067_IMG_5710-scr.jpg\"><img src=https:\/\/semmelweis.hu\/deutsch\/files\/2023\/02\/RS98067_IMG_5710-scr.jpg \r\n                                alt=\"\"  \r\n                                class=\"attachment-sote-gallery-small size-sote-gallery-small\" \r\n                                srcset=\"https:\/\/semmelweis.hu\/deutsch\/files\/2023\/02\/RS98067_IMG_5710-scr-400x245.jpg 400w, https:\/\/semmelweis.hu\/deutsch\/files\/2023\/02\/RS98067_IMG_5710-scr-768x470.jpg 768w, https:\/\/semmelweis.hu\/deutsch\/files\/2023\/02\/RS98067_IMG_5710-scr-753x461.jpg 753w, https:\/\/semmelweis.hu\/deutsch\/files\/2023\/02\/RS98067_IMG_5710-scr-620x380.jpg 620w, https:\/\/semmelweis.hu\/deutsch\/files\/2023\/02\/RS98067_IMG_5710-scr.jpg 950w\" ><\/a><\/div>\r\n                    <\/span>\r\n                    <span class=\"gallery-item frame d-none d-md-flex\">\r\n\t\t\t\t\t<div class=\"galeria-small-img mt-0\"><a href=\"https:\/\/semmelweis.hu\/deutsch\/files\/2023\/02\/RS62496_IMG_3950-scr.jpg\"><img src=https:\/\/semmelweis.hu\/deutsch\/files\/2023\/02\/RS62496_IMG_3950-scr.jpg \r\n                                alt=\"\" \r\n                                class=\"attachment-sote-gallery-small size-sote-gallery-small\" \r\n                                srcset=\"https:\/\/semmelweis.hu\/deutsch\/files\/2023\/02\/RS62496_IMG_3950-scr-400x267.jpg 400w, https:\/\/semmelweis.hu\/deutsch\/files\/2023\/02\/RS62496_IMG_3950-scr-768x512.jpg 768w, https:\/\/semmelweis.hu\/deutsch\/files\/2023\/02\/RS62496_IMG_3950-scr-753x502.jpg 753w, https:\/\/semmelweis.hu\/deutsch\/files\/2023\/02\/RS62496_IMG_3950-scr-203x135.jpg 203w, https:\/\/semmelweis.hu\/deutsch\/files\/2023\/02\/RS62496_IMG_3950-scr.jpg 950w\" ><\/a><\/div>\r\n                    <\/span>\r\n\r\n                <\/div>\r\n\r\n            <\/div>\r\n\r\n            <span class=\"gallery-item\"><div class=\"hidden\"><a href=\"https:\/\/semmelweis.hu\/deutsch\/files\/2023\/02\/RS38152_KA-20151109-IMG_2436-scr.jpg\">\r\n        <img src=https:\/\/semmelweis.hu\/deutsch\/files\/2023\/02\/RS38152_KA-20151109-IMG_2436-scr.jpg alt=\"\" class=\"attachment-sote-gallery-big size-sote-gallery-big\" srcset=\"https:\/\/semmelweis.hu\/deutsch\/files\/2023\/02\/RS38152_KA-20151109-IMG_2436-scr-400x267.jpg 400w, https:\/\/semmelweis.hu\/deutsch\/files\/2023\/02\/RS38152_KA-20151109-IMG_2436-scr-768x512.jpg 768w, https:\/\/semmelweis.hu\/deutsch\/files\/2023\/02\/RS38152_KA-20151109-IMG_2436-scr-753x502.jpg 753w, https:\/\/semmelweis.hu\/deutsch\/files\/2023\/02\/RS38152_KA-20151109-IMG_2436-scr-203x135.jpg 203w, https:\/\/semmelweis.hu\/deutsch\/files\/2023\/02\/RS38152_KA-20151109-IMG_2436-scr.jpg 950w\" >\r\n        <\/a><\/div><\/span><span class=\"gallery-item\"><div class=\"hidden\"><a href=\"https:\/\/semmelweis.hu\/deutsch\/files\/2023\/02\/RS62539_IMG_3818-scr.jpg\">\r\n        <img src=https:\/\/semmelweis.hu\/deutsch\/files\/2023\/02\/RS62539_IMG_3818-scr.jpg alt=\"\" class=\"attachment-sote-gallery-big size-sote-gallery-big\" srcset=\"https:\/\/semmelweis.hu\/deutsch\/files\/2023\/02\/RS62539_IMG_3818-scr-400x267.jpg 400w, https:\/\/semmelweis.hu\/deutsch\/files\/2023\/02\/RS62539_IMG_3818-scr-768x512.jpg 768w, https:\/\/semmelweis.hu\/deutsch\/files\/2023\/02\/RS62539_IMG_3818-scr-753x502.jpg 753w, https:\/\/semmelweis.hu\/deutsch\/files\/2023\/02\/RS62539_IMG_3818-scr-203x135.jpg 203w, https:\/\/semmelweis.hu\/deutsch\/files\/2023\/02\/RS62539_IMG_3818-scr.jpg 950w\" >\r\n        <\/a><\/div><\/span><span class=\"gallery-item\"><div class=\"hidden\"><a href=\"https:\/\/semmelweis.hu\/deutsch\/files\/2023\/02\/RS51006_KA-20160706-IMG_4722-scr.jpg\">\r\n        <img src=https:\/\/semmelweis.hu\/deutsch\/files\/2023\/02\/RS51006_KA-20160706-IMG_4722-scr.jpg alt=\"\" class=\"attachment-sote-gallery-big size-sote-gallery-big\" srcset=\"https:\/\/semmelweis.hu\/deutsch\/files\/2023\/02\/RS51006_KA-20160706-IMG_4722-scr-400x267.jpg 400w, https:\/\/semmelweis.hu\/deutsch\/files\/2023\/02\/RS51006_KA-20160706-IMG_4722-scr-768x512.jpg 768w, https:\/\/semmelweis.hu\/deutsch\/files\/2023\/02\/RS51006_KA-20160706-IMG_4722-scr-753x502.jpg 753w, https:\/\/semmelweis.hu\/deutsch\/files\/2023\/02\/RS51006_KA-20160706-IMG_4722-scr-203x135.jpg 203w, https:\/\/semmelweis.hu\/deutsch\/files\/2023\/02\/RS51006_KA-20160706-IMG_4722-scr.jpg 950w\" >\r\n        <\/a><\/div><\/span><span class=\"gallery-item\"><div class=\"hidden\"><a href=\"https:\/\/semmelweis.hu\/deutsch\/files\/2023\/02\/RS72501_IMG_0762-scr.jpg\">\r\n        <img src=https:\/\/semmelweis.hu\/deutsch\/files\/2023\/02\/RS72501_IMG_0762-scr.jpg alt=\"\" class=\"attachment-sote-gallery-big size-sote-gallery-big\" srcset=\"https:\/\/semmelweis.hu\/deutsch\/files\/2023\/02\/RS72501_IMG_0762-scr-400x267.jpg 400w, https:\/\/semmelweis.hu\/deutsch\/files\/2023\/02\/RS72501_IMG_0762-scr-768x512.jpg 768w, https:\/\/semmelweis.hu\/deutsch\/files\/2023\/02\/RS72501_IMG_0762-scr-753x502.jpg 753w, https:\/\/semmelweis.hu\/deutsch\/files\/2023\/02\/RS72501_IMG_0762-scr-203x135.jpg 203w, https:\/\/semmelweis.hu\/deutsch\/files\/2023\/02\/RS72501_IMG_0762-scr.jpg 950w\" >\r\n        <\/a><\/div><\/span><span class=\"gallery-item\"><div class=\"hidden\"><a href=\"https:\/\/semmelweis.hu\/deutsch\/files\/2023\/02\/RS78080_IMG_2095-scr.jpg\">\r\n        <img src=https:\/\/semmelweis.hu\/deutsch\/files\/2023\/02\/RS78080_IMG_2095-scr.jpg alt=\"\" class=\"attachment-sote-gallery-big size-sote-gallery-big\" srcset=\"https:\/\/semmelweis.hu\/deutsch\/files\/2023\/02\/RS78080_IMG_2095-scr-400x267.jpg 400w, https:\/\/semmelweis.hu\/deutsch\/files\/2023\/02\/RS78080_IMG_2095-scr-768x512.jpg 768w, https:\/\/semmelweis.hu\/deutsch\/files\/2023\/02\/RS78080_IMG_2095-scr-753x502.jpg 753w, https:\/\/semmelweis.hu\/deutsch\/files\/2023\/02\/RS78080_IMG_2095-scr-203x135.jpg 203w, https:\/\/semmelweis.hu\/deutsch\/files\/2023\/02\/RS78080_IMG_2095-scr.jpg 950w\" >\r\n        <\/a><\/div><\/span><span class=\"gallery-item\"><div class=\"hidden\"><a href=\"https:\/\/semmelweis.hu\/deutsch\/files\/2023\/02\/RS106140_C19A7816-scr.jpg\">\r\n        <img src=https:\/\/semmelweis.hu\/deutsch\/files\/2023\/02\/RS106140_C19A7816-scr.jpg alt=\"\" class=\"attachment-sote-gallery-big size-sote-gallery-big\" srcset=\"https:\/\/semmelweis.hu\/deutsch\/files\/2023\/02\/RS106140_C19A7816-scr-400x267.jpg 400w, https:\/\/semmelweis.hu\/deutsch\/files\/2023\/02\/RS106140_C19A7816-scr-1024x683.jpg 1024w, https:\/\/semmelweis.hu\/deutsch\/files\/2023\/02\/RS106140_C19A7816-scr-768x512.jpg 768w, https:\/\/semmelweis.hu\/deutsch\/files\/2023\/02\/RS106140_C19A7816-scr-753x502.jpg 753w, https:\/\/semmelweis.hu\/deutsch\/files\/2023\/02\/RS106140_C19A7816-scr-203x135.jpg 203w, https:\/\/semmelweis.hu\/deutsch\/files\/2023\/02\/RS106140_C19A7816-scr.jpg 1200w\" >\r\n        <\/a><\/div><\/span><span class=\"gallery-item\"><div class=\"hidden\"><a href=\"https:\/\/semmelweis.hu\/deutsch\/files\/2023\/02\/RS134170_C19A0868-scr.jpg\">\r\n        <img src=https:\/\/semmelweis.hu\/deutsch\/files\/2023\/02\/RS134170_C19A0868-scr.jpg alt=\"\" class=\"attachment-sote-gallery-big size-sote-gallery-big\" srcset=\"https:\/\/semmelweis.hu\/deutsch\/files\/2023\/02\/RS134170_C19A0868-scr-400x267.jpg 400w, https:\/\/semmelweis.hu\/deutsch\/files\/2023\/02\/RS134170_C19A0868-scr-1024x683.jpg 1024w, https:\/\/semmelweis.hu\/deutsch\/files\/2023\/02\/RS134170_C19A0868-scr-768x512.jpg 768w, https:\/\/semmelweis.hu\/deutsch\/files\/2023\/02\/RS134170_C19A0868-scr-753x502.jpg 753w, https:\/\/semmelweis.hu\/deutsch\/files\/2023\/02\/RS134170_C19A0868-scr-203x135.jpg 203w, https:\/\/semmelweis.hu\/deutsch\/files\/2023\/02\/RS134170_C19A0868-scr.jpg 1200w\" >\r\n        <\/a><\/div><\/span><span class=\"gallery-item\"><div class=\"hidden\"><a href=\"https:\/\/semmelweis.hu\/deutsch\/files\/2023\/02\/RS145525_C19A0978-scr.jpg\">\r\n        <img src=https:\/\/semmelweis.hu\/deutsch\/files\/2023\/02\/RS145525_C19A0978-scr.jpg alt=\"\" class=\"attachment-sote-gallery-big size-sote-gallery-big\" srcset=\"https:\/\/semmelweis.hu\/deutsch\/files\/2023\/02\/RS145525_C19A0978-scr-400x260.jpg 400w, https:\/\/semmelweis.hu\/deutsch\/files\/2023\/02\/RS145525_C19A0978-scr-1024x665.jpg 1024w, https:\/\/semmelweis.hu\/deutsch\/files\/2023\/02\/RS145525_C19A0978-scr-768x499.jpg 768w, https:\/\/semmelweis.hu\/deutsch\/files\/2023\/02\/RS145525_C19A0978-scr-753x489.jpg 753w, https:\/\/semmelweis.hu\/deutsch\/files\/2023\/02\/RS145525_C19A0978-scr.jpg 1200w\" >\r\n        <\/a><\/div><\/span><span class=\"gallery-item\"><div class=\"hidden\"><a href=\"https:\/\/semmelweis.hu\/deutsch\/files\/2023\/02\/RS26372_KA-20141210-IMG_1151-emk-scr.jpg\">\r\n        <img src=https:\/\/semmelweis.hu\/deutsch\/files\/2023\/02\/RS26372_KA-20141210-IMG_1151-emk-scr.jpg alt=\"\" class=\"attachment-sote-gallery-big size-sote-gallery-big\" srcset=\"https:\/\/semmelweis.hu\/deutsch\/files\/2023\/02\/RS26372_KA-20141210-IMG_1151-emk-scr-400x267.jpg 400w, https:\/\/semmelweis.hu\/deutsch\/files\/2023\/02\/RS26372_KA-20141210-IMG_1151-emk-scr-768x512.jpg 768w, https:\/\/semmelweis.hu\/deutsch\/files\/2023\/02\/RS26372_KA-20141210-IMG_1151-emk-scr-753x502.jpg 753w, https:\/\/semmelweis.hu\/deutsch\/files\/2023\/02\/RS26372_KA-20141210-IMG_1151-emk-scr-203x135.jpg 203w, https:\/\/semmelweis.hu\/deutsch\/files\/2023\/02\/RS26372_KA-20141210-IMG_1151-emk-scr.jpg 950w\" >\r\n        <\/a><\/div><\/span>\r\n            <\/div>\r\n\r\n            [\/slb_exclude]\r\n\t\n<h1><a id=\"abteil\"><\/a>Abteilungen<\/h1>\n<div id=\"subunits-container\" class=\"container py-2 mt-0 mb-2\">\r\n            <div class=\"row card mx-0 mt-2 mb-2 flex-row\"><div class=\"col-md-6 col-12 px-normal mb-3 pr-md-2\">\r\n                        <div class=\"row mr-0\">\r\n                            <div class=\"col-md-1 col-2 card-icon col-header-normal pl-1 pr-0 pt-3\">\r\n                                <i class=\"fa fa-pencil\" aria-hidden=\"true\"><\/i>\r\n                            <\/div>\r\n                            <div class=\"col-md-11 col-10 card-body col-header-pale pl-2 pr-1 pt-3\">\r\n                                <h5><a href=\"https:\/\/semmelweis.hu\/ekk\/oktatas\/dekani-hivatal\/\">Dekanat der Fakult\u00e4t f\u00fcr \u00d6ffentliches Gesundheitswesen und Verwaltung<\/a><\/h5>\r\n                                <div class=\"card-text\">\r\n                                    <i class=\"fa fa-map-marker\" aria-hidden=\"true\"><\/i>1091 Budapest, \u00dcll\u0151i \u00fat 25.<span class=\"alignright d-inline-block mt-0\">\r\n                                        <a href=\"https:\/\/semmelweis.hu\/ekk\/oktatas\/dekani-hivatal\/\"><i class=\"fa fa-long-arrow-right\" aria-hidden=\"true\"><\/i><\/a>\r\n                                    <\/span>\r\n                                <\/div>\r\n                            <\/div>\r\n                        <\/div>\r\n                    <\/div><div class=\"col-md-6 col-12 px-normal mb-3 pr-md-2\">\r\n                        <div class=\"row mr-0\">\r\n                            <div class=\"col-md-1 col-2 card-icon col-header-normal pl-1 pr-0 pt-3\">\r\n                                <i class=\"fa fa-pencil\" aria-hidden=\"true\"><\/i>\r\n                            <\/div>\r\n                            <div class=\"col-md-11 col-10 card-body col-header-pale pl-2 pr-1 pt-3\">\r\n                                <h5><a href=\"https:\/\/semmelweis.hu\/emk\/en\/\">Zentrum f\u00fcr die Ausbildung im Gesundheitsmanagement<\/a><\/h5>\r\n                                <div class=\"card-text\">\r\n                                    <i class=\"fa fa-map-marker\" aria-hidden=\"true\"><\/i>1125 Budapest, K\u00fatv\u00f6lgyi \u00fat 2.<span class=\"alignright d-inline-block mt-0\">\r\n                                        <a href=\"https:\/\/semmelweis.hu\/emk\/en\/\"><i class=\"fa fa-long-arrow-right\" aria-hidden=\"true\"><\/i><\/a>\r\n                                    <\/span>\r\n                                <\/div>\r\n                            <\/div>\r\n                        <\/div>\r\n                    <\/div><div class=\"col-md-6 col-12 px-normal mb-3 pr-md-2\">\r\n                        <div class=\"row mr-0\">\r\n                            <div class=\"col-md-1 col-2 card-icon col-header-normal pl-1 pr-0 pt-3\">\r\n                                <i class=\"fa fa-pencil\" aria-hidden=\"true\"><\/i>\r\n                            <\/div>\r\n                            <div class=\"col-md-11 col-10 card-body col-header-pale pl-2 pr-1 pt-3\">\r\n                                <h5><a href=\"https:\/\/semmelweis.hu\/dei\/de\/\">Institut f\u00fcr Digitale Gesundheitswissenschaften<\/a><\/h5>\r\n                                <div class=\"card-text\">\r\n                                    <i class=\"fa fa-map-marker\" aria-hidden=\"true\"><\/i>1089 Budapest, Nagyv\u00e1rad t\u00e9r 4. fszt. 18.<span class=\"alignright d-inline-block mt-0\">\r\n                                        <a href=\"https:\/\/semmelweis.hu\/dei\/de\/\"><i class=\"fa fa-long-arrow-right\" aria-hidden=\"true\"><\/i><\/a>\r\n                                    <\/span>\r\n                                <\/div>\r\n                            <\/div>\r\n                        <\/div>\r\n                    <\/div><div class=\"col-md-6 col-12 px-normal mb-3 pr-md-2\">\r\n                        <div class=\"row mr-0\">\r\n                            <div class=\"col-md-1 col-2 card-icon col-header-normal pl-1 pr-0 pt-3\">\r\n                                <i class=\"fa fa-pencil\" aria-hidden=\"true\"><\/i>\r\n                            <\/div>\r\n                            <div class=\"col-md-11 col-10 card-body col-header-pale pl-2 pr-1 pt-3\">\r\n                                <h5><a href=\"https:\/\/semmelweis.hu\/mental\/en\/\">Institut f\u00fcr Mentalhygiene<\/a><\/h5>\r\n                                <div class=\"card-text\">\r\n                                    <i class=\"fa fa-map-marker\" aria-hidden=\"true\"><\/i>1089 Budapest, Nagyv\u00e1rad t\u00e9r 4.<span class=\"alignright d-inline-block mt-0\">\r\n                                        <a href=\"https:\/\/semmelweis.hu\/mental\/en\/\"><i class=\"fa fa-long-arrow-right\" aria-hidden=\"true\"><\/i><\/a>\r\n                                    <\/span>\r\n                                <\/div>\r\n                            <\/div>\r\n                        <\/div>\r\n                    <\/div><\/div>\r\n        <\/div>\n","protected":false},"excerpt":{"rendered":"<p>Die Fakult\u00e4t f\u00fcr \u00d6ffentliches Gesundheitswesen und Verwaltung (EKK) ist als eine der f\u00fchrenden Einrichtungen in Europa anerkannt. Ihre Aufgabe ist es, organisatorischen, gemeinschaftlichen und pers\u00f6nlichen Entwicklungsaktivit\u00e4ten in den Bereichen qualitative Bildung, Forschung, sozialwissenschaftliche Innovation und Beratung ein Umfeld zu bieten. FAKULT\u00c4T F\u00dcR \u00d6FFENTLICHES GESUNDHEITSWESEN UND VERWALTUNG Gegr\u00fcndet:\u00a02010 Dekan: Dr. Be\u00e1ta Pethesn\u00e9 D\u00e1vid Anzahl der Studierenden: &hellip;<\/p>\n","protected":false},"author":102160,"featured_media":33535,"parent":33092,"menu_order":2,"comment_status":"closed","ping_status":"closed","template":"template-fullwidth.php","meta":{"_acf_changed":false,"footnotes":""},"categories":[91],"tags":[],"class_list":["post-33528","page","type-page","status-publish","has-post-thumbnail","hentry","category-fakultaeten"],"acf":[],"_links":{"self":[{"href":"https:\/\/semmelweis.hu\/deutsch\/wp-json\/wp\/v2\/pages\/33528","targetHints":{"allow":["GET"]}}],"collection":[{"href":"https:\/\/semmelweis.hu\/deutsch\/wp-json\/wp\/v2\/pages"}],"about":[{"href":"https:\/\/semmelweis.hu\/deutsch\/wp-json\/wp\/v2\/types\/page"}],"author":[{"embeddable":true,"href":"https:\/\/semmelweis.hu\/deutsch\/wp-json\/wp\/v2\/users\/102160"}],"replies":[{"embeddable":true,"href":"https:\/\/semmelweis.hu\/deutsch\/wp-json\/wp\/v2\/comments?post=33528"}],"version-history":[{"count":7,"href":"https:\/\/semmelweis.hu\/deutsch\/wp-json\/wp\/v2\/pages\/33528\/revisions"}],"predecessor-version":[{"id":39399,"href":"https:\/\/semmelweis.hu\/deutsch\/wp-json\/wp\/v2\/pages\/33528\/revisions\/39399"}],"up":[{"embeddable":true,"href":"https:\/\/semmelweis.hu\/deutsch\/wp-json\/wp\/v2\/pages\/33092"}],"wp:featuredmedia":[{"embeddable":true,"href":"https:\/\/semmelweis.hu\/deutsch\/wp-json\/wp\/v2\/media\/33535"}],"wp:attachment":[{"href":"https:\/\/semmelweis.hu\/deutsch\/wp-json\/wp\/v2\/media?parent=33528"}],"wp:term":[{"taxonomy":"category","embeddable":true,"href":"https:\/\/semmelweis.hu\/deutsch\/wp-json\/wp\/v2\/categories?post=33528"},{"taxonomy":"post_tag","embeddable":true,"href":"https:\/\/semmelweis.hu\/deutsch\/wp-json\/wp\/v2\/tags?post=33528"}],"curies":[{"name":"wp","href":"https:\/\/api.w.org\/{rel}","templated":true}]}}