{"id":33170,"date":"2023-02-11T16:50:18","date_gmt":"2023-02-11T15:50:18","guid":{"rendered":"https:\/\/semmelweis.hu\/deutsch\/?page_id=33170"},"modified":"2025-08-25T09:50:33","modified_gmt":"2025-08-25T07:50:33","slug":"veranstaltungen-fuer-studienanfaenger-innen","status":"publish","type":"page","link":"https:\/\/semmelweis.hu\/deutsch\/bewerbung\/veranstaltungen-fuer-studienanfaenger-innen\/","title":{"rendered":"Veranstaltungen f\u00fcr Studienanf\u00e4nger\/innen"},"content":{"rendered":"<h4>Aktuelle Informationen f\u00fcr das Studienjahr 2025\/26 FOLGEN demn\u00e4chst<\/h4>\n<p><a href=\"https:\/\/semmelweis.hu\/deutsch\/2025\/08\/22\/programm-der-einschreibungswoche-2025\/\" target=\"_blank\" rel=\"noopener\">Programm der Einschreibungswoche<\/a><\/p>\n<hr \/>\n<h4>Allgemeine informationen<\/h4>\n<h4><strong>ERSTSEMESTLERTREFFEN<\/strong><\/h4>\n<p>Jedes Jahr gibt es am Zentrum f\u00fcr Theoretische Medizin (EOK) eine fr\u00f6hliche Veranstaltung, die mit einem Quiz und einer spielerischen Einf\u00fchrung beginnt. Das sogenannte Frischlingstreffen ist die erste Veranstaltung, bei der sich die neu zugelassenen Studierenden nach Bekanntgabe der Ergebnisse der Aufnahmepr\u00fcfung kennenlernen k\u00f6nnen. Im Laufe des Nachmittags k\u00f6nnen die Erstsemestler einen Einblick in den Universit\u00e4tsalltag gewinnen. Auch die Vertreterinnen und Vertreter der Studentenselbstverwaltung (H\u00d6K) stellen sich vor, beantworten alle Fragen und geben viele n\u00fctzliche Informationen an ihre Kommilitoninnen und Kommilitonen weiter.<\/p>\n<h4><strong>ERSTSEMESTLERCAMP<\/strong><\/h4>\n<p>Das Erstsemestlercamp der Semmelweis Universit\u00e4t findet jedes Jahr Mitte August in der malerischen Kleinstadt Tata statt. Dank des ausgedehnten Camps werden hier bereits viele Freundschaften geschlossen, die einen ein Leben lang begleiten k\u00f6nnen. Neu zugelassene Studierende erhalten eine Einladung der Camp-Organisatoren und die Freshman News zusammen mit dem ersten Informationsschreiben der Universit\u00e4t. (Die Freshers&#8216; News k\u00f6nnen Sie hier abrufen.) Die Einladung enth\u00e4lt wichtige Informationen \u00fcber das Camp, wie Sie sich anmelden k\u00f6nnen und die Kontaktdaten der Camp-Organisatoren und Fakult\u00e4tsleitung, die Sie jederzeit erreichen k\u00f6nnen, wenn Sie Fragen zum Camp haben. W\u00e4hrend des Forumtages des Camps k\u00f6nnen Sie auch den Rektor, die Dekane und einige Ihrer zuk\u00fcnftigen Lehrerinnen und Lehrer kennenlernen.<\/p>\n<h4><strong>ERSTSEMESTLERBALL<\/strong><\/h4>\n<p>Der Erstsemestlerball wird mit einem feierlichen Walzer der neu aufgenommenen Studierenden er\u00f6ffnet. Alle Erstsemestler haben die Gelegenheit, die Verwandlung des Theoretischen Blocks am Nagyv\u00e1rad-Platz in einen magischen Ort zu erleben. Mehrere bekannte Bands und DJs sorgen f\u00fcr die n\u00f6tige Stimmung.<\/p>\n<p>An der Universit\u00e4t gibt es verschiedene Studierendengruppen, die jeweils eine Vielzahl von wissenschaftlichen, kulturellen und sportlichen Veranstaltungen organisieren. Auch die Studentenselbstverwaltung (H\u00d6K), die sich in erster Linie mit der Interessenvertretung befasst, beteiligt sich aktiv an der Organisation verschiedener Veranstaltungen.<\/p>\n\r\n        [slb_exclude]\r\n        <div class=\"row galeria-wrapper mx-0 h-auto\">\r\n            <div class=\"col-9 pl-0 pr-2\">\r\n            <span class=\"gallery-item frame\">\r\n\t\t\t\t<div class=\"galeria-left-img\"><a href=\"https:\/\/semmelweis.hu\/deutsch\/files\/2023\/01\/golyahajo-2021-8.jpg\"><img src=https:\/\/semmelweis.hu\/deutsch\/files\/2023\/01\/golyahajo-2021-8.jpg  \r\n                            alt=\"\" \r\n                            class=\"attachment-sote-gallery-big size-sote-gallery-big\" \r\n                            srcset=\"https:\/\/semmelweis.hu\/deutsch\/files\/2023\/01\/golyahajo-2021-8-400x267.jpg 400w, https:\/\/semmelweis.hu\/deutsch\/files\/2023\/01\/golyahajo-2021-8-1024x683.jpg 1024w, https:\/\/semmelweis.hu\/deutsch\/files\/2023\/01\/golyahajo-2021-8-768x512.jpg 768w, https:\/\/semmelweis.hu\/deutsch\/files\/2023\/01\/golyahajo-2021-8-753x502.jpg 753w, https:\/\/semmelweis.hu\/deutsch\/files\/2023\/01\/golyahajo-2021-8-203x135.jpg 203w, https:\/\/semmelweis.hu\/deutsch\/files\/2023\/01\/golyahajo-2021-8.jpg 1200w\" ><\/a><\/div>\r\n            <\/span>\r\n\r\n            <\/div>\r\n\r\n\t\t\t<div class=\"col-3 pl-0 pr-0\">\r\n\t\t\t\t<div class=\"galeria-right-img d-flex justify-content-between flex-column h-100 w-100 px-0 mx-0 \">\r\n                <div class=\"galeria-box\">\r\n\t\t\t\t\t<h3 class=\"galeria-title\">Galerie<\/h3>\r\n\t\t\t\t\t<div class=\"galeria-subtitle\">\r\n\r\n\t\t\t\t\t\t<div class=\"galeria-page-counter\"><span>16<\/span>bilder<\/div>\r\n                    <\/div> <\/div>\r\n                    <span class=\"gallery-item frame d-none d-md-flex\">\r\n\t\t\t\t\t<div class=\"galeria-small-img mt-0\"><a href=\"https:\/\/semmelweis.hu\/deutsch\/files\/2023\/01\/RS158693_3P1A2412-scr-1.jpg\"><img src=https:\/\/semmelweis.hu\/deutsch\/files\/2023\/01\/RS158693_3P1A2412-scr-1.jpg \r\n                                alt=\"\"  \r\n                                class=\"attachment-sote-gallery-small size-sote-gallery-small\" \r\n                                srcset=\"https:\/\/semmelweis.hu\/deutsch\/files\/2023\/01\/RS158693_3P1A2412-scr-1-400x267.jpg 400w, https:\/\/semmelweis.hu\/deutsch\/files\/2023\/01\/RS158693_3P1A2412-scr-1-1024x683.jpg 1024w, https:\/\/semmelweis.hu\/deutsch\/files\/2023\/01\/RS158693_3P1A2412-scr-1-768x512.jpg 768w, https:\/\/semmelweis.hu\/deutsch\/files\/2023\/01\/RS158693_3P1A2412-scr-1-753x502.jpg 753w, https:\/\/semmelweis.hu\/deutsch\/files\/2023\/01\/RS158693_3P1A2412-scr-1-203x135.jpg 203w, https:\/\/semmelweis.hu\/deutsch\/files\/2023\/01\/RS158693_3P1A2412-scr-1.jpg 1200w\" ><\/a><\/div>\r\n                    <\/span>\r\n                    <span class=\"gallery-item frame d-none d-md-flex\">\r\n\t\t\t\t\t<div class=\"galeria-small-img mt-0\"><a href=\"https:\/\/semmelweis.hu\/deutsch\/files\/2023\/01\/RS84709_KA-20181018-KA__7412-scr.jpg\"><img src=https:\/\/semmelweis.hu\/deutsch\/files\/2023\/01\/RS84709_KA-20181018-KA__7412-scr.jpg \r\n                                alt=\"\" \r\n                                class=\"attachment-sote-gallery-small size-sote-gallery-small\" \r\n                                srcset=\"https:\/\/semmelweis.hu\/deutsch\/files\/2023\/01\/RS84709_KA-20181018-KA__7412-scr-400x267.jpg 400w, https:\/\/semmelweis.hu\/deutsch\/files\/2023\/01\/RS84709_KA-20181018-KA__7412-scr-768x512.jpg 768w, https:\/\/semmelweis.hu\/deutsch\/files\/2023\/01\/RS84709_KA-20181018-KA__7412-scr-753x502.jpg 753w, https:\/\/semmelweis.hu\/deutsch\/files\/2023\/01\/RS84709_KA-20181018-KA__7412-scr-203x135.jpg 203w, https:\/\/semmelweis.hu\/deutsch\/files\/2023\/01\/RS84709_KA-20181018-KA__7412-scr.jpg 950w\" ><\/a><\/div>\r\n                    <\/span>\r\n\r\n                <\/div>\r\n\r\n            <\/div>\r\n\r\n            <span class=\"gallery-item\"><div class=\"hidden\"><a href=\"https:\/\/semmelweis.hu\/deutsch\/files\/2023\/01\/RS102690_DA_20191018_1314-scr.jpg\">\r\n        <img src=https:\/\/semmelweis.hu\/deutsch\/files\/2023\/01\/RS102690_DA_20191018_1314-scr.jpg alt=\"\" class=\"attachment-sote-gallery-big size-sote-gallery-big\" srcset=\"https:\/\/semmelweis.hu\/deutsch\/files\/2023\/01\/RS102690_DA_20191018_1314-scr-400x267.jpg 400w, https:\/\/semmelweis.hu\/deutsch\/files\/2023\/01\/RS102690_DA_20191018_1314-scr-768x512.jpg 768w, https:\/\/semmelweis.hu\/deutsch\/files\/2023\/01\/RS102690_DA_20191018_1314-scr-753x502.jpg 753w, https:\/\/semmelweis.hu\/deutsch\/files\/2023\/01\/RS102690_DA_20191018_1314-scr-203x135.jpg 203w, https:\/\/semmelweis.hu\/deutsch\/files\/2023\/01\/RS102690_DA_20191018_1314-scr.jpg 950w\" >\r\n        <\/a><\/div><\/span><span class=\"gallery-item\"><div class=\"hidden\"><a href=\"https:\/\/semmelweis.hu\/deutsch\/files\/2023\/01\/RS141525_C19A7209-2-scr.jpg\">\r\n        <img src=https:\/\/semmelweis.hu\/deutsch\/files\/2023\/01\/RS141525_C19A7209-2-scr.jpg alt=\"\" class=\"attachment-sote-gallery-big size-sote-gallery-big\" srcset=\"https:\/\/semmelweis.hu\/deutsch\/files\/2023\/01\/RS141525_C19A7209-2-scr-400x267.jpg 400w, https:\/\/semmelweis.hu\/deutsch\/files\/2023\/01\/RS141525_C19A7209-2-scr-1024x683.jpg 1024w, https:\/\/semmelweis.hu\/deutsch\/files\/2023\/01\/RS141525_C19A7209-2-scr-768x512.jpg 768w, https:\/\/semmelweis.hu\/deutsch\/files\/2023\/01\/RS141525_C19A7209-2-scr-753x502.jpg 753w, https:\/\/semmelweis.hu\/deutsch\/files\/2023\/01\/RS141525_C19A7209-2-scr-203x135.jpg 203w, https:\/\/semmelweis.hu\/deutsch\/files\/2023\/01\/RS141525_C19A7209-2-scr.jpg 1200w\" >\r\n        <\/a><\/div><\/span><span class=\"gallery-item\"><div class=\"hidden\"><a href=\"https:\/\/semmelweis.hu\/deutsch\/files\/2023\/01\/RS102683_DA_20191018_1270-scr.jpg\">\r\n        <img src=https:\/\/semmelweis.hu\/deutsch\/files\/2023\/01\/RS102683_DA_20191018_1270-scr.jpg alt=\"\" class=\"attachment-sote-gallery-big size-sote-gallery-big\" srcset=\"https:\/\/semmelweis.hu\/deutsch\/files\/2023\/01\/RS102683_DA_20191018_1270-scr-400x267.jpg 400w, https:\/\/semmelweis.hu\/deutsch\/files\/2023\/01\/RS102683_DA_20191018_1270-scr-768x512.jpg 768w, https:\/\/semmelweis.hu\/deutsch\/files\/2023\/01\/RS102683_DA_20191018_1270-scr-753x502.jpg 753w, https:\/\/semmelweis.hu\/deutsch\/files\/2023\/01\/RS102683_DA_20191018_1270-scr-203x135.jpg 203w, https:\/\/semmelweis.hu\/deutsch\/files\/2023\/01\/RS102683_DA_20191018_1270-scr.jpg 950w\" >\r\n        <\/a><\/div><\/span><span class=\"gallery-item\"><div class=\"hidden\"><a href=\"https:\/\/semmelweis.hu\/deutsch\/files\/2023\/01\/RS84672_KA-20181018-KA__7555-scr.jpg\">\r\n        <img src=https:\/\/semmelweis.hu\/deutsch\/files\/2023\/01\/RS84672_KA-20181018-KA__7555-scr.jpg alt=\"\" class=\"attachment-sote-gallery-big size-sote-gallery-big\" srcset=\"https:\/\/semmelweis.hu\/deutsch\/files\/2023\/01\/RS84672_KA-20181018-KA__7555-scr-400x267.jpg 400w, https:\/\/semmelweis.hu\/deutsch\/files\/2023\/01\/RS84672_KA-20181018-KA__7555-scr-768x512.jpg 768w, https:\/\/semmelweis.hu\/deutsch\/files\/2023\/01\/RS84672_KA-20181018-KA__7555-scr-753x502.jpg 753w, https:\/\/semmelweis.hu\/deutsch\/files\/2023\/01\/RS84672_KA-20181018-KA__7555-scr-203x135.jpg 203w, https:\/\/semmelweis.hu\/deutsch\/files\/2023\/01\/RS84672_KA-20181018-KA__7555-scr.jpg 950w\" >\r\n        <\/a><\/div><\/span><span class=\"gallery-item\"><div class=\"hidden\"><a href=\"https:\/\/semmelweis.hu\/deutsch\/files\/2023\/01\/RS158516_3P1A1037-scr.jpg\">\r\n        <img src=https:\/\/semmelweis.hu\/deutsch\/files\/2023\/01\/RS158516_3P1A1037-scr.jpg alt=\"\" class=\"attachment-sote-gallery-big size-sote-gallery-big\" srcset=\"https:\/\/semmelweis.hu\/deutsch\/files\/2023\/01\/RS158516_3P1A1037-scr-400x267.jpg 400w, https:\/\/semmelweis.hu\/deutsch\/files\/2023\/01\/RS158516_3P1A1037-scr-1024x683.jpg 1024w, https:\/\/semmelweis.hu\/deutsch\/files\/2023\/01\/RS158516_3P1A1037-scr-768x512.jpg 768w, https:\/\/semmelweis.hu\/deutsch\/files\/2023\/01\/RS158516_3P1A1037-scr-753x502.jpg 753w, https:\/\/semmelweis.hu\/deutsch\/files\/2023\/01\/RS158516_3P1A1037-scr-203x135.jpg 203w, https:\/\/semmelweis.hu\/deutsch\/files\/2023\/01\/RS158516_3P1A1037-scr.jpg 1200w\" >\r\n        <\/a><\/div><\/span><span class=\"gallery-item\"><div class=\"hidden\"><a href=\"https:\/\/semmelweis.hu\/deutsch\/files\/2023\/01\/RS158527_3P1A1118-scr.jpg\">\r\n        <img src=https:\/\/semmelweis.hu\/deutsch\/files\/2023\/01\/RS158527_3P1A1118-scr.jpg alt=\"\" class=\"attachment-sote-gallery-big size-sote-gallery-big\" srcset=\"https:\/\/semmelweis.hu\/deutsch\/files\/2023\/01\/RS158527_3P1A1118-scr-400x267.jpg 400w, https:\/\/semmelweis.hu\/deutsch\/files\/2023\/01\/RS158527_3P1A1118-scr-1024x683.jpg 1024w, https:\/\/semmelweis.hu\/deutsch\/files\/2023\/01\/RS158527_3P1A1118-scr-768x512.jpg 768w, https:\/\/semmelweis.hu\/deutsch\/files\/2023\/01\/RS158527_3P1A1118-scr-753x502.jpg 753w, https:\/\/semmelweis.hu\/deutsch\/files\/2023\/01\/RS158527_3P1A1118-scr-203x135.jpg 203w, https:\/\/semmelweis.hu\/deutsch\/files\/2023\/01\/RS158527_3P1A1118-scr.jpg 1200w\" >\r\n        <\/a><\/div><\/span><span class=\"gallery-item\"><div class=\"hidden\"><a href=\"https:\/\/semmelweis.hu\/deutsch\/files\/2023\/01\/RS158690_3P1A2396-scr.jpg\">\r\n        <img src=https:\/\/semmelweis.hu\/deutsch\/files\/2023\/01\/RS158690_3P1A2396-scr.jpg alt=\"\" class=\"attachment-sote-gallery-big size-sote-gallery-big\" srcset=\"https:\/\/semmelweis.hu\/deutsch\/files\/2023\/01\/RS158690_3P1A2396-scr-400x267.jpg 400w, https:\/\/semmelweis.hu\/deutsch\/files\/2023\/01\/RS158690_3P1A2396-scr-1024x683.jpg 1024w, https:\/\/semmelweis.hu\/deutsch\/files\/2023\/01\/RS158690_3P1A2396-scr-768x512.jpg 768w, https:\/\/semmelweis.hu\/deutsch\/files\/2023\/01\/RS158690_3P1A2396-scr-753x502.jpg 753w, https:\/\/semmelweis.hu\/deutsch\/files\/2023\/01\/RS158690_3P1A2396-scr-203x135.jpg 203w, https:\/\/semmelweis.hu\/deutsch\/files\/2023\/01\/RS158690_3P1A2396-scr.jpg 1200w\" >\r\n        <\/a><\/div><\/span><span class=\"gallery-item\"><div class=\"hidden\"><a href=\"https:\/\/semmelweis.hu\/deutsch\/files\/2023\/01\/RS158645_3P1A1478-scr.jpg\">\r\n        <img src=https:\/\/semmelweis.hu\/deutsch\/files\/2023\/01\/RS158645_3P1A1478-scr.jpg alt=\"\" class=\"attachment-sote-gallery-big size-sote-gallery-big\" srcset=\"https:\/\/semmelweis.hu\/deutsch\/files\/2023\/01\/RS158645_3P1A1478-scr-400x267.jpg 400w, https:\/\/semmelweis.hu\/deutsch\/files\/2023\/01\/RS158645_3P1A1478-scr-1024x683.jpg 1024w, https:\/\/semmelweis.hu\/deutsch\/files\/2023\/01\/RS158645_3P1A1478-scr-768x512.jpg 768w, https:\/\/semmelweis.hu\/deutsch\/files\/2023\/01\/RS158645_3P1A1478-scr-753x502.jpg 753w, https:\/\/semmelweis.hu\/deutsch\/files\/2023\/01\/RS158645_3P1A1478-scr-203x135.jpg 203w, https:\/\/semmelweis.hu\/deutsch\/files\/2023\/01\/RS158645_3P1A1478-scr.jpg 1200w\" >\r\n        <\/a><\/div><\/span><span class=\"gallery-item\"><div class=\"hidden\"><a href=\"https:\/\/semmelweis.hu\/deutsch\/files\/2023\/01\/RS158725_3P1A3023-scr.jpg\">\r\n        <img src=https:\/\/semmelweis.hu\/deutsch\/files\/2023\/01\/RS158725_3P1A3023-scr.jpg alt=\"\" class=\"attachment-sote-gallery-big size-sote-gallery-big\" srcset=\"https:\/\/semmelweis.hu\/deutsch\/files\/2023\/01\/RS158725_3P1A3023-scr-400x267.jpg 400w, https:\/\/semmelweis.hu\/deutsch\/files\/2023\/01\/RS158725_3P1A3023-scr-1024x683.jpg 1024w, https:\/\/semmelweis.hu\/deutsch\/files\/2023\/01\/RS158725_3P1A3023-scr-768x512.jpg 768w, https:\/\/semmelweis.hu\/deutsch\/files\/2023\/01\/RS158725_3P1A3023-scr-753x502.jpg 753w, https:\/\/semmelweis.hu\/deutsch\/files\/2023\/01\/RS158725_3P1A3023-scr-203x135.jpg 203w, https:\/\/semmelweis.hu\/deutsch\/files\/2023\/01\/RS158725_3P1A3023-scr.jpg 1200w\" >\r\n        <\/a><\/div><\/span><span class=\"gallery-item\"><div class=\"hidden\"><a href=\"https:\/\/semmelweis.hu\/deutsch\/files\/2023\/01\/RS158723_3P1A2999-scr.jpg\">\r\n        <img src=https:\/\/semmelweis.hu\/deutsch\/files\/2023\/01\/RS158723_3P1A2999-scr.jpg alt=\"\" class=\"attachment-sote-gallery-big size-sote-gallery-big\" srcset=\"https:\/\/semmelweis.hu\/deutsch\/files\/2023\/01\/RS158723_3P1A2999-scr-400x267.jpg 400w, https:\/\/semmelweis.hu\/deutsch\/files\/2023\/01\/RS158723_3P1A2999-scr-1024x683.jpg 1024w, https:\/\/semmelweis.hu\/deutsch\/files\/2023\/01\/RS158723_3P1A2999-scr-768x512.jpg 768w, https:\/\/semmelweis.hu\/deutsch\/files\/2023\/01\/RS158723_3P1A2999-scr-753x502.jpg 753w, https:\/\/semmelweis.hu\/deutsch\/files\/2023\/01\/RS158723_3P1A2999-scr-203x135.jpg 203w, https:\/\/semmelweis.hu\/deutsch\/files\/2023\/01\/RS158723_3P1A2999-scr.jpg 1200w\" >\r\n        <\/a><\/div><\/span><span class=\"gallery-item\"><div class=\"hidden\"><a href=\"https:\/\/semmelweis.hu\/deutsch\/files\/2023\/01\/golyahajo-2021-15.jpg\">\r\n        <img src=https:\/\/semmelweis.hu\/deutsch\/files\/2023\/01\/golyahajo-2021-15.jpg alt=\"\" class=\"attachment-sote-gallery-big size-sote-gallery-big\" srcset=\"https:\/\/semmelweis.hu\/deutsch\/files\/2023\/01\/golyahajo-2021-15-400x267.jpg 400w, https:\/\/semmelweis.hu\/deutsch\/files\/2023\/01\/golyahajo-2021-15-1024x683.jpg 1024w, https:\/\/semmelweis.hu\/deutsch\/files\/2023\/01\/golyahajo-2021-15-768x512.jpg 768w, https:\/\/semmelweis.hu\/deutsch\/files\/2023\/01\/golyahajo-2021-15-753x502.jpg 753w, https:\/\/semmelweis.hu\/deutsch\/files\/2023\/01\/golyahajo-2021-15-203x135.jpg 203w, https:\/\/semmelweis.hu\/deutsch\/files\/2023\/01\/golyahajo-2021-15.jpg 1200w\" >\r\n        <\/a><\/div><\/span><span class=\"gallery-item\"><div class=\"hidden\"><a href=\"https:\/\/semmelweis.hu\/deutsch\/files\/2023\/01\/golyahajo-2021-6.jpg\">\r\n        <img src=https:\/\/semmelweis.hu\/deutsch\/files\/2023\/01\/golyahajo-2021-6.jpg alt=\"\" class=\"attachment-sote-gallery-big size-sote-gallery-big\" srcset=\"https:\/\/semmelweis.hu\/deutsch\/files\/2023\/01\/golyahajo-2021-6-400x267.jpg 400w, https:\/\/semmelweis.hu\/deutsch\/files\/2023\/01\/golyahajo-2021-6-1024x683.jpg 1024w, https:\/\/semmelweis.hu\/deutsch\/files\/2023\/01\/golyahajo-2021-6-768x512.jpg 768w, https:\/\/semmelweis.hu\/deutsch\/files\/2023\/01\/golyahajo-2021-6-753x502.jpg 753w, https:\/\/semmelweis.hu\/deutsch\/files\/2023\/01\/golyahajo-2021-6-203x135.jpg 203w, https:\/\/semmelweis.hu\/deutsch\/files\/2023\/01\/golyahajo-2021-6.jpg 1200w\" >\r\n        <\/a><\/div><\/span><span class=\"gallery-item\"><div class=\"hidden\"><a href=\"https:\/\/semmelweis.hu\/deutsch\/files\/2023\/01\/golyahajo-2021-4.jpg\">\r\n        <img src=https:\/\/semmelweis.hu\/deutsch\/files\/2023\/01\/golyahajo-2021-4.jpg alt=\"\" class=\"attachment-sote-gallery-big size-sote-gallery-big\" srcset=\"https:\/\/semmelweis.hu\/deutsch\/files\/2023\/01\/golyahajo-2021-4-400x267.jpg 400w, https:\/\/semmelweis.hu\/deutsch\/files\/2023\/01\/golyahajo-2021-4-1024x683.jpg 1024w, https:\/\/semmelweis.hu\/deutsch\/files\/2023\/01\/golyahajo-2021-4-768x512.jpg 768w, https:\/\/semmelweis.hu\/deutsch\/files\/2023\/01\/golyahajo-2021-4-753x502.jpg 753w, https:\/\/semmelweis.hu\/deutsch\/files\/2023\/01\/golyahajo-2021-4-203x135.jpg 203w, https:\/\/semmelweis.hu\/deutsch\/files\/2023\/01\/golyahajo-2021-4.jpg 1200w\" >\r\n        <\/a><\/div><\/span>\r\n            <\/div>\r\n\r\n            [\/slb_exclude]\r\n\t\n<p>&nbsp;<\/p>\n","protected":false},"excerpt":{"rendered":"<p>Aktuelle Informationen f\u00fcr das Studienjahr 2025\/26 FOLGEN demn\u00e4chst <a href=\"https:\/\/semmelweis.hu\/deutsch\/2025\/08\/22\/programm-der-einschreibungswoche-2025\/\" target=\"_blank\" rel=\"noopener\">Programm der Einschreibungswoche<\/a> Allgemeine informationen ERSTSEMESTLERTREFFEN Jedes Jahr gibt es am Zentrum f\u00fcr Theoretische Medizin (EOK) eine fr\u00f6hliche Veranstaltung, die mit einem Quiz und einer spielerischen Einf\u00fchrung beginnt. Das sogenannte Frischlingstreffen ist die erste Veranstaltung, bei der sich die neu zugelassenen Studierenden nach Bekanntgabe der Ergebnisse der Aufnahmepr\u00fcfung kennenlernen k\u00f6nnen. &hellip;<\/p>\n","protected":false},"author":12,"featured_media":33185,"parent":1931,"menu_order":7,"comment_status":"closed","ping_status":"closed","template":"","meta":{"_acf_changed":false,"footnotes":""},"categories":[96],"tags":[],"class_list":["post-33170","page","type-page","status-publish","has-post-thumbnail","hentry","category-nach-der-zulassung"],"acf":[],"_links":{"self":[{"href":"https:\/\/semmelweis.hu\/deutsch\/wp-json\/wp\/v2\/pages\/33170","targetHints":{"allow":["GET"]}}],"collection":[{"href":"https:\/\/semmelweis.hu\/deutsch\/wp-json\/wp\/v2\/pages"}],"about":[{"href":"https:\/\/semmelweis.hu\/deutsch\/wp-json\/wp\/v2\/types\/page"}],"author":[{"embeddable":true,"href":"https:\/\/semmelweis.hu\/deutsch\/wp-json\/wp\/v2\/users\/12"}],"replies":[{"embeddable":true,"href":"https:\/\/semmelweis.hu\/deutsch\/wp-json\/wp\/v2\/comments?post=33170"}],"version-history":[{"count":8,"href":"https:\/\/semmelweis.hu\/deutsch\/wp-json\/wp\/v2\/pages\/33170\/revisions"}],"predecessor-version":[{"id":39296,"href":"https:\/\/semmelweis.hu\/deutsch\/wp-json\/wp\/v2\/pages\/33170\/revisions\/39296"}],"up":[{"embeddable":true,"href":"https:\/\/semmelweis.hu\/deutsch\/wp-json\/wp\/v2\/pages\/1931"}],"wp:featuredmedia":[{"embeddable":true,"href":"https:\/\/semmelweis.hu\/deutsch\/wp-json\/wp\/v2\/media\/33185"}],"wp:attachment":[{"href":"https:\/\/semmelweis.hu\/deutsch\/wp-json\/wp\/v2\/media?parent=33170"}],"wp:term":[{"taxonomy":"category","embeddable":true,"href":"https:\/\/semmelweis.hu\/deutsch\/wp-json\/wp\/v2\/categories?post=33170"},{"taxonomy":"post_tag","embeddable":true,"href":"https:\/\/semmelweis.hu\/deutsch\/wp-json\/wp\/v2\/tags?post=33170"}],"curies":[{"name":"wp","href":"https:\/\/api.w.org\/{rel}","templated":true}]}}