{"id":33162,"date":"2023-02-11T16:51:01","date_gmt":"2023-02-11T15:51:01","guid":{"rendered":"https:\/\/semmelweis.hu\/deutsch\/?page_id=33162"},"modified":"2026-02-10T10:59:13","modified_gmt":"2026-02-10T09:59:13","slug":"eroffnung-des-studienjahres","status":"publish","type":"page","link":"https:\/\/semmelweis.hu\/deutsch\/bewerbung\/eroffnung-des-studienjahres\/","title":{"rendered":"Er\u00f6ffnung des Studienjahres"},"content":{"rendered":"<div class=\"fontos_div\">\n<h6><strong>Feierliche Er\u00f6ffnung des Studienjahres 2026\/2027<\/strong><\/h6>\n<p>Datum: <strong>6. September 2026 (Sonntag)<\/strong><br \/>\nOrt: <strong>MVM Dome (1091 Budapest, \u00dcll\u0151i \u00fat 133-135.)<\/strong><em><\/p>\n<p><\/em><\/p>\n<p>Die Teilnahme an der feierlichen Er\u00f6ffnung ist f\u00fcr neu zugelassene Studierende obligatorisch.<\/p>\n<p>Beginn des Studienjahres: <strong>7. September 2026<\/strong><\/p>\n<\/div>\n<hr \/>\n<p>Vor mehr als 250 Jahren, und zwar am 8. November 1770, wurde um 8 Uhr morgens das erste Studienjahr der Semmelweis Universit\u00e4t er\u00f6ffnet. Heutzutage findet die Er\u00f6ffnungsveranstaltung Ende August \/ Anfang September statt, und die Universit\u00e4tsleitung betritt die Veranstaltung traditionsgem\u00e4\u00df in feierlichen Gew\u00e4ndern, begleitet von der National- und Universit\u00e4tsfahne und dem goldenen Zepter aus dem Jahr 1772.<\/p>\n<p>An der Zeremonie nehmen die Studienanf\u00e4ngerinnen und -anf\u00e4nger aller Fakult\u00e4ten teil, die ihr feierliches Gel\u00f6bnis auf Ungarisch, Englisch und Deutsch ablegen. Das Ablegen des Gel\u00f6bnisses ist Teil des Curriculums, deshalb ist die Teilnahme an der feierlichen Er\u00f6ffnung f\u00fcr alle Studienanf\u00e4nger obligatorisch. Die Familien der neu aufgenommenen Studierenden sind herzlich eingeladen, der Er\u00f6ffnung beizuwohnen. W\u00e4hrend der Veranstaltung begr\u00fc\u00dfen F\u00fchrungskr\u00e4fte sowie Vertreterinnen und Vertreter der Studentenschaft die Neuank\u00f6mmlinge, und am Ende der Zeremonie spielt jedes Jahr das von Studierenden der Universit\u00e4t gebildete Medic-Orchester ein klassisches St\u00fcck.\u00a0<\/p>\n<div class=\"fontos_div\">\n<p>Sehen Sie sich dieses <a href=\"https:\/\/www.youtube.com\/watch?v=j8yRFFY_sy8\" target=\"_blank\" rel=\"noopener\"><strong>lustige Video<\/strong><\/a> \u00fcber die Insignien der Universit\u00e4t an: die Roben, das Zepter und die Kette.<\/p>\n<\/div>\n\r\n        [slb_exclude]\r\n        <div class=\"row galeria-wrapper mx-0 h-auto\">\r\n            <div class=\"col-9 pl-0 pr-2\">\r\n            <span class=\"gallery-item frame\">\r\n\t\t\t\t<div class=\"galeria-left-img\"><a href=\"https:\/\/semmelweis.hu\/deutsch\/files\/2023\/01\/RS159668_C19A3205-scr-2.jpg\"><img src=https:\/\/semmelweis.hu\/deutsch\/files\/2023\/01\/RS159668_C19A3205-scr-2.jpg  \r\n                            alt=\"\" \r\n                            class=\"attachment-sote-gallery-big size-sote-gallery-big\" \r\n                            srcset=\"https:\/\/semmelweis.hu\/deutsch\/files\/2023\/01\/RS159668_C19A3205-scr-2-400x267.jpg 400w, https:\/\/semmelweis.hu\/deutsch\/files\/2023\/01\/RS159668_C19A3205-scr-2-1024x683.jpg 1024w, https:\/\/semmelweis.hu\/deutsch\/files\/2023\/01\/RS159668_C19A3205-scr-2-768x512.jpg 768w, https:\/\/semmelweis.hu\/deutsch\/files\/2023\/01\/RS159668_C19A3205-scr-2-753x502.jpg 753w, https:\/\/semmelweis.hu\/deutsch\/files\/2023\/01\/RS159668_C19A3205-scr-2-203x135.jpg 203w, https:\/\/semmelweis.hu\/deutsch\/files\/2023\/01\/RS159668_C19A3205-scr-2.jpg 1200w\" ><\/a><\/div>\r\n            <\/span>\r\n\r\n            <\/div>\r\n\r\n\t\t\t<div class=\"col-3 pl-0 pr-0\">\r\n\t\t\t\t<div class=\"galeria-right-img d-flex justify-content-between flex-column h-100 w-100 px-0 mx-0 \">\r\n                <div class=\"galeria-box\">\r\n\t\t\t\t\t<h3 class=\"galeria-title\">Galerie<\/h3>\r\n\t\t\t\t\t<div class=\"galeria-subtitle\">\r\n\r\n\t\t\t\t\t\t<div class=\"galeria-page-counter\"><span>5<\/span>bilder<\/div>\r\n                    <\/div> <\/div>\r\n                    <span class=\"gallery-item frame d-none d-md-flex\">\r\n\t\t\t\t\t<div class=\"galeria-small-img mt-0\"><a href=\"https:\/\/semmelweis.hu\/deutsch\/files\/2023\/01\/RS159760_3P1A9463-scr.jpg\"><img src=https:\/\/semmelweis.hu\/deutsch\/files\/2023\/01\/RS159760_3P1A9463-scr.jpg \r\n                                alt=\"\"  \r\n                                class=\"attachment-sote-gallery-small size-sote-gallery-small\" \r\n                                srcset=\"https:\/\/semmelweis.hu\/deutsch\/files\/2023\/01\/RS159760_3P1A9463-scr-400x267.jpg 400w, https:\/\/semmelweis.hu\/deutsch\/files\/2023\/01\/RS159760_3P1A9463-scr-1024x683.jpg 1024w, https:\/\/semmelweis.hu\/deutsch\/files\/2023\/01\/RS159760_3P1A9463-scr-768x512.jpg 768w, https:\/\/semmelweis.hu\/deutsch\/files\/2023\/01\/RS159760_3P1A9463-scr-753x502.jpg 753w, https:\/\/semmelweis.hu\/deutsch\/files\/2023\/01\/RS159760_3P1A9463-scr-203x135.jpg 203w, https:\/\/semmelweis.hu\/deutsch\/files\/2023\/01\/RS159760_3P1A9463-scr.jpg 1200w\" ><\/a><\/div>\r\n                    <\/span>\r\n                    <span class=\"gallery-item frame d-none d-md-flex\">\r\n\t\t\t\t\t<div class=\"galeria-small-img mt-0\"><a href=\"https:\/\/semmelweis.hu\/deutsch\/files\/2023\/01\/RS159685_C19A3328-scr.jpg\"><img src=https:\/\/semmelweis.hu\/deutsch\/files\/2023\/01\/RS159685_C19A3328-scr.jpg \r\n                                alt=\"\" \r\n                                class=\"attachment-sote-gallery-small size-sote-gallery-small\" \r\n                                srcset=\"https:\/\/semmelweis.hu\/deutsch\/files\/2023\/01\/RS159685_C19A3328-scr-400x267.jpg 400w, https:\/\/semmelweis.hu\/deutsch\/files\/2023\/01\/RS159685_C19A3328-scr-1024x683.jpg 1024w, https:\/\/semmelweis.hu\/deutsch\/files\/2023\/01\/RS159685_C19A3328-scr-768x512.jpg 768w, https:\/\/semmelweis.hu\/deutsch\/files\/2023\/01\/RS159685_C19A3328-scr-753x502.jpg 753w, https:\/\/semmelweis.hu\/deutsch\/files\/2023\/01\/RS159685_C19A3328-scr-203x135.jpg 203w, https:\/\/semmelweis.hu\/deutsch\/files\/2023\/01\/RS159685_C19A3328-scr.jpg 1200w\" ><\/a><\/div>\r\n                    <\/span>\r\n\r\n                <\/div>\r\n\r\n            <\/div>\r\n\r\n            <span class=\"gallery-item\"><div class=\"hidden\"><a href=\"https:\/\/semmelweis.hu\/deutsch\/files\/2023\/01\/RS159651_C19A3107-scr.jpg\">\r\n        <img src=https:\/\/semmelweis.hu\/deutsch\/files\/2023\/01\/RS159651_C19A3107-scr.jpg alt=\"\" class=\"attachment-sote-gallery-big size-sote-gallery-big\" srcset=\"https:\/\/semmelweis.hu\/deutsch\/files\/2023\/01\/RS159651_C19A3107-scr-400x267.jpg 400w, https:\/\/semmelweis.hu\/deutsch\/files\/2023\/01\/RS159651_C19A3107-scr-1024x683.jpg 1024w, https:\/\/semmelweis.hu\/deutsch\/files\/2023\/01\/RS159651_C19A3107-scr-768x512.jpg 768w, https:\/\/semmelweis.hu\/deutsch\/files\/2023\/01\/RS159651_C19A3107-scr-753x502.jpg 753w, https:\/\/semmelweis.hu\/deutsch\/files\/2023\/01\/RS159651_C19A3107-scr-203x135.jpg 203w, https:\/\/semmelweis.hu\/deutsch\/files\/2023\/01\/RS159651_C19A3107-scr.jpg 1200w\" >\r\n        <\/a><\/div><\/span><span class=\"gallery-item\"><div class=\"hidden\"><a href=\"https:\/\/semmelweis.hu\/deutsch\/files\/2023\/01\/RS159689_C19A3361-scr.jpg\">\r\n        <img src=https:\/\/semmelweis.hu\/deutsch\/files\/2023\/01\/RS159689_C19A3361-scr.jpg alt=\"\" class=\"attachment-sote-gallery-big size-sote-gallery-big\" srcset=\"https:\/\/semmelweis.hu\/deutsch\/files\/2023\/01\/RS159689_C19A3361-scr-400x267.jpg 400w, https:\/\/semmelweis.hu\/deutsch\/files\/2023\/01\/RS159689_C19A3361-scr-1024x683.jpg 1024w, https:\/\/semmelweis.hu\/deutsch\/files\/2023\/01\/RS159689_C19A3361-scr-768x512.jpg 768w, https:\/\/semmelweis.hu\/deutsch\/files\/2023\/01\/RS159689_C19A3361-scr-753x502.jpg 753w, https:\/\/semmelweis.hu\/deutsch\/files\/2023\/01\/RS159689_C19A3361-scr-203x135.jpg 203w, https:\/\/semmelweis.hu\/deutsch\/files\/2023\/01\/RS159689_C19A3361-scr.jpg 1200w\" >\r\n        <\/a><\/div><\/span>\r\n            <\/div>\r\n\r\n            [\/slb_exclude]\r\n\t\n<div class=\"keretes w-100\">\n<h4><strong>Der Wortlaut des feierlichen Gel\u00f6bnisses:<\/strong><\/h4>\n<p>Ich, &#8230;&#8230;<em>[Name]<\/em>&#8230;&#8230;. schw\u00f6re, mich stets gem\u00e4\u00df meinem \u00e4rztlichen Stande w\u00fcrdig zu verhalten. Mein medizinisches Wissen werde ich zur Vorbeugung der Krankheiten, zum Wohle der Patienten und zur Heilung ihrer Krankheiten einsetzen.<\/p>\n<p>Nie werde ich das Vertrauen der mich befragenden Kranken und die Lage, ausgeliefert zu sein, missbrauchen. Die Schweigepflicht werde ich wahren.\u00a0<\/p>\n<p>Mit der gleichen Aufmerksamkeit und Sorgfalt heile ich jeden Menschen. Mein erworbenes Wissen und meine praktischen Kenntnisse werde ich durch st\u00e4ndige Bildung auf hohem Stand halten, werde aber auch die Grenzen meines Wissens und meiner F\u00e4higkeiten zur Kenntnis nehmen. Die ethischen Anforderungen in Verbindung mit meiner \u00e4rztlichen T\u00e4tigkeit werde ich in Ehren halten.<\/p>\n<p>Ich werde bem\u00fcht sein, das Ansehen der medizinischen Wissenschaften und das der Semmelweis Universit\u00e4t zu wahren und zu weiterer Anerkennung zu verhelfen.<\/p>\n<p>So wahr mir Gott helfe!<\/p>\n<\/div>\n","protected":false},"excerpt":{"rendered":"<p>Feierliche Er\u00f6ffnung des Studienjahres 2026\/2027 Datum: 6. September 2026 (Sonntag) Ort: MVM Dome (1091 Budapest, \u00dcll\u0151i \u00fat 133-135.) Die Teilnahme an der feierlichen Er\u00f6ffnung ist f\u00fcr neu zugelassene Studierende obligatorisch. Beginn des Studienjahres: 7. September 2026 Vor mehr als 250 Jahren, und zwar am 8. November 1770, wurde um 8 Uhr morgens das erste Studienjahr &hellip;<\/p>\n","protected":false},"author":12,"featured_media":33164,"parent":1931,"menu_order":7,"comment_status":"closed","ping_status":"closed","template":"","meta":{"_acf_changed":false,"footnotes":""},"categories":[96],"tags":[],"class_list":["post-33162","page","type-page","status-publish","has-post-thumbnail","hentry","category-nach-der-zulassung"],"acf":[],"_links":{"self":[{"href":"https:\/\/semmelweis.hu\/deutsch\/wp-json\/wp\/v2\/pages\/33162","targetHints":{"allow":["GET"]}}],"collection":[{"href":"https:\/\/semmelweis.hu\/deutsch\/wp-json\/wp\/v2\/pages"}],"about":[{"href":"https:\/\/semmelweis.hu\/deutsch\/wp-json\/wp\/v2\/types\/page"}],"author":[{"embeddable":true,"href":"https:\/\/semmelweis.hu\/deutsch\/wp-json\/wp\/v2\/users\/12"}],"replies":[{"embeddable":true,"href":"https:\/\/semmelweis.hu\/deutsch\/wp-json\/wp\/v2\/comments?post=33162"}],"version-history":[{"count":9,"href":"https:\/\/semmelweis.hu\/deutsch\/wp-json\/wp\/v2\/pages\/33162\/revisions"}],"predecessor-version":[{"id":39903,"href":"https:\/\/semmelweis.hu\/deutsch\/wp-json\/wp\/v2\/pages\/33162\/revisions\/39903"}],"up":[{"embeddable":true,"href":"https:\/\/semmelweis.hu\/deutsch\/wp-json\/wp\/v2\/pages\/1931"}],"wp:featuredmedia":[{"embeddable":true,"href":"https:\/\/semmelweis.hu\/deutsch\/wp-json\/wp\/v2\/media\/33164"}],"wp:attachment":[{"href":"https:\/\/semmelweis.hu\/deutsch\/wp-json\/wp\/v2\/media?parent=33162"}],"wp:term":[{"taxonomy":"category","embeddable":true,"href":"https:\/\/semmelweis.hu\/deutsch\/wp-json\/wp\/v2\/categories?post=33162"},{"taxonomy":"post_tag","embeddable":true,"href":"https:\/\/semmelweis.hu\/deutsch\/wp-json\/wp\/v2\/tags?post=33162"}],"curies":[{"name":"wp","href":"https:\/\/api.w.org\/{rel}","templated":true}]}}