{"id":33126,"date":"2023-02-11T17:07:08","date_gmt":"2023-02-11T16:07:08","guid":{"rendered":"https:\/\/semmelweis.hu\/deutsch\/?page_id=33126"},"modified":"2023-02-20T15:50:26","modified_gmt":"2023-02-20T14:50:26","slug":"budapest-entdecken","status":"publish","type":"page","link":"https:\/\/semmelweis.hu\/deutsch\/studentenleben\/budapest-entdecken\/","title":{"rendered":"Budapest entdecken"},"content":{"rendered":"<div class=\"keretes\" style=\"border: 3px solid #e3d496 !important; background-color: #ffff !important;\">\n<h4><span style=\"font-size: 24pt;\">UNGARN<\/span><\/h4>\n<h6><strong>Offizielle Sprache:<\/strong> Ungarisch<br \/>\n<strong>Staatsform:<\/strong> Republik<br \/>\n<strong>Hauptstadt:<\/strong> Budapest<br \/>\n<strong>W\u00e4hrung:<\/strong> Forint (HUF)<br \/>\n<strong>Zeitzone:<\/strong> CET (UTC+1) \/ Sommer MESZ (UTC+2)<br \/>\n<strong>Vorwahl:<\/strong> +36<br \/>\n<strong>Internet TLD:<\/strong> .hu<br \/>\n<strong>Akademisches Jahr:<\/strong> September &#8211; Juni<\/h6>\n<h6><em>Ungarn ist Mitglied der OECD, der NATO, der EU und des Schengener Abkommens.<\/em><\/h6>\n<\/div>\n<p>Ungarn liegt in Mitteleuropa und ist auf dem Luft-, Land- und Wasserweg leicht zu erreichen. Trotz seiner geringen Gr\u00f6\u00dfe bietet Ungarn eine bunte Palette unterschiedlicher Landschaften. Besucherinnen und Besucher k\u00f6nnen die sch\u00f6nen Sehensw\u00fcrdigkeiten des Landes entdecken, sich in den Thermalb\u00e4dern entspannen und alle Arten von Museen besuchen.<\/p>\n<p><strong>Ungarns Hauptstadt Budapest ist die zweitgr\u00f6\u00dfte Stadt an der Donau.<\/strong> Diese pulsierende Metropole ist eine der sch\u00f6nsten Hauptst\u00e4dte Europas mit einem bunten kulturellen und sportlichen Leben. Als Semmelweis-Studierende k\u00f6nnen Sie aktiv daran teilhaben. Budapest liegt im zentralen Teil Ungarns, und wenn man hier lebt, hat man auch gute M\u00f6glichkeiten, andere Regionen des Landes sowie Ost- und Mitteleuropa zu besuchen.<\/p>\n<h4><strong>Lebendiges kultur- und sportleben<\/strong><\/h4>\n<p>Die ungarische Hauptstadt bietet ein breites Spektrum an kultureller Unterhaltung, schmackhaften lokalen Speisen sowie ein pulsierendes Nachtleben. Es gibt zahlreiche Konzerth\u00e4user, Museen mit Ausstellungen von Weltrang, popul\u00e4re und alternative Theater und eine Vielzahl von Kinos.<\/p>\n<p>Budapest ist h\u00e4ufig Schauplatz internationaler Sportveranstaltungen, Europameisterschaften, Weltmeisterschaften und auch des Formel-1-Rennens im August.<\/p>\n<p>Die religi\u00f6se Vielfalt Ungarns mit all den verschiedenen Angeboten und Sehensw\u00fcrdigkeiten ist in der Region einmalig. Neben der j\u00fcdisch-christlichen Tradition finden sich in Budapest auch muslimische und sogar hinduistische Gottesh\u00e4user.<\/p>\n<p>Die Stadt ist nicht nur ein kulturelles Zentrum, sondern auch die Heimat mehrerer Universit\u00e4ten und Hochschulen. In Budapest zu studieren und zu leben, verspricht eine Erfahrung f\u00fcrs Leben zu werden.<\/p>\n<h4><strong>\u00d6ffentliche verkehrsmittel<\/strong><\/h4>\n<p>Das Gel\u00e4nde der Semmelweis Universit\u00e4t liegt in der N\u00e4he des Stadtzentrums und ist leicht zu erreichen. Der \u00f6ffentliche Nahverkehr ist in Budapest gut ausgebaut, mit U- und Stra\u00dfenbahnen, Bussen, einem \u00f6ffentlichen Bike-Sharing-System und Pendlerz\u00fcgen. Das BKK, das Mobilit\u00e4tsmanagement der Stadt, hat einen praktischen Leitfaden zusammengestellt, der alle wichtigen Informationen enth\u00e4lt.<\/p>\n<p>Der internationale Flughafen befindet sich zehn Kilometer \u00f6stlich des Stadtzentrums. Neben den Bussen des \u00f6ffentlichen Nahverkehrs (100E) k\u00f6nnen Sie auch Minibusse nutzen, um in die Stadt zu gelangen.\u00a0<\/p>\n<h4><strong>Klima und wetter<\/strong><\/h4>\n<p>Ungarn liegt in der gem\u00e4\u00dfigten Zone und hat ein relativ trockenes Kontinentalklima mit trockenen und hei\u00dfen Sommern und kalten Wintern. Die Durchschnittstemperaturen reichen von -4 \u00b0C im Januar bis 26 \u00b0C im Juli. In Ungarn gibt es vier verschiedene Jahreszeiten: Winter (Dezember, Januar, Februar), Fr\u00fchling (M\u00e4rz, April, Mai), Sommer (Juni, Juli, August) und Herbst (September, Oktober, November).<\/p>\n\r\n        [slb_exclude]\r\n        <div class=\"row galeria-wrapper mx-0 h-auto\">\r\n            <div class=\"col-9 pl-0 pr-2\">\r\n            <span class=\"gallery-item frame\">\r\n\t\t\t\t<div class=\"galeria-left-img\"><a href=\"https:\/\/semmelweis.hu\/deutsch\/files\/2023\/01\/RS158562_3P1A0210-scr.jpg\"><img src=https:\/\/semmelweis.hu\/deutsch\/files\/2023\/01\/RS158562_3P1A0210-scr.jpg  \r\n                            alt=\"\" \r\n                            class=\"attachment-sote-gallery-big size-sote-gallery-big\" \r\n                            srcset=\"https:\/\/semmelweis.hu\/deutsch\/files\/2023\/01\/RS158562_3P1A0210-scr-400x267.jpg 400w, https:\/\/semmelweis.hu\/deutsch\/files\/2023\/01\/RS158562_3P1A0210-scr-1024x683.jpg 1024w, https:\/\/semmelweis.hu\/deutsch\/files\/2023\/01\/RS158562_3P1A0210-scr-768x512.jpg 768w, https:\/\/semmelweis.hu\/deutsch\/files\/2023\/01\/RS158562_3P1A0210-scr-753x502.jpg 753w, https:\/\/semmelweis.hu\/deutsch\/files\/2023\/01\/RS158562_3P1A0210-scr-203x135.jpg 203w, https:\/\/semmelweis.hu\/deutsch\/files\/2023\/01\/RS158562_3P1A0210-scr.jpg 1200w\" ><\/a><\/div>\r\n            <\/span>\r\n\r\n            <\/div>\r\n\r\n\t\t\t<div class=\"col-3 pl-0 pr-0\">\r\n\t\t\t\t<div class=\"galeria-right-img d-flex justify-content-between flex-column h-100 w-100 px-0 mx-0 \">\r\n                <div class=\"galeria-box\">\r\n\t\t\t\t\t<h3 class=\"galeria-title\">Galerie<\/h3>\r\n\t\t\t\t\t<div class=\"galeria-subtitle\">\r\n\r\n\t\t\t\t\t\t<div class=\"galeria-page-counter\"><span>21<\/span>bilder<\/div>\r\n                    <\/div> <\/div>\r\n                    <span class=\"gallery-item frame d-none d-md-flex\">\r\n\t\t\t\t\t<div class=\"galeria-small-img mt-0\"><a href=\"https:\/\/semmelweis.hu\/deutsch\/files\/2023\/01\/RS151581_dan-freeman-kDP_lvDzh2c-unsplash-scr.jpg\"><img src=https:\/\/semmelweis.hu\/deutsch\/files\/2023\/01\/RS151581_dan-freeman-kDP_lvDzh2c-unsplash-scr.jpg \r\n                                alt=\"\"  \r\n                                class=\"attachment-sote-gallery-small size-sote-gallery-small\" \r\n                                srcset=\"https:\/\/semmelweis.hu\/deutsch\/files\/2023\/01\/RS151581_dan-freeman-kDP_lvDzh2c-unsplash-scr-400x267.jpg 400w, https:\/\/semmelweis.hu\/deutsch\/files\/2023\/01\/RS151581_dan-freeman-kDP_lvDzh2c-unsplash-scr-1024x683.jpg 1024w, https:\/\/semmelweis.hu\/deutsch\/files\/2023\/01\/RS151581_dan-freeman-kDP_lvDzh2c-unsplash-scr-768x512.jpg 768w, https:\/\/semmelweis.hu\/deutsch\/files\/2023\/01\/RS151581_dan-freeman-kDP_lvDzh2c-unsplash-scr-753x502.jpg 753w, https:\/\/semmelweis.hu\/deutsch\/files\/2023\/01\/RS151581_dan-freeman-kDP_lvDzh2c-unsplash-scr-203x135.jpg 203w, https:\/\/semmelweis.hu\/deutsch\/files\/2023\/01\/RS151581_dan-freeman-kDP_lvDzh2c-unsplash-scr.jpg 1200w\" ><\/a><\/div>\r\n                    <\/span>\r\n                    <span class=\"gallery-item frame d-none d-md-flex\">\r\n\t\t\t\t\t<div class=\"galeria-small-img mt-0\"><a href=\"https:\/\/semmelweis.hu\/deutsch\/files\/2023\/01\/RS158570_3P1A1170-scr.jpg\"><img src=https:\/\/semmelweis.hu\/deutsch\/files\/2023\/01\/RS158570_3P1A1170-scr.jpg \r\n                                alt=\"\" \r\n                                class=\"attachment-sote-gallery-small size-sote-gallery-small\" \r\n                                srcset=\"https:\/\/semmelweis.hu\/deutsch\/files\/2023\/01\/RS158570_3P1A1170-scr-400x267.jpg 400w, https:\/\/semmelweis.hu\/deutsch\/files\/2023\/01\/RS158570_3P1A1170-scr-1024x683.jpg 1024w, https:\/\/semmelweis.hu\/deutsch\/files\/2023\/01\/RS158570_3P1A1170-scr-768x512.jpg 768w, https:\/\/semmelweis.hu\/deutsch\/files\/2023\/01\/RS158570_3P1A1170-scr-753x502.jpg 753w, https:\/\/semmelweis.hu\/deutsch\/files\/2023\/01\/RS158570_3P1A1170-scr-203x135.jpg 203w, https:\/\/semmelweis.hu\/deutsch\/files\/2023\/01\/RS158570_3P1A1170-scr.jpg 1200w\" ><\/a><\/div>\r\n                    <\/span>\r\n\r\n                <\/div>\r\n\r\n            <\/div>\r\n\r\n            <span class=\"gallery-item\"><div class=\"hidden\"><a href=\"https:\/\/semmelweis.hu\/deutsch\/files\/2023\/01\/RS158574_3P1A1199-Edit-scr.jpg\">\r\n        <img src=https:\/\/semmelweis.hu\/deutsch\/files\/2023\/01\/RS158574_3P1A1199-Edit-scr.jpg alt=\"\" class=\"attachment-sote-gallery-big size-sote-gallery-big\" srcset=\"https:\/\/semmelweis.hu\/deutsch\/files\/2023\/01\/RS158574_3P1A1199-Edit-scr-400x267.jpg 400w, https:\/\/semmelweis.hu\/deutsch\/files\/2023\/01\/RS158574_3P1A1199-Edit-scr-1024x683.jpg 1024w, https:\/\/semmelweis.hu\/deutsch\/files\/2023\/01\/RS158574_3P1A1199-Edit-scr-768x512.jpg 768w, https:\/\/semmelweis.hu\/deutsch\/files\/2023\/01\/RS158574_3P1A1199-Edit-scr-753x502.jpg 753w, https:\/\/semmelweis.hu\/deutsch\/files\/2023\/01\/RS158574_3P1A1199-Edit-scr-203x135.jpg 203w, https:\/\/semmelweis.hu\/deutsch\/files\/2023\/01\/RS158574_3P1A1199-Edit-scr.jpg 1200w\" >\r\n        <\/a><\/div><\/span><span class=\"gallery-item\"><div class=\"hidden\"><a href=\"https:\/\/semmelweis.hu\/deutsch\/files\/2023\/01\/RS158566_3P1A0233-scr.jpg\">\r\n        <img src=https:\/\/semmelweis.hu\/deutsch\/files\/2023\/01\/RS158566_3P1A0233-scr.jpg alt=\"\" class=\"attachment-sote-gallery-big size-sote-gallery-big\" srcset=\"https:\/\/semmelweis.hu\/deutsch\/files\/2023\/01\/RS158566_3P1A0233-scr-400x267.jpg 400w, https:\/\/semmelweis.hu\/deutsch\/files\/2023\/01\/RS158566_3P1A0233-scr-1024x683.jpg 1024w, https:\/\/semmelweis.hu\/deutsch\/files\/2023\/01\/RS158566_3P1A0233-scr-768x512.jpg 768w, https:\/\/semmelweis.hu\/deutsch\/files\/2023\/01\/RS158566_3P1A0233-scr-753x502.jpg 753w, https:\/\/semmelweis.hu\/deutsch\/files\/2023\/01\/RS158566_3P1A0233-scr-203x135.jpg 203w, https:\/\/semmelweis.hu\/deutsch\/files\/2023\/01\/RS158566_3P1A0233-scr.jpg 1200w\" >\r\n        <\/a><\/div><\/span><span class=\"gallery-item\"><div class=\"hidden\"><a href=\"https:\/\/semmelweis.hu\/deutsch\/files\/2023\/01\/RS158579_h645-scr.jpg\">\r\n        <img src=https:\/\/semmelweis.hu\/deutsch\/files\/2023\/01\/RS158579_h645-scr.jpg alt=\"\" class=\"attachment-sote-gallery-big size-sote-gallery-big\" srcset=\"https:\/\/semmelweis.hu\/deutsch\/files\/2023\/01\/RS158579_h645-scr-400x267.jpg 400w, https:\/\/semmelweis.hu\/deutsch\/files\/2023\/01\/RS158579_h645-scr-1024x683.jpg 1024w, https:\/\/semmelweis.hu\/deutsch\/files\/2023\/01\/RS158579_h645-scr-768x512.jpg 768w, https:\/\/semmelweis.hu\/deutsch\/files\/2023\/01\/RS158579_h645-scr-753x502.jpg 753w, https:\/\/semmelweis.hu\/deutsch\/files\/2023\/01\/RS158579_h645-scr-203x135.jpg 203w, https:\/\/semmelweis.hu\/deutsch\/files\/2023\/01\/RS158579_h645-scr.jpg 1200w\" >\r\n        <\/a><\/div><\/span><span class=\"gallery-item\"><div class=\"hidden\"><a href=\"https:\/\/semmelweis.hu\/deutsch\/files\/2023\/01\/RS158561_3P1A0207-scr.jpg\">\r\n        <img src=https:\/\/semmelweis.hu\/deutsch\/files\/2023\/01\/RS158561_3P1A0207-scr.jpg alt=\"\" class=\"attachment-sote-gallery-big size-sote-gallery-big\" srcset=\"https:\/\/semmelweis.hu\/deutsch\/files\/2023\/01\/RS158561_3P1A0207-scr-400x267.jpg 400w, https:\/\/semmelweis.hu\/deutsch\/files\/2023\/01\/RS158561_3P1A0207-scr-1024x683.jpg 1024w, https:\/\/semmelweis.hu\/deutsch\/files\/2023\/01\/RS158561_3P1A0207-scr-768x512.jpg 768w, https:\/\/semmelweis.hu\/deutsch\/files\/2023\/01\/RS158561_3P1A0207-scr-753x502.jpg 753w, https:\/\/semmelweis.hu\/deutsch\/files\/2023\/01\/RS158561_3P1A0207-scr-203x135.jpg 203w, https:\/\/semmelweis.hu\/deutsch\/files\/2023\/01\/RS158561_3P1A0207-scr.jpg 1200w\" >\r\n        <\/a><\/div><\/span><span class=\"gallery-item\"><div class=\"hidden\"><a href=\"https:\/\/semmelweis.hu\/deutsch\/files\/2023\/01\/RS158568_3P1A0258-scr.jpg\">\r\n        <img src=https:\/\/semmelweis.hu\/deutsch\/files\/2023\/01\/RS158568_3P1A0258-scr.jpg alt=\"\" class=\"attachment-sote-gallery-big size-sote-gallery-big\" srcset=\"https:\/\/semmelweis.hu\/deutsch\/files\/2023\/01\/RS158568_3P1A0258-scr-400x267.jpg 400w, https:\/\/semmelweis.hu\/deutsch\/files\/2023\/01\/RS158568_3P1A0258-scr-1024x683.jpg 1024w, https:\/\/semmelweis.hu\/deutsch\/files\/2023\/01\/RS158568_3P1A0258-scr-768x512.jpg 768w, https:\/\/semmelweis.hu\/deutsch\/files\/2023\/01\/RS158568_3P1A0258-scr-753x502.jpg 753w, https:\/\/semmelweis.hu\/deutsch\/files\/2023\/01\/RS158568_3P1A0258-scr-203x135.jpg 203w, https:\/\/semmelweis.hu\/deutsch\/files\/2023\/01\/RS158568_3P1A0258-scr.jpg 1200w\" >\r\n        <\/a><\/div><\/span><span class=\"gallery-item\"><div class=\"hidden\"><a href=\"https:\/\/semmelweis.hu\/deutsch\/files\/2023\/01\/RS158569_3P1A0263-scr.jpg\">\r\n        <img src=https:\/\/semmelweis.hu\/deutsch\/files\/2023\/01\/RS158569_3P1A0263-scr.jpg alt=\"\" class=\"attachment-sote-gallery-big size-sote-gallery-big\" srcset=\"https:\/\/semmelweis.hu\/deutsch\/files\/2023\/01\/RS158569_3P1A0263-scr-400x267.jpg 400w, https:\/\/semmelweis.hu\/deutsch\/files\/2023\/01\/RS158569_3P1A0263-scr-1024x683.jpg 1024w, https:\/\/semmelweis.hu\/deutsch\/files\/2023\/01\/RS158569_3P1A0263-scr-768x512.jpg 768w, https:\/\/semmelweis.hu\/deutsch\/files\/2023\/01\/RS158569_3P1A0263-scr-753x502.jpg 753w, https:\/\/semmelweis.hu\/deutsch\/files\/2023\/01\/RS158569_3P1A0263-scr-203x135.jpg 203w, https:\/\/semmelweis.hu\/deutsch\/files\/2023\/01\/RS158569_3P1A0263-scr.jpg 1200w\" >\r\n        <\/a><\/div><\/span><span class=\"gallery-item\"><div class=\"hidden\"><a href=\"https:\/\/semmelweis.hu\/deutsch\/files\/2023\/01\/RS158578_beerpong-scr.jpg\">\r\n        <img src=https:\/\/semmelweis.hu\/deutsch\/files\/2023\/01\/RS158578_beerpong-scr.jpg alt=\"\" class=\"attachment-sote-gallery-big size-sote-gallery-big\" srcset=\"https:\/\/semmelweis.hu\/deutsch\/files\/2023\/01\/RS158578_beerpong-scr-400x267.jpg 400w, https:\/\/semmelweis.hu\/deutsch\/files\/2023\/01\/RS158578_beerpong-scr-1024x683.jpg 1024w, https:\/\/semmelweis.hu\/deutsch\/files\/2023\/01\/RS158578_beerpong-scr-768x512.jpg 768w, https:\/\/semmelweis.hu\/deutsch\/files\/2023\/01\/RS158578_beerpong-scr-753x502.jpg 753w, https:\/\/semmelweis.hu\/deutsch\/files\/2023\/01\/RS158578_beerpong-scr-203x135.jpg 203w, https:\/\/semmelweis.hu\/deutsch\/files\/2023\/01\/RS158578_beerpong-scr.jpg 1200w\" >\r\n        <\/a><\/div><\/span><span class=\"gallery-item\"><div class=\"hidden\"><a href=\"https:\/\/semmelweis.hu\/deutsch\/files\/2023\/01\/RS158576_3P1A1205-scr.jpg\">\r\n        <img src=https:\/\/semmelweis.hu\/deutsch\/files\/2023\/01\/RS158576_3P1A1205-scr.jpg alt=\"\" class=\"attachment-sote-gallery-big size-sote-gallery-big\" srcset=\"https:\/\/semmelweis.hu\/deutsch\/files\/2023\/01\/RS158576_3P1A1205-scr-400x267.jpg 400w, https:\/\/semmelweis.hu\/deutsch\/files\/2023\/01\/RS158576_3P1A1205-scr-1024x683.jpg 1024w, https:\/\/semmelweis.hu\/deutsch\/files\/2023\/01\/RS158576_3P1A1205-scr-768x512.jpg 768w, https:\/\/semmelweis.hu\/deutsch\/files\/2023\/01\/RS158576_3P1A1205-scr-753x502.jpg 753w, https:\/\/semmelweis.hu\/deutsch\/files\/2023\/01\/RS158576_3P1A1205-scr-203x135.jpg 203w, https:\/\/semmelweis.hu\/deutsch\/files\/2023\/01\/RS158576_3P1A1205-scr.jpg 1200w\" >\r\n        <\/a><\/div><\/span><span class=\"gallery-item\"><div class=\"hidden\"><a href=\"https:\/\/semmelweis.hu\/deutsch\/files\/2023\/01\/RS158573_3P1A1194-scr.jpg\">\r\n        <img src=https:\/\/semmelweis.hu\/deutsch\/files\/2023\/01\/RS158573_3P1A1194-scr.jpg alt=\"\" class=\"attachment-sote-gallery-big size-sote-gallery-big\" srcset=\"https:\/\/semmelweis.hu\/deutsch\/files\/2023\/01\/RS158573_3P1A1194-scr-400x267.jpg 400w, https:\/\/semmelweis.hu\/deutsch\/files\/2023\/01\/RS158573_3P1A1194-scr-1024x683.jpg 1024w, https:\/\/semmelweis.hu\/deutsch\/files\/2023\/01\/RS158573_3P1A1194-scr-768x512.jpg 768w, https:\/\/semmelweis.hu\/deutsch\/files\/2023\/01\/RS158573_3P1A1194-scr-753x502.jpg 753w, https:\/\/semmelweis.hu\/deutsch\/files\/2023\/01\/RS158573_3P1A1194-scr-203x135.jpg 203w, https:\/\/semmelweis.hu\/deutsch\/files\/2023\/01\/RS158573_3P1A1194-scr.jpg 1200w\" >\r\n        <\/a><\/div><\/span><span class=\"gallery-item\"><div class=\"hidden\"><a href=\"https:\/\/semmelweis.hu\/deutsch\/files\/2023\/01\/RS158577_3P1A9145-scr.jpg\">\r\n        <img src=https:\/\/semmelweis.hu\/deutsch\/files\/2023\/01\/RS158577_3P1A9145-scr.jpg alt=\"\" class=\"attachment-sote-gallery-big size-sote-gallery-big\" srcset=\"https:\/\/semmelweis.hu\/deutsch\/files\/2023\/01\/RS158577_3P1A9145-scr-400x267.jpg 400w, https:\/\/semmelweis.hu\/deutsch\/files\/2023\/01\/RS158577_3P1A9145-scr-1024x683.jpg 1024w, https:\/\/semmelweis.hu\/deutsch\/files\/2023\/01\/RS158577_3P1A9145-scr-768x512.jpg 768w, https:\/\/semmelweis.hu\/deutsch\/files\/2023\/01\/RS158577_3P1A9145-scr-753x502.jpg 753w, https:\/\/semmelweis.hu\/deutsch\/files\/2023\/01\/RS158577_3P1A9145-scr-203x135.jpg 203w, https:\/\/semmelweis.hu\/deutsch\/files\/2023\/01\/RS158577_3P1A9145-scr.jpg 1200w\" >\r\n        <\/a><\/div><\/span><span class=\"gallery-item\"><div class=\"hidden\"><a href=\"https:\/\/semmelweis.hu\/deutsch\/files\/2023\/01\/RS158553_go\u0301lyahajo\u0301-7-scr.jpg\">\r\n        <img src=https:\/\/semmelweis.hu\/deutsch\/files\/2023\/01\/RS158553_go\u0301lyahajo\u0301-7-scr.jpg alt=\"\" class=\"attachment-sote-gallery-big size-sote-gallery-big\" srcset=\"https:\/\/semmelweis.hu\/deutsch\/files\/2023\/01\/RS158553_go\u0301lyahajo\u0301-7-scr-400x267.jpg 400w, https:\/\/semmelweis.hu\/deutsch\/files\/2023\/01\/RS158553_go\u0301lyahajo\u0301-7-scr-1024x683.jpg 1024w, https:\/\/semmelweis.hu\/deutsch\/files\/2023\/01\/RS158553_go\u0301lyahajo\u0301-7-scr-768x512.jpg 768w, https:\/\/semmelweis.hu\/deutsch\/files\/2023\/01\/RS158553_go\u0301lyahajo\u0301-7-scr-753x502.jpg 753w, https:\/\/semmelweis.hu\/deutsch\/files\/2023\/01\/RS158553_go\u0301lyahajo\u0301-7-scr-203x135.jpg 203w, https:\/\/semmelweis.hu\/deutsch\/files\/2023\/01\/RS158553_go\u0301lyahajo\u0301-7-scr.jpg 1200w\" >\r\n        <\/a><\/div><\/span><span class=\"gallery-item\"><div class=\"hidden\"><a href=\"https:\/\/semmelweis.hu\/deutsch\/files\/2023\/01\/RS158552_go\u0301lyahajo\u0301-2-8-scr.jpg\">\r\n        <img src=https:\/\/semmelweis.hu\/deutsch\/files\/2023\/01\/RS158552_go\u0301lyahajo\u0301-2-8-scr.jpg alt=\"\" class=\"attachment-sote-gallery-big size-sote-gallery-big\" srcset=\"https:\/\/semmelweis.hu\/deutsch\/files\/2023\/01\/RS158552_go\u0301lyahajo\u0301-2-8-scr-400x267.jpg 400w, https:\/\/semmelweis.hu\/deutsch\/files\/2023\/01\/RS158552_go\u0301lyahajo\u0301-2-8-scr-1024x683.jpg 1024w, https:\/\/semmelweis.hu\/deutsch\/files\/2023\/01\/RS158552_go\u0301lyahajo\u0301-2-8-scr-768x512.jpg 768w, https:\/\/semmelweis.hu\/deutsch\/files\/2023\/01\/RS158552_go\u0301lyahajo\u0301-2-8-scr-753x502.jpg 753w, https:\/\/semmelweis.hu\/deutsch\/files\/2023\/01\/RS158552_go\u0301lyahajo\u0301-2-8-scr-203x135.jpg 203w, https:\/\/semmelweis.hu\/deutsch\/files\/2023\/01\/RS158552_go\u0301lyahajo\u0301-2-8-scr.jpg 1200w\" >\r\n        <\/a><\/div><\/span><span class=\"gallery-item\"><div class=\"hidden\"><a href=\"https:\/\/semmelweis.hu\/deutsch\/files\/2023\/01\/RS158549_3P1A7240-scr.jpg\">\r\n        <img src=https:\/\/semmelweis.hu\/deutsch\/files\/2023\/01\/RS158549_3P1A7240-scr.jpg alt=\"\" class=\"attachment-sote-gallery-big size-sote-gallery-big\" srcset=\"https:\/\/semmelweis.hu\/deutsch\/files\/2023\/01\/RS158549_3P1A7240-scr-400x267.jpg 400w, https:\/\/semmelweis.hu\/deutsch\/files\/2023\/01\/RS158549_3P1A7240-scr-1024x683.jpg 1024w, https:\/\/semmelweis.hu\/deutsch\/files\/2023\/01\/RS158549_3P1A7240-scr-768x512.jpg 768w, https:\/\/semmelweis.hu\/deutsch\/files\/2023\/01\/RS158549_3P1A7240-scr-753x502.jpg 753w, https:\/\/semmelweis.hu\/deutsch\/files\/2023\/01\/RS158549_3P1A7240-scr-203x135.jpg 203w, https:\/\/semmelweis.hu\/deutsch\/files\/2023\/01\/RS158549_3P1A7240-scr.jpg 1200w\" >\r\n        <\/a><\/div><\/span><span class=\"gallery-item\"><div class=\"hidden\"><a href=\"https:\/\/semmelweis.hu\/deutsch\/files\/2023\/01\/RS158547_3P1A5122-scr.jpg\">\r\n        <img src=https:\/\/semmelweis.hu\/deutsch\/files\/2023\/01\/RS158547_3P1A5122-scr.jpg alt=\"\" class=\"attachment-sote-gallery-big size-sote-gallery-big\" srcset=\"https:\/\/semmelweis.hu\/deutsch\/files\/2023\/01\/RS158547_3P1A5122-scr-400x267.jpg 400w, https:\/\/semmelweis.hu\/deutsch\/files\/2023\/01\/RS158547_3P1A5122-scr-1024x683.jpg 1024w, https:\/\/semmelweis.hu\/deutsch\/files\/2023\/01\/RS158547_3P1A5122-scr-768x512.jpg 768w, https:\/\/semmelweis.hu\/deutsch\/files\/2023\/01\/RS158547_3P1A5122-scr-753x502.jpg 753w, https:\/\/semmelweis.hu\/deutsch\/files\/2023\/01\/RS158547_3P1A5122-scr-203x135.jpg 203w, https:\/\/semmelweis.hu\/deutsch\/files\/2023\/01\/RS158547_3P1A5122-scr.jpg 1200w\" >\r\n        <\/a><\/div><\/span><span class=\"gallery-item\"><div class=\"hidden\"><a href=\"https:\/\/semmelweis.hu\/deutsch\/files\/2023\/01\/RS158550_efott-12-scr.jpg\">\r\n        <img src=https:\/\/semmelweis.hu\/deutsch\/files\/2023\/01\/RS158550_efott-12-scr.jpg alt=\"\" class=\"attachment-sote-gallery-big size-sote-gallery-big\" srcset=\"https:\/\/semmelweis.hu\/deutsch\/files\/2023\/01\/RS158550_efott-12-scr-400x267.jpg 400w, https:\/\/semmelweis.hu\/deutsch\/files\/2023\/01\/RS158550_efott-12-scr-1024x683.jpg 1024w, https:\/\/semmelweis.hu\/deutsch\/files\/2023\/01\/RS158550_efott-12-scr-768x512.jpg 768w, https:\/\/semmelweis.hu\/deutsch\/files\/2023\/01\/RS158550_efott-12-scr-753x502.jpg 753w, https:\/\/semmelweis.hu\/deutsch\/files\/2023\/01\/RS158550_efott-12-scr-203x135.jpg 203w, https:\/\/semmelweis.hu\/deutsch\/files\/2023\/01\/RS158550_efott-12-scr.jpg 1200w\" >\r\n        <\/a><\/div><\/span><span class=\"gallery-item\"><div class=\"hidden\"><a href=\"https:\/\/semmelweis.hu\/deutsch\/files\/2023\/01\/RS158551_efott21-scr.jpg\">\r\n        <img src=https:\/\/semmelweis.hu\/deutsch\/files\/2023\/01\/RS158551_efott21-scr.jpg alt=\"\" class=\"attachment-sote-gallery-big size-sote-gallery-big\" srcset=\"https:\/\/semmelweis.hu\/deutsch\/files\/2023\/01\/RS158551_efott21-scr-400x267.jpg 400w, https:\/\/semmelweis.hu\/deutsch\/files\/2023\/01\/RS158551_efott21-scr-1024x683.jpg 1024w, https:\/\/semmelweis.hu\/deutsch\/files\/2023\/01\/RS158551_efott21-scr-768x512.jpg 768w, https:\/\/semmelweis.hu\/deutsch\/files\/2023\/01\/RS158551_efott21-scr-753x502.jpg 753w, https:\/\/semmelweis.hu\/deutsch\/files\/2023\/01\/RS158551_efott21-scr-203x135.jpg 203w, https:\/\/semmelweis.hu\/deutsch\/files\/2023\/01\/RS158551_efott21-scr.jpg 1200w\" >\r\n        <\/a><\/div><\/span><span class=\"gallery-item\"><div class=\"hidden\"><a href=\"https:\/\/semmelweis.hu\/deutsch\/files\/2023\/01\/RS158554_go\u0301lyahajo\u0301-43-scr.jpg\">\r\n        <img src=https:\/\/semmelweis.hu\/deutsch\/files\/2023\/01\/RS158554_go\u0301lyahajo\u0301-43-scr.jpg alt=\"\" class=\"attachment-sote-gallery-big size-sote-gallery-big\" srcset=\"https:\/\/semmelweis.hu\/deutsch\/files\/2023\/01\/RS158554_go\u0301lyahajo\u0301-43-scr-400x267.jpg 400w, https:\/\/semmelweis.hu\/deutsch\/files\/2023\/01\/RS158554_go\u0301lyahajo\u0301-43-scr-1024x683.jpg 1024w, https:\/\/semmelweis.hu\/deutsch\/files\/2023\/01\/RS158554_go\u0301lyahajo\u0301-43-scr-768x512.jpg 768w, https:\/\/semmelweis.hu\/deutsch\/files\/2023\/01\/RS158554_go\u0301lyahajo\u0301-43-scr-753x502.jpg 753w, https:\/\/semmelweis.hu\/deutsch\/files\/2023\/01\/RS158554_go\u0301lyahajo\u0301-43-scr-203x135.jpg 203w, https:\/\/semmelweis.hu\/deutsch\/files\/2023\/01\/RS158554_go\u0301lyahajo\u0301-43-scr.jpg 1200w\" >\r\n        <\/a><\/div><\/span><span class=\"gallery-item\"><div class=\"hidden\"><a href=\"https:\/\/semmelweis.hu\/deutsch\/files\/2023\/01\/RS158555_tomokondi-14-scr.jpg\">\r\n        <img src=https:\/\/semmelweis.hu\/deutsch\/files\/2023\/01\/RS158555_tomokondi-14-scr.jpg alt=\"\" class=\"attachment-sote-gallery-big size-sote-gallery-big\" srcset=\"https:\/\/semmelweis.hu\/deutsch\/files\/2023\/01\/RS158555_tomokondi-14-scr-400x267.jpg 400w, https:\/\/semmelweis.hu\/deutsch\/files\/2023\/01\/RS158555_tomokondi-14-scr-1024x683.jpg 1024w, https:\/\/semmelweis.hu\/deutsch\/files\/2023\/01\/RS158555_tomokondi-14-scr-768x512.jpg 768w, https:\/\/semmelweis.hu\/deutsch\/files\/2023\/01\/RS158555_tomokondi-14-scr-753x502.jpg 753w, https:\/\/semmelweis.hu\/deutsch\/files\/2023\/01\/RS158555_tomokondi-14-scr-203x135.jpg 203w, https:\/\/semmelweis.hu\/deutsch\/files\/2023\/01\/RS158555_tomokondi-14-scr.jpg 1200w\" >\r\n        <\/a><\/div><\/span>\r\n            <\/div>\r\n\r\n            [\/slb_exclude]\r\n\t\n<p>&nbsp;<\/p>\n","protected":false},"excerpt":{"rendered":"<p>UNGARN Offizielle Sprache: Ungarisch Staatsform: Republik Hauptstadt: Budapest W\u00e4hrung: Forint (HUF) Zeitzone: CET (UTC+1) \/ Sommer MESZ (UTC+2) Vorwahl: +36 Internet TLD: .hu Akademisches Jahr: September &#8211; Juni Ungarn ist Mitglied der OECD, der NATO, der EU und des Schengener Abkommens. Ungarn liegt in Mitteleuropa und ist auf dem Luft-, Land- und Wasserweg leicht zu &hellip;<\/p>\n","protected":false},"author":12,"featured_media":32971,"parent":2119,"menu_order":0,"comment_status":"closed","ping_status":"closed","template":"template-fullwidth.php","meta":{"_acf_changed":false,"footnotes":""},"categories":[96,95],"tags":[],"class_list":["post-33126","page","type-page","status-publish","has-post-thumbnail","hentry","category-nach-der-zulassung","category-related-pages"],"acf":[],"_links":{"self":[{"href":"https:\/\/semmelweis.hu\/deutsch\/wp-json\/wp\/v2\/pages\/33126","targetHints":{"allow":["GET"]}}],"collection":[{"href":"https:\/\/semmelweis.hu\/deutsch\/wp-json\/wp\/v2\/pages"}],"about":[{"href":"https:\/\/semmelweis.hu\/deutsch\/wp-json\/wp\/v2\/types\/page"}],"author":[{"embeddable":true,"href":"https:\/\/semmelweis.hu\/deutsch\/wp-json\/wp\/v2\/users\/12"}],"replies":[{"embeddable":true,"href":"https:\/\/semmelweis.hu\/deutsch\/wp-json\/wp\/v2\/comments?post=33126"}],"version-history":[{"count":2,"href":"https:\/\/semmelweis.hu\/deutsch\/wp-json\/wp\/v2\/pages\/33126\/revisions"}],"predecessor-version":[{"id":33149,"href":"https:\/\/semmelweis.hu\/deutsch\/wp-json\/wp\/v2\/pages\/33126\/revisions\/33149"}],"up":[{"embeddable":true,"href":"https:\/\/semmelweis.hu\/deutsch\/wp-json\/wp\/v2\/pages\/2119"}],"wp:featuredmedia":[{"embeddable":true,"href":"https:\/\/semmelweis.hu\/deutsch\/wp-json\/wp\/v2\/media\/32971"}],"wp:attachment":[{"href":"https:\/\/semmelweis.hu\/deutsch\/wp-json\/wp\/v2\/media?parent=33126"}],"wp:term":[{"taxonomy":"category","embeddable":true,"href":"https:\/\/semmelweis.hu\/deutsch\/wp-json\/wp\/v2\/categories?post=33126"},{"taxonomy":"post_tag","embeddable":true,"href":"https:\/\/semmelweis.hu\/deutsch\/wp-json\/wp\/v2\/tags?post=33126"}],"curies":[{"name":"wp","href":"https:\/\/api.w.org\/{rel}","templated":true}]}}