{"id":33098,"date":"2023-01-27T14:55:10","date_gmt":"2023-01-27T13:55:10","guid":{"rendered":"https:\/\/semmelweis.hu\/deutsch\/?page_id=33098"},"modified":"2025-09-15T13:39:29","modified_gmt":"2025-09-15T11:39:29","slug":"phd-studium","status":"publish","type":"page","link":"https:\/\/semmelweis.hu\/deutsch\/phd-studium\/","title":{"rendered":"PhD-Studium"},"content":{"rendered":"<h3>PhD-Studium an der Semmelweis Universit\u00e4t\u00a0<\/h3>\n<p>Nach erfolgreichem Abschluss des deutschsprachigen Medizinstudiums besteht die M\u00f6glichkeit, in drei bis f\u00fcnf Jahren einen wissenschaftlichen Titel (PhD) zu erwerben. Die Semmelweis Universit\u00e4t bietet die Forschungsausbildung in acht unterschiedlichen Wissenschaftsgebieten in englischer Sprache an: Theoretische Medizin, Klinische Medizin, Pharmazie, Neurowissenschaft, Molekulare Medizin, Pathologie, Sportwissenschaft und Mentalmedizin. Derzeit arbeiten \u00fcber 500 PhD-Studenten an ihrer Dissertation und j\u00e4hrlich werden etwa 100 Diplome mit PhD-Titel vergeben. Weitere Informationen sind auf der Webseite <a href=\"https:\/\/semmelweis.hu\/phd\/en\/\" target=\"_blank\" rel=\"noopener noreferrer\">School of PhD Studies<\/a>\u00a0erh\u00e4ltlich. Die Teilnahme an der PhD-Ausbildung ist geb\u00fchrenpflichtig.<\/p>\n<p><a class=\"btn btn-secondary\" href=\"https:\/\/semmelweis.hu\/phd\/en\/\" target=\"_blank\" rel=\"noopener\">Webseite School of PhD Studies<\/a><\/p>\n<p style=\"text-align: center\"><a class=\"btn btn-outline-primary\" href=\"https:\/\/wgpro.semmelweis.hu\/form.php?f=17e6bc1cab\" target=\"_blank\" rel=\"noopener\">Kontaktiere uns!<\/a><\/p>\n","protected":false},"excerpt":{"rendered":"<p>PhD-Studium an der Semmelweis Universit\u00e4t\u00a0 Nach erfolgreichem Abschluss des deutschsprachigen Medizinstudiums besteht die M\u00f6glichkeit, in drei bis f\u00fcnf Jahren einen wissenschaftlichen Titel (PhD) zu erwerben. Die Semmelweis Universit\u00e4t bietet die Forschungsausbildung in acht unterschiedlichen Wissenschaftsgebieten in englischer Sprache an: Theoretische Medizin, Klinische Medizin, Pharmazie, Neurowissenschaft, Molekulare Medizin, Pathologie, Sportwissenschaft und Mentalmedizin. Derzeit arbeiten \u00fcber 500 &hellip;<\/p>\n","protected":false},"author":12,"featured_media":0,"parent":0,"menu_order":7,"comment_status":"closed","ping_status":"closed","template":"","meta":{"_acf_changed":false,"footnotes":""},"categories":[],"tags":[],"class_list":["post-33098","page","type-page","status-publish","hentry"],"acf":[],"_links":{"self":[{"href":"https:\/\/semmelweis.hu\/deutsch\/wp-json\/wp\/v2\/pages\/33098","targetHints":{"allow":["GET"]}}],"collection":[{"href":"https:\/\/semmelweis.hu\/deutsch\/wp-json\/wp\/v2\/pages"}],"about":[{"href":"https:\/\/semmelweis.hu\/deutsch\/wp-json\/wp\/v2\/types\/page"}],"author":[{"embeddable":true,"href":"https:\/\/semmelweis.hu\/deutsch\/wp-json\/wp\/v2\/users\/12"}],"replies":[{"embeddable":true,"href":"https:\/\/semmelweis.hu\/deutsch\/wp-json\/wp\/v2\/comments?post=33098"}],"version-history":[{"count":6,"href":"https:\/\/semmelweis.hu\/deutsch\/wp-json\/wp\/v2\/pages\/33098\/revisions"}],"predecessor-version":[{"id":39384,"href":"https:\/\/semmelweis.hu\/deutsch\/wp-json\/wp\/v2\/pages\/33098\/revisions\/39384"}],"wp:attachment":[{"href":"https:\/\/semmelweis.hu\/deutsch\/wp-json\/wp\/v2\/media?parent=33098"}],"wp:term":[{"taxonomy":"category","embeddable":true,"href":"https:\/\/semmelweis.hu\/deutsch\/wp-json\/wp\/v2\/categories?post=33098"},{"taxonomy":"post_tag","embeddable":true,"href":"https:\/\/semmelweis.hu\/deutsch\/wp-json\/wp\/v2\/tags?post=33098"}],"curies":[{"name":"wp","href":"https:\/\/api.w.org\/{rel}","templated":true}]}}