{"id":33092,"date":"2023-01-27T14:33:12","date_gmt":"2023-01-27T13:33:12","guid":{"rendered":"https:\/\/semmelweis.hu\/deutsch\/?page_id=33092"},"modified":"2023-01-27T14:35:29","modified_gmt":"2023-01-27T13:35:29","slug":"fakultaeten","status":"publish","type":"page","link":"https:\/\/semmelweis.hu\/deutsch\/fakultaeten\/","title":{"rendered":"Fakult\u00e4ten"},"content":{"rendered":"<script type=\"text\/javascript\" src=\"https:\/\/semmelweis.hu\/deutsch\/wp-content\/themes\/se18\/dist\/scripts\/carousel.js\"><\/script>    <section class=\"post-cards shortcode-wrapper\">\r\n        <div id=\"news-container\" class=\" d-none d-sm-flex flex-column  full-width-post-cards-shortcode-card news-container-for-card-code\" style=\"\">\r\n            \r\n            <div class=\"row card-row my-2 pt-3 pb-0 mx-0 w-100 \">\r\n               \r\n                \ufeff\r\n    <div class=\"card-format col col-12 col-md-4 col-lg-4 pl-1 pl-md-0 pr-1 pr-md-2 mb-2\">\r\n        <a class=\"d-block w-100\"  href=\"https:\/\/semmelweis.hu\/deutsch\/fakultaeten\/medizinische-fakultaet\/\">\r\n      <!--  <a class=\"d-block w-100\" target=\"_blank\" href=\" \"> -->\r\n            <div class=\"card\">\r\n                                    <div class=\"card-image img-fluid \">\r\n                         \r\n                        <img loading=\"lazy\" decoding=\"async\" width=\"753\" height=\"502\" src=\"https:\/\/semmelweis.hu\/deutsch\/files\/2023\/01\/RS41942_11-scr-1-768x512.jpg\" class=\"landscape wp-post-image\" alt=\"\" srcset=\"https:\/\/semmelweis.hu\/deutsch\/files\/2023\/01\/RS41942_11-scr-1-768x512.jpg 768w, https:\/\/semmelweis.hu\/deutsch\/files\/2023\/01\/RS41942_11-scr-1-400x267.jpg 400w, https:\/\/semmelweis.hu\/deutsch\/files\/2023\/01\/RS41942_11-scr-1-753x502.jpg 753w, https:\/\/semmelweis.hu\/deutsch\/files\/2023\/01\/RS41942_11-scr-1-203x135.jpg 203w, https:\/\/semmelweis.hu\/deutsch\/files\/2023\/01\/RS41942_11-scr-1.jpg 950w\" sizes=\"auto, (max-width: 753px) 100vw, 753px\" \/>                    <\/div>\r\n                \r\n                <div class=\"card-body\">\r\n                    <div class=\"card-date text-uppercase  d-none  \">\r\n                                                    <h5><span class=\"font-weight-normal\">2023. <\/span>Januar 28.<\/h5>\r\n                                            <\/div>\r\n                    <div class=\"card-title\">\r\n                        <h3 class=\"mt-2 entry-title\">Medizinische Fakult\u00e4t<\/h3>\r\n                    <\/div>\r\n                    <style>\r\n                        .card-text-inside{\r\n                                                 display: -webkit-box;\r\n                    -webkit-line-clamp: 4;\r\n                    -webkit-box-orient: vertical;\r\n                     overflow:hidden;\r\n                     text-overflow: ellipsis;\r\n                        }\r\n                        <\/style>\r\n                                    <\/div>\r\n            <\/div>\r\n        <\/a>\r\n    <\/div>\r\n\r\n\r\n\ufeff\r\n    <div class=\"card-format col col-12 col-md-4 col-lg-4 pl-1 pl-md-0 pr-1 pr-md-2 mb-2\">\r\n        <a class=\"d-block w-100\"  href=\"https:\/\/semmelweis.hu\/deutsch\/fakultaeten\/fakultaet-fuer-zahnheilkunde\/\">\r\n      <!--  <a class=\"d-block w-100\" target=\"_blank\" href=\" \"> -->\r\n            <div class=\"card\">\r\n                                    <div class=\"card-image img-fluid \">\r\n                         \r\n                        <img loading=\"lazy\" decoding=\"async\" width=\"753\" height=\"502\" src=\"https:\/\/semmelweis.hu\/deutsch\/files\/2023\/01\/RS128360_C19A3133-scr-1-768x512.jpg\" class=\"landscape wp-post-image\" alt=\"\" srcset=\"https:\/\/semmelweis.hu\/deutsch\/files\/2023\/01\/RS128360_C19A3133-scr-1-768x512.jpg 768w, https:\/\/semmelweis.hu\/deutsch\/files\/2023\/01\/RS128360_C19A3133-scr-1-400x267.jpg 400w, https:\/\/semmelweis.hu\/deutsch\/files\/2023\/01\/RS128360_C19A3133-scr-1-1024x683.jpg 1024w, https:\/\/semmelweis.hu\/deutsch\/files\/2023\/01\/RS128360_C19A3133-scr-1-753x502.jpg 753w, https:\/\/semmelweis.hu\/deutsch\/files\/2023\/01\/RS128360_C19A3133-scr-1-203x135.jpg 203w, https:\/\/semmelweis.hu\/deutsch\/files\/2023\/01\/RS128360_C19A3133-scr-1.jpg 1200w\" sizes=\"auto, (max-width: 753px) 100vw, 753px\" \/>                    <\/div>\r\n                \r\n                <div class=\"card-body\">\r\n                    <div class=\"card-date text-uppercase  d-none  \">\r\n                                                    <h5><span class=\"font-weight-normal\">2023. <\/span>Januar 27.<\/h5>\r\n                                            <\/div>\r\n                    <div class=\"card-title\">\r\n                        <h3 class=\"mt-2 entry-title\">Fakult\u00e4t f\u00fcr Zahnheilkunde<\/h3>\r\n                    <\/div>\r\n                    <style>\r\n                        .card-text-inside{\r\n                                                 display: -webkit-box;\r\n                    -webkit-line-clamp: 4;\r\n                    -webkit-box-orient: vertical;\r\n                     overflow:hidden;\r\n                     text-overflow: ellipsis;\r\n                        }\r\n                        <\/style>\r\n                                    <\/div>\r\n            <\/div>\r\n        <\/a>\r\n    <\/div>\r\n\r\n\r\n\ufeff\r\n    <div class=\"card-format col col-12 col-md-4 col-lg-4 pl-1 pl-md-0 pr-1 pr-md-2 mb-2\">\r\n        <a class=\"d-block w-100\"  href=\"https:\/\/semmelweis.hu\/deutsch\/fakultaeten\/fakultat-fur-pharmazeutische-wissenschaften\/\">\r\n      <!--  <a class=\"d-block w-100\" target=\"_blank\" href=\" \"> -->\r\n            <div class=\"card\">\r\n                                    <div class=\"card-image img-fluid \">\r\n                         \r\n                        <img loading=\"lazy\" decoding=\"async\" width=\"753\" height=\"502\" src=\"https:\/\/semmelweis.hu\/deutsch\/files\/2023\/01\/RS60617_KR_20170405_0058-scr-768x512.jpg\" class=\"landscape wp-post-image\" alt=\"\" srcset=\"https:\/\/semmelweis.hu\/deutsch\/files\/2023\/01\/RS60617_KR_20170405_0058-scr-768x512.jpg 768w, https:\/\/semmelweis.hu\/deutsch\/files\/2023\/01\/RS60617_KR_20170405_0058-scr-400x267.jpg 400w, https:\/\/semmelweis.hu\/deutsch\/files\/2023\/01\/RS60617_KR_20170405_0058-scr-1024x683.jpg 1024w, https:\/\/semmelweis.hu\/deutsch\/files\/2023\/01\/RS60617_KR_20170405_0058-scr-753x502.jpg 753w, https:\/\/semmelweis.hu\/deutsch\/files\/2023\/01\/RS60617_KR_20170405_0058-scr-203x135.jpg 203w, https:\/\/semmelweis.hu\/deutsch\/files\/2023\/01\/RS60617_KR_20170405_0058-scr.jpg 1200w\" sizes=\"auto, (max-width: 753px) 100vw, 753px\" \/>                    <\/div>\r\n                \r\n                <div class=\"card-body\">\r\n                    <div class=\"card-date text-uppercase  d-none  \">\r\n                                                    <h5><span class=\"font-weight-normal\">2023. <\/span>Januar 26.<\/h5>\r\n                                            <\/div>\r\n                    <div class=\"card-title\">\r\n                        <h3 class=\"mt-2 entry-title\">Fakult\u00e4t f\u00fcr Pharmazeutische Wissenschaften<\/h3>\r\n                    <\/div>\r\n                    <style>\r\n                        .card-text-inside{\r\n                                                 display: -webkit-box;\r\n                    -webkit-line-clamp: 4;\r\n                    -webkit-box-orient: vertical;\r\n                     overflow:hidden;\r\n                     text-overflow: ellipsis;\r\n                        }\r\n                        <\/style>\r\n                                    <\/div>\r\n            <\/div>\r\n        <\/a>\r\n    <\/div>\r\n\r\n\r\n\ufeff\r\n    <div class=\"card-format col col-12 col-md-4 col-lg-4 pl-1 pl-md-0 pr-1 pr-md-2 mb-2\">\r\n        <a class=\"d-block w-100\"  href=\"https:\/\/semmelweis.hu\/deutsch\/fakultaeten\/andras-peto-fakultaet\/\">\r\n      <!--  <a class=\"d-block w-100\" target=\"_blank\" href=\" \"> -->\r\n            <div class=\"card\">\r\n                                    <div class=\"card-image img-fluid \">\r\n                         \r\n                        <img loading=\"lazy\" decoding=\"async\" width=\"753\" height=\"502\" src=\"https:\/\/semmelweis.hu\/deutsch\/files\/2023\/02\/RS69952_KA-20171025-IMG_8310-scr-768x512.jpg\" class=\"landscape wp-post-image\" alt=\"\" srcset=\"https:\/\/semmelweis.hu\/deutsch\/files\/2023\/02\/RS69952_KA-20171025-IMG_8310-scr-768x512.jpg 768w, https:\/\/semmelweis.hu\/deutsch\/files\/2023\/02\/RS69952_KA-20171025-IMG_8310-scr-400x267.jpg 400w, https:\/\/semmelweis.hu\/deutsch\/files\/2023\/02\/RS69952_KA-20171025-IMG_8310-scr-753x502.jpg 753w, https:\/\/semmelweis.hu\/deutsch\/files\/2023\/02\/RS69952_KA-20171025-IMG_8310-scr-203x135.jpg 203w, https:\/\/semmelweis.hu\/deutsch\/files\/2023\/02\/RS69952_KA-20171025-IMG_8310-scr.jpg 950w\" sizes=\"auto, (max-width: 753px) 100vw, 753px\" \/>                    <\/div>\r\n                \r\n                <div class=\"card-body\">\r\n                    <div class=\"card-date text-uppercase  d-none  \">\r\n                                                    <h5><span class=\"font-weight-normal\">2023. <\/span>Januar 14.<\/h5>\r\n                                            <\/div>\r\n                    <div class=\"card-title\">\r\n                        <h3 class=\"mt-2 entry-title\">Andr\u00e1s Pet\u0151 Fakult\u00e4t<\/h3>\r\n                    <\/div>\r\n                    <style>\r\n                        .card-text-inside{\r\n                                                 display: -webkit-box;\r\n                    -webkit-line-clamp: 4;\r\n                    -webkit-box-orient: vertical;\r\n                     overflow:hidden;\r\n                     text-overflow: ellipsis;\r\n                        }\r\n                        <\/style>\r\n                                    <\/div>\r\n            <\/div>\r\n        <\/a>\r\n    <\/div>\r\n\r\n\r\n\ufeff\r\n    <div class=\"card-format col col-12 col-md-4 col-lg-4 pl-1 pl-md-0 pr-1 pr-md-2 mb-2\">\r\n        <a class=\"d-block w-100\"  href=\"https:\/\/semmelweis.hu\/deutsch\/fakultaeten\/gesundheitswesen-und-verwaltung\/\">\r\n      <!--  <a class=\"d-block w-100\" target=\"_blank\" href=\" \"> -->\r\n            <div class=\"card\">\r\n                                    <div class=\"card-image img-fluid \">\r\n                         \r\n                        <img loading=\"lazy\" decoding=\"async\" width=\"753\" height=\"502\" src=\"https:\/\/semmelweis.hu\/deutsch\/files\/2023\/02\/RS78080_IMG_2095-scr-768x512.jpg\" class=\"landscape wp-post-image\" alt=\"\" srcset=\"https:\/\/semmelweis.hu\/deutsch\/files\/2023\/02\/RS78080_IMG_2095-scr-768x512.jpg 768w, https:\/\/semmelweis.hu\/deutsch\/files\/2023\/02\/RS78080_IMG_2095-scr-400x267.jpg 400w, https:\/\/semmelweis.hu\/deutsch\/files\/2023\/02\/RS78080_IMG_2095-scr-753x502.jpg 753w, https:\/\/semmelweis.hu\/deutsch\/files\/2023\/02\/RS78080_IMG_2095-scr-203x135.jpg 203w, https:\/\/semmelweis.hu\/deutsch\/files\/2023\/02\/RS78080_IMG_2095-scr.jpg 950w\" sizes=\"auto, (max-width: 753px) 100vw, 753px\" \/>                    <\/div>\r\n                \r\n                <div class=\"card-body\">\r\n                    <div class=\"card-date text-uppercase  d-none  \">\r\n                                                    <h5><span class=\"font-weight-normal\">2023. <\/span>Januar 13.<\/h5>\r\n                                            <\/div>\r\n                    <div class=\"card-title\">\r\n                        <h3 class=\"mt-2 entry-title\">Fakult\u00e4t f\u00fcr \u00f6ffentliches Gesundheitswesen und Verwaltung<\/h3>\r\n                    <\/div>\r\n                    <style>\r\n                        .card-text-inside{\r\n                                                 display: -webkit-box;\r\n                    -webkit-line-clamp: 4;\r\n                    -webkit-box-orient: vertical;\r\n                     overflow:hidden;\r\n                     text-overflow: ellipsis;\r\n                        }\r\n                        <\/style>\r\n                                    <\/div>\r\n            <\/div>\r\n        <\/a>\r\n    <\/div>\r\n\r\n\r\n\ufeff\r\n    <div class=\"card-format col col-12 col-md-4 col-lg-4 pl-1 pl-md-0 pr-1 pr-md-2 mb-2\">\r\n        <a class=\"d-block w-100\"  href=\"https:\/\/semmelweis.hu\/deutsch\/fakultaeten\/fakultaet-fuer-gesundheitswissenschaften\/\">\r\n      <!--  <a class=\"d-block w-100\" target=\"_blank\" href=\" \"> -->\r\n            <div class=\"card\">\r\n                                    <div class=\"card-image img-fluid \">\r\n                         \r\n                        <img loading=\"lazy\" decoding=\"async\" width=\"753\" height=\"502\" src=\"https:\/\/semmelweis.hu\/deutsch\/files\/2023\/02\/RS67044_KA-20170928-IMG_5059-scr-768x512.jpg\" class=\"landscape wp-post-image\" alt=\"\" srcset=\"https:\/\/semmelweis.hu\/deutsch\/files\/2023\/02\/RS67044_KA-20170928-IMG_5059-scr-768x512.jpg 768w, https:\/\/semmelweis.hu\/deutsch\/files\/2023\/02\/RS67044_KA-20170928-IMG_5059-scr-400x267.jpg 400w, https:\/\/semmelweis.hu\/deutsch\/files\/2023\/02\/RS67044_KA-20170928-IMG_5059-scr-753x502.jpg 753w, https:\/\/semmelweis.hu\/deutsch\/files\/2023\/02\/RS67044_KA-20170928-IMG_5059-scr-203x135.jpg 203w, https:\/\/semmelweis.hu\/deutsch\/files\/2023\/02\/RS67044_KA-20170928-IMG_5059-scr.jpg 950w\" sizes=\"auto, (max-width: 753px) 100vw, 753px\" \/>                    <\/div>\r\n                \r\n                <div class=\"card-body\">\r\n                    <div class=\"card-date text-uppercase  d-none  \">\r\n                                                    <h5><span class=\"font-weight-normal\">2023. <\/span>Januar 12.<\/h5>\r\n                                            <\/div>\r\n                    <div class=\"card-title\">\r\n                        <h3 class=\"mt-2 entry-title\">Fakult\u00e4t f\u00fcr Gesundheitswissenschaften<\/h3>\r\n                    <\/div>\r\n                    <style>\r\n                        .card-text-inside{\r\n                                                 display: -webkit-box;\r\n                    -webkit-line-clamp: 4;\r\n                    -webkit-box-orient: vertical;\r\n                     overflow:hidden;\r\n                     text-overflow: ellipsis;\r\n                        }\r\n                        <\/style>\r\n                                    <\/div>\r\n            <\/div>\r\n        <\/a>\r\n    <\/div>\r\n\r\n\r\n                \r\n            <\/div>\r\n        <\/div>\r\n\r\n                        <div class=\"post-slide-hirek row px-0\">\r\n            <style>\r\n                .post-slide-hirek .owl-nav button {\r\n                    margin: 0px !important;\r\n                    height: 100% !important;\r\n                }\r\n\r\n                .card-custom-title {\r\n                    font-size: 17px;\r\n                    line-height: 23px;\r\n                    overflow: hidden;\r\n                    text-overflow: ellipsis;\r\n                    display: -webkit-box;\r\n                    -webkit-line-clamp: 3;\r\n                    -webkit-box-orient: vertical;\r\n                    min-height: 72px;\r\n                }\r\n\r\n                .card-custom-max-h {\r\n                    max-height: 235px !important;\r\n                    object-fit: cover;\r\n                }\r\n\r\n                .post-slide-hirek .owl-item .card-img img {\r\n                    opacity: 1 !important;\r\n                    aspect-ratio: 3\/ 2;\r\n\r\n                }\r\n                .card:has(.card-date:not(.d-none)):not(:has(img)) {\r\n                    margin-top: 20px;\r\n                }\r\n            <\/style>\r\n                            <div class=\"owl-carousel col-12 px-0 mt-2 mb-4 md-md-0 d-sm-none\">\r\n                                            <a class=\"item-1\" href=\"https:\/\/semmelweis.hu\/deutsch\/fakultaeten\/medizinische-fakultaet\/\">\r\n\r\n                            <div class=\"card-img \">\r\n                                <img loading=\"lazy\" decoding=\"async\" width=\"560\" height=\"373\" src=\"https:\/\/semmelweis.hu\/deutsch\/files\/2023\/01\/RS41942_11-scr-1.jpg\" class=\"d-block card-custom-max-h  img-fluid n-1 wp-post-image\" alt=\"\" srcset=\"https:\/\/semmelweis.hu\/deutsch\/files\/2023\/01\/RS41942_11-scr-1.jpg 950w, https:\/\/semmelweis.hu\/deutsch\/files\/2023\/01\/RS41942_11-scr-1-400x267.jpg 400w, https:\/\/semmelweis.hu\/deutsch\/files\/2023\/01\/RS41942_11-scr-1-768x512.jpg 768w, https:\/\/semmelweis.hu\/deutsch\/files\/2023\/01\/RS41942_11-scr-1-753x502.jpg 753w, https:\/\/semmelweis.hu\/deutsch\/files\/2023\/01\/RS41942_11-scr-1-203x135.jpg 203w\" sizes=\"auto, (max-width: 560px) 100vw, 560px\" \/>                            <\/div>\r\n                            <div class=\"card-title mb-1\">\r\n                                <h3 class=\"mt-0 pt-1 mb-0 px-2 card-custom-title d-flex align-items-center d-md-block\">\r\n                                    <span class=\"entry-title pt-0 pt-md-1\">Medizinische Fakult\u00e4t                                <\/h3>\r\n                            <\/div>\r\n                            \r\n\r\n                        <\/a>\r\n                                            <a class=\"item-2\" href=\"https:\/\/semmelweis.hu\/deutsch\/fakultaeten\/fakultaet-fuer-zahnheilkunde\/\">\r\n\r\n                            <div class=\"card-img \">\r\n                                <img loading=\"lazy\" decoding=\"async\" width=\"560\" height=\"373\" src=\"https:\/\/semmelweis.hu\/deutsch\/files\/2023\/01\/RS128360_C19A3133-scr-1.jpg\" class=\"d-block card-custom-max-h  img-fluid n-2 wp-post-image\" alt=\"\" srcset=\"https:\/\/semmelweis.hu\/deutsch\/files\/2023\/01\/RS128360_C19A3133-scr-1.jpg 1200w, https:\/\/semmelweis.hu\/deutsch\/files\/2023\/01\/RS128360_C19A3133-scr-1-400x267.jpg 400w, https:\/\/semmelweis.hu\/deutsch\/files\/2023\/01\/RS128360_C19A3133-scr-1-1024x683.jpg 1024w, https:\/\/semmelweis.hu\/deutsch\/files\/2023\/01\/RS128360_C19A3133-scr-1-768x512.jpg 768w, https:\/\/semmelweis.hu\/deutsch\/files\/2023\/01\/RS128360_C19A3133-scr-1-753x502.jpg 753w, https:\/\/semmelweis.hu\/deutsch\/files\/2023\/01\/RS128360_C19A3133-scr-1-203x135.jpg 203w\" sizes=\"auto, (max-width: 560px) 100vw, 560px\" \/>                            <\/div>\r\n                            <div class=\"card-title mb-1\">\r\n                                <h3 class=\"mt-0 pt-1 mb-0 px-2 card-custom-title d-flex align-items-center d-md-block\">\r\n                                    <span class=\"entry-title pt-0 pt-md-1\">Fakult\u00e4t f\u00fcr Zahnheilkunde                                <\/h3>\r\n                            <\/div>\r\n                            \r\n\r\n                        <\/a>\r\n                                            <a class=\"item-3\" href=\"https:\/\/semmelweis.hu\/deutsch\/fakultaeten\/fakultat-fur-pharmazeutische-wissenschaften\/\">\r\n\r\n                            <div class=\"card-img \">\r\n                                <img loading=\"lazy\" decoding=\"async\" width=\"560\" height=\"373\" src=\"https:\/\/semmelweis.hu\/deutsch\/files\/2023\/01\/RS60617_KR_20170405_0058-scr.jpg\" class=\"d-block card-custom-max-h  img-fluid n-3 wp-post-image\" alt=\"\" srcset=\"https:\/\/semmelweis.hu\/deutsch\/files\/2023\/01\/RS60617_KR_20170405_0058-scr.jpg 1200w, https:\/\/semmelweis.hu\/deutsch\/files\/2023\/01\/RS60617_KR_20170405_0058-scr-400x267.jpg 400w, https:\/\/semmelweis.hu\/deutsch\/files\/2023\/01\/RS60617_KR_20170405_0058-scr-1024x683.jpg 1024w, https:\/\/semmelweis.hu\/deutsch\/files\/2023\/01\/RS60617_KR_20170405_0058-scr-768x512.jpg 768w, https:\/\/semmelweis.hu\/deutsch\/files\/2023\/01\/RS60617_KR_20170405_0058-scr-753x502.jpg 753w, https:\/\/semmelweis.hu\/deutsch\/files\/2023\/01\/RS60617_KR_20170405_0058-scr-203x135.jpg 203w\" sizes=\"auto, (max-width: 560px) 100vw, 560px\" \/>                            <\/div>\r\n                            <div class=\"card-title mb-1\">\r\n                                <h3 class=\"mt-0 pt-1 mb-0 px-2 card-custom-title d-flex align-items-center d-md-block\">\r\n                                    <span class=\"entry-title pt-0 pt-md-1\">Fakult\u00e4t f\u00fcr Pharmazeutische Wissenschaften                                <\/h3>\r\n                            <\/div>\r\n                            \r\n\r\n                        <\/a>\r\n                                            <a class=\"item-4\" href=\"https:\/\/semmelweis.hu\/deutsch\/fakultaeten\/andras-peto-fakultaet\/\">\r\n\r\n                            <div class=\"card-img \">\r\n                                <img loading=\"lazy\" decoding=\"async\" width=\"560\" height=\"373\" src=\"https:\/\/semmelweis.hu\/deutsch\/files\/2023\/02\/RS69952_KA-20171025-IMG_8310-scr.jpg\" class=\"d-block card-custom-max-h  img-fluid n-4 wp-post-image\" alt=\"\" srcset=\"https:\/\/semmelweis.hu\/deutsch\/files\/2023\/02\/RS69952_KA-20171025-IMG_8310-scr.jpg 950w, https:\/\/semmelweis.hu\/deutsch\/files\/2023\/02\/RS69952_KA-20171025-IMG_8310-scr-400x267.jpg 400w, https:\/\/semmelweis.hu\/deutsch\/files\/2023\/02\/RS69952_KA-20171025-IMG_8310-scr-768x512.jpg 768w, https:\/\/semmelweis.hu\/deutsch\/files\/2023\/02\/RS69952_KA-20171025-IMG_8310-scr-753x502.jpg 753w, https:\/\/semmelweis.hu\/deutsch\/files\/2023\/02\/RS69952_KA-20171025-IMG_8310-scr-203x135.jpg 203w\" sizes=\"auto, (max-width: 560px) 100vw, 560px\" \/>                            <\/div>\r\n                            <div class=\"card-title mb-1\">\r\n                                <h3 class=\"mt-0 pt-1 mb-0 px-2 card-custom-title d-flex align-items-center d-md-block\">\r\n                                    <span class=\"entry-title pt-0 pt-md-1\">Andr\u00e1s Pet\u0151 Fakult\u00e4t                                <\/h3>\r\n                            <\/div>\r\n                            \r\n\r\n                        <\/a>\r\n                                            <a class=\"item-5\" href=\"https:\/\/semmelweis.hu\/deutsch\/fakultaeten\/gesundheitswesen-und-verwaltung\/\">\r\n\r\n                            <div class=\"card-img \">\r\n                                <img loading=\"lazy\" decoding=\"async\" width=\"560\" height=\"373\" src=\"https:\/\/semmelweis.hu\/deutsch\/files\/2023\/02\/RS78080_IMG_2095-scr.jpg\" class=\"d-block card-custom-max-h  img-fluid n-5 wp-post-image\" alt=\"\" srcset=\"https:\/\/semmelweis.hu\/deutsch\/files\/2023\/02\/RS78080_IMG_2095-scr.jpg 950w, https:\/\/semmelweis.hu\/deutsch\/files\/2023\/02\/RS78080_IMG_2095-scr-400x267.jpg 400w, https:\/\/semmelweis.hu\/deutsch\/files\/2023\/02\/RS78080_IMG_2095-scr-768x512.jpg 768w, https:\/\/semmelweis.hu\/deutsch\/files\/2023\/02\/RS78080_IMG_2095-scr-753x502.jpg 753w, https:\/\/semmelweis.hu\/deutsch\/files\/2023\/02\/RS78080_IMG_2095-scr-203x135.jpg 203w\" sizes=\"auto, (max-width: 560px) 100vw, 560px\" \/>                            <\/div>\r\n                            <div class=\"card-title mb-1\">\r\n                                <h3 class=\"mt-0 pt-1 mb-0 px-2 card-custom-title d-flex align-items-center d-md-block\">\r\n                                    <span class=\"entry-title pt-0 pt-md-1\">Fakult\u00e4t f\u00fcr \u00f6ffentliches Gesundheitswesen und Verwaltung                                <\/h3>\r\n                            <\/div>\r\n                            \r\n\r\n                        <\/a>\r\n                                            <a class=\"item-6\" href=\"https:\/\/semmelweis.hu\/deutsch\/fakultaeten\/fakultaet-fuer-gesundheitswissenschaften\/\">\r\n\r\n                            <div class=\"card-img \">\r\n                                <img loading=\"lazy\" decoding=\"async\" width=\"560\" height=\"373\" src=\"https:\/\/semmelweis.hu\/deutsch\/files\/2023\/02\/RS67044_KA-20170928-IMG_5059-scr.jpg\" class=\"d-block card-custom-max-h  img-fluid n-6 wp-post-image\" alt=\"\" srcset=\"https:\/\/semmelweis.hu\/deutsch\/files\/2023\/02\/RS67044_KA-20170928-IMG_5059-scr.jpg 950w, https:\/\/semmelweis.hu\/deutsch\/files\/2023\/02\/RS67044_KA-20170928-IMG_5059-scr-400x267.jpg 400w, https:\/\/semmelweis.hu\/deutsch\/files\/2023\/02\/RS67044_KA-20170928-IMG_5059-scr-768x512.jpg 768w, https:\/\/semmelweis.hu\/deutsch\/files\/2023\/02\/RS67044_KA-20170928-IMG_5059-scr-753x502.jpg 753w, https:\/\/semmelweis.hu\/deutsch\/files\/2023\/02\/RS67044_KA-20170928-IMG_5059-scr-203x135.jpg 203w\" sizes=\"auto, (max-width: 560px) 100vw, 560px\" \/>                            <\/div>\r\n                            <div class=\"card-title mb-1\">\r\n                                <h3 class=\"mt-0 pt-1 mb-0 px-2 card-custom-title d-flex align-items-center d-md-block\">\r\n                                    <span class=\"entry-title pt-0 pt-md-1\">Fakult\u00e4t f\u00fcr Gesundheitswissenschaften                                <\/h3>\r\n                            <\/div>\r\n                            \r\n\r\n                        <\/a>\r\n                                    <\/div>\r\n\r\n                    \r\n        <\/div><!-- owl-carousel -->\r\n    <\/section>\r\n\r\n\n","protected":false},"excerpt":{"rendered":"<p>Die Fakult\u00e4t f\u00fcr Gesundheitswissenschaften (ETK) ist die zweitgr\u00f6\u00dfte Fakult\u00e4t der Semmelweis Universit\u00e4t und offeriert eines der umfangreichsten Ausbildungsangebote im Bereich der Gesundheitswissenschaften in der mitteleurop\u00e4ischen Region.\u00a0 FAKULT\u00c4T F\u00dcR GESUNDHEITSWISSENSCHAFTEN Gegr\u00fcndet:1975 Dekan:Dr. Gabriella D\u00f6rnyei Bedn\u00e1rikn\u00e9 Anzahl der Studierenden:3.700 Anteil der ausl\u00e4ndischen Studierenden:18,09 % Adresse:H-1088 Budapest, Vas u. 17. 17. Telefon:\u00a0 <a href=\"tel:+3614865910\">+36 1 486 5910<\/a> E-Mail:\u00a0 <a href=\"mailto:dekani.hivatal@se-etk.hu\">dekani.hivatal@se-etk.hu<\/a> Website: <a href=\"https:\/\/semmelweis.hu\/etk\/en\/\">https:\/\/semmelweis.hu\/etk\/<\/a> <a href=\"#Abteilungen\">Abteilungen \u2192<\/a> Ebenso wichtig sind internationale &hellip;<\/p>\n","protected":false},"author":12,"featured_media":0,"parent":0,"menu_order":1,"comment_status":"closed","ping_status":"closed","template":"template-fullwidth.php","meta":{"_acf_changed":false,"footnotes":""},"categories":[],"tags":[],"class_list":["post-33092","page","type-page","status-publish","hentry"],"acf":[],"_links":{"self":[{"href":"https:\/\/semmelweis.hu\/deutsch\/wp-json\/wp\/v2\/pages\/33092","targetHints":{"allow":["GET"]}}],"collection":[{"href":"https:\/\/semmelweis.hu\/deutsch\/wp-json\/wp\/v2\/pages"}],"about":[{"href":"https:\/\/semmelweis.hu\/deutsch\/wp-json\/wp\/v2\/types\/page"}],"author":[{"embeddable":true,"href":"https:\/\/semmelweis.hu\/deutsch\/wp-json\/wp\/v2\/users\/12"}],"replies":[{"embeddable":true,"href":"https:\/\/semmelweis.hu\/deutsch\/wp-json\/wp\/v2\/comments?post=33092"}],"version-history":[{"count":1,"href":"https:\/\/semmelweis.hu\/deutsch\/wp-json\/wp\/v2\/pages\/33092\/revisions"}],"predecessor-version":[{"id":33093,"href":"https:\/\/semmelweis.hu\/deutsch\/wp-json\/wp\/v2\/pages\/33092\/revisions\/33093"}],"wp:attachment":[{"href":"https:\/\/semmelweis.hu\/deutsch\/wp-json\/wp\/v2\/media?parent=33092"}],"wp:term":[{"taxonomy":"category","embeddable":true,"href":"https:\/\/semmelweis.hu\/deutsch\/wp-json\/wp\/v2\/categories?post=33092"},{"taxonomy":"post_tag","embeddable":true,"href":"https:\/\/semmelweis.hu\/deutsch\/wp-json\/wp\/v2\/tags?post=33092"}],"curies":[{"name":"wp","href":"https:\/\/api.w.org\/{rel}","templated":true}]}}