{"id":32973,"date":"2023-01-27T14:25:41","date_gmt":"2023-01-27T13:25:41","guid":{"rendered":"https:\/\/semmelweis.hu\/deutsch\/?page_id=32973"},"modified":"2026-03-16T15:28:48","modified_gmt":"2026-03-16T14:28:48","slug":"zahlen-und-fakten","status":"publish","type":"page","link":"https:\/\/semmelweis.hu\/deutsch\/semmelweis-universitaet\/zahlen-und-fakten\/","title":{"rendered":"Zahlen und Fakten"},"content":{"rendered":"<div class=\"keretes\" style=\"float: left !important;border-left: 6px solid #4D9DE0 !important;border-right: 1px solid lightgray !important;border-top: 1px solid lightgray !important;background-color: #ffff !important;border-bottom: 1px solid lightgray\">\n<h2 style=\"font-weight: 700 !important\">250 Jahre Tradition<\/h2>\n<h6>Die Semmelweis Universit\u00e4t wurde im Jahr 1769 gegr\u00fcndet. Sie kann auf eine \u00fcber <strong>250-j\u00e4hrige Tradition<\/strong> akademischer Spitzenleistungen und des Engagements f\u00fcr die Ausbildung von \u00c4rzten zur\u00fcckblicken.<\/h6>\n<\/div>\n<div class=\"keretes\" style=\"border-left: 6px solid #4D9DE0 !important;border-right: 1px solid lightgray !important;border-top: 1px solid lightgray !important;background-color: #ffff !important;border-bottom: 1px solid lightgray\">\n<h2 style=\"font-weight: 700 !important\">Unter den besten 300<\/h2>\n<h6>Times Higher Education: <strong>251-300. <\/strong><span style=\"font-size: 10pt\">(2026)<br \/>\n<\/span><span style=\"font-size: 14pt\"><strong>\u00a0 \u2022 <\/strong><\/span><span style=\"font-size: 14pt\">Klinische Medizin<\/span><span style=\"font-size: 14pt\">: <strong>176-200.<br \/>\n<\/strong><\/span><\/h6>\n<h6>Shanghai-Ranking (ARWU) <span style=\"font-size: 10pt\">(2025)<br \/>\n<\/span><strong><span style=\"font-size: 14pt\">\u00a0 \u2022 <\/span><\/strong><span style=\"font-size: 14pt\">Pharmazeutische Wissenschaften: <strong>51-75.<br \/>\n<\/strong><\/span><strong><span style=\"font-size: 14pt\">\u00a0 \u2022 <\/span><\/strong><span style=\"font-size: 14pt\">Klinische Medizin: <strong>151-200.<br \/>\n<\/strong><\/span><span style=\"font-size: 14pt\"><strong>\u00a0 \u2022<\/strong> Zahnmedizin und orale Wissenschaften: <strong>201-300.<br \/>\n<\/strong><\/span><span style=\"font-size: 14pt\"><strong>\u00a0 \u2022<\/strong> <\/span><span style=\"font-size: 14pt\">Medizintechnik: <strong>201-300.<br \/>\n<\/strong><\/span><span style=\"font-size: 14pt\"><strong>\u00a0 \u2022<\/strong> Biowissenschaften<\/span><span style=\"font-size: 14pt\">: <strong>201-300.<br \/>\n<\/strong><\/span><strong style=\"font-size: 14pt\"><br \/>\n<\/strong>US News Best Global Universities <span style=\"font-size: 10pt\">(2025)<br \/>\n<\/span><strong><span style=\"font-size: 14pt\">\u00a0 \u2022 <\/span><\/strong><span style=\"font-size: 14pt\">Herz- und kardiovaskul\u00e4re Systeme: <strong>35.<\/strong><\/span><\/h6>\n<\/div>\n<div class=\"keretes\" style=\"float: left !important;border-left: 6px solid #4D9DE0 !important;border-right: 1px solid lightgray !important;border-top: 1px solid lightgray !important;background-color: #ffff !important;border-bottom: 1px solid lightgray\">\n<h2 style=\"font-weight: 700 !important\">16.000 Studenten<\/h2>\n<h6>W\u00e4hrend zwei Drittel der Studierenden aus Ungarn stammen, kommt das \u00fcbrige Drittel aus <strong>129<\/strong> L\u00e4ndern \u2013 von f\u00fcnf Kontinenten. Jedes Jahr erwerben mehr als <strong>1.500<\/strong> Studierende ihr Diplom an einer der sechs Fakult\u00e4ten der Semmelweis Universit\u00e4t und finden innerhalb von drei Monaten nach ihrem Abschluss in der Regel ihre erste Stelle.<\/h6>\n<\/div>\n<div class=\"keretes\" style=\"border-left: 6px solid #4D9DE0 !important;border-right: 1px solid lightgray !important;border-top: 1px solid lightgray !important;background-color: #ffff !important;border-bottom: 1px solid lightgray\">\n<h2 style=\"font-weight: 700 !important\">Etwa 14.000 Mitarbeiterinnen und Mitarbeiter<\/h2>\n<h6>Hauptamtlich Besch\u00e4ftigte: ca.<strong> 13.700<\/strong><br \/>\nWissenschaftliches Personal: ca. <strong>2.200<\/strong><br \/>\nLehrkr\u00e4fte und Forschende: ca. <strong>1.750<\/strong><br \/>\nDoktorinnen und Doktoren der Ungarischen Akademie der Wissenschaften: <strong>184<\/strong><br \/>\nPersonal des Klinischen Zentrums: ca. <strong>8.500<\/strong><br \/>\nMitarbeitende im Bereich Kanzlei (unterst\u00fctzende Bereiche): <strong>2.000<\/strong><br \/>\nMitglieder der Ungarischen Akademie der Wissenschaften: <strong>25<\/strong><\/h6>\n<\/div>\n<div class=\"keretes\" style=\"float: left !important;border-left: 6px solid #4D9DE0 !important;border-right: 1px solid lightgray !important;border-top: 1px solid lightgray !important;background-color: #ffff !important;border-bottom: 1px solid lightgray\">\n<h2 style=\"font-weight: 700 !important\">40 Jahre internationale Erfahrung in der Ausbildung<\/h2>\n<h6>Die deutschsprachige medizinische Ausbildung an der Universit\u00e4t wurde <strong>1983<\/strong> eingef\u00fchrt, <strong>1989<\/strong> folgte die englischsprachige Ausbildung. Seitdem hat sich die Semmelweis Universit\u00e4t zu einer der f\u00fchrenden deutsch- und englischsprachigen Ausbildungsst\u00e4tten in Europa entwickelt.<\/h6>\n<\/div>\n<div class=\"keretes\" style=\"border-left: 6px solid #4D9DE0 !important;border-right: 1px solid lightgray !important;border-top: 1px solid lightgray !important;background-color: #ffff !important;border-bottom: 1px solid lightgray\">\n<h2 style=\"font-weight: 700 !important\">3,5 Millionen Krankheitsf\u00e4lle<\/h2>\n<h6>Die Semmelweis Universit\u00e4t behandelte im Jahr <strong>2024<\/strong>\u00a0mehr als <strong>200.000<\/strong> Krankheitsf\u00e4lle bei <strong>108.500<\/strong> station\u00e4r aufgenommenen Patientinnen und Patienten sowie <strong>3,3 Millionen<\/strong> F\u00e4lle von <strong>493.000<\/strong> ambulant behandelten Patientinnen und Patienten. Derzeit stehen <strong>2.443<\/strong> aktive station\u00e4re Betten und <strong>844<\/strong> chronisch station\u00e4re Betten zur Verf\u00fcgung.<\/h6>\n<\/div>\n<div class=\"keretes\" style=\"float: left !important;border-left: 6px solid #4D9DE0 !important;border-right: 1px solid lightgray !important;border-top: 1px solid lightgray !important;background-color: #ffff !important;border-bottom: 1px solid lightgray\">\n<h2 style=\"font-weight: 700 !important\">347 vielzitierte Ver\u00f6ffentlichungen<\/h2>\n<h6><em>Ver\u00f6ffentlichungen*<\/em><br \/>\n5-Jahres-H-Index: <strong>145<\/strong><br \/>\ndurchschnittliche Zitierh\u00e4ufigkeit der Ver\u00f6ffentlichungen: <strong>21,25<\/strong><br \/>\nRate der zitierten Ver\u00f6ffentlichungen: <strong>91%<\/strong><br \/>\nVielzitierte Ver\u00f6ffentlichungen: <strong>347<\/strong><\/h6>\n<h6><em>*Die Daten basieren auf der WoS-Datenbank<\/em><\/h6>\n<\/div>\n<div class=\"keretes\" style=\"border-left: 6px solid #4D9DE0 !important;border-right: 1px solid lightgray !important;border-top: 1px solid lightgray !important;background-color: #ffff !important;border-bottom: 1px solid lightgray\">\n<h2 style=\"font-weight: 700 !important\">167 Forschungsstipendien<\/h2>\n<h6>Leistungsindikatoren im Bereich der Forschung:<br \/>\n<strong>15<\/strong> internationale Forschungsstipendien<br \/>\n<strong>152<\/strong> ungarische Forschungsstipendien<\/h6>\n<\/div>\n","protected":false},"excerpt":{"rendered":"<p>250 Jahre Tradition Die Semmelweis Universit\u00e4t wurde im Jahr 1769 gegr\u00fcndet. Sie kann auf eine \u00fcber 250-j\u00e4hrige Tradition akademischer Spitzenleistungen und des Engagements f\u00fcr die Ausbildung von \u00c4rzten zur\u00fcckblicken. Unter den besten 300 Times Higher Education: 251-300. (2026) \u00a0 \u2022 Klinische Medizin: 176-200. Shanghai-Ranking (ARWU) (2025) \u00a0 \u2022 Pharmazeutische Wissenschaften: 51-75. \u00a0 \u2022 Klinische Medizin: &hellip;<\/p>\n","protected":false},"author":12,"featured_media":0,"parent":1941,"menu_order":5,"comment_status":"closed","ping_status":"closed","template":"template-fullwidth.php","meta":{"_acf_changed":false,"footnotes":""},"categories":[],"tags":[],"class_list":["post-32973","page","type-page","status-publish","hentry"],"acf":[],"_links":{"self":[{"href":"https:\/\/semmelweis.hu\/deutsch\/wp-json\/wp\/v2\/pages\/32973","targetHints":{"allow":["GET"]}}],"collection":[{"href":"https:\/\/semmelweis.hu\/deutsch\/wp-json\/wp\/v2\/pages"}],"about":[{"href":"https:\/\/semmelweis.hu\/deutsch\/wp-json\/wp\/v2\/types\/page"}],"author":[{"embeddable":true,"href":"https:\/\/semmelweis.hu\/deutsch\/wp-json\/wp\/v2\/users\/12"}],"replies":[{"embeddable":true,"href":"https:\/\/semmelweis.hu\/deutsch\/wp-json\/wp\/v2\/comments?post=32973"}],"version-history":[{"count":12,"href":"https:\/\/semmelweis.hu\/deutsch\/wp-json\/wp\/v2\/pages\/32973\/revisions"}],"predecessor-version":[{"id":40030,"href":"https:\/\/semmelweis.hu\/deutsch\/wp-json\/wp\/v2\/pages\/32973\/revisions\/40030"}],"up":[{"embeddable":true,"href":"https:\/\/semmelweis.hu\/deutsch\/wp-json\/wp\/v2\/pages\/1941"}],"wp:attachment":[{"href":"https:\/\/semmelweis.hu\/deutsch\/wp-json\/wp\/v2\/media?parent=32973"}],"wp:term":[{"taxonomy":"category","embeddable":true,"href":"https:\/\/semmelweis.hu\/deutsch\/wp-json\/wp\/v2\/categories?post=32973"},{"taxonomy":"post_tag","embeddable":true,"href":"https:\/\/semmelweis.hu\/deutsch\/wp-json\/wp\/v2\/tags?post=32973"}],"curies":[{"name":"wp","href":"https:\/\/api.w.org\/{rel}","templated":true}]}}