{"id":32956,"date":"2023-01-27T14:43:53","date_gmt":"2023-01-27T13:43:53","guid":{"rendered":"https:\/\/semmelweis.hu\/deutsch\/?page_id=32956"},"modified":"2023-01-27T14:43:53","modified_gmt":"2023-01-27T13:43:53","slug":"haeufig-gestellte-fragen-faq","status":"publish","type":"page","link":"https:\/\/semmelweis.hu\/deutsch\/bewerbung\/haeufig-gestellte-fragen-faq\/","title":{"rendered":"H\u00e4ufig gestellte Fragen (FAQ)"},"content":{"rendered":"            <div class=\"qae-faqs-container qae-faqs-toggle-container\">\n\t\t\t\t\t\t\t<ul class=\"qe-faqs-filters-container\">\n\t\t\t\t<li class=\"active\"><a class=\"qe-faqs-filter all-faqs\" href=\"#\" data-filter=\"*\">Alle<\/a><\/li>\n\t\t\t\t<li><a class=\"qe-faqs-filter\" href=\"#bewerbung\" data-filter=\".bewerbung\">Bewerbung<\/a><\/li>\t\t\t<\/ul>\n\t\t\t\t\t<div id=\"qaef-33039\" class=\"qe-faq-toggle bewerbung\">\n\t\t\t<div class=\"qe-toggle-title\">\n\t\t\t\t<h4>\n\t\t\t\t\t<i class=\"fa fa-minus-circle\"><\/i> Wann kann ich mich bewerben?\t\t\t\t<\/h4>\n\t\t\t<\/div>\n\t\t\t<div class=\"qe-toggle-content\">\n\t\t\t\t<p>In der Bewerbungsperiode des jeweiligen Jahres werden die Bewerbungen f\u00fcr das im September beginnende Studienjahr angenommen. Ein Beginn des Studiums ist immer nur im Wintersemester m\u00f6glich. <br \/>\nDie Bewerbungsfrist ist verpflichtend f\u00fcr alle Bewerber\/innen: ausschlie\u00dflich die bis zur Bewerbungsfrist eingereichten Bewerbungen k\u00f6nnen angenommen werden, und nur \u00fcber vollst\u00e4ndige Bewerbungen kann eine Entscheidung getroffen werden.<\/p>\n\t\t\t<\/div>\n\t\t<\/div>\n\t\t\t\t<div id=\"qaef-33035\" class=\"qe-faq-toggle bewerbung\">\n\t\t\t<div class=\"qe-toggle-title\">\n\t\t\t\t<h4>\n\t\t\t\t\t<i class=\"fa fa-minus-circle\"><\/i> Gibt es eine Aufnahmepr\u00fcfung?\t\t\t\t<\/h4>\n\t\t\t<\/div>\n\t\t\t<div class=\"qe-toggle-content\">\n\t\t\t\t<p>Eine Aufnahmepr\u00fcfung gibt es nicht. Die Grundvoraussetzung f\u00fcr die Bewerbung f\u00fcr Humanmedizin \/ Zahnmedizin \/ Pharmazie ist das Zeugnis der Allgemeinen Hochschulreife.<\/p>\n\t\t\t<\/div>\n\t\t<\/div>\n\t\t\t\t<div id=\"qaef-33038\" class=\"qe-faq-toggle bewerbung\">\n\t\t\t<div class=\"qe-toggle-title\">\n\t\t\t\t<h4>\n\t\t\t\t\t<i class=\"fa fa-minus-circle\"><\/i> Sind die deutschsprachigen Studieng\u00e4nge Humanmedizin und Zahnmedizin zulassungsbeschr\u00e4nkt (NC)?\t\t\t\t<\/h4>\n\t\t\t<\/div>\n\t\t\t<div class=\"qe-toggle-content\">\n\t\t\t\t<p>An der Semmelweis Universit\u00e4t gibt es kein NC. Die Entscheidung \u00fcber die Aufnahme der Bewerber\/innen trifft ausschlie\u00dflich das Gremium der Deutschsprachigen Studieng\u00e4nge unter dem Vorsitz des Vizerektors f\u00fcr Internationales Studium aufgrund der eingebrachten Unterlagen.<\/p>\n\t\t\t<\/div>\n\t\t<\/div>\n\t\t\t\t<div id=\"qaef-33037\" class=\"qe-faq-toggle bewerbung\">\n\t\t\t<div class=\"qe-toggle-title\">\n\t\t\t\t<h4>\n\t\t\t\t\t<i class=\"fa fa-minus-circle\"><\/i> Wie kann ich meine Chancen auf eine Zulassung verbessern?\t\t\t\t<\/h4>\n\t\t\t<\/div>\n\t\t\t<div class=\"qe-toggle-content\">\n\t\t\t\t<p>Vorteile bei der Bewerbung sind gute Abiturleistungen, T\u00e4tigkeit im Gesundheitswesen nach dem Gymnasium (z.B. Ableistung eines Praktikums oder Praktika im Pflegebereich); abgeschlossene Ausbildung im medizinischen Bereich (z.B. Krankenpfleger\/in, Rettungssanit\u00e4ter\/in, Zahntechniker\/in); ein Freiwilliges Soziales Jahr im Gesundheitswesen usw.<\/p>\n\t\t\t<\/div>\n\t\t<\/div>\n\t\t\t\t<div id=\"qaef-33040\" class=\"qe-faq-toggle bewerbung\">\n\t\t\t<div class=\"qe-toggle-title\">\n\t\t\t\t<h4>\n\t\t\t\t\t<i class=\"fa fa-minus-circle\"><\/i> Gibt es eine spezielle Bewerbungsfrist f\u00fcr Neuabiturienten?\t\t\t\t<\/h4>\n\t\t\t<\/div>\n\t\t\t<div class=\"qe-toggle-content\">\n\t\t\t\t<p>Ist man zum Zeitpunkt der Bewerbung noch nicht im Besitz des Zeugnisses der Allgemeinen Hochschulreife, gilt dennoch die Bewerbungsfrist und die beglaubigte Kopie des Zeugnisses der Allgemeinen Hochschulreife ist bis zum im Online-Bewerbungsportal angegebenen verl\u00e4ngerten Datum hochzuladen.<\/p>\n\t\t\t<\/div>\n\t\t<\/div>\n\t\t\t\t<div id=\"qaef-33041\" class=\"qe-faq-toggle bewerbung\">\n\t\t\t<div class=\"qe-toggle-title\">\n\t\t\t\t<h4>\n\t\t\t\t\t<i class=\"fa fa-minus-circle\"><\/i> Muss ich bei der Bewerbung etwas Besonderes beachten, wenn ich noch nicht 18 bin?\t\t\t\t<\/h4>\n\t\t\t<\/div>\n\t\t\t<div class=\"qe-toggle-content\">\n\t\t\t\t<p>Bei Bewerbenden, die zum Zeitpunkt der Einreichung ihrer Bewerbung ihr 18. Lebensjahr noch nicht vollendet haben, ist eine <a href=\"https:\/\/semmelweis.hu\/deutsch\/files\/2026\/01\/Einwilligungserklaerung-des-gesetzlichen-Vertreters.pdf\" target=\"_blank\" rel=\"noopener\">Einwilligungserkl\u00e4rung<\/a> der Eltern oder Erziehungsberechtigten vorzulegen. Die Erkl\u00e4rung muss innerhalb von 30 Tagen vor dem Datum des Hochladens ausgestellt worden sein.\u00a0<\/p>\n\t\t\t<\/div>\n\t\t<\/div>\n\t\t\t\t<div id=\"qaef-33042\" class=\"qe-faq-toggle bewerbung\">\n\t\t\t<div class=\"qe-toggle-title\">\n\t\t\t\t<h4>\n\t\t\t\t\t<i class=\"fa fa-minus-circle\"><\/i> Ich habe IB Diplom. Kann ich mich bewerben?\t\t\t\t<\/h4>\n\t\t\t<\/div>\n\t\t\t<div class=\"qe-toggle-content\">\n\t\t\t\t<p>Mit dem IB Diplom ist eine Bewerbung an der Semmelweis Universit\u00e4t nur in dem Fall m\u00f6glich, wenn zugleich eine vom Landespr\u00fcfungsamt in Deutschland ausgestellte Best\u00e4tigung \u00fcber die Gleichwertigkeit zum in Deutschland ausgestellten Zeugnis der Allgemeinen Hochschulreife vorgelegt werden kann.<\/p>\n\t\t\t<\/div>\n\t\t<\/div>\n\t\t\t\t<div id=\"qaef-33043\" class=\"qe-faq-toggle bewerbung\">\n\t\t\t<div class=\"qe-toggle-title\">\n\t\t\t\t<h4>\n\t\t\t\t\t<i class=\"fa fa-minus-circle\"><\/i> Ich habe Fachhochschulreife. Kann ich mich bewerben?\t\t\t\t<\/h4>\n\t\t\t<\/div>\n\t\t\t<div class=\"qe-toggle-content\">\n\t\t\t\t<p>Die Grundvoraussetzung f\u00fcr die Bewerbung ist das Zeugnis der Allgemeinen Hochschulreife. Die Fachhochschulreife ist f\u00fcr die Aufnahme eines Studiums der Humanmedizin \/ Zahnmedizin \/ Pharmazie an der Semmelweis Universit\u00e4t nicht ausreichend.<\/p>\n\t\t\t<\/div>\n\t\t<\/div>\n\t\t\t\t<div id=\"qaef-33044\" class=\"qe-faq-toggle bewerbung\">\n\t\t\t<div class=\"qe-toggle-title\">\n\t\t\t\t<h4>\n\t\t\t\t\t<i class=\"fa fa-minus-circle\"><\/i> Gibt es einen Vorbereitungskurs?\t\t\t\t<\/h4>\n\t\t\t<\/div>\n\t\t\t<div class=\"qe-toggle-content\">\n\t\t\t\t<p>F\u00fcr Bewerber, die in den naturwissenschaftlichen F\u00e4chern im Gymnasium nur schw\u00e4chere Ergebnisse erreicht haben und\/oder die naturwissenschaftlichen F\u00e4cher fr\u00fchzeitig abgew\u00e4hlt haben, bietet sich ein Vorbereitungsjahr in Budapest, organisiert von McDaniel College (www.ungarnstudium.hu) an.<\/p>\n<p>Die Teilnahme am obigen Vorbereitungsjahr in Budapest erm\u00f6glicht effiziente Kenntnisse in den naturwissenschaftlichen F\u00e4chern. Durch Erzielen einer guten bis sehr guten Lernleistung im Vorbereitungsjahr kann am besten die Eignung f\u00fcr ein Studium der Medizin an der Semmelweis Universit\u00e4t unter Beweis gestellt werden. Durch Nutzung oben beschriebener M\u00f6glichkeiten erh\u00f6hen sich die Chancen f\u00fcr den Erhalt eines Studienplatzes, wobei dies nicht als Garantie f\u00fcr die Zulassung zum Studium angesehen werden kann.<\/p>\n\t\t\t<\/div>\n\t\t<\/div>\n\t\t\t\t<div id=\"qaef-33045\" class=\"qe-faq-toggle bewerbung\">\n\t\t\t<div class=\"qe-toggle-title\">\n\t\t\t\t<h4>\n\t\t\t\t\t<i class=\"fa fa-minus-circle\"><\/i> Muss ich die ungarische Sprache erlernen, um in Budapest studieren zu k\u00f6nnen?\t\t\t\t<\/h4>\n\t\t\t<\/div>\n\t\t\t<div class=\"qe-toggle-content\">\n\t\t\t\t<p>Ab dem dritten Studienjahr sind f\u00fcr den Umgang mit Patienten w\u00e4hrend des Unterrichtes Grundkenntnisse der ungarischen Sprache Voraussetzung, die die Studierenden in den von der Universit\u00e4t angebotenen Sprachkursen problemlos erwerben k\u00f6nnen.<\/p>\n\t\t\t<\/div>\n\t\t<\/div>\n\t\t\t\t<div id=\"qaef-33046\" class=\"qe-faq-toggle bewerbung\">\n\t\t\t<div class=\"qe-toggle-title\">\n\t\t\t\t<h4>\n\t\t\t\t\t<i class=\"fa fa-minus-circle\"><\/i> Ich besitze ungarische Staatsb\u00fcrgerschaft. Kann ich mich f\u00fcr den deutschsprachigen Studiengang Bewerben?\t\t\t\t<\/h4>\n\t\t\t<\/div>\n\t\t\t<div class=\"qe-toggle-content\">\n\t\t\t\t<p>Bewerber\/innen, die nur \u00fcber die ungarische Staatsb\u00fcrgerschaft verf\u00fcgen, haben nur in dem Fall die M\u00f6glichkeit, sich f\u00fcr die deutschsprachigen Studieng\u00e4nge der Semmelweis Universit\u00e4t zu bewerben, wenn ihr Zeugnis der Allgemeinen Hochschulreife nicht nach dem ungarischen Schulsystem ausgestellt wurde bzw. wird, und wenn sie im aktuellen Bewerbungsjahr im ungarischen Bewerbungsportal FELVI keine Bewerbung einreichen. Hier\u00fcber ist seitens der Bewerber\/innen auf der Bewerbungsseite eine Erkl\u00e4rung abzugeben.<\/p>\n\t\t\t<\/div>\n\t\t<\/div>\n\t\t\t\t<div id=\"qaef-33047\" class=\"qe-faq-toggle bewerbung\">\n\t\t\t<div class=\"qe-toggle-title\">\n\t\t\t\t<h4>\n\t\t\t\t\t<i class=\"fa fa-minus-circle\"><\/i> Kann ich mich parallel f\u00fcr den deutschsprachigen und f\u00fcr den englischsprachigen Studiengang der Humanmedizin \/ Zahnmedizin\/Pharmazie bewerben?\t\t\t\t<\/h4>\n\t\t\t<\/div>\n\t\t\t<div class=\"qe-toggle-content\">\n\t\t\t\t<p>Die parallele Bewerbung f\u00fcr das englisch- und deutschsprachige Programm ist m\u00f6glich. In diesem Fall sind die Bewerbungsgeb\u00fchren f\u00fcr beide Programme zu entrichten. <br \/>\nBei einer Mehrfachbewerbung k\u00f6nnen Sie die Priorit\u00e4tsreihenfolge Ihrer Bewerbungen bestimmen. Die Priorit\u00e4tsreihenfolge k\u00f6nnen Sie ausschlie\u00dflich vor dem Einreichen Ihrer Bewerbung \u00e4ndern.<\/p>\n\t\t\t<\/div>\n\t\t<\/div>\n\t\t\t\t<div id=\"qaef-33048\" class=\"qe-faq-toggle bewerbung\">\n\t\t\t<div class=\"qe-toggle-title\">\n\t\t\t\t<h4>\n\t\t\t\t\t<i class=\"fa fa-minus-circle\"><\/i> Kann ich mich parallel f\u00fcr den deutschsprachigen Studiengang der Humanmedizin und der Zahnmedizin bewerben?\t\t\t\t<\/h4>\n\t\t\t<\/div>\n\t\t\t<div class=\"qe-toggle-content\">\n\t\t\t\t<p>Die parallele Bewerbung f\u00fcr Human-, Zahnmedizin und Pharmazie ist m\u00f6glich, in diesem Fall sind die Bewerbungsgeb\u00fchren nur einmal zu entrichten.<\/p>\n\t\t\t<\/div>\n\t\t<\/div>\n\t\t\t\t<div id=\"qaef-33049\" class=\"qe-faq-toggle bewerbung\">\n\t\t\t<div class=\"qe-toggle-title\">\n\t\t\t\t<h4>\n\t\t\t\t\t<i class=\"fa fa-minus-circle\"><\/i> Wie kann ich die Geb\u00fchren (Bewerbungsgeb\u00fchren, Studiengeb\u00fchren) einzahlen?\t\t\t\t<\/h4>\n\t\t\t<\/div>\n\t\t\t<div class=\"qe-toggle-content\">\n\t\t\t\t<h4><strong>Einzahlung von Geb\u00fchren der deutschsprachigen Studieng\u00e4nge <a href=\"https:\/\/semmelweis.hu\/deutsch\/studiengange\/humanmedizin\/\">Humanmedizin<\/a><span style=\"color: #313b40;font-family: Montserrat, sans-serif\">,\u00a0<\/span><a href=\"https:\/\/semmelweis.hu\/deutsch\/studiengange\/zahnmedizin\/\">Zahnmedizin<\/a><span style=\"color: #313b40;font-family: Montserrat, sans-serif\">\u00a0sowie\u00a0<\/span><a href=\"https:\/\/semmelweis.hu\/deutsch\/studiengange\/pharmazie\/\">Pharmazie:<\/a><\/strong><\/h4>\n<h6><strong>\u2022<\/strong> <strong>Bewerbungsgeb\u00fchren,<\/strong><br \/>\n<strong>\u2022 Immatrikulsationsgeb\u00fchren,<\/strong><br \/>\n<strong>\u2022 Studiengeb\u00fchren (1. Semester)<\/strong><\/h6>\n<p><strong>Mit Bankkarte:<br \/>\n<\/strong>Im Bewerbungsportal Semaphor k\u00f6nnen <strong>Bewerbungsgeb\u00fchren<\/strong> mit Bankkarte eingezahlt werden.\u00a0Diese Zahlungsmethode steht nur f\u00fcr die Zahlung der Bewerbungsgeb\u00fchren zur Verf\u00fcgung. Kartenzahlungen erfolgen \u00fcber ein sicheres Online-System der OTP Bank, der gr\u00f6\u00dften Gesch\u00e4ftsbank Ungarns. Die Zahlung kann automatisch \u00fcber das Online-Bewerbungssystem (SEMAPHOR) veranlasst werden. Dies ist der bevorzugte Weg zur Zahlung der Bewerbungsgeb\u00fchren.<\/p>\n<p><strong>Bank\u00fcberweisung:<\/strong><br \/>\nAuf nachstehendes Konto k\u00f6nnen <strong>Bewerbungsgeb\u00fchren<\/strong>, <strong>Immatrikulationsgeb\u00fchren<\/strong> sowie <strong>Studiengeb\u00fchren<\/strong> f\u00fcr das 1. Semester \u00fcberwiesen werden.<\/p>\n<div class=\"keretes w-100\" style=\"border-left: 6px solid #b3a16e !important\">Nachstehende Kontonummer kann <strong>nur f\u00fcr Euro-\u00dcberweisungen<\/strong> verwendet werden.<br \/>\nDie \u00dcberweisungsgeb\u00fchren gehen zu Lasten des Einzahlers \/ der Einzahlerin.<\/div>\n<div class=\"keretes w-100\" style=\"border-left: 6px solid #b3a16e !important\">Kontoinhaber: Semmelweis University<br \/>\nKontonummer (IBAN): HU51 1176 3842 0088 0888 0000 0000<br \/>\nBank Name: OTP Bank Nyrt.<br \/>\nBank Adresse: N\u00e1dor u. 16., 1051 Budapest, Hungary<br \/>\nSWIFT Code (BIC): OTPVHUHB<br \/>\nCorrespondent SWIFT Code (BIC): OTPVHUHB<br \/>\n<em>Verwendungszweck\/Vermerk<\/em>: s. unten<\/div>\n<ul>\n<li>\n<h6>Bewerbungsgeb\u00fchren:<\/h6>\n<\/li>\n<\/ul>\n<p style=\"padding-left: 40px\">(Bank\u00fcberweisung, falls die Zahlung nicht online mit Bankkarte im Bewerbungsportal ausgef\u00fchrt wird.)\u00a0<br \/>\n<em>Verwendungszweck:<\/em> <strong>Name <\/strong>und<strong>\u00a0Semaphor ID <\/strong>des Bewerbers \/ der Bewerberin,<strong> &#8222;Bewerbungsgeb\u00fchren&#8220;.<\/strong><\/p>\n<ul>\n<li>\n<h6>Immatrikulationsgeb\u00fchren sowie Studiengeb\u00fchren f\u00fcr das 1. Semester:<\/h6>\n<\/li>\n<\/ul>\n<p style=\"padding-left: 40px\"><em>Verwendungszweck:<\/em> <strong style=\"font-size: 1rem\">Name <\/strong>und <strong style=\"font-size: 1rem\"><strong>Semaphor ID <\/strong><\/strong>der\/des Studierenden, &#8222;<strong style=\"font-size: 1rem\">Studiengeb\u00fchren 1. Studienjahr&#8220;.<\/strong><\/p>\n<p><strong>Bei R\u00fcckgabe des Studienplatzes<\/strong>\u00a0vor dem Tag der offiziellen Einschreibung werden die bereits eingezahlten Studiengeb\u00fchren und Immatrikulationsgeb\u00fchren \u2013\u00a0<strong>bis auf ein Deposit von 2000 EUR<\/strong>\u00a0\u2013 zur\u00fcckerstattet, d.h. 2000 EUR werden von der Semmelweis Universit\u00e4t einbehalten.<\/p>\n<p><strong>Wird das Studium nach erfolgter Einschreibung nicht begonnen oder abgebrochen<\/strong>, werden die bereits eingezahlten Studiengeb\u00fchren sowie Immatrikulationsgeb\u00fchren\u00a0<strong>nicht zur\u00fcckerstattet<\/strong>.<\/p>\n<p><em>Achtung! <strong>Ab dem 2. Semester<\/strong> erfolgt die Einzahlung der Studiengeb\u00fchren \u00fcber das Studienverwaltungssystem Neptun, daf\u00fcr gibt es andere Kontoangaben (EUR Sammelkonto). <a href=\"https:\/\/semmelweis.hu\/deutsch\/studium\/neptun\/einzahlung-gebuehren\/\">Weiterlesen \u2192<\/a><\/em><\/p>\n<p>&nbsp;<\/p>\n\t\t\t<\/div>\n\t\t<\/div>\n\t\t\t\t<div id=\"qaef-33050\" class=\"qe-faq-toggle bewerbung\">\n\t\t\t<div class=\"qe-toggle-title\">\n\t\t\t\t<h4>\n\t\t\t\t\t<i class=\"fa fa-minus-circle\"><\/i> Mir ist bei der Bewerbung ein Fehler unterlaufen. Was soll ich tun?\t\t\t\t<\/h4>\n\t\t\t<\/div>\n\t\t\t<div class=\"qe-toggle-content\">\n\t\t\t\t<p>Schreiben Sie bitte eine E-Mail an das Bewerbungsteam unter der E-Mail-Adresse <a href=\"mailto:bewerbung@semmelweis.hu\">bewerbung@semmelweis.hu<\/a>.<\/p>\n\t\t\t<\/div>\n\t\t<\/div>\n\t\t\t\t<div id=\"qaef-33051\" class=\"qe-faq-toggle bewerbung\">\n\t\t\t<div class=\"qe-toggle-title\">\n\t\t\t\t<h4>\n\t\t\t\t\t<i class=\"fa fa-minus-circle\"><\/i> Kann ich meine Bewerbung zur\u00fcckziehen?\t\t\t\t<\/h4>\n\t\t\t<\/div>\n\t\t\t<div class=\"qe-toggle-content\">\n\t\t\t\t<p>Ja, es ist m\u00f6glich die Bewerbung zur\u00fcckzuziehen. Die Bewerbungsgeb\u00fchren werden jedoch nicht zur\u00fcckerstattet.<\/p>\n\t\t\t<\/div>\n\t\t<\/div>\n\t\t\t\t<div id=\"qaef-33052\" class=\"qe-faq-toggle bewerbung\">\n\t\t\t<div class=\"qe-toggle-title\">\n\t\t\t\t<h4>\n\t\t\t\t\t<i class=\"fa fa-minus-circle\"><\/i> Wann werde ich \u00fcber die Entscheidung meiner Bewerbung benachrichtigt?\t\t\t\t<\/h4>\n\t\t\t<\/div>\n\t\t\t<div class=\"qe-toggle-content\">\n\t\t\t\t<p>Nach Eingang und Bearbeitung von vollst\u00e4ndigen Bewerbungen bzw. nach Eingang des Abiturzeugnisses erhalten die Bewerberinnen und Bewerber voraussichtlich in zwei bis drei Wochen eine Antwort (Zulassung, Warteliste oder Ablehnung) per E-Mail \u00fcber die Entscheidung der Universit\u00e4t. Das Auswahlverfahren wird Ende August des jeweiligen Jahres abgeschlossen.<\/p>\n\t\t\t<\/div>\n\t\t<\/div>\n\t\t\t\t<div id=\"qaef-33053\" class=\"qe-faq-toggle bewerbung\">\n\t\t\t<div class=\"qe-toggle-title\">\n\t\t\t\t<h4>\n\t\t\t\t\t<i class=\"fa fa-minus-circle\"><\/i> Gibt es eine Warteliste?\t\t\t\t<\/h4>\n\t\t\t<\/div>\n\t\t\t<div class=\"qe-toggle-content\">\n\t\t\t\t<p>Ja, beim Auswahlverfahren erh\u00e4lt man entweder eine Zusage, eine Absage oder einen Wartelisteplatz. Durch das Nachr\u00fcckverfahren k\u00f6nnen Bewerber\/innen eine Zulassung erhalten, die zun\u00e4chst auf der Warteliste stehen.<\/p>\n\t\t\t<\/div>\n\t\t<\/div>\n\t\t\t\t<div id=\"qaef-33054\" class=\"qe-faq-toggle bewerbung\">\n\t\t\t<div class=\"qe-toggle-title\">\n\t\t\t\t<h4>\n\t\t\t\t\t<i class=\"fa fa-minus-circle\"><\/i> Ich habe die Zulassung erhalten. Wie best\u00e4tige ich die Annahme des Studienplatzes?\t\t\t\t<\/h4>\n\t\t\t<\/div>\n\t\t\t<div class=\"qe-toggle-content\">\n\t\t\t\t<p>Die Annahme des Studienplatzes ist sp\u00e4testens bis zur im Zulassungsschreiben mitgeteilten R\u00fcckmeldungsfrist von etwa 2 Wochen im Bewerbungsportal Semaphor zu best\u00e4tigen. Hier kann der angebotene Studienplatz angenommen oder abgelehnt werden. <br \/>\nDer Beleg \u00fcber die eingezahlten Studiengeb\u00fchren, die einmalig zu zahlenden Immatrikulationsgeb\u00fchren f\u00fcr das 1. Semester sowie ein aktuelles \u00c4rztliches Eignungsattest (nicht \u00e4lter als 3 Monate) sind im Bewerbungsportal hochzuladen. Damit ist man zur Einschreibung berechtigt.<\/p>\n\t\t\t<\/div>\n\t\t<\/div>\n\t\t\t\t<div id=\"qaef-33055\" class=\"qe-faq-toggle bewerbung\">\n\t\t\t<div class=\"qe-toggle-title\">\n\t\t\t\t<h4>\n\t\t\t\t\t<i class=\"fa fa-minus-circle\"><\/i> Wann muss ich die Studiengeb\u00fchren einzahlen?\t\t\t\t<\/h4>\n\t\t\t<\/div>\n\t\t\t<div class=\"qe-toggle-content\">\n\t\t\t\t<p>Die Studiengeb\u00fchren f\u00fcr das 1. Semester sind bis zur im Zulassungsschreiben mitgeteilten R\u00fcckmeldungsfrist von etwa 2 Wochen einzuzahlen.<\/p>\n\t\t\t<\/div>\n\t\t<\/div>\n\t\t\t\t<div id=\"qaef-33056\" class=\"qe-faq-toggle bewerbung\">\n\t\t\t<div class=\"qe-toggle-title\">\n\t\t\t\t<h4>\n\t\t\t\t\t<i class=\"fa fa-minus-circle\"><\/i> Ich habe die Zulassung erhalten, m\u00f6chte aber den Studienplatz zur\u00fcckgeben. Was muss ich tun?\t\t\t\t<\/h4>\n\t\t\t<\/div>\n\t\t\t<div class=\"qe-toggle-content\">\n\t\t\t\t<p>Teilen Sie uns bitte schriftlich mit, dass Sie den Studienplatz zur\u00fcckgeben m\u00f6chten. Die Mitteilung per E-Mail (an <a href=\"mailto:bewerbung@semmelweis.hu\">bewerbung@semmelweis.hu<\/a>) ist ausreichend.<\/p>\n<p>Bei R\u00fcckgabe des Studienplatzes vor dem Tag der offiziellen Einschreibung werden die bereits eingezahlten Studiengeb\u00fchren und Immatrikulationsgeb\u00fchren \u2013 bis auf ein Deposit von 2000 EUR \u2013 zur\u00fcckerstattet, d.h. 2000 EUR werden von der Semmelweis Universit\u00e4t einbehalten.<\/p>\n<p>Wird das Studium nach erfolgter Einschreibung nicht begonnen oder abgebrochen, werden die bereits eingezahlten Studiengeb\u00fchren sowie Immatrikulationsgeb\u00fchren nicht zur\u00fcckerstattet.<\/p>\n\t\t\t<\/div>\n\t\t<\/div>\n\t\t\t\t<div id=\"qaef-33057\" class=\"qe-faq-toggle bewerbung\">\n\t\t\t<div class=\"qe-toggle-title\">\n\t\t\t\t<h4>\n\t\t\t\t\t<i class=\"fa fa-minus-circle\"><\/i> Gibt es Einstieg in ein h\u00f6heres Semester?\t\t\t\t<\/h4>\n\t\t\t<\/div>\n\t\t\t<div class=\"qe-toggle-content\">\n\t\t\t\t<p>Eine Bewerbung f\u00fcr h\u00f6here Studienjahre im deutschsprachigen Studiengang Humanmedizin ist nach erfolgreichem Abschlie\u00dfen der ersten zwei Jahre (Theoretisches Modul) des Studienganges Humanmedizin an einer Medizinischen Universit\u00e4t m\u00f6glich. <br \/>\nMan kann sich also f\u00fcr das deutschsprachige Medizinstudium lediglich entweder f\u00fcrs 1. Semester oder f\u00fcrs 5. Semester (3. Studienjahr) bewerben. Voraussetzung f\u00fcr die Bewerbung f\u00fcr das 5. Semester sind das Physikumszeugnis (Zeugnis \u00fcber den Ersten Abschnitt der \u00c4rztlichen Pr\u00fcfung) sowie die Ableistung von folgenden drei F\u00e4chern: Medizinische Mikrobiologie I, Genetik und Genomik, Immunologie. Es k\u00f6nnen lediglich mit einer geleisteten Pr\u00fcfung endg\u00fcltig abgeschlossene F\u00e4cher anerkannt werden. <br \/>\nDetaillierte Informationen finden Sie unter <br \/>\n<a href=\"https:\/\/semmelweis.hu\/deutsch\/bewerbung\/aufnahme-in-hohere-semester\/\">https:\/\/semmelweis.hu\/deutsch\/bewerbung\/aufnahme-in-hohere-semester\/<\/a>.<\/p>\n\t\t\t<\/div>\n\t\t<\/div>\n\t\t\t\t<div id=\"qaef-33058\" class=\"qe-faq-toggle bewerbung\">\n\t\t\t<div class=\"qe-toggle-title\">\n\t\t\t\t<h4>\n\t\t\t\t\t<i class=\"fa fa-minus-circle\"><\/i> Wann beginnt das Studienjahr?\t\t\t\t<\/h4>\n\t\t\t<\/div>\n\t\t\t<div class=\"qe-toggle-content\">\n\t\t\t\t<p>Das Studienjahr f\u00e4ngt Anfang September des jeweiligen Jahres an. (aktuell zun\u00e4chst am 7. September 2026)<br \/>\nDas Studium beginnt mit einer feierlichen Er\u00f6ffnung des Studienjahres. (aktuell zun\u00e4chst am 6. September 2026)<br \/>\nDie Einschreibung findet entweder Ende August oder Anfang September, in der Registrationswoche statt. (aktuell zun\u00e4chst am 31. August 2026)<br \/>\nBei der offiziellen Einschreibung und an der feierlichen Er\u00f6ffnung des Studienjahres ist die pers\u00f6nliche Anwesenheit obligatorisch.<\/p>\n\t\t\t<\/div>\n\t\t<\/div>\n\t\t            <\/div>\n\t\t\n","protected":false},"excerpt":{"rendered":"<p>Das Studienjahr f\u00e4ngt Anfang September des jeweiligen Jahres an. (aktuell zun\u00e4chst am 7. September 2026) Das Studium beginnt mit einer feierlichen Er\u00f6ffnung des Studienjahres. (aktuell zun\u00e4chst am 6. September 2026) Die Einschreibung findet entweder Ende August oder Anfang September, in der Registrationswoche statt. (aktuell zun\u00e4chst am 31. August 2026) Bei der offiziellen Einschreibung und an &hellip;<\/p>\n","protected":false},"author":12,"featured_media":0,"parent":1931,"menu_order":3,"comment_status":"closed","ping_status":"closed","template":"template-fullwidth.php","meta":{"_acf_changed":false,"footnotes":""},"categories":[],"tags":[],"class_list":["post-32956","page","type-page","status-publish","hentry"],"acf":[],"_links":{"self":[{"href":"https:\/\/semmelweis.hu\/deutsch\/wp-json\/wp\/v2\/pages\/32956","targetHints":{"allow":["GET"]}}],"collection":[{"href":"https:\/\/semmelweis.hu\/deutsch\/wp-json\/wp\/v2\/pages"}],"about":[{"href":"https:\/\/semmelweis.hu\/deutsch\/wp-json\/wp\/v2\/types\/page"}],"author":[{"embeddable":true,"href":"https:\/\/semmelweis.hu\/deutsch\/wp-json\/wp\/v2\/users\/12"}],"replies":[{"embeddable":true,"href":"https:\/\/semmelweis.hu\/deutsch\/wp-json\/wp\/v2\/comments?post=32956"}],"version-history":[{"count":2,"href":"https:\/\/semmelweis.hu\/deutsch\/wp-json\/wp\/v2\/pages\/32956\/revisions"}],"predecessor-version":[{"id":32958,"href":"https:\/\/semmelweis.hu\/deutsch\/wp-json\/wp\/v2\/pages\/32956\/revisions\/32958"}],"up":[{"embeddable":true,"href":"https:\/\/semmelweis.hu\/deutsch\/wp-json\/wp\/v2\/pages\/1931"}],"wp:attachment":[{"href":"https:\/\/semmelweis.hu\/deutsch\/wp-json\/wp\/v2\/media?parent=32956"}],"wp:term":[{"taxonomy":"category","embeddable":true,"href":"https:\/\/semmelweis.hu\/deutsch\/wp-json\/wp\/v2\/categories?post=32956"},{"taxonomy":"post_tag","embeddable":true,"href":"https:\/\/semmelweis.hu\/deutsch\/wp-json\/wp\/v2\/tags?post=32956"}],"curies":[{"name":"wp","href":"https:\/\/api.w.org\/{rel}","templated":true}]}}