{"id":2813,"date":"2023-01-29T08:36:16","date_gmt":"2023-01-29T07:36:16","guid":{"rendered":"http:\/\/test.semmelweis.hu\/medizinstudium\/?page_id=2813"},"modified":"2025-03-25T09:53:25","modified_gmt":"2025-03-25T08:53:25","slug":"krankenversicherung","status":"publish","type":"page","link":"https:\/\/semmelweis.hu\/deutsch\/studentenleben\/krankenversicherung\/","title":{"rendered":"Krankenversicherung"},"content":{"rendered":"<p>&nbsp;<\/p>\n<p>Die Studierenden des Deutschsprachigen Medizin-, Zahnmedizin- und Pharmaziestudiums werden nach ihrer Einschreibun<span style=\"font-size: 1rem\">g in das 1. Semester durch\u00a0<\/span>eine mit der Universit\u00e4t im vertraglichen Rechtsverh\u00e4ltnis stehenden Krankenversicherungsgesellschaft krankenversichert. Die Semmelweis Premium Krankenversicherung ist auf dem Gebiet Ungarns g\u00fcltig.<\/p>\n<hr \/>\n<ul>\n<li>F\u00fcr Studierende mit Studiumbeginn ab 2024:<\/li>\n<\/ul>\n<p>Information \u00fcber die Krankenversicherung (vorl\u00e4ufige Beschreibung 26.08.2024): <a href=\"https:\/\/www.semmelweispremium.hu\/de\/health-service\" target=\"_blank\" rel=\"noopener\">https:\/\/www.semmelweispremium.hu\/de\/health-service<\/a><\/p>\n<p>Erreichbarkeit: <strong>+36 1 776 7300; <\/strong><a href=\"mailto:operation@teladoc.hu\">operation@teladoc.hu<\/a><\/p>\n<hr \/>\n<ul>\n<li>F\u00fcr Studierende mit Studiumbeginn vor 2024:<\/li>\n<\/ul>\n<p>Die abgeschlossene Krankenversicherung ist f\u00fcr Ungarn g\u00fcltig\u00a0und umfasst ein englischsprachiges Callcenter (mit der <a href=\"https:\/\/semmelweis.hu\/deutsch\/studentenleben\/krankenversicherung\/skm_c25850719091416350\/\" rel=\"attachment wp-att-3038\"><img loading=\"lazy\" decoding=\"async\" class=\"size-medium wp-image-3038 alignright\" src=\"https:\/\/semmelweis.hu\/deutsch\/files\/2019\/09\/SKM_C25850719091416350-300x195.jpg\" alt=\"\" width=\"300\" height=\"195\" srcset=\"https:\/\/semmelweis.hu\/deutsch\/files\/2019\/09\/SKM_C25850719091416350-300x195.jpg 300w, https:\/\/semmelweis.hu\/deutsch\/files\/2019\/09\/SKM_C25850719091416350-768x500.jpg 768w, https:\/\/semmelweis.hu\/deutsch\/files\/2019\/09\/SKM_C25850719091416350-753x490.jpg 753w, https:\/\/semmelweis.hu\/deutsch\/files\/2019\/09\/SKM_C25850719091416350.jpg 1015w\" sizes=\"auto, (max-width: 300px) 100vw, 300px\" \/><\/a>Option einer <a href=\"https:\/\/semmelweis.hu\/deutsch\/files\/2023\/08\/Generali-Versicherung-Termin-buchen.pdf\">Online-Terminbuchung<\/a>), einen Hausarztservice und eine Behandlung in den Polikliniken und Kliniken der Semmelweis Universit\u00e4t. Dieser Service wird w\u00e4hrend der aktiven Semester bis zum Ende des Studiums gew\u00e4hrt, sofern Studiengeb\u00fchren bezahlt sind. Weitere Details sind dem Zulassungsbescheid zu entnehmen. Der Gesundheitsdienst wird automatisch ausgesetzt, wenn das Semester des Studenten passiv ist.<\/p>\n<ul>\n<li><a href=\"https:\/\/semmelweis.hu\/deutsch\/files\/2019\/09\/Produktbeschreibung_Gesundheitsversicherung.pdf\" target=\"_blank\" rel=\"noopener noreferrer\">Produktbeschreibung der Gesundheitsversicherung<\/a><\/li>\n<li><a href=\"https:\/\/semmelweis.hu\/deutsch\/files\/2023\/08\/Generali-Versicherung-Termin-buchen.pdf\">Online Terminbuchung (pdf)<\/a><\/li>\n<li>Telefon: <strong>+36 1 465 3784\u00a0<\/strong><\/li>\n<\/ul>\n<hr \/>\n<p>Eine <strong>Hepatitis-Impfung<\/strong> ist f\u00fcr Studierende im medizinischen Bereich lt. ungarischem Gesetz obligatorisch. Diese ist im Heimatland einzuholen.<\/p>\n","protected":false},"excerpt":{"rendered":"<p>&nbsp; Die Studierenden des Deutschsprachigen Medizin-, Zahnmedizin- und Pharmaziestudiums werden nach ihrer Einschreibung in das 1. Semester durch\u00a0eine mit der Universit\u00e4t im vertraglichen Rechtsverh\u00e4ltnis stehenden Krankenversicherungsgesellschaft krankenversichert. Die Semmelweis Premium Krankenversicherung ist auf dem Gebiet Ungarns g\u00fcltig. F\u00fcr Studierende mit Studiumbeginn ab 2024: Information \u00fcber die Krankenversicherung (vorl\u00e4ufige Beschreibung 26.08.2024): <a href=\"https:\/\/www.semmelweispremium.hu\/de\/health-service\" target=\"_blank\" rel=\"noopener\">https:\/\/www.semmelweispremium.hu\/de\/health-service<\/a> Erreichbarkeit: +36 1 776 7300; &hellip;<\/p>\n","protected":false},"author":101614,"featured_media":33223,"parent":2119,"menu_order":4,"comment_status":"closed","ping_status":"closed","template":"","meta":{"_acf_changed":false,"footnotes":""},"categories":[96,99],"tags":[],"class_list":["post-2813","page","type-page","status-publish","has-post-thumbnail","hentry","category-nach-der-zulassung","category-studentenleben"],"acf":[],"_links":{"self":[{"href":"https:\/\/semmelweis.hu\/deutsch\/wp-json\/wp\/v2\/pages\/2813","targetHints":{"allow":["GET"]}}],"collection":[{"href":"https:\/\/semmelweis.hu\/deutsch\/wp-json\/wp\/v2\/pages"}],"about":[{"href":"https:\/\/semmelweis.hu\/deutsch\/wp-json\/wp\/v2\/types\/page"}],"author":[{"embeddable":true,"href":"https:\/\/semmelweis.hu\/deutsch\/wp-json\/wp\/v2\/users\/101614"}],"replies":[{"embeddable":true,"href":"https:\/\/semmelweis.hu\/deutsch\/wp-json\/wp\/v2\/comments?post=2813"}],"version-history":[{"count":10,"href":"https:\/\/semmelweis.hu\/deutsch\/wp-json\/wp\/v2\/pages\/2813\/revisions"}],"predecessor-version":[{"id":38584,"href":"https:\/\/semmelweis.hu\/deutsch\/wp-json\/wp\/v2\/pages\/2813\/revisions\/38584"}],"up":[{"embeddable":true,"href":"https:\/\/semmelweis.hu\/deutsch\/wp-json\/wp\/v2\/pages\/2119"}],"wp:featuredmedia":[{"embeddable":true,"href":"https:\/\/semmelweis.hu\/deutsch\/wp-json\/wp\/v2\/media\/33223"}],"wp:attachment":[{"href":"https:\/\/semmelweis.hu\/deutsch\/wp-json\/wp\/v2\/media?parent=2813"}],"wp:term":[{"taxonomy":"category","embeddable":true,"href":"https:\/\/semmelweis.hu\/deutsch\/wp-json\/wp\/v2\/categories?post=2813"},{"taxonomy":"post_tag","embeddable":true,"href":"https:\/\/semmelweis.hu\/deutsch\/wp-json\/wp\/v2\/tags?post=2813"}],"curies":[{"name":"wp","href":"https:\/\/api.w.org\/{rel}","templated":true}]}}