{"id":2750,"date":"2019-09-11T06:57:22","date_gmt":"2019-09-11T04:57:22","guid":{"rendered":"http:\/\/test.semmelweis.hu\/medizinstudium\/?page_id=2750"},"modified":"2026-02-10T11:52:54","modified_gmt":"2026-02-10T10:52:54","slug":"zeittafel","status":"publish","type":"page","link":"https:\/\/semmelweis.hu\/deutsch\/studium\/zeittafel\/","title":{"rendered":"Zeittafel"},"content":{"rendered":"<div class=\"responsive-tabs\">\n<h2 class=\"tabtitle\"><strong>Humanmedizin<br \/>\nBudapest<\/strong><\/h2>\n<div class=\"tabcontent\">\n\n<h4>s. auch im <strong>\u00a0STUDIENF\u00dcHRER 2025\/2026<\/strong>\u00a0(PDF)\u00a0\u00a0<\/h4>\n<p><span style=\"color: #000000\"><strong>Feierliche Er\u00f6ffnung des Studienjahres<\/strong> (mit Ablegen des Gel\u00f6bnisses) f\u00fcr Studienanf\u00e4nger: <\/span><br \/>\n<span style=\"color: #000000\">30. August 2025 im MVM Dome (H-1098 Budapest, \u00dcll\u0151i \u00fat 131.)<\/span><\/p>\n<p><span style=\"color: #000000\"><strong>Erster Unterrichtstag: 8. September 2025<\/strong><\/span><\/p>\n<p><span style=\"color: #000000\"><strong>1. SEMESTER (HERBSTSEMESTER): 8. September 2025 \u2013 13. Februar 2026\u00a0<\/strong><\/span><\/p>\n<p><span style=\"color: #000000\"><strong>Einschreibung f\u00fcr das 1. Studienjahr:<\/strong> 2. September 2025 <\/span><br \/>\n<span style=\"color: #000000\"><strong>Anmeldung zur Fortsetzung der Studien<\/strong> <\/span><br \/>\n<span style=\"color: #000000\">II.\u2013V. Studienjahr: 25. August &#8211; 5. September 2025<\/span><br \/>\n<span style=\"color: #000000\">VI. Studienjahr: 7. \u2013 11. Juli 2025<\/span><\/p>\n<p><strong>Beginn VI. Studienjahr (PJ 2025\/26)<\/strong>:\u00a0\u00a0\u00a0\u00a0 <span style=\"color: #000000\">14<\/span>. Juli 2025<\/p>\n<p><span style=\"color: #000000\"><strong>Vorlesungszeit<\/strong> I., II., III. Studienjahr: 8. September \u2013 12. Dezember 2025<\/span><br \/>\n<span style=\"color: #000000\"><strong>Pr\u00fcfungsperiode<\/strong> I., II., III. Studienjahr: 15. <\/span><span style=\"font-size: 1rem\">Dezember 2025 \u2013 19. Dezember 2025 und 5. Januar 2026 \u2013 13. Februar 2026<\/span><\/p>\n<p><span style=\"color: #000000\">Im Rahmen des in den Studienjahren IV. und V. eingef\u00fchrten Blockunterrichtes finden die Vorlesungen und Praktika innerhalb, die Pr\u00fcfung am Ende des jeweiligen Blocks statt.<\/span><\/p>\n<p><span style=\"color: #000000\"><strong>2. SEMESTER (FR\u00dcHJAHRSSEMESTER): 16. Februar 2026 \u2013 10. Juli 2026<\/strong><\/span><\/p>\n<p><span style=\"color: #000000\"><strong>Anmeldung zur Fortsetzung der Studien<\/strong> <\/span><br \/>\n<span style=\"color: #000000\">I.\u2013 VI. Studienjahr: 2. Februar 2026 \u2013 13. Februar 2026<\/span><\/p>\n<p><span style=\"color: #000000\"><strong>Vorlesungszeit<\/strong> I., II., III. Studienjahr: 16. Februar \u2013 22. Mai 2026<\/span><br \/>\n<span style=\"color: #000000\"><strong>Pr\u00fcfungsperiode<\/strong> I., II., III. Studienjahr: 26. Mai \u2013 10. Juli 2026 <\/span><\/p>\n<p><strong>Ende VI. Studienjahr (PJ 2025\/26)<\/strong>: 17. Mai 2026<\/p>\n<p><span style=\"color: #000000\"><strong>Anmeldung zur Fortsetzung der Studien <\/strong><\/span><br \/>\n<span style=\"color: #000000\">VI. Studienjahr f\u00fcr 2026\/27: 6. Juli \u2013 10. Juli 2026<\/span><\/p>\n<p><span style=\"color: #000000\">Im Rahmen des in den Studienjahren IV. und V. eingef\u00fchrten Blockunterrichtes finden die Vorlesungen und Praktika innerhalb, die Pr\u00fcfung am Ende des jeweiligen Blocks statt.<\/span><\/p>\n<p><span style=\"color: #000000\">Au\u00dferhalb des Studienjahres organisierte Pr\u00fcfungszeit (TKSZV): voraussichtlich 21. August \u2013 27. August 2026<\/span><\/p>\n<p><span style=\"color: #000000\"><strong>Unterrichts-\/Pr\u00fcfungsfreie Tage: <\/strong><\/span><\/p>\n<p><span style=\"color: #000000\">23. Oktober 2025 (Donnerstag) Nationalfeiertag<\/span><br \/>\n<span style=\"color: #000000\">24. Oktober 2025 (Freitag) Ruhetag<br \/>\n22. Dezember 2025 (Montag) bis 4. Januar 2026 (Sonntag) \u2013 Winterferien<br \/>\n3. April \u2013 6. April 2026 Karfreitag, Osterfeiertage<br \/>\n1. Mai 2026 (Freitag) Tag der Arbeit<br \/>\n25. Mai 2026 (Montag) Pfingstmontag<\/span><\/p>\n<p><strong>Au\u00dferordentliche Unterrichts\/Pr\u00fcfungstage:<\/strong> 18. Oktober 2025 (Samstag)<\/p>\n<p><span style=\"color: #000000\"><strong>Wissenschaftliche Konferenz der Studierenden<\/strong> (f\u00fcr Studierende im II-VI. Studienjahr): 5. Februar 2026<\/span><\/p>\n<p><span style=\"color: #000000\"><strong>Obligatorisches Praktikum\/obligatorische Famulaturen<\/strong> (nach Ende der Pr\u00fcfungsperiode im Sommer): <\/span><br \/>\n<span style=\"color: #000000\">nach Abschluss des I. Studienjahres: Krankenpflegedienst (1 Monat) <\/span><br \/>\n<span style=\"color: #000000\">nach Abschluss des III. Studienjahres: Famulatur im Fach Innere Medizin (1 Monat) <\/span><br \/>\n<span style=\"color: #000000\">nach Abschluss des IV. Studienjahres: Famulatur im Fach Chirurgie (1 Monat) <\/span><\/p>\n<p><span style=\"color: #000000\">Beginn und Ende des Praktischen Jahres 2026\/27: 13. Juli 2026 \u2013 23. April 2027<\/span><\/p>\n<p><span style=\"color: #000000\"><strong>Schriftliche Abschlusspr\u00fcfung f\u00fcr Studierende der Medizinischen Fakult\u00e4t: <\/strong><\/span><br \/>\n<span style=\"color: #000000\">27. Mai 2026 (Mittwoch)<\/span><br \/>\n<span style=\"color: #000000\">25. August 2026 (Dienstag)<\/span><br \/>\n<span style=\"color: #000000\">17. November 2026 (Dienstag)<\/span><\/p>\n<p><span style=\"color: #000000\"><strong>M\u00fcndliche\/Praktische Abschlusspr\u00fcfungsperiode f\u00fcr Studierende der Medizinischen Fakult\u00e4t: <\/strong><\/span><br \/>\n<span style=\"color: #000000\">18. November \u2013 28. November 2025<\/span><br \/>\n<span style=\"color: #000000\">27. Mai \u2013 12. Juni 2026<\/span><br \/>\n<span style=\"color: #000000\">25. August \u2013 2. September 2026<\/span><\/p>\n<p><span style=\"color: #000000\"><strong>Diplomfeier<\/strong>: 4. Juli 2025 10:00 Uhr (MVM Dome)<\/span><\/p>\n\n<\/div><h2 class=\"tabtitle\"><strong>Humanmedizin<br \/>\nAsklepios Campus Hamburg<\/strong><\/h2>\n<div class=\"tabcontent\">\n\n<h4>s. IM <strong>STUDIENF\u00dcHRER 2025\/2026<\/strong>\u00a0(PDF)\u00a0\u00a0<\/h4>\n<p>&nbsp;<\/p>\n\n<\/div><h2 class=\"tabtitle\"><strong>Zahnmedizin<\/strong><\/h2>\n<div class=\"tabcontent\">\n\n<h4>s. auch im <strong>\u00a0STUDIENF\u00dcHRER 2025\/2026<\/strong>\u00a0(PDF)\u00a0\u00a0<\/h4>\n<p><span style=\"color: #000000\"><strong>Feierliche Er\u00f6ffnung des Studienjahres<\/strong> (mit Ablegen des Gel\u00f6bnisses) f\u00fcr Studienanf\u00e4nger: <\/span><br \/>\n<span style=\"color: #000000\">30. August 2025 im MVM Dome (H-1098 Budapest, \u00dcll\u0151i \u00fat 131.)<\/span><\/p>\n<p><span style=\"color: #000000\"><strong>Erster Unterrichtstag: 8. September 2025<\/strong><\/span><\/p>\n<p>&nbsp;<\/p>\n<p><span style=\"color: #000000\"><strong>1. SEMESTER (HERBSTSEMESTER): 8. September 2025 \u2013 13. Februar 2026<\/strong><\/span><\/p>\n<p><span style=\"color: #000000\"><strong>Einschreibung f\u00fcr das 1. Studienjahr:<\/strong> 2. September 2025 <\/span><br \/>\n<span style=\"color: #000000\"><strong>Anmeldung zur Fortsetzung der Studien<\/strong><\/span><br \/>\n<span style=\"color: #000000\">II.\u2013V. Studienjahr: 25. &#8211; 29. August 2025<\/span><\/p>\n<p>&nbsp;<\/p>\n<p><strong>Vorlesungszeit <\/strong>IV. \u2013V. Studienjahr: 1. September \u2013 5. Dezember 2025<\/p>\n<p>\u00a0 \u00a0 \u00a0 \u00a0 \u00a0 \u00a0 \u00a0 \u00a0 \u00a0 \u00a0 \u00a0 \u00a0 \u00a0 I.-II.-III. Studienjahr: 8. September \u2013 12. Dezember 2025<\/p>\n<p><strong>Pr\u00fcfungsperiode<\/strong> IV.-V. Studienjahr: 8. Dezember 2025 \u2013 19. Dezember 2025 und<br \/>\n\u00a0 \u00a0 \u00a0 \u00a0 \u00a0 \u00a0 \u00a0 \u00a0 \u00a0 \u00a0 \u00a0 \u00a0 \u00a0 \u00a0 \u00a0 \u00a0 \u00a0 \u00a0 \u00a0 \u00a0 \u00a0 \u00a0 \u00a0 \u00a0 \u00a0 \u00a0 \u00a0 \u00a0 \u00a0 \u00a0 \u00a05. Januar 2026 \u2013 6. Februar 2026<\/p>\n<p>\u00a0 \u00a0 \u00a0 \u00a0 \u00a0 \u00a0 \u00a0 \u00a0 \u00a0 \u00a0 \u00a0 \u00a0 \u00a0 \u00a0 \u00a0 I.-II.-III. Studienjahr: 15. Dezember 2025 \u2013 19. Dezember 2025 und<br \/>\n\u00a0 \u00a0 \u00a0 \u00a0 \u00a0 \u00a0 \u00a0 \u00a0 \u00a0 \u00a0 \u00a0 \u00a0 \u00a0 \u00a0 \u00a0 \u00a0 \u00a0 \u00a0 \u00a0 \u00a0 \u00a0 \u00a0 \u00a0 \u00a0 \u00a0 \u00a0 \u00a0 \u00a0 \u00a0 \u00a0 \u00a0 \u00a0 \u00a05. Januar 2026 \u2013 13. Februar 2026<\/p>\n<p><span style=\"color: #000000\"><strong>2. SEMESTER (FR\u00dcHJAHRSSEMESTER): 16. Februar 2026 \u2013 10. Juli 2026<\/strong><\/span><\/p>\n<p><span style=\"color: #000000\"><strong>Anmeldung zur Fortsetzung der Studien<\/strong> <\/span><\/p>\n<p>I.-II.-III. Studienjahr: <span style=\"color: #000000\">9. Februar 2026 \u2013 13. Februar 2026<\/span><\/p>\n<p><span style=\"color: #000000\">IV.-V. Studienjahr: 26. Januar 2026 \u2013 6. Februar 2026<\/span><\/p>\n<p><span style=\"color: #000000\"><strong>Vorlesungszeit<\/strong> <\/span><br \/>\n<span style=\"color: #000000\">I.\u2013III. Studienjahr: 16. Februar \u2013 22. Mai 2026<\/span><\/p>\n<p>IV. Studienjahr: 2. Februar \u2013 8. Mai 2026<\/p>\n<p>V. Studienjahr: 2. Februar \u2013 24. April 2026<\/p>\n<p><span style=\"color: #000000\"><strong>Pr\u00fcfungsperiode<\/strong> <\/span><br \/>\n<span style=\"color: #000000\">I.\u2013III. Studienjahr: 26. Mai \u2013 10. Juli 2026<\/span><\/p>\n<p>IV. Studienjahr: 11. Mai \u2013 26. Juni 2026<\/p>\n<p>V. Studienjahr: 27. April \u2013 12. Juni 2026<\/p>\n<p><span style=\"color: #000000\"><strong>Au\u00dferhalb des Studienjahres organisierte Pr\u00fcfungszeit (TKSZV)<\/strong>: voraussichtlich 21. August \u2013 27. August 2026<\/span><\/p>\n<p><span style=\"color: #000000\"><strong>Feierliche Er\u00f6ffnung des folgenden Studienjahres 2026\/2027<\/strong>\u00a0(mit Ablegen des Gel\u00f6bnisses) f\u00fcr Studienanf\u00e4nger: <\/span><br \/>\n<span style=\"color: #000000\">6. September 2026, im MVM Dome (H-1098 Budapest, \u00dcll\u0151i \u00fat 131.)<\/span><\/p>\n<p><span style=\"color: #000000\"><strong>Unterrichts-\/Pr\u00fcfungsfreie Tage: <\/strong><\/span><\/p>\n<p><span style=\"color: #000000\">23. Oktober 2025 (Donnerstag) Nationalfeiertag<\/span><br \/>\n<span style=\"color: #000000\">24. Oktober 2025 (Freitag) Ruhetag<br \/>\n22. Dezember 2025 (Montag) bis 4. Januar 2026 (Sonntag) \u2013 Winterferien<br \/>\n3. April \u2013 6. April 2026 Karfreitag, Osterfeiertage<br \/>\n1. Mai 2026 (Freitag) Tag der Arbeit<br \/>\n25. Mai 2026 (Montag) Pfingstmontag<\/span><\/p>\n<p><strong>Au\u00dferordentliche Unterrichts-\/Pr\u00fcfungstage:<\/strong> 18. Oktober 2025 (Samstag)<\/p>\n<p><span style=\"color: #000000\"><strong>Wissenschaftliche Konferenz der Studenten<\/strong>: 5. Februar 2026 <\/span><\/p>\n<p><span style=\"color: #000000\"><strong>Obligatorische Praktika <\/strong>(nach Ende der Pr\u00fcfungsperiode im Sommer): Juli \u2013 August 2026<\/span><br \/>\n<span style=\"color: #000000\">nach dem I. Studienjahr: Praktikum als Zahnarzthelfer\/in und Odontotechnologisches Praktikum (je 2 Wochen) <\/span><br \/>\n<span style=\"color: #000000\">nach dem III. Studienjahr: Zahnextraktionspraktikum (1 Woche) <\/span><br \/>\n<span style=\"color: #000000\">nach dem IV. Studienjahr: Allgemeines zahn\u00e4rztliches Praktikum (4 Wochen)<\/span><\/p>\n<p><span style=\"color: #000000\"><strong>Zeitpunkt der Schriftlichen Abschlusspr\u00fcfung <\/strong>f\u00fcr Studierende der Fakult\u00e4t f\u00fcr Zahnheilkunde: <\/span><br \/>\n15. Juni 2026 (Montag)<br \/>\n<span style=\"color: #000000\"><strong>Zeitpunkt der M\u00fcndlichen Abschlusspr\u00fcfung f\u00fcr Studierende der Fakult\u00e4t f\u00fcr Zahnheilkunde<\/strong>: <\/span><br \/>\n<span style=\"color: #000000\">17.-19. Juni 2025 (Mittwoch \u2013 Freitag)<\/span><\/p>\n<p><span style=\"color: #000000\"><strong>Diplomfeier<\/strong>: 12. Juli 2025 10:00 Uhr (Kongresszentrum Budapest)<\/span><\/p>\n\n<\/div><h2 class=\"tabtitle\"><strong>Pharmazie<\/strong><\/h2>\n<div class=\"tabcontent\">\n\n<h4>s. im <strong>STUDIENF\u00dcHRER 2025\/2026<\/strong>\u00a0(PDF)\u00a0<\/h4>\n<p><a href=\"https:\/\/semmelweis.hu\/deutsch\/files\/2024\/08\/Studienfuhrer_2024-2025_netre-OK.pdf#page=417\" target=\"_blank\" rel=\"noopener noreferrer\">Zeittafel Pharmazie \u2192<\/a><\/p>\n<\/div><\/div>\n","protected":false},"excerpt":{"rendered":"<p>s. auch im \u00a0STUDIENF\u00dcHRER 2025\/2026\u00a0(PDF)\u00a0\u00a0 Feierliche Er\u00f6ffnung des Studienjahres (mit Ablegen des Gel\u00f6bnisses) f\u00fcr Studienanf\u00e4nger: 30. August 2025 im MVM Dome (H-1098 Budapest, \u00dcll\u0151i \u00fat 131.) Erster Unterrichtstag: 8. September 2025 1. SEMESTER (HERBSTSEMESTER): 8. September 2025 \u2013 13. Februar 2026\u00a0 Einschreibung f\u00fcr das 1. Studienjahr: 2. September 2025 Anmeldung zur Fortsetzung der Studien II.\u2013V. &hellip;<\/p>\n","protected":false},"author":101614,"featured_media":0,"parent":2386,"menu_order":3,"comment_status":"closed","ping_status":"closed","template":"","meta":{"_acf_changed":false,"footnotes":""},"categories":[],"tags":[],"class_list":["post-2750","page","type-page","status-publish","hentry"],"acf":[],"_links":{"self":[{"href":"https:\/\/semmelweis.hu\/deutsch\/wp-json\/wp\/v2\/pages\/2750","targetHints":{"allow":["GET"]}}],"collection":[{"href":"https:\/\/semmelweis.hu\/deutsch\/wp-json\/wp\/v2\/pages"}],"about":[{"href":"https:\/\/semmelweis.hu\/deutsch\/wp-json\/wp\/v2\/types\/page"}],"author":[{"embeddable":true,"href":"https:\/\/semmelweis.hu\/deutsch\/wp-json\/wp\/v2\/users\/101614"}],"replies":[{"embeddable":true,"href":"https:\/\/semmelweis.hu\/deutsch\/wp-json\/wp\/v2\/comments?post=2750"}],"version-history":[{"count":11,"href":"https:\/\/semmelweis.hu\/deutsch\/wp-json\/wp\/v2\/pages\/2750\/revisions"}],"predecessor-version":[{"id":39912,"href":"https:\/\/semmelweis.hu\/deutsch\/wp-json\/wp\/v2\/pages\/2750\/revisions\/39912"}],"up":[{"embeddable":true,"href":"https:\/\/semmelweis.hu\/deutsch\/wp-json\/wp\/v2\/pages\/2386"}],"wp:attachment":[{"href":"https:\/\/semmelweis.hu\/deutsch\/wp-json\/wp\/v2\/media?parent=2750"}],"wp:term":[{"taxonomy":"category","embeddable":true,"href":"https:\/\/semmelweis.hu\/deutsch\/wp-json\/wp\/v2\/categories?post=2750"},{"taxonomy":"post_tag","embeddable":true,"href":"https:\/\/semmelweis.hu\/deutsch\/wp-json\/wp\/v2\/tags?post=2750"}],"curies":[{"name":"wp","href":"https:\/\/api.w.org\/{rel}","templated":true}]}}