{"id":2433,"date":"2019-09-04T16:41:10","date_gmt":"2019-09-04T14:41:10","guid":{"rendered":"http:\/\/test.semmelweis.hu\/medizinstudium\/?page_id=2433"},"modified":"2024-09-09T08:41:16","modified_gmt":"2024-09-09T06:41:16","slug":"impressum","status":"publish","type":"page","link":"https:\/\/semmelweis.hu\/deutsch\/impressum\/","title":{"rendered":"Impressum"},"content":{"rendered":"<h2>Semmelweis Universit\u00e4t \u2013 Deutschsprachiges Studium<\/h2>\n<p><b>Publisher:<\/b> Semmelweis Universit\u00e4t<\/p>\n<p><strong>Einrichtung: <\/strong><a href=\"https:\/\/semmelweis.hu\/nhkk\/en\/\" target=\"_blank\" rel=\"noopener\">Direktion f\u00fcr Internationales Studium, Bildungszentrale f\u00fcr Internationales Studium<\/a><\/p>\n<p><strong>Leiter der Einrichtung: <\/strong>Dr. Al\u00e1n Alp\u00e1r\u00a0\u00a0<\/p>\n<p><strong>Administrative Leiterin:<\/strong> Edit Gimpl<\/p>\n<p><b>Editor der Website: <\/b>Zolt\u00e1n Sikl\u00f3si und Bogl\u00e1rka Somfai<\/p>\n<p><strong>Email: <\/strong>studenten.sekretariat@semmelweis.hu<\/p>\n<p>&nbsp;<\/p>\n","protected":false},"excerpt":{"rendered":"<p>Semmelweis Universit\u00e4t \u2013 Deutschsprachiges Studium<br \/>\nPublisher: Semmelweis Universit\u00e4t<br \/>\nEinrichtung: <a href=\"https:\/\/semmelweis.hu\/nhkk\/en\/\" target=\"_blank\" rel=\"noopener\">Direktion f\u00fcr Internationales Studium, Bildungszentrale f\u00fcr Internationales Studium<\/a><br \/>\nLeiter der Einrichtung: Dr. Al\u00e1n Alp\u00e1r\u00a0\u00a0<br \/>\nAdministrative Leiterin: Edit Gimpl<br \/>\nEditor der Website: Zolt\u00e1n Sikl\u00f3si und Bogl\u00e1rka Somfai<br \/>\nEmail: studenten.sekretariat@semmelweis.hu<br \/>\n&nbsp;<\/p>\n","protected":false},"author":12,"featured_media":0,"parent":0,"menu_order":9,"comment_status":"closed","ping_status":"closed","template":"","meta":{"_acf_changed":false,"footnotes":""},"categories":[],"tags":[],"class_list":["post-2433","page","type-page","status-publish","hentry"],"acf":[],"_links":{"self":[{"href":"https:\/\/semmelweis.hu\/deutsch\/wp-json\/wp\/v2\/pages\/2433","targetHints":{"allow":["GET"]}}],"collection":[{"href":"https:\/\/semmelweis.hu\/deutsch\/wp-json\/wp\/v2\/pages"}],"about":[{"href":"https:\/\/semmelweis.hu\/deutsch\/wp-json\/wp\/v2\/types\/page"}],"author":[{"embeddable":true,"href":"https:\/\/semmelweis.hu\/deutsch\/wp-json\/wp\/v2\/users\/12"}],"replies":[{"embeddable":true,"href":"https:\/\/semmelweis.hu\/deutsch\/wp-json\/wp\/v2\/comments?post=2433"}],"version-history":[{"count":5,"href":"https:\/\/semmelweis.hu\/deutsch\/wp-json\/wp\/v2\/pages\/2433\/revisions"}],"predecessor-version":[{"id":37490,"href":"https:\/\/semmelweis.hu\/deutsch\/wp-json\/wp\/v2\/pages\/2433\/revisions\/37490"}],"wp:attachment":[{"href":"https:\/\/semmelweis.hu\/deutsch\/wp-json\/wp\/v2\/media?parent=2433"}],"wp:term":[{"taxonomy":"category","embeddable":true,"href":"https:\/\/semmelweis.hu\/deutsch\/wp-json\/wp\/v2\/categories?post=2433"},{"taxonomy":"post_tag","embeddable":true,"href":"https:\/\/semmelweis.hu\/deutsch\/wp-json\/wp\/v2\/tags?post=2433"}],"curies":[{"name":"wp","href":"https:\/\/api.w.org\/{rel}","templated":true}]}}