{"id":2414,"date":"2023-01-31T16:21:36","date_gmt":"2023-01-31T15:21:36","guid":{"rendered":"http:\/\/test.semmelweis.hu\/medizinstudium\/?page_id=2414"},"modified":"2025-01-21T14:09:29","modified_gmt":"2025-01-21T13:09:29","slug":"talent-management","status":"publish","type":"page","link":"https:\/\/semmelweis.hu\/deutsch\/studium\/talent-management\/","title":{"rendered":"Talentmanagement"},"content":{"rendered":"<h1>Begabtenf\u00f6rderungsprogramm Kerpel-Fronius<\/h1>\n<p><strong>Mentorat f\u00fcr Studierende der Semmelweis Universit\u00e4t mit herausragenden Studienleistungen, Ergebnissen und F\u00e4higkeiten<\/strong><\/p>\n<p><a href=\"https:\/\/semmelweis.hu\/deutsch\/files\/2019\/09\/RS71301_IMG_7421-scr.jpg\" rel=\"attachment wp-att-3207\"><img loading=\"lazy\" decoding=\"async\" class=\"alignright wp-image-3207 \" src=\"https:\/\/semmelweis.hu\/deutsch\/files\/2019\/09\/RS71301_IMG_7421-scr.jpg\" alt=\"\" width=\"401\" height=\"267\" srcset=\"https:\/\/semmelweis.hu\/deutsch\/files\/2019\/09\/RS71301_IMG_7421-scr.jpg 950w, https:\/\/semmelweis.hu\/deutsch\/files\/2019\/09\/RS71301_IMG_7421-scr-300x200.jpg 300w, https:\/\/semmelweis.hu\/deutsch\/files\/2019\/09\/RS71301_IMG_7421-scr-768x512.jpg 768w, https:\/\/semmelweis.hu\/deutsch\/files\/2019\/09\/RS71301_IMG_7421-scr-753x502.jpg 753w, https:\/\/semmelweis.hu\/deutsch\/files\/2019\/09\/RS71301_IMG_7421-scr-203x135.jpg 203w\" sizes=\"auto, (max-width: 401px) 100vw, 401px\" \/><\/a>Das Programm tr\u00e4gt den Namen von Professor \u00d6d\u00f6n Kerpel-Fronius und f\u00f6rdert und unterst\u00fctzt seit dem Jahr 2007 die ungarischen Studentinnen und Studenten an unserer Universit\u00e4t. Diese M\u00f6glichkeit wird seit 2017 auch den deutschsprachigen Studierenden im III., IV. und V. Studienjahr angeboten.<\/p>\n<p>Im Rahmen des Begabtenf\u00f6rderungsprogrammes bekommen ausgew\u00e4hlte Studierende eine pers\u00f6nliche Mentorin\/einen pers\u00f6nlichen Mentor. Jeweils eine Mentorin\/ein Mentor betreut w\u00e4hrend des Studiums den wissenschaftlichen und klinischen Fortgang einer Studentin\/eines Studenten. Herausragenden Studierenden wird durch diese Art der pers\u00f6nlichen Unterst\u00fctzung ihr Weg zu einer erfolgreichen Laufbahn geebnet.<\/p>\n<p>F\u00fcr die Teilnahme am Begabtenf\u00f6rderungsprogramm k\u00f6nnen sich Studierende durch die Erf\u00fcllung formeller Kriterien anmelden (Pr\u00fcfungsnoten, weitere Ergebnisse und evtl. Qualifikationen). Die Aufnahme in das Programm erfolgt im Rahmen eines pers\u00f6nlichen Gespr\u00e4chs. Von den Mentoren werden nicht nur die wissenschaftliche\/berufliche, sondern auch die pers\u00f6nliche Laufbahn und Entwicklung der Studierenden unterst\u00fctzt und gef\u00f6rdert. Mitglieder im Aufsichtsgremium des Begabtenf\u00f6rderungsprogrammes sind Dozenten und Professoren der Semmelweis Universit\u00e4t, die aus ihrer eigenen beruflichen Laufbahn und \u00dcberzeugung heraus die Begabtenf\u00f6rderung als Verpflichtung ansehen.<\/p>\n<p>Neben der pers\u00f6nlichen Betreuung werden den Studierenden im Rahmen des Begabtenf\u00f6rderungsprogrammes verschiedene Veranstaltungen geboten. Am Kerpel-Fronius Tag treffen sich die Mitglieder des Begabtenf\u00f6rderungsprogrammes, um ihre vielf\u00e4ltigen wissenschaftlichen und kulturellen Ergebnisse zu pr\u00e4sentieren. Stipendien f\u00fcr kurze Besuche bei\u00a0 Vertretern unterschiedlicher Berufszweige oder die Teilnahme an Kongressen werden vom Begabtenf\u00f6rderungsprogramm ebenfalls unterst\u00fctzt.<\/p>\n<p>F\u00fcr die Teilnahme am oben beschriebenen Begabtenf\u00f6rderungsprogramm werden die Anmeldungen von motivierten Studierenden mit guten Studienleistungen, Pr\u00fcfungsergebnissen und Qualifikationen erwartet.<\/p>\n<p>Kontaktpersonen:<\/p>\n<p><span style=\"font-size: 1rem\">Prof. Dr. med. Al\u00e1n Alp\u00e1r<br \/>\nGremiumsmitglied Begabtenf\u00f6rderungsprogramm Kerpel-Fronius<\/p>\n<p><\/span>Prof. Dr. Attila Szab\u00f3<br \/>\nLeiter des Begabtenf\u00f6rderungsprogrammes Kerpel-Fronius<\/p>\n<p><a href=\"https:\/\/semmelweis.hu\/kerpel\/\" target=\"_blank\" rel=\"noopener noreferrer\"><strong>Webseite des Begabtenf\u00f6rderungsprogramms Kerpel-Fronius<\/strong><\/a><\/p>\n<hr \/>\n<h1>Der Wissenschaftliche Studentenkreis der Semmelweis Universit\u00e4t (TDK)<\/h1>\n<p><a href=\"https:\/\/semmelweis.hu\/deutsch\/files\/2023\/01\/RS89880_IMG_8885-scr.jpg\"><img loading=\"lazy\" decoding=\"async\" class=\"alignright size-medium wp-image-33195\" src=\"https:\/\/semmelweis.hu\/deutsch\/files\/2023\/01\/RS89880_IMG_8885-scr-400x267.jpg\" alt=\"\" width=\"400\" height=\"267\" srcset=\"https:\/\/semmelweis.hu\/deutsch\/files\/2023\/01\/RS89880_IMG_8885-scr-400x267.jpg 400w, https:\/\/semmelweis.hu\/deutsch\/files\/2023\/01\/RS89880_IMG_8885-scr-768x512.jpg 768w, https:\/\/semmelweis.hu\/deutsch\/files\/2023\/01\/RS89880_IMG_8885-scr-753x502.jpg 753w, https:\/\/semmelweis.hu\/deutsch\/files\/2023\/01\/RS89880_IMG_8885-scr-203x135.jpg 203w, https:\/\/semmelweis.hu\/deutsch\/files\/2023\/01\/RS89880_IMG_8885-scr.jpg 950w\" sizes=\"auto, (max-width: 400px) 100vw, 400px\" \/><\/a>W\u00e4hrend des Medizinstudiums k\u00f6nnen die Studierenden in den Wissenschaftlichen Studentenkreis (Tudom\u00e1nyos Di\u00e1kk\u00f6r, TDK) eintreten. Voraussetzung daf\u00fcr ist das Abschlie\u00dfen des gew\u00e4hlten Faches mindestens mit der Pr\u00fcfungsnote \u201egut&#8220; (4). Die von den einzelnen Instituten und Kliniken angebotenen Forschungsthemen sowie der Name der beauftragten Lehrkr\u00e4fte sind auf der Webseite des <a href=\"http:\/\/tdk.semmelweis.hu\/\">Wissenschaftlichen Studentenkreises<\/a> aufgef\u00fchrt.<\/p>\n<p>Die Ergebnisse der Forschungsarbeit der Studierenden werden j\u00e4hrlich auf der Wissenschaftlichen Konferenz der Studierenden (TDK Konferencia) bekannt gegeben, wo die besten Arbeiten mit Preisen ausgezeichnet werden. Regelm\u00e4\u00dfige intensive Forschungsarbeit wird in jedem Semester mit einem Kreditpunkt belohnt und die Forschungsergebnisse k\u00f6nnen in der Diplomarbeit zusammengefasst werden. Bei besonders erfolgreichen Arbeiten wurden die von den Studierenden erworbenen neuen Erkenntnisse auch in Fachkonferenzen vorgestellt und in Fachzeitschriften ver\u00f6ffentlicht (z.B. W\u00f6lfl et al. 1996, Moskwa et al. 2002).<\/p>\n<p>Der Antrag zur Aufnahme in den Wissenschaftlichen Studentenkreis wird im zust\u00e4ndigen Institut eingereicht und vom Institutsdirektor entschieden. Informationen werden von den TDK-Beauftragten der Institute, von den Leitern der einzelnen Forschungsgruppen sowie vom Studentensekretariat erteilt. Die Teilnahme am Wissenschaftlichen Studentenkreis ist geb\u00fchrenfrei.<\/p>\n","protected":false},"excerpt":{"rendered":"<p>Begabtenf\u00f6rderungsprogramm Kerpel-Fronius Mentorat f\u00fcr Studierende der Semmelweis Universit\u00e4t mit herausragenden Studienleistungen, Ergebnissen und F\u00e4higkeiten <a href=\"https:\/\/semmelweis.hu\/deutsch\/files\/2019\/09\/RS71301_IMG_7421-scr.jpg\" rel=\"attachment wp-att-3207\"><\/a> Das Programm tr\u00e4gt den Namen von Professor \u00d6d\u00f6n Kerpel-Fronius und f\u00f6rdert und unterst\u00fctzt seit dem Jahr 2007 die ungarischen Studentinnen und Studenten an unserer Universit\u00e4t. Diese M\u00f6glichkeit wird seit 2017 auch den deutschsprachigen Studierenden im III., IV. und V. Studienjahr angeboten. &hellip;<\/p>\n","protected":false},"author":12,"featured_media":33196,"parent":2386,"menu_order":9,"comment_status":"closed","ping_status":"closed","template":"template-fullwidth.php","meta":{"_acf_changed":false,"footnotes":""},"categories":[96],"tags":[],"class_list":["post-2414","page","type-page","status-publish","has-post-thumbnail","hentry","category-nach-der-zulassung"],"acf":[],"_links":{"self":[{"href":"https:\/\/semmelweis.hu\/deutsch\/wp-json\/wp\/v2\/pages\/2414","targetHints":{"allow":["GET"]}}],"collection":[{"href":"https:\/\/semmelweis.hu\/deutsch\/wp-json\/wp\/v2\/pages"}],"about":[{"href":"https:\/\/semmelweis.hu\/deutsch\/wp-json\/wp\/v2\/types\/page"}],"author":[{"embeddable":true,"href":"https:\/\/semmelweis.hu\/deutsch\/wp-json\/wp\/v2\/users\/12"}],"replies":[{"embeddable":true,"href":"https:\/\/semmelweis.hu\/deutsch\/wp-json\/wp\/v2\/comments?post=2414"}],"version-history":[{"count":10,"href":"https:\/\/semmelweis.hu\/deutsch\/wp-json\/wp\/v2\/pages\/2414\/revisions"}],"predecessor-version":[{"id":38231,"href":"https:\/\/semmelweis.hu\/deutsch\/wp-json\/wp\/v2\/pages\/2414\/revisions\/38231"}],"up":[{"embeddable":true,"href":"https:\/\/semmelweis.hu\/deutsch\/wp-json\/wp\/v2\/pages\/2386"}],"wp:featuredmedia":[{"embeddable":true,"href":"https:\/\/semmelweis.hu\/deutsch\/wp-json\/wp\/v2\/media\/33196"}],"wp:attachment":[{"href":"https:\/\/semmelweis.hu\/deutsch\/wp-json\/wp\/v2\/media?parent=2414"}],"wp:term":[{"taxonomy":"category","embeddable":true,"href":"https:\/\/semmelweis.hu\/deutsch\/wp-json\/wp\/v2\/categories?post=2414"},{"taxonomy":"post_tag","embeddable":true,"href":"https:\/\/semmelweis.hu\/deutsch\/wp-json\/wp\/v2\/tags?post=2414"}],"curies":[{"name":"wp","href":"https:\/\/api.w.org\/{rel}","templated":true}]}}