{"id":2136,"date":"2023-01-29T08:21:24","date_gmt":"2023-01-29T07:21:24","guid":{"rendered":"http:\/\/test.semmelweis.hu\/medizinstudium\/?page_id=2136"},"modified":"2023-09-05T16:51:09","modified_gmt":"2023-09-05T14:51:09","slug":"postsendungen","status":"publish","type":"page","link":"https:\/\/semmelweis.hu\/deutsch\/studentenleben\/postsendungen\/","title":{"rendered":"Postsendungen"},"content":{"rendered":"<h4><strong>Entgegennahme der Postsendungen:<\/strong><\/h4>\n<p>EOK Geb\u00e4ude, Erdgeschoss, neben der Bibliothek<\/p>\n<p>Die Entgegennahme der Postsendungen ist nur nach <strong>Vorzeigen eines Ausweises mit Foto <\/strong>und nach <strong>Unterzeichnung einer Erkl\u00e4rung \u00fcber die Entgegennahme<\/strong> m\u00f6glich.<\/p>\n<p>Weitere Informationen finden Sie auf der Webseite des EOK Geb\u00e4udes: semmelweis.hu\/eok\/en &#8212; Services &#8212; Parcel delivery<\/p>\n<p>Bitte <em><strong>keine gro\u00dfen Pakete<\/strong><\/em> an die EOK Poststelle senden lassen! Die Kapazit\u00e4t der Poststelle ist begrenzt.<\/p>\n<hr \/>\n<p>So wird die <strong>Empf\u00e4ngeradresse<\/strong> richtig adressiert:<\/p>\n<p><strong>NAME <\/strong>der\/des Empf\u00e4ngerin\/Empf\u00e4ngers<br \/>\n<strong>Semmelweis University, German program<br \/>\nEOK k\u00f6nyvt\u00e1r<br \/>\n<\/strong><\/p>\n<p>T\u0171zolt\u00f3 utca 37\u201347.<br \/>\nBudapest<br \/>\nH-1094 Hungary<\/p>\n","protected":false},"excerpt":{"rendered":"<p>Entgegennahme der Postsendungen: EOK Geb\u00e4ude, Erdgeschoss, neben der Bibliothek Die Entgegennahme der Postsendungen ist nur nach Vorzeigen eines Ausweises mit Foto und nach Unterzeichnung einer Erkl\u00e4rung \u00fcber die Entgegennahme m\u00f6glich. Weitere Informationen finden Sie auf der Webseite des EOK Geb\u00e4udes: semmelweis.hu\/eok\/en &#8212; Services &#8212; Parcel delivery Bitte keine gro\u00dfen Pakete an die EOK Poststelle senden &hellip;<\/p>\n","protected":false},"author":101614,"featured_media":33681,"parent":2119,"menu_order":7,"comment_status":"closed","ping_status":"closed","template":"","meta":{"_acf_changed":false,"footnotes":""},"categories":[99],"tags":[],"class_list":["post-2136","page","type-page","status-publish","has-post-thumbnail","hentry","category-studentenleben"],"acf":[],"_links":{"self":[{"href":"https:\/\/semmelweis.hu\/deutsch\/wp-json\/wp\/v2\/pages\/2136","targetHints":{"allow":["GET"]}}],"collection":[{"href":"https:\/\/semmelweis.hu\/deutsch\/wp-json\/wp\/v2\/pages"}],"about":[{"href":"https:\/\/semmelweis.hu\/deutsch\/wp-json\/wp\/v2\/types\/page"}],"author":[{"embeddable":true,"href":"https:\/\/semmelweis.hu\/deutsch\/wp-json\/wp\/v2\/users\/101614"}],"replies":[{"embeddable":true,"href":"https:\/\/semmelweis.hu\/deutsch\/wp-json\/wp\/v2\/comments?post=2136"}],"version-history":[{"count":9,"href":"https:\/\/semmelweis.hu\/deutsch\/wp-json\/wp\/v2\/pages\/2136\/revisions"}],"predecessor-version":[{"id":34937,"href":"https:\/\/semmelweis.hu\/deutsch\/wp-json\/wp\/v2\/pages\/2136\/revisions\/34937"}],"up":[{"embeddable":true,"href":"https:\/\/semmelweis.hu\/deutsch\/wp-json\/wp\/v2\/pages\/2119"}],"wp:featuredmedia":[{"embeddable":true,"href":"https:\/\/semmelweis.hu\/deutsch\/wp-json\/wp\/v2\/media\/33681"}],"wp:attachment":[{"href":"https:\/\/semmelweis.hu\/deutsch\/wp-json\/wp\/v2\/media?parent=2136"}],"wp:term":[{"taxonomy":"category","embeddable":true,"href":"https:\/\/semmelweis.hu\/deutsch\/wp-json\/wp\/v2\/categories?post=2136"},{"taxonomy":"post_tag","embeddable":true,"href":"https:\/\/semmelweis.hu\/deutsch\/wp-json\/wp\/v2\/tags?post=2136"}],"curies":[{"name":"wp","href":"https:\/\/api.w.org\/{rel}","templated":true}]}}