{"id":2108,"date":"2019-08-29T10:18:27","date_gmt":"2019-08-29T08:18:27","guid":{"rendered":"http:\/\/test.semmelweis.hu\/medizinstudium\/?page_id=2108"},"modified":"2022-10-17T13:46:30","modified_gmt":"2022-10-17T11:46:30","slug":"sprachunterricht","status":"publish","type":"page","link":"https:\/\/semmelweis.hu\/deutsch\/studium\/wissenswertes\/sprachunterricht\/","title":{"rendered":"Sprachunterricht"},"content":{"rendered":"<h6><strong>Medizinische Terminologie <\/strong>(Griechisch-lateinische Fachsprache f\u00fcr Mediziner)<\/h6>\n<ul style=\"list-style-type: circle\">\n<li>Studierende des 1. Studienjahres absolvieren das obligatorische Fach &#8222;Medizinische Terminologie&#8220; im 1. Semester, da es laut deutscher Approbationsordnung f\u00fcr \u00c4rzte ein Kriterium f\u00fcr die Ausstellung des Zeugnisses \u00fcber den ersten Abschnitt der \u00c4rztlichen Pr\u00fcfung bildet. Das Fach vermittelt die wichtigsten Grundkenntnisse der lateinischen anatomischen Terminologie und bietet eine Einf\u00fchrung in den klinischen Fachsprachgebrauch. Studierende mit Latinum werden von der Teilnahme an den Kursen bis zum ersten Klausurtermin (ung. 6. Woche) befreit, sie m\u00fcssen aber die erste Klausur mitschreiben und f\u00fcr den Rest des Semesters am Unterricht teilnehmen bzw. auch den Endsemestertest bestehen.<\/li>\n<li>Das als Wahlpflichtfach angebotene Studienfach &#8222;Terminologie der klinischen Fachgebiete&#8220; ist frei zu belegen. Im Rahmen des Studienfaches wird die anatomische Terminologie der Weichgewebe ge\u00fcbt und parallel die klinischen Termini der einzelnen Fachgebiete aufgrund authentischer medizinischer Dokumentation vorgestellt, um die Studierenden auf die in der klinischen Praxis notwendigen Dokumentation- und Kommunikationskompetenzen vorzubereiten.<\/li>\n<\/ul>\n<p>&nbsp;<\/p>\n<h6><strong>Ungarische Medizinische Fachsprache \/ <\/strong><strong>Ungarische Zahnmedizinische Fachsprache<\/strong><\/h6>\n<div id=\"GroupWiseSection_1663091478000_bako.alexandra@semmelweis-univ.hu_3F60178114190000B4706F6437396132_\" class=\"GroupWiseMessageBody active\">\n<div>\n<p>Die Ungarische Medizinische\/Zehnmedizinische Fachsprache ist <strong>Pflichtfach<\/strong> <br \/>\n&#8211; f\u00fcr Medizinstudent:innen in den ersten vier Semestern; <br \/>\n&#8211; f\u00fcr Zahnmedizinstudent:innen in den ersten sechs Semestern.<\/p>\n<ul>\n<li>Studierende der Humanmedizin legen am Ende des 4. Semesters ein m\u00fcndliches Rigorosum (\u201eF\u00e4higkeitspr\u00fcfung\u201c) ab, in den vorherigen Semestern bekommen sie eine Praktikumsnote.<\/li>\n<li>Studierende der Zahnmedizin legen am Ende des 6. Semesters ein schriftliches und m\u00fcndliches Rigorosum ab. Die vorherigen Semester enden mit einer Praktikumsnote.<\/li>\n<\/ul>\n<p>(Die Beschreibung ist nicht vollst\u00e4ndig, detaillierte Informationen finden Sie auf der <a href=\"https:\/\/semmelweis.hu\/szaknyelv\/de\/\" target=\"_blank\" rel=\"noopener\">Webseite<\/a> des Instituts f\u00fcr Fachsprachen.)<\/p>\n<\/div>\n<\/div>\n","protected":false},"excerpt":{"rendered":"<p>Medizinische Terminologie (Griechisch-lateinische Fachsprache f\u00fcr Mediziner) Studierende des 1. Studienjahres absolvieren das obligatorische Fach &#8222;Medizinische Terminologie&#8220; im 1. Semester, da es laut deutscher Approbationsordnung f\u00fcr \u00c4rzte ein Kriterium f\u00fcr die Ausstellung des Zeugnisses \u00fcber den ersten Abschnitt der \u00c4rztlichen Pr\u00fcfung bildet. Das Fach vermittelt die wichtigsten Grundkenntnisse der lateinischen anatomischen Terminologie und bietet eine Einf\u00fchrung &hellip;<\/p>\n","protected":false},"author":101614,"featured_media":0,"parent":6177,"menu_order":2,"comment_status":"closed","ping_status":"closed","template":"","meta":{"_acf_changed":false,"footnotes":""},"categories":[],"tags":[],"class_list":["post-2108","page","type-page","status-publish","hentry"],"acf":[],"_links":{"self":[{"href":"https:\/\/semmelweis.hu\/deutsch\/wp-json\/wp\/v2\/pages\/2108","targetHints":{"allow":["GET"]}}],"collection":[{"href":"https:\/\/semmelweis.hu\/deutsch\/wp-json\/wp\/v2\/pages"}],"about":[{"href":"https:\/\/semmelweis.hu\/deutsch\/wp-json\/wp\/v2\/types\/page"}],"author":[{"embeddable":true,"href":"https:\/\/semmelweis.hu\/deutsch\/wp-json\/wp\/v2\/users\/101614"}],"replies":[{"embeddable":true,"href":"https:\/\/semmelweis.hu\/deutsch\/wp-json\/wp\/v2\/comments?post=2108"}],"version-history":[{"count":5,"href":"https:\/\/semmelweis.hu\/deutsch\/wp-json\/wp\/v2\/pages\/2108\/revisions"}],"predecessor-version":[{"id":32480,"href":"https:\/\/semmelweis.hu\/deutsch\/wp-json\/wp\/v2\/pages\/2108\/revisions\/32480"}],"up":[{"embeddable":true,"href":"https:\/\/semmelweis.hu\/deutsch\/wp-json\/wp\/v2\/pages\/6177"}],"wp:attachment":[{"href":"https:\/\/semmelweis.hu\/deutsch\/wp-json\/wp\/v2\/media?parent=2108"}],"wp:term":[{"taxonomy":"category","embeddable":true,"href":"https:\/\/semmelweis.hu\/deutsch\/wp-json\/wp\/v2\/categories?post=2108"},{"taxonomy":"post_tag","embeddable":true,"href":"https:\/\/semmelweis.hu\/deutsch\/wp-json\/wp\/v2\/tags?post=2108"}],"curies":[{"name":"wp","href":"https:\/\/api.w.org\/{rel}","templated":true}]}}