{"id":1941,"date":"2019-08-28T15:44:09","date_gmt":"2019-08-28T13:44:09","guid":{"rendered":"http:\/\/test.semmelweis.hu\/medizinstudium\/?page_id=1941"},"modified":"2025-07-23T07:56:57","modified_gmt":"2025-07-23T05:56:57","slug":"semmelweis-universitaet","status":"publish","type":"page","link":"https:\/\/semmelweis.hu\/deutsch\/semmelweis-universitaet\/","title":{"rendered":"\u00dcber die Semmelweis Universit\u00e4t"},"content":{"rendered":"<h4><strong>Ausbildung auf der grundlage einer 250-j\u00e4hrigen tradition<\/strong><\/h4>\n<p><a href=\"https:\/\/semmelweis.hu\/deutsch\/files\/2023\/01\/RS159668_C19A3205-scr-1.jpg\"><img loading=\"lazy\" decoding=\"async\" class=\"alignright size-medium wp-image-32965\" src=\"https:\/\/semmelweis.hu\/deutsch\/files\/2023\/01\/RS159668_C19A3205-scr-1-400x267.jpg\" alt=\"\" width=\"400\" height=\"267\" srcset=\"https:\/\/semmelweis.hu\/deutsch\/files\/2023\/01\/RS159668_C19A3205-scr-1-400x267.jpg 400w, https:\/\/semmelweis.hu\/deutsch\/files\/2023\/01\/RS159668_C19A3205-scr-1-1024x683.jpg 1024w, https:\/\/semmelweis.hu\/deutsch\/files\/2023\/01\/RS159668_C19A3205-scr-1-768x512.jpg 768w, https:\/\/semmelweis.hu\/deutsch\/files\/2023\/01\/RS159668_C19A3205-scr-1-753x502.jpg 753w, https:\/\/semmelweis.hu\/deutsch\/files\/2023\/01\/RS159668_C19A3205-scr-1-203x135.jpg 203w, https:\/\/semmelweis.hu\/deutsch\/files\/2023\/01\/RS159668_C19A3205-scr-1.jpg 1200w\" sizes=\"auto, (max-width: 400px) 100vw, 400px\" \/><\/a>Auf einer 250-j\u00e4hrigen Tradition beruhend bietet die Semmelweis Universit\u00e4t eine innovative und gr\u00fcndliche medizinische, zahnmedizinische, pharmazeutische, gesundheitswissenschaftliche und konduktive Ausbildung f\u00fcr zuk\u00fcnftige \u00c4rztinnen und \u00c4rzte, Forscherinnen und Forscher und andere Fachkr\u00e4fte im Gesundheitswesen. Mit Studieng\u00e4ngen, die in drei Sprachen (<a href=\"https:\/\/semmelweis.hu\/admission\/\" target=\"_blank\" rel=\"noopener\">Englisch<\/a>, <a href=\"https:\/\/semmelweis.hu\/deutsch\/studiengange\/\">Deutsch<\/a> und <a href=\"https:\/\/semmelweis.hu\/\" target=\"_blank\" rel=\"noopener\">Ungarisch<\/a>) an sechs Fakult\u00e4ten angeboten werden, verf\u00fcgt die Universit\u00e4t \u00fcber eine ausgesprochen internationale Gemeinschaft mit einem pulsierenden Leben. An der Semmelweis Universit\u00e4t sind mehr als 12.000 Studierenden eingeschrieben, von denen zwei Drittel aus Ungarn und ein Drittel aus dem Ausland kommen. Unter den weltweit 28.000 Universit\u00e4ten geh\u00f6rt die Semmelweis Universit\u00e4t laut Ergebnissen von Hochschulrankings zu den f\u00fchrenden 2,5 Prozent.<\/p>\n<hr \/>\n<h4><strong><a href=\"https:\/\/semmelweis.hu\/deutsch\/files\/2023\/01\/RS57939_KA-20170215-KA__8084-scr.jpg\"><img loading=\"lazy\" decoding=\"async\" class=\"alignright size-medium wp-image-32685\" src=\"https:\/\/semmelweis.hu\/deutsch\/files\/2023\/01\/RS57939_KA-20170215-KA__8084-scr-400x267.jpg\" alt=\"\" width=\"400\" height=\"267\" srcset=\"https:\/\/semmelweis.hu\/deutsch\/files\/2023\/01\/RS57939_KA-20170215-KA__8084-scr-400x267.jpg 400w, https:\/\/semmelweis.hu\/deutsch\/files\/2023\/01\/RS57939_KA-20170215-KA__8084-scr-768x512.jpg 768w, https:\/\/semmelweis.hu\/deutsch\/files\/2023\/01\/RS57939_KA-20170215-KA__8084-scr-753x502.jpg 753w, https:\/\/semmelweis.hu\/deutsch\/files\/2023\/01\/RS57939_KA-20170215-KA__8084-scr-203x135.jpg 203w, https:\/\/semmelweis.hu\/deutsch\/files\/2023\/01\/RS57939_KA-20170215-KA__8084-scr.jpg 950w\" sizes=\"auto, (max-width: 400px) 100vw, 400px\" \/><\/a>Patientenversorgung auf h\u00f6chstem niveau des fortschritts<\/strong><\/h4>\n<p>Die Patientenversorgung ist ein integraler Bestandteil von Ausbildung und Forschung. Als gr\u00f6\u00dfter Gesundheitsdienstleister in Ungarn versorgen die Krankenh\u00e4user und Kliniken der Universit\u00e4t f\u00fcnf Prozent der ungarischen Bev\u00f6lkerung. Die Universit\u00e4tskliniken sind Orte der praktischen Ausbildung, die gleichzeitig auf h\u00f6chstem Niveau arbeiten, so dass es die Studierenden in der klinischen Praxis mit derart seltenen F\u00e4llen zu tun bekommen k\u00f6nnen, die sie anderswo kaum behandeln d\u00fcrften.<\/p>\n<hr \/>\n<h4><strong><a href=\"https:\/\/semmelweis.hu\/deutsch\/files\/2023\/01\/RS108888_C19A5517-scr.jpg\"><img loading=\"lazy\" decoding=\"async\" class=\"alignright size-medium wp-image-32966\" src=\"https:\/\/semmelweis.hu\/deutsch\/files\/2023\/01\/RS108888_C19A5517-scr-400x267.jpg\" alt=\"\" width=\"400\" height=\"267\" srcset=\"https:\/\/semmelweis.hu\/deutsch\/files\/2023\/01\/RS108888_C19A5517-scr-400x267.jpg 400w, https:\/\/semmelweis.hu\/deutsch\/files\/2023\/01\/RS108888_C19A5517-scr-1024x683.jpg 1024w, https:\/\/semmelweis.hu\/deutsch\/files\/2023\/01\/RS108888_C19A5517-scr-768x512.jpg 768w, https:\/\/semmelweis.hu\/deutsch\/files\/2023\/01\/RS108888_C19A5517-scr-753x502.jpg 753w, https:\/\/semmelweis.hu\/deutsch\/files\/2023\/01\/RS108888_C19A5517-scr-203x135.jpg 203w, https:\/\/semmelweis.hu\/deutsch\/files\/2023\/01\/RS108888_C19A5517-scr.jpg 1200w\" sizes=\"auto, (max-width: 400px) 100vw, 400px\" \/><\/a>Forschung mit schwerpunkt erkenntnis und innovation <\/strong><\/h4>\n<p>\u00dcber das Lehren und Studieren hinaus erstreckt sich der Einfluss der Universit\u00e4t auch auf die Forschung, in deren Zentrum Erkenntnisse und Innovationen stehen, als Antwort auf die gr\u00f6\u00dften Herausforderungen der Welt in Medizin und Gesundheitswissenschaften. Traditionelle Forschungsbereiche wie Kardiologie, Onkologie, Neurowissenschaften, molekulare und translationale Medizin sowie pharmazeutische Forschung werden durch innovative Disziplinen wie k\u00fcnstliche Intelligenz, translationale Biotechnologie, Big Data und regenerative Medizin unter Einsatz von Spitzentechnologien unterst\u00fctzt und erg\u00e4nzt.<\/p>\n<div class=\"fontos_div\">\n<h5>Strategie der Semmelweis-Universit\u00e4t f\u00fcr 2025-2028<\/h5>\n<p>Das Dokument ist im <a href=\"https:\/\/semmelweis.hu\/deutsch\/files\/2025\/07\/Semmelweis-Universitat-strategie-2025-2028.pdf\" target=\"_blank\" rel=\"noopener\">PDF-Format verf\u00fcgbar<\/a><\/p>\n<\/div>\n<div id=\"myModal\" class=\"modal fade single-modal-csekk\" tabindex=\"-1\" role=\"dialog\" \r\n     aria-labelledby=\"myModalLabel\" aria-hidden=\"true\">\r\n    <div class=\"modal-dialog\">\r\n        <div class=\"modal-content\">\r\n            <div class=\"modal-body\">\r\n                <button type=\"button\" class=\"close\" data-dismiss=\"modal\" aria-label=\"Close\" aria-hidden=\"true\">&times;<\/button>\r\n                <div class=\"modal-video\">\r\n                    <div class=\"embed-responsive embed-responsive-16by9\">\r\n                        <iframe sandbox=\"allow-scripts allow-same-origin allow-presentation\" id=\"ytplayer\" class=\"embed-responsive-item\" frameborder=\"0\" allow=\"encrypted-media;autoplay\" allowfullscreen><\/iframe>\r\n                    <\/div>\r\n                <\/div>\r\n            <\/div>\r\n        <\/div>\r\n    <\/div>\r\n<\/div>\r\n\r\n<script>\r\n    jQuery(document).ready(function(){\r\n        jQuery('.modal-backdrop').click(function () {\r\n            jQuery('#myModal').modal('hide');\r\n        });\r\n        \/\/ONLY ALLOW ONE MODAL WITH THIS ID!\r\n        $('#myModal').each(function (i) {\r\n                $('[id=\"' + this.id + '\"]').slice(1).remove();\r\n        });\r\n    });\r\n    jQuery('#myModal').on('hidden.bs.modal', function (e) {\r\n        jQuery('#myModal iframe').removeAttr('src');            \r\n    });\r\n\r\n<\/script>\r\n\r\n\r\n        <div id=\"playlist-container\" class=\"yt-playlits-cards  p-sm-0 p-md-normal \" style=\"background-color: white;\">\r\n        <div class=\"section-row my-2 px-md-normal px-sm-0 pt-3 mr-5\">\r\n        <div class=\"col-12 col-md-auto section-title\" style=\"background-color: #1C315A;\">\r\n        <h2 style=\"color: white;\">\u00dcber uns<\/h2>\r\n        <\/div>\r\n        <div class=\"col section-divider px-0 mx-2 d-none d-lg-block\"><\/div>\r\n\r\n        <div class=\"col col-md-auto section-link text-uppercase px-0 d-none d-lg-block\">\r\n                    <h5 class=\"m-0\" style=\"color: #1C315A;\">\r\n                <a href=\"\" style=\"color: #1C315A !important;\">\r\n                    Mehr Videos<\/a>\r\n            <\/h5>\r\n                <\/div>\r\n        <\/div>\r\n        <div class=\"row mt-4 mb-2 mr-0 px-normal\">\r\n\r\n        \r\n        <div class=\"card col-12 col-lg-6 pl-normal pr-1\" style=\"background-color: white;\">\r\n            <h3 class=\"card-title\" style=\"display: none;; color: #1C315A;\">Semmelweis Universit\u00e4t \u2013 Mehr als 250 Jahre im Dienst der Gesundheit<\/h3>\r\n            <div class=\"card-img\">\r\n                <a class=\"videolink\" data-src=\"https:\/\/www.youtube.com\/embed\/-AjGuVc5_F8?modestbranding=1&rel=0&controls=1&showinfo=0&html5=1&autoplay=1\" href=\"https:\/\/www.youtube.com\/embed\/-AjGuVc5_F8?modestbranding=1&rel=0&controls=1&showinfo=0&html5=1&autoplay=1\">\r\n                    <div class=\"img-fluid w-100\" style=\"background-image: url(https:\/\/i2.ytimg.com\/vi\/-AjGuVc5_F8\/hqdefault.jpg);\"><\/div>\r\n                    <div class=\"player-icon big-size\"><\/div>\r\n                <\/a>\r\n            <\/div>\r\n            <div class=\"card-body px-0\">\r\n                <p><\/p>\r\n            <\/div>\r\n        <\/div>\r\n\r\n        \r\n        <div class=\"card col-12 col-lg-6 pl-normal pr-1\" style=\"background-color: white;\">\r\n            <h3 class=\"card-title\" style=\"display: none;; color: #1C315A;\">MEDIZINISCHE FAKULT\u00c4T | Semmelweis Universit\u00e4t<\/h3>\r\n            <div class=\"card-img\">\r\n                <a class=\"videolink\" data-src=\"https:\/\/www.youtube.com\/embed\/akw4dj4W8Mc?modestbranding=1&rel=0&controls=1&showinfo=0&html5=1&autoplay=1\" href=\"https:\/\/www.youtube.com\/embed\/akw4dj4W8Mc?modestbranding=1&rel=0&controls=1&showinfo=0&html5=1&autoplay=1\">\r\n                    <div class=\"img-fluid w-100\" style=\"background-image: url(https:\/\/i2.ytimg.com\/vi\/akw4dj4W8Mc\/hqdefault.jpg);\"><\/div>\r\n                    <div class=\"player-icon big-size\"><\/div>\r\n                <\/a>\r\n            <\/div>\r\n            <div class=\"card-body px-0\">\r\n                <p><\/p>\r\n            <\/div>\r\n        <\/div>\r\n\r\n        \r\n        <div class=\"card col-12 col-lg-6 pl-normal pr-1\" style=\"background-color: white;\">\r\n            <h3 class=\"card-title\" style=\"display: none;; color: #1C315A;\">FAKULT\u00c4T F\u00dcR ZAHNHEILKUNDE | Semmelweis Universit\u00e4t<\/h3>\r\n            <div class=\"card-img\">\r\n                <a class=\"videolink\" data-src=\"https:\/\/www.youtube.com\/embed\/C47BNYHqWfE?modestbranding=1&rel=0&controls=1&showinfo=0&html5=1&autoplay=1\" href=\"https:\/\/www.youtube.com\/embed\/C47BNYHqWfE?modestbranding=1&rel=0&controls=1&showinfo=0&html5=1&autoplay=1\">\r\n                    <div class=\"img-fluid w-100\" style=\"background-image: url(https:\/\/i4.ytimg.com\/vi\/C47BNYHqWfE\/hqdefault.jpg);\"><\/div>\r\n                    <div class=\"player-icon big-size\"><\/div>\r\n                <\/a>\r\n            <\/div>\r\n            <div class=\"card-body px-0\">\r\n                <p><\/p>\r\n            <\/div>\r\n        <\/div>\r\n\r\n        \r\n        <div class=\"card col-12 col-lg-6 pl-normal pr-1\" style=\"background-color: white;\">\r\n            <h3 class=\"card-title\" style=\"display: none;; color: #1C315A;\">FAKULT\u00c4T F\u00dcR PHARMAZIE | Semmelweis Universit\u00e4t<\/h3>\r\n            <div class=\"card-img\">\r\n                <a class=\"videolink\" data-src=\"https:\/\/www.youtube.com\/embed\/fO8sw5Doafg?modestbranding=1&rel=0&controls=1&showinfo=0&html5=1&autoplay=1\" href=\"https:\/\/www.youtube.com\/embed\/fO8sw5Doafg?modestbranding=1&rel=0&controls=1&showinfo=0&html5=1&autoplay=1\">\r\n                    <div class=\"img-fluid w-100\" style=\"background-image: url(https:\/\/i3.ytimg.com\/vi\/fO8sw5Doafg\/hqdefault.jpg);\"><\/div>\r\n                    <div class=\"player-icon big-size\"><\/div>\r\n                <\/a>\r\n            <\/div>\r\n            <div class=\"card-body px-0\">\r\n                <p><\/p>\r\n            <\/div>\r\n        <\/div>\r\n\r\n        \r\n        <div class=\"card col-12 col-lg-6 pl-normal pr-1\" style=\"background-color: white;\">\r\n            <h3 class=\"card-title\" style=\"display: none;; color: #1C315A;\">250 Jahre EXZELLENZ in medizinischer Lehre, Forschung & Innovation und Krankenversorgung<\/h3>\r\n            <div class=\"card-img\">\r\n                <a class=\"videolink\" data-src=\"https:\/\/www.youtube.com\/embed\/HF00umFIwXQ?modestbranding=1&rel=0&controls=1&showinfo=0&html5=1&autoplay=1\" href=\"https:\/\/www.youtube.com\/embed\/HF00umFIwXQ?modestbranding=1&rel=0&controls=1&showinfo=0&html5=1&autoplay=1\">\r\n                    <div class=\"img-fluid w-100\" style=\"background-image: url(https:\/\/i1.ytimg.com\/vi\/HF00umFIwXQ\/hqdefault.jpg);\"><\/div>\r\n                    <div class=\"player-icon big-size\"><\/div>\r\n                <\/a>\r\n            <\/div>\r\n            <div class=\"card-body px-0\">\r\n                <p><\/p>\r\n            <\/div>\r\n        <\/div>\r\n\r\n        \r\n        <div class=\"card col-12 col-lg-6 pl-normal pr-1\" style=\"background-color: white;\">\r\n            <h3 class=\"card-title\" style=\"display: none;; color: #1C315A;\">MY SEMMELWEIS \u2013 Study at Semmelweis University and live in Hungary's vibrant capital, Budapest<\/h3>\r\n            <div class=\"card-img\">\r\n                <a class=\"videolink\" data-src=\"https:\/\/www.youtube.com\/embed\/NI7bOOUrNus?modestbranding=1&rel=0&controls=1&showinfo=0&html5=1&autoplay=1\" href=\"https:\/\/www.youtube.com\/embed\/NI7bOOUrNus?modestbranding=1&rel=0&controls=1&showinfo=0&html5=1&autoplay=1\">\r\n                    <div class=\"img-fluid w-100\" style=\"background-image: url(https:\/\/i3.ytimg.com\/vi\/NI7bOOUrNus\/hqdefault.jpg);\"><\/div>\r\n                    <div class=\"player-icon big-size\"><\/div>\r\n                <\/a>\r\n            <\/div>\r\n            <div class=\"card-body px-0\">\r\n                <p><\/p>\r\n            <\/div>\r\n        <\/div>\r\n\r\n        \r\n        <div class=\"card col-12 col-lg-6 pl-normal pr-1\" style=\"background-color: white;\">\r\n            <h3 class=\"card-title\" style=\"display: none;; color: #1C315A;\">Semmelweis Absolventenball 2024<\/h3>\r\n            <div class=\"card-img\">\r\n                <a class=\"videolink\" data-src=\"https:\/\/www.youtube.com\/embed\/Ztt8tYBFh8c?modestbranding=1&rel=0&controls=1&showinfo=0&html5=1&autoplay=1\" href=\"https:\/\/www.youtube.com\/embed\/Ztt8tYBFh8c?modestbranding=1&rel=0&controls=1&showinfo=0&html5=1&autoplay=1\">\r\n                    <div class=\"img-fluid w-100\" style=\"background-image: url(https:\/\/i3.ytimg.com\/vi\/Ztt8tYBFh8c\/hqdefault.jpg);\"><\/div>\r\n                    <div class=\"player-icon big-size\"><\/div>\r\n                <\/a>\r\n            <\/div>\r\n            <div class=\"card-body px-0\">\r\n                <p><\/p>\r\n            <\/div>\r\n        <\/div>\r\n\r\n        \r\n        <div class=\"card col-12 col-lg-6 pl-normal pr-1\" style=\"background-color: white;\">\r\n            <h3 class=\"card-title\" style=\"display: none;; color: #1C315A;\">SEMMELWEIS UNIVERSIT\u00c4T \u2013 MEHR ALS 250 JAHRE IM DIENST DER GESUNDHEIT (Kurzversion)<\/h3>\r\n            <div class=\"card-img\">\r\n                <a class=\"videolink\" data-src=\"https:\/\/www.youtube.com\/embed\/V9IQH8O9kgs?modestbranding=1&rel=0&controls=1&showinfo=0&html5=1&autoplay=1\" href=\"https:\/\/www.youtube.com\/embed\/V9IQH8O9kgs?modestbranding=1&rel=0&controls=1&showinfo=0&html5=1&autoplay=1\">\r\n                    <div class=\"img-fluid w-100\" style=\"background-image: url(https:\/\/i3.ytimg.com\/vi\/V9IQH8O9kgs\/hqdefault.jpg);\"><\/div>\r\n                    <div class=\"player-icon big-size\"><\/div>\r\n                <\/a>\r\n            <\/div>\r\n            <div class=\"card-body px-0\">\r\n                <p><\/p>\r\n            <\/div>\r\n        <\/div>\r\n\r\n        \r\n        <\/div>\r\n\r\n        <div class=\"col col-md-auto section-link text-uppercase px-0 d-md-none flex-row-reverse d-flex\" style=\"margin: -14px 5px 10px 8px;\">\r\n                <h5 class=\"m-0\" style=\"color: #1C315A;\">\r\n            <a href=\"\" style=\"color: #1C315A !important;\">\r\n                Mehr Videos<\/a>\r\n        <\/h5>\r\n                <div class=\"col section-divider px-0 mx-2\" style=\"margin-top: 7px;\"><\/div>\r\n        <\/div>\r\n        <\/div>\r\n        \r\n        <style>\r\n        #playlist-container .section-link h5:after { color: unset !important; }\r\n        #playlist-container .videolink .img-fluid {\r\n        aspect-ratio: 16 \/ 9;\r\n        height: auto;\r\n        }\r\n\r\n        <\/style>\r\n        \n","protected":false},"excerpt":{"rendered":"<p>Auf einer 250-j\u00e4hrigen Tradition beruhend bietet die Semmelweis Universit\u00e4t eine innovative und gr\u00fcndliche medizinische, zahnmedizinische, pharmazeutische, gesundheitswissenschaftliche und konduktive Ausbildung f\u00fcr zuk\u00fcnftige \u00c4rztinnen und \u00c4rzte, Forscherinnen und Forscher und andere Fachkr\u00e4fte im Gesundheitswesen. Mit Studieng\u00e4ngen, die in drei Sprachen (Englisch, Deutsch und Ungarisch) an sechs Fakult\u00e4ten angeboten werden, verf\u00fcgt die Universit\u00e4t \u00fcber eine ausgesprochen internationale Gemeinschaft mit einem pulsierenden Leben.\u00a0<\/p>\n","protected":false},"author":101614,"featured_media":33023,"parent":0,"menu_order":0,"comment_status":"closed","ping_status":"closed","template":"template-fullwidth.php","meta":{"_acf_changed":false,"footnotes":""},"categories":[],"tags":[],"class_list":["post-1941","page","type-page","status-publish","has-post-thumbnail","hentry"],"acf":[],"_links":{"self":[{"href":"https:\/\/semmelweis.hu\/deutsch\/wp-json\/wp\/v2\/pages\/1941","targetHints":{"allow":["GET"]}}],"collection":[{"href":"https:\/\/semmelweis.hu\/deutsch\/wp-json\/wp\/v2\/pages"}],"about":[{"href":"https:\/\/semmelweis.hu\/deutsch\/wp-json\/wp\/v2\/types\/page"}],"author":[{"embeddable":true,"href":"https:\/\/semmelweis.hu\/deutsch\/wp-json\/wp\/v2\/users\/101614"}],"replies":[{"embeddable":true,"href":"https:\/\/semmelweis.hu\/deutsch\/wp-json\/wp\/v2\/comments?post=1941"}],"version-history":[{"count":11,"href":"https:\/\/semmelweis.hu\/deutsch\/wp-json\/wp\/v2\/pages\/1941\/revisions"}],"predecessor-version":[{"id":39107,"href":"https:\/\/semmelweis.hu\/deutsch\/wp-json\/wp\/v2\/pages\/1941\/revisions\/39107"}],"wp:featuredmedia":[{"embeddable":true,"href":"https:\/\/semmelweis.hu\/deutsch\/wp-json\/wp\/v2\/media\/33023"}],"wp:attachment":[{"href":"https:\/\/semmelweis.hu\/deutsch\/wp-json\/wp\/v2\/media?parent=1941"}],"wp:term":[{"taxonomy":"category","embeddable":true,"href":"https:\/\/semmelweis.hu\/deutsch\/wp-json\/wp\/v2\/categories?post=1941"},{"taxonomy":"post_tag","embeddable":true,"href":"https:\/\/semmelweis.hu\/deutsch\/wp-json\/wp\/v2\/tags?post=1941"}],"curies":[{"name":"wp","href":"https:\/\/api.w.org\/{rel}","templated":true}]}}