{"id":1820,"date":"2019-08-23T15:25:36","date_gmt":"2019-08-23T15:25:36","guid":{"rendered":"http:\/\/wp2.localhost\/z01\/wegweiser\/"},"modified":"2023-01-31T16:48:36","modified_gmt":"2023-01-31T15:48:36","slug":"wegweiser","status":"publish","type":"page","link":"https:\/\/semmelweis.hu\/deutsch\/studium\/wegweiser\/","title":{"rendered":"Wegweiser"},"content":{"rendered":"<div class=\"responsive-tabs\">\n<h2 class=\"tabtitle\"><strong>EOK<\/strong><\/h2>\n<div class=\"tabcontent\">\n\n<h4><a href=\"https:\/\/semmelweis.hu\/eok\/en\/\" target=\"_blank\" rel=\"noopener\"><strong>Zentrum f\u00fcr Vorklinik<\/strong><\/a> (<strong>E<\/strong>lm\u00e9leti <strong>O<\/strong>rvostudom\u00e1nyi <strong>K<\/strong>\u00f6zpont = <a href=\"https:\/\/semmelweis.hu\/eok\/en\/\" target=\"_blank\" rel=\"noopener noreferrer\"><strong>EOK<\/strong><\/a>)<\/h4>\n<p>1094 Budapest, T\u0171zolt\u00f3 utca 37-47.\u00a0 <a href=\"https:\/\/semmelweis.hu\/eok\/en\/contact\/map\/\" target=\"_blank\" rel=\"noopener noreferrer\">Geb\u00e4ude \u00dcbersichtsplan \u2192<\/a><\/p>\n\n<!-- iframe plugin v.4.9 wordpress.org\/plugins\/iframe\/ -->\n<iframe loading=\"lazy\" src=\"https:\/\/www.google.com\/maps\/embed?pb=!1m18!1m12!1m3!1d2696.47229418394!2d19.075870315940207!3d47.48071197917661!2m3!1f0!2f0!3f0!3m2!1i1024!2i768!4f13.1!3m3!1m2!1s0x4741dc57e9ebfda9%3A0xa7ceb3b2a25d561f!2sSemmelweis%20Egyetem%20-%20Elm%C3%A9leti%20Orvostudom%C3%A1nyi%20K%C3%B6zpont!5e0!3m2!1shu!2shu!4v1568442689430!5m2!1shu!2shu\" width=\"100%\" height=\"250\" scrolling=\"yes\" class=\"iframe-class\" frameborder=\"0\"><\/iframe>\n\n<h5>Institute im Geb\u00e4ude (z.B.):<\/h5>\n<ul>\n<li>Institut f\u00fcr Biophysik und Strahlenbiologie<\/li>\n<li>Institut f\u00fcr Biochemie und Molekularbiologie\u00a0<\/li>\n<li>Institut f\u00fcr Physiologie<\/li>\n<\/ul>\n<p>Die meisten Stunden der ersten zwei Studienjahre finden in diesem Geb\u00e4ude statt.<\/p>\n<p>Seminarr\u00e4ume befinden sich im Erdgeschoss links.<br \/>\nDas Studentensekretariat des Deutschsprachigen Studiums hat seinen Sitz im 1. Stock links.<\/p>\n\n<\/div><h2 class=\"tabtitle\"><strong>NET<\/strong><\/h2>\n<div class=\"tabcontent\">\n\n<h4><a href=\"https:\/\/semmelweis.hu\/net\/\" target=\"_blank\" rel=\"noopener\"><strong>Der Block am Nagyv\u00e1rad Platz<\/strong><\/a> (<strong>N<\/strong>agyv\u00e1rad t\u00e9ri\u00a0<strong>E<\/strong>lm\u00e9leti\u00a0<strong>T<\/strong>\u00f6mb = <strong>NET<\/strong>)<\/h4>\n\n<!-- iframe plugin v.4.9 wordpress.org\/plugins\/iframe\/ -->\n<iframe loading=\"lazy\" src=\"https:\/\/www.google.com\/maps\/embed?pb=!1m18!1m12!1m3!1d2696.5731458517066!2d19.08891631594009!3d47.478746979176435!2m3!1f0!2f0!3f0!3m2!1i1024!2i768!4f13.1!3m3!1m2!1s0x4741dce6f4fa6443%3A0x1dc2f49d375e2df7!2sSemmelweis%20Egyetem%20Nagyv%C3%A1radt%C3%A9ri%20Elm%C3%A9leti%20T%C3%B6mb!5e0!3m2!1shu!2shu!4v1568441180740!5m2!1shu!2shu\" width=\"100%\" height=\"250\" scrolling=\"yes\" class=\"iframe-class\" frameborder=\"0\"><\/iframe>\n\n<h5>Institute im Geb\u00e4ude (z.B.):<\/h5>\n<ul>\n<li>Institut f\u00fcr Genetik, Zell- und Immunbiologie<\/li>\n<li>Institut f\u00fcr Verhaltenswissenschaften<\/li>\n<li>Institut f\u00fcr Medizinische Mikrobiologie<\/li>\n<li>Institut f\u00fcr Pharmakologie und Pharmakotherapie<\/li>\n<li>Institut f\u00fcr Hygiene<\/li>\n<\/ul>\n\n<\/div><h2 class=\"tabtitle\"><strong>Anatomie<\/strong><\/h2>\n<div class=\"tabcontent\">\n\n<h4><a href=\"https:\/\/semmelweis.hu\/anatomia\/de\/\" target=\"_blank\" rel=\"noopener\"><strong>Institut f\u00fcr Anatomie, Histologie und Embryologie<\/strong><\/a><\/h4>\n<p>1094 Budapest, T\u0171zolt\u00f3 u. 58<\/p>\n\n<!-- iframe plugin v.4.9 wordpress.org\/plugins\/iframe\/ -->\n<iframe loading=\"lazy\" src=\"https:\/\/www.google.com\/maps\/embed?pb=!1m18!1m12!1m3!1d2696.4398670044234!2d19.077625215940255!3d47.481343779176704!2m3!1f0!2f0!3f0!3m2!1i1024!2i768!4f13.1!3m3!1m2!1s0x4741dcfbafba9f35%3A0x72f9a2bd27bbf484!2zU2VtbWVsd2VpcyBFZ3lldGVtIEFuYXTDs21pYWksIFN6w7Z2ZXQtIMOpcyBGZWpsxZFkw6lzdGFuaSBJbnTDqXpldA!5e0!3m2!1shu!2shu!4v1568441368502!5m2!1shu!2shu\" width=\"100%\" height=\"250\" scrolling=\"yes\" class=\"iframe-class\" frameborder=\"0\"><\/iframe>\n\n\n<\/div><h2 class=\"tabtitle\"><strong>Pathologie<\/strong><\/h2>\n<div class=\"tabcontent\">\n\n<h4><a href=\"https:\/\/semmelweis.hu\/patologia2\/de\/\" target=\"_blank\" rel=\"noopener\"><strong>Institut f\u00fcr Pathologie, Rechts- und versicherungsmedizin<\/strong><\/a><\/h4>\n<p>H-1091 Budapest, \u00dcll\u0151i \u00fat 93.<\/p>\n\n<!-- iframe plugin v.4.9 wordpress.org\/plugins\/iframe\/ -->\n<iframe loading=\"lazy\" src=\"https:\/\/www.google.com\/maps\/embed?pb=!1m18!1m12!1m3!1d1348.2035445724282!2d19.08188001953153!3d47.48198240521401!2m3!1f0!2f0!3f0!3m2!1i1024!2i768!4f13.1!3m3!1m2!1s0x0:0x7da315a0aa1b80f8!2sSemmelweis%20Egyetem%20II.%20Sz.%20Patol%c3%b3giai%20Int%c3%a9zet!5e0!3m2!1shu!2shu!4v1408957905372\" width=\"100%\" height=\"250\" scrolling=\"yes\" class=\"iframe-class\" frameborder=\"0\"><\/iframe>\n\n\n<\/div><h2 class=\"tabtitle\"><strong>Sprach<\/strong><strong>stunden<\/strong><\/h2>\n<div class=\"tabcontent\">\n\n<h4><a href=\"https:\/\/semmelweis.hu\/szaknyelv\/de\/\" target=\"_blank\" rel=\"noopener\"><strong>Institut f\u00fcr FachSprachen<\/strong><\/a><\/h4>\n<p>1094 Budapest Ferenc t\u00e9r 15.<\/p>\n\n<!-- iframe plugin v.4.9 wordpress.org\/plugins\/iframe\/ -->\n<iframe loading=\"lazy\" src=\"https:\/\/www.google.com\/maps\/embed?pb=!1m18!1m12!1m3!1d168.5265564121457!2d19.073423879544173!3d47.48163533843598!2m3!1f0!2f0!3f0!3m2!1i1024!2i768!4f13.1!3m3!1m2!1s0x0:0xa566953e1ef55fa1!2sSemmelweis%20Egyetem%20Ferenc%20t%c3%a9ri%20T%c3%b6mb!5e0!3m2!1shu!2shu!4v1408958220473\" width=\"100%\" height=\"250\" scrolling=\"yes\" class=\"iframe-class\" frameborder=\"0\"><\/iframe>\n\n<hr \/>\n<p><strong>Sprachstunden<\/strong> befinden sich im <strong>EOK<\/strong> (1094 Budapest, T\u0171zolt\u00f3 utca 37-47.), in den Seminarr\u00e4umen im Erdgeschoss links oder in der benachbarten Schule <strong>KGPT<\/strong>.<\/p>\n<h4><strong>KGPT<\/strong> (Code im Neptun Stundenplan) = <strong>K<\/strong>\u00f6z<strong>g<\/strong>azdas\u00e1gi <strong>P<\/strong>oli<strong>t<\/strong>echnikum<br \/>\nOrt f\u00fcr einige Sprachstunden<\/h4>\n<p>1096 Budapest, Vendel utca 3.<\/p>\n\n<!-- iframe plugin v.4.9 wordpress.org\/plugins\/iframe\/ -->\n<iframe loading=\"lazy\" src=\"https:\/\/www.google.com\/maps\/embed?pb=!1m18!1m12!1m3!1d2696.5144367093444!2d19.076197715940122!3d47.47989087917648!2m3!1f0!2f0!3f0!3m2!1i1024!2i768!4f13.1!3m3!1m2!1s0x4741dcfb9c45a637%3A0xb313a2564a7708b1!2sK%C3%B6zgazdas%C3%A1gi%20Politechnikum%20Alternat%C3%ADv%20Gimn%C3%A1zium!5e0!3m2!1shu!2shu!4v1568441706678!5m2!1shu!2shu\" width=\"100%\" height=\"250\" scrolling=\"yes\" class=\"iframe-class\" frameborder=\"0\"><\/iframe>\n\n\n<\/div><h2 class=\"tabtitle\"><strong>Sportunterricht<\/strong><\/h2>\n<div class=\"tabcontent\">\n\n<h4>ZENTRUM F\u00dcR\u00a0<strong><a href=\"https:\/\/semmelweis.hu\/sportkozpont\/english\/\" target=\"_blank\" rel=\"noopener noreferrer\">K\u00d6RPERERZIEHUNG UND SPORT<\/a><\/strong><\/h4>\n<p>1107 Budapest, Z\u00e1gr\u00e1bi \u00fat 14\/Ecke Sz\u00e1va u.<\/p>\n<p><a href=\"https:\/\/semmelweis.hu\/sportkozpont\/english\/timetable\/\" target=\"_blank\" rel=\"noopener noreferrer\">Sport Stundenplan<\/a><\/p>\n\n<!-- iframe plugin v.4.9 wordpress.org\/plugins\/iframe\/ -->\n<iframe loading=\"lazy\" src=\"https:\/\/www.google.com\/maps\/embed?pb=!1m18!1m12!1m3!1d2697.0934695216247!2d19.12095631593977!3d47.468607979175665!2m3!1f0!2f0!3f0!3m2!1i1024!2i768!4f13.1!3m3!1m2!1s0x4741c32afbfc0893%3A0x298797f97f93e59d!2sSemmelweis%20Egyetem%20Testnevel%C3%A9si%20%C3%A9s%20Sportk%C3%B6zpont%2C%20Sporttelepek!5e0!3m2!1shu!2shu!4v1568442026127!5m2!1shu!2shu\" width=\"100%\" height=\"250\" scrolling=\"yes\" class=\"iframe-class\" frameborder=\"0\"><\/iframe>\n\n\n<\/div><h2 class=\"tabtitle\"><strong>Kliniken \u00c4u\u00dferer Block<\/strong><\/h2>\n<div class=\"tabcontent\">\n\n<p><a href=\"https:\/\/semmelweis.hu\/deutsch\/studentenleben\/krankheitsfall\/kliniken-ausserer_block-2\/\" rel=\"attachment wp-att-2882\"><img loading=\"lazy\" decoding=\"async\" class=\"wp-image-2882 size-large aligncenter\" src=\"https:\/\/semmelweis.hu\/deutsch\/files\/2019\/09\/Kliniken-Ausserer_Block-1-1024x675.jpg\" alt=\"\" width=\"753\" height=\"496\" srcset=\"https:\/\/semmelweis.hu\/deutsch\/files\/2019\/09\/Kliniken-Ausserer_Block-1-1024x675.jpg 1024w, https:\/\/semmelweis.hu\/deutsch\/files\/2019\/09\/Kliniken-Ausserer_Block-1-300x198.jpg 300w, https:\/\/semmelweis.hu\/deutsch\/files\/2019\/09\/Kliniken-Ausserer_Block-1-768x506.jpg 768w, https:\/\/semmelweis.hu\/deutsch\/files\/2019\/09\/Kliniken-Ausserer_Block-1-753x496.jpg 753w, https:\/\/semmelweis.hu\/deutsch\/files\/2019\/09\/Kliniken-Ausserer_Block-1-203x135.jpg 203w\" sizes=\"auto, (max-width: 753px) 100vw, 753px\" \/><\/a><\/p>\n\n<!-- iframe plugin v.4.9 wordpress.org\/plugins\/iframe\/ -->\n<iframe loading=\"lazy\" src=\"https:\/\/www.google.com\/maps\/embed?pb=!1m18!1m12!1m3!1d10785.889249411768!2d19.069304245731622!3d47.48071162517625!2m3!1f0!2f0!3f0!3m2!1i1024!2i768!4f13.1!3m3!1m2!1s0x4741dcfa9240a383%3A0xb3c347b2f26548b4!2zU2VtbWVsd2VpcyBFZ3lldGVtLCBLw7Z6cG9udGkgQmV0ZWdlbGzDoXTDsyDDiXDDvGxldA!5e0!3m2!1shu!2shu!4v1568442920352!5m2!1shu!2shu\" width=\"450\" height=\"350\" scrolling=\"yes\" class=\"iframe-class\" frameborder=\"0\"><\/iframe>\n\n<\/div><\/div>\n","protected":false},"excerpt":{"rendered":"<p><a href=\"https:\/\/semmelweis.hu\/eok\/en\/\" target=\"_blank\" rel=\"noopener\">Zentrum f\u00fcr Vorklinik<\/a> (Elm\u00e9leti Orvostudom\u00e1nyi K\u00f6zpont = <a href=\"https:\/\/semmelweis.hu\/eok\/en\/\" target=\"_blank\" rel=\"noopener noreferrer\">EOK<\/a> ) 1094 Budapest, T\u0171zolt\u00f3 utca 37-47.\u00a0 <a href=\"https:\/\/semmelweis.hu\/eok\/en\/contact\/map\/\" target=\"_blank\" rel=\"noopener noreferrer\">Geb\u00e4ude \u00dcbersichtsplan \u2192<\/a> Institute im Geb\u00e4ude (z.B.): Institut f\u00fcr Biophysik und Strahlenbiologie Institut f\u00fcr Biochemie und Molekularbiologie\u00a0 Institut f\u00fcr Physiologie Die meisten Stunden der ersten zwei Studienjahre finden in diesem Geb\u00e4ude statt. Seminarr\u00e4ume befinden sich im Erdgeschoss links. Das Studentensekretariat des Deutschsprachigen Studiums hat seinen Sitz im 1. &hellip;<\/p>\n","protected":false},"author":101614,"featured_media":0,"parent":2386,"menu_order":12,"comment_status":"closed","ping_status":"closed","template":"template-fullwidth.php","meta":{"_acf_changed":false,"footnotes":""},"categories":[],"tags":[],"class_list":["post-1820","page","type-page","status-publish","hentry"],"acf":[],"_links":{"self":[{"href":"https:\/\/semmelweis.hu\/deutsch\/wp-json\/wp\/v2\/pages\/1820","targetHints":{"allow":["GET"]}}],"collection":[{"href":"https:\/\/semmelweis.hu\/deutsch\/wp-json\/wp\/v2\/pages"}],"about":[{"href":"https:\/\/semmelweis.hu\/deutsch\/wp-json\/wp\/v2\/types\/page"}],"author":[{"embeddable":true,"href":"https:\/\/semmelweis.hu\/deutsch\/wp-json\/wp\/v2\/users\/101614"}],"replies":[{"embeddable":true,"href":"https:\/\/semmelweis.hu\/deutsch\/wp-json\/wp\/v2\/comments?post=1820"}],"version-history":[{"count":11,"href":"https:\/\/semmelweis.hu\/deutsch\/wp-json\/wp\/v2\/pages\/1820\/revisions"}],"predecessor-version":[{"id":33323,"href":"https:\/\/semmelweis.hu\/deutsch\/wp-json\/wp\/v2\/pages\/1820\/revisions\/33323"}],"up":[{"embeddable":true,"href":"https:\/\/semmelweis.hu\/deutsch\/wp-json\/wp\/v2\/pages\/2386"}],"wp:attachment":[{"href":"https:\/\/semmelweis.hu\/deutsch\/wp-json\/wp\/v2\/media?parent=1820"}],"wp:term":[{"taxonomy":"category","embeddable":true,"href":"https:\/\/semmelweis.hu\/deutsch\/wp-json\/wp\/v2\/categories?post=1820"},{"taxonomy":"post_tag","embeddable":true,"href":"https:\/\/semmelweis.hu\/deutsch\/wp-json\/wp\/v2\/tags?post=1820"}],"curies":[{"name":"wp","href":"https:\/\/api.w.org\/{rel}","templated":true}]}}