{"id":1816,"date":"2019-08-23T15:25:36","date_gmt":"2019-08-23T13:25:36","guid":{"rendered":"http:\/\/wp2.localhost\/z01\/unterrichts-und-prufungsordnung\/"},"modified":"2026-03-18T15:15:12","modified_gmt":"2026-03-18T14:15:12","slug":"unterrichts-und-prufungsordnung","status":"publish","type":"page","link":"https:\/\/semmelweis.hu\/deutsch\/studium\/unterrichts-und-prufungsordnung\/","title":{"rendered":"Studien- und Pr\u00fcfungsordnung, Regelungen"},"content":{"rendered":"<h3>Studien- und Pr\u00fcfungsordnung der Semmelweis Universit\u00e4t<\/h3>\n<p><em>Organisations- und Betriebsordnung, Teil III Regelwerk f\u00fcr Studierende, Kapitel III. 2.<\/em><\/p>\n<p>(vorliegende deutschsprachige \u00dcbersetzung unter kontinuierlicher sprachlicher Bearbeitung)<\/p>\n<p><a href=\"https:\/\/semmelweis.hu\/jogigfoig\/dokumentumtar\/szabalyzattar\/szervezeti-es-mukodesi-szabalyzat\/iii-konyv-hkr\/iii-konyv-hallgatoi-kovetelmenyrendszer-iii-2-resz-tanulmanyi-es-vizsgaszabalyzat-es-mellekletei\/\" target=\"_blank\" rel=\"noopener\">Studien- und Pr\u00fcfungsordnung (geltender Text: 4. Februar 2026)<\/a><\/p>\n<p><a href=\"https:\/\/semmelweis.hu\/deutsch\/files\/2024\/11\/Auszug-Studien-und-Pruefungsordnung_Pruefungsanmeldung_22.11.2024.pdf\" target=\"_blank\" rel=\"noopener\">In der Pr\u00fcfungsperiode relevante Regeln der Studien-und Pr\u00fcfungsordnung der Semmelweis Universit\u00e4t<\/a><\/p>\n<hr \/>\n<h3>Weitere Regelungen<\/h3>\n<ul>\n<li id=\"GroupWiseSection_1638351723000_gimpl.edit@semmelweis-univ.hu_D650A502132F0000A0FF000000000000_\" class=\"GroupWiseMessageBody active\">\n<div><a href=\"https:\/\/semmelweis.hu\/deutsch\/files\/2026\/03\/Regelung-der-Bewertung-der-Lehrtaetigkeit-durch-die-Studierenden.pdf\" target=\"_blank\" rel=\"noopener\">Regelung der Bewertung der Lehrt\u00e4tigkeit durch die Studierenden<\/a> <em>(Semmelweis Universit\u00e4t Organisations- und Betriebsordnung, Teil III Regelwerk f\u00fcr Studierende, Kapitel III. 8.)<\/em><\/div>\n<\/li>\n<li>Regelung &#8222;<a href=\"https:\/\/semmelweis.hu\/deutsch\/files\/2023\/09\/Org-Betr-Ordn-Teil-III-Kap-III-13_Rechte-und-Pflichten.pdf\">\u00dcber bestimmte Rechte und Pflichten von Studierenden in selbstfinanzierten Studieng\u00e4ngen<\/a>&#8220; <em>(Semmelweis Universit\u00e4t Organisations- und Betriebsordnung, Teil III Regelwerk f\u00fcr Studierende, Kapitel III. 13.)<\/em>\n<\/li>\n<li><strong>Stipendium f\u00fcr Studierende mit ausgezeichneter Studienleistung <\/strong>\u00a0<a href=\"https:\/\/semmelweis.hu\/deutsch\/files\/2024\/07\/Bewerbungsaufruf_24_25_2_keresheto-1.pdf\" target=\"_blank\" rel=\"noopener\">Bewerbungsaufruf<\/a>\u00a0\u00a0<\/li>\n<li><strong>ISSA\/DSVS Stipendium<\/strong> (2025\/2026) <a href=\"https:\/\/semmelweis.hu\/deutsch\/files\/2024\/12\/Koezeleti-Palyazati-Felhivas-Modositott-25_26_1_DE.pdf\" target=\"_blank\" rel=\"noopener\">Bewerbungsaufruf<\/a>\u00a0<\/li>\n<\/ul>\n<div>\u00a0<\/div>\n<hr \/>\n<h6><strong>Fakult\u00e4t f\u00fcr Zahn<\/strong><strong>heilkunde<\/strong><\/h6>\n<ul>\n<li><a href=\"https:\/\/semmelweis.hu\/deutsch\/files\/2023\/10\/Verfahrensordnung_Diplomarbeit_Fakultaet-fuer-Zahnheilkunde_2025.pdf\" target=\"_blank\" rel=\"noopener\">Ordnung und Anforderungen der Anfertigung der <strong>Diplomarbeit (Facharbeit) <\/strong><\/a>an der Fakult\u00e4t f\u00fcr Zahnheilkunde\n<ul>\n<li><a href=\"https:\/\/semmelweis.hu\/deutsch\/files\/2026\/02\/Anhang-Nr-3-Bewertungsbogen-von-Diplomarbeiten.docx\" target=\"_blank\" rel=\"noopener\">Bewertungsbogen von Diplomarbeiten<\/a><\/li>\n<li><a href=\"https:\/\/semmelweis.hu\/deutsch\/files\/2026\/02\/Anhang-Nr-4-Plagiatserklaerung.docx\" target=\"_blank\" rel=\"noopener\">Plagiatserkl\u00e4rung<\/a><\/li>\n<li><a href=\"https:\/\/semmelweis.hu\/deutsch\/files\/2026\/02\/Anhang-Nr-5-Anmeldeformular-fuer-die-Themenwahl-der-Diplomarbeit.docx\" target=\"_blank\" rel=\"noopener\">Anmeldeformular f\u00fcr die Themenwahl der Diplomarbeit<\/a><\/li>\n<li><a href=\"https:\/\/semmelweis.hu\/deutsch\/files\/2026\/02\/Anhang-Nr-6-Antrag-auf-Aenderung-des-Titels-der-Diplomarbeit.docx\" target=\"_blank\" rel=\"noopener\">Antrag auf \u00c4nderung des Titels der Diplomarbeit<\/a><\/li>\n<li><a href=\"https:\/\/semmelweis.hu\/deutsch\/files\/2026\/02\/Anhang-Nr-8-Konsultationsformular.docx\" target=\"_blank\" rel=\"noopener\">Konsultationsformular<\/a><\/li>\n<li><a href=\"https:\/\/semmelweis.hu\/deutsch\/files\/2026\/02\/Anhang-Nr-9-Protokoll-zur-Verteidigung-der-Diplomarbeit.docx\" target=\"_blank\" rel=\"noopener\">Protokoll zur Verteidigung der Diplomarbeit<\/a><\/li>\n<\/ul>\n<\/li>\n<li><a href=\"https:\/\/semmelweis.hu\/deutsch\/files\/2023\/05\/Verfahrensordnung_Zahnmedizinische-Abschlusspruefung_2023.pdf\" target=\"_blank\" rel=\"noopener\">Verfahrensordnung<\/a> der f\u00fcr die Absolventen der Fakult\u00e4t f\u00fcr Zahnheilkunde organisierten <strong>Abschlusspr\u00fcfung<\/strong><\/li>\n<li><a href=\"https:\/\/semmelweis.hu\/deutsch\/files\/2025\/06\/Regelung-der-Fakultaet-fuer-Zahnheilkunde_online-schriftliche-Abschlusspruefung-2025.pdf\" target=\"_blank\" rel=\"noopener\">Verfahrensordnung<\/a> der online schriftlichen Abschlusspr\u00fcfung der Fakult\u00e4t f\u00fcr Zahnheilkunde 2025<\/li>\n<li>Regelung der Fakult\u00e4t \u00fcber die <a href=\"https:\/\/semmelweis.hu\/deutsch\/files\/2024\/11\/Bewertung-der-Lehrtaetigkeit-durch-Studierende-OMHV-FOK.pdf\" target=\"_blank\" rel=\"noopener\">Bewertung der Lehrt\u00e4tigkeit durch die Studierenden<\/a><\/li>\n<li>\n<p><a href=\"https:\/\/semmelweis.hu\/deutsch\/files\/2026\/01\/FOK_Mesterseges_Intelligencia_Szabalyzat_DE_hn_kk.pdf\" target=\"_blank\" rel=\"noopener\">Ordnung der Fakult\u00e4t zur Verwendung von KI-Systemen und -Tools in der Bildung<\/a><\/p>\n<\/li>\n<li>Berechnung des Diplomdurchschnittes\n<ul>\n<li><a href=\"https:\/\/semmelweis.hu\/deutsch\/files\/2025\/06\/Aequivalenztabelle-fuer-die-Absolventinnen_-Absolventen-der-Fakultaet-fuer-Zahnheilkunde-2025.xlsx\" target=\"_blank\" rel=\"noopener\">\u00c4quivalenztabelle f\u00fcr die Absolventinnen\/ Absolventen der Fakult\u00e4t f\u00fcr Zahnheilkunde (2025)<\/a>\u00a0<\/li>\n<li><a href=\"https:\/\/semmelweis.hu\/deutsch\/files\/2025\/06\/Beschluss-des-Kredituebertragungsausschusses-bezueglich-der-Aequivalenz_2025.pdf\" target=\"_blank\" rel=\"noopener\">Beschluss des Kredit\u00fcbertragungsausschusses bez\u00fcglich der \u00c4quivalenz (2025)<\/a><\/li>\n<li><a href=\"https:\/\/semmelweis.hu\/deutsch\/files\/2024\/07\/Aequivalenztabelle_Absolventen_DZ.xlsx\">\u00c4quivalenztabelle f\u00fcr die Absolventinnen\/ Absolventen der Fakult\u00e4t f\u00fcr Zahnheilkunde (2024)<\/a><\/li>\n<li><a href=\"https:\/\/semmelweis.hu\/deutsch\/files\/2024\/07\/BESCHL1.pdf\">Beschluss des Studien- und Pr\u00fcfungsausschusses bez\u00fcglich der Berechnung des Diplomdurchschnittes (2024)<\/a><\/li>\n<li><a href=\"https:\/\/semmelweis.hu\/deutsch\/files\/2024\/07\/BESCHL2.pdf\">Beschluss des Kredit\u00fcbertragungsausschusses bez\u00fcglich der Berechnung des Diplomdurchschnittes (2024)<\/a><\/li>\n<\/ul>\n<\/li>\n<li>\n<p>Verfahrensordnung der <a href=\"https:\/\/semmelweis.hu\/deutsch\/files\/2021\/11\/Verfahrensordnung-der-Sommerpraktika_Fakultaet-fuer-Zahnheilkunde.pdf\" target=\"_blank\" rel=\"noopener\"><strong>Sommerpraktika<\/strong><\/a> an der Fakult\u00e4t f\u00fcr Zahnheilkunde<\/p>\n<\/li>\n<\/ul>\n<hr \/>\n<p>&nbsp;<\/p>\n<h3><a href=\"https:\/\/semmelweis.hu\/deutsch\/2020\/05\/11\/verordnungen-durch-den-rektor-rundschreiben-der-dekane-sammlung\/\" target=\"_blank\" rel=\"noopener noreferrer\">COVID-19 Regelungen<\/a><\/h3>\n<p><a href=\"https:\/\/semmelweis.hu\/koronavirus\/de\/\" target=\"_blank\" rel=\"noopener noreferrer\">Informationen zum neuen Coronavirus<\/a><\/p>\n","protected":false},"excerpt":{"rendered":"<p>Studien- und Pr\u00fcfungsordnung der Semmelweis Universit\u00e4t Organisations- und Betriebsordnung, Teil III Regelwerk f\u00fcr Studierende, Kapitel III. 2. (vorliegende deutschsprachige \u00dcbersetzung unter kontinuierlicher sprachlicher Bearbeitung) <a href=\"https:\/\/semmelweis.hu\/jogigfoig\/dokumentumtar\/szabalyzattar\/szervezeti-es-mukodesi-szabalyzat\/iii-konyv-hkr\/iii-konyv-hallgatoi-kovetelmenyrendszer-iii-2-resz-tanulmanyi-es-vizsgaszabalyzat-es-mellekletei\/\" target=\"_blank\" rel=\"noopener\">Studien- und Pr\u00fcfungsordnung (geltender Text: 4. Februar 2026)<\/a> <a href=\"https:\/\/semmelweis.hu\/deutsch\/files\/2024\/11\/Auszug-Studien-und-Pruefungsordnung_Pruefungsanmeldung_22.11.2024.pdf\" target=\"_blank\" rel=\"noopener\">In der Pr\u00fcfungsperiode relevante Regeln der Studien-und Pr\u00fcfungsordnung der Semmelweis Universit\u00e4t<\/a> Weitere Regelungen <a href=\"https:\/\/semmelweis.hu\/deutsch\/files\/2026\/03\/Regelung-der-Bewertung-der-Lehrtaetigkeit-durch-die-Studierenden.pdf\" target=\"_blank\" rel=\"noopener\">Regelung der Bewertung der Lehrt\u00e4tigkeit durch die Studierenden<\/a> (Semmelweis Universit\u00e4t Organisations- und Betriebsordnung, Teil III Regelwerk f\u00fcr Studierende, Kapitel III. 8.) Regelung &#8222; <a href=\"https:\/\/semmelweis.hu\/deutsch\/files\/2023\/09\/Org-Betr-Ordn-Teil-III-Kap-III-13_Rechte-und-Pflichten.pdf\">\u00dcber bestimmte Rechte und Pflichten von Studierenden in selbstfinanzierten Studieng\u00e4ngen<\/a> &#8220; (Semmelweis Universit\u00e4t Organisations- und Betriebsordnung, Teil III Regelwerk f\u00fcr Studierende, Kapitel III. 13.) &hellip;<\/p>\n","protected":false},"author":101614,"featured_media":0,"parent":2386,"menu_order":6,"comment_status":"closed","ping_status":"closed","template":"","meta":{"_acf_changed":false,"footnotes":""},"categories":[],"tags":[],"class_list":["post-1816","page","type-page","status-publish","hentry"],"acf":[],"_links":{"self":[{"href":"https:\/\/semmelweis.hu\/deutsch\/wp-json\/wp\/v2\/pages\/1816","targetHints":{"allow":["GET"]}}],"collection":[{"href":"https:\/\/semmelweis.hu\/deutsch\/wp-json\/wp\/v2\/pages"}],"about":[{"href":"https:\/\/semmelweis.hu\/deutsch\/wp-json\/wp\/v2\/types\/page"}],"author":[{"embeddable":true,"href":"https:\/\/semmelweis.hu\/deutsch\/wp-json\/wp\/v2\/users\/101614"}],"replies":[{"embeddable":true,"href":"https:\/\/semmelweis.hu\/deutsch\/wp-json\/wp\/v2\/comments?post=1816"}],"version-history":[{"count":10,"href":"https:\/\/semmelweis.hu\/deutsch\/wp-json\/wp\/v2\/pages\/1816\/revisions"}],"predecessor-version":[{"id":40050,"href":"https:\/\/semmelweis.hu\/deutsch\/wp-json\/wp\/v2\/pages\/1816\/revisions\/40050"}],"up":[{"embeddable":true,"href":"https:\/\/semmelweis.hu\/deutsch\/wp-json\/wp\/v2\/pages\/2386"}],"wp:attachment":[{"href":"https:\/\/semmelweis.hu\/deutsch\/wp-json\/wp\/v2\/media?parent=1816"}],"wp:term":[{"taxonomy":"category","embeddable":true,"href":"https:\/\/semmelweis.hu\/deutsch\/wp-json\/wp\/v2\/categories?post=1816"},{"taxonomy":"post_tag","embeddable":true,"href":"https:\/\/semmelweis.hu\/deutsch\/wp-json\/wp\/v2\/tags?post=1816"}],"curies":[{"name":"wp","href":"https:\/\/api.w.org\/{rel}","templated":true}]}}