{"id":1812,"date":"2019-08-23T15:25:36","date_gmt":"2019-08-23T15:25:36","guid":{"rendered":"http:\/\/wp2.localhost\/z01\/medizinische-fakultat-an-der-semmelweis-universitat-budapest\/"},"modified":"2023-01-10T09:53:56","modified_gmt":"2023-01-10T08:53:56","slug":"medizinische-fakultat-an-der-semmelweis-universitat-budapest","status":"publish","type":"page","link":"https:\/\/semmelweis.hu\/deutsch\/einrichtungen\/medizinische-fakultat-an-der-semmelweis-universitat-budapest\/","title":{"rendered":"Medizinische Fakult\u00e4t"},"content":{"rendered":"<h6><a href=\"https:\/\/semmelweis.hu\/deutsch\/files\/2020\/11\/Studienfuehrer_2020_2021_Einrichtungen_Humanmed_S39-48_korrigiert-1.pdf\" target=\"_blank\" rel=\"noopener noreferrer\"><strong><img loading=\"lazy\" decoding=\"async\" class=\"alignleft\" src=\"https:\/\/semmelweis.hu\/deutsch\/files\/2020\/11\/Studienf\u00fchrer_2020_21_borito2.jpg\" alt=\"\" width=\"118\" height=\"130\" \/><br \/>\n<\/strong><\/a><\/h6>\n<h6><a href=\"https:\/\/semmelweis.hu\/deutsch\/files\/2020\/11\/Studienfuehrer_2020_2021_Einrichtungen_Humanmed_S39-48_korrigiert-1.pdf\" target=\"_blank\" rel=\"noopener noreferrer\"><strong><br \/>\nDEN UNTERRICHT AUS\u00dcBENDE INSTITUTE, KLINIKEN UND LEHRST\u00dcHLE (I.\u2013VI. STUDIENJAHR)<\/strong><\/a><br \/>\n(PDF, Auszug aus dem Studienf\u00fchrer 2020\/2021, S. 39\u201348; detaillierte Informationen)<\/h6>\n<p>&nbsp;<\/p>\n<h2>Institute<\/h2>\n<p>INSTITUT F\u00dcR <strong><a href=\"https:\/\/semmelweis.hu\/anatomia\/de\/\" target=\"_blank\" rel=\"noopener noreferrer\">ANATOMIE, HISTOLOGIE UND EMBRYOLOGIE<\/a><\/strong><\/p>\n<p>INSTITUT F\u00dcR BIOCHEMIE UND MOLEKULARBIOLOGIE<strong><br \/>\n<\/strong>LEHRSTUHL F\u00dcR <a href=\"https:\/\/semmelweis.hu\/molekularis-biologia\/de\/\" target=\"_blank\" rel=\"noopener\"><strong>MOLEKULARBIOLOGIE<\/strong><\/a><\/p>\n<p>INSTITUT F\u00dcR BIOCHEMIE UND MOLEKULARBIOLOGIE<br \/>\nLEHRSTUHL F\u00dcR <strong><a href=\"https:\/\/semmelweis.hu\/biokemia\/de\/\" target=\"_blank\" rel=\"noopener noreferrer\">BIOCHEMIE<\/a><\/strong><\/p>\n<p>INSTITUT F\u00dcR <strong><a href=\"http:\/\/gsi.semmelweis.hu\/\" target=\"_blank\" rel=\"noopener noreferrer\">GENETIK, ZELL- UND IMMUNBIOLOGIE<\/a><\/strong><\/p>\n<p>INSTITUT F\u00dcR <strong><a href=\"http:\/\/biofiz.semmelweis.hu\/index.php?mid=1&amp;nyelv=ger\" target=\"_blank\" rel=\"noopener noreferrer\">BIOPHYSIK UND STRAHLENBIOLOGIE\u00a0<\/a><\/strong><\/p>\n<p>FAKULT\u00c4T F\u00dcR GESUNDHEITSWISSENSCHAFTEN, LEHRSTUHL F\u00dcR SOZIALWISSENSCHAFTEN<strong><br \/>\n<\/strong>LEHRSTUHLGRUPPE F\u00dcR MEDIZINISCHE <strong>FACHSPRACHE UND KOMMUNIKATION<br \/>\n<\/strong><\/p>\n<p>INSTITUT F\u00dcR <strong><a href=\"https:\/\/semmelweis.hu\/elettan\/\" target=\"_blank\" rel=\"noopener noreferrer\">PHYSIOLOGIE\u00a0<\/a><\/strong><\/p>\n<p>INSTITUT F\u00dcR <strong><a href=\"https:\/\/semmelweis.hu\/magtud\/de\/\" target=\"_blank\" rel=\"noopener noreferrer\">VERHALTENSWISSENSCHAFTEN<\/a><\/strong><\/p>\n<p>ZENTRUM F\u00dcR <strong><a href=\"https:\/\/semmelweis.hu\/sportkozpont\/english\/\" target=\"_blank\" rel=\"noopener noreferrer\">K\u00d6RPERERZIEHUNG UND SPORT<\/a><\/strong><\/p>\n<p>II. INSTITUT F\u00dcR <strong><a href=\"https:\/\/semmelweis.hu\/patologia2\/\" target=\"_blank\" rel=\"noopener noreferrer\">PATHOLOGIE<\/a><\/strong><\/p>\n<p>INSTITUT F\u00dcR <strong><a href=\"https:\/\/kortan.semmelweis.hu\/index.de.shtml\" target=\"_blank\" rel=\"noopener noreferrer\">PATHOPHYSIOLOGIE\u00a0<\/a><\/strong><\/p>\n<p>INSTITUT F\u00dcR <strong><a href=\"https:\/\/semmelweis.hu\/pharmacology\/\" target=\"_blank\" rel=\"noopener noreferrer\">PHARMAKOLOGIE UND PHARMAKOTHERAPIE\u00a0<\/a><\/strong><\/p>\n<p>INSTITUT F\u00dcR <strong><a href=\"https:\/\/semmelweis.hu\/mikrobiologia\/de\/\" target=\"_blank\" rel=\"noopener noreferrer\">MEDIZINISCHE MIKROBIOLOGIE\u00a0<\/a><\/strong><\/p>\n<p>INSTITUT F\u00dcR <strong><a href=\"https:\/\/semmelweis.hu\/nepegeszsegtan\/\" target=\"_blank\" rel=\"noopener noreferrer\">HYGIENE<\/a><\/strong><\/p>\n<p>INSTITUT F\u00dcR <strong><a href=\"https:\/\/semmelweis.hu\/igazsagugy\/\" target=\"_blank\" rel=\"noopener noreferrer\">RECHTS- UND VERSICHERUNGSMEDIZIN\u00a0<\/a><\/strong><\/p>\n<p>INSTITUT F\u00dcR <strong><a href=\"https:\/\/semmelweis.hu\/mutettan\/\" target=\"_blank\" rel=\"noopener noreferrer\">EXPERIMENTELLE UND CHIRURGISCHE OPERATIONSLEHRE<\/a><\/strong><\/p>\n<p>INSTITUT F\u00dcR <strong><a href=\"https:\/\/semmelweis.hu\/genomikai-medicina\/\" target=\"_blank\" rel=\"noopener noreferrer\">MEDIZINISCHE GENOMIK UND SELTENE ERKRANKUNGEN <\/a><br \/>\n<\/strong><\/p>\n<p>INSTITUT F\u00dcR <strong><a href=\"https:\/\/semmelweis.hu\/laboratorium\/\" target=\"_blank\" rel=\"noopener noreferrer\">LABORMEDIZIN\u00a0<\/a><\/strong><\/p>\n<p>FAKULT\u00c4T F\u00dcR \u00d6FFENTLICHES GESUNDHEITSWESEN UND VERWALTUNG<br \/>\nINSTITUT F\u00dcR <a href=\"https:\/\/semmelweis.hu\/dei\/de\/\" target=\"_blank\" rel=\"noopener noreferrer\"><strong>DIGITALE GESUNDHEITSWISSENSCHAFTEN<\/strong><\/a><\/p>\n<h2>Kliniken<\/h2>\n<p>KLINIK F\u00dcR <a href=\"https:\/\/semmelweis.hu\/aneszteziologia\/oktatas\/gradualis-orvoskepzes\/\" target=\"_blank\" rel=\"noopener noreferrer\"><strong>AN\u00c4STHESIOLOGIE UND INTENSIVMEDIZIN<\/strong><\/a><\/p>\n<p>KLINIK F\u00dcR AN\u00c4STHESIOLOGIE UND INTENSIVMEDIZIN<br \/>\nLEHRSTUHLGRUPPE F\u00dcR <a href=\"https:\/\/semmelweis.hu\/surgosseg\/de\/\" target=\"_blank\" rel=\"noopener noreferrer\"><strong>NOTFALLMEDIZIN UND OXYOLOGIE<\/strong><\/a><\/p>\n<p>KLINIK F\u00dcR <a href=\"https:\/\/semmelweis.hu\/szemeszet\/bildung\/\" target=\"_blank\" rel=\"noopener noreferrer\"><strong>AUGENHEILKUNDE<\/strong><\/a><\/p>\n<p>KLINIK F\u00dcR <a href=\"https:\/\/semmelweis.hu\/sebeszet\/de\/\" target=\"_blank\" rel=\"noopener noreferrer\"><strong>CHIRURGIE, TRANSPLANTATION UND GASTROENTEROLOGIE<\/strong><\/a><\/p>\n<p>KLINIK F\u00dcR <a href=\"https:\/\/semmelweis.hu\/borklinika\/de\/\" target=\"_blank\" rel=\"noopener noreferrer\"><strong>DERMATO-VENEROLOGIE UND -ONKOLOGIE<\/strong><\/a><\/p>\n<p>KLINIK F\u00dcR MEDIZINISCHE <a href=\"https:\/\/semmelweis.hu\/kepalkotas\/\" target=\"_blank\" rel=\"noopener noreferrer\"><strong>BILDGEBUNG<\/strong><\/a>, LEHRSTUHL F\u00dcR <a href=\"https:\/\/semmelweis.hu\/kepalkotas\/\" target=\"_blank\" rel=\"noopener noreferrer\"><strong>RADIOLOGIE<\/strong><\/a><\/p>\n<p>KLINIK F\u00dcR <a href=\"https:\/\/semmelweis.hu\/noi1\/de\/\" target=\"_blank\" rel=\"noopener noreferrer\"><strong>GEBURTSHILFE UND FRAUENHEILKUNDE<\/strong><\/a><\/p>\n<p>KLINIK F\u00dcR <a href=\"https:\/\/semmelweis.hu\/fulorrgegeszet\/deutsch\/\" target=\"_blank\" rel=\"noopener noreferrer\"><strong>HALS-, NASEN- UND OHRENHEILKUNDE, KOPF- UND HALSCHIRURGIE<\/strong><\/a><\/p>\n<p>KLINIK F\u00dcR <a href=\"http:\/\/www.bel1.semmelweis.hu\/info.aspx?sp=96\" target=\"_blank\" rel=\"noopener noreferrer\"><strong>INNERE MEDIZIN UND ONKOLOGIE<\/strong><\/a><\/p>\n<p>KLINIK F\u00dcR <a href=\"https:\/\/semmelweis.hu\/belgyogyaszat3\/deutsch\/\" target=\"_blank\" rel=\"noopener noreferrer\"><strong>INNERE MEDIZIN UND H\u00c4MATOLOGIE<\/strong><\/a><\/p>\n<p>FAKULT\u00c4T F\u00dcR ZAHNHEILKUNDE<br \/>\nKLINIK F\u00dcR <a href=\"https:\/\/semmelweis.hu\/szajsebeszet\/de\/\" target=\"_blank\" rel=\"noopener noreferrer\"><strong>KIEFER-, GESICHTSCHIRURGIE UND STOMATOLOGIE<\/strong><\/a><\/p>\n<p>ZENTALKRANKENHAUS PEST-S\u00dcD \u2013 NATIONALINSTITUT F\u00dcR <strong>H\u00c4MATOLOGIE UND INFEKTOLOGIE<\/strong><br \/>\nABTEILUNG SZENT L\u00c1SZL\u00d3 KRANKENHAUS (Fach: INFEKTOLOGIE \u2013 Innere Medizin im PJ)<\/p>\n<p><strong>I.<\/strong> KLINIK F\u00dcR <a href=\"http:\/\/www.gyermekklinika.semmelweis.hu\/info.aspx?sp=27\" target=\"_blank\" rel=\"noopener noreferrer\"><strong>KINDERHEILKUNDE<\/strong><\/a><\/p>\n<p><strong>II.<\/strong> KLINIK F\u00dcR <a href=\"https:\/\/semmelweis.hu\/gyermekklinika2\/\" target=\"_blank\" rel=\"noopener noreferrer\"><strong>KINDERHEILKUNDE<\/strong><\/a><\/p>\n<p>KLINIK F\u00dcR <a href=\"https:\/\/semmelweis.hu\/neurologia\/deutsch\/\" target=\"_blank\" rel=\"noopener noreferrer\"><strong>NEUROLOGIE<\/strong><\/a><\/p>\n<p>KLINIK F\u00dcR <a href=\"https:\/\/semmelweis.hu\/ortopedklinika\/en\/education\/orthopadie-vorlesungen\/\" target=\"_blank\" rel=\"noopener noreferrer\"><strong>ORTHOP\u00c4DIE<\/strong><\/a><\/p>\n<p>KLINIK F\u00dcR <a href=\"https:\/\/semmelweis.hu\/pszichiatria\/oktatas\/gradualis-kepzes\/deutsch-ausbildung\/\" target=\"_blank\" rel=\"noopener noreferrer\"><strong>PSYCHIATRIE UND PSYCHOTHERAPIE<\/strong><\/a><\/p>\n<p>KLINIK F\u00dcR <a href=\"https:\/\/semmelweis.hu\/pulmonologia\/deutsch\/\" target=\"_blank\" rel=\"noopener noreferrer\"><strong>PULMONOLOGIE<\/strong><\/a><\/p>\n<p>KLINIK F\u00dcR <strong><a href=\"https:\/\/semmelweis.hu\/urologia\/en\/for-students\/oral-exam-topics-german-course\/\" target=\"_blank\" rel=\"noopener noreferrer\">UROLOGIE<\/a> \u2013 UROONKOLOGISCHES ZENTRUM<\/strong><\/p>\n<p>&nbsp;<\/p>\n<h2>Lehrst\u00fchle<\/h2>\n<p>INSTITUT F\u00dcR <a href=\"https:\/\/semmelweis.hu\/dei\/de\/\" target=\"_blank\" rel=\"noopener noreferrer\"><strong>DIGITALE GESUNDHEITSWISSENSCHAFTEN<\/strong><\/a> (FAKULT\u00c4T F\u00dcR \u00d6FFENTLICHES GESUNDHEITSWESEN UND VERWALTUNG)\u00a0<\/p>\n<p>LEHRSTUHL F\u00dcR <a href=\"https:\/\/semmelweis.hu\/csot\/deutsches-studium\/\" target=\"_blank\" rel=\"noopener noreferrer\"><strong>FAMILIENMEDIZIN<\/strong><\/a><\/p>\n<p>LEHRSTUHL F\u00dcR <a href=\"http:\/\/vszek.semmelweis.hu\/education\" target=\"_blank\" rel=\"noopener noreferrer\"><strong>GEF\u00c4\u00dfCHIRURGIE UND ENDOVASKUL\u00c4RE MEDIZIN<\/strong><\/a><\/p>\n<p>LEHRSTUHL F\u00dcR <a href=\"http:\/\/vszek.semmelweis.hu\/education\" target=\"_blank\" rel=\"noopener noreferrer\"><strong>KARDIOLOGIE,\u00a0<\/strong><\/a>Herzzentrum<\/p>\n<p><strong>LANDESRETTUNGSDIENST<\/strong><\/p>\n<p>LEHRSTUHL F\u00dcR <a href=\"https:\/\/semmelweis.hu\/idegsebeszet\/oktatas\/gradualis-oktatas\/\" target=\"_blank\" rel=\"noopener noreferrer\"><strong>NEUROCHIRURGIE<\/strong><\/a><\/p>\n<p>LEHRSTUHL F\u00dcR ONKOLOGIE, LEHRSTUHLGRUPPE <a href=\"http:\/\/www.onkol.hu\/de\/content\/lehrstuhl-der-onkologie-semmelweis-universit%C3%A4t\" target=\"_blank\" rel=\"noopener noreferrer\">KLINISCHE<strong> ONKOLOGIE<\/strong><\/a><\/p>\n<p>LEHRSTUHL F\u00dcR <a href=\"https:\/\/semmelweis.hu\/honved\/oktatas\/gradualis-orvoskepzes\/\" target=\"_blank\" rel=\"noopener noreferrer\"><strong>ORDNUNGSSCHUTZ, MILIT\u00c4R- UND KATASTROPHENMEDIZIN<\/strong><\/a><\/p>\n<p>DIREKTION F\u00dcR <a href=\"https:\/\/semmelweis.hu\/biztonsag\/\" target=\"_blank\" rel=\"noopener noreferrer\"><strong>SICHERHEITSTECHNIK<\/strong><\/a><\/p>\n<p>LEHRSTUHL F\u00dcR <a href=\"http:\/\/vszek.semmelweis.hu\/homepage\" target=\"_blank\" rel=\"noopener noreferrer\"><strong>SPORTMEDIZIN<\/strong><\/a><\/p>\n<p>LEHRSTUHL F\u00dcR <a href=\"https:\/\/semmelweis.hu\/traumatologia\/foreign-students\/medicine-deutschsprachiges-studium\/\" target=\"_blank\" rel=\"noopener noreferrer\"><strong>TRAUMATOLOGIE<\/strong><\/a><\/p>\n<h6>\u00a0<\/h6>\n<h6><a href=\"http:\/\/lib.semmelweis.hu\" target=\"_blank\" rel=\"noopener noreferrer\"><strong>ZENTRALBIBLIOTHEK<\/strong><\/a><\/h6>\n","protected":false},"excerpt":{"rendered":"<p><a href=\"https:\/\/semmelweis.hu\/deutsch\/files\/2020\/11\/Studienfuehrer_2020_2021_Einrichtungen_Humanmed_S39-48_korrigiert-1.pdf\" target=\"_blank\" rel=\"noopener noreferrer\"> <\/a> <a href=\"https:\/\/semmelweis.hu\/deutsch\/files\/2020\/11\/Studienfuehrer_2020_2021_Einrichtungen_Humanmed_S39-48_korrigiert-1.pdf\" target=\"_blank\" rel=\"noopener noreferrer\"> DEN UNTERRICHT AUS\u00dcBENDE INSTITUTE, KLINIKEN UND LEHRST\u00dcHLE (I.\u2013VI. STUDIENJAHR)<\/a> (PDF, Auszug aus dem Studienf\u00fchrer 2020\/2021, S. 39\u201348; detaillierte Informationen) &nbsp; Institute INSTITUT F\u00dcR <a href=\"https:\/\/semmelweis.hu\/anatomia\/de\/\" target=\"_blank\" rel=\"noopener noreferrer\">ANATOMIE, HISTOLOGIE UND EMBRYOLOGIE<\/a> INSTITUT F\u00dcR BIOCHEMIE UND MOLEKULARBIOLOGIE LEHRSTUHL F\u00dcR <a href=\"https:\/\/semmelweis.hu\/molekularis-biologia\/de\/\" target=\"_blank\" rel=\"noopener\">MOLEKULARBIOLOGIE<\/a> INSTITUT F\u00dcR BIOCHEMIE UND MOLEKULARBIOLOGIE LEHRSTUHL F\u00dcR <a href=\"https:\/\/semmelweis.hu\/biokemia\/de\/\" target=\"_blank\" rel=\"noopener noreferrer\">BIOCHEMIE<\/a> INSTITUT F\u00dcR <a href=\"http:\/\/gsi.semmelweis.hu\/\" target=\"_blank\" rel=\"noopener noreferrer\">GENETIK, ZELL- UND IMMUNBIOLOGIE<\/a> INSTITUT F\u00dcR <a href=\"http:\/\/biofiz.semmelweis.hu\/index.php?mid=1&amp;nyelv=ger\" target=\"_blank\" rel=\"noopener noreferrer\">BIOPHYSIK UND STRAHLENBIOLOGIE\u00a0<\/a> FAKULT\u00c4T F\u00dcR GESUNDHEITSWISSENSCHAFTEN, &hellip;<\/p>\n","protected":false},"author":101614,"featured_media":0,"parent":2025,"menu_order":1,"comment_status":"closed","ping_status":"closed","template":"template-fullwidth.php","meta":{"_acf_changed":false,"footnotes":""},"categories":[],"tags":[],"class_list":["post-1812","page","type-page","status-publish","hentry"],"acf":[],"_links":{"self":[{"href":"https:\/\/semmelweis.hu\/deutsch\/wp-json\/wp\/v2\/pages\/1812","targetHints":{"allow":["GET"]}}],"collection":[{"href":"https:\/\/semmelweis.hu\/deutsch\/wp-json\/wp\/v2\/pages"}],"about":[{"href":"https:\/\/semmelweis.hu\/deutsch\/wp-json\/wp\/v2\/types\/page"}],"author":[{"embeddable":true,"href":"https:\/\/semmelweis.hu\/deutsch\/wp-json\/wp\/v2\/users\/101614"}],"replies":[{"embeddable":true,"href":"https:\/\/semmelweis.hu\/deutsch\/wp-json\/wp\/v2\/comments?post=1812"}],"version-history":[{"count":10,"href":"https:\/\/semmelweis.hu\/deutsch\/wp-json\/wp\/v2\/pages\/1812\/revisions"}],"predecessor-version":[{"id":32568,"href":"https:\/\/semmelweis.hu\/deutsch\/wp-json\/wp\/v2\/pages\/1812\/revisions\/32568"}],"up":[{"embeddable":true,"href":"https:\/\/semmelweis.hu\/deutsch\/wp-json\/wp\/v2\/pages\/2025"}],"wp:attachment":[{"href":"https:\/\/semmelweis.hu\/deutsch\/wp-json\/wp\/v2\/media?parent=1812"}],"wp:term":[{"taxonomy":"category","embeddable":true,"href":"https:\/\/semmelweis.hu\/deutsch\/wp-json\/wp\/v2\/categories?post=1812"},{"taxonomy":"post_tag","embeddable":true,"href":"https:\/\/semmelweis.hu\/deutsch\/wp-json\/wp\/v2\/tags?post=1812"}],"curies":[{"name":"wp","href":"https:\/\/api.w.org\/{rel}","templated":true}]}}