{"id":1808,"date":"2019-08-23T15:25:36","date_gmt":"2019-08-23T13:25:36","guid":{"rendered":"http:\/\/wp2.localhost\/z01\/leitung-des-deutschsprachigen-medizinstudiums-an-der-semmelweis\/"},"modified":"2026-02-11T11:17:51","modified_gmt":"2026-02-11T10:17:51","slug":"leitung","status":"publish","type":"page","link":"https:\/\/semmelweis.hu\/deutsch\/semmelweis-universitaet\/leitung\/","title":{"rendered":"Leitung"},"content":{"rendered":"<div class=\"responsive-tabs\">\n<h2 class=\"tabtitle\">Deutschsprachiges Studium<\/h2>\n<div class=\"tabcontent\">\n\n<h2>Direktion f\u00fcr Internationales Studium<\/h2>\n<p><strong><a href=\"https:\/\/semmelweis.hu\/deutsch\/files\/2019\/09\/Alan_Alpar.jpg\" rel=\"attachment wp-att-2218\"><img loading=\"lazy\" decoding=\"async\" class=\"alignright wp-image-2218\" src=\"https:\/\/semmelweis.hu\/deutsch\/files\/2019\/09\/Alan_Alpar-212x300.jpg\" alt=\"\" width=\"160\" height=\"227\" srcset=\"https:\/\/semmelweis.hu\/deutsch\/files\/2019\/09\/Alan_Alpar-212x300.jpg 212w, https:\/\/semmelweis.hu\/deutsch\/files\/2019\/09\/Alan_Alpar.jpg 529w\" sizes=\"auto, (max-width: 160px) 100vw, 160px\" \/><\/a>Prof. Dr. Al\u00e1n ALP\u00c1R<br \/>\n<em>Vizerektor f\u00fcr Internationales Studium<br \/>\nVizerektor f\u00fcr das Deutschsprachige Studium<br \/>\nVorsitzender des Gremiums des Deutschsprachigen Studiums<br \/>\n<\/em><\/strong><\/p>\n<p><strong><br \/>\n<\/strong>Institut f\u00fcr Anatomie, Histologie und Embryologie<br \/>\nE-Mail: <a href=\"mailto:alpar.alan@semmelweis.hu\">alpar.alan@semmelweis.hu<\/a><\/p>\n<p>&nbsp;<\/p>\n<hr \/>\n<h2>Gremium des Deutschsprachigen Studiums<\/h2>\n<p><img loading=\"lazy\" decoding=\"async\" class=\"alignright wp-image-3756\" src=\"https:\/\/semmelweis.hu\/deutsch\/files\/2019\/11\/R\u00f6hlichPal-267x400.png\" alt=\"\" width=\"160\" height=\"240\" srcset=\"https:\/\/semmelweis.hu\/deutsch\/files\/2019\/11\/R\u00f6hlichPal-267x400.png 267w, https:\/\/semmelweis.hu\/deutsch\/files\/2019\/11\/R\u00f6hlichPal-768x1152.png 768w, https:\/\/semmelweis.hu\/deutsch\/files\/2019\/11\/R\u00f6hlichPal-683x1024.png 683w, https:\/\/semmelweis.hu\/deutsch\/files\/2019\/11\/R\u00f6hlichPal-753x1130.png 753w\" sizes=\"auto, (max-width: 160px) 100vw, 160px\" \/><\/p>\n<p><strong>Professor emeritus Dr. P\u00e1l R\u00d6HLICH<\/strong><\/p>\n<p>Institut f\u00fcr Anatomie, Histologie und Embryologie<br \/>\nE-Mail: <a href=\"mailto:rohlich.pal@med.semmelweis-univ.hu\">rohlich.pal@semmelweis.hu<\/a><\/p>\n<hr \/>\n<p><strong><img loading=\"lazy\" decoding=\"async\" class=\"alignright wp-image-3750\" src=\"https:\/\/semmelweis.hu\/deutsch\/files\/2019\/11\/KaldiKrisztina-267x400.png\" alt=\"\" width=\"160\" height=\"240\" srcset=\"https:\/\/semmelweis.hu\/deutsch\/files\/2019\/11\/KaldiKrisztina-267x400.png 267w, https:\/\/semmelweis.hu\/deutsch\/files\/2019\/11\/KaldiKrisztina-768x1153.png 768w, https:\/\/semmelweis.hu\/deutsch\/files\/2019\/11\/KaldiKrisztina-682x1024.png 682w, https:\/\/semmelweis.hu\/deutsch\/files\/2019\/11\/KaldiKrisztina-753x1130.png 753w\" sizes=\"auto, (max-width: 160px) 100vw, 160px\" \/><\/strong><strong>Dr. Krisztina K\u00c1LDI<br \/>\nDozentin<br \/>\n<\/strong><\/p>\n<p>Institut f\u00fcr Physiologie<br \/>\nE-Mail: <a href=\"mailto:kaldi.krisztina@med.semmelweis-univ.hu\">kaldi.krisztina@semmelweis.hu<\/a><\/p>\n<p>&nbsp;<\/p>\n<hr \/>\n<p><strong>Dr. Ferenc T\u00d6LGYESI<img decoding=\"async\" class=\"alignright\" src=\"https:\/\/semmelweis.hu\/deutsch\/files\/2021\/01\/TO_gremium_tolgyesi_.jpg\" alt=\"\" \/><br \/>\nDozent <br \/>\n<\/strong><\/p>\n<p>Institut f\u00fcr Biophysik und Strahlenbiologie<br \/>\nE-Mail: <a href=\"tolgyesi.ferenc@semmelweis.hu\">tolgyesi.ferenc@semmelweis.hu<\/a><\/p>\n<hr \/>\n<p><strong><img loading=\"lazy\" decoding=\"async\" class=\"alignright wp-image-3751\" src=\"https:\/\/semmelweis.hu\/deutsch\/files\/2019\/11\/KardonTamas-267x400.png\" alt=\"\" width=\"160\" height=\"240\" srcset=\"https:\/\/semmelweis.hu\/deutsch\/files\/2019\/11\/KardonTamas-267x400.png 267w, https:\/\/semmelweis.hu\/deutsch\/files\/2019\/11\/KardonTamas-768x1153.png 768w, https:\/\/semmelweis.hu\/deutsch\/files\/2019\/11\/KardonTamas-682x1024.png 682w, https:\/\/semmelweis.hu\/deutsch\/files\/2019\/11\/KardonTamas-753x1130.png 753w\" sizes=\"auto, (max-width: 160px) 100vw, 160px\" \/>Dr. Tam\u00e1s KARDON<br \/>\nDozent <br \/>\n<\/strong><\/p>\n<p>Lehrstuhl f\u00fcr Molekularbiologie<br \/>\nE-Mail: <a href=\"mailto:kardon.tamas@med.semmelweis-univ.hu\">kardon.tamas@semmelweis.hu<\/a>\u00a0<\/p>\n<p>&nbsp;<\/p>\n<hr \/>\n<p><strong>Dr. G\u00e1bor SZAB\u00d3<\/strong><strong><img loading=\"lazy\" decoding=\"async\" class=\"alignright\" src=\"https:\/\/semmelweis.hu\/deutsch\/files\/2021\/01\/Szabo-Gabor6.jpg\" alt=\"\" width=\"164\" height=\"228\" \/><\/strong><strong><span style=\"font-size: 1rem\"><br \/>\nAusserordentlicher Professor<br \/>\n<\/span><\/strong><\/p>\n<p>Klinik f\u00fcr Geburtshilfe und Frauenheilkunde<br \/>\nE-Mail: <a href=\"mailto:szabo.gabor6@med.semmelweis-univ.hu\" target=\"_blank\" rel=\"noopener noreferrer\">szabo.gabor6@semmelweis.hu<\/a><\/p>\n<p>&nbsp;<\/p>\n<hr \/>\n<h2><a href=\"https:\/\/semmelweis.hu\/deutsch\/kontakt\/\">Studentensekretariat f\u00fcr das Deutschsprachige Studium<\/a><\/h2>\n<p><strong><a href=\"https:\/\/semmelweis.hu\/deutsch\/files\/2019\/09\/Edit_Gimpl.jpg\" rel=\"attachment wp-att-2259\"><img loading=\"lazy\" decoding=\"async\" class=\"alignright wp-image-2259\" src=\"https:\/\/semmelweis.hu\/deutsch\/files\/2019\/09\/Edit_Gimpl-202x300.jpg\" alt=\"\" width=\"160\" height=\"237\" srcset=\"https:\/\/semmelweis.hu\/deutsch\/files\/2019\/09\/Edit_Gimpl-202x300.jpg 202w, https:\/\/semmelweis.hu\/deutsch\/files\/2019\/09\/Edit_Gimpl.jpg 504w\" sizes=\"auto, (max-width: 160px) 100vw, 160px\" \/><\/a>Edit GEIGER-GIMPL<br \/>\n<\/strong><em><strong>Administrative Leiterin<br \/>\nDeutschsprachiges Studentensekretariat<\/strong><\/em><\/p>\n<p>1094 Budapest, T\u0171zolt\u00f3 u. 37-47 (I. Stock, links)<br \/>\nE-Mail: <a href=\"geiger.gimpl.edit@semmelweis.hu\">geiger.gimpl.edit@semmelweis.hu<\/a><\/p>\n\n<\/div><h2 class=\"tabtitle\">Semmelweis Universit\u00e4t<\/h2>\n<div class=\"tabcontent\">\n\n<h2>Leitung der Universit\u00e4t<\/h2>\n<p><strong><a href=\"https:\/\/semmelweis.hu\/english\/about-semmelweis-university\/leaders-of-the-university\/rector\/\" target=\"_blank\" rel=\"noopener\"><img loading=\"lazy\" decoding=\"async\" class=\"alignleft wp-image-15157\" src=\"https:\/\/semmelweis.hu\/wp-content\/uploads\/2025\/01\/dr-merkely-bela-2024-portrait-267x400.jpeg\" alt=\"\" width=\"175\" height=\"255\" \/><\/a>Rektor<\/strong><\/p>\n<p><span style=\"color: #1c335c\"><a href=\"https:\/\/semmelweis.hu\/english\/the-university\/leaders-of-the-university\/rector\/\">Prof. Dr. B\u00e9la Merkely<\/a><br \/>\n<\/span><\/p>\n<p><em>Anschrift:<\/em> 1085 Budapest, \u00dcll\u0151i \u00fat 26. 1. Stock, Zimmer Nr. 101<em><br \/>\nTelefon:<\/em> +36 1 317 2400; +36 1 317 9055<br \/>\n<em>E-mail:<\/em> <a href=\"mailto:rektor@semmelweis-univ.hu\">rektor@semmelweis.hu<\/a><br \/>\n<a href=\"https:\/\/semmelweis.hu\/english\/about-semmelweis-university\/leaders-of-the-university\/rector\/\">Lebenslauf von Dr. B\u00e9la Merkely\u00a0(auf Englisch)<\/a><\/p>\n<hr \/>\n<p><strong><a href=\"https:\/\/semmelweis.hu\/english\/about-semmelweis-university\/leaders-of-the-university\/chancellor\/\" target=\"_blank\" rel=\"noopener noreferrer\"><img loading=\"lazy\" decoding=\"async\" class=\"alignleft wp-image-16125\" src=\"https:\/\/semmelweis.hu\/hirek\/files\/2020\/10\/RS124992_C19A9881-scr-283x400.jpg\" alt=\"\" width=\"174\" height=\"246\" \/><\/a>Kanzlerin<\/strong><\/p>\n<p><a href=\"https:\/\/semmelweis.hu\/english\/the-university\/leaders-of-the-university\/chancellor\/\" target=\"_blank\" rel=\"noopener noreferrer\"><strong>Dr. L\u00edvia Pavlik<\/strong><\/a><br \/>\nau\u00dferordentliche Professorin<\/p>\n<p><em>Anschrift<\/em>: 1085 Budapest, \u00dcll\u0151i \u00fat 26. <em><br \/>\nTelefon: +36 1 459 1552; +36 1 459 1500\/ext. 55452<br \/>\nE-mail:<\/em> <a href=\"mailto:kancellar@semmelweis-univ.hu\">kancellar@semmelweis.hu<\/a><br \/>\n<a href=\"https:\/\/semmelweis.hu\/english\/about-semmelweis-university\/leaders-of-the-university\/chancellor\/\">Lebenslauf von Dr. L\u00edvia Pavlik (auf Englisch)<\/a><\/p>\n<hr \/>\n<p><strong><a href=\"https:\/\/semmelweis.hu\/english\/about-semmelweis-university\/leaders-of-the-university\/vice-rector-for-general-affairs\/\" target=\"_blank\" rel=\"noopener\"><img loading=\"lazy\" decoding=\"async\" class=\"alignleft wp-image-15181\" src=\"https:\/\/semmelweis.hu\/wp-content\/uploads\/2019\/08\/RS99065_IMG_9854-scr-286x400.jpg\" alt=\"\" width=\"175\" height=\"245\" \/><\/a>Vizerektor<br \/>\n<\/strong><\/p>\n<p><a href=\"https:\/\/semmelweis.hu\/english\/the-university\/leaders-of-the-university\/vice-rector-for-general-affairs\/\" target=\"_blank\" rel=\"noopener noreferrer\"><strong>Dr. Ferenc B\u00e1nhidy<\/strong><\/a><br \/>\nProfessor<\/p>\n<p><em>Anschrift:<\/em> 1085 Budapest, \u00dcll\u0151i \u00fat 26. 1. Stock, Zimmer Nr. 114-116<br \/>\n<em>Telefon:<\/em> +36 1 266 0791; +36 1 459 1500\/ext. 55341<br \/>\n<em>E-mail:<\/em> <a href=\"mailto:rektorhelyettes@semmelweis-univ.hu\">rektorhelyettes@semmelweis.hu<\/a><br \/>\n<a href=\"https:\/\/semmelweis.hu\/english\/about-semmelweis-university\/leaders-of-the-university\/vice-rector-for-general-affairs\/\">Lebenslauf von Dr. Ferenc B\u00e1nhidy (auf Englisch)<\/a><\/p>\n<hr \/>\n<p><a href=\"https:\/\/semmelweis.hu\/english\/about-semmelweis-university\/leaders-of-the-university\/vice-rector-for-educational-affairs\/\" target=\"_blank\" rel=\"noopener\"><img loading=\"lazy\" decoding=\"async\" class=\"alignleft wp-image-15189\" src=\"https:\/\/semmelweis.hu\/wp-content\/uploads\/2019\/08\/RS84393_IMG_8952-scr-270x400.jpg\" alt=\"\" width=\"175\" height=\"259\" \/><\/a><strong>Vizerektor f\u00fcr Studium und Lehre<\/strong><\/p>\n<p><a href=\"https:\/\/semmelweis.hu\/english\/the-university\/leaders-of-the-university\/vice-rector-for-educational-affairs\/\" target=\"_blank\" rel=\"noopener noreferrer\"><strong>Dr. P\u00e9ter Hermann<\/strong><\/a><br \/>\nProfessor<\/p>\n<p><em>Anschrift:<\/em> 1085 Budapest, \u00dcll\u0151i \u00fat 26. 1. Stock, Zimmer Nr. 114-116<br \/>\n<em>Telefon:<\/em> +36 1 266 0791; +36 1 459 1500\/ext. 55341<br \/>\n<em>E-mail:<\/em> <a href=\"mailto:oktatasi.rektorhelyettes@semmelweis-univ.hu\">rektorhelyettes@semmelweis.hu<\/a><br \/>\n<a href=\"https:\/\/semmelweis.hu\/english\/about-semmelweis-university\/leaders-of-the-university\/vice-rector-for-educational-affairs\/\">Lebenslauf von Dr. P\u00e9ter Hermann (auf Englisch)<\/a><\/p>\n<hr \/>\n<p><strong><a href=\"https:\/\/semmelweis.hu\/english\/about-semmelweis-university\/leaders-of-the-university\/vice-rector-for-science-and-innovation\/\" target=\"_blank\" rel=\"noopener\"><img loading=\"lazy\" decoding=\"async\" class=\"alignleft wp-image-15123\" src=\"https:\/\/semmelweis.hu\/wp-content\/uploads\/2019\/08\/RS95874_IMG_9934-scr-1.jpg\" alt=\"\" width=\"175\" height=\"263\" \/><\/a>Vizerektor f\u00fcr Wissenschaft und Innovation<br \/>\n<\/strong><\/p>\n<p><strong><a href=\"https:\/\/semmelweis.hu\/english\/the-university\/leaders-of-the-university\/vice-rector-for-science-and-innovation\/\" target=\"_blank\" rel=\"noopener noreferrer\">Dr. P\u00e9ter Ferdinandy<\/a> <br \/>\n<\/strong>Professor<\/p>\n<p><em>Anschrift:<\/em> 1085 Budapest, \u00dcll\u0151i \u00fat 26. 1. Stock, Zimmer Nr. 114-116<br \/>\n<em>Telefon:<\/em> +36 1 266 0791; +36 1 459 1500\/ext. 55351<br \/>\n<em>E-mail:<\/em> <a href=\"mailto:tudomanyos.rektorhelyettes@semmelweis.hu\">tudomanyos.rektorhelyettes@semmelweis.hu<\/a><br \/>\n<a href=\"https:\/\/semmelweis.hu\/english\/about-semmelweis-university\/leaders-of-the-university\/vice-rector-for-science-and-innovation\/\">Lebenslauf von Dr. P\u00e9ter Ferdinady (auf Englisch)<\/a><\/p>\n<hr \/>\n<p><strong><a href=\"https:\/\/semmelweis.hu\/english\/about-semmelweis-university\/leaders-of-the-university\/vice-rector-for-clinical-affairs\/\" target=\"_blank\" rel=\"noopener\"><img loading=\"lazy\" decoding=\"async\" class=\"alignleft wp-image-15165\" src=\"https:\/\/semmelweis.hu\/wp-content\/uploads\/2019\/08\/RS98946_IMG_9823-scr-272x400.jpg\" alt=\"\" width=\"175\" height=\"257\" \/><\/a>Vizerektor f\u00fcr Klinische Angelegenheiten<br \/>\n<\/strong><\/p>\n<p><a href=\"https:\/\/semmelweis.hu\/english\/the-university\/leaders-of-the-university\/vice-rector-for-clinical-affairs\/\" target=\"_blank\" rel=\"noopener noreferrer\"><strong>Dr. <\/strong><strong>Attila Szab\u00f3 <\/strong><\/a><br \/>\nProfessor<\/p>\n<p><em>Anschrift:<\/em> 1085 Budapest, \u00dcll\u0151i \u00fat 26. <br \/>\n<em>Telefon:<\/em> +36 1 459 1500\/ext. 56840, 56844<br \/>\n<em>E-mail:<\/em> <a href=\"mailto:klinikai.rektorhelyettes@semmelweis-univ.hu\">klinikai.rektorhelyettes@semmelweis.hu<\/a><br \/>\n<a href=\"https:\/\/semmelweis.hu\/english\/about-semmelweis-university\/leaders-of-the-university\/vice-rector-for-clinical-affairs\/\">Lebenslauf von Dr. Attila Szab\u00f3 (auf Englisch)<\/a><\/p>\n<hr \/>\n<p><strong><a href=\"https:\/\/semmelweis.hu\/english\/about-semmelweis-university\/leaders-of-the-university\/vice-rector-for-clinical-affairs\/\" target=\"_blank\" rel=\"noopener\"><img loading=\"lazy\" decoding=\"async\" class=\"alignleft wp-image-15165\" src=\"https:\/\/semmelweis.hu\/english\/files\/2024\/07\/RS103354_IMG_8788-scr.jpg\" alt=\"\" width=\"175\" height=\"257\" \/><\/a>Vizerektorin f\u00fcr Strategie und Entwicklung<br \/>\n<\/strong><\/p>\n<p><strong>Dr. <\/strong><strong>\u00c9va Szab\u00f3 Feket\u00e9n\u00e9<\/strong><br \/>\nDozentin<\/p>\n<p><em>Anschrift:<\/em> 1085 Budapest, \u00dcll\u0151i \u00fat 26. <br \/>\n<em>Telefon:<\/em> +36 1 266 0791; +36 1 459 1500\/ext. 55351<br \/>\n<em>E-mail:<\/em> <a href=\"mailto:rektorhelyettes@semmelweis-univ.hu\" target=\"_blank\" rel=\"noopener noreferrer\">rektorhelyettes@semmelweis.hu<\/a><br \/>\n<a href=\"https:\/\/semmelweis.hu\/english\/about-semmelweis-university\/leaders-of-the-university\/vice-rector-for-strategy-and-developement\/\">Lebenslauf von Dr. \u00c9va Szab\u00f3 Feket\u00e9n\u00e9 (auf Englisch)<\/a><\/p>\n<hr \/>\n<p>&nbsp;<\/p>\n<p><strong><a href=\"https:\/\/semmelweis.hu\/english\/about-semmelweis-university\/leaders-of-the-university\/vice-rector-for-interntaional-studies\/\" target=\"_blank\" rel=\"noopener noreferrer\"><img loading=\"lazy\" decoding=\"async\" class=\"alignleft wp-image-2218\" src=\"https:\/\/semmelweis.hu\/deutsch\/files\/2019\/09\/Alan_Alpar-212x300.jpg\" alt=\"\" width=\"175\" height=\"248\" srcset=\"https:\/\/semmelweis.hu\/deutsch\/files\/2019\/09\/Alan_Alpar-212x300.jpg 212w, https:\/\/semmelweis.hu\/deutsch\/files\/2019\/09\/Alan_Alpar.jpg 529w\" sizes=\"auto, (max-width: 175px) 100vw, 175px\" \/><\/a>Vizerektor f\u00fcr Internationales Studium<br \/>\n<\/strong><\/p>\n<p><a href=\"https:\/\/semmelweis.hu\/english\/vice-rector-for-interntaional-studies\/\" target=\"_blank\" rel=\"noopener noreferrer\"><strong>Dr. <\/strong><strong>Al\u00e1n Alp\u00e1r <\/strong><\/a><br \/>\nProfessor<\/p>\n<p><em>Anschrift:<\/em> 1094 Budapest, IX. T\u0171zolt\u00f3 utca 37-47. <br \/>\n<em>Telefon:<\/em> +36 1 459 1500\/ext. 60069<br \/>\n<em>E-mail:<\/em> <a href=\"titkarsag.nhkk@semmelweis.hu\" target=\"_blank\" rel=\"noopener noreferrer\">titkarsag.nhkk@semmelweis.hu<\/a><br \/>\n<a href=\"https:\/\/semmelweis.hu\/english\/about-semmelweis-university\/leaders-of-the-university\/vice-rector-for-interntaional-studies\/\">Lebenslauf von Dr. Al\u00e1n Alp\u00e1r (auf Englisch)<\/a><\/p>\n<hr \/>\n<p><strong><a href=\"https:\/\/semmelweis.hu\/english\/about-semmelweis-university\/leaders-of-the-university\/dean-of-the-faculty-of-medicine\/\"><img loading=\"lazy\" decoding=\"async\" class=\"alignleft wp-image-36962 \" src=\"https:\/\/semmelweis.hu\/deutsch\/files\/2024\/07\/RS197237_433A7980-scr-267x400.jpg\" alt=\"\" width=\"175\" height=\"263\" srcset=\"https:\/\/semmelweis.hu\/deutsch\/files\/2024\/07\/RS197237_433A7980-scr-267x400.jpg 267w, https:\/\/semmelweis.hu\/deutsch\/files\/2024\/07\/RS197237_433A7980-scr.jpg 600w\" sizes=\"auto, (max-width: 175px) 100vw, 175px\" \/><\/a>Dekan<\/strong> <strong>\u2013 Medizinische Fakult\u00e4t<\/strong><\/p>\n<p><a href=\"https:\/\/semmelweis.hu\/english\/the-university\/leaders-of-the-university\/dean-of-the-faculty-of-medicine\/\" target=\"_blank\" rel=\"noopener noreferrer\"><strong>Dr. P\u00e9ter Nyir\u00e1dy<\/strong><\/a> <br \/>\nProfessor<\/p>\n<p><em>Anschrift:<\/em> 1085, Budapest, \u00dcll\u0151i \u00fat 26. 2. Stock, Zimmer Nr. 201<br \/>\n<em>Telefon:<\/em> +36 1 317 9057; +36 1 459 1500\/ext. 55238<br \/>\n<em>E-mail:<\/em> <a href=\"mailto:titkarsag.aokdekani@med.semmelweis-univ.hu\">titkarsag.aokdekani@semmelweis.hu<\/a><br \/>\n<a href=\"https:\/\/semmelweis.hu\/english\/about-semmelweis-university\/leaders-of-the-university\/dean-of-the-faculty-of-medicine\/\">Lebenslauf von Dr. P\u00e9ter Nyir\u00e1dy (auf Englisch)<\/a><\/p>\n<hr \/>\n<p><strong><a href=\"https:\/\/semmelweis.hu\/english\/about-semmelweis-university\/leaders-of-the-university\/dean-of-the-faculty-of-health-and-public-administration\/\"><img loading=\"lazy\" decoding=\"async\" class=\"alignleft\" src=\"https:\/\/semmelweis.hu\/wp-content\/uploads\/2025\/09\/RS222733_GV5A3842-Edit-2-scr.jpg\" alt=\"\" width=\"175\" height=\"248\" \/><\/a>Dekanin \u2013 Fakult\u00e4t f\u00fcr \u00d6ffentliches Gesundheitswesen und Verwaltung<\/strong><\/p>\n<p><a href=\"https:\/\/semmelweis.hu\/english\/about-semmelweis-university\/leaders-of-the-university\/dean-of-the-faculty-of-health-and-public-administration\/\" target=\"_blank\" rel=\"noopener noreferrer\"><strong>Dr. Be\u00e1ta Pethesn\u00e9 D\u00e1vid <\/strong><\/a><br \/>\nDozentin<\/p>\n<p><em>Anschrift:<\/em> 1085 Budapest, \u00dcll\u0151i \u00fat 26.<br \/>\n<em>Telefon:<\/em> +36 1 459 1500\/ext. 55635<br \/>\n<em>E-mail:<\/em> <a href=\"mailto:dekani@ekk.sote.hu\">dekani@ekk.sote.hu<\/a><br \/>\n<a href=\"https:\/\/semmelweis.hu\/english\/about-semmelweis-university\/leaders-of-the-university\/dean-of-the-faculty-of-health-and-public-administration\/\">Lebenslauf von Dr. Be\u00e1ta Pethesn\u00e9 D\u00e1vid (auf Englisch)<\/a><\/p>\n<hr \/>\n<p><a href=\"https:\/\/semmelweis.hu\/english\/about-semmelweis-university\/leaders-of-the-university\/dean-of-the-faculty-of-health-sciences\/\" target=\"_blank\" rel=\"noopener noreferrer\"><img loading=\"lazy\" decoding=\"async\" class=\"alignleft wp-image-15882\" src=\"https:\/\/semmelweis.hu\/wp-content\/uploads\/2020\/07\/RS103348_IMG_8550-scr-281x400.jpg\" alt=\"\" width=\"175\" height=\"249\" \/><\/a><strong>Dekanin \u2013 Fakult\u00e4t f\u00fcr Gesundheitswissenschaften<\/strong><\/p>\n<p><a href=\"https:\/\/semmelweis.hu\/english\/the-university\/leaders-of-the-university\/dean-of-the-faculty-of-health-sciences\/\" target=\"_blank\" rel=\"noopener noreferrer\"><strong>Dr. Gabriella D\u00f6rnyei Bedn\u00e1rikn\u00e9<\/strong><\/a><br \/>\nDozentin<\/p>\n<p><em>Anschrift:<\/em> 1088 Budapest, Vas u. 17.<i><br \/>\n<\/i><em>Telefon:<\/em> +36 1 486 4800<br \/>\n<em>E-mail: <\/em><a href=\"mailto:etk.dekanihivatal@semmelweis.hu\">etk.dekanihivatal@semmelweis.hu<\/a><br \/>\n<a href=\"https:\/\/semmelweis.hu\/english\/about-semmelweis-university\/leaders-of-the-university\/dean-of-the-faculty-of-health-sciences\/\">Lebenslauf von Dr. Gabriella D\u00f6rnyei Bedn\u00e1rikn\u00e9 (auf Englisch)<\/a><\/p>\n<hr \/>\n<p><strong><a href=\"https:\/\/semmelweis.hu\/english\/about-semmelweis-university\/leaders-of-the-university\/dean-of-the-faculty-of-dentistry\/\" target=\"_blank\" rel=\"noopener\"><img loading=\"lazy\" decoding=\"async\" class=\"alignleft wp-image-15011\" src=\"https:\/\/semmelweis.hu\/wp-content\/uploads\/2019\/07\/RS95332_IMG_7424-scr-280x400.jpg\" alt=\"\" width=\"175\" height=\"250\" \/><\/a>Dekan \u2013 Fakult\u00e4t f\u00fcr Zahnheilkunde<\/strong><\/p>\n<p><a href=\"https:\/\/semmelweis.hu\/english\/the-university\/leaders-of-the-university\/dean-of-the-faculty-of-dentistry\/\" target=\"_blank\" rel=\"noopener noreferrer\"><strong>Dr. G\u00e1bor Gerber <\/strong><\/a><a href=\"https:\/\/semmelweis.hu\/az-egyetemrol\/vezeto-tisztsegviselok\/dr-gerber-gabor\/\" rel=\"noopener\"><br \/>\n<\/a>Dozent<\/p>\n<p><em>Anschrift:<\/em> 1085 Budapest, \u00dcll\u0151i \u00fat 26. Erdgeschoss, Zimmer Nr. 15<br \/>\n<em>Telefon:<\/em> +36 1 266 0453; +36 1 459 1500\/ext. 55269<br \/>\n<em>E-mail:<\/em> <a href=\"fok.dekan@semmelweis.hu\">fok.dekan@semmelweis.hu<\/a><br \/>\n<a href=\"https:\/\/semmelweis.hu\/english\/about-semmelweis-university\/leaders-of-the-university\/dean-of-the-faculty-of-dentistry\/\">Lebenslauf von Dr. G\u00e1bor Gerber (auf Englisch)<\/a><\/p>\n<hr \/>\n<p><a href=\"https:\/\/semmelweis.hu\/english\/about-semmelweis-university\/leaders-of-the-university\/dean-of-the-faculty-of-pharmacy\/\" target=\"_blank\" rel=\"noopener noreferrer\"><img loading=\"lazy\" decoding=\"async\" class=\"alignleft wp-image-16185\" style=\"font-size: 1rem\" src=\"https:\/\/semmelweis.hu\/wp-content\/uploads\/2020\/10\/123484_transform-267x400.jpg\" alt=\"\" width=\"175\" height=\"262\" \/><\/a><strong>Dekan \u2013 Fakult\u00e4t f\u00fcr Pharmazeutische Wissenschaften<\/strong><\/p>\n<p><a href=\"https:\/\/semmelweis.hu\/english\/about-semmelweis-university\/leaders-of-the-university\/dean-of-the-faculty-of-pharmacy\/\" target=\"_blank\" rel=\"noopener noreferrer\"><strong>Dr. Istv\u00e1n Antal<\/strong><\/a><br \/>\nprofessor<\/p>\n<p><em>Anschrift:<\/em> 1085 Budapest \u00dcll\u0151i \u00fat 26. Erdgeschoss, Zimmer Nr. 16<br \/>\n<em>Telefon:<\/em> +36 1 266 0449<br \/>\n<em>E-mail:<\/em> <a href=\"mailto:gytkdhivatal@semmelweis.hu\">gytkdhivatal@semmelweis.hu<\/a><br \/>\n<a href=\"https:\/\/semmelweis.hu\/english\/about-semmelweis-university\/leaders-of-the-university\/dean-of-the-faculty-of-pharmacy\/\">Lebenslauf von Dr. Istv\u00e1n Antal (auf Englisch)<\/a><\/p>\n<hr \/>\n<p><strong><a href=\"https:\/\/semmelweis.hu\/english\/about-semmelweis-university\/leaders-of-the-university\/dean-of-the-andras-peto-faculty\/\" target=\"_blank\" rel=\"noopener\"><img loading=\"lazy\" decoding=\"async\" class=\"alignleft wp-image-15009\" src=\"https:\/\/semmelweis.hu\/wp-content\/uploads\/2019\/07\/RS85536_IMG_0274-scr-284x400.jpg\" alt=\"\" width=\"175\" height=\"246\" \/><\/a>Dekanin \u2013 Fakult\u00e4t Pet\u0151 Andr\u00e1s<\/strong><\/p>\n<p><strong><a href=\"https:\/\/semmelweis.hu\/english\/the-university\/leaders-of-the-university\/dean-of-the-andras-peto-faculty\/\" target=\"_blank\" rel=\"noopener noreferrer\">Dr. Andrea Zsebe Mikl\u00f3sn\u00e9 Tenk<\/a> <br \/>\n<\/strong>Professorin<\/p>\n<p><em>Anschrift:<\/em> 1125 Budapest, K\u00fatv\u00f6lgyi \u00fat 6.<br \/>\n<span style=\"font-family: inherit;font-size: inherit\"><em>Telefon:<\/em> +36 1 224 1519<br \/>\n<em>E-mail:<\/em> <a href=\"mailto:pak_dekan@semmelweis-univ.hu\">pak_dekan@semmelweis.hu<\/a><br \/>\n<a href=\"https:\/\/semmelweis.hu\/english\/about-semmelweis-university\/leaders-of-the-university\/dean-of-the-andras-peto-faculty\/\">Lebenslauf von Dr. Andrea Zsebe Mikl\u00f3sn\u00e9 Tenk (auf Englisch)<\/a><\/span><\/p>\n<hr \/>\n<p><strong><a href=\"https:\/\/semmelweis.hu\/english\/about-semmelweis-university\/leaders-of-the-university\/president-of-the-doctoral-council\/\" target=\"_blank\" rel=\"noopener\"><img loading=\"lazy\" decoding=\"async\" class=\"alignleft wp-image-15121\" src=\"https:\/\/semmelweis.hu\/wp-content\/uploads\/2020\/10\/124839_transform-281x400.jpg\" alt=\"\" width=\"175\" height=\"250\" \/><\/a>Vorsitzender der Doktoranden (Ph.D.) \u2013 Schule<\/strong><\/p>\n<p><strong><a href=\"https:\/\/semmelweis.hu\/english\/the-university\/leaders-of-the-university\/president-of-the-doctoral-council\/\" target=\"_blank\" rel=\"noopener noreferrer\">Dr. Zolt\u00e1n Beny\u00f3<\/a> <\/strong><br \/>\nprofessor<\/p>\n<p><em>Anschrift:<\/em> 1085 Budapest \u00dcll\u0151i u. 26. Erdgeschoss, Zimmer Nr. 9<br \/>\n<em>Telefone:<\/em> +36 1 266 7483; +36 1 266 2343<br \/>\n<em>E-mail: <\/em><a href=\"mailto:phd.titkarsag@semmelweis.hu\">phd.titkarsag@semmelweis.hu<\/a><br \/>\n<a href=\"https:\/\/semmelweis.hu\/english\/about-semmelweis-university\/leaders-of-the-university\/president-of-the-doctoral-council\/\">Lebenslauf von Dr. Zolt\u00e1n Beny\u00f3 (auf Englisch)<\/a><\/p>\n<hr \/>\n<\/div><\/div>\n","protected":false},"excerpt":{"rendered":"<p>Direktion f\u00fcr Internationales Studium <a href=\"https:\/\/semmelweis.hu\/deutsch\/files\/2019\/09\/Alan_Alpar.jpg\" rel=\"attachment wp-att-2218\"><\/a> Prof. Dr. Al\u00e1n ALP\u00c1R Vizerektor f\u00fcr Internationales Studium Vizerektor f\u00fcr das Deutschsprachige Studium Vorsitzender des Gremiums des Deutschsprachigen Studiums Institut f\u00fcr Anatomie, Histologie und Embryologie E-Mail: <a href=\"mailto:alpar.alan@semmelweis.hu\">alpar.alan@semmelweis.hu<\/a> &nbsp; Gremium des Deutschsprachigen Studiums Professor emeritus Dr. P\u00e1l R\u00d6HLICH Institut f\u00fcr Anatomie, Histologie und Embryologie E-Mail: <a href=\"mailto:rohlich.pal@med.semmelweis-univ.hu\">rohlich.pal@semmelweis.hu<\/a> Dr. Krisztina K\u00c1LDI Dozentin Institut f\u00fcr Physiologie E-Mail: &hellip;<\/p>\n","protected":false},"author":101614,"featured_media":0,"parent":1941,"menu_order":4,"comment_status":"closed","ping_status":"closed","template":"","meta":{"_acf_changed":false,"footnotes":""},"categories":[],"tags":[],"class_list":["post-1808","page","type-page","status-publish","hentry"],"acf":[],"_links":{"self":[{"href":"https:\/\/semmelweis.hu\/deutsch\/wp-json\/wp\/v2\/pages\/1808","targetHints":{"allow":["GET"]}}],"collection":[{"href":"https:\/\/semmelweis.hu\/deutsch\/wp-json\/wp\/v2\/pages"}],"about":[{"href":"https:\/\/semmelweis.hu\/deutsch\/wp-json\/wp\/v2\/types\/page"}],"author":[{"embeddable":true,"href":"https:\/\/semmelweis.hu\/deutsch\/wp-json\/wp\/v2\/users\/101614"}],"replies":[{"embeddable":true,"href":"https:\/\/semmelweis.hu\/deutsch\/wp-json\/wp\/v2\/comments?post=1808"}],"version-history":[{"count":13,"href":"https:\/\/semmelweis.hu\/deutsch\/wp-json\/wp\/v2\/pages\/1808\/revisions"}],"predecessor-version":[{"id":39932,"href":"https:\/\/semmelweis.hu\/deutsch\/wp-json\/wp\/v2\/pages\/1808\/revisions\/39932"}],"up":[{"embeddable":true,"href":"https:\/\/semmelweis.hu\/deutsch\/wp-json\/wp\/v2\/pages\/1941"}],"wp:attachment":[{"href":"https:\/\/semmelweis.hu\/deutsch\/wp-json\/wp\/v2\/media?parent=1808"}],"wp:term":[{"taxonomy":"category","embeddable":true,"href":"https:\/\/semmelweis.hu\/deutsch\/wp-json\/wp\/v2\/categories?post=1808"},{"taxonomy":"post_tag","embeddable":true,"href":"https:\/\/semmelweis.hu\/deutsch\/wp-json\/wp\/v2\/tags?post=1808"}],"curies":[{"name":"wp","href":"https:\/\/api.w.org\/{rel}","templated":true}]}}