{"id":1804,"date":"2019-08-23T15:25:36","date_gmt":"2019-08-23T13:25:36","guid":{"rendered":"http:\/\/wp2.localhost\/z01\/kontakt\/"},"modified":"2026-04-01T15:36:39","modified_gmt":"2026-04-01T13:36:39","slug":"kontakt","status":"publish","type":"page","link":"https:\/\/semmelweis.hu\/deutsch\/kontakt\/","title":{"rendered":"Kontaktdaten"},"content":{"rendered":"<h3>Studentensekretariat f\u00fcr das deutschsprachige Studium<br \/>\nSemmelweis Universit\u00e4t, Budapest<\/h3>\n<p>Anschrift: H\u20131094 Budapest, T\u0171zolt\u00f3 utca 37\u201347<br \/>\nE-Mail: <a href=\"mailto:studenten.sekretariat@semmelweis.hu\">studenten.sekretariat@semmelweis.hu<\/a><\/p>\n<hr \/>\n<div class=\"responsive-tabs\">\n<h2 class=\"tabtitle\"><strong>Studenten<\/strong><strong>sekretariat<\/strong><\/h2>\n<div class=\"tabcontent\">\n\n<h3>DEUTSCHSPRACHIGES STUDENTENSEKRETARIAT<\/h3>\n<p><a href=\"https:\/\/semmelweis.hu\/deutsch\/files\/2019\/09\/Edit_Gimpl.jpg\" rel=\"attachment wp-att-2259\"><img loading=\"lazy\" decoding=\"async\" class=\"alignright wp-image-2259 size-medium\" src=\"https:\/\/semmelweis.hu\/deutsch\/files\/2019\/09\/Edit_Gimpl-202x300.jpg\" alt=\"\" width=\"202\" height=\"300\" srcset=\"https:\/\/semmelweis.hu\/deutsch\/files\/2019\/09\/Edit_Gimpl-202x300.jpg 202w, https:\/\/semmelweis.hu\/deutsch\/files\/2019\/09\/Edit_Gimpl.jpg 504w\" sizes=\"auto, (max-width: 202px) 100vw, 202px\" \/><\/a><\/p>\n<div id=\"GroupWiseSection_1584524772000_gimpl.edit@semmelweis-univ.hu_D650A502132F0000A0FF000000000000_\" class=\"GroupWiseMessageBody active\">\n<div><b style=\"font-size: 1rem\">Edit GEIGER-GIMPL<\/b><\/div>\n<\/div>\n<p><em><strong>Administrative Leiterin<br \/>\nDeutschsprachiges Studentensekretariat<\/strong><\/em><\/p>\n<p>Telefon: (+36 1) 317 0932<br \/>\n(+36-1) 459-1500 \/ 60086<br \/>\n(+36-20) 663 2670<br \/>\nE-Mail: <a class=\"emailLink\" href=\"mailto:geiger.gimpl.edit@semmelweis.hu\">geiger.gimpl.edit@semmelweis.hu<\/a><\/p>\n<hr \/>\n<p><em><strong>Referentinnen f\u00fcr Studentische Angelegenheiten <br \/>\n<\/strong>(Zust\u00e4ndigkeiten: f\u00fcr das Studienjahr 2025\/2026)<\/em><\/p>\n<hr \/>\n<p><a href=\"https:\/\/semmelweis.hu\/deutsch\/files\/2019\/09\/Adel_Halasz.jpg\" rel=\"attachment wp-att-2209\"><img loading=\"lazy\" decoding=\"async\" class=\"alignright wp-image-2209 size-medium\" src=\"https:\/\/semmelweis.hu\/deutsch\/files\/2019\/09\/Klara_Czovek.jpg\" alt=\"\" width=\"202\" height=\"300\" \/><\/a><\/p>\n<p><b>Kl\u00e1ra BARTHA<\/b><\/p>\n<p><em><strong>1. Studienjahr Humanmedizin<\/strong><\/em><br \/>\n<em><strong>Bewerbung f\u00fcr Studienanf\u00e4nger<\/strong><\/em><\/p>\n<p>Telefon: <br \/>\n(+36-1) 459-1500 \/ 60083<br \/>\n(+36-20) 663 2674<br \/>\nE-Mail: <br \/>\n<a href=\"mailto:bartha.klara@semmelweis.hu\">bartha.klara@semmelweis.hu<\/a><br \/>\n<a href=\"mailto:bewerbung@semmelweis.hu\">bewerbung@semmelweis.hu<\/a><\/p>\n<hr \/>\n<p><b><a href=\"https:\/\/semmelweis.hu\/deutsch\/files\/2019\/09\/Adel_Halasz-202x300.jpg\" rel=\"attachment wp-att-2204\"><img loading=\"lazy\" decoding=\"async\" class=\"alignright wp-image-2204 \" src=\"https:\/\/semmelweis.hu\/deutsch\/files\/2019\/09\/Adel_Halasz-202x300.jpg\" alt=\"\" width=\"202\" height=\"286\" \/><\/a>Ad\u00e9l HAL\u00c1SZ<br \/>\n<\/b><br \/>\n<em><strong>2. Studienjahr Humanmedizin<br \/>\nBewerbung f\u00fcr Studienanf\u00e4nger<\/strong><\/em><\/p>\n<p>Telefon: <br \/>\n(+36-1) 459-1500 \/ 60177<br \/>\n(+36-20) 663 2660<br \/>\nE-Mail: <br \/>\n<a class=\"emailLink\" href=\"mailto:halasz.adel@semmelweis.hu\">halasz.adel@semmelweis.hu<\/a><br \/>\n<a href=\"mailto:bewerbung@semmelweis.hu\">bewerbung@semmelweis.hu<\/a><\/p>\n<hr \/>\n<p><img loading=\"lazy\" decoding=\"async\" class=\"alignright\" src=\"https:\/\/semmelweis.hu\/deutsch\/files\/2021\/12\/DavidFanniKatinka_.jpg\" alt=\"\" width=\"202\" height=\"286\" \/><b>Fanni Katinka D\u00c1VID<\/b><\/p>\n<p><em><strong>3. Studienjahr Humanmedizin<\/strong><\/em><br \/>\n<em><strong>Bewerbung f\u00fcr h\u00f6here Studienjahre<\/strong><\/em><\/p>\n<p>Telefon: <br \/>\n(+36-1) 459-1500 \/ 60489<br \/>\n(+36-30) 016 4622<br \/>\nE-Mail: <br \/>\n<a class=\"emailLink\" href=\"david.fanni@semmelweis.hu\">david.fanni@semmelweis.hu<\/a><br \/>\n<a href=\"mailto:bewerbung@semmelweis.hu\">bewerbung@semmelweis.hu<\/a><\/p>\n<hr \/>\n<p><b><img loading=\"lazy\" decoding=\"async\" class=\"alignright\" src=\"https:\/\/semmelweis.hu\/deutsch\/files\/2023\/06\/1687243944485.jpg\" alt=\"\" width=\"201\" height=\"302\" \/>Zs\u00f3fia CSERT\u00c1N<\/b><\/p>\n<p><em><strong>4. Studienjahr Humanmedizin<\/strong><\/em><\/p>\n<p>Telefon: <br \/>\n(+36-1) 459-1500 \/ 60484<br \/>\n(+36-20) 663 2671<\/p>\n<p>E-Mail: <a class=\"emailLink\" href=\"mailto:csertan.zsofia@semmelweis.hu\">csertan.zsofia@semmelweis.hu<\/a><\/p>\n<hr \/>\n<p><img loading=\"lazy\" decoding=\"async\" class=\"alignright wp-image-3878\" src=\"https:\/\/semmelweis.hu\/deutsch\/files\/2020\/01\/S\u00e1ndorEdina-266x400.png\" alt=\"\" width=\"202\" height=\"303\" srcset=\"https:\/\/semmelweis.hu\/deutsch\/files\/2020\/01\/S\u00e1ndorEdina-266x400.png 266w, https:\/\/semmelweis.hu\/deutsch\/files\/2020\/01\/S\u00e1ndorEdina.png 426w\" sizes=\"auto, (max-width: 202px) 100vw, 202px\" \/><\/p>\n<p><b>Edina JORDANOV-S\u00c1NDOR<\/b><\/p>\n<p><em><strong>5. Studienjahr Humanmedizin<\/strong><\/em><\/p>\n<p>Telefon: (+36-1) 459-1500 \/ 60089<br \/>\n(+36-30) 592 3522<br \/>\nE-Mail: <a href=\"sandor.edina@semmelweis.hu\" target=\"_blank\" rel=\"noopener noreferrer\">sandor.edina@semmelweis.hu<\/a><\/p>\n<hr \/>\n<p><a href=\"https:\/\/semmelweis.hu\/deutsch\/kontakt\/maria_merkeine_-2\/\" rel=\"attachment wp-att-3485\"><img loading=\"lazy\" decoding=\"async\" class=\"size-full wp-image-3485 alignright\" src=\"https:\/\/semmelweis.hu\/deutsch\/files\/2019\/09\/Maria_Merkeine_-1.jpg\" alt=\"\" width=\"202\" height=\"280\" \/><\/a><\/p>\n<p><b>M\u00e1ria Dr. MERKEIN\u00c9 SZ\u0150KE<\/b><\/p>\n<p><em><strong>6. Studienjahr Humanmedizin<\/strong><\/em><\/p>\n<p>\nTelefon: (+36-1) 459-1500 \/ 60082<br \/>\n(+36-20) 663 2385<br \/>\nE-Mail: <a class=\"emailLink\" href=\"mailto:merkei.maria@semmelweis.hu\">merkei.maria@semmelweis.hu<\/a><\/p>\n<hr \/>\n<p><a href=\"https:\/\/semmelweis.hu\/deutsch\/files\/2019\/09\/Tunde_Szabados.jpg\"><img loading=\"lazy\" decoding=\"async\" class=\"alignright wp-image-2206\" src=\"https:\/\/semmelweis.hu\/deutsch\/files\/2019\/09\/Tunde_Szabados-200x300.jpg\" alt=\"\" width=\"203\" height=\"305\" srcset=\"https:\/\/semmelweis.hu\/deutsch\/files\/2019\/09\/Tunde_Szabados-200x300.jpg 200w, https:\/\/semmelweis.hu\/deutsch\/files\/2019\/09\/Tunde_Szabados.jpg 500w\" sizes=\"auto, (max-width: 203px) 100vw, 203px\" \/><\/a><b>T\u00fcn<\/b><b>de SZABADOS<\/b><\/p>\n<p><em><strong>3., 4., 5., 6. Studienjahr Humanmedizin Campus Hamburg<\/strong><\/em><\/p>\n<p>Telefon: (+36-1) 459-1500 \/ 60084<br \/>\n(+36-20) 663 2662<br \/>\nE-Mail: <a class=\"emailLink\" href=\"mailto:szabados.tunde@semmelweis.hu\">szabados.tunde@semmelweis.hu<\/a><\/p>\n<hr \/>\n<p><a href=\"https:\/\/semmelweis.hu\/deutsch\/files\/2019\/09\/Andrea_Fekete.jpg\"><img loading=\"lazy\" decoding=\"async\" class=\"alignright wp-image-2207\" src=\"https:\/\/semmelweis.hu\/deutsch\/files\/2019\/09\/Andrea_Fekete-200x300.jpg\" alt=\"\" width=\"202\" height=\"303\" srcset=\"https:\/\/semmelweis.hu\/deutsch\/files\/2019\/09\/Andrea_Fekete-200x300.jpg 200w, https:\/\/semmelweis.hu\/deutsch\/files\/2019\/09\/Andrea_Fekete.jpg 500w\" sizes=\"auto, (max-width: 202px) 100vw, 202px\" \/><\/a><b>Andrea FEKETE<\/b><\/p>\n<p><em><strong>1., 2., 3., 4., 5. Studien<\/strong><\/em><em><strong>jahr Zahnmedizin<\/strong><\/em><\/p>\n<p>Telefon: (+36-1) 459-1500 \/ 60085<br \/>\n(+36-20) 663 2682<br \/>\nE-Mail: <a class=\"emailLink\" href=\"mailto:fekete.andrea@semmelweis.hu\">fekete.andrea@semmelweis.hu<\/a><\/p>\n<hr \/>\n<p><img loading=\"lazy\" decoding=\"async\" class=\"alignright\" src=\"https:\/\/semmelweis.hu\/deutsch\/files\/2025\/09\/Siklosi-Zoltan-scaled.jpg\" alt=\"\" width=\"203\" height=\"281\" \/><\/p>\n<h3>BILDUNGSZENTRALE F\u00dcR INTERNATIONALES STUDIUM<\/h3>\n<p><b>Zolt\u00e1n SIKL\u00d3SI<\/b><\/p>\n<p><b><i>Ansprechpartner f\u00fcr DSVS-Angelegenheiten<\/i><\/b><\/p>\n<p>&nbsp;<\/p>\n<p>Telefon: (+36-30) 877 2748<br \/>\nE-Mail: <a href=\"siklosi.zoltan@semmelweis.hu\">siklosi.zoltan@semmelweis.hu<\/a><\/p>\n<hr \/>\n<p>&nbsp;<\/p>\n\n<\/div><h2 class=\"tabtitle\"><strong>\u00d6ffnungs<\/strong><strong>zeiten<\/strong><\/h2>\n<div class=\"tabcontent\">\n\n<h3>\u00d6ffnungszeiten des Deutschsprachigen Studentensekretariates:<\/h3>\n<table style=\"width: 100%;height: 140px\">\n<tbody>\n<tr style=\"height: 33px\">\n<td style=\"height: 33px;border-style: solid;vertical-align: middle\"><strong>Montag<\/strong><\/td>\n<td style=\"height: 33px\"><strong>9.00-11.30 Uhr \/ 13.30-16.00 Uhr<\/strong><\/td>\n<\/tr>\n<tr style=\"height: 33px\">\n<td style=\"height: 33px;border-style: solid;vertical-align: middle\"><strong>Dienstag<\/strong><\/td>\n<td style=\"height: 33px\"><strong>9.00-11.30 Uhr \/ 13.30-16.00 Uhr<\/strong><\/td>\n<\/tr>\n<tr style=\"height: 63px\">\n<td style=\"height: 10px;border-style: solid;vertical-align: middle\"><strong>Mittwoch<\/strong><\/td>\n<td style=\"height: 10px\"><strong>9.00-11.30 Uhr \/ 13.30-16.00 Uhr<\/strong><\/td>\n<\/tr>\n<tr style=\"height: 33px\">\n<td style=\"height: 33px;border-style: solid;vertical-align: middle\"><strong>Donnerstag<\/strong><\/td>\n<td style=\"height: 33px\"><strong>9.00-11.30 Uhr \/ 13.30-16.00 Uhr<\/strong><\/td>\n<\/tr>\n<tr style=\"height: 33px\">\n<td style=\"height: 31px;border-style: solid;vertical-align: middle\"><strong>Freitag<\/strong><\/td>\n<td style=\"height: 31px\"><strong>9.00-11.30 Uhr \/ Nachmittag geschlossen<\/strong><\/td>\n<\/tr>\n<\/tbody>\n<\/table>\n<p><span style=\"font-size: 14pt\"><strong>MITTAGSPAUSE: 11.30-13.30 Uhr (Sekretariat geschlossen)<\/strong><\/span><\/p>\n\n<\/div><h2 class=\"tabtitle\"><strong>Anfahrt<\/strong><\/h2>\n<div class=\"tabcontent\">\n\n<p>&nbsp;<\/p>\n\n<!-- iframe plugin v.4.9 wordpress.org\/plugins\/iframe\/ -->\n<iframe loading=\"lazy\" src=\"https:\/\/www.google.com\/maps\/embed?pb=!1m18!1m12!1m3!1d2696.451425447905!2d19.076181515626104!3d47.48111857917651!2m3!1f0!2f0!3f0!3m2!1i1024!2i768!4f13.1!3m3!1m2!1s0x4741dcfbb0a483ef%3A0x74898d2a4916d2b4!2zQnVkYXBlc3QsIFTFsXpvbHTDsyB1LiAzNywgMTA5NA!5e0!3m2!1shu!2shu!4v1568296272164!5m2!1shu!2shu\" width=\"100%\" height=\"450\" scrolling=\"yes\" class=\"iframe-class\" frameborder=\"0\"><\/iframe>\n\n\n<\/div><h2 class=\"tabtitle\"><strong>Bankdaten<\/strong><\/h2>\n<div class=\"tabcontent\">\n\n<h3>Bankdaten<\/h3>\n<p>Die <strong>H\u00f6he der Studiengeb\u00fchren<\/strong> ist aus der bei der Immatrikulation unterzeichneten Dokument &#8222;Informationen f\u00fcr Studierende an der Semmelweis Universit\u00e4t Budapest&#8220; \/ &#8222;Vereinbarung zum Studium an der Semmelweis Universit\u00e4t Budapest&#8220; eines jeden Studierenden zu entnehmen.<br \/>\nDer Nettobetrag hat auf dem Konto einzugehen. Die \u00dcberweisungsgeb\u00fchren gehen zu Lasten des Einzahlers.<\/p>\n<p><a href=\"https:\/\/semmelweis.hu\/deutsch\/studium\/neptun\/einzahlung-gebuehren\/\" target=\"_blank\" rel=\"noopener noreferrer\">Einzahlung der <strong>Studiengeb\u00fchren<\/strong> \u00fcber das Neptun System<\/a><\/p>\n<\/div><\/div>\n","protected":false},"excerpt":{"rendered":"<p>Studentensekretariat f\u00fcr das deutschsprachige Studium Semmelweis Universit\u00e4t, Budapest Anschrift: H\u20131094 Budapest, T\u0171zolt\u00f3 utca 37\u201347 E-Mail: <a href=\"mailto:studenten.sekretariat@semmelweis.hu\">studenten.sekretariat@semmelweis.hu<\/a> DEUTSCHSPRACHIGES STUDENTENSEKRETARIAT <a href=\"https:\/\/semmelweis.hu\/deutsch\/files\/2019\/09\/Edit_Gimpl.jpg\" rel=\"attachment wp-att-2259\"><\/a> Edit GEIGER-GIMPL Administrative Leiterin Deutschsprachiges Studentensekretariat Telefon: (+36 1) 317 0932 (+36-1) 459-1500 \/ 60086 (+36-20) 663 2670 E-Mail: <a class=\"emailLink\" href=\"mailto:geiger.gimpl.edit@semmelweis.hu\">geiger.gimpl.edit@semmelweis.hu<\/a> Referentinnen f\u00fcr Studentische Angelegenheiten (Zust\u00e4ndigkeiten: f\u00fcr das Studienjahr 2025\/2026) <a href=\"https:\/\/semmelweis.hu\/deutsch\/files\/2019\/09\/Adel_Halasz.jpg\" rel=\"attachment wp-att-2209\"><\/a> Kl\u00e1ra BARTHA 1. Studienjahr Humanmedizin Bewerbung f\u00fcr Studienanf\u00e4nger Telefon: (+36-1) &hellip;<\/p>\n","protected":false},"author":101614,"featured_media":0,"parent":0,"menu_order":10,"comment_status":"closed","ping_status":"closed","template":"template-fullwidth.php","meta":{"_acf_changed":false,"footnotes":""},"categories":[],"tags":[],"class_list":["post-1804","page","type-page","status-publish","hentry"],"acf":[],"_links":{"self":[{"href":"https:\/\/semmelweis.hu\/deutsch\/wp-json\/wp\/v2\/pages\/1804","targetHints":{"allow":["GET"]}}],"collection":[{"href":"https:\/\/semmelweis.hu\/deutsch\/wp-json\/wp\/v2\/pages"}],"about":[{"href":"https:\/\/semmelweis.hu\/deutsch\/wp-json\/wp\/v2\/types\/page"}],"author":[{"embeddable":true,"href":"https:\/\/semmelweis.hu\/deutsch\/wp-json\/wp\/v2\/users\/101614"}],"replies":[{"embeddable":true,"href":"https:\/\/semmelweis.hu\/deutsch\/wp-json\/wp\/v2\/comments?post=1804"}],"version-history":[{"count":11,"href":"https:\/\/semmelweis.hu\/deutsch\/wp-json\/wp\/v2\/pages\/1804\/revisions"}],"predecessor-version":[{"id":40107,"href":"https:\/\/semmelweis.hu\/deutsch\/wp-json\/wp\/v2\/pages\/1804\/revisions\/40107"}],"wp:attachment":[{"href":"https:\/\/semmelweis.hu\/deutsch\/wp-json\/wp\/v2\/media?parent=1804"}],"wp:term":[{"taxonomy":"category","embeddable":true,"href":"https:\/\/semmelweis.hu\/deutsch\/wp-json\/wp\/v2\/categories?post=1804"},{"taxonomy":"post_tag","embeddable":true,"href":"https:\/\/semmelweis.hu\/deutsch\/wp-json\/wp\/v2\/tags?post=1804"}],"curies":[{"name":"wp","href":"https:\/\/api.w.org\/{rel}","templated":true}]}}