{"id":1802,"date":"2019-08-23T15:25:36","date_gmt":"2019-08-23T13:25:36","guid":{"rendered":"http:\/\/wp2.localhost\/z01\/geschichte-des-deutschsprachigen-medizinstudiums-in-budapest\/"},"modified":"2024-01-19T14:11:50","modified_gmt":"2024-01-19T13:11:50","slug":"deutschsprachigen-medizinstudiums-in-budapest","status":"publish","type":"page","link":"https:\/\/semmelweis.hu\/deutsch\/semmelweis-universitaet\/deutschsprachigen-medizinstudiums-in-budapest\/","title":{"rendered":"\u00dcber das deutschsprachige Studium"},"content":{"rendered":"<p>Das <a href=\"https:\/\/semmelweis.hu\/deutsch\/studiengange\/humanmedizin\/\">deutschsprachige Medizinstudium<\/a> ist seit 1983 an der <a href=\"https:\/\/semmelweis.hu\/deutsch\/semmelweis-universitaet\/\">Semmelweis Universit\u00e4t<\/a> in <a href=\"https:\/\/semmelweis.hu\/deutsch\/studentenleben\/budapest-entdecken\/\">Budapest<\/a> m\u00f6glich. Bereits im ersten Jahr gab es 250 Bewerber, von denen 120 im September 1983 ihr Medizinstudium in Budapest aufnehmen konnten.<\/p>\n<p><a href=\"https:\/\/semmelweis.hu\/deutsch\/files\/2019\/09\/RS100142_ADZ_20190906_0402-scr.jpg\" rel=\"attachment wp-att-3188\"><img loading=\"lazy\" decoding=\"async\" class=\"aligncenter wp-image-3188 size-full\" src=\"https:\/\/semmelweis.hu\/deutsch\/files\/2019\/09\/RS100142_ADZ_20190906_0402-scr.jpg\" alt=\"\" width=\"950\" height=\"633\" srcset=\"https:\/\/semmelweis.hu\/deutsch\/files\/2019\/09\/RS100142_ADZ_20190906_0402-scr.jpg 950w, https:\/\/semmelweis.hu\/deutsch\/files\/2019\/09\/RS100142_ADZ_20190906_0402-scr-300x200.jpg 300w, https:\/\/semmelweis.hu\/deutsch\/files\/2019\/09\/RS100142_ADZ_20190906_0402-scr-768x512.jpg 768w, https:\/\/semmelweis.hu\/deutsch\/files\/2019\/09\/RS100142_ADZ_20190906_0402-scr-753x502.jpg 753w, https:\/\/semmelweis.hu\/deutsch\/files\/2019\/09\/RS100142_ADZ_20190906_0402-scr-203x135.jpg 203w\" sizes=\"auto, (max-width: 950px) 100vw, 950px\" \/><\/a><\/p>\n<p>1987 kam auch der <a href=\"https:\/\/semmelweis.hu\/deutsch\/studiengange\/zahnmedizin\/\">deutschsprachige Studiengang in Zahnmedizin<\/a> hinzu. 2011 wurde das <a href=\"https:\/\/semmelweis.hu\/deutsch\/studiengange\/pharmazie\/\">deutschsprachige Studienangebot mit Pharmazie<\/a> erweitert. Die ersten Diplome f\u00fcr <a href=\"https:\/\/semmelweis.hu\/deutsch\/studiengange\/humanmedizin\/\">deutsche Studierende der Humanmedizin<\/a> wurden erstmals im Jahre 1989 verliehen. In den vergangenen fast 40 Studienjahren waren \u00fcber 8000 Studierende in den deutschsprachigen Studieng\u00e4ngen immatrikuliert und es wurden bis heute mehr als 1500 Diplome verliehen.<\/p>\n<p><a href=\"https:\/\/semmelweis.hu\/deutsch\/files\/2019\/09\/oktatas_web-1.jpg\" rel=\"attachment wp-att-3194\"><img loading=\"lazy\" decoding=\"async\" class=\"alignright wp-image-3194\" src=\"https:\/\/semmelweis.hu\/deutsch\/files\/2019\/09\/oktatas_web-1.jpg\" alt=\"\" width=\"399\" height=\"266\" srcset=\"https:\/\/semmelweis.hu\/deutsch\/files\/2019\/09\/oktatas_web-1.jpg 800w, https:\/\/semmelweis.hu\/deutsch\/files\/2019\/09\/oktatas_web-1-300x200.jpg 300w, https:\/\/semmelweis.hu\/deutsch\/files\/2019\/09\/oktatas_web-1-768x512.jpg 768w, https:\/\/semmelweis.hu\/deutsch\/files\/2019\/09\/oktatas_web-1-753x502.jpg 753w, https:\/\/semmelweis.hu\/deutsch\/files\/2019\/09\/oktatas_web-1-203x135.jpg 203w\" sizes=\"auto, (max-width: 399px) 100vw, 399px\" \/><\/a><\/p>\n<p>Das Interesse an einem Studium der Medizin oder der Zahnmedizin im deutschsprachigen Studiengang der <a href=\"https:\/\/semmelweis.hu\/deutsch\/fakultaeten\/medizinische-fakultaet\/\">Medizinischen Fakult\u00e4t<\/a> oder der <a href=\"https:\/\/semmelweis.hu\/deutsch\/einrichtungen\/die-fakultat-fur-zahnheilkunde-an-der-semmelweis-universitat\/\">Fakult\u00e4t f\u00fcr Zahnheilkunde<\/a> der Semmelweis Universit\u00e4t ist seit Beginn stetig steigend. Die Bewerber\/innen kommen vorwiegend aus Deutschland, \u00d6sterreich und aus der Schweiz. Da das deutschsprachige Studium auf eine jahrzehntelange Tradition zur\u00fcckblicken kann, sind es mittlerweile nicht selten die Kinder ehemaliger Studierenden und Absolventen, die aufgrund begeisterter Erz\u00e4hlungen ihrer Eltern gerne an der <a href=\"https:\/\/semmelweis.hu\/deutsch\/semmelweis-universitaet\/\">Semmelweis Universit\u00e4t<\/a> in <a href=\"https:\/\/semmelweis.hu\/deutsch\/studentenleben\/budapest-entdecken\/\">Budapest<\/a> studieren m\u00f6chten.<\/p>\n<p>Zum zwanzigj\u00e4hrigen Jubil\u00e4um des deutschsprachigen Medizinstudiums an der Semmelweis Universit\u00e4t wurde im Jahr 2003 ein <a href=\"https:\/\/semmelweis.hu\/alumni\/\">Alumni-Treffen<\/a> in Budapest organisiert. \u00dcber 400 ehemalige deutsche Studenten\/innen sind angereist und mehrere wichtige Pers\u00f6nlichkeiten aus dem In- und Ausland nahmen ebenfalls an der Veranstaltung teil.<\/p>\n<p>Im akademischen Jahr 2022\/2023 feierte die Semmelweis Universit\u00e4t das 40-j\u00e4hrige Jubil\u00e4um des Beginns der deutschsprachigen Medizinerausbildung. Auf der Webseite &#8222;<a href=\"https:\/\/semmelweis.hu\/international40\/de\/\">Semmelweis International 40<\/a>&#8220; werden die Veranstaltungen des Jubil\u00e4umsjahres, sowie ein <span style=\"font-size: 1rem\">historischer R\u00fcckblick<\/span><span style=\"font-size: 1rem\"> mit<\/span><span style=\"font-size: 1rem\">\u00a0Zeitlinie 1983<\/span><span style=\"font-size: 1rem\">\u20132023 pr\u00e4sentiert.<\/span><\/p>\n<p><a href=\"https:\/\/semmelweis.hu\/deutsch\/files\/2019\/09\/SZS8217K.jpg\"><img loading=\"lazy\" decoding=\"async\" class=\"alignleft wp-image-3083\" src=\"https:\/\/semmelweis.hu\/deutsch\/files\/2019\/09\/SZS8217K.jpg\" alt=\"\" width=\"401\" height=\"224\" \/><\/a><\/p>\n<p>Die an der Semmelweis Universit\u00e4t in Budapest ausgebildeten \u00c4rztinnen und \u00c4rzte haben weltweit, insbesondere in den deutschsprachigen L\u00e4ndern Europas besonders gute Chancen, in ihrem Beruf t\u00e4tig zu werden, weil die Qualit\u00e4t der patienten- und praxisorientierten Ausbildung bekannt und gesch\u00e4tzt ist.<\/p>\n<p>Die mehr als 4000 \u00c4rztinnen und \u00c4rzte in Deutschland, \u00d6sterreich und in der Schweiz, die ihr Studium teilweise oder g\u00e4nzlich an der Semmelweis Universit\u00e4t absolviert haben, haben sich aufgrund der hohen Qualit\u00e4t der medizinischen Ausbildung problemlos in der medizinischen Gesellschaft integriert.<\/p>\n<p>&nbsp;<\/p>\n","protected":false},"excerpt":{"rendered":"<p>Das <a href=\"https:\/\/semmelweis.hu\/deutsch\/studiengange\/humanmedizin\/\">deutschsprachige Medizinstudium<\/a> ist seit 1983 an der <a href=\"https:\/\/semmelweis.hu\/deutsch\/semmelweis-universitaet\/\">Semmelweis Universit\u00e4t<\/a> in <a href=\"https:\/\/semmelweis.hu\/deutsch\/studentenleben\/budapest-entdecken\/\">Budapest<\/a> m\u00f6glich. Bereits im ersten Jahr gab es 250 Bewerber, von denen 120 im September 1983 ihr Medizinstudium in Budapest aufnehmen konnten. <a href=\"https:\/\/semmelweis.hu\/deutsch\/files\/2019\/09\/RS100142_ADZ_20190906_0402-scr.jpg\" rel=\"attachment wp-att-3188\"><\/a> 1987 kam auch der <a href=\"https:\/\/semmelweis.hu\/deutsch\/studiengange\/zahnmedizin\/\">deutschsprachige Studiengang in Zahnmedizin<\/a> hinzu. 2011 wurde das <a href=\"https:\/\/semmelweis.hu\/deutsch\/studiengange\/pharmazie\/\">deutschsprachige Studienangebot mit Pharmazie<\/a> erweitert. Die ersten Diplome f\u00fcr <a href=\"https:\/\/semmelweis.hu\/deutsch\/studiengange\/humanmedizin\/\">deutsche Studierende der Humanmedizin<\/a> wurden erstmals im Jahre 1989 verliehen. In den vergangenen fast 40 Studienjahren waren \u00fcber &hellip;<\/p>\n","protected":false},"author":101614,"featured_media":0,"parent":1941,"menu_order":3,"comment_status":"closed","ping_status":"closed","template":"","meta":{"_acf_changed":false,"footnotes":""},"categories":[],"tags":[],"class_list":["post-1802","page","type-page","status-publish","hentry"],"acf":[],"_links":{"self":[{"href":"https:\/\/semmelweis.hu\/deutsch\/wp-json\/wp\/v2\/pages\/1802","targetHints":{"allow":["GET"]}}],"collection":[{"href":"https:\/\/semmelweis.hu\/deutsch\/wp-json\/wp\/v2\/pages"}],"about":[{"href":"https:\/\/semmelweis.hu\/deutsch\/wp-json\/wp\/v2\/types\/page"}],"author":[{"embeddable":true,"href":"https:\/\/semmelweis.hu\/deutsch\/wp-json\/wp\/v2\/users\/101614"}],"replies":[{"embeddable":true,"href":"https:\/\/semmelweis.hu\/deutsch\/wp-json\/wp\/v2\/comments?post=1802"}],"version-history":[{"count":5,"href":"https:\/\/semmelweis.hu\/deutsch\/wp-json\/wp\/v2\/pages\/1802\/revisions"}],"predecessor-version":[{"id":35920,"href":"https:\/\/semmelweis.hu\/deutsch\/wp-json\/wp\/v2\/pages\/1802\/revisions\/35920"}],"up":[{"embeddable":true,"href":"https:\/\/semmelweis.hu\/deutsch\/wp-json\/wp\/v2\/pages\/1941"}],"wp:attachment":[{"href":"https:\/\/semmelweis.hu\/deutsch\/wp-json\/wp\/v2\/media?parent=1802"}],"wp:term":[{"taxonomy":"category","embeddable":true,"href":"https:\/\/semmelweis.hu\/deutsch\/wp-json\/wp\/v2\/categories?post=1802"},{"taxonomy":"post_tag","embeddable":true,"href":"https:\/\/semmelweis.hu\/deutsch\/wp-json\/wp\/v2\/tags?post=1802"}],"curies":[{"name":"wp","href":"https:\/\/api.w.org\/{rel}","templated":true}]}}