{"id":1800,"date":"2019-08-23T15:25:36","date_gmt":"2019-08-23T13:25:36","guid":{"rendered":"http:\/\/wp2.localhost\/z01\/geschichte-der-semmelweis-universitat-medizinstudium-in-budapest\/"},"modified":"2026-03-24T15:19:14","modified_gmt":"2026-03-24T14:19:14","slug":"geschichte-der-universitat","status":"publish","type":"page","link":"https:\/\/semmelweis.hu\/deutsch\/semmelweis-universitaet\/geschichte-der-universitat\/","title":{"rendered":"Geschichte der Universit\u00e4t"},"content":{"rendered":"<blockquote>\n<p>250 Jahre EXZELLENZ in medizinischer Lehre, Forschung &amp; Innovation und Krankenversorgung<\/p>\n<\/blockquote>\n<p><strong><a href=\"https:\/\/semmelweis.hu\/deutsch\/files\/2023\/01\/Maria_Terezia_alapito.jpg\"><img loading=\"lazy\" decoding=\"async\" class=\"alignright size-medium wp-image-32946\" src=\"https:\/\/semmelweis.hu\/deutsch\/files\/2023\/01\/Maria_Terezia_alapito-400x267.jpg\" alt=\"\" width=\"400\" height=\"267\" srcset=\"https:\/\/semmelweis.hu\/deutsch\/files\/2023\/01\/Maria_Terezia_alapito-400x267.jpg 400w, https:\/\/semmelweis.hu\/deutsch\/files\/2023\/01\/Maria_Terezia_alapito-768x512.jpg 768w, https:\/\/semmelweis.hu\/deutsch\/files\/2023\/01\/Maria_Terezia_alapito-753x502.jpg 753w, https:\/\/semmelweis.hu\/deutsch\/files\/2023\/01\/Maria_Terezia_alapito-203x135.jpg 203w, https:\/\/semmelweis.hu\/deutsch\/files\/2023\/01\/Maria_Terezia_alapito.jpg 950w\" sizes=\"auto, (max-width: 400px) 100vw, 400px\" \/><\/a><\/strong><\/p>\n<h2>Die Gr\u00fcndung der medizinischen Fakult\u00e4t<\/h2>\n<p><strong>Die Semmelweis Universit\u00e4t ist Ungarns \u00e4lteste, heute noch bestehende medizinische Universit\u00e4t.\u00a0<\/strong>Kardinal P\u00e9ter P\u00e1zm\u00e1ny gr\u00fcndete 1635 in Nagyszombat, wo sein Bischofssitz war (heute Trnava, Slovakei), die Universit\u00e4t, die heute in Budapest existiert. Den damaligen zwei Fakult\u00e4ten (Theologie und Jura) schlo\u00df K\u00f6nigin Maria Theresia am 7. November 1769 die medizinische Fakult\u00e4t an.<\/p>\n<p>Die neue Fakult\u00e4t wurde bereits 1777 nach Buda verlegt. Das &#8222;Diploma Inaugurale&#8220;, in dem die Rechte der Universit\u00e4t und auch die zu ihrer Erhaltung notwendigen finanziellen Mittel aufgezeichnet sind, stammt aus dem Jahre 1780. Nach wenigen Jahren siedelte die Fakult\u00e4t von Buda, also vom rechten Ufer der Donau, nach Pest, auf das linke Ufer der Donau. (Buda und Pest waren bis zu den siebziger Jahren des neunzehnten Jahrhunderts noch selbst\u00e4ndige St\u00e4dte.) Die ehemalige Universit\u00e4t von Nagyszombat wurde erst im Jahre 1848 zu einer nationalen Universit\u00e4t, in der Zeit der ungarischen Revolution und des Freiheitskampfes.<\/p>\n<p><a href=\"https:\/\/semmelweis.hu\/deutsch\/files\/2019\/09\/semmelweis_ignac_fiatalkori_portre.jpeg\"><img loading=\"lazy\" decoding=\"async\" class=\"wp-image-2494 alignleft\" src=\"https:\/\/semmelweis.hu\/deutsch\/files\/2019\/09\/semmelweis_ignac_fiatalkori_portre.jpeg\" alt=\"\" width=\"288\" height=\"410\" srcset=\"https:\/\/semmelweis.hu\/deutsch\/files\/2019\/09\/semmelweis_ignac_fiatalkori_portre.jpeg 600w, https:\/\/semmelweis.hu\/deutsch\/files\/2019\/09\/semmelweis_ignac_fiatalkori_portre-211x300.jpeg 211w\" sizes=\"auto, (max-width: 288px) 100vw, 288px\" \/><\/a>Die Medizinische Fakult\u00e4t der Pester Universit\u00e4t war f\u00fcr neue Verfahren und Tendenzen immer ge\u00f6ffnet: z.B. schon wenige Monate nach ihrer Entdeckung wurde die \u00c4thernarkose angewendet; das zweite Hygienische Institut in Europa wurde an dieser Fakult\u00e4t errichtet; <strong>Ignaz Philipp Semmelweis<\/strong>, der die Ursache und die Prophylaxe des Kindbettfiebers als erster entdeckt hat, erhielt einen Lehrstuhl an dieser Fakult\u00e4t.<\/p>\n<p>Der Ausbau der heutigen Kliniken und theoretischen Institute erfolgte am Ende des 19. Jahrhunderts. Diese Geb\u00e4ude, restauriert und modernisiert, werden bis heute benutzt. Neue Kliniken und Institute sind zum Teil zu Beginn des 20. Jahrhunderts, zum Teil in den letzten Jahrzehnten gebaut worden, und einige Krankenh\u00e4user und Krankenhaus-Abteilungen haben den Lehrstuhl-Status erhalten.<\/p>\n<h2>Die Gr\u00fcndung der eigenst\u00e4ndigen medizinischen Universit\u00e4t<\/h2>\n<p>Im Jahre 1951 wurde die Medizinische Fakult\u00e4t von der Budapester Universit\u00e4t abgetrennt und als selbst\u00e4ndige Universit\u00e4t anerkannt. Wenige Jahre danach wurden auch die Fakult\u00e4ten f\u00fcr Zahnmedizin und f\u00fcr Pharmazie gegr\u00fcndet. Im Jahre 1969, zum 200. Jahrestag der Gr\u00fcndung der Fakult\u00e4t, nahm die aus drei Fakult\u00e4ten bestehende Universit\u00e4t zu Ehren ihres ehemaligen Professors den Namen &#8222;Semmelweis Universit\u00e4t f\u00fcr Medizinische Wissenschaften&#8220; an.<\/p>\n\r\n        [slb_exclude]\r\n        <div class=\"row galeria-wrapper mx-0 h-auto\">\r\n            <div class=\"col-9 pl-0 pr-2\">\r\n            <span class=\"gallery-item frame\">\r\n\t\t\t\t<div class=\"galeria-left-img\"><a href=\"https:\/\/semmelweis.hu\/deutsch\/files\/2023\/01\/alapitookirat.jpg\"><img src=https:\/\/semmelweis.hu\/deutsch\/files\/2023\/01\/alapitookirat.jpg  \r\n                            alt=\"\" \r\n                            class=\"attachment-sote-gallery-big size-sote-gallery-big\" \r\n                            srcset=\"https:\/\/semmelweis.hu\/deutsch\/files\/2023\/01\/alapitookirat-400x282.jpg 400w, https:\/\/semmelweis.hu\/deutsch\/files\/2023\/01\/alapitookirat-1024x721.jpg 1024w, https:\/\/semmelweis.hu\/deutsch\/files\/2023\/01\/alapitookirat-768x541.jpg 768w, https:\/\/semmelweis.hu\/deutsch\/files\/2023\/01\/alapitookirat-753x530.jpg 753w, https:\/\/semmelweis.hu\/deutsch\/files\/2023\/01\/alapitookirat.jpg 1200w\" ><\/a><\/div>\r\n            <\/span>\r\n\r\n            <\/div>\r\n\r\n\t\t\t<div class=\"col-3 pl-0 pr-0\">\r\n\t\t\t\t<div class=\"galeria-right-img d-flex justify-content-between flex-column h-100 w-100 px-0 mx-0 \">\r\n                <div class=\"galeria-box\">\r\n\t\t\t\t\t<h3 class=\"galeria-title\">Galerie<\/h3>\r\n\t\t\t\t\t<div class=\"galeria-subtitle\">\r\n\r\n\t\t\t\t\t\t<div class=\"galeria-page-counter\"><span>14<\/span>bilder<\/div>\r\n                    <\/div> <\/div>\r\n                    <span class=\"gallery-item frame d-none d-md-flex\">\r\n\t\t\t\t\t<div class=\"galeria-small-img mt-0\"><a href=\"https:\/\/semmelweis.hu\/deutsch\/files\/2023\/01\/oklevel.jpg\"><img src=https:\/\/semmelweis.hu\/deutsch\/files\/2023\/01\/oklevel.jpg \r\n                                alt=\"\"  \r\n                                class=\"attachment-sote-gallery-small size-sote-gallery-small\" \r\n                                srcset=\"https:\/\/semmelweis.hu\/deutsch\/files\/2023\/01\/oklevel-400x255.jpg 400w, https:\/\/semmelweis.hu\/deutsch\/files\/2023\/01\/oklevel.jpg 700w\" ><\/a><\/div>\r\n                    <\/span>\r\n                    <span class=\"gallery-item frame d-none d-md-flex\">\r\n\t\t\t\t\t<div class=\"galeria-small-img mt-0\"><a href=\"https:\/\/semmelweis.hu\/deutsch\/files\/2023\/01\/Institute_dAnatomie.jpg\"><img src=https:\/\/semmelweis.hu\/deutsch\/files\/2023\/01\/Institute_dAnatomie.jpg \r\n                                alt=\"\" \r\n                                class=\"attachment-sote-gallery-small size-sote-gallery-small\" \r\n                                srcset=\"https:\/\/semmelweis.hu\/deutsch\/files\/2023\/01\/Institute_dAnatomie-400x283.jpg 400w, https:\/\/semmelweis.hu\/deutsch\/files\/2023\/01\/Institute_dAnatomie-1024x725.jpg 1024w, https:\/\/semmelweis.hu\/deutsch\/files\/2023\/01\/Institute_dAnatomie-768x544.jpg 768w, https:\/\/semmelweis.hu\/deutsch\/files\/2023\/01\/Institute_dAnatomie-1536x1087.jpg 1536w, https:\/\/semmelweis.hu\/deutsch\/files\/2023\/01\/Institute_dAnatomie-2048x1450.jpg 2048w, https:\/\/semmelweis.hu\/deutsch\/files\/2023\/01\/Institute_dAnatomie-753x533.jpg 753w\" ><\/a><\/div>\r\n                    <\/span>\r\n\r\n                <\/div>\r\n\r\n            <\/div>\r\n\r\n            <span class=\"gallery-item\"><div class=\"hidden\"><a href=\"https:\/\/semmelweis.hu\/deutsch\/files\/2023\/01\/Uelloi-ut.jpg\">\r\n        <img src=https:\/\/semmelweis.hu\/deutsch\/files\/2023\/01\/Uelloi-ut.jpg alt=\"\" class=\"attachment-sote-gallery-big size-sote-gallery-big\" srcset=\"https:\/\/semmelweis.hu\/deutsch\/files\/2023\/01\/Uelloi-ut-400x261.jpg 400w, https:\/\/semmelweis.hu\/deutsch\/files\/2023\/01\/Uelloi-ut.jpg 500w\" >\r\n        <\/a><\/div><\/span><span class=\"gallery-item\"><div class=\"hidden\"><a href=\"https:\/\/semmelweis.hu\/deutsch\/files\/2023\/01\/gyogyszertani-inteze-hallgatok_regi.jpg\">\r\n        <img src=https:\/\/semmelweis.hu\/deutsch\/files\/2023\/01\/gyogyszertani-inteze-hallgatok_regi.jpg alt=\"\" class=\"attachment-sote-gallery-big size-sote-gallery-big\" srcset=\"https:\/\/semmelweis.hu\/deutsch\/files\/2023\/01\/gyogyszertani-inteze-hallgatok_regi-400x251.jpg 400w, https:\/\/semmelweis.hu\/deutsch\/files\/2023\/01\/gyogyszertani-inteze-hallgatok_regi-1024x643.jpg 1024w, https:\/\/semmelweis.hu\/deutsch\/files\/2023\/01\/gyogyszertani-inteze-hallgatok_regi-768x483.jpg 768w, https:\/\/semmelweis.hu\/deutsch\/files\/2023\/01\/gyogyszertani-inteze-hallgatok_regi-1536x965.jpg 1536w, https:\/\/semmelweis.hu\/deutsch\/files\/2023\/01\/gyogyszertani-inteze-hallgatok_regi-2048x1287.jpg 2048w, https:\/\/semmelweis.hu\/deutsch\/files\/2023\/01\/gyogyszertani-inteze-hallgatok_regi-753x473.jpg 753w\" >\r\n        <\/a><\/div><\/span><span class=\"gallery-item\"><div class=\"hidden\"><a href=\"https:\/\/semmelweis.hu\/deutsch\/files\/2023\/01\/dolinger_gyula_bemutato.jpg\">\r\n        <img src=https:\/\/semmelweis.hu\/deutsch\/files\/2023\/01\/dolinger_gyula_bemutato.jpg alt=\"\" class=\"attachment-sote-gallery-big size-sote-gallery-big\" srcset=\"https:\/\/semmelweis.hu\/deutsch\/files\/2023\/01\/dolinger_gyula_bemutato-400x293.jpg 400w, https:\/\/semmelweis.hu\/deutsch\/files\/2023\/01\/dolinger_gyula_bemutato.jpg 640w\" >\r\n        <\/a><\/div><\/span><span class=\"gallery-item\"><div class=\"hidden\"><a href=\"https:\/\/semmelweis.hu\/deutsch\/files\/2023\/01\/3_belgyogyaszati_klinika_elektroterapia-scaled.jpg\">\r\n        <img src=https:\/\/semmelweis.hu\/deutsch\/files\/2023\/01\/3_belgyogyaszati_klinika_elektroterapia-scaled.jpg alt=\"\" class=\"attachment-sote-gallery-big size-sote-gallery-big\" srcset=\"https:\/\/semmelweis.hu\/deutsch\/files\/2023\/01\/3_belgyogyaszati_klinika_elektroterapia-400x259.jpg 400w, https:\/\/semmelweis.hu\/deutsch\/files\/2023\/01\/3_belgyogyaszati_klinika_elektroterapia-1024x663.jpg 1024w, https:\/\/semmelweis.hu\/deutsch\/files\/2023\/01\/3_belgyogyaszati_klinika_elektroterapia-768x497.jpg 768w, https:\/\/semmelweis.hu\/deutsch\/files\/2023\/01\/3_belgyogyaszati_klinika_elektroterapia-1536x994.jpg 1536w, https:\/\/semmelweis.hu\/deutsch\/files\/2023\/01\/3_belgyogyaszati_klinika_elektroterapia-2048x1326.jpg 2048w, https:\/\/semmelweis.hu\/deutsch\/files\/2023\/01\/3_belgyogyaszati_klinika_elektroterapia-753x487.jpg 753w\" >\r\n        <\/a><\/div><\/span><span class=\"gallery-item\"><div class=\"hidden\"><a href=\"https:\/\/semmelweis.hu\/deutsch\/files\/2023\/01\/sebeszet_1910.jpg\">\r\n        <img src=https:\/\/semmelweis.hu\/deutsch\/files\/2023\/01\/sebeszet_1910.jpg alt=\"\" class=\"attachment-sote-gallery-big size-sote-gallery-big\" srcset=\"https:\/\/semmelweis.hu\/deutsch\/files\/2023\/01\/sebeszet_1910-400x240.jpg 400w, https:\/\/semmelweis.hu\/deutsch\/files\/2023\/01\/sebeszet_1910-768x461.jpg 768w, https:\/\/semmelweis.hu\/deutsch\/files\/2023\/01\/sebeszet_1910-753x452.jpg 753w, https:\/\/semmelweis.hu\/deutsch\/files\/2023\/01\/sebeszet_1910.jpg 942w\" >\r\n        <\/a><\/div><\/span><span class=\"gallery-item\"><div class=\"hidden\"><a href=\"https:\/\/semmelweis.hu\/deutsch\/files\/2023\/01\/RS43014_100.-Stomatologiai-Klinika-fogtechnikai-laboratorium-scr.jpg\">\r\n        <img src=https:\/\/semmelweis.hu\/deutsch\/files\/2023\/01\/RS43014_100.-Stomatologiai-Klinika-fogtechnikai-laboratorium-scr.jpg alt=\"\" class=\"attachment-sote-gallery-big size-sote-gallery-big\" srcset=\"https:\/\/semmelweis.hu\/deutsch\/files\/2023\/01\/RS43014_100.-Stomatologiai-Klinika-fogtechnikai-laboratorium-scr-400x248.jpg 400w, https:\/\/semmelweis.hu\/deutsch\/files\/2023\/01\/RS43014_100.-Stomatologiai-Klinika-fogtechnikai-laboratorium-scr-768x476.jpg 768w, https:\/\/semmelweis.hu\/deutsch\/files\/2023\/01\/RS43014_100.-Stomatologiai-Klinika-fogtechnikai-laboratorium-scr-753x467.jpg 753w, https:\/\/semmelweis.hu\/deutsch\/files\/2023\/01\/RS43014_100.-Stomatologiai-Klinika-fogtechnikai-laboratorium-scr.jpg 950w\" >\r\n        <\/a><\/div><\/span><span class=\"gallery-item\"><div class=\"hidden\"><a href=\"https:\/\/semmelweis.hu\/deutsch\/files\/2023\/01\/RS43019_105.-Stomatologiai-Klinika-kezelo-scr.jpg\">\r\n        <img src=https:\/\/semmelweis.hu\/deutsch\/files\/2023\/01\/RS43019_105.-Stomatologiai-Klinika-kezelo-scr.jpg alt=\"\" class=\"attachment-sote-gallery-big size-sote-gallery-big\" srcset=\"https:\/\/semmelweis.hu\/deutsch\/files\/2023\/01\/RS43019_105.-Stomatologiai-Klinika-kezelo-scr-400x243.jpg 400w, https:\/\/semmelweis.hu\/deutsch\/files\/2023\/01\/RS43019_105.-Stomatologiai-Klinika-kezelo-scr-768x466.jpg 768w, https:\/\/semmelweis.hu\/deutsch\/files\/2023\/01\/RS43019_105.-Stomatologiai-Klinika-kezelo-scr-753x457.jpg 753w, https:\/\/semmelweis.hu\/deutsch\/files\/2023\/01\/RS43019_105.-Stomatologiai-Klinika-kezelo-scr.jpg 950w\" >\r\n        <\/a><\/div><\/span><span class=\"gallery-item\"><div class=\"hidden\"><a href=\"https:\/\/semmelweis.hu\/deutsch\/files\/2023\/01\/bokay_demo.jpg\">\r\n        <img src=https:\/\/semmelweis.hu\/deutsch\/files\/2023\/01\/bokay_demo.jpg alt=\"\" class=\"attachment-sote-gallery-big size-sote-gallery-big\" srcset=\"https:\/\/semmelweis.hu\/deutsch\/files\/2023\/01\/bokay_demo-400x299.jpg 400w, https:\/\/semmelweis.hu\/deutsch\/files\/2023\/01\/bokay_demo.jpg 450w\" >\r\n        <\/a><\/div><\/span><span class=\"gallery-item\"><div class=\"hidden\"><a href=\"https:\/\/semmelweis.hu\/deutsch\/files\/2023\/01\/3_belgyogyaszati_klinika_korterem-scaled.jpg\">\r\n        <img src=https:\/\/semmelweis.hu\/deutsch\/files\/2023\/01\/3_belgyogyaszati_klinika_korterem-scaled.jpg alt=\"\" class=\"attachment-sote-gallery-big size-sote-gallery-big\" srcset=\"https:\/\/semmelweis.hu\/deutsch\/files\/2023\/01\/3_belgyogyaszati_klinika_korterem-400x279.jpg 400w, https:\/\/semmelweis.hu\/deutsch\/files\/2023\/01\/3_belgyogyaszati_klinika_korterem-1024x714.jpg 1024w, https:\/\/semmelweis.hu\/deutsch\/files\/2023\/01\/3_belgyogyaszati_klinika_korterem-768x536.jpg 768w, https:\/\/semmelweis.hu\/deutsch\/files\/2023\/01\/3_belgyogyaszati_klinika_korterem-1536x1071.jpg 1536w, https:\/\/semmelweis.hu\/deutsch\/files\/2023\/01\/3_belgyogyaszati_klinika_korterem-2048x1429.jpg 2048w, https:\/\/semmelweis.hu\/deutsch\/files\/2023\/01\/3_belgyogyaszati_klinika_korterem-753x525.jpg 753w\" >\r\n        <\/a><\/div><\/span><span class=\"gallery-item\"><div class=\"hidden\"><a href=\"https:\/\/semmelweis.hu\/deutsch\/files\/2023\/01\/bote_gyogyszereszeti_laboratorium.jpg\">\r\n        <img src=https:\/\/semmelweis.hu\/deutsch\/files\/2023\/01\/bote_gyogyszereszeti_laboratorium.jpg alt=\"\" class=\"attachment-sote-gallery-big size-sote-gallery-big\" srcset=\"https:\/\/semmelweis.hu\/deutsch\/files\/2023\/01\/bote_gyogyszereszeti_laboratorium-400x318.jpg 400w, https:\/\/semmelweis.hu\/deutsch\/files\/2023\/01\/bote_gyogyszereszeti_laboratorium-768x610.jpg 768w, https:\/\/semmelweis.hu\/deutsch\/files\/2023\/01\/bote_gyogyszereszeti_laboratorium-753x598.jpg 753w, https:\/\/semmelweis.hu\/deutsch\/files\/2023\/01\/bote_gyogyszereszeti_laboratorium.jpg 831w\" >\r\n        <\/a><\/div><\/span><span class=\"gallery-item\"><div class=\"hidden\"><a href=\"https:\/\/semmelweis.hu\/deutsch\/files\/2023\/01\/szentagothai_eloadas_kozben_anatomia.jpg\">\r\n        <img src=https:\/\/semmelweis.hu\/deutsch\/files\/2023\/01\/szentagothai_eloadas_kozben_anatomia.jpg alt=\"\" class=\"attachment-sote-gallery-big size-sote-gallery-big\" srcset=\"https:\/\/semmelweis.hu\/deutsch\/files\/2023\/01\/szentagothai_eloadas_kozben_anatomia-400x266.jpg 400w, https:\/\/semmelweis.hu\/deutsch\/files\/2023\/01\/szentagothai_eloadas_kozben_anatomia-203x135.jpg 203w, https:\/\/semmelweis.hu\/deutsch\/files\/2023\/01\/szentagothai_eloadas_kozben_anatomia.jpg 600w\" >\r\n        <\/a><\/div><\/span>\r\n            <\/div>\r\n\r\n            [\/slb_exclude]\r\n\t\n<h2>Die Geschichte der Semmelweis Universit\u00e4t im 21. Jahrhundert<\/h2>\n<p>Ab 1. Januar 2000 wurden zwei andere Hochschulen mit unserer Universit\u00e4t vereint (Haynal Imre Universit\u00e4t f\u00fcr die Gesundheitswissenschaften und der Ungarischen Universit\u00e4t f\u00fcr K\u00f6rpererziehung). Die Universit\u00e4t hat im M\u00e4rz 2010 \u2013 mit Teilnahme von drei auf benachbarten Gebieten der Naturwissenschaften und der Gesellschaftswissenschaften funktionierenden Instituten (Zentrum f\u00fcr Manager Ausbildung, Institut f\u00fcr Mentalhygiene, Institut f\u00fcr Entwicklung und Weiterbildung der Gesundheitsinformatik) \u2013 ihre sechste Fakult\u00e4t (Fakult\u00e4t f\u00fcr \u00d6ffentliches Gesundheitswesen und Verwaltung) gr\u00fcndet.<\/p>\n<p>Am 1. September 2014 schied sich die Fakult\u00e4t f\u00fcr K\u00f6rpererziehung und Sportwissenschaften aus der Semmelweis Universit\u00e4t und setzte ihre T\u00e4tigkeit wieder selbst\u00e4ndig als Universit\u00e4t f\u00fcr K\u00f6rpererziehung fort. Am 1. August 2017 schlossen sich an die Universit\u00e4t die Pet\u0151 Andr\u00e1s Hochschule sowie das deren Teil bildende Konduktives P\u00e4dagogisches Zentrum an, das von da an als Pet\u0151 Andr\u00e1s Fakult\u00e4t (PAK) funktioniert. Dadurch erh\u00f6hte sich die Anzahl der Fakult\u00e4ten auf sechs.<\/p>\n<p>Die Universit\u00e4t feierte 2018 das Jubil\u00e4um des 200. Geburtstags des Namensgebers der Universit\u00e4t Ign\u00e1c Semmelweis mit einem Gedenkjahr, wobei mit der festlichen Er\u00f6ffnung des Studienjahres 2019\/20 das Jubil\u00e4umsjahr der Universit\u00e4t beginnt, mit dem wir dem 250. Jahresjubil\u00e4um der Gr\u00fcndung Ehre geben.<\/p>\n<p>Am 1. August 2019 sind vier Berufsfachschulen f\u00fcr Gesundheitsberufe in die Semmelweis Universit\u00e4t integriert worden. Der Ausbildungsangebot der Universit\u00e4t wurde in dieser Weise \u2013 neben der Hochschulausbildung \u2013 um Ausbildung f\u00fcr Gesundheitsberufe auf der Sekundarstufe erweitert.<\/p>\n<p>Seit dem 1. August 2021 wird die Universit\u00e4t von einer gemeinn\u00fctzigen Verm\u00f6gensverwaltungsstiftung mit \u00f6ffentlicher Aufgabe, der Stiftung f\u00fcr das nationale Gesundheitswesen und die medizinische Ausbildung (NEOA), betrieben.<\/p>\n<p>Im akademischen Jahr 2022\/2023 feierte die Semmelweis Universit\u00e4t das <a href=\"https:\/\/semmelweis.hu\/international40\/de\/\" target=\"_blank\" rel=\"noopener\">40-j\u00e4hrige Jubil\u00e4um<\/a> des Beginns der internationalen Medizinausbildung des Instituts (die deutschsprachige Ausbildung begann 1983, 1989 folgte die englischsprachige Ausbildung). In dieser Zeit hat sich die Semmelweis Universit\u00e4t zu einer der f\u00fchrenden englischsprachigen und deutschsprachigen Ausbildungsinstitute in Europa entwickelt. Alle unsere Fakult\u00e4ten und Doktorandenschulen bieten eine Form der Ausbildungen auf Fremdsprachen an, und wir haben ebenfalls Programme au\u00dferhalb des Campus in Deutschland, Rum\u00e4nien, der Schweiz, Serbien und der Slowakei.\u00a0<\/p>\n","protected":false},"excerpt":{"rendered":"<p>250 Jahre EXZELLENZ in medizinischer Lehre, Forschung &amp; Innovation und Krankenversorgung <a href=\"https:\/\/semmelweis.hu\/deutsch\/files\/2023\/01\/Maria_Terezia_alapito.jpg\"><\/a> Die Gr\u00fcndung der medizinischen Fakult\u00e4t Die Semmelweis Universit\u00e4t ist Ungarns \u00e4lteste, heute noch bestehende medizinische Universit\u00e4t.\u00a0Kardinal P\u00e9ter P\u00e1zm\u00e1ny gr\u00fcndete 1635 in Nagyszombat, wo sein Bischofssitz war (heute Trnava, Slovakei), die Universit\u00e4t, die heute in Budapest existiert. Den damaligen zwei Fakult\u00e4ten (Theologie und Jura) schlo\u00df &hellip;<\/p>\n","protected":false},"author":101614,"featured_media":0,"parent":1941,"menu_order":1,"comment_status":"closed","ping_status":"closed","template":"template-fullwidth.php","meta":{"_acf_changed":false,"footnotes":""},"categories":[],"tags":[],"class_list":["post-1800","page","type-page","status-publish","hentry"],"acf":[],"_links":{"self":[{"href":"https:\/\/semmelweis.hu\/deutsch\/wp-json\/wp\/v2\/pages\/1800","targetHints":{"allow":["GET"]}}],"collection":[{"href":"https:\/\/semmelweis.hu\/deutsch\/wp-json\/wp\/v2\/pages"}],"about":[{"href":"https:\/\/semmelweis.hu\/deutsch\/wp-json\/wp\/v2\/types\/page"}],"author":[{"embeddable":true,"href":"https:\/\/semmelweis.hu\/deutsch\/wp-json\/wp\/v2\/users\/101614"}],"replies":[{"embeddable":true,"href":"https:\/\/semmelweis.hu\/deutsch\/wp-json\/wp\/v2\/comments?post=1800"}],"version-history":[{"count":12,"href":"https:\/\/semmelweis.hu\/deutsch\/wp-json\/wp\/v2\/pages\/1800\/revisions"}],"predecessor-version":[{"id":40098,"href":"https:\/\/semmelweis.hu\/deutsch\/wp-json\/wp\/v2\/pages\/1800\/revisions\/40098"}],"up":[{"embeddable":true,"href":"https:\/\/semmelweis.hu\/deutsch\/wp-json\/wp\/v2\/pages\/1941"}],"wp:attachment":[{"href":"https:\/\/semmelweis.hu\/deutsch\/wp-json\/wp\/v2\/media?parent=1800"}],"wp:term":[{"taxonomy":"category","embeddable":true,"href":"https:\/\/semmelweis.hu\/deutsch\/wp-json\/wp\/v2\/categories?post=1800"},{"taxonomy":"post_tag","embeddable":true,"href":"https:\/\/semmelweis.hu\/deutsch\/wp-json\/wp\/v2\/tags?post=1800"}],"curies":[{"name":"wp","href":"https:\/\/api.w.org\/{rel}","templated":true}]}}