{"id":1796,"date":"2019-08-23T15:25:36","date_gmt":"2019-08-23T15:25:36","guid":{"rendered":"http:\/\/wp2.localhost\/z01\/die-fakultat-fur-zahnheilkunde-an-der-semmelweis-universitat\/"},"modified":"2020-11-20T11:11:59","modified_gmt":"2020-11-20T10:11:59","slug":"die-fakultat-fur-zahnheilkunde-an-der-semmelweis-universitat","status":"publish","type":"page","link":"https:\/\/semmelweis.hu\/deutsch\/einrichtungen\/die-fakultat-fur-zahnheilkunde-an-der-semmelweis-universitat\/","title":{"rendered":"Fakult\u00e4t f\u00fcr Zahnheilkunde"},"content":{"rendered":"<h6><a href=\"https:\/\/semmelweis.hu\/deutsch\/files\/2020\/11\/Studienfuehrer_2020_2021_Einrichtungen_Humanmed_S39-48_korrigiert.pdf\" target=\"_blank\" rel=\"noopener noreferrer\"><strong><img loading=\"lazy\" decoding=\"async\" class=\"alignleft\" src=\"https:\/\/semmelweis.hu\/deutsch\/files\/2020\/11\/Studienf\u00fchrer_2020_21_borito2.jpg\" alt=\"\" width=\"118\" height=\"130\" \/><br \/>\n<\/strong><\/a><\/h6>\n<h6><a href=\"https:\/\/semmelweis.hu\/deutsch\/files\/2020\/11\/Studienfuehrer_2020_2021_Einrichtungen_Zahnmed_S285-293.pdf\" target=\"_blank\" rel=\"noopener noreferrer\"><strong><br \/>\nDEN UNTERRICHT AUS\u00dcBENDE INSTITUTE, KLINIKEN UND LEHRST\u00dcHLE (I.\u2013V. STUDIENJAHR)<\/strong><\/a><br \/>\n(PDF, Auszug aus dem Studienf\u00fchrer 2020\/2021, S. 285\u2013293; detaillierte Informationen)<\/h6>\n<p>&nbsp;<\/p>\n<h6 style=\"text-align: left\">Den Unterricht aus\u00fcbende\u00a0Institute und\u00a0Kliniken\u00a0der <strong>Medizinischen<\/strong> Fakult\u00e4t, Institute und\u00a0Kliniken\u00a0der Fakult\u00e4t f\u00fcr <strong>Zahnheilkunde<\/strong>:<\/h6>\n<div class=\"responsive-tabs\">\n<h2 class=\"tabtitle\"><strong>Med. Fak.<\/strong><\/h2>\n<div class=\"tabcontent\">\n\n<p>&nbsp;<\/p>\n<h2>Einrichtungen der Medizinischen Fakult\u00e4t<\/h2>\n<h3>Institute<\/h3>\n<p>&nbsp;<\/p>\n<h6>INSTITUT F\u00dcR <strong><a href=\"https:\/\/semmelweis.hu\/anatomia\/de\/\" target=\"_blank\" rel=\"noopener noreferrer\">ANATOMIE, HISTOLOGIE UND EMBRYOLOGIE<\/a><\/strong><\/h6>\n<h6>INSTITUT F\u00dcR MEDIZINISCHE <strong><a href=\"https:\/\/semmelweis.hu\/biokemia\/de\/\" target=\"_blank\" rel=\"noopener noreferrer\">BIOCHEMIE<\/a><\/strong><\/h6>\n<h6>INSTITUT F\u00dcR <a href=\"http:\/\/biofiz.semmelweis.hu\/index.php?mid=1&amp;nyelv=ger\" target=\"_blank\" rel=\"noopener noreferrer\"><strong>BIOPHYSIK UND STRAHLENBIOLOGIE<\/strong><\/a><\/h6>\n<h6>INSTITUT F\u00dcR MEDIZINISCHE <strong><a href=\"https:\/\/semmelweis.hu\/orvosi-vegytan\/de\/\" target=\"_blank\" rel=\"noopener noreferrer\">CHEMIE, MOLEKULARBIOLOGIE UND PATHOBIOCHEMIE<\/a><\/strong><\/h6>\n<h6>INSTITUT F\u00dcR <strong><a href=\"http:\/\/gsi.semmelweis.hu\/index.php\/de\/\" target=\"_blank\" rel=\"noopener noreferrer\">GENETIK, ZELL- UND IMMUNBIOLOGIE<\/a><\/strong><\/h6>\n<h6>INSTITUT F\u00dcR <strong><a href=\"https:\/\/semmelweis.hu\/elettan\/de\/\" target=\"_blank\" rel=\"noopener noreferrer\">PHYSIOLOGIE<\/a><\/strong><\/h6>\n<h6>INSTITUT F\u00dcR MEDIZINISCHE <strong><a href=\"https:\/\/semmelweis.hu\/mikrobiologia\/de\/\" target=\"_blank\" rel=\"noopener noreferrer\">MIKROBIOLOGIE<\/a><\/strong><\/h6>\n<h6>INSTITUT F\u00dcR <strong><a href=\"https:\/\/semmelweis.hu\/nepegeszsegtan\/de\/\" target=\"_blank\" rel=\"noopener noreferrer\">HYGIENE<\/a><\/strong><\/h6>\n<h6>I. INSTITUT F\u00dcR <strong><a href=\"https:\/\/semmelweis.hu\/patologia1\/de\/\" target=\"_blank\" rel=\"noopener noreferrer\">PATHOLOGIE UND EXPERIMENTELLE KREBSFORSCHUNG<\/a><\/strong><\/h6>\n<h6>INSTITUT F\u00dcR <strong><a href=\"https:\/\/semmelweis.hu\/pharmacology\/de\/\" target=\"_blank\" rel=\"noopener noreferrer\">PHARMAKOLOGIE UND PHARMAKOTHERAPIE<\/a><\/strong><\/h6>\n<h6>INSTITUT F\u00dcR <strong><a href=\"https:\/\/semmelweis.hu\/igazsagugy\/\" target=\"_blank\" rel=\"noopener noreferrer\">RECHTS- UND VERSICHERUNGSMEDIZIN<\/a><\/strong><\/h6>\n<h6>INSTITUT F\u00dcR <strong><a href=\"https:\/\/semmelweis.hu\/magtud\/de\/\" target=\"_blank\" rel=\"noopener noreferrer\">VERHALTENSWISSENSCHAFTEN<\/a><\/strong><\/h6>\n<h6>INSTITUT F\u00dcR <strong><a href=\"https:\/\/semmelweis.hu\/nykk\/de\/dz\/\" target=\"_blank\" rel=\"noopener noreferrer\">FACHSPRACHEN<\/a><\/strong><\/h6>\n<h6>ZENTRUM F\u00dcR <strong><a href=\"https:\/\/semmelweis.hu\/sportkozpont\/english\/\" target=\"_blank\" rel=\"noopener noreferrer\">K\u00d6RPERERZIEHUNG UND SPORT<\/a><\/strong><\/h6>\n<h6>INSTITUT F\u00dcR <strong><a href=\"https:\/\/semmelweis.hu\/dei\/de\/\" target=\"_blank\" rel=\"noopener noreferrer\">DIGITALE GESUNDHEITSWISSENSCHAFTEN<\/a><\/strong><\/h6>\n<h6>LEHRSTUHL F\u00dcR <strong><a href=\"https:\/\/semmelweis.hu\/surgosseg\/de\/\" target=\"_blank\" rel=\"noopener noreferrer\">NOTFALLMEDIZIN UND OXYOLOGIE<\/a><\/strong><\/h6>\n<h6><strong>LANDESRETTUNGSDIENST<\/strong><\/h6>\n<h6>LEHRSTUHLGRUPPE F\u00dcR <strong><a href=\"https:\/\/semmelweis.hu\/honved\/\" target=\"_blank\" rel=\"noopener noreferrer\">ORDNUNGSSCHUTZ, MILIT\u00c4R- UND KATASTROPHENMEDIZIN<\/a><\/strong><\/h6>\n<h6>DIREKTION F\u00dcR <strong><a href=\"https:\/\/semmelweis.hu\/biztonsag\/tajekoztatok\/hallgatoi-oktatas\/\" target=\"_blank\" rel=\"noopener noreferrer\">SICHERHEITSTECHNIK<\/a><\/strong><\/h6>\n<p>&nbsp;<\/p>\n<h2>Einrichtungen der Medizinischen Fakult\u00e4t<\/h2>\n<h3>Kliniken<\/h3>\n<p>&nbsp;<\/p>\n<h6>KLINIK F\u00dcR <strong><a href=\"https:\/\/semmelweis.hu\/szemeszet\/bildung\/\" target=\"_blank\" rel=\"noopener noreferrer\">AUGENHEILKUNDE<\/a><\/strong><\/h6>\n<h6>LEHRSTUHLGRUPPE F\u00dcR CHIRURGIE DER I. KLINIK F\u00dcR CHIRURGIE<br \/>\n(Chirurgische Abteilung des <strong>Szent Istv\u00e1n<\/strong> und <strong>Szent L\u00e1szl\u00f3 Krankenhaus<\/strong>es)<\/h6>\n<h6>KLINIK F\u00dcR <strong><a href=\"https:\/\/semmelweis.hu\/borklinika\/de\/\" target=\"_blank\" rel=\"noopener noreferrer\">DERMATO- VENEROLOGIE UND -ONKOLOGIE<\/a><\/strong><\/h6>\n<h6>II. KLINIK F\u00dcR <strong><a href=\"https:\/\/semmelweis.hu\/szuleszet2\/\" target=\"_blank\" rel=\"noopener noreferrer\">GEBURTSHILFE UND FRAUENHEILKUNDE<\/a><\/strong><\/h6>\n<h6>KLINIK F\u00dcR <strong><a href=\"https:\/\/semmelweis.hu\/fulorrgegeszet\/deutsch\/\" target=\"_blank\" rel=\"noopener noreferrer\">HALS-, NASEN- UND OHRENHEILKUNDE, KOPF- UND HALSCHIRURGIE<\/a><\/strong><\/h6>\n<h6>KLINIK F\u00dcR <strong><a href=\"https:\/\/semmelweis.hu\/belgyogyaszat3\/deutsch\/\" target=\"_blank\" rel=\"noopener noreferrer\">INNERE MEDIZIN UND H\u00c4MATOLOGIE<\/a><\/strong><\/h6>\n<h6>II. KLINIK F\u00dcR <strong><a href=\"https:\/\/semmelweis.hu\/gyermekklinika2\/\" target=\"_blank\" rel=\"noopener noreferrer\">KINDERHEILKUNDE<\/a><\/strong><\/h6>\n<h6>KLINIK F\u00dcR <strong><a href=\"https:\/\/semmelweis.hu\/neurologia\/deutsch\/\" target=\"_blank\" rel=\"noopener noreferrer\">NEUROLOGIE<\/a><\/strong><\/h6>\n<h6>KLINIK F\u00dcR <strong><a href=\"https:\/\/semmelweis.hu\/pszichiatria\/oktatas\/gradualis-kepzes\/deutsch-ausbildung\/\" target=\"_blank\" rel=\"noopener noreferrer\">PSYCHIATRIE UND PSYCHOTHERAPIE<\/a><\/strong><\/h6>\n<p>&nbsp;<\/p>\n\n<\/div><h2 class=\"tabtitle\"><strong>Fak. Zahn.<\/strong><\/h2>\n<div class=\"tabcontent\">\n\n<p>&nbsp;<\/p>\n<h2>Einrichtungen der Fakult\u00e4t f\u00fcr Zahnheilkunde<\/h2>\n<h2>Institute<\/h2>\n<h6>LEHRSTUHL F\u00dcR <strong><a href=\"https:\/\/semmelweis.hu\/oralbiologia\/oktatas\/tananyagok\/deutsch-herunterladen\/\" target=\"_blank\" rel=\"noopener noreferrer\">ORALE BIOLOGIE<\/a><\/strong><\/h6>\n<h6>LEHRSTUHL F\u00dcR <strong><a href=\"https:\/\/semmelweis.hu\/oralis-diagnosztika\/de\/\" target=\"_blank\" rel=\"noopener noreferrer\">ORALE DIAGNOSTIK<\/a><\/strong><\/h6>\n<h6>LEHRSTUHL F\u00dcR <strong><a href=\"https:\/\/semmelweis.hu\/propedeutika\/deutsch\/\" target=\"_blank\" rel=\"noopener noreferrer\">PROP\u00c4DEUTIK<\/a><\/strong><\/h6>\n<h6>LEHRINSTITUT F\u00dcR <strong><a href=\"https:\/\/semmelweis.hu\/fszoi\/en\/\" target=\"_blank\" rel=\"noopener noreferrer\">ZAHNHEILKUNDE UND MUNDCHIRURGIE<\/a><\/strong><\/h6>\n<p>&nbsp;<\/p>\n<h2>Einrichtungen der Fakult\u00e4t f\u00fcr Zahnheilkunde<\/h2>\n<h2>Kliniken<\/h2>\n<h6>KLINIK F\u00dcR <strong><a href=\"https:\/\/semmelweis.hu\/konzervalo-fogaszat\/deutsch\/\" target=\"_blank\" rel=\"noopener noreferrer\">ZAHNERHALTUNGSKUNDE<\/a><\/strong><\/h6>\n<h6>KLINIK F\u00dcR <strong><a href=\"https:\/\/semmelweis.hu\/fogpotlastan\/de\/\" target=\"_blank\" rel=\"noopener noreferrer\">ZAHN\u00c4RZTLICHE PROTHETIK<\/a><\/strong><\/h6>\n<h6>KLINIK F\u00dcR <strong><a href=\"https:\/\/semmelweis.hu\/szajsebeszet\/de\/\" target=\"_blank\" rel=\"noopener noreferrer\">KIEFER-, GESICHTSCHIRURGIE UND STOMATOLOGIE<\/a><\/strong><\/h6>\n<h6>KLINIK F\u00dcR <strong><a href=\"https:\/\/semmelweis.hu\/gyermekfogaszat\/deutsch\/\" target=\"_blank\" rel=\"noopener noreferrer\">KINDERZAHNHEILKUNDE UND KIEFERORTHOP\u00c4DIE<\/a><\/strong><\/h6>\n<h6>KLINIK F\u00dcR <strong><a href=\"https:\/\/semmelweis.hu\/parodontologia\/#\" target=\"_blank\" rel=\"noopener noreferrer\">PARODONTOLOGIE<\/a><\/strong><\/h6>\n<\/div><\/div>\n","protected":false},"excerpt":{"rendered":"<p><a href=\"https:\/\/semmelweis.hu\/deutsch\/files\/2020\/11\/Studienfuehrer_2020_2021_Einrichtungen_Humanmed_S39-48_korrigiert.pdf\" target=\"_blank\" rel=\"noopener noreferrer\"> <\/a> <a href=\"https:\/\/semmelweis.hu\/deutsch\/files\/2020\/11\/Studienfuehrer_2020_2021_Einrichtungen_Zahnmed_S285-293.pdf\" target=\"_blank\" rel=\"noopener noreferrer\"> DEN UNTERRICHT AUS\u00dcBENDE INSTITUTE, KLINIKEN UND LEHRST\u00dcHLE (I.\u2013V. STUDIENJAHR)<\/a> (PDF, Auszug aus dem Studienf\u00fchrer 2020\/2021, S. 285\u2013293; detaillierte Informationen) &nbsp; Den Unterricht aus\u00fcbende\u00a0Institute und\u00a0Kliniken\u00a0der Medizinischen Fakult\u00e4t, Institute und\u00a0Kliniken\u00a0der Fakult\u00e4t f\u00fcr Zahnheilkunde: &nbsp; Einrichtungen der Medizinischen Fakult\u00e4t Institute &nbsp; INSTITUT F\u00dcR <a href=\"https:\/\/semmelweis.hu\/anatomia\/de\/\" target=\"_blank\" rel=\"noopener noreferrer\">ANATOMIE, HISTOLOGIE UND EMBRYOLOGIE<\/a> INSTITUT F\u00dcR MEDIZINISCHE <a href=\"https:\/\/semmelweis.hu\/biokemia\/de\/\" target=\"_blank\" rel=\"noopener noreferrer\">BIOCHEMIE<\/a> INSTITUT &hellip;<\/p>\n","protected":false},"author":101614,"featured_media":0,"parent":2025,"menu_order":2,"comment_status":"closed","ping_status":"closed","template":"","meta":{"_acf_changed":false,"footnotes":""},"categories":[],"tags":[],"class_list":["post-1796","page","type-page","status-publish","hentry"],"acf":[],"_links":{"self":[{"href":"https:\/\/semmelweis.hu\/deutsch\/wp-json\/wp\/v2\/pages\/1796","targetHints":{"allow":["GET"]}}],"collection":[{"href":"https:\/\/semmelweis.hu\/deutsch\/wp-json\/wp\/v2\/pages"}],"about":[{"href":"https:\/\/semmelweis.hu\/deutsch\/wp-json\/wp\/v2\/types\/page"}],"author":[{"embeddable":true,"href":"https:\/\/semmelweis.hu\/deutsch\/wp-json\/wp\/v2\/users\/101614"}],"replies":[{"embeddable":true,"href":"https:\/\/semmelweis.hu\/deutsch\/wp-json\/wp\/v2\/comments?post=1796"}],"version-history":[{"count":7,"href":"https:\/\/semmelweis.hu\/deutsch\/wp-json\/wp\/v2\/pages\/1796\/revisions"}],"predecessor-version":[{"id":6790,"href":"https:\/\/semmelweis.hu\/deutsch\/wp-json\/wp\/v2\/pages\/1796\/revisions\/6790"}],"up":[{"embeddable":true,"href":"https:\/\/semmelweis.hu\/deutsch\/wp-json\/wp\/v2\/pages\/2025"}],"wp:attachment":[{"href":"https:\/\/semmelweis.hu\/deutsch\/wp-json\/wp\/v2\/media?parent=1796"}],"wp:term":[{"taxonomy":"category","embeddable":true,"href":"https:\/\/semmelweis.hu\/deutsch\/wp-json\/wp\/v2\/categories?post=1796"},{"taxonomy":"post_tag","embeddable":true,"href":"https:\/\/semmelweis.hu\/deutsch\/wp-json\/wp\/v2\/tags?post=1796"}],"curies":[{"name":"wp","href":"https:\/\/api.w.org\/{rel}","templated":true}]}}