{"id":97,"date":"2023-11-08T18:10:31","date_gmt":"2023-11-08T17:10:31","guid":{"rendered":"https:\/\/semmelweis.hu\/dentalszkenner\/?page_id=97"},"modified":"2025-10-13T09:20:44","modified_gmt":"2025-10-13T07:20:44","slug":"itero","status":"publish","type":"page","link":"https:\/\/semmelweis.hu\/dentalszkenner\/intraoralis-szkennerek\/itero\/","title":{"rendered":"Itero"},"content":{"rendered":"<div class=\"exp-col-content-holder\"><a class=\"expand-cnt-link\" href=\"#\">ITERO ELEMENT 2 <img loading=\"lazy\" decoding=\"async\" class=\"alignnone  wp-image-237\" src=\"https:\/\/semmelweis.hu\/dentalszkenner\/files\/2023\/11\/ITERO-Element-2.png\" alt=\"\" width=\"110\" height=\"69\" \/><\/a><\/p>\n<div class=\"hidden-content\">\n<table style=\"height: 600px;width: 100%;border-collapse: collapse;background-color: #e4e3e1;border-color: #000000;border-style: none\">\n<tbody>\n<tr style=\"height: 38px\">\n<td style=\"width: 99.9196%;height: 38px\" colspan=\"2\"><span style=\"font-size: 18pt;color: #c4af81\"><strong>ITERO ELEMENT 2<\/strong><\/span><\/td>\n<\/tr>\n<tr>\n<td class=\"px-sm border-borderMain dark:border-borderMainDark min-w-[48px] border\" style=\"width: 39.6302%\"><strong>Forgalomba hozatal<\/strong><\/td>\n<td class=\"px-sm border-borderMain dark:border-borderMainDark min-w-[48px] border\" style=\"width: 60.2894%\">Align Technology, 2018<\/td>\n<\/tr>\n<tr>\n<td class=\"px-sm border-borderMain dark:border-borderMainDark min-w-[48px] border\" style=\"width: 39.6302%\"><strong>Konfigur\u00e1ci\u00f3k<\/strong><\/td>\n<td class=\"px-sm border-borderMain dark:border-borderMainDark min-w-[48px] border\" style=\"width: 60.2894%\">Cart: gurul\u00f3 \u00e1llv\u00e1nyos kiszerel\u00e9s<\/td>\n<\/tr>\n<tr>\n<td class=\"px-sm border-borderMain dark:border-borderMainDark min-w-[48px] border\" style=\"width: 39.6302%\"><strong>Csomag tartalma<\/strong><\/td>\n<td class=\"px-sm border-borderMain dark:border-borderMainDark min-w-[48px] border\" style=\"width: 60.2894%\">Gurul\u00f3 \u00e1llv\u00e1ny a monitorral, intraor\u00e1lis szkenner k\u00e9zidarab<\/td>\n<\/tr>\n<tr>\n<td class=\"px-sm border-borderMain dark:border-borderMainDark min-w-[48px] border\" style=\"width: 39.6302%\"><strong>Szkennel\u00e9si strat\u00e9gia<\/strong><\/td>\n<td class=\"px-sm border-borderMain dark:border-borderMainDark min-w-[48px] border\" style=\"width: 60.2894%\">Okkl\u00faz\u00e1lis, or\u00e1lis, bukk\u00e1lis felsz\u00edn Harap\u00e1sregisztr\u00e1ci\u00f3 2 oldalon<\/td>\n<\/tr>\n<tr>\n<td class=\"px-sm border-borderMain dark:border-borderMainDark min-w-[48px] border\" style=\"width: 39.6302%\"><strong>Szoftver<\/strong><\/td>\n<td class=\"px-sm border-borderMain dark:border-borderMainDark min-w-[48px] border\" style=\"width: 60.2894%\">Workflow 2.0 szoftver, OrthoCAD szoftver<\/td>\n<\/tr>\n<tr>\n<td class=\"px-sm border-borderMain dark:border-borderMainDark min-w-[48px] border\" style=\"width: 39.6302%\"><strong>Lek\u00e9pez\u00e9s<\/strong><\/td>\n<td class=\"px-sm border-borderMain dark:border-borderMainDark min-w-[48px] border\" style=\"width: 60.2894%\">Konfok\u00e1lis l\u00e9zerszkenner mikroszk\u00f3pia<\/td>\n<\/tr>\n<tr>\n<td class=\"px-sm border-borderMain dark:border-borderMainDark min-w-[48px] border\" style=\"width: 39.6302%\"><strong>Indik\u00e1ci\u00f3s k\u00f6r<\/strong><\/td>\n<td class=\"px-sm border-borderMain dark:border-borderMainDark min-w-[48px] border\" style=\"width: 60.2894%\">\n<p>Protetikai felhaszn\u00e1l\u00e1s, fogszab\u00e1lyoz\u00e1s (Invisalign) \u00e9s implant\u00e1ci\u00f3s tervez\u00e9s<\/p>\n<\/td>\n<\/tr>\n<tr>\n<td class=\"px-sm border-borderMain dark:border-borderMainDark min-w-[48px] border\" style=\"width: 39.6302%\"><strong>Speci\u00e1lis tulajdons\u00e1gok<\/strong><\/td>\n<td class=\"px-sm border-borderMain dark:border-borderMainDark min-w-[48px] border\" style=\"width: 60.2894%\">\n<p>iTero Timelapse<\/p>\n<p>Invisalign Outcome Simulator<\/p>\n<p>Clincheck<\/p>\n<\/td>\n<\/tr>\n<\/tbody>\n<\/table>\n<p>&nbsp;<\/p>\n<p>&nbsp;<\/p>\n<table style=\"height: 600px;width: 100%;border-collapse: collapse;background-color: #e4e3e1;border-color: #000000;border-style: none\">\n<tbody>\n<tr style=\"height: 38px\">\n<td style=\"width: 110.395%;height: 38px\" colspan=\"2\"><span style=\"font-size: 18pt;color: #c4af81\"><strong>ITERO ELEMENT 2<\/strong><\/span><\/td>\n<\/tr>\n<tr style=\"height: 32px\">\n<td class=\"px-sm border-borderMain dark:border-borderMainDark min-w-[48px] border\" style=\"width: 39.6546%;height: 32px\">T\u00e1vir\u00e1ny\u00edt\u00e1s<\/td>\n<td class=\"px-sm border-borderMain dark:border-borderMainDark min-w-[48px] border\" style=\"width: 70.7404%;height: 32px\">Igen: 1, <strong>Nem: 0<\/strong><\/td>\n<\/tr>\n<tr style=\"height: 32px\">\n<td class=\"px-sm border-borderMain dark:border-borderMainDark min-w-[48px] border\" style=\"width: 39.6546%;height: 32px\"><strong>Konfigur\u00e1ci\u00f3<\/strong><\/td>\n<td class=\"px-sm border-borderMain dark:border-borderMainDark min-w-[48px] border\" style=\"width: 70.7404%;height: 32px\">Egy el\u00e9rhet\u0151: 0, <strong>T\u00f6bb v\u00e1laszthat\u00f3: 1<\/strong><\/td>\n<\/tr>\n<tr style=\"height: 32px\">\n<td class=\"px-sm border-borderMain dark:border-borderMainDark min-w-[48px] border\" style=\"width: 39.6546%;height: 32px\"><strong>F\u00e1jlok tov\u00e1bb\u00edt\u00e1s\u00e1nak m\u00f3dja<\/strong><\/td>\n<td class=\"px-sm border-borderMain dark:border-borderMainDark min-w-[48px] border\" style=\"width: 70.7404%;height: 32px\">Export\u00e1l\u00e1s ut\u00e1n e-mail: 0, <strong>Saj\u00e1t felh\u0151 alap\u00fa platform: 1<\/strong><\/td>\n<\/tr>\n<tr style=\"height: 32px\">\n<td class=\"px-sm border-borderMain dark:border-borderMainDark min-w-[48px] border\" style=\"width: 39.6546%;height: 32px\"><strong>Ny\u00edlt vs. Z\u00e1rt<\/strong><\/td>\n<td class=\"px-sm border-borderMain dark:border-borderMainDark min-w-[48px] border\" style=\"width: 70.7404%;height: 32px\">Z\u00e1rt: 0, <strong>Ny\u00edlt: 1<\/strong><\/td>\n<\/tr>\n<tr style=\"height: 62px\">\n<td class=\"px-sm border-borderMain dark:border-borderMainDark min-w-[48px] border\" style=\"width: 39.6546%;height: 62px\"><strong>Felhaszn\u00e1l\u00e1s<\/strong><\/td>\n<td class=\"px-sm border-borderMain dark:border-borderMainDark min-w-[48px] border\" style=\"width: 70.7404%;height: 62px\">\n<p><strong>Kezel\u00e9si terv k\u00e9sz\u00edt\u00e9se: 1, <\/strong><\/p>\n<p><strong>Fogp\u00f3tl\u00e1stan: 1, <\/strong><\/p>\n<p><strong>Implantol\u00f3gia: 1, <\/strong><\/p>\n<p><strong>Fogszab\u00e1lyoz\u00e1s: 1<\/strong>,<\/p>\n<p><strong>Chairside rendszer: 1<\/strong><\/p>\n<\/td>\n<\/tr>\n<tr style=\"height: 152px\">\n<td class=\"px-sm border-borderMain dark:border-borderMainDark min-w-[48px] border\" style=\"width: 39.6546%;height: 152px\"><strong>Speci\u00e1lis tulajdons\u00e1g<\/strong><\/td>\n<td class=\"px-sm border-borderMain dark:border-borderMainDark min-w-[48px] border\" style=\"width: 70.7404%;height: 152px\">\n<p>Fogsz\u00edn-meghat\u00e1roz\u00e1s: 1,<\/p>\n<p>Csonksz\u00edn-meghat\u00e1roz\u00e1s: 1,<\/p>\n<p>Egy\u00e9ni mozg\u00e1sp\u00e1ly\u00e1k detekt\u00e1l\u00e1sa: 1,<\/p>\n<p>Preprepar\u00e1ci\u00f3s szkennel\u00e9s: 1,<\/p>\n<p>Csap szkennel\u00e9s: 1,<\/p>\n<p>Lenyomat szkennel\u00e9s: 1,<\/p>\n<p>Fogsor munkafolyamat: 1,<\/p>\n<p>Smile design: 1,<\/p>\n<p>K\u00fcl\u00f6nb\u00f6z\u0151 m\u00e9ret\u0171 szkennerfej: 1,<\/p>\n<p>Caries detekt\u00e1l\u00e1s: 1<\/p>\n<\/td>\n<\/tr>\n<tr style=\"height: 32px\">\n<td class=\"px-sm border-borderMain dark:border-borderMainDark min-w-[48px] border\" style=\"width: 39.6546%;height: 32px\"><strong>T\u00e1mogat\u00e1s<\/strong><\/td>\n<td class=\"px-sm border-borderMain dark:border-borderMainDark min-w-[48px] border\" style=\"width: 70.7404%;height: 32px\"><strong>\u00c9venk\u00e9nt meg\u00faj\u00edtand\u00f3 licensz: 0<\/strong>, Korl\u00e1tlan t\u00e1mogat\u00e1s: 1<\/td>\n<\/tr>\n<tr style=\"height: 62px\">\n<td class=\"px-sm border-borderMain dark:border-borderMainDark min-w-[48px] border\" style=\"width: 39.6546%;height: 62px\"><strong>Szerviz<\/strong><\/td>\n<td class=\"px-sm border-borderMain dark:border-borderMainDark min-w-[48px] border\" style=\"width: 70.7404%;height: 62px\"><strong>K\u00fclf\u00f6ldi\/online szakszerviz: 0.5<\/strong>, Hazai szakszerviz vagy 24 \u00f3r\u00e1n bel\u00fcli cserek\u00e9sz\u00fcl\u00e9k biztos\u00edt\u00e1sa: 1<\/td>\n<\/tr>\n<tr style=\"height: 32px\">\n<td class=\"px-sm border-borderMain dark:border-borderMainDark min-w-[48px] border\" style=\"width: 39.6546%;height: 32px\"><strong>Oktat\u00e1s<\/strong><\/td>\n<td class=\"px-sm border-borderMain dark:border-borderMainDark min-w-[48px] border\" style=\"width: 70.7404%;height: 32px\">Nem megoldott: 0, <strong>K\u00fclf\u00f6ldi\/online: 0.5<\/strong>, Hazai: 1<\/td>\n<\/tr>\n<\/tbody>\n<\/table>\n<p>&nbsp;<\/p>\n<p>&nbsp;<\/p>\n<table class=\"border-borderMain dark:border-borderMainDark my-[1em] w-full table-auto border\" style=\"background-color: #e4e3e1\">\n<tbody>\n<tr style=\"height: 38px\">\n<td style=\"width: 99.9196%;height: 38px\" colspan=\"2\"><span style=\"font-size: 18pt;color: #c4af81\"><strong>ITERO ELEMENT 2<\/strong><\/span><\/td>\n<\/tr>\n<tr>\n<th class=\"px-sm py-sm whitespace-nowrap\" style=\"text-align: center\" colspan=\"2\"><strong>Eredm\u00e9nyek<\/strong><\/th>\n<\/tr>\n<tr>\n<td class=\"px-sm border-borderMain dark:border-borderMainDark min-w-[48px] border\"><strong>\u00d6sszefoglal\u00f3 t\u00e1bl\u00e1zat<\/strong><\/td>\n<td class=\"px-sm border-borderMain dark:border-borderMainDark min-w-[48px] border\">9\/22 pont<\/td>\n<\/tr>\n<tr>\n<td class=\"px-sm border-borderMain dark:border-borderMainDark min-w-[48px] border\"><strong>Modell szkennel\u00e9si sebess\u00e9g<\/strong><\/td>\n<td class=\"px-sm border-borderMain dark:border-borderMainDark min-w-[48px] border\">6 perc 45 m\u00e1sodperc<\/td>\n<\/tr>\n<tr>\n<td class=\"px-sm border-borderMain dark:border-borderMainDark min-w-[48px] border\"><strong>Szkennerfej ker\u00fclete<\/strong><\/td>\n<td class=\"px-sm border-borderMain dark:border-borderMainDark min-w-[48px] border\">85 mm<\/td>\n<\/tr>\n<tr>\n<td class=\"px-sm border-borderMain dark:border-borderMainDark min-w-[48px] border\"><strong>Szkenner k\u00e9zidarab t\u00f6meg<\/strong><\/td>\n<td class=\"px-sm border-borderMain dark:border-borderMainDark min-w-[48px] border\">501,66 gramm<\/td>\n<\/tr>\n<tr>\n<td class=\"px-sm border-borderMain dark:border-borderMainDark min-w-[48px] border\"><strong>Klinikai szkennel\u00e9si sebess\u00e9g<\/strong><\/td>\n<td class=\"px-sm border-borderMain dark:border-borderMainDark min-w-[48px] border\">13 perc 33 m\u00e1sodperc<\/td>\n<\/tr>\n<\/tbody>\n<\/table>\n<\/div>\n<\/div>\n","protected":false},"excerpt":{"rendered":"<p><a class=\"expand-cnt-link\" href=\"#\">ITERO ELEMENT 2 <\/a> ITERO ELEMENT 2 Forgalomba hozatal Align Technology, 2018 Konfigur\u00e1ci\u00f3k Cart: gurul\u00f3 \u00e1llv\u00e1nyos kiszerel\u00e9s Csomag tartalma Gurul\u00f3 \u00e1llv\u00e1ny a monitorral, intraor\u00e1lis szkenner k\u00e9zidarab Szkennel\u00e9si strat\u00e9gia Okkl\u00faz\u00e1lis, or\u00e1lis, bukk\u00e1lis felsz\u00edn Harap\u00e1sregisztr\u00e1ci\u00f3 2 oldalon Szoftver Workflow 2.0 szoftver, OrthoCAD szoftver Lek\u00e9pez\u00e9s Konfok\u00e1lis l\u00e9zerszkenner mikroszk\u00f3pia Indik\u00e1ci\u00f3s k\u00f6r Protetikai felhaszn\u00e1l\u00e1s, fogszab\u00e1lyoz\u00e1s (Invisalign) \u00e9s implant\u00e1ci\u00f3s tervez\u00e9s Speci\u00e1lis tulajdons\u00e1gok iTero Timelapse Invisalign &hellip;<\/p>\n","protected":false},"author":102303,"featured_media":0,"parent":116,"menu_order":8,"comment_status":"closed","ping_status":"closed","template":"","meta":{"_acf_changed":false,"footnotes":""},"categories":[],"tags":[],"class_list":["post-97","page","type-page","status-publish","hentry"],"acf":[],"_links":{"self":[{"href":"https:\/\/semmelweis.hu\/dentalszkenner\/wp-json\/wp\/v2\/pages\/97","targetHints":{"allow":["GET"]}}],"collection":[{"href":"https:\/\/semmelweis.hu\/dentalszkenner\/wp-json\/wp\/v2\/pages"}],"about":[{"href":"https:\/\/semmelweis.hu\/dentalszkenner\/wp-json\/wp\/v2\/types\/page"}],"author":[{"embeddable":true,"href":"https:\/\/semmelweis.hu\/dentalszkenner\/wp-json\/wp\/v2\/users\/102303"}],"replies":[{"embeddable":true,"href":"https:\/\/semmelweis.hu\/dentalszkenner\/wp-json\/wp\/v2\/comments?post=97"}],"version-history":[{"count":11,"href":"https:\/\/semmelweis.hu\/dentalszkenner\/wp-json\/wp\/v2\/pages\/97\/revisions"}],"predecessor-version":[{"id":1670,"href":"https:\/\/semmelweis.hu\/dentalszkenner\/wp-json\/wp\/v2\/pages\/97\/revisions\/1670"}],"up":[{"embeddable":true,"href":"https:\/\/semmelweis.hu\/dentalszkenner\/wp-json\/wp\/v2\/pages\/116"}],"wp:attachment":[{"href":"https:\/\/semmelweis.hu\/dentalszkenner\/wp-json\/wp\/v2\/media?parent=97"}],"wp:term":[{"taxonomy":"category","embeddable":true,"href":"https:\/\/semmelweis.hu\/dentalszkenner\/wp-json\/wp\/v2\/categories?post=97"},{"taxonomy":"post_tag","embeddable":true,"href":"https:\/\/semmelweis.hu\/dentalszkenner\/wp-json\/wp\/v2\/tags?post=97"}],"curies":[{"name":"wp","href":"https:\/\/api.w.org\/{rel}","templated":true}]}}