{"id":91,"date":"2023-11-08T18:09:08","date_gmt":"2023-11-08T17:09:08","guid":{"rendered":"https:\/\/semmelweis.hu\/dentalszkenner\/?page_id=91"},"modified":"2026-01-07T11:00:20","modified_gmt":"2026-01-07T10:00:20","slug":"digismile","status":"publish","type":"page","link":"https:\/\/semmelweis.hu\/dentalszkenner\/intraoralis-szkennerek\/digismile\/","title":{"rendered":"DIGISMILE"},"content":{"rendered":"<div class=\"exp-col-content-holder\"><a class=\"expand-cnt-link\" href=\"#\">DIGISMILE <img loading=\"lazy\" decoding=\"async\" class=\"size-full wp-image-252 alignnone\" src=\"https:\/\/semmelweis.hu\/dentalszkenner\/files\/2023\/11\/Digismile.png\" alt=\"\" width=\"128\" height=\"80\" \/><\/a><\/p>\n<div style=\"text-align: left\">\u00a0<\/div>\n<div>\n<div class=\"hidden-content\" style=\"text-align: left\">\n<table style=\"height: 431px;width: 100%;border-collapse: collapse;background-color: #e4e3e1;border-color: #000000;border-style: none\">\n<tbody>\n<tr style=\"height: 38px\">\n<td style=\"width: 99.9196%;height: 38px\" colspan=\"2\"><span style=\"font-size: 18pt;color: #c4af81\"><strong>DIGISMILE<\/strong><\/span><\/td>\n<\/tr>\n<tr style=\"height: 30px\">\n<td class=\"px-sm border-borderMain dark:border-borderMainDark min-w-[48px] border\" style=\"width: 39.6302%;height: 30px\"><strong>Forgalomba hozatal<\/strong><\/td>\n<td class=\"px-sm border-borderMain dark:border-borderMainDark min-w-[48px] border\" style=\"width: 60.2894%;height: 30px\">New Life Radiology s.r.l., 2021<\/td>\n<\/tr>\n<tr style=\"height: 30px\">\n<td class=\"px-sm border-borderMain dark:border-borderMainDark min-w-[48px] border\" style=\"width: 39.6302%;height: 30px\"><strong>Konfigur\u00e1ci\u00f3k<\/strong><\/td>\n<td class=\"px-sm border-borderMain dark:border-borderMainDark min-w-[48px] border\" style=\"width: 60.2894%;height: 30px\">Pod: USB k\u00e1bellel k\u00f6thet\u0151 \u00f6ssze asztali sz\u00e1m\u00edt\u00f3g\u00e9ppel vagy laptoppal, Cart: gurul\u00f3 \u00e1llv\u00e1nyos kiszerel\u00e9s (digicart)<\/td>\n<\/tr>\n<tr style=\"height: 30px\">\n<td class=\"px-sm border-borderMain dark:border-borderMainDark min-w-[48px] border\" style=\"width: 39.6302%;height: 30px\"><strong>Csomag tartalma<\/strong><\/td>\n<td class=\"px-sm border-borderMain dark:border-borderMainDark min-w-[48px] border\" style=\"width: 60.2894%;height: 30px\">Intraor\u00e1lis szkenner k\u00e9zidarab, k\u00e9zidarab tart\u00f3, szkenner k\u00e1bel 5 db szkennerfej<\/td>\n<\/tr>\n<tr style=\"height: 30px\">\n<td class=\"px-sm border-borderMain dark:border-borderMainDark min-w-[48px] border\" style=\"width: 39.6302%;height: 30px\"><strong>Szkennel\u00e9si strat\u00e9gia<\/strong><\/td>\n<td class=\"px-sm border-borderMain dark:border-borderMainDark min-w-[48px] border\" style=\"width: 60.2894%;height: 30px\">A gy\u00e1rt\u00f3 nem ad meg szkennel\u00e9si strat\u00e9gi\u00e1t<\/td>\n<\/tr>\n<tr style=\"height: 30px\">\n<td class=\"px-sm border-borderMain dark:border-borderMainDark min-w-[48px] border\" style=\"width: 39.6302%;height: 30px\"><strong>Szoftver<\/strong><\/td>\n<td class=\"px-sm border-borderMain dark:border-borderMainDark min-w-[48px] border\" style=\"width: 60.2894%;height: 30px\">DIGISMILE \u00e9s EUCLIDE Szoftver csomag<\/td>\n<\/tr>\n<tr style=\"height: 30px\">\n<td class=\"px-sm border-borderMain dark:border-borderMainDark min-w-[48px] border\" style=\"width: 39.6302%;height: 30px\"><strong>Lek\u00e9pez\u00e9s<\/strong><\/td>\n<td class=\"px-sm border-borderMain dark:border-borderMainDark min-w-[48px] border\" style=\"width: 60.2894%;height: 30px\">High Speed CMOS szenzor<\/td>\n<\/tr>\n<tr style=\"height: 30px\">\n<td class=\"px-sm border-borderMain dark:border-borderMainDark min-w-[48px] border\" style=\"width: 39.6302%;height: 30px\"><strong>Indik\u00e1ci\u00f3s k\u00f6r<\/strong><\/td>\n<td class=\"px-sm border-borderMain dark:border-borderMainDark min-w-[48px] border\" style=\"width: 60.2894%;height: 30px\">Fogp\u00f3tl\u00e1stan, Implantol\u00f3gia, Fogszab\u00e1lyoz\u00e1s<\/td>\n<\/tr>\n<tr style=\"height: 183px\">\n<td class=\"px-sm border-borderMain dark:border-borderMainDark min-w-[48px] border\" style=\"width: 39.6302%;height: 183px\"><strong>Speci\u00e1lis tulajdons\u00e1gok<\/strong><\/td>\n<td class=\"px-sm border-borderMain dark:border-borderMainDark min-w-[48px] border\" style=\"width: 60.2894%;height: 183px\">\n<p>Automatikus kalibr\u00e1ci\u00f3<\/p>\n<p>HD k\u00e9pek k\u00e9sz\u00edt\u00e9se\u00a0<\/p>\n<p>Automatikus vide\u00f3 r\u00f6gz\u00edt\u00e9s a szkennel\u00e9si folyamatr\u00f3l<\/p>\n<p>Csap szkennel\u00e9s<\/p>\n<p>Lenyomat szkennel\u00e9s<\/p>\n<\/td>\n<\/tr>\n<\/tbody>\n<\/table>\n<p>&nbsp;<\/p>\n<p><img loading=\"lazy\" decoding=\"async\" class=\"alignleft wp-image-1333 size-large\" src=\"https:\/\/semmelweis.hu\/dentalszkenner\/files\/2024\/11\/Digismile-1024x576.png\" alt=\"\" width=\"753\" height=\"424\" srcset=\"https:\/\/semmelweis.hu\/dentalszkenner\/files\/2024\/11\/Digismile-1024x576.png 1024w, https:\/\/semmelweis.hu\/dentalszkenner\/files\/2024\/11\/Digismile-400x225.png 400w, https:\/\/semmelweis.hu\/dentalszkenner\/files\/2024\/11\/Digismile-768x432.png 768w, https:\/\/semmelweis.hu\/dentalszkenner\/files\/2024\/11\/Digismile-753x424.png 753w, https:\/\/semmelweis.hu\/dentalszkenner\/files\/2024\/11\/Digismile.png 1280w\" sizes=\"auto, (max-width: 753px) 100vw, 753px\" \/><\/p>\n<p>&nbsp;<\/p>\n<table style=\"height: 600px;width: 100%;border-collapse: collapse;background-color: #e4e3e1;border-color: #000000;border-style: none\">\n<tbody>\n<tr style=\"height: 38px\">\n<td style=\"width: 110.395%;height: 38px\" colspan=\"2\"><span style=\"font-size: 18pt;color: #c4af81\"><strong>DIGISMILE<\/strong><\/span><\/td>\n<\/tr>\n<tr style=\"height: 32px\">\n<td class=\"px-sm border-borderMain dark:border-borderMainDark min-w-[48px] border\" style=\"width: 39.6546%;height: 32px\"><strong>T\u00e1vir\u00e1ny\u00edt\u00e1s<\/strong><\/td>\n<td class=\"px-sm border-borderMain dark:border-borderMainDark min-w-[48px] border\" style=\"width: 70.7404%;height: 32px\">Igen: 1, <strong>Nem: 0<\/strong><\/td>\n<\/tr>\n<tr style=\"height: 32px\">\n<td class=\"px-sm border-borderMain dark:border-borderMainDark min-w-[48px] border\" style=\"width: 39.6546%;height: 32px\"><strong>Konfigur\u00e1ci\u00f3<\/strong><\/td>\n<td class=\"px-sm border-borderMain dark:border-borderMainDark min-w-[48px] border\" style=\"width: 70.7404%;height: 32px\">Egy el\u00e9rhet\u0151: 0, <strong>T\u00f6bb v\u00e1laszthat\u00f3: 1<\/strong><\/td>\n<\/tr>\n<tr style=\"height: 32px\">\n<td class=\"px-sm border-borderMain dark:border-borderMainDark min-w-[48px] border\" style=\"width: 39.6546%;height: 32px\"><strong>F\u00e1jlok tov\u00e1bb\u00edt\u00e1s\u00e1nak m\u00f3dja<\/strong><\/td>\n<td class=\"px-sm border-borderMain dark:border-borderMainDark min-w-[48px] border\" style=\"width: 70.7404%;height: 32px\"><strong>Export\u00e1l\u00e1s ut\u00e1n e-mail: 0,<\/strong> Saj\u00e1t felh\u0151 alap\u00fa platform: 1<\/td>\n<\/tr>\n<tr style=\"height: 32px\">\n<td class=\"px-sm border-borderMain dark:border-borderMainDark min-w-[48px] border\" style=\"width: 39.6546%;height: 32px\"><strong>Ny\u00edlt vs. Z\u00e1rt<\/strong><\/td>\n<td class=\"px-sm border-borderMain dark:border-borderMainDark min-w-[48px] border\" style=\"width: 70.7404%;height: 32px\">Z\u00e1rt: 0, <strong>Ny\u00edlt: 1<\/strong><\/td>\n<\/tr>\n<tr style=\"height: 62px\">\n<td class=\"px-sm border-borderMain dark:border-borderMainDark min-w-[48px] border\" style=\"width: 39.6546%;height: 62px\"><strong>Felhaszn\u00e1l\u00e1s<\/strong><\/td>\n<td class=\"px-sm border-borderMain dark:border-borderMainDark min-w-[48px] border\" style=\"width: 70.7404%;height: 62px\">\n<p><strong>Kezel\u00e9si terv k\u00e9sz\u00edt\u00e9se: 1, <\/strong><\/p>\n<p><strong>Fogp\u00f3tl\u00e1stan: 1, <\/strong><\/p>\n<p><strong>Implantol\u00f3gia: 1, <\/strong><\/p>\n<p><strong>Fogszab\u00e1lyoz\u00e1s: 1<\/strong>,<\/p>\n<p>Chairside rendszer: 1<\/p>\n<\/td>\n<\/tr>\n<tr style=\"height: 152px\">\n<td class=\"px-sm border-borderMain dark:border-borderMainDark min-w-[48px] border\" style=\"width: 39.6546%;height: 152px\"><strong>Speci\u00e1lis tulajdons\u00e1g<\/strong><\/td>\n<td class=\"px-sm border-borderMain dark:border-borderMainDark min-w-[48px] border\" style=\"width: 70.7404%;height: 152px\">\n<p>Fogsz\u00edn-meghat\u00e1roz\u00e1s: 1,<\/p>\n<p>Csonksz\u00edn-meghat\u00e1roz\u00e1s: 1,<\/p>\n<p>Egy\u00e9ni mozg\u00e1sp\u00e1ly\u00e1k detekt\u00e1l\u00e1sa: 1,<\/p>\n<p><strong>Preprepar\u00e1ci\u00f3s szkennel\u00e9s: 1,<\/strong><\/p>\n<p><strong>Csap szkennel\u00e9s: 1,<\/strong><\/p>\n<p><strong>Lenyomat szkennel\u00e9s: 1<\/strong>,<\/p>\n<p>Fogsor munkafolyamat: 1,<\/p>\n<p>Smile design: 1,<\/p>\n<p>K\u00fcl\u00f6nb\u00f6z\u0151 m\u00e9ret\u0171 szkennerfej: 1,<\/p>\n<p>Caries detekt\u00e1l\u00e1s: 1<\/p>\n<\/td>\n<\/tr>\n<tr style=\"height: 32px\">\n<td class=\"px-sm border-borderMain dark:border-borderMainDark min-w-[48px] border\" style=\"width: 39.6546%;height: 32px\"><strong>T\u00e1mogat\u00e1s<\/strong><\/td>\n<td class=\"px-sm border-borderMain dark:border-borderMainDark min-w-[48px] border\" style=\"width: 70.7404%;height: 32px\">\u00c9venk\u00e9nt meg\u00faj\u00edtand\u00f3 licensz: 0, <strong>Korl\u00e1tlan t\u00e1mogat\u00e1s: 1<\/strong><\/td>\n<\/tr>\n<tr style=\"height: 62px\">\n<td class=\"px-sm border-borderMain dark:border-borderMainDark min-w-[48px] border\" style=\"width: 39.6546%;height: 62px\"><strong>Szerviz<\/strong><\/td>\n<td class=\"px-sm border-borderMain dark:border-borderMainDark min-w-[48px] border\" style=\"width: 70.7404%;height: 62px\">K\u00fclf\u00f6ldi\/online szakszerviz: 0.5, <strong>Hazai szakszerviz vagy 24 \u00f3r\u00e1n bel\u00fcli cserek\u00e9sz\u00fcl\u00e9k biztos\u00edt\u00e1sa: 1<\/strong><\/td>\n<\/tr>\n<tr style=\"height: 32px\">\n<td class=\"px-sm border-borderMain dark:border-borderMainDark min-w-[48px] border\" style=\"width: 39.6546%;height: 32px\"><strong>Oktat\u00e1s<\/strong><\/td>\n<td class=\"px-sm border-borderMain dark:border-borderMainDark min-w-[48px] border\" style=\"width: 70.7404%;height: 32px\">Nem megoldott: 0, K\u00fclf\u00f6ldi\/online: 0.5, <strong>Hazai: 1<\/strong><\/td>\n<\/tr>\n<\/tbody>\n<\/table>\n<p>&nbsp;<\/p>\n<p><\/p>\n<p>&nbsp;<\/p>\n<table class=\"border-borderMain dark:border-borderMainDark my-[1em] w-full table-auto border\" style=\"height: 347px;width: 80.5797%;background-color: #e4e3e1\">\n<tbody>\n<tr style=\"height: 38px\">\n<td style=\"width: 99.9196%;height: 38px\" colspan=\"2\"><span style=\"font-size: 18pt;color: #c4af81\"><strong>DIGISMILE<\/strong><\/span><\/td>\n<\/tr>\n<tr style=\"height: 33px\">\n<th class=\"px-sm py-sm whitespace-nowrap\" style=\"text-align: center;height: 33px\" colspan=\"2\"><strong>Eredm\u00e9nyek<\/strong><\/th>\n<\/tr>\n<tr style=\"height: 33px\">\n<td class=\"px-sm border-borderMain dark:border-borderMainDark min-w-[48px] border\" style=\"height: 33px\"><strong>\u00d6sszefoglal\u00f3 t\u00e1bl\u00e1zat<\/strong><\/td>\n<td class=\"px-sm border-borderMain dark:border-borderMainDark min-w-[48px] border\" style=\"height: 33px\">12\/22 pont<\/td>\n<\/tr>\n<tr style=\"height: 33px\">\n<td class=\"px-sm border-borderMain dark:border-borderMainDark min-w-[48px] border\" style=\"height: 33px\"><strong>Modell szkennel\u00e9si sebess\u00e9g<\/strong><\/td>\n<td class=\"px-sm border-borderMain dark:border-borderMainDark min-w-[48px] border\" style=\"height: 33px\">2 perc 14 m\u00e1sodperc<\/td>\n<\/tr>\n<tr style=\"height: 63px\">\n<td class=\"px-sm border-borderMain dark:border-borderMainDark min-w-[48px] border\" style=\"height: 63px\"><strong>Szkennerfej ker\u00fclete<\/strong><\/td>\n<td class=\"px-sm border-borderMain dark:border-borderMainDark min-w-[48px] border\" style=\"height: 63px\">70 mm<\/td>\n<\/tr>\n<tr style=\"height: 33px\">\n<td class=\"px-sm border-borderMain dark:border-borderMainDark min-w-[48px] border\" style=\"height: 33px\"><strong>Szkenner k\u00e9zidarab t\u00f6meg<\/strong><\/td>\n<td class=\"px-sm border-borderMain dark:border-borderMainDark min-w-[48px] border\" style=\"height: 33px\">326,3 gramm<\/td>\n<\/tr>\n<tr style=\"height: 63px\">\n<td class=\"px-sm border-borderMain dark:border-borderMainDark min-w-[48px] border\" style=\"height: 63px\"><strong>Klinikai szkennel\u00e9si sebess\u00e9g<\/strong><\/td>\n<td class=\"px-sm border-borderMain dark:border-borderMainDark min-w-[48px] border\" style=\"height: 63px\">4 perc 53 m\u00e1sodperc<\/td>\n<\/tr>\n<\/tbody>\n<\/table>\n<p>&nbsp;<\/p>\n<p><img loading=\"lazy\" decoding=\"async\" class=\"aligncenter size-large wp-image-1710\" src=\"https:\/\/semmelweis.hu\/dentalszkenner\/files\/2026\/01\/Magyar-724x1024.png\" alt=\"\" width=\"724\" height=\"1024\" srcset=\"https:\/\/semmelweis.hu\/dentalszkenner\/files\/2026\/01\/Magyar-724x1024.png 724w, https:\/\/semmelweis.hu\/dentalszkenner\/files\/2026\/01\/Magyar-283x400.png 283w, https:\/\/semmelweis.hu\/dentalszkenner\/files\/2026\/01\/Magyar-768x1086.png 768w, https:\/\/semmelweis.hu\/dentalszkenner\/files\/2026\/01\/Magyar-1086x1536.png 1086w, https:\/\/semmelweis.hu\/dentalszkenner\/files\/2026\/01\/Magyar-753x1065.png 753w, https:\/\/semmelweis.hu\/dentalszkenner\/files\/2026\/01\/Magyar.png 1414w\" sizes=\"auto, (max-width: 724px) 100vw, 724px\" \/><\/p>\n<\/div>\n<\/div>\n<\/div>\n","protected":false},"excerpt":{"rendered":"<p><a class=\"expand-cnt-link\" href=\"#\">DIGISMILE <\/a> \u00a0 DIGISMILE Forgalomba hozatal New Life Radiology s.r.l., 2021 Konfigur\u00e1ci\u00f3k Pod: USB k\u00e1bellel k\u00f6thet\u0151 \u00f6ssze asztali sz\u00e1m\u00edt\u00f3g\u00e9ppel vagy laptoppal, Cart: gurul\u00f3 \u00e1llv\u00e1nyos kiszerel\u00e9s (digicart) Csomag tartalma Intraor\u00e1lis szkenner k\u00e9zidarab, k\u00e9zidarab tart\u00f3, szkenner k\u00e1bel 5 db szkennerfej Szkennel\u00e9si strat\u00e9gia A gy\u00e1rt\u00f3 nem ad meg szkennel\u00e9si strat\u00e9gi\u00e1t Szoftver DIGISMILE \u00e9s EUCLIDE Szoftver csomag Lek\u00e9pez\u00e9s High Speed CMOS &hellip;<\/p>\n","protected":false},"author":102303,"featured_media":0,"parent":116,"menu_order":5,"comment_status":"closed","ping_status":"closed","template":"","meta":{"_acf_changed":false,"footnotes":""},"categories":[],"tags":[],"class_list":["post-91","page","type-page","status-publish","hentry"],"acf":[],"_links":{"self":[{"href":"https:\/\/semmelweis.hu\/dentalszkenner\/wp-json\/wp\/v2\/pages\/91","targetHints":{"allow":["GET"]}}],"collection":[{"href":"https:\/\/semmelweis.hu\/dentalszkenner\/wp-json\/wp\/v2\/pages"}],"about":[{"href":"https:\/\/semmelweis.hu\/dentalszkenner\/wp-json\/wp\/v2\/types\/page"}],"author":[{"embeddable":true,"href":"https:\/\/semmelweis.hu\/dentalszkenner\/wp-json\/wp\/v2\/users\/102303"}],"replies":[{"embeddable":true,"href":"https:\/\/semmelweis.hu\/dentalszkenner\/wp-json\/wp\/v2\/comments?post=91"}],"version-history":[{"count":10,"href":"https:\/\/semmelweis.hu\/dentalszkenner\/wp-json\/wp\/v2\/pages\/91\/revisions"}],"predecessor-version":[{"id":1711,"href":"https:\/\/semmelweis.hu\/dentalszkenner\/wp-json\/wp\/v2\/pages\/91\/revisions\/1711"}],"up":[{"embeddable":true,"href":"https:\/\/semmelweis.hu\/dentalszkenner\/wp-json\/wp\/v2\/pages\/116"}],"wp:attachment":[{"href":"https:\/\/semmelweis.hu\/dentalszkenner\/wp-json\/wp\/v2\/media?parent=91"}],"wp:term":[{"taxonomy":"category","embeddable":true,"href":"https:\/\/semmelweis.hu\/dentalszkenner\/wp-json\/wp\/v2\/categories?post=91"},{"taxonomy":"post_tag","embeddable":true,"href":"https:\/\/semmelweis.hu\/dentalszkenner\/wp-json\/wp\/v2\/tags?post=91"}],"curies":[{"name":"wp","href":"https:\/\/api.w.org\/{rel}","templated":true}]}}