{"id":7,"date":"2023-10-20T16:47:27","date_gmt":"2023-10-20T14:47:27","guid":{"rendered":"https:\/\/semmelweis.hu\/dentalszkenner\/?page_id=7"},"modified":"2025-09-01T07:52:43","modified_gmt":"2025-09-01T05:52:43","slug":"magunkrol","status":"publish","type":"page","link":"https:\/\/semmelweis.hu\/dentalszkenner\/magunkrol\/","title":{"rendered":"Magunkr\u00f3l"},"content":{"rendered":"<div class=\"keretes w-100\">\n<p style=\"text-align: justify;\">A <a href=\"https:\/\/semmelweis.hu\/fogpotlastan\/\">Fogp\u00f3tl\u00e1stani Klinika<\/a>\u00a0Digit\u00e1lis Fog\u00e1szati Munkacsoportja 2011 \u00f3ta folytat kutat\u00e1sokat a digit\u00e1lis fog\u00e1szat ter\u00fclet\u00e9n, azon bel\u00fcl a digit\u00e1lis fogsz\u00edn-meghat\u00e1roz\u00e1s, a digit\u00e1lis lenyomatv\u00e9teli technika \u00e9s az intraor\u00e1lis szkennerek t\u00e9mak\u00f6r\u00e9ben. Az elm\u00falt 12 \u00e9vben munkacsoportunk sz\u00e1mos tudom\u00e1nyos vizsg\u00e1latot v\u00e9gzett, amelyek eredm\u00e9nyeit nemzetk\u00f6zi szaklapokban publik\u00e1ltuk (ezeket a publik\u00e1ci\u00f3kat a K\u00f6zlem\u00e9nyeink men\u00fcpont alatt tal\u00e1lj\u00e1k).<\/p>\n<\/div>\n<p><a href=\"https:\/\/semmelweis.hu\/dentalszkenner\/files\/2023\/10\/IMG_3324.png\"><img loading=\"lazy\" decoding=\"async\" class=\"aligncenter wp-image-53 size-large\" src=\"https:\/\/semmelweis.hu\/dentalszkenner\/files\/2023\/10\/IMG_3324-1024x768.png\" alt=\"\" width=\"753\" height=\"565\" srcset=\"https:\/\/semmelweis.hu\/dentalszkenner\/files\/2023\/10\/IMG_3324-1024x768.png 1024w, https:\/\/semmelweis.hu\/dentalszkenner\/files\/2023\/10\/IMG_3324-400x300.png 400w, https:\/\/semmelweis.hu\/dentalszkenner\/files\/2023\/10\/IMG_3324-768x576.png 768w, https:\/\/semmelweis.hu\/dentalszkenner\/files\/2023\/10\/IMG_3324-1536x1152.png 1536w, https:\/\/semmelweis.hu\/dentalszkenner\/files\/2023\/10\/IMG_3324-2048x1536.png 2048w, https:\/\/semmelweis.hu\/dentalszkenner\/files\/2023\/10\/IMG_3324-753x565.png 753w\" sizes=\"auto, (max-width: 753px) 100vw, 753px\" \/><\/a><\/p>\n<p style=\"text-align: justify;\">Foglalkoztunk a hagyom\u00e1nyos \u00e9s digit\u00e1lis lenyomatv\u00e9teli elj\u00e1r\u00e1s pontoss\u00e1g\u00e1nak \u00f6sszehasonl\u00edt\u00e1s\u00e1val, a digit\u00e1lis fogsz\u00edn-meghat\u00e1roz\u00e1si m\u00f3dszerek hat\u00e9konys\u00e1g\u00e1val, illetve felt\u00e9rk\u00e9pezt\u00fck az intraor\u00e1lis szkennerek tanul\u00e1si g\u00f6rb\u00e9j\u00e9t. Kutat\u00e1si eredm\u00e9nyeinkr\u0151l, gyakorlati tapasztalatainkr\u00f3l sz\u00e1mos hazai \u00e9s nemzetk\u00f6zi rendezv\u00e9nyen tartottunk \u00e9s tartunk el\u0151ad\u00e1st.<\/p>\n<p style=\"text-align: justify;\">Oktat\u00f3programot dolgozunk ki a digit\u00e1lis lenyomatv\u00e9teli rendszerek \u00e9s a hozz\u00e1juk kapcsol\u00f3d\u00f3 CAD\/CAM munkafolyamatok ismereteir\u0151l, tov\u00e1bb\u00e1 vizsg\u00e1latunk\u00a0fontos \u00e9p\u00edt\u0151k\u00f6ve volt a sz\u00e1jszkennerek gradu\u00e1lis oktat\u00e1sba val\u00f3 integr\u00e1l\u00e1s\u00e1nak, amely a Semmelweis Egyetem Fogp\u00f3tl\u00e1stani Klinik\u00e1j\u00e1n k\u00f6telez\u0151 \u00e9s szabadon v\u00e1laszthat\u00f3 tant\u00e1rgyak keret\u00e9ben is m\u00e1r megval\u00f3sult.\u00a0<\/p>\n<div>\n<p style=\"text-align: justify;\">A digit\u00e1lis lenyomatv\u00e9teli eszk\u00f6z\u00f6k integr\u00e1l\u00f3d\u00e1sa a mindennapi klinikai gyakorlatba \u00faj kihi\u0301va\u0301sok e\u0301s ce\u0301lok ele\u0301 a\u0301lli\u0301totta\u0301k a fogorvosokat. Az intraora\u0301lis szkennerek megjelene\u0301su\u0308k o\u0301ta nagy utat ja\u0301rtak be, fejl\u0151d\u00e9s\u00fck az uto\u0301bbi e\u0301vekben felgyorsult. Sz\u00e1mos teljesen \u00faj intraora\u0301lis szkenner jelent meg a fog\u00e1szati piacon, valamint bemutat\u00e1sra ker\u00fcltek \u00faj genera\u0301cio\u0301s ke\u0301szu\u0308le\u0301kek is. Tov\u00e1bbi fontos gyakorlati szempont a szoftverfriss\u00edt\u00e9s, amely szint\u00e9n befoly\u00e1solja az adott eszk\u00f6z tulajdons\u00e1gait.<\/p>\n<p style=\"text-align: justify;\">A magyar fogorvosok k\u00f6r\u00e9ben megn\u0151tt az e\u0301rdeklo\u030bde\u0301s az intraora\u0301lis szkennerek ir\u00e1ny\u00e1ba, ezenfel\u00fcl az uto\u0301bbi e\u0301vekben egyre n\u0151tt a megv\u00e1s\u00e1rolhat\u00f3 intraor\u00e1lis szkennerek sz\u00e1ma haz\u00e1nkban is. A fog\u00e1szati piacon ele\u0301rheto\u030b intraora\u0301lis szkennerekr\u0151l relev\u00e1ns szakirodalmi adatok limita\u0301ltan \u00e1llnak rendelkez\u00e9sre, f\u0151k\u00e9nt a gy\u00e1rt\u00f3 c\u00e9g \u00e1ltal megadott adatokra tudunk t\u00e1maszkodni. Az intraora\u0301lis szkennerek tulajdons\u00e1gai meghat\u00e1rozzak azok f\u0151 indik\u00e1ci\u00f3s ko\u0308re\u0301t e\u0301s klinikai alkalmazhato\u0301sa\u0301ga\u0301t, ebb\u0151l ad\u00f3d\u00f3an rendk\u00edv\u00fcl fontos ezek \u00e1tfog\u00f3 megismer\u00e9se egy \u00faj eszk\u00f6zre val\u00f3 beruh\u00e1z\u00e1s el\u0151tt.<\/p>\n<p style=\"text-align: justify;\">A Fogp\u00f3tl\u00e1stani Klinika Digit\u00e1lis Munkacsoportj\u00e1nak objekt\u00edv \u00f6sszehasonl\u00edt\u00f3 vizsg\u00e1lata alkalmas arra, hogy meghat\u00e1rozzuk a Magyarorsz\u00e1gon el\u00e9rhet\u0151 intraor\u00e1lis szkennerek f\u0151bb indik\u00e1ci\u00f3s k\u00f6reit, ez\u00e1ltal ir\u00e1nymutat\u00e1st adva a gyakorl\u00f3 fogorvosoknak. Vizsg\u00e1latunk eredm\u00e9nyeivel \u00e9s a weblapunkkal szeretn\u00e9k seg\u00edts\u00e9get adni azoknak a fogorvosoknak, akik intraor\u00e1lis szkenner v\u00e1s\u00e1rl\u00e1sa el\u0151tt \u00e1llnak, hogy melyek azok a f\u0151bb szempontok, amelyeket \u00e9rdemes m\u00e9rlegelni egy \u00faj eszk\u00f6zre val\u00f3 beruh\u00e1z\u00e1s el\u0151tt.<\/p>\n<\/div>\n<div class=\"lead\" style=\"text-align: center;\">Munkacsoportunk vezet\u0151je: Dr. Borb\u00e9ly Judit Ph.D., habil. egyetemi docens<\/div>\n<p style=\"text-align: center;\"><strong>Munkacsoportunk tagjai:\u00a0<\/strong><\/p>\n<p style=\"text-align: center;\">Prof. Dr. Hermann P\u00e9ter Ph.D., Msc, egyetemi tan\u00e1r\u00a0<\/p>\n<p style=\"text-align: center;\">Dr. K\u00f6rmendi Szandra, Ph.D., egyetemi docens<\/p>\n<p style=\"text-align: center;\">Dr. \u00c1br\u00e1m Emese Ph.D., egyetemi adjunktus\u00a0<\/p>\n<p style=\"text-align: center;\">Dr. Jo\u00f3s-Kov\u00e1cs Gell\u00e9rt Ph.D., egyetemi adjunktus\u00a0\u00a0<\/p>\n<p style=\"text-align: center;\">Dr. Laki-Czigola Alexandra Ph.D., egyetemi adjunktus<\/p>\n<p style=\"text-align: center;\">Dr. Vecsei B\u00e1lint Ph.D., egyetemi adjunktus<\/p>\n<p style=\"text-align: center;\">Dr. Linninger Mercedes, egyetemi tan\u00e1rseg\u00e9d<\/p>\n<p style=\"text-align: center;\">Dr. Vitai Vikt\u00f3ria egyetemi tan\u00e1rseg\u00e9d, Ph.D. hallgat\u00f3\u00a0<\/p>\n<p style=\"text-align: center;\">Dr. Feh\u00e9r D\u00f3ra egyetemi tan\u00e1rseg\u00e9d, Ph.D. hallgat\u00f3\u00a0<\/p>\n<p style=\"text-align: center;\">Dr. Sal\u00e1ta J\u00f3zsef egyetemi tan\u00e1rseg\u00e9d, Ph.D. hallgat\u00f3\u00a0<\/p>\n<p style=\"text-align: center;\">Dr. N\u00e9meth Anna klinikai orvos, Ph.D. hallgat\u00f3\u00a0<\/p>\n<p style=\"text-align: center;\">Dr. Schmalzl Judit egyetemi tan\u00e1rseg\u00e9d, Ph.D. hallgat\u00f3\u00a0<\/p>\n<p style=\"text-align: center;\">Dr. P\u00e1l Adrienn\u00a0klinikai orvos, Ph.D. hallgat\u00f3\u00a0<\/p>\n<p style=\"text-align: center;\">Dr. Bencze Bulcs\u00fa klinikai orvos, Ph.D. hallgat\u00f3<\/p>\n<p style=\"text-align: center;\">Dr. Somogyi Kata S\u00e1ra klinikai orvos, Ph.D. hallgat\u00f3\u00a0\u00a0<\/p>\n<p style=\"text-align: center;\">Dr. V\u00e1mos Orsolya klinikai orvos, Ph.D. hallgat\u00f3\u00a0<\/p>\n<p style=\"text-align: center;\">Dr. V\u00e1nkos Boldizs\u00e1r klinikai orvos, Ph.D. hallgat\u00f3\u00a0<\/p>\n<p style=\"text-align: center;\">Dr. Qian Xinyi, klinikai orvos, Ph.D. hallgat\u00f3<\/p>\n<p style=\"text-align: center;\">Dr. Heged\u00fcs Tam\u00e1s, klinikai orvos, Ph.D. hallgat\u00f3<\/p>\n<p style=\"text-align: center;\">Dr. J\u00e1sz B\u00e1lint, klinikai orvos, Ph.D. hallgat\u00f3<\/p>\n<p style=\"text-align: center;\">Dr. Kisgergely Mirjam, klinikai orvos, Ph.D. hallgat\u00f3<\/p>\n<p style=\"text-align: center;\">Dr. Sz\u00e9ll Adrienn, klinikai orvos, Ph.D hallgat\u00f3<\/p>\n<p style=\"text-align: center;\">Dr. Antal Melinda, klinikai orvos, Ph.D. hallgat\u00f3<\/p>\n<p style=\"text-align: center;\">Dr. Keskeny Gy\u00f6rgy \u00c1rp\u00e1d, klinikai orvos, Ph.D. hallgat\u00f3<\/p>\n<p style=\"text-align: center;\">Dr. Dank\u00f3 Mariann, klinikai orvos<\/p>\n<p>&nbsp;<\/p>\n<p class=\"entry-title\" style=\"text-align: center;\"><strong>Tudom\u00e1nyos Di\u00e1kk\u00f6ri Hallgat\u00f3k:\u00a0<\/strong><\/p>\n<p style=\"text-align: center;\">Michalis Theocharous<\/p>\n<p style=\"text-align: center;\">Tran Phuong Linh<\/p>\n<p style=\"text-align: center;\">Laura Leiti<\/p>\n<p style=\"text-align: center;\">Kiana Ziashahabi<\/p>\n<p style=\"text-align: center;\">Bohuniczky Zs\u00f3fi<\/p>\n<p style=\"text-align: center;\">Bokor Lili J\u00falia<\/p>\n<p style=\"text-align: center;\">K\u00f3nya Anna<\/p>\n<p style=\"text-align: center;\">Nov\u00e1k Nanda<\/p>\n<p style=\"text-align: center;\">Pana Djamtorki<\/p>\n<p style=\"text-align: center;\">Phan Viola<\/p>\n<p style=\"text-align: center;\">Mubina Kosinova<\/p>\n<p style=\"text-align: center;\">Schlick-Szab\u00f3 \u00c1ron<\/p>\n<p style=\"text-align: center;\">Szombati Vivien<\/p>\n<p style=\"text-align: center;\">Tasi Laura<\/p>\n<p>&nbsp;<\/p>\n","protected":false},"excerpt":{"rendered":"<p>Egyre t\u00f6bb \u00faj intraor\u00e1lis szkenner jelenik meg a piacon, melyek gy\u00e1rt\u00f3nk\u00e9nt k\u00fcl\u00f6nb\u00f6z\u0151 tulajdons\u00e1gokkal rendelkeznek. Az elm\u00falt p\u00e1r \u00e9vben ugr\u00e1sszer\u0171en megn\u0151tt az intraor\u00e1lis szkennerekkel kapcsolatos vizsg\u00e1latok sz\u00e1ma (pontoss\u00e1g, szkennel\u00e9si id\u0151, szkennel\u00e9si strat\u00e9gia) azonban nincs az olyan tudom\u00e1nyos cikk, amely azonos szempontok alapj\u00e1n adna \u00e1tfog\u00f3 jellemz\u00e9st \u00e9s \u00e9rt\u00e9kel\u00e9st a k\u00fcl\u00f6nb\u00f6z\u0151 szkennerekr\u0151l.<\/p>\n","protected":false},"author":12,"featured_media":51,"parent":0,"menu_order":0,"comment_status":"closed","ping_status":"closed","template":"","meta":{"_acf_changed":false,"footnotes":""},"categories":[],"tags":[],"class_list":["post-7","page","type-page","status-publish","has-post-thumbnail","hentry"],"acf":[],"_links":{"self":[{"href":"https:\/\/semmelweis.hu\/dentalszkenner\/wp-json\/wp\/v2\/pages\/7","targetHints":{"allow":["GET"]}}],"collection":[{"href":"https:\/\/semmelweis.hu\/dentalszkenner\/wp-json\/wp\/v2\/pages"}],"about":[{"href":"https:\/\/semmelweis.hu\/dentalszkenner\/wp-json\/wp\/v2\/types\/page"}],"author":[{"embeddable":true,"href":"https:\/\/semmelweis.hu\/dentalszkenner\/wp-json\/wp\/v2\/users\/12"}],"replies":[{"embeddable":true,"href":"https:\/\/semmelweis.hu\/dentalszkenner\/wp-json\/wp\/v2\/comments?post=7"}],"version-history":[{"count":10,"href":"https:\/\/semmelweis.hu\/dentalszkenner\/wp-json\/wp\/v2\/pages\/7\/revisions"}],"predecessor-version":[{"id":1574,"href":"https:\/\/semmelweis.hu\/dentalszkenner\/wp-json\/wp\/v2\/pages\/7\/revisions\/1574"}],"wp:featuredmedia":[{"embeddable":true,"href":"https:\/\/semmelweis.hu\/dentalszkenner\/wp-json\/wp\/v2\/media\/51"}],"wp:attachment":[{"href":"https:\/\/semmelweis.hu\/dentalszkenner\/wp-json\/wp\/v2\/media?parent=7"}],"wp:term":[{"taxonomy":"category","embeddable":true,"href":"https:\/\/semmelweis.hu\/dentalszkenner\/wp-json\/wp\/v2\/categories?post=7"},{"taxonomy":"post_tag","embeddable":true,"href":"https:\/\/semmelweis.hu\/dentalszkenner\/wp-json\/wp\/v2\/tags?post=7"}],"curies":[{"name":"wp","href":"https:\/\/api.w.org\/{rel}","templated":true}]}}