{"id":612,"date":"2024-03-12T11:25:05","date_gmt":"2024-03-12T10:25:05","guid":{"rendered":"https:\/\/semmelweis.hu\/dentalszkenner\/?page_id=612"},"modified":"2024-11-14T11:37:39","modified_gmt":"2024-11-14T10:37:39","slug":"about-us","status":"publish","type":"page","link":"https:\/\/semmelweis.hu\/dentalszkenner\/en\/about-us\/","title":{"rendered":"About us"},"content":{"rendered":"<p><img loading=\"lazy\" decoding=\"async\" class=\"wp-image-655 aligncenter\" src=\"https:\/\/semmelweis.hu\/dentalszkenner\/files\/2024\/03\/Kepernyofoto-2024-03-13-14.55.46-400x301.png\" alt=\"\" width=\"761\" height=\"573\" srcset=\"https:\/\/semmelweis.hu\/dentalszkenner\/files\/2024\/03\/Kepernyofoto-2024-03-13-14.55.46-400x301.png 400w, https:\/\/semmelweis.hu\/dentalszkenner\/files\/2024\/03\/Kepernyofoto-2024-03-13-14.55.46-1024x771.png 1024w, https:\/\/semmelweis.hu\/dentalszkenner\/files\/2024\/03\/Kepernyofoto-2024-03-13-14.55.46-768x579.png 768w, https:\/\/semmelweis.hu\/dentalszkenner\/files\/2024\/03\/Kepernyofoto-2024-03-13-14.55.46-753x567.png 753w, https:\/\/semmelweis.hu\/dentalszkenner\/files\/2024\/03\/Kepernyofoto-2024-03-13-14.55.46.png 1508w\" sizes=\"auto, (max-width: 761px) 100vw, 761px\" \/><\/p>\n<p style=\"text-align: justify\"><span style=\"font-weight: 400\">The Digital Dental Team of the Department of Prosthodontics has been researching digital dentistry since 2011, focusing on digital tooth color determination, digital impression techniques, and intraoral scanners. Over the past 12 years, our study group has carried out numerous scientific studies, the results of which have been published in international journals (you can find these publications under the &#8222;Publications&#8221; menu). We have explored the accuracy of traditional and digital impression techniques the effectiveness of digital tooth color determination methods, and defined the learning curve for intraoral scanners. We have presented our research findings and practical experiences at numerous Hungarian and international events. We are developing an educational program on digital impression systems and the related CAD\/CAM workflows. Furthermore, our research has been essential in integrating intraoral scanners into the Semmelweis University Department of Prosthodontics undergraduate education.<\/span><\/p>\n<p style=\"text-align: justify\"><span style=\"font-weight: 400\">Integrating digital impression tools into everyday clinical practice poses new challenges and goals for dentists. Significant progress has been made since the appearance of intraoral scanners, especially in recent years. Several new intraoral scanners and new generations of devices have appeared on the dental market. Another important practical consideration is software updates, which also affect the characteristics\/properties of the device. There has been increased interest among Hungarian dentists in intraoral scanners, and in recent years, several new intraoral scanners have also been released in Hungary. However, relevant literature data on available intraoral scanners are limited, we mainly have information provided by the manufacturing company. The properties of intraoral scanners determine their main indication area and their application in clinical practice &#8211; therefore, understanding these two criteria is essential before investing in a new device. The objective comparative examination conducted by the Digital Dental Team \u00a0of the Department of Prosthodontics helps determine the main indication area of intraoral scanners available in Hungary, thus guiding practicing dentists. Through our research results and website, we aim to assist dentists considering purchasing an intraoral scanner by highlighting the main factors to consider before investing.<\/span><\/p>\n<p><span style=\"font-weight: 400\">Leader of the Team: Dr. Judit Borb\u00e9ly, Ph.D., Associate Professor\u00a0<\/span><\/p>\n<p><span style=\"font-weight: 400\">Members of our Team:<\/span><\/p>\n<p>&nbsp;<\/p>\n<p style=\"text-align: center\"><span style=\"font-weight: 400\">Prof. Dr. P\u00e9ter<\/span> <span style=\"font-weight: 400\">Hermann<\/span>,<span style=\"font-weight: 400\"> Ph.D., Msc, <\/span><span style=\"font-weight: 400\">professor<\/span><\/p>\n<p style=\"text-align: center\">Dr. Szandra K\u00f6rmendi, Ph.D., Associate Professor<\/p>\n<p style=\"text-align: center\"><span style=\"font-weight: 400\">Dr. Gell\u00e9r<\/span><span style=\"font-weight: 400\">t <\/span><span style=\"font-weight: 400\">Jo\u00f3s-Kov\u00e1cs, <\/span><span style=\"font-weight: 400\">Ph.D., assistant professor\u00a0<\/span><\/p>\n<p style=\"text-align: center\"><span style=\"font-weight: 400\">Dr. Alexandra Laki-Czigola, <\/span><span style=\"font-weight: 400\">Ph.D., <\/span><span style=\"font-weight: 400\">assistant professor\u00a0<\/span><\/p>\n<p style=\"text-align: center\"><span style=\"font-weight: 400\">Dr. B\u00e1lint Vecsei <\/span><span style=\"font-weight: 400\">Ph.D., assistant professor\u00a0<\/span><\/p>\n<p style=\"text-align: center\"><span style=\"font-weight: 400\">Dr. Emese<\/span> <span style=\"font-weight: 400\">\u00c1br\u00e1m, <\/span><span style=\"font-weight: 400\">Ph.D., assistant professor<\/span><\/p>\n<p style=\"text-align: center\">Dr. Mercedes Linninger, Associate lecturer, Ph.D student<\/p>\n<p style=\"text-align: center\"><span style=\"font-weight: 400\">Dr. Vikt\u00f3ria Vitai<\/span><span style=\"font-weight: 400\">, associate lecturer, Ph.D. student\u00a0<\/span><\/p>\n<p style=\"text-align: center\"><span style=\"font-weight: 400\">Dr. D\u00f3ra Feh\u00e9r<\/span><span style=\"font-weight: 400\">, associate lecturer, Ph.D. student<\/span><\/p>\n<p style=\"text-align: center\"><span style=\"font-weight: 400\">Dr. J\u00f3zsef Sal\u00e1ta<\/span><span style=\"font-weight: 400\">, associate lecturer, Ph.D. student<\/span><\/p>\n<p style=\"text-align: center\"><span style=\"font-weight: 400\">Dr. Anna N\u00e9meth, associate lecturer<\/span><span style=\"font-weight: 400\">, Ph.D. student<\/span><\/p>\n<p style=\"text-align: center\"><span style=\"font-weight: 400\">Dr. Judit Schmalzl, associate lecturer<\/span><span style=\"font-weight: 400\">, Ph.D. student<\/span><\/p>\n<p style=\"text-align: center\"><span style=\"font-weight: 400\">Dr. Adrienn P\u00e1l, clinician, Ph.D. student<\/span><\/p>\n<p style=\"text-align: center\"><span style=\"font-weight: 400\">Dr. Bulcs\u00fa Bencze, clinician,\u00a0<\/span><span style=\"font-weight: 400\">Ph.D. student<\/span><\/p>\n<p style=\"text-align: center\"><span style=\"font-weight: 400\">Dr. Kata S\u00e1ra Somogyi, clinician, Ph.D. student<\/span><\/p>\n<p style=\"text-align: center\"><span style=\"font-weight: 400\">Dr. Orsolya V\u00e1mos <\/span><span style=\"font-weight: 400\">clinician, Ph.D. student<\/span><\/p>\n<p style=\"text-align: center\"><span style=\"font-weight: 400\">Dr. Boldizs\u00e1r V\u00e1nkos <\/span><span style=\"font-weight: 400\">clinician, Ph.D. student<\/span><\/p>\n<p style=\"text-align: center\">Dr. Xinyi Qian, clinician, Ph.D. student<\/p>\n<p style=\"text-align: center\">Dr. Tam\u00e1s Heged\u00fcs, clinician, Ph.D. student<\/p>\n<p style=\"text-align: center\">Dr. B\u00e1lint J\u00e1sz, clinician, Ph.D. student<\/p>\n<p style=\"text-align: center\">Dr. Mirjam Kisgergely, clinician, Ph.D. student<\/p>\n<p style=\"text-align: center\">Dr. Adrienn Sz\u00e9ll, clinician, Ph.D student<\/p>\n<p style=\"text-align: center\">Dr. Melinda Antal, clinician, Ph.D. student<\/p>\n<p style=\"text-align: center\">Dr. Gy\u00f6rgy \u00c1rp\u00e1d Keskeny, clinician, Ph.D. student<\/p>\n<p style=\"text-align: center\">Dr. Mariann Dank\u00f3, clinician<\/p>\n<p style=\"text-align: center\">\u00a0<\/p>\n<p style=\"text-align: center\">\u00a0<\/p>\n<p>&nbsp;<\/p>\n<p style=\"text-align: center\"><span style=\"font-weight: 400\">TDK students\/ student\u2019s scientific association:<\/span><\/p>\n<p style=\"text-align: center\">Michalis Theocharous<\/p>\n<p style=\"text-align: center\">Tran Phuong Linh<\/p>\n<p style=\"text-align: center\">Laura Leiti<\/p>\n<p style=\"text-align: center\">Kiana Ziashahabi<\/p>\n<p style=\"text-align: center\"><span style=\"font-weight: 400\">Zs\u00f3fi Bohuniczky<\/span><\/p>\n<p style=\"text-align: center\"><span style=\"font-weight: 400\">Lili J\u00falia Bokor<\/span><\/p>\n<p style=\"text-align: center\"><span style=\"font-weight: 400\">Anna K\u00f3nya<\/span><\/p>\n<p style=\"text-align: center\"><span style=\"font-weight: 400\">Nanda Nov\u00e1k<\/span><\/p>\n<p style=\"text-align: center\"><span style=\"font-weight: 400\">Djamtorki Pana<\/span><\/p>\n<p style=\"text-align: center\"><span style=\"font-weight: 400\">Viola Phan<\/span><\/p>\n<p style=\"text-align: center\"><span style=\"font-weight: 400\">\u00c1ron Schlick-Szab\u00f3<\/span><\/p>\n<p style=\"text-align: center\"><span style=\"font-weight: 400\">Vivien Szombati<\/span><\/p>\n<p style=\"text-align: center\"><span style=\"font-weight: 400\">Laura Zs\u00f3fia Tas<\/span><span style=\"font-weight: 400\"><br \/>\n<\/span><\/p>\n","protected":false},"excerpt":{"rendered":"<p>The Digital Dental Team of the Department of Prosthodontics has been researching digital dentistry since 2011, focusing on digital tooth color determination, digital impression techniques, and intraoral scanners. Over the past 12 years, our study group has carried out numerous scientific studies, the results of which have been published in international journals (you can find &hellip;<\/p>\n","protected":false},"author":102303,"featured_media":639,"parent":0,"menu_order":0,"comment_status":"closed","ping_status":"closed","template":"","meta":{"_acf_changed":false,"footnotes":""},"categories":[],"tags":[],"class_list":["post-612","page","type-page","status-publish","has-post-thumbnail","hentry"],"acf":[],"_links":{"self":[{"href":"https:\/\/semmelweis.hu\/dentalszkenner\/wp-json\/wp\/v2\/pages\/612","targetHints":{"allow":["GET"]}}],"collection":[{"href":"https:\/\/semmelweis.hu\/dentalszkenner\/wp-json\/wp\/v2\/pages"}],"about":[{"href":"https:\/\/semmelweis.hu\/dentalszkenner\/wp-json\/wp\/v2\/types\/page"}],"author":[{"embeddable":true,"href":"https:\/\/semmelweis.hu\/dentalszkenner\/wp-json\/wp\/v2\/users\/102303"}],"replies":[{"embeddable":true,"href":"https:\/\/semmelweis.hu\/dentalszkenner\/wp-json\/wp\/v2\/comments?post=612"}],"version-history":[{"count":10,"href":"https:\/\/semmelweis.hu\/dentalszkenner\/wp-json\/wp\/v2\/pages\/612\/revisions"}],"predecessor-version":[{"id":1553,"href":"https:\/\/semmelweis.hu\/dentalszkenner\/wp-json\/wp\/v2\/pages\/612\/revisions\/1553"}],"wp:featuredmedia":[{"embeddable":true,"href":"https:\/\/semmelweis.hu\/dentalszkenner\/wp-json\/wp\/v2\/media\/639"}],"wp:attachment":[{"href":"https:\/\/semmelweis.hu\/dentalszkenner\/wp-json\/wp\/v2\/media?parent=612"}],"wp:term":[{"taxonomy":"category","embeddable":true,"href":"https:\/\/semmelweis.hu\/dentalszkenner\/wp-json\/wp\/v2\/categories?post=612"},{"taxonomy":"post_tag","embeddable":true,"href":"https:\/\/semmelweis.hu\/dentalszkenner\/wp-json\/wp\/v2\/tags?post=612"}],"curies":[{"name":"wp","href":"https:\/\/api.w.org\/{rel}","templated":true}]}}