{"id":44,"date":"2024-07-09T08:51:44","date_gmt":"2024-07-09T06:51:44","guid":{"rendered":"https:\/\/semmelweis.hu\/dentalszkenner\/?page_id=44"},"modified":"2024-07-09T08:51:44","modified_gmt":"2024-07-09T06:51:44","slug":"vizsgalt-parameterek-reszletezese","status":"publish","type":"page","link":"https:\/\/semmelweis.hu\/dentalszkenner\/vizsgalt-parameterek-reszletezese\/","title":{"rendered":"Vizsg\u00e1lt param\u00e9terek r\u00e9szletez\u00e9se"},"content":{"rendered":"<div class=\"lead\"><strong>\u00d6sszefoglal\u00f3 t\u00e1bl\u00e1zat \u00a0<\/strong>\u00a0<\/div>\n<ul style=\"list-style-type: disc\">\n<li>T\u00e1vir\u00e1ny\u00edt\u00e1s:\u00a0a szkenner a k\u00e9perny\u0151 \u00e9rint\u00e9se n\u00e9lk\u00fcl k\u00e9zmozdulatokkal vagy hanggal ir\u00e1ny\u00edthat\u00f3. Ez az infekci\u00f3kontroll szempontj\u00e1b\u00f3l el\u0151ny\u00f6s.<br \/>\nEl\u00e9rhet\u0151 pontsz\u00e1m: van t\u00e1vvez\u00e9rl\u00e9s funkci\u00f3: 1 pont, nincs t\u00e1vvez\u00e9rl\u00e9s funkci\u00f3: 0 pont.<\/p>\n<\/li>\n<li>Konfigur\u00e1ci\u00f3:\u00a0Az intraor\u00e1lis szkenner konfigur\u00e1ci\u00f3ja azt jelenti, hogy a hardvert milyen form\u00e1ban \u00e9rhetj\u00fck el: lehet, hogy az adott eszk\u00f6z csak egy konfigur\u00e1ci\u00f3ban \u00e9rhet\u0151 el, de az is lehets\u00e9ges, hogy kett\u0151 vagy t\u00f6bb konfigur\u00e1ci\u00f3 is rendelkez\u00e9sre \u00e1ll (pl. cart, MOVE, sz\u00e1m\u00edt\u00f3g\u00e9phez csatlakoztathat\u00f3 pod \u00e9s kezel\u0151egys\u00e9gbe integr\u00e1lhat\u00f3 v\u00e1ltozatok), amelyb\u0151l a fogorvos kiv\u00e1laszthatja a sz\u00e1m\u00e1ra legkedvez\u0151bbet \u00e9s praktikuss\u00e1 teheti a klinikumban val\u00f3 haszn\u00e1latot.\u00a0<br \/>\nEl\u00e9rhet\u0151 pontsz\u00e1m: t\u00f6bb el\u00e9rhet\u0151 konfigur\u00e1ci\u00f3: 1 pont, egy el\u00e9rhet\u0151 konfigur\u00e1ci\u00f3: 0 pont.<\/p>\n<\/li>\n<li>Ny\u00edlt\/Z\u00e1rt:\u00a0A CAD\/CAM rendszereket az adattov\u00e1bb\u00edt\u00e1s m\u00f3dja szerint k\u00e9t csoportra oszthatjuk: ny\u00edlt- \u00e9s z\u00e1rt rendszerekre. A z\u00e1rt rendszerek jellemz\u0151je, hogy a gy\u00e1rt\u00f3 c\u00e9g f\u00e1jljait csak az azonos c\u00e9g CAD \u00e9s CAM szoftverei k\u00e9pesek feldolgozni. A ny\u00edlt rendszerek eset\u00e9ben a szkennel\u00e9si adatok sz\u00e1mos CAD\/CAM rendszer \u00e1ltal feldolgozhat\u00f3ak.<br \/>\nEl\u00e9rhet\u0151 pontsz\u00e1m: ny\u00edlt rendszer: 1 pont, z\u00e1rt rendszer: 0 pont.<\/p>\n<\/li>\n<li>Felhaszn\u00e1l\u00e1s: Az indik\u00e1ci\u00f3s k\u00f6r szempontj\u00e1b\u00f3l 5 t\u00edpust tudunk megk\u00fcl\u00f6nb\u00f6ztetni: kezel\u00e9si terv k\u00e9sz\u00edt\u00e9s\u00e9re alkalmas intraor\u00e1lis szkenner, implantol\u00f3giai, fogszab\u00e1lyoz\u00e1si vagy protetikai felhaszn\u00e1l\u00e1st t\u00e1mogat\u00f3 eszk\u00f6z \u00e9s chairside felhaszn\u00e1l\u00e1sra alkalmas rendszer. Mind az 5 felhaszn\u00e1l\u00e1si k\u00f6r 1 pontot \u00e9r. \u00a0Rendel\u0151i vagyis chairside munkafolyamat eset\u00e9n a fogorvos egy \u00fcl\u00e9sben szkennel, megtervezi \u00e9s a rendel\u0151i CAM egys\u00e9gben fr\u00e9zeli a fogp\u00f3tl\u00e1st. Ki\u00e9p\u00edtett chairside rendszern\u00e9l a gy\u00e1rt\u00f3 saj\u00e1t CAD \u00e9s CAM tervez\u0151szoftvert, valamint mar\u00f3- \u00e9s szinterez\u0151egys\u00e9get is biztos\u00edt. Fontos kiemelni, hogy a chairside felhaszn\u00e1l\u00e1sra csak abban az esetben tudunk pontot adni, ha a c\u00e9g egy egys\u00e9gk\u00e9nt is \u00e1rulja az intraor\u00e1lis szkennert, a chairside tervez\u0151 szoftvert, a mar\u00f3g\u00e9pet\/3D nyomtat\u00f3t \u00e9s a v\u00e9gleges\u00edt\u00e9shez sz\u00fcks\u00e9ges k\u00e1lyh\u00e1t. Az implantol\u00f3giai felhaszn\u00e1l\u00e1s eset\u00e9n akkor tudunk pontot adni, ha a vizsg\u00e1lt intraor\u00e1lis\u00a0szkennerhez el\u00e9rhet\u0151ek implantol\u00f3giai szoftverek, melyekkel lehet\u0151s\u00e9g ny\u00edlik az implant\u00e1tum \u00e9s fel\u00e9p\u00edtm\u00e9ny poz\u00edci\u00f3j\u00e1nak megtervez\u00e9s\u00e9re vagy seb\u00e9szi sablon k\u00e9sz\u00edt\u00e9s\u00e9re. A fogszab\u00e1lyoz\u00e1si felhaszn\u00e1l\u00e1s mag\u00e1ba, hogy a\u00a0szkennerhez el\u00e9rhet\u0151ek fogszab\u00e1lyoz\u00e1si szoftverek, melyekkel lehets\u00e9ges a fogazat szoftveres orthodonciai anal\u00edzise, kezel\u00e9si terv k\u00e9sz\u00edt\u00e9se vagy fogszab\u00e1lyz\u00f3 k\u00e9sz\u00fcl\u00e9kek tervez\u00e9se.\n<\/li>\n<li>Speci\u00e1lis tulajdons\u00e1gok: Itt ker\u00fcl felsorol\u00e1sra minden olyan tulajdons\u00e1g, amely seg\u00edts\u00e9g\u00e9vel az intraor\u00e1lis szkenner t\u00f6bbre k\u00e9pes, mint egy digit\u00e1lis lenyomat elk\u00e9sz\u00edt\u00e9se. Fog- \u00e9s csonksz\u00edn meghat\u00e1roz\u00e1s (a szkenner be\u00e9p\u00edtett spektrofotom\u00e9terrel rendelkezik, \u00edgy a digit\u00e1lis lenyomatv\u00e9tel mellett, azzal egyid\u0151ben fogsz\u00edn meghat\u00e1roz\u00e1sra is alkalmas), egy\u00e9ni mozg\u00e1sp\u00e1ly\u00e1k detekt\u00e1l\u00e1sa (dinamikus okkl\u00fazi\u00f3 r\u00f6gz\u00edt\u00e9s\u00e9nek lehet\u0151s\u00e9ge), preprepar\u00e1ci\u00f3s szkennel\u00e9si lehet\u0151s\u00e9g (r\u00e9gi\/ideiglenes fogp\u00f3tl\u00e1s vagy a saj\u00e1t fogak beszkennel\u00e9se a fogak el\u0151k\u00e9sz\u00edt\u00e9se el\u0151tt egy munkafolyamaton bel\u00fcl!) , csapos m\u0171csonk \u00e9s lenyomat szkennel\u00e9s, fogsor munkafolyamat (deleg\u00e1ltan teljes lemezes fogp\u00f3tl\u00e1s k\u00e9sz\u00edt\u00e9s\u00e9re kialak\u00edtott digit\u00e1lis lenyomatv\u00e9teli munkafolyamat), smile design (mosolytervez\u00e9s saj\u00e1t tervez\u0151 szoftverrel), k\u00fcl\u00f6nb\u00f6z\u0151 m\u00e9ret\u0171 szkennerfejek \u00e9s caries detekt\u00e1l\u00e1s. Minden eml\u00edtett tulajdons\u00e1g 1 pontot \u00e9r.\n<\/li>\n<li>T\u00e1mogat\u00e1s: Az \u00e9venk\u00e9nt meg\u00faj\u00edtand\u00f3 licensz azt jelenti, hogy az intraor\u00e1lis szkenner haszn\u00e1lat\u00e1hoz \u00e9s az STL f\u00e1jlok tov\u00e1bb\u00edt\u00e1s\u00e1hoz minden \u00e9vben be kell fizetni egy bizonyos \u00f6sszeget, amennyiben ezt a felhaszn\u00e1l\u00f3 nem teszi meg, nem tudja haszn\u00e1lni a szkenner\u00e9t. A m\u00e1sik esetben a\u00a0szkenner haszn\u00e1lata korl\u00e1tlan, nincs meg\u00faj\u00edtand\u00f3 licenc szerz\u0151d\u00e9s vagy esetsz\u00e1mmal ar\u00e1nyos k\u00f6lts\u00e9gek.<br \/>\nEl\u00e9rhet\u0151 pontsz\u00e1m: \u00e9venk\u00e9nt meg\u00faj\u00edtand\u00f3 licensz, esetsz\u00e1mmal ar\u00e1nyos k\u00f6lts\u00e9gek: 0 pont, megv\u00e1s\u00e1rl\u00e1ssal korl\u00e1tlan t\u00e1mogat\u00e1s: 1 pont<\/p>\n<\/li>\n<li>Szerviz: A\u00a0szkenner klinikai haszn\u00e1lata k\u00f6zben felmer\u00fcl\u0151 k\u00e9rd\u00e9sekkel a fogorvos a forgalmaz\u00f3t vagy gy\u00e1rt\u00f3t emailben\/telefonon\/szem\u00e9lyesen felkeresheti \u00e9s a k\u00e9rd\u00e9sre r\u00f6vid id\u0151n bel\u00fcl v\u00e1laszt kap. A szervizel\u00e9s sor\u00e1n a szkenner hardver\u00e9t vagy szoftver\u00e9t \u00e9rint\u0151 esetleges hib\u00e1kat a fogorvos a gy\u00e1rt\u00f3nak\/forgalmaz\u00f3nak bejelenti, akik a hib\u00e1t\u00f3l f\u00fcgg\u0151en azt elh\u00e1r\u00edtj\u00e1k. Ha a szkenner hazai szervizzel rendelkezik, a hiba megsz\u00fcntet\u00e9se r\u00f6vid id\u0151n bel\u00fcl megval\u00f3sulhat, nem kell a szkennert k\u00fclf\u00f6ldre jav\u00edt\u00e1sra elsz\u00e1ll\u00edtani. Amennyiben a forgalmaz\u00f3 c\u00e9g 24 \u00f3r\u00e1n bel\u00fcl biztos\u00edt cserek\u00e9sz\u00fcl\u00e9ket, amely addig a felhaszn\u00e1l\u00f3n\u00e1l maradhat, ameddig a saj\u00e1t szkenner\u00e9t meg nem jav\u00edtj\u00e1k, akkor a hazai szerviz lehet\u0151s\u00e9ghez hasonl\u00f3an erre is j\u00e1r a maxim\u00e1lis pontsz\u00e1m.\u00a0<br \/>\nEl\u00e9rhet\u0151 pontsz\u00e1m: k\u00fclf\u00f6ldi\/online szakszerviz: 0,5 pont, hazai szakszerviz\/24 \u00f3r\u00e1n bel\u00fcli cserek\u00e9sz\u00fcl\u00e9k: 1 pont (maximum 1 pont szerezhet\u0151)<\/p>\n<\/li>\n<li>Oktat\u00e1s:\u00a0Az oktat\u00e1st a szkenner hazai forgalmaz\u00f3ja Magyarorsz\u00e1gon egy kijel\u00f6lt helyen \u00e9s id\u0151ben biztos\u00edthatja. Itt a szkenner \u00f6sszeszerel\u00e9se, a szoftver haszn\u00e1lata \u00e9s a szkennel\u00e9si strat\u00e9gia is bemutat\u00e1sra ker\u00fcl. Ez megval\u00f3sulhat k\u00fclf\u00f6ld\u00f6n is, mely azonban nagyobb anyagi megterhel\u00e9st jelent a fogorvos sz\u00e1m\u00e1ra \u00e9s \u00e1ltal\u00e1ban angolul zajlik. A hazai vagy k\u00fclf\u00f6ldi tanfolyamokat online oktat\u00f3anyagok is kieg\u00e9sz\u00edthetik.<br \/>\nEl\u00e9rhet\u0151 pontsz\u00e1m: nem megoldott: 0 pont, k\u00fclf\u00f6ldi\/online oktat\u00e1s: 0,5 pont, hazai oktat\u00e1s:1 pont (maximum 1 pont szerezhet\u0151)<\/li>\n<\/ul>\n<p><b>Ergon\u00f3miai param\u00e9terek<\/b><\/p>\n<ul>\n<li>T\u00f6meg (g):\u00a0A szkenner k\u00e9zidarabj\u00e1nak t\u00f6meg\u00e9t a szkennerfejjel egy\u00fctt h\u00e1romszor lem\u00e9rj\u00fck, majd ezt \u00e1tlagoljuk.\u00a0\n<\/li>\n<li>Szkennerfej m\u00e9ret (mm):\u00a0A szkenner fej\u00e9nek ker\u00fclet\u00e9t h\u00e1romszor lem\u00e9rj\u00fck, majd ezt \u00e1tlagoljuk.\u00a0<\/li>\n<\/ul>\n<p><b>Modell szkennel\u00e9s<\/b><\/p>\n<ul>\n<li>Szkennel\u00e9s sebess\u00e9ge (mp):\u00a0Minden esetben a tiszta szkennel\u00e9si id\u0151t m\u00e9rj\u00fck, teh\u00e1t a szkennel\u00e9s kezdet\u00e9t\u0151l a v\u00e9g\u00e9ig m\u00e9rj\u00fck az id\u0151t. Ezt az id\u0151t r\u00f6gz\u00edtj\u00fck, \u00e1tlagoljuk \u00e9s ki\u00e9rt\u00e9kelj\u00fck. \u00a0A szkennel\u00e9si id\u0151be az adatfelv\u00e9tel \u00e9s a posztprocessz\u00e1l\u00e1s nem sz\u00e1m\u00edt bele.\u00a0<\/li>\n<li>Pontoss\u00e1g: A vizsg\u00e1lt szkennerek \u00e1ltal l\u00e9trehozott STL f\u00e1jlokat a referencia szkennerrel l\u00e9trehozott STL f\u00e1jlokra vet\u00edtj\u00fck r\u00e1, mind a 7 db minta eset\u00e9ben. A tanulm\u00e1nyi minta \u00e9s torl\u00f3dott minta eset\u00e9ben a teljes fog\u00edv \u00e1tlagos elt\u00e9r\u00e9s\u00e9t vizsg\u00e1ljuk. A prepar\u00e1lt csonkos minta eset\u00e9n a k\u00f6vetkez\u0151 param\u00e9tereket vizsg\u00e1ljuk: t<span style=\"font-size: 1rem\">eljes mint\u00e1n v\u00e9gzett \u00e1tlagos elt\u00e9r\u00e9sek vizsg\u00e1lata (WHL), k<\/span><span style=\"font-size: 1rem\">iv\u00e1lasztott csonkon v\u00e9gzett \u00e1tlagos elt\u00e9r\u00e9sek vizsg\u00e1lata (csonk WHL), t\u00e1vols\u00e1g m\u00e9r\u00e9sek (r\u00f6vid\/k\u00f6zepes\/hossz\u00fa t\u00e1vols\u00e1g \u00e9s teljes fog\u00edv t\u00e1vols\u00e1g). A kvadr\u00e1ns mint\u00e1n a 26 fogban el\u0151k\u00e9sz\u00edtett bet\u00e9t\u00fcreg pontoss\u00e1g\u00e1t vizsg\u00e1ljuk. Az implant\u00e1ci\u00f3s mint\u00e1kon a teljes fog\u00edv \u00e1tlagos elt\u00e9r\u00e9s\u00e9t vizsg\u00e1ljuk, valamint az implant\u00e1tum anal\u00f3gok helyzet\u00e9nek \u00e1tlagos elt\u00e9r\u00e9seit a referenci\u00e1hoz k\u00e9pest.\u00a0<\/span><\/li>\n<\/ul>\n<p><b>Klinikai szkennel\u00e9s<\/b><\/p>\n<ul>\n<li>Szkennel\u00e9s sebess\u00e9ge (mp):\u00a0Minden esetben a tiszta szkennel\u00e9si id\u0151t m\u00e9rj\u00fck, teh\u00e1t a szkennel\u00e9s kezdet\u00e9t\u0151l a v\u00e9g\u00e9ig m\u00e9rj\u00fck az id\u0151t. Ezt az id\u0151t r\u00f6gz\u00edtj\u00fck, \u00e1tlagoljuk \u00e9s ki\u00e9rt\u00e9kelj\u00fck. \u00a0A szkennel\u00e9si id\u0151be az adatfelv\u00e9tel \u00e9s a posztprocessz\u00e1l\u00e1s nem sz\u00e1m\u00edt bele.\u00a0<\/li>\n<\/ul>\n<p>&nbsp;<\/p>\n<p>&nbsp;<\/p>\n<p>&nbsp;<\/p>\n<p>&nbsp;<\/p>\n<p class=\"tab2\">\u00a0<\/p>\n<p class=\"tab2\">\u00a0<\/p>\n","protected":false},"excerpt":{"rendered":"<p>\u00d6sszefoglal\u00f3 t\u00e1bl\u00e1zat \u00a0\u00a0 T\u00e1vir\u00e1ny\u00edt\u00e1s:\u00a0a szkenner a k\u00e9perny\u0151 \u00e9rint\u00e9se n\u00e9lk\u00fcl k\u00e9zmozdulatokkal vagy hanggal ir\u00e1ny\u00edthat\u00f3. Ez az infekci\u00f3kontroll szempontj\u00e1b\u00f3l el\u0151ny\u00f6s. El\u00e9rhet\u0151 pontsz\u00e1m: van t\u00e1vvez\u00e9rl\u00e9s funkci\u00f3: 1 pont, nincs t\u00e1vvez\u00e9rl\u00e9s funkci\u00f3: 0 pont. Konfigur\u00e1ci\u00f3:\u00a0Az intraor\u00e1lis szkenner konfigur\u00e1ci\u00f3ja azt jelenti, hogy a hardvert milyen form\u00e1ban \u00e9rhetj\u00fck el: lehet, hogy az adott eszk\u00f6z csak egy konfigur\u00e1ci\u00f3ban \u00e9rhet\u0151 el, de az &hellip;<\/p>\n","protected":false},"author":102303,"featured_media":0,"parent":0,"menu_order":0,"comment_status":"closed","ping_status":"closed","template":"","meta":{"_acf_changed":false,"footnotes":""},"categories":[],"tags":[],"class_list":["post-44","page","type-page","status-publish","hentry"],"acf":[],"_links":{"self":[{"href":"https:\/\/semmelweis.hu\/dentalszkenner\/wp-json\/wp\/v2\/pages\/44","targetHints":{"allow":["GET"]}}],"collection":[{"href":"https:\/\/semmelweis.hu\/dentalszkenner\/wp-json\/wp\/v2\/pages"}],"about":[{"href":"https:\/\/semmelweis.hu\/dentalszkenner\/wp-json\/wp\/v2\/types\/page"}],"author":[{"embeddable":true,"href":"https:\/\/semmelweis.hu\/dentalszkenner\/wp-json\/wp\/v2\/users\/102303"}],"replies":[{"embeddable":true,"href":"https:\/\/semmelweis.hu\/dentalszkenner\/wp-json\/wp\/v2\/comments?post=44"}],"version-history":[{"count":3,"href":"https:\/\/semmelweis.hu\/dentalszkenner\/wp-json\/wp\/v2\/pages\/44\/revisions"}],"predecessor-version":[{"id":1070,"href":"https:\/\/semmelweis.hu\/dentalszkenner\/wp-json\/wp\/v2\/pages\/44\/revisions\/1070"}],"wp:attachment":[{"href":"https:\/\/semmelweis.hu\/dentalszkenner\/wp-json\/wp\/v2\/media?parent=44"}],"wp:term":[{"taxonomy":"category","embeddable":true,"href":"https:\/\/semmelweis.hu\/dentalszkenner\/wp-json\/wp\/v2\/categories?post=44"},{"taxonomy":"post_tag","embeddable":true,"href":"https:\/\/semmelweis.hu\/dentalszkenner\/wp-json\/wp\/v2\/tags?post=44"}],"curies":[{"name":"wp","href":"https:\/\/api.w.org\/{rel}","templated":true}]}}