{"id":432,"date":"2023-12-01T09:21:34","date_gmt":"2023-12-01T08:21:34","guid":{"rendered":"https:\/\/semmelweis.hu\/dentalszkenner\/?page_id=432"},"modified":"2025-10-13T09:30:21","modified_gmt":"2025-10-13T07:30:21","slug":"alliedstar-as100","status":"publish","type":"page","link":"https:\/\/semmelweis.hu\/dentalszkenner\/intraoralis-szkennerek\/alliedstar-as100\/","title":{"rendered":"Alliedstar AS100"},"content":{"rendered":"<div class=\"exp-col-content-holder\"><a class=\"expand-cnt-link\" href=\"#\">AS100 <img loading=\"lazy\" decoding=\"async\" class=\"wp-image-594 alignnone\" src=\"https:\/\/semmelweis.hu\/dentalszkenner\/files\/2023\/12\/AS-100-IOS-400x170.jpg\" alt=\"\" width=\"179\" height=\"76\" srcset=\"https:\/\/semmelweis.hu\/dentalszkenner\/files\/2023\/12\/AS-100-IOS-400x170.jpg 400w, https:\/\/semmelweis.hu\/dentalszkenner\/files\/2023\/12\/AS-100-IOS-1024x436.jpg 1024w, https:\/\/semmelweis.hu\/dentalszkenner\/files\/2023\/12\/AS-100-IOS-768x327.jpg 768w, https:\/\/semmelweis.hu\/dentalszkenner\/files\/2023\/12\/AS-100-IOS-1536x654.jpg 1536w, https:\/\/semmelweis.hu\/dentalszkenner\/files\/2023\/12\/AS-100-IOS-2048x871.jpg 2048w, https:\/\/semmelweis.hu\/dentalszkenner\/files\/2023\/12\/AS-100-IOS-753x320.jpg 753w\" sizes=\"auto, (max-width: 179px) 100vw, 179px\" \/><\/a><\/p>\n<div style=\"text-align: left\">\u00a0<\/div>\n<div>\n<div class=\"hidden-content\" style=\"text-align: left\">\n<table style=\"height: 431px;width: 100%;border-collapse: collapse;background-color: #e4e3e1;border-color: #000000;border-style: none\">\n<tbody>\n<tr style=\"height: 38px\">\n<td style=\"width: 99.9196%;height: 38px\" colspan=\"2\"><span style=\"font-size: 18pt;color: #c4af81\"><strong>AS100<\/strong><\/span><\/td>\n<\/tr>\n<tr style=\"height: 30px\">\n<td class=\"px-sm border-borderMain dark:border-borderMainDark min-w-[48px] border\" style=\"width: 39.6302%;height: 30px\"><strong>Forgalomba hozatal<\/strong><\/td>\n<td class=\"px-sm border-borderMain dark:border-borderMainDark min-w-[48px] border\" style=\"width: 60.2894%;height: 30px\">AlliedStar, 2021<\/td>\n<\/tr>\n<tr style=\"height: 30px\">\n<td class=\"px-sm border-borderMain dark:border-borderMainDark min-w-[48px] border\" style=\"width: 39.6302%;height: 30px\"><strong>Konfigur\u00e1ci\u00f3k<\/strong><\/td>\n<td class=\"px-sm border-borderMain dark:border-borderMainDark min-w-[48px] border\" style=\"width: 60.2894%;height: 30px\">Pod verzi\u00f3s: a k\u00e9zidarab USB k\u00e1bellel k\u00f6thet\u0151 \u00f6ssze asztali sz\u00e1m\u00edt\u00f3g\u00e9ppel vagy laptoppal<\/td>\n<\/tr>\n<tr style=\"height: 30px\">\n<td class=\"px-sm border-borderMain dark:border-borderMainDark min-w-[48px] border\" style=\"width: 39.6302%;height: 30px\"><strong>Csomag tartalma<\/strong><\/td>\n<td class=\"px-sm border-borderMain dark:border-borderMainDark min-w-[48px] border\" style=\"width: 60.2894%;height: 30px\">Intraor\u00e1lis szkenner k\u00e9zidarab, k\u00e9zidarab tart\u00f3, szkenner k\u00e1bel 4 db szkennerfej (2 db norm\u00e1l, 2 db kism\u00e9ret\u0171), 1 db v\u00e9d\u0151fej<\/td>\n<\/tr>\n<tr style=\"height: 30px\">\n<td class=\"px-sm border-borderMain dark:border-borderMainDark min-w-[48px] border\" style=\"width: 39.6302%;height: 30px\"><strong>Szkennel\u00e9si strat\u00e9gia<\/strong><\/td>\n<td class=\"px-sm border-borderMain dark:border-borderMainDark min-w-[48px] border\" style=\"width: 60.2894%;height: 30px\">Fel\u00fcl okkl\u00faz\u00e1lis, bukk\u00e1lis majd palatin\u00e1lis felsz\u00edn; Alul okkluz\u00e1lis, lingv\u00e1lis majd bukk\u00e1lis felsz\u00edn<\/td>\n<\/tr>\n<tr style=\"height: 30px\">\n<td class=\"px-sm border-borderMain dark:border-borderMainDark min-w-[48px] border\" style=\"width: 39.6302%;height: 30px\"><strong>Szoftver<\/strong><\/td>\n<td class=\"px-sm border-borderMain dark:border-borderMainDark min-w-[48px] border\" style=\"width: 60.2894%;height: 30px\">ScanPro Software<\/td>\n<\/tr>\n<tr style=\"height: 30px\">\n<td class=\"px-sm border-borderMain dark:border-borderMainDark min-w-[48px] border\" style=\"width: 39.6302%;height: 30px\"><strong>Lek\u00e9pez\u00e9s<\/strong><\/td>\n<td class=\"px-sm border-borderMain dark:border-borderMainDark min-w-[48px] border\" style=\"width: 60.2894%;height: 30px\">Triangul\u00e1ci\u00f3<\/td>\n<\/tr>\n<tr style=\"height: 30px\">\n<td class=\"px-sm border-borderMain dark:border-borderMainDark min-w-[48px] border\" style=\"width: 39.6302%;height: 30px\"><strong>Indik\u00e1ci\u00f3s k\u00f6r<\/strong><\/td>\n<td class=\"px-sm border-borderMain dark:border-borderMainDark min-w-[48px] border\" style=\"width: 60.2894%;height: 30px\">Kezel\u00e9si terv k\u00e9sz\u00edt\u00e9s,\u00a0 Fogp\u00f3tl\u00e1stan, Implantol\u00f3gia, Fogszab\u00e1lyoz\u00e1s<\/td>\n<\/tr>\n<tr style=\"height: 183px\">\n<td class=\"px-sm border-borderMain dark:border-borderMainDark min-w-[48px] border\" style=\"width: 39.6302%;height: 183px\"><strong>Speci\u00e1lis tulajdons\u00e1gok<\/strong><\/td>\n<td class=\"px-sm border-borderMain dark:border-borderMainDark min-w-[48px] border\" style=\"width: 60.2894%;height: 183px\">\n<p>Csap szkennel\u00e9s<\/p>\n<p>Lenyomat szkennel\u00e9s<\/p>\n<p>T\u00f6bb k\u00fcl\u00f6nb\u00f6z\u0151 m\u00e9ret\u0171 szkennerfej<\/p>\n<p>Okkl\u00fazi\u00f3 anal\u00edzis<\/p>\n<\/td>\n<\/tr>\n<\/tbody>\n<\/table>\n<p>&nbsp;<\/p>\n<p><img loading=\"lazy\" decoding=\"async\" class=\"alignleft size-medium wp-image-1320\" src=\"https:\/\/semmelweis.hu\/dentalszkenner\/files\/2024\/11\/AS100-kepek-283x400.png\" alt=\"\" width=\"283\" height=\"400\" srcset=\"https:\/\/semmelweis.hu\/dentalszkenner\/files\/2024\/11\/AS100-kepek-283x400.png 283w, https:\/\/semmelweis.hu\/dentalszkenner\/files\/2024\/11\/AS100-kepek.png 407w\" sizes=\"auto, (max-width: 283px) 100vw, 283px\" \/><\/p>\n<p><\/p>\n<p>&nbsp;<\/p>\n<\/div>\n<div class=\"hidden-content\" style=\"text-align: left\">\n<table style=\"height: 600px;width: 100%;border-collapse: collapse;background-color: #e4e3e1;border-color: #000000;border-style: none\">\n<tbody>\n<tr style=\"height: 38px\">\n<td style=\"width: 110.395%;height: 38px\" colspan=\"2\"><span style=\"font-size: 18pt;color: #c4af81\"><strong>AlliedStar AS100<\/strong><\/span><\/td>\n<\/tr>\n<tr style=\"height: 32px\">\n<td class=\"px-sm border-borderMain dark:border-borderMainDark min-w-[48px] border\" style=\"width: 39.6546%;height: 32px\"><strong>T\u00e1vir\u00e1ny\u00edt\u00e1s<\/strong><\/td>\n<td class=\"px-sm border-borderMain dark:border-borderMainDark min-w-[48px] border\" style=\"width: 70.7404%;height: 32px\"><strong>Igen<\/strong>: <strong>1<\/strong>, Nem: 0<\/td>\n<\/tr>\n<tr style=\"height: 32px\">\n<td class=\"px-sm border-borderMain dark:border-borderMainDark min-w-[48px] border\" style=\"width: 39.6546%;height: 32px\"><strong>Konfigur\u00e1ci\u00f3<\/strong><\/td>\n<td class=\"px-sm border-borderMain dark:border-borderMainDark min-w-[48px] border\" style=\"width: 70.7404%;height: 32px\">Egy el\u00e9rhet\u0151: 0, <strong>T\u00f6bb v\u00e1laszthat\u00f3: 1<\/strong><\/td>\n<\/tr>\n<tr style=\"height: 32px\">\n<td class=\"px-sm border-borderMain dark:border-borderMainDark min-w-[48px] border\" style=\"width: 39.6546%;height: 32px\"><strong>F\u00e1jlok tov\u00e1bb\u00edt\u00e1s\u00e1nak m\u00f3dja<\/strong><\/td>\n<td class=\"px-sm border-borderMain dark:border-borderMainDark min-w-[48px] border\" style=\"width: 70.7404%;height: 32px\">Export\u00e1l\u00e1s ut\u00e1n e-mail: 0, <strong>Saj\u00e1t felh\u0151 alap\u00fa platform: 1<\/strong><\/td>\n<\/tr>\n<tr style=\"height: 32px\">\n<td class=\"px-sm border-borderMain dark:border-borderMainDark min-w-[48px] border\" style=\"width: 39.6546%;height: 32px\"><strong>Ny\u00edlt vs. Z\u00e1rt<\/strong><\/td>\n<td class=\"px-sm border-borderMain dark:border-borderMainDark min-w-[48px] border\" style=\"width: 70.7404%;height: 32px\">Z\u00e1rt: 0, <strong>Ny\u00edlt: 1<\/strong><\/td>\n<\/tr>\n<tr style=\"height: 62px\">\n<td class=\"px-sm border-borderMain dark:border-borderMainDark min-w-[48px] border\" style=\"width: 39.6546%;height: 62px\"><strong>Felhaszn\u00e1l\u00e1s<\/strong><\/td>\n<td class=\"px-sm border-borderMain dark:border-borderMainDark min-w-[48px] border\" style=\"width: 70.7404%;height: 62px\">\n<p><strong>Kezel\u00e9si terv k\u00e9sz\u00edt\u00e9se: 1, <\/strong><\/p>\n<p><strong>Fogp\u00f3tl\u00e1stan: 1, <\/strong><\/p>\n<p><strong>Implantol\u00f3gia: 1, <\/strong><\/p>\n<p><strong>Fogszab\u00e1lyoz\u00e1s: 1<\/strong>,<\/p>\n<p>Chairside rendszer: 1<\/p>\n<\/td>\n<\/tr>\n<tr style=\"height: 152px\">\n<td class=\"px-sm border-borderMain dark:border-borderMainDark min-w-[48px] border\" style=\"width: 39.6546%;height: 152px\"><strong>Speci\u00e1lis tulajdons\u00e1g<\/strong><\/td>\n<td class=\"px-sm border-borderMain dark:border-borderMainDark min-w-[48px] border\" style=\"width: 70.7404%;height: 152px\">\n<p>Fogsz\u00edn-meghat\u00e1roz\u00e1s: 1,<\/p>\n<p>Csonksz\u00edn-meghat\u00e1roz\u00e1s: 1,<\/p>\n<p>Egy\u00e9ni mozg\u00e1sp\u00e1ly\u00e1k detekt\u00e1l\u00e1sa: 1,<\/p>\n<p>Preprepar\u00e1ci\u00f3s szkennel\u00e9s: 1,<\/p>\n<p><strong>Csap szkennel\u00e9s: 1,<\/strong><\/p>\n<p><strong>Lenyomat szkennel\u00e9s: 1<\/strong>,<\/p>\n<p>Fogsor munkafolyamat: 1,<\/p>\n<p>Smile design: 1,<\/p>\n<p><strong>K\u00fcl\u00f6nb\u00f6z\u0151 m\u00e9ret\u0171 szkennerfej: 1<\/strong>,<\/p>\n<p>Caries detekt\u00e1l\u00e1s: 1<\/p>\n<\/td>\n<\/tr>\n<tr style=\"height: 32px\">\n<td class=\"px-sm border-borderMain dark:border-borderMainDark min-w-[48px] border\" style=\"width: 39.6546%;height: 32px\"><strong>T\u00e1mogat\u00e1s<\/strong><\/td>\n<td class=\"px-sm border-borderMain dark:border-borderMainDark min-w-[48px] border\" style=\"width: 70.7404%;height: 32px\">\u00c9venk\u00e9nt meg\u00faj\u00edtand\u00f3 licensz: 0, <strong>Korl\u00e1tlan t\u00e1mogat\u00e1s: 1<\/strong><\/td>\n<\/tr>\n<tr style=\"height: 62px\">\n<td class=\"px-sm border-borderMain dark:border-borderMainDark min-w-[48px] border\" style=\"width: 39.6546%;height: 62px\"><strong>Szerviz<\/strong><\/td>\n<td class=\"px-sm border-borderMain dark:border-borderMainDark min-w-[48px] border\" style=\"width: 70.7404%;height: 62px\">K\u00fclf\u00f6ldi\/online szakszerviz: 0.5, <strong>Hazai szakszerviz vagy 24 \u00f3r\u00e1n bel\u00fcli cserek\u00e9sz\u00fcl\u00e9k biztos\u00edt\u00e1sa: 1<\/strong><\/td>\n<\/tr>\n<tr style=\"height: 32px\">\n<td class=\"px-sm border-borderMain dark:border-borderMainDark min-w-[48px] border\" style=\"width: 39.6546%;height: 32px\"><strong>Oktat\u00e1s<\/strong><\/td>\n<td class=\"px-sm border-borderMain dark:border-borderMainDark min-w-[48px] border\" style=\"width: 70.7404%;height: 32px\">Nem megoldott: 0, K\u00fclf\u00f6ldi\/online: 0.5, <strong>Hazai: 1<\/strong><\/td>\n<\/tr>\n<\/tbody>\n<\/table>\n<p>&nbsp;<\/p>\n<p>&nbsp;<\/p>\n<p><\/p>\n<p>&nbsp;<\/p>\n<table class=\"border-borderMain dark:border-borderMainDark my-[1em] w-full table-auto border\" style=\"height: 347px;width: 80.5797%;background-color: #e4e3e1\">\n<tbody>\n<tr style=\"height: 38px\">\n<td style=\"width: 99.9196%;height: 38px\" colspan=\"2\"><span style=\"font-size: 18pt;color: #c4af81\"><strong>AlliedStar AS100<\/strong><\/span><\/td>\n<\/tr>\n<tr style=\"height: 33px\">\n<th class=\"px-sm py-sm whitespace-nowrap\" style=\"text-align: center;height: 33px\" colspan=\"2\"><strong>Eredm\u00e9nyek<\/strong><\/th>\n<\/tr>\n<tr style=\"height: 33px\">\n<td class=\"px-sm border-borderMain dark:border-borderMainDark min-w-[48px] border\" style=\"height: 33px\"><strong>\u00d6sszefoglal\u00f3 t\u00e1bl\u00e1zat<\/strong><\/td>\n<td class=\"px-sm border-borderMain dark:border-borderMainDark min-w-[48px] border\" style=\"height: 33px\">14\/22 pont<\/td>\n<\/tr>\n<tr style=\"height: 33px\">\n<td class=\"px-sm border-borderMain dark:border-borderMainDark min-w-[48px] border\" style=\"height: 33px\"><strong>Modell szkennel\u00e9si sebess\u00e9g<\/strong><\/td>\n<td class=\"px-sm border-borderMain dark:border-borderMainDark min-w-[48px] border\" style=\"height: 33px\">2 perc 40 m\u00e1sodperc<\/td>\n<\/tr>\n<tr style=\"height: 63px\">\n<td class=\"px-sm border-borderMain dark:border-borderMainDark min-w-[48px] border\" style=\"height: 63px\"><strong>Szkennerfej ker\u00fclete<\/strong><\/td>\n<td class=\"px-sm border-borderMain dark:border-borderMainDark min-w-[48px] border\" style=\"height: 63px\">68 mm<\/td>\n<\/tr>\n<tr style=\"height: 33px\">\n<td class=\"px-sm border-borderMain dark:border-borderMainDark min-w-[48px] border\" style=\"height: 33px\"><strong>Szkenner k\u00e9zidarab t\u00f6meg<\/strong><\/td>\n<td class=\"px-sm border-borderMain dark:border-borderMainDark min-w-[48px] border\" style=\"height: 33px\">126 gramm<\/td>\n<\/tr>\n<tr style=\"height: 63px\">\n<td class=\"px-sm border-borderMain dark:border-borderMainDark min-w-[48px] border\" style=\"height: 63px\"><strong>Klinikai szkennel\u00e9si sebess\u00e9g<\/strong><\/td>\n<td class=\"px-sm border-borderMain dark:border-borderMainDark min-w-[48px] border\" style=\"height: 63px\">4 perc 41m\u00e1sodperc<\/td>\n<\/tr>\n<\/tbody>\n<\/table>\n<p>&nbsp;<\/p>\n<p>&nbsp;<\/p>\n<\/div>\n<\/div>\n<\/div>\n","protected":false},"excerpt":{"rendered":"<p><a class=\"expand-cnt-link\" href=\"#\">AS100 <\/a> \u00a0 AS100 Forgalomba hozatal AlliedStar, 2021 Konfigur\u00e1ci\u00f3k Pod verzi\u00f3s: a k\u00e9zidarab USB k\u00e1bellel k\u00f6thet\u0151 \u00f6ssze asztali sz\u00e1m\u00edt\u00f3g\u00e9ppel vagy laptoppal Csomag tartalma Intraor\u00e1lis szkenner k\u00e9zidarab, k\u00e9zidarab tart\u00f3, szkenner k\u00e1bel 4 db szkennerfej (2 db norm\u00e1l, 2 db kism\u00e9ret\u0171), 1 db v\u00e9d\u0151fej Szkennel\u00e9si strat\u00e9gia Fel\u00fcl okkl\u00faz\u00e1lis, bukk\u00e1lis majd palatin\u00e1lis felsz\u00edn; Alul okkluz\u00e1lis, lingv\u00e1lis majd bukk\u00e1lis felsz\u00edn Szoftver &hellip;<\/p>\n","protected":false},"author":102310,"featured_media":0,"parent":116,"menu_order":3,"comment_status":"closed","ping_status":"closed","template":"","meta":{"_acf_changed":false,"footnotes":""},"categories":[],"tags":[],"class_list":["post-432","page","type-page","status-publish","hentry"],"acf":[],"_links":{"self":[{"href":"https:\/\/semmelweis.hu\/dentalszkenner\/wp-json\/wp\/v2\/pages\/432","targetHints":{"allow":["GET"]}}],"collection":[{"href":"https:\/\/semmelweis.hu\/dentalszkenner\/wp-json\/wp\/v2\/pages"}],"about":[{"href":"https:\/\/semmelweis.hu\/dentalszkenner\/wp-json\/wp\/v2\/types\/page"}],"author":[{"embeddable":true,"href":"https:\/\/semmelweis.hu\/dentalszkenner\/wp-json\/wp\/v2\/users\/102310"}],"replies":[{"embeddable":true,"href":"https:\/\/semmelweis.hu\/dentalszkenner\/wp-json\/wp\/v2\/comments?post=432"}],"version-history":[{"count":12,"href":"https:\/\/semmelweis.hu\/dentalszkenner\/wp-json\/wp\/v2\/pages\/432\/revisions"}],"predecessor-version":[{"id":1682,"href":"https:\/\/semmelweis.hu\/dentalszkenner\/wp-json\/wp\/v2\/pages\/432\/revisions\/1682"}],"up":[{"embeddable":true,"href":"https:\/\/semmelweis.hu\/dentalszkenner\/wp-json\/wp\/v2\/pages\/116"}],"wp:attachment":[{"href":"https:\/\/semmelweis.hu\/dentalszkenner\/wp-json\/wp\/v2\/media?parent=432"}],"wp:term":[{"taxonomy":"category","embeddable":true,"href":"https:\/\/semmelweis.hu\/dentalszkenner\/wp-json\/wp\/v2\/categories?post=432"},{"taxonomy":"post_tag","embeddable":true,"href":"https:\/\/semmelweis.hu\/dentalszkenner\/wp-json\/wp\/v2\/tags?post=432"}],"curies":[{"name":"wp","href":"https:\/\/api.w.org\/{rel}","templated":true}]}}