{"id":409,"date":"2023-11-28T12:11:20","date_gmt":"2023-11-28T11:11:20","guid":{"rendered":"https:\/\/semmelweis.hu\/dentalszkenner\/?page_id=409"},"modified":"2024-11-13T22:18:24","modified_gmt":"2024-11-13T21:18:24","slug":"pontossag","status":"publish","type":"page","link":"https:\/\/semmelweis.hu\/dentalszkenner\/pontossag\/","title":{"rendered":"Pontoss\u00e1g"},"content":{"rendered":"<p>&nbsp;<\/p>\n<div class=\"exp-col-content-holder\"><a class=\"expand-cnt-link\" href=\"#\">R\u00c9GI PROTOKOLL ZSERINTI PONTOSS\u00c1G EREDM\u00c9NYEK<\/a><\/p>\n<div class=\"hidden-content\">\n<p><img loading=\"lazy\" decoding=\"async\" class=\"wp-image-1536 size-large aligncenter\" src=\"https:\/\/semmelweis.hu\/dentalszkenner\/files\/2024\/11\/Teljes-allcsont-pontossag-29-szkenner-regi-protokoll-1024x422.png\" alt=\"\" width=\"753\" height=\"310\" srcset=\"https:\/\/semmelweis.hu\/dentalszkenner\/files\/2024\/11\/Teljes-allcsont-pontossag-29-szkenner-regi-protokoll-1024x422.png 1024w, https:\/\/semmelweis.hu\/dentalszkenner\/files\/2024\/11\/Teljes-allcsont-pontossag-29-szkenner-regi-protokoll-400x165.png 400w, https:\/\/semmelweis.hu\/dentalszkenner\/files\/2024\/11\/Teljes-allcsont-pontossag-29-szkenner-regi-protokoll-768x316.png 768w, https:\/\/semmelweis.hu\/dentalszkenner\/files\/2024\/11\/Teljes-allcsont-pontossag-29-szkenner-regi-protokoll-1536x632.png 1536w, https:\/\/semmelweis.hu\/dentalszkenner\/files\/2024\/11\/Teljes-allcsont-pontossag-29-szkenner-regi-protokoll-2048x843.png 2048w, https:\/\/semmelweis.hu\/dentalszkenner\/files\/2024\/11\/Teljes-allcsont-pontossag-29-szkenner-regi-protokoll-753x310.png 753w\" sizes=\"auto, (max-width: 753px) 100vw, 753px\" \/><\/p>\n<p><img loading=\"lazy\" decoding=\"async\" class=\"aligncenter wp-image-1535 size-large\" src=\"https:\/\/semmelweis.hu\/dentalszkenner\/files\/2024\/11\/Csonk-pontossag-29-szkenner-regi-protokoll-1024x421.png\" alt=\"\" width=\"753\" height=\"310\" srcset=\"https:\/\/semmelweis.hu\/dentalszkenner\/files\/2024\/11\/Csonk-pontossag-29-szkenner-regi-protokoll-1024x421.png 1024w, https:\/\/semmelweis.hu\/dentalszkenner\/files\/2024\/11\/Csonk-pontossag-29-szkenner-regi-protokoll-400x164.png 400w, https:\/\/semmelweis.hu\/dentalszkenner\/files\/2024\/11\/Csonk-pontossag-29-szkenner-regi-protokoll-768x315.png 768w, https:\/\/semmelweis.hu\/dentalszkenner\/files\/2024\/11\/Csonk-pontossag-29-szkenner-regi-protokoll-1536x631.png 1536w, https:\/\/semmelweis.hu\/dentalszkenner\/files\/2024\/11\/Csonk-pontossag-29-szkenner-regi-protokoll-2048x841.png 2048w, https:\/\/semmelweis.hu\/dentalszkenner\/files\/2024\/11\/Csonk-pontossag-29-szkenner-regi-protokoll-753x309.png 753w\" sizes=\"auto, (max-width: 753px) 100vw, 753px\" \/><\/p>\n<p><img loading=\"lazy\" decoding=\"async\" class=\"aligncenter wp-image-1534 size-large\" src=\"https:\/\/semmelweis.hu\/dentalszkenner\/files\/2024\/11\/Inlay-pontossag-29-szkenner-regi-protokoll-1024x422.png\" alt=\"\" width=\"753\" height=\"310\" srcset=\"https:\/\/semmelweis.hu\/dentalszkenner\/files\/2024\/11\/Inlay-pontossag-29-szkenner-regi-protokoll-1024x422.png 1024w, https:\/\/semmelweis.hu\/dentalszkenner\/files\/2024\/11\/Inlay-pontossag-29-szkenner-regi-protokoll-400x165.png 400w, https:\/\/semmelweis.hu\/dentalszkenner\/files\/2024\/11\/Inlay-pontossag-29-szkenner-regi-protokoll-768x316.png 768w, https:\/\/semmelweis.hu\/dentalszkenner\/files\/2024\/11\/Inlay-pontossag-29-szkenner-regi-protokoll-1536x632.png 1536w, https:\/\/semmelweis.hu\/dentalszkenner\/files\/2024\/11\/Inlay-pontossag-29-szkenner-regi-protokoll-2048x843.png 2048w, https:\/\/semmelweis.hu\/dentalszkenner\/files\/2024\/11\/Inlay-pontossag-29-szkenner-regi-protokoll-753x310.png 753w\" sizes=\"auto, (max-width: 753px) 100vw, 753px\" \/><\/p>\n<p><img loading=\"lazy\" decoding=\"async\" class=\"aligncenter wp-image-1533 size-large\" src=\"https:\/\/semmelweis.hu\/dentalszkenner\/files\/2024\/11\/4-tagu-hid-pontossag-29-szkenner-regi-protokoll-1024x421.png\" alt=\"\" width=\"753\" height=\"310\" srcset=\"https:\/\/semmelweis.hu\/dentalszkenner\/files\/2024\/11\/4-tagu-hid-pontossag-29-szkenner-regi-protokoll-1024x421.png 1024w, https:\/\/semmelweis.hu\/dentalszkenner\/files\/2024\/11\/4-tagu-hid-pontossag-29-szkenner-regi-protokoll-400x164.png 400w, https:\/\/semmelweis.hu\/dentalszkenner\/files\/2024\/11\/4-tagu-hid-pontossag-29-szkenner-regi-protokoll-768x315.png 768w, https:\/\/semmelweis.hu\/dentalszkenner\/files\/2024\/11\/4-tagu-hid-pontossag-29-szkenner-regi-protokoll-1536x631.png 1536w, https:\/\/semmelweis.hu\/dentalszkenner\/files\/2024\/11\/4-tagu-hid-pontossag-29-szkenner-regi-protokoll-2048x841.png 2048w, https:\/\/semmelweis.hu\/dentalszkenner\/files\/2024\/11\/4-tagu-hid-pontossag-29-szkenner-regi-protokoll-753x309.png 753w\" sizes=\"auto, (max-width: 753px) 100vw, 753px\" \/><\/p>\n<p><img loading=\"lazy\" decoding=\"async\" class=\"aligncenter wp-image-1532 size-large\" src=\"https:\/\/semmelweis.hu\/dentalszkenner\/files\/2024\/11\/Teljes-fogiv-tolomeros-vizsgalat-29-szkenner-regi-protokoll-1024x422.png\" alt=\"\" width=\"753\" height=\"310\" srcset=\"https:\/\/semmelweis.hu\/dentalszkenner\/files\/2024\/11\/Teljes-fogiv-tolomeros-vizsgalat-29-szkenner-regi-protokoll-1024x422.png 1024w, https:\/\/semmelweis.hu\/dentalszkenner\/files\/2024\/11\/Teljes-fogiv-tolomeros-vizsgalat-29-szkenner-regi-protokoll-400x165.png 400w, https:\/\/semmelweis.hu\/dentalszkenner\/files\/2024\/11\/Teljes-fogiv-tolomeros-vizsgalat-29-szkenner-regi-protokoll-768x316.png 768w, https:\/\/semmelweis.hu\/dentalszkenner\/files\/2024\/11\/Teljes-fogiv-tolomeros-vizsgalat-29-szkenner-regi-protokoll-1536x632.png 1536w, https:\/\/semmelweis.hu\/dentalszkenner\/files\/2024\/11\/Teljes-fogiv-tolomeros-vizsgalat-29-szkenner-regi-protokoll-2048x843.png 2048w, https:\/\/semmelweis.hu\/dentalszkenner\/files\/2024\/11\/Teljes-fogiv-tolomeros-vizsgalat-29-szkenner-regi-protokoll-753x310.png 753w\" sizes=\"auto, (max-width: 753px) 100vw, 753px\" \/><\/p>\n<p><img loading=\"lazy\" decoding=\"async\" class=\"size-medium aligncenter\" src=\"https:\/\/semmelweis.hu\/dentalszkenner\/files\/2024\/11\/Szkennerek-pontossaga-valodisag-es-precizitas-szerint.png\" width=\"5274\" height=\"2202\" \/><\/p>\n<p><img loading=\"lazy\" decoding=\"async\" class=\"size-medium aligncenter\" src=\"https:\/\/semmelweis.hu\/dentalszkenner\/files\/2024\/11\/Pontossag-szerinti-sorrend.png\" width=\"5221\" height=\"2203\" \/><\/p>\n<p>&nbsp;<\/p>\n<p><img loading=\"lazy\" decoding=\"async\" class=\"alignnone size-medium\" src=\"https:\/\/semmelweis.hu\/dentalszkenner\/files\/2024\/11\/3Shape-generation-change.png\" width=\"1429\" height=\"1144\" \/><\/p>\n<p><img loading=\"lazy\" decoding=\"async\" class=\"alignnone size-medium\" src=\"https:\/\/semmelweis.hu\/dentalszkenner\/files\/2024\/11\/Medit-generation-change.png\" width=\"1355\" height=\"1196\" \/><\/p>\n<p><img loading=\"lazy\" decoding=\"async\" class=\"alignnone size-medium\" src=\"https:\/\/semmelweis.hu\/dentalszkenner\/files\/2024\/11\/Planmeca-generation-change.png\" width=\"1357\" height=\"1244\" \/><\/p>\n<p><img loading=\"lazy\" decoding=\"async\" class=\"alignnone size-medium\" src=\"https:\/\/semmelweis.hu\/dentalszkenner\/files\/2024\/11\/Carestream-generation-change.png\" width=\"1156\" height=\"1210\" \/><\/p>\n<p><img loading=\"lazy\" decoding=\"async\" class=\"alignnone wp-image-1148 size-large\" src=\"https:\/\/semmelweis.hu\/dentalszkenner\/files\/2024\/09\/Folyamatabra.tif-1024x1003.png\" alt=\"\" width=\"753\" height=\"738\" srcset=\"https:\/\/semmelweis.hu\/dentalszkenner\/files\/2024\/09\/Folyamatabra.tif-1024x1003.png 1024w, https:\/\/semmelweis.hu\/dentalszkenner\/files\/2024\/09\/Folyamatabra.tif-400x392.png 400w, https:\/\/semmelweis.hu\/dentalszkenner\/files\/2024\/09\/Folyamatabra.tif-768x753.png 768w, https:\/\/semmelweis.hu\/dentalszkenner\/files\/2024\/09\/Folyamatabra.tif-1536x1505.png 1536w, https:\/\/semmelweis.hu\/dentalszkenner\/files\/2024\/09\/Folyamatabra.tif-2048x2007.png 2048w, https:\/\/semmelweis.hu\/dentalszkenner\/files\/2024\/09\/Folyamatabra.tif-753x738.png 753w\" sizes=\"auto, (max-width: 753px) 100vw, 753px\" \/><\/p>\n<p>https:\/\/bmcoralhealth.biomedcentral.com\/articles\/10.1186\/s12903-023-02926-y<\/p>\n<p><img loading=\"lazy\" decoding=\"async\" class=\"alignnone wp-image-1147 size-large\" src=\"https:\/\/semmelweis.hu\/dentalszkenner\/files\/2024\/09\/szoftverfrissites.tif-1024x802.png\" alt=\"\" width=\"753\" height=\"590\" srcset=\"https:\/\/semmelweis.hu\/dentalszkenner\/files\/2024\/09\/szoftverfrissites.tif-1024x802.png 1024w, https:\/\/semmelweis.hu\/dentalszkenner\/files\/2024\/09\/szoftverfrissites.tif-400x313.png 400w, https:\/\/semmelweis.hu\/dentalszkenner\/files\/2024\/09\/szoftverfrissites.tif-768x601.png 768w, https:\/\/semmelweis.hu\/dentalszkenner\/files\/2024\/09\/szoftverfrissites.tif-1536x1203.png 1536w, https:\/\/semmelweis.hu\/dentalszkenner\/files\/2024\/09\/szoftverfrissites.tif-2048x1604.png 2048w, https:\/\/semmelweis.hu\/dentalszkenner\/files\/2024\/09\/szoftverfrissites.tif-753x590.png 753w\" sizes=\"auto, (max-width: 753px) 100vw, 753px\" \/><\/p>\n<p>https:\/\/bmcoralhealth.biomedcentral.com\/articles\/10.1186\/s12903-023-02926-y<\/p>\n<p><img loading=\"lazy\" decoding=\"async\" class=\"alignnone wp-image-1146 size-full\" src=\"https:\/\/semmelweis.hu\/dentalszkenner\/files\/2024\/09\/generaciovaltas.tif.png\" alt=\"\" width=\"606\" height=\"720\" srcset=\"https:\/\/semmelweis.hu\/dentalszkenner\/files\/2024\/09\/generaciovaltas.tif.png 606w, https:\/\/semmelweis.hu\/dentalszkenner\/files\/2024\/09\/generaciovaltas.tif-337x400.png 337w\" sizes=\"auto, (max-width: 606px) 100vw, 606px\" \/><\/p>\n<p><a href=\"https:\/\/bmcoralhealth.biomedcentral.com\/articles\/10.1186\/s12903-023-03476-z\"><span style=\"font-weight: 400\">https:\/\/bmcoralhealth.biomedcentral.com\/articles\/10.1186\/s12903-023-03476-z<\/span><\/a><\/p>\n<\/div>\n<\/div>\n<div class=\"exp-col-content-holder\"><a class=\"expand-cnt-link\" href=\"#\">\u00daJ PROTOKOLL SZERINTI PONTOSS\u00c1G EREDM\u00c9NYEK<\/a><\/p>\n<div class=\"hidden-content\">\n<p class=\"hiddenContentp\">Felt\u00f6lt\u00e9s alatt<\/p>\n<\/div>\n<\/div>\n<p>&nbsp;<\/p>\n","protected":false},"excerpt":{"rendered":"<p>&nbsp;<br \/>\n<a class=\"expand-cnt-link\" href=\"#\">R\u00c9GI PROTOKOLL ZSERINTI PONTOSS\u00c1G EREDM\u00c9NYEK<\/a><\/p>\n<p>&nbsp;<\/p>\n<p>https:\/\/bmcoralhealth.biomedcentral.com\/articles\/10.1186\/s12903-023-02926-y<\/p>\n<p>https:\/\/bmcoralhealth.biomedcentral.com\/articles\/10.1186\/s12903-023-02926-y<\/p>\n<p><a href=\"https:\/\/bmcoralhealth.biomedcentral.com\/articles\/10.1186\/s12903-023-03476-z\">https:\/\/bmcoralhealth.biomedcentral.com\/articles\/10.1186\/s12903-023-03476-z<\/a><\/p>\n<p><a class=\"expand-cnt-link\" href=\"#\">\u00daJ PROTOKOLL SZERINTI PONTOSS\u00c1G EREDM\u00c9NYEK<\/a><\/p>\n<p>Felt\u00f6lt\u00e9s alatt<\/p>\n<p>&nbsp;<\/p>\n","protected":false},"author":102310,"featured_media":0,"parent":0,"menu_order":0,"comment_status":"closed","ping_status":"closed","template":"","meta":{"_acf_changed":false,"footnotes":""},"categories":[],"tags":[],"class_list":["post-409","page","type-page","status-publish","hentry"],"acf":[],"_links":{"self":[{"href":"https:\/\/semmelweis.hu\/dentalszkenner\/wp-json\/wp\/v2\/pages\/409","targetHints":{"allow":["GET"]}}],"collection":[{"href":"https:\/\/semmelweis.hu\/dentalszkenner\/wp-json\/wp\/v2\/pages"}],"about":[{"href":"https:\/\/semmelweis.hu\/dentalszkenner\/wp-json\/wp\/v2\/types\/page"}],"author":[{"embeddable":true,"href":"https:\/\/semmelweis.hu\/dentalszkenner\/wp-json\/wp\/v2\/users\/102310"}],"replies":[{"embeddable":true,"href":"https:\/\/semmelweis.hu\/dentalszkenner\/wp-json\/wp\/v2\/comments?post=409"}],"version-history":[{"count":11,"href":"https:\/\/semmelweis.hu\/dentalszkenner\/wp-json\/wp\/v2\/pages\/409\/revisions"}],"predecessor-version":[{"id":1543,"href":"https:\/\/semmelweis.hu\/dentalszkenner\/wp-json\/wp\/v2\/pages\/409\/revisions\/1543"}],"wp:attachment":[{"href":"https:\/\/semmelweis.hu\/dentalszkenner\/wp-json\/wp\/v2\/media?parent=409"}],"wp:term":[{"taxonomy":"category","embeddable":true,"href":"https:\/\/semmelweis.hu\/dentalszkenner\/wp-json\/wp\/v2\/categories?post=409"},{"taxonomy":"post_tag","embeddable":true,"href":"https:\/\/semmelweis.hu\/dentalszkenner\/wp-json\/wp\/v2\/tags?post=409"}],"curies":[{"name":"wp","href":"https:\/\/api.w.org\/{rel}","templated":true}]}}