{"id":373,"date":"2023-11-23T10:36:49","date_gmt":"2023-11-23T09:36:49","guid":{"rendered":"https:\/\/semmelweis.hu\/dentalszkenner\/?page_id=373"},"modified":"2024-10-20T13:38:58","modified_gmt":"2024-10-20T11:38:58","slug":"jelenleg-teszteles-alatt-allo-intraoralis-szkennerek","status":"publish","type":"page","link":"https:\/\/semmelweis.hu\/dentalszkenner\/jelenleg-teszteles-alatt-allo-intraoralis-szkennerek\/","title":{"rendered":"Jelenleg tesztel\u00e9s alatt \u00e1ll\u00f3 intraor\u00e1lis szkennerek"},"content":{"rendered":"<h5>Ezen az oldalon mutatjuk be, hogy mely intraor\u00e1lis szkenner vagy szkennerek tesztel\u00e9se folyik \u00e9ppen a Fogp\u00f3tl\u00e1stani Klinik\u00e1n.\u00a0<\/h5>\n<h3><span style=\"color: #000000\">NEOSCAN 1000 \u00e9s NEOSCAN 2000 intraor\u00e1lis szkenner<\/span><\/h3>\n<p>MEDent Europe Kft.<\/p>\n<p>Tesztel\u00e9s kezdete: 2024. szeptember<\/p>\n<h3><span style=\"color: #000000\">Shining Aoralscanner 3 intraor\u00e1lis szkenner (szoftverfriss\u00edt\u00e9s) \u00e9s Shining Aoralscan Elite<\/span><\/h3>\n<p>Nextdental Kft.<\/p>\n<p>V\u00e1rhat\u00f3 tesztel\u00e9s kezdete: 2024. okt\u00f3ber 21.<\/p>\n","protected":false},"excerpt":{"rendered":"<h3><span style=\"color: #ffffff\">NEOSCAN 1000 \u00e9s NEOSCAN 2000 intraor\u00e1lis szkenner<\/span><\/h3>\n<p>MEDent Europe Kft.<\/p>\n<p>V\u00e1rhat\u00f3 tesztel\u00e9s kezdete: 2024. augusztus-szeptember<\/p>\n<h3><span style=\"color: #ffffff\">Shining Aoralscanner 3 intraor\u00e1lis szkenner (szoftverfriss\u00edt\u00e9s)<\/span><\/h3>\n<p>Nextdental Kft.<\/p>\n<p>V\u00e1rhat\u00f3 tesztel\u00e9s kezdete: 2024. augusztus-szeptember<\/p>\n","protected":false},"author":102303,"featured_media":0,"parent":0,"menu_order":0,"comment_status":"closed","ping_status":"closed","template":"","meta":{"_acf_changed":false,"footnotes":""},"categories":[],"tags":[],"class_list":["post-373","page","type-page","status-publish","hentry"],"acf":[],"_links":{"self":[{"href":"https:\/\/semmelweis.hu\/dentalszkenner\/wp-json\/wp\/v2\/pages\/373","targetHints":{"allow":["GET"]}}],"collection":[{"href":"https:\/\/semmelweis.hu\/dentalszkenner\/wp-json\/wp\/v2\/pages"}],"about":[{"href":"https:\/\/semmelweis.hu\/dentalszkenner\/wp-json\/wp\/v2\/types\/page"}],"author":[{"embeddable":true,"href":"https:\/\/semmelweis.hu\/dentalszkenner\/wp-json\/wp\/v2\/users\/102303"}],"replies":[{"embeddable":true,"href":"https:\/\/semmelweis.hu\/dentalszkenner\/wp-json\/wp\/v2\/comments?post=373"}],"version-history":[{"count":11,"href":"https:\/\/semmelweis.hu\/dentalszkenner\/wp-json\/wp\/v2\/pages\/373\/revisions"}],"predecessor-version":[{"id":1251,"href":"https:\/\/semmelweis.hu\/dentalszkenner\/wp-json\/wp\/v2\/pages\/373\/revisions\/1251"}],"wp:attachment":[{"href":"https:\/\/semmelweis.hu\/dentalszkenner\/wp-json\/wp\/v2\/media?parent=373"}],"wp:term":[{"taxonomy":"category","embeddable":true,"href":"https:\/\/semmelweis.hu\/dentalszkenner\/wp-json\/wp\/v2\/categories?post=373"},{"taxonomy":"post_tag","embeddable":true,"href":"https:\/\/semmelweis.hu\/dentalszkenner\/wp-json\/wp\/v2\/tags?post=373"}],"curies":[{"name":"wp","href":"https:\/\/api.w.org\/{rel}","templated":true}]}}