{"id":36,"date":"2024-07-09T08:42:21","date_gmt":"2024-07-09T06:42:21","guid":{"rendered":"https:\/\/semmelweis.hu\/dentalszkenner\/?page_id=36"},"modified":"2025-09-24T12:57:57","modified_gmt":"2025-09-24T10:57:57","slug":"anyag-modszer","status":"publish","type":"page","link":"https:\/\/semmelweis.hu\/dentalszkenner\/anyag-modszer\/","title":{"rendered":"Anyag, m\u00f3dszer"},"content":{"rendered":"<p>A vizsg\u00e1lt intraor\u00e1lis szkennereket a hazai forgalmaz\u00f3 c\u00e9gek bocs\u00e1tj\u00e1k rendelkez\u00e9s\u00fcnkre a tesztel\u00e9s id\u0151tartam\u00e1ra. A vizsg\u00e1latok sor\u00e1n a digit\u00e1lis lenyomatv\u00e9telekben tapasztalt fogorvosok \u00e9s fogorvostan- hallgat\u00f3k is r\u00e9szt vesznek.<\/p>\n<p>A <strong>vizsg\u00e1lat 1. l\u00e9p\u00e9se az oktat\u00e1s<\/strong>, amelyet minden esetben a forgalmaz\u00f3 c\u00e9g biztos\u00edt. A c\u00e9gek egy olyan oktat\u00e1st tartanak, amelyet azoknak a fogorvosoknak is adnak, akik szeretn\u00e9nek beruh\u00e1zni az \u00e1ltaluk forgalmazott szkennerre. Az oktat\u00e1s elm\u00e9leti, valamint gyakorlati r\u00e9szb\u0151l \u00e1ll \u00e9s 1-2 \u00f3ra id\u0151tartam\u00fa.<\/p>\n<p>A <strong>vizsg\u00e1lat 2. l\u00e9p\u00e9se a szkennerek \u00e9rt\u00e9kel\u00e9se<\/strong>. Az intraor\u00e1lis szkennerek <strong>\u00e9rt\u00e9kel\u00e9se 5 pontb\u00f3l <\/strong>\u00e1ll a valid\u00e1lt szempontrendszernek megfelel\u0151en:<\/p>\n<p><strong>2\/1. Alapadatok t\u00e1bl\u00e1zat<\/strong><\/p>\n<p>A dokument\u00e1ci\u00f3 a gy\u00e1rt\u00f3 \u00e1ltal k\u00f6z\u00f6lt adatokb\u00f3l, a nemzetk\u00f6zi irodalomb\u00f3l \u00e9s a haszn\u00e1lat k\u00f6zben tapasztaltak szerint ker\u00fcl \u00f6ssze\u00e1ll\u00edt\u00e1sra. \u00c1tfog\u00f3 jellemz\u00e9st ad a szkennerr\u0151l legf\u0151k\u00e9ppen a szkenner technikai tulajdons\u00e1gait tartalmazva (forgalomba hozatal, csomag tartalma konfigur\u00e1ci\u00f3k, indik\u00e1ci\u00f3s k\u00f6r). A dokumentumok a weblapon az Intraor\u00e1lis szkennerek f\u00fcl alatt tal\u00e1lhat\u00f3.\u00a0<\/p>\n<p><strong>2\/2. Pontoz\u00f3 \u00f6sszefoglal\u00f3 t\u00e1bl\u00e1zat: <\/strong>Az \u00f6sszefoglal\u00f3 t\u00e1bl\u00e1zatban minden olyan fontos param\u00e9ter felsorol\u00e1sra ker\u00fcl, ami befoly\u00e1solhatja a felhaszn\u00e1l\u00f3kat a sz\u00e1mukra megfelel\u0151 intraor\u00e1lis szkenner kiv\u00e1laszt\u00e1s\u00e1ban. Az \u00f6sszefoglal\u00f3 t\u00e1bl\u00e1zatban \u00f6sszesen 27 speci\u00e1lis, felhaszn\u00e1l\u00e1st \u00e9s indik\u00e1ci\u00f3s k\u00f6rt befoly\u00e1sol\u00f3 tulajdons\u00e1g ker\u00fcl felsorol\u00e1sra \u00e9s \u00e9rt\u00e9keli, hogy az adott szkennerre mely tulajdons\u00e1gok jellemz\u0151ek. (r\u00e9gi protokoll 21 speci\u00e1lis tulajdons\u00e1g)<\/p>\n<p><img loading=\"lazy\" decoding=\"async\" class=\"aligncenter size-large wp-image-1593\" src=\"https:\/\/semmelweis.hu\/dentalszkenner\/files\/2025\/09\/Osszefoglalo-tablazat-724x1024.png\" alt=\"\" width=\"724\" height=\"1024\" srcset=\"https:\/\/semmelweis.hu\/dentalszkenner\/files\/2025\/09\/Osszefoglalo-tablazat-724x1024.png 724w, https:\/\/semmelweis.hu\/dentalszkenner\/files\/2025\/09\/Osszefoglalo-tablazat-283x400.png 283w, https:\/\/semmelweis.hu\/dentalszkenner\/files\/2025\/09\/Osszefoglalo-tablazat-768x1086.png 768w, https:\/\/semmelweis.hu\/dentalszkenner\/files\/2025\/09\/Osszefoglalo-tablazat-1086x1536.png 1086w, https:\/\/semmelweis.hu\/dentalszkenner\/files\/2025\/09\/Osszefoglalo-tablazat-753x1065.png 753w, https:\/\/semmelweis.hu\/dentalszkenner\/files\/2025\/09\/Osszefoglalo-tablazat.png 1414w\" sizes=\"auto, (max-width: 724px) 100vw, 724px\" \/><\/p>\n<p><strong>2\/3. Adatr\u00f6gz\u00edt\u0151 lap\/ Ergon\u00f3miai param\u00e9terek vizsg\u00e1lata: <\/strong><\/p>\n<p>A vizsg\u00e1lt szkennerek ergon\u00f3miai kialak\u00edt\u00e1s\u00e1r\u00f3l ad inform\u00e1ci\u00f3kat. Ezek az inform\u00e1ci\u00f3k nem csak k\u00e9nyelmi szempontb\u00f3l fontosak, hanem tudom\u00e1nyos vizsg\u00e1latok igazolt\u00e1k, hogy a szkennel\u00e9s pontoss\u00e1g\u00e1ra is hat\u00e1ssal vannak. Lem\u00e9r\u00e9sre ker\u00fcl az intraor\u00e1lis szkenner fej\u00e1tm\u00e9r\u0151je, valamint a szkenner k\u00e9zdarabj\u00e1nak t\u00f6mege is.\u00a0<\/p>\n<p><strong>2\/4. Modell szkennel\u00e9s: <\/strong><\/p>\n<p>A modell szkennel\u00e9s kett\u0151s c\u00e9llal t\u00f6rt\u00e9nik:<\/p>\n<p><strong>2\/4.1. Pontoss\u00e1g (modell szkennel\u00e9s)<\/strong><\/p>\n<p>A digit\u00e1lis lenyomatv\u00e9tel sor\u00e1n l\u00e9trehozott STL f\u00e1jlok alapj\u00e1n a Geomagic Control X programcsomagban pontoss\u00e1g m\u00e9r\u00e9s t\u00f6rt\u00e9nik. A pontoss\u00e1g m\u00e9r\u00e9s sor\u00e1n a vizsg\u00e1lt intraor\u00e1lis szkennerrel l\u00e9trehozott STL f\u00e1jlok \u00f6sszehasonl\u00edt\u00e1sra ker\u00fclnek a referenci\u00e1val, amely az eredeti epoxi gyant\u00e1b\u00f3l \u00f6nt\u00f6tt modell, nagy pontoss\u00e1g\u00fa, labor szkennerrel digitaliz\u00e1lt verzi\u00f3ja. Az epoxi gyanta el\u0151nye, hogy a mint\u00e1t nem sz\u00fcks\u00e9ges minden vizsg\u00e1lat el\u0151tt \u00fajra digitaliz\u00e1lni a referencia szkennerrel (3Shape E3 laborat\u00f3riumi szkenner), hiszen az epoxi gyanta anyagok kiv\u00e1l\u00f3 hosszantart\u00f3 formatart\u00f3s\u00e1ggal rendelkeznek.<\/p>\n<p><strong>2\/4.2 Szkennel\u00e9si id\u0151 (modell szkennel\u00e9s)<\/strong><\/p>\n<p>A digit\u00e1lis lenyomatv\u00e9tel sor\u00e1n a prepar\u00e1lt csonkokkal rendelkez\u0151 minta beszkennel\u00e9s\u00e9hez sz\u00fcks\u00e9ges id\u0151 r\u00f6gz\u00edt\u00e9sre ker\u00fcl. (a lenyomatv\u00e9tel sor\u00e1n a tiszta szkennel\u00e9si id\u0151 ker\u00fcl r\u00f6gz\u00edt\u00e9sre, teh\u00e1t az adatfelv\u00e9tel \u00e9s a posztprocessz\u00e1l\u00e1si id\u0151k nem).<\/p>\n<p><em>Vizsg\u00e1latunkban eredetileg egy db PMMA modell szkennel\u00e9se szerepelt az in vitro vizsg\u00e1lat sor\u00e1n (amely tartalmazott sz\u00f3l\u00f3 korona, inlay \u00fcreg \u00e9s h\u00eddhoz el\u0151k\u00e9sz\u00edtett prepar\u00e1ci\u00f3t), amelyet 3 fogorvostan-hallgat\u00f3 szkennelt be fejenk\u00e9nt 10-szer, ezzel modellezve azt a szitu\u00e1ci\u00f3t, amikor egy fogorvos egy \u00faj intraor\u00e1lis szkenner haszn\u00e1lat\u00e1ba kezd a rendel\u0151j\u00e9ben.<\/em><\/p>\n<p><strong>2\/4.1. Pontoss\u00e1g (modell szkennel\u00e9s)<\/strong><\/p>\n<p>A 2025ben meg\u00fajult protokollunk szerint 3 modellt szkennel egy tapasztalt felhaszn\u00e1l\u00f3, amelyek pontoss\u00e1ga a vizsg\u00e1lt intraor\u00e1lis szkennerek indik\u00e1ci\u00f3s k\u00f6r\u00e9t adja meg.<\/p>\n<ol>\n<li>torl\u00f3dott fogas minta<\/li>\n<li>prepar\u00e1lt fogas minta<\/li>\n<li>als\u00f3 fogatlan \u00e1llcsont minta Nobel CC anal\u00f3gokkal (all-on-x eset, ahol a mandibula 4 db implant\u00e1tumot tartalmaz)<\/li>\n<\/ol>\n<p>Minden vizsg\u00e1lt szkennerrel 1 tapasztalt fogorvos szkennel \u00e9s 10-10- 10 digit\u00e1lis lenyomatot k\u00e9sz\u00edt a mint\u00e1kr\u00f3l. (tapasztalt= t\u00f6bb, mint 3 \u00e9ves tapasztalat a digit\u00e1lis lenyomatv\u00e9tel ter\u00fclet\u00e9n).<\/p>\n<p><strong><em>A m\u00e9rt param\u00e9terek mint\u00e1nk\u00e9nt a k\u00f6vetkez\u0151k: <\/em><\/strong><\/p>\n<p><em>Torl\u00f3dott tanulm\u00e1nyi minta:<\/em><\/p>\n<ul>\n<li>WHL, azaz whole devidation, amely a teljes fog\u00edv \u00e1tlagos elt\u00e9r\u00e9s\u00e9t adja meg.\u00a0<\/li>\n<li>Jobb oldali szemfogt\u00f3l bal oldali szemfogig kiv\u00e1gott szegmensen v\u00e9gzett pontoss\u00e1g m\u00e9r\u00e9s.<\/li>\n<\/ul>\n<p><em>Prepar\u00e1lt minta:<\/em><\/p>\n<ul>\n<li>WHL, azaz\u00a0whole devidation, amely a teljes fog\u00edv \u00e1tlagos elt\u00e9r\u00e9s\u00e9t adja meg.\u00a0<\/li>\n<li>A jobb fels\u0151 els\u0151 frontfog csonkpal\u00e1st.<\/li>\n<li>Inlay \u00fcreg?<\/li>\n<li>A jobb fels\u0151 els\u0151 premol\u00e1ris \u00e9s jobb fels\u0151 m\u00e1sodik mol\u00e1ris fogak k\u00f6z\u00f6tti t\u00e1vols\u00e1g.<\/li>\n<li>A jobb \u00e9s bal fels\u0151 utols\u00f3 mol\u00e1ris disto-buccalis cs\u00fccske k\u00f6z\u00f6tti t\u00e1vols\u00e1g , amely teljes fog\u00edv torzul\u00e1s\u00e1t adja meg.<\/li>\n<\/ul>\n<p><em>Implantos minta <\/em>(als\u00f3 \u00e1llcsont, 4 db Straumann implant\u00e1tum anal\u00f3ggal):<\/p>\n<ul>\n<li>WHL, azaz\u00a0whole devidation, amely a teljes fog\u00edv \u00e1tlagos elt\u00e9r\u00e9s\u00e9t\u00a0adja meg<\/li>\n<li>N\u00e9gy t\u00e1vols\u00e1g: 33-43, 36-46, 33-36 \u00e9s 43-46 \u00e9s poz\u00edci\u00f3ban elhelyezett implant\u00e1tum anal\u00f3gok k\u00f6z\u00f6tti t\u00e1vols\u00e1g.\u00a0<\/li>\n<\/ul>\n<p>A pontoss\u00e1g eredm\u00e9nyek k\u00e9t r\u00e9szre oszthat\u00f3ak: r\u00e9gi protokoll \u00e9s \u00faj protokoll szerinti (2025-t\u0151l) eredm\u00e9nyek. A r\u00e9gi pontoss\u00e1g eredm\u00e9nyekn\u00e9l 27, az \u00faj pontoss\u00e1g eredm\u00e9nyekn\u00e9l jelenleg 9 intraor\u00e1lis szkenner pontoss\u00e1g eredm\u00e9nye l\u00e1that\u00f3.\u00a0<\/p>\n<p><img loading=\"lazy\" decoding=\"async\" class=\"aligncenter size-large wp-image-1578\" src=\"https:\/\/semmelweis.hu\/dentalszkenner\/files\/2025\/09\/Picture-2-1024x551.jpg\" alt=\"\" width=\"753\" height=\"405\" srcset=\"https:\/\/semmelweis.hu\/dentalszkenner\/files\/2025\/09\/Picture-2-1024x551.jpg 1024w, https:\/\/semmelweis.hu\/dentalszkenner\/files\/2025\/09\/Picture-2-400x215.jpg 400w, https:\/\/semmelweis.hu\/dentalszkenner\/files\/2025\/09\/Picture-2-768x413.jpg 768w, https:\/\/semmelweis.hu\/dentalszkenner\/files\/2025\/09\/Picture-2-753x405.jpg 753w, https:\/\/semmelweis.hu\/dentalszkenner\/files\/2025\/09\/Picture-2.jpg 1390w\" sizes=\"auto, (max-width: 753px) 100vw, 753px\" \/><\/p>\n<p><img loading=\"lazy\" decoding=\"async\" class=\"aligncenter  wp-image-1579\" src=\"https:\/\/semmelweis.hu\/dentalszkenner\/files\/2025\/09\/Picture-3-1024x612.jpg\" alt=\"\" width=\"633\" height=\"378\" srcset=\"https:\/\/semmelweis.hu\/dentalszkenner\/files\/2025\/09\/Picture-3-1024x612.jpg 1024w, https:\/\/semmelweis.hu\/dentalszkenner\/files\/2025\/09\/Picture-3-400x239.jpg 400w, https:\/\/semmelweis.hu\/dentalszkenner\/files\/2025\/09\/Picture-3-768x459.jpg 768w, https:\/\/semmelweis.hu\/dentalszkenner\/files\/2025\/09\/Picture-3-753x450.jpg 753w, https:\/\/semmelweis.hu\/dentalszkenner\/files\/2025\/09\/Picture-3.jpg 1390w\" sizes=\"auto, (max-width: 633px) 100vw, 633px\" \/><\/p>\n<p><strong>2\/4.2. Szkennel\u00e9si id\u0151 (modell szkennel\u00e9s)<\/strong><\/p>\n<p>A digit\u00e1lis lenyomatv\u00e9tel sor\u00e1n a prepar\u00e1lt fogas modell beszkennel\u00e9s\u00e9hez sz\u00fcks\u00e9ges id\u0151 r\u00f6gz\u00edt\u00e9sre ker\u00fcl. (a lenyomatv\u00e9telek sor\u00e1n a tiszta szkennel\u00e9si id\u0151 ker\u00fcl r\u00f6gz\u00edt\u00e9sre, teh\u00e1t az adatfelv\u00e9telt \u00e9s a posztprocessz\u00e1l\u00e1si id\u0151ket nem). A 10 szkennel\u00e9si id\u0151 alapj\u00e1n sz\u00e1m\u00edtott \u00e1tlag id\u0151 ker\u00fcl r\u00f6gz\u00edt\u00e9sre.<\/p>\n<p><strong>2\/5. Klinikai szkennel\u00e9s:<\/strong><\/p>\n<p>A klinikai szkennel\u00e9s sor\u00e1n 1 tapasztalt fogorvos z\u00e1rt, megtartott fogazat\u00fa p\u00e1cienst szkennel 3 alkalommal (\u00f6sszesen 3 lenyomatv\u00e9tel). A lenyomatv\u00e9telek sor\u00e1n a teljes fels\u0151 \u00e9s als\u00f3 fog\u00edv lenyomatoz\u00e1sra ker\u00fcl, valamint harap\u00e1sr\u00f6gz\u00edt\u00e9s is t\u00f6rt\u00e9nik interkuszpid\u00e1ci\u00f3s poz\u00edci\u00f3ban.<\/p>\n<p><strong>2\/5.1 Szkennel\u00e9si id\u0151 (klinikai szkennel\u00e9s)<\/strong><\/p>\n<p>\u00a0A lenyomatv\u00e9tel tiszta id\u0151ig\u00e9nye ker\u00fcl r\u00f6gz\u00edt\u00e9sre (az adatfelv\u00e9telt \u00e9s a posztprocessz\u00e1l\u00e1si id\u0151ket nem tartalmazza), 3 lenyomatv\u00e9tel alapj\u00e1n \u00e1tlagos id\u0151 ker\u00fcl r\u00f6gz\u00edt\u00e9sre.<\/p>\n<ul>\n<li>A klinikai szkennel\u00e9s sor\u00e1n pontoss\u00e1g m\u00e9r\u00e9s nem t\u00f6rt\u00e9nik.<\/li>\n<\/ul>\n<p>A fogorvostan-hallgat\u00f3k speci\u00e1lis, beartikul\u00e1lt modellt szkennelnek, amelyen mindk\u00e9t \u00e1llcsont szkennel\u00e9se gyakorolhat\u00f3, valamint harap\u00e1s r\u00f6gz\u00edt\u00e9se is elv\u00e9gezhet\u0151.<\/p>\n<p><strong>2\/6 A<\/strong> <strong>vizsg\u00e1lat 3. l\u00e9p\u00e9se a fot\u00f3dokument\u00e1ci\u00f3<\/strong>:<\/p>\n<ol>\n<li>A szkenner csomag tartalma, a szkenner \u00e9s k\u00fcl\u00f6nb\u00f6z\u0151 alkatr\u00e9szeir\u0151l k\u00e9sz\u00edtett fot\u00f3k<\/li>\n<li>2.A szkenner in vivo haszn\u00e1lat alatt, \u00f6ssze\u00e1ll\u00edtott \u00e1llapot\u00e1ban k\u00e9sz\u00edtett fot\u00f3k<\/li>\n<li>3.A szkenner \u00e1ltal k\u00e9sz\u00edtett in vivo szkennek k\u00e9perny\u0151felv\u00e9telek form\u00e1j\u00e1ban<\/li>\n<li>4.A szkenner \u00e1ltal k\u00e9sz\u00edtett in vitro (modell) szkennek k\u00e9perny\u0151felv\u00e9telek form\u00e1j\u00e1ban<\/li>\n<\/ol>\n<p><img loading=\"lazy\" decoding=\"async\" class=\"aligncenter size-large wp-image-1286\" src=\"https:\/\/semmelweis.hu\/dentalszkenner\/files\/2024\/10\/Sablon-masolas-utan-toltsd-ki-724x1024.jpg\" alt=\"\" width=\"724\" height=\"1024\" srcset=\"https:\/\/semmelweis.hu\/dentalszkenner\/files\/2024\/10\/Sablon-masolas-utan-toltsd-ki-724x1024.jpg 724w, https:\/\/semmelweis.hu\/dentalszkenner\/files\/2024\/10\/Sablon-masolas-utan-toltsd-ki-283x400.jpg 283w, https:\/\/semmelweis.hu\/dentalszkenner\/files\/2024\/10\/Sablon-masolas-utan-toltsd-ki-768x1086.jpg 768w, https:\/\/semmelweis.hu\/dentalszkenner\/files\/2024\/10\/Sablon-masolas-utan-toltsd-ki-1086x1536.jpg 1086w, https:\/\/semmelweis.hu\/dentalszkenner\/files\/2024\/10\/Sablon-masolas-utan-toltsd-ki-753x1065.jpg 753w, https:\/\/semmelweis.hu\/dentalszkenner\/files\/2024\/10\/Sablon-masolas-utan-toltsd-ki.jpg 1414w\" sizes=\"auto, (max-width: 724px) 100vw, 724px\" \/><\/p>\n<p>&nbsp;<\/p>\n<p><strong>2\/7 A <\/strong><strong>vizsg\u00e1lat 4. l\u00e9p\u00e9se a szubjekt\u00edv v\u00e9lem\u00e9nyek gy\u0171jt\u00e9se (k\u00e9rd\u0151\u00edvek kit\u00f6lt\u00e9se alapj\u00e1n).<\/strong><\/p>\n<p>A szubjekt\u00edv k\u00e9rd\u00e9seket minden oktat\u00e1son r\u00e9sztvev\u0151 koll\u00e9ga kit\u00f6lti, akik a szkenner \u00f6ssze\u00e1ll\u00edt\u00e1s\u00e1t kipr\u00f3b\u00e1lt\u00e1k, az artikul\u00e1lt modelleket harap\u00e1s r\u00f6gz\u00edt\u00e9ssel egy\u00fctt beszkennelt\u00e9k \u00e9s a szkenner szoftveres h\u00e1tter\u00e9vel megismerkedtek. A szubjekt\u00edv k\u00e9rd\u00e9sekre 0-10-ig terjed\u0151 sk\u00e1l\u00e1n lehet numerikus v\u00e1laszt adni, valamint az utols\u00f3 k\u00e9rd\u00e9sre sz\u00f6veges v\u00e1laszt.<\/p>\n<p><strong>\u00a0<\/strong><\/p>\n<p><strong>K\u00e9rd\u00e9sek<\/strong>:<\/p>\n<p>Az intraor\u00e1lis szkenner \u00f6sszeszerelhet\u0151s\u00e9g\u00e9t milyennek \u00edt\u00e9lted?<\/p>\n<p>A szkenner kialak\u00edt\u00e1s\u00e1t tekintve mennyire tal\u00e1ltad ergonomikusnak?<\/p>\n<p>A szoftver haszn\u00e1lat\u00e1t mennyire tal\u00e1ltad egyszer\u0171nek?<\/p>\n<p>Harap\u00e1s r\u00f6gz\u00edt\u00e9s sor\u00e1n mennyire gyorsan \u00e9s pontosan tudta a szoftver \u00f6sszeilleszteni a fog\u00edveket?<\/p>\n<p>A modell szkennel\u00e9sekor mennyire volt k\u00f6vethet\u0151 a prepar\u00e1lt fogak sz\u00e9li z\u00e1r\u00f3d\u00e1si vonala?<\/p>\n<p>A forgalmaz\u00f3 c\u00e9g \u00e1ltal biztos\u00edtott oktat\u00e1ssal mennyire volt\u00e1l megel\u00e9gedve?\u00a0<\/p>\n<p>A vizsg\u00e1lt szkennert sz\u00edvesen haszn\u00e1ln\u00e1d a mindennapi gyakorlatban, ak\u00e1r a k\u00e9s\u0151bbiekben a saj\u00e1t praxisodban? Indokold meg a d\u00f6nt\u00e9sed.<\/p>\n<p>&nbsp;<\/p>\n<p>&nbsp;<\/p>\n","protected":false},"excerpt":{"rendered":"<p>A vizsg\u00e1lt intraor\u00e1lis szkennereket a hazai forgalmaz\u00f3 c\u00e9gek bocs\u00e1tj\u00e1k rendelkez\u00e9s\u00fcnkre a tesztel\u00e9s id\u0151tartam\u00e1ra. A vizsg\u00e1latok sor\u00e1n a digit\u00e1lis lenyomatv\u00e9telekben tapasztalt fogorvosok \u00e9s fogorvostan- hallgat\u00f3k is r\u00e9szt vesznek. A vizsg\u00e1lat 1. l\u00e9p\u00e9se az oktat\u00e1s, amelyet minden esetben a forgalmaz\u00f3 c\u00e9g biztos\u00edt. A c\u00e9gek egy olyan oktat\u00e1st tartanak, amelyet azoknak a fogorvosoknak is adnak, akik szeretn\u00e9nek beruh\u00e1zni &hellip;<\/p>\n","protected":false},"author":102092,"featured_media":0,"parent":0,"menu_order":0,"comment_status":"closed","ping_status":"closed","template":"","meta":{"_acf_changed":false,"footnotes":""},"categories":[],"tags":[],"class_list":["post-36","page","type-page","status-publish","hentry"],"acf":[],"_links":{"self":[{"href":"https:\/\/semmelweis.hu\/dentalszkenner\/wp-json\/wp\/v2\/pages\/36","targetHints":{"allow":["GET"]}}],"collection":[{"href":"https:\/\/semmelweis.hu\/dentalszkenner\/wp-json\/wp\/v2\/pages"}],"about":[{"href":"https:\/\/semmelweis.hu\/dentalszkenner\/wp-json\/wp\/v2\/types\/page"}],"author":[{"embeddable":true,"href":"https:\/\/semmelweis.hu\/dentalszkenner\/wp-json\/wp\/v2\/users\/102092"}],"replies":[{"embeddable":true,"href":"https:\/\/semmelweis.hu\/dentalszkenner\/wp-json\/wp\/v2\/comments?post=36"}],"version-history":[{"count":8,"href":"https:\/\/semmelweis.hu\/dentalszkenner\/wp-json\/wp\/v2\/pages\/36\/revisions"}],"predecessor-version":[{"id":1594,"href":"https:\/\/semmelweis.hu\/dentalszkenner\/wp-json\/wp\/v2\/pages\/36\/revisions\/1594"}],"wp:attachment":[{"href":"https:\/\/semmelweis.hu\/dentalszkenner\/wp-json\/wp\/v2\/media?parent=36"}],"wp:term":[{"taxonomy":"category","embeddable":true,"href":"https:\/\/semmelweis.hu\/dentalszkenner\/wp-json\/wp\/v2\/categories?post=36"},{"taxonomy":"post_tag","embeddable":true,"href":"https:\/\/semmelweis.hu\/dentalszkenner\/wp-json\/wp\/v2\/tags?post=36"}],"curies":[{"name":"wp","href":"https:\/\/api.w.org\/{rel}","templated":true}]}}