{"id":137,"date":"2023-11-09T10:06:05","date_gmt":"2023-11-09T09:06:05","guid":{"rendered":"https:\/\/semmelweis.hu\/dentalszkenner\/?page_id=137"},"modified":"2023-12-06T12:42:29","modified_gmt":"2023-12-06T11:42:29","slug":"mediatar","status":"publish","type":"page","link":"https:\/\/semmelweis.hu\/dentalszkenner\/mediatar\/","title":{"rendered":"M\u00e9diat\u00e1r"},"content":{"rendered":"<h1 class=\"lead\" style=\"text-align: center\"><strong>Oktat\u00f3 vide\u00f3ink<\/strong><\/h1>\n<p><img loading=\"lazy\" decoding=\"async\" class=\"alignnone size-medium wp-image-340 aligncenter\" src=\"https:\/\/semmelweis.hu\/dentalszkenner\/files\/2023\/11\/RANDOMIZED-CLINICAL-TRIAL-Double-blind-1-1-400x225.png\" alt=\"\" width=\"400\" height=\"225\" srcset=\"https:\/\/semmelweis.hu\/dentalszkenner\/files\/2023\/11\/RANDOMIZED-CLINICAL-TRIAL-Double-blind-1-1-400x225.png 400w, https:\/\/semmelweis.hu\/dentalszkenner\/files\/2023\/11\/RANDOMIZED-CLINICAL-TRIAL-Double-blind-1-1-1024x576.png 1024w, https:\/\/semmelweis.hu\/dentalszkenner\/files\/2023\/11\/RANDOMIZED-CLINICAL-TRIAL-Double-blind-1-1-768x432.png 768w, https:\/\/semmelweis.hu\/dentalszkenner\/files\/2023\/11\/RANDOMIZED-CLINICAL-TRIAL-Double-blind-1-1-1536x864.png 1536w, https:\/\/semmelweis.hu\/dentalszkenner\/files\/2023\/11\/RANDOMIZED-CLINICAL-TRIAL-Double-blind-1-1-2048x1152.png 2048w, https:\/\/semmelweis.hu\/dentalszkenner\/files\/2023\/11\/RANDOMIZED-CLINICAL-TRIAL-Double-blind-1-1-753x424.png 753w\" sizes=\"auto, (max-width: 400px) 100vw, 400px\" \/><\/p>\n<p style=\"text-align: center\">\u00a0<\/p>\n<p style=\"text-align: center\"><a href=\"https:\/\/www.youtube.com\/watch?v=fbUDHtgB-uU\">Szkennel\u00e9si strat\u00e9gia. <\/a><\/p>\n<p style=\"text-align: center\"><a href=\"https:\/\/www.youtube.com\/watch?v=rUYfqRvtYlo\">Digit\u00e1lis munkafolyamat bet\u00e9t k\u00e9sz\u00edt\u00e9s\u00e9hez<\/a><\/p>\n<p style=\"text-align: center\"><a href=\"https:\/\/www.youtube.com\/watch?v=AnO7xsoVXNc\">Digit\u00e1lis munkafolyamat h\u00edd k\u00e9sz\u00edt\u00e9s\u00e9hez<\/a><\/p>\n<p style=\"text-align: center\"><a href=\"https:\/\/www.youtube.com\/watch?v=p5XVsp1raz4\">3D nyomtat\u00e1s<\/a><\/p>\n<p style=\"text-align: center\"><a href=\"https:\/\/www.youtube.com\/watch?v=gELlJDywa4E&amp;t=2s\">Medit oktat\u00f3vide\u00f3k 1. r\u00e9sz &#8211; Kicsomagol\u00e1s\u00a0<\/a><\/p>\n<p style=\"text-align: center\"><a href=\"https:\/\/www.youtube.com\/watch?v=WrzwVXEvGcU&amp;t=4s\">Medit oktat\u00f3vide\u00f3k 2. r\u00e9sz &#8211; \u00d6sszeszerel\u00e9s, kalibr\u00e1l\u00e1s<\/a><\/p>\n<p style=\"text-align: center\"><a href=\"https:\/\/www.youtube.com\/watch?v=qFE2O0kqBeI\">Medit oktat\u00f3vide\u00f3k 3. r\u00e9sz &#8211; Szkennel\u00e9si strat\u00e9gia\u00a0<\/a><\/p>\n<p style=\"text-align: center\"><a href=\"https:\/\/www.youtube.com\/watch?v=gM06senSWEY&amp;t=329s\">Medit oktat\u00f3vide\u00f3k 4. r\u00e9sz &#8211; Szoftveres tervez\u00e9s\u00a0<\/a><\/p>\n<p style=\"text-align: center\"><a href=\"https:\/\/www.youtube.com\/watch?v=V2GKGzMrTlE\">&#8222;10 steps of the smile frame&#8221; &#8211; Dr. Christian Coachman<\/a><\/p>\n<p>&nbsp;<\/p>\n<p style=\"text-align: center\"><em>Az intraor\u00e1lis szkennerekr\u0151l vizsg\u00e1lat k\u00f6zben k\u00e9sz\u00fclt f\u00e9nyk\u00e9pek az &#8222;Intraor\u00e1lis szkennerek&#8221; f\u00fcl alatt tal\u00e1lhat\u00f3ak meg (az intraor\u00e1lis szkenner dokumentumai k\u00f6z\u00f6tt). A M\u00e9diat\u00e1rba az oktat\u00f3vide\u00f3ink, illetve k\u00fcl\u00f6nb\u00f6z\u0151 esem\u00e9nyeken k\u00e9sz\u00fclt fot\u00f3 sorozatok ker\u00fcltek felt\u00f6lt\u00e9sre.\u00a0<\/em><\/p>\n","protected":false},"excerpt":{"rendered":"<p>Oktat\u00f3 vide\u00f3ink<\/p>\n<p>\u00a0<br \/>\n<a href=\"https:\/\/www.youtube.com\/watch?v=fbUDHtgB-uU\">Szkennel\u00e9si strat\u00e9gia. <\/a><br \/>\n<a href=\"https:\/\/www.youtube.com\/watch?v=rUYfqRvtYlo\">Digit\u00e1lis munkafolyamat bet\u00e9t k\u00e9sz\u00edt\u00e9s\u00e9hez<\/a><br \/>\n<a href=\"https:\/\/www.youtube.com\/watch?v=AnO7xsoVXNc\">Digit\u00e1lis munkafolyamat h\u00edd k\u00e9sz\u00edt\u00e9s\u00e9hez<\/a><br \/>\n<a href=\"https:\/\/www.youtube.com\/watch?v=p5XVsp1raz4\">3D nyomtat\u00e1s<\/a><br \/>\n<a href=\"https:\/\/www.youtube.com\/watch?v=gELlJDywa4E&amp;t=2s\">Medit oktat\u00f3vide\u00f3k 1. r\u00e9sz &#8211; Kicsomagol\u00e1s\u00a0<\/a><br \/>\n<a href=\"https:\/\/www.youtube.com\/watch?v=WrzwVXEvGcU&amp;t=4s\">Medit oktat\u00f3vide\u00f3k 2. r\u00e9sz &#8211; \u00d6sszeszerel\u00e9s, kalibr\u00e1l\u00e1s<\/a><br \/>\n<a href=\"https:\/\/www.youtube.com\/watch?v=qFE2O0kqBeI\">Medit oktat\u00f3vide\u00f3k 3. r\u00e9sz &#8211; Szkennel\u00e9si strat\u00e9gia\u00a0<\/a><br \/>\n<a href=\"https:\/\/www.youtube.com\/watch?v=gM06senSWEY&amp;t=329s\">Medit oktat\u00f3vide\u00f3k 4. r\u00e9sz &#8211; Szoftveres tervez\u00e9s\u00a0<\/a><br \/>\n<a href=\"https:\/\/www.youtube.com\/watch?v=V2GKGzMrTlE\">&#8222;10 steps of the smile frame&#8221; &#8211; Dr. Christian Coachman<\/a><br \/>\n&nbsp;<br \/>\nAz intraor\u00e1lis szkennerekr\u0151l vizsg\u00e1lat k\u00f6zben k\u00e9sz\u00fclt f\u00e9nyk\u00e9pek az &#8222;Intraor\u00e1lis szkennerek&#8221; f\u00fcl alatt tal\u00e1lhat\u00f3ak meg (az intraor\u00e1lis szkenner dokumentumai k\u00f6z\u00f6tt). A M\u00e9diat\u00e1rba az oktat\u00f3vide\u00f3ink, illetve k\u00fcl\u00f6nb\u00f6z\u0151 esem\u00e9nyeken k\u00e9sz\u00fclt fot\u00f3 sorozatok ker\u00fcltek felt\u00f6lt\u00e9sre.\u00a0<\/p>\n","protected":false},"author":102303,"featured_media":0,"parent":0,"menu_order":0,"comment_status":"closed","ping_status":"closed","template":"","meta":{"_acf_changed":false,"footnotes":""},"categories":[],"tags":[],"class_list":["post-137","page","type-page","status-publish","hentry"],"acf":[],"_links":{"self":[{"href":"https:\/\/semmelweis.hu\/dentalszkenner\/wp-json\/wp\/v2\/pages\/137","targetHints":{"allow":["GET"]}}],"collection":[{"href":"https:\/\/semmelweis.hu\/dentalszkenner\/wp-json\/wp\/v2\/pages"}],"about":[{"href":"https:\/\/semmelweis.hu\/dentalszkenner\/wp-json\/wp\/v2\/types\/page"}],"author":[{"embeddable":true,"href":"https:\/\/semmelweis.hu\/dentalszkenner\/wp-json\/wp\/v2\/users\/102303"}],"replies":[{"embeddable":true,"href":"https:\/\/semmelweis.hu\/dentalszkenner\/wp-json\/wp\/v2\/comments?post=137"}],"version-history":[{"count":8,"href":"https:\/\/semmelweis.hu\/dentalszkenner\/wp-json\/wp\/v2\/pages\/137\/revisions"}],"predecessor-version":[{"id":579,"href":"https:\/\/semmelweis.hu\/dentalszkenner\/wp-json\/wp\/v2\/pages\/137\/revisions\/579"}],"wp:attachment":[{"href":"https:\/\/semmelweis.hu\/dentalszkenner\/wp-json\/wp\/v2\/media?parent=137"}],"wp:term":[{"taxonomy":"category","embeddable":true,"href":"https:\/\/semmelweis.hu\/dentalszkenner\/wp-json\/wp\/v2\/categories?post=137"},{"taxonomy":"post_tag","embeddable":true,"href":"https:\/\/semmelweis.hu\/dentalszkenner\/wp-json\/wp\/v2\/tags?post=137"}],"curies":[{"name":"wp","href":"https:\/\/api.w.org\/{rel}","templated":true}]}}