{"id":119,"date":"2023-11-08T18:06:08","date_gmt":"2023-11-08T17:06:08","guid":{"rendered":"https:\/\/semmelweis.hu\/dentalszkenner\/?page_id=119"},"modified":"2024-11-13T21:52:20","modified_gmt":"2024-11-13T20:52:20","slug":"eredmenyeink","status":"publish","type":"page","link":"https:\/\/semmelweis.hu\/dentalszkenner\/eredmenyeink\/","title":{"rendered":"Eredm\u00e9nyeink"},"content":{"rendered":"<div class=\"lead\" style=\"text-align: center\"><span style=\"font-size: 18pt;color: #99cc00\"><strong><span style=\"font-size: 24pt\">36 intraor\u00e1lis szkenner vizsg\u00e1lata alapj\u00e1n <\/span>\u00a0<\/strong><\/span><\/div>\n<div class=\"lead\" style=\"text-align: center\"><span style=\"color: #000080\">\u00d6sszefoglal\u00f3 t\u00e1bl\u00e1zat<\/span><\/div>\n<div><img loading=\"lazy\" decoding=\"async\" class=\"aligncenter wp-image-1527 size-large\" src=\"https:\/\/semmelweis.hu\/dentalszkenner\/files\/2024\/11\/Osszefoglalo-tablazat-legjobb-17-1024x730.png\" alt=\"\" width=\"753\" height=\"537\" srcset=\"https:\/\/semmelweis.hu\/dentalszkenner\/files\/2024\/11\/Osszefoglalo-tablazat-legjobb-17-1024x730.png 1024w, https:\/\/semmelweis.hu\/dentalszkenner\/files\/2024\/11\/Osszefoglalo-tablazat-legjobb-17-400x285.png 400w, https:\/\/semmelweis.hu\/dentalszkenner\/files\/2024\/11\/Osszefoglalo-tablazat-legjobb-17-768x548.png 768w, https:\/\/semmelweis.hu\/dentalszkenner\/files\/2024\/11\/Osszefoglalo-tablazat-legjobb-17-1536x1095.png 1536w, https:\/\/semmelweis.hu\/dentalszkenner\/files\/2024\/11\/Osszefoglalo-tablazat-legjobb-17-2048x1460.png 2048w, https:\/\/semmelweis.hu\/dentalszkenner\/files\/2024\/11\/Osszefoglalo-tablazat-legjobb-17-753x537.png 753w\" sizes=\"auto, (max-width: 753px) 100vw, 753px\" \/><\/div>\n<div><img loading=\"lazy\" decoding=\"async\" class=\"aligncenter wp-image-1526 size-large\" src=\"https:\/\/semmelweis.hu\/dentalszkenner\/files\/2024\/11\/Osszefoglalo-tablazat-maradek-19-szkenner-1024x730.png\" alt=\"\" width=\"753\" height=\"537\" srcset=\"https:\/\/semmelweis.hu\/dentalszkenner\/files\/2024\/11\/Osszefoglalo-tablazat-maradek-19-szkenner-1024x730.png 1024w, https:\/\/semmelweis.hu\/dentalszkenner\/files\/2024\/11\/Osszefoglalo-tablazat-maradek-19-szkenner-400x285.png 400w, https:\/\/semmelweis.hu\/dentalszkenner\/files\/2024\/11\/Osszefoglalo-tablazat-maradek-19-szkenner-768x547.png 768w, https:\/\/semmelweis.hu\/dentalszkenner\/files\/2024\/11\/Osszefoglalo-tablazat-maradek-19-szkenner-1536x1095.png 1536w, https:\/\/semmelweis.hu\/dentalszkenner\/files\/2024\/11\/Osszefoglalo-tablazat-maradek-19-szkenner-2048x1460.png 2048w, https:\/\/semmelweis.hu\/dentalszkenner\/files\/2024\/11\/Osszefoglalo-tablazat-maradek-19-szkenner-753x537.png 753w\" sizes=\"auto, (max-width: 753px) 100vw, 753px\" \/><\/div>\n<p>&nbsp;<\/p>\n<div class=\"lead\" style=\"text-align: center\"><span style=\"color: #000080\">Szkennerfej \u00e1tm\u00e9r\u0151<\/span><\/div>\n<div><img loading=\"lazy\" decoding=\"async\" class=\"aligncenter wp-image-1525 size-large\" src=\"https:\/\/semmelweis.hu\/dentalszkenner\/files\/2024\/11\/Fejatmero-17-legkisebb-1024x746.png\" alt=\"\" width=\"753\" height=\"549\" srcset=\"https:\/\/semmelweis.hu\/dentalszkenner\/files\/2024\/11\/Fejatmero-17-legkisebb-1024x746.png 1024w, https:\/\/semmelweis.hu\/dentalszkenner\/files\/2024\/11\/Fejatmero-17-legkisebb-400x292.png 400w, https:\/\/semmelweis.hu\/dentalszkenner\/files\/2024\/11\/Fejatmero-17-legkisebb-768x560.png 768w, https:\/\/semmelweis.hu\/dentalszkenner\/files\/2024\/11\/Fejatmero-17-legkisebb-1536x1120.png 1536w, https:\/\/semmelweis.hu\/dentalszkenner\/files\/2024\/11\/Fejatmero-17-legkisebb-2048x1493.png 2048w, https:\/\/semmelweis.hu\/dentalszkenner\/files\/2024\/11\/Fejatmero-17-legkisebb-753x549.png 753w\" sizes=\"auto, (max-width: 753px) 100vw, 753px\" \/><\/div>\n<div><img loading=\"lazy\" decoding=\"async\" class=\"aligncenter wp-image-1524 size-large\" src=\"https:\/\/semmelweis.hu\/dentalszkenner\/files\/2024\/11\/Fejatmero-maradek-19-1024x746.png\" alt=\"\" width=\"753\" height=\"549\" srcset=\"https:\/\/semmelweis.hu\/dentalszkenner\/files\/2024\/11\/Fejatmero-maradek-19-1024x746.png 1024w, https:\/\/semmelweis.hu\/dentalszkenner\/files\/2024\/11\/Fejatmero-maradek-19-400x292.png 400w, https:\/\/semmelweis.hu\/dentalszkenner\/files\/2024\/11\/Fejatmero-maradek-19-768x560.png 768w, https:\/\/semmelweis.hu\/dentalszkenner\/files\/2024\/11\/Fejatmero-maradek-19-1536x1120.png 1536w, https:\/\/semmelweis.hu\/dentalszkenner\/files\/2024\/11\/Fejatmero-maradek-19-2048x1493.png 2048w, https:\/\/semmelweis.hu\/dentalszkenner\/files\/2024\/11\/Fejatmero-maradek-19-753x549.png 753w\" sizes=\"auto, (max-width: 753px) 100vw, 753px\" \/><\/div>\n<p>&nbsp;<\/p>\n<div class=\"lead\" style=\"text-align: center\"><span style=\"color: #000080\">Szkenner k\u00e9zidarab t\u00f6meg<\/span><\/div>\n<div><img loading=\"lazy\" decoding=\"async\" class=\"aligncenter wp-image-1528 size-large\" src=\"https:\/\/semmelweis.hu\/dentalszkenner\/files\/2024\/11\/Kezidarab-17-legkonnyebb-1024x724.png\" alt=\"\" width=\"753\" height=\"532\" srcset=\"https:\/\/semmelweis.hu\/dentalszkenner\/files\/2024\/11\/Kezidarab-17-legkonnyebb-1024x724.png 1024w, https:\/\/semmelweis.hu\/dentalszkenner\/files\/2024\/11\/Kezidarab-17-legkonnyebb-400x283.png 400w, https:\/\/semmelweis.hu\/dentalszkenner\/files\/2024\/11\/Kezidarab-17-legkonnyebb-768x543.png 768w, https:\/\/semmelweis.hu\/dentalszkenner\/files\/2024\/11\/Kezidarab-17-legkonnyebb-1536x1086.png 1536w, https:\/\/semmelweis.hu\/dentalszkenner\/files\/2024\/11\/Kezidarab-17-legkonnyebb-2048x1448.png 2048w, https:\/\/semmelweis.hu\/dentalszkenner\/files\/2024\/11\/Kezidarab-17-legkonnyebb-753x532.png 753w\" sizes=\"auto, (max-width: 753px) 100vw, 753px\" \/><\/div>\n<div><img loading=\"lazy\" decoding=\"async\" class=\"aligncenter wp-image-1523 size-large\" src=\"https:\/\/semmelweis.hu\/dentalszkenner\/files\/2024\/11\/Kezidarab-maradek-19-1024x725.png\" alt=\"\" width=\"753\" height=\"533\" srcset=\"https:\/\/semmelweis.hu\/dentalszkenner\/files\/2024\/11\/Kezidarab-maradek-19-1024x725.png 1024w, https:\/\/semmelweis.hu\/dentalszkenner\/files\/2024\/11\/Kezidarab-maradek-19-400x283.png 400w, https:\/\/semmelweis.hu\/dentalszkenner\/files\/2024\/11\/Kezidarab-maradek-19-768x543.png 768w, https:\/\/semmelweis.hu\/dentalszkenner\/files\/2024\/11\/Kezidarab-maradek-19-1536x1087.png 1536w, https:\/\/semmelweis.hu\/dentalszkenner\/files\/2024\/11\/Kezidarab-maradek-19-2048x1449.png 2048w, https:\/\/semmelweis.hu\/dentalszkenner\/files\/2024\/11\/Kezidarab-maradek-19-753x533.png 753w\" sizes=\"auto, (max-width: 753px) 100vw, 753px\" \/><\/div>\n<p>&nbsp;<\/p>\n<div class=\"lead\" style=\"text-align: center\"><span style=\"color: #000080\">Modell szkennel\u00e9si id\u0151<\/span><\/div>\n<div><img loading=\"lazy\" decoding=\"async\" class=\"aligncenter wp-image-1530 size-large\" src=\"https:\/\/semmelweis.hu\/dentalszkenner\/files\/2024\/11\/Szkennelesi-ido-17-leggyorsabb-1024x715.png\" alt=\"\" width=\"753\" height=\"526\" srcset=\"https:\/\/semmelweis.hu\/dentalszkenner\/files\/2024\/11\/Szkennelesi-ido-17-leggyorsabb-1024x715.png 1024w, https:\/\/semmelweis.hu\/dentalszkenner\/files\/2024\/11\/Szkennelesi-ido-17-leggyorsabb-400x279.png 400w, https:\/\/semmelweis.hu\/dentalszkenner\/files\/2024\/11\/Szkennelesi-ido-17-leggyorsabb-768x536.png 768w, https:\/\/semmelweis.hu\/dentalszkenner\/files\/2024\/11\/Szkennelesi-ido-17-leggyorsabb-1536x1072.png 1536w, https:\/\/semmelweis.hu\/dentalszkenner\/files\/2024\/11\/Szkennelesi-ido-17-leggyorsabb-2048x1430.png 2048w, https:\/\/semmelweis.hu\/dentalszkenner\/files\/2024\/11\/Szkennelesi-ido-17-leggyorsabb-753x526.png 753w\" sizes=\"auto, (max-width: 753px) 100vw, 753px\" \/><\/div>\n<div><img loading=\"lazy\" decoding=\"async\" class=\"aligncenter wp-image-1529 size-large\" src=\"https:\/\/semmelweis.hu\/dentalszkenner\/files\/2024\/11\/Szkennelesi-ido-maradek-19-1024x715.png\" alt=\"\" width=\"753\" height=\"526\" srcset=\"https:\/\/semmelweis.hu\/dentalszkenner\/files\/2024\/11\/Szkennelesi-ido-maradek-19-1024x715.png 1024w, https:\/\/semmelweis.hu\/dentalszkenner\/files\/2024\/11\/Szkennelesi-ido-maradek-19-400x279.png 400w, https:\/\/semmelweis.hu\/dentalszkenner\/files\/2024\/11\/Szkennelesi-ido-maradek-19-768x536.png 768w, https:\/\/semmelweis.hu\/dentalszkenner\/files\/2024\/11\/Szkennelesi-ido-maradek-19-1536x1072.png 1536w, https:\/\/semmelweis.hu\/dentalszkenner\/files\/2024\/11\/Szkennelesi-ido-maradek-19-2048x1429.png 2048w, https:\/\/semmelweis.hu\/dentalszkenner\/files\/2024\/11\/Szkennelesi-ido-maradek-19-753x526.png 753w\" sizes=\"auto, (max-width: 753px) 100vw, 753px\" \/><\/div>\n<p>&nbsp;<\/p>\n<div class=\"lead\" style=\"text-align: center\"><span style=\"color: #000080\">Klinikai szkennel\u00e9si id\u0151<\/span><\/div>\n<div><img loading=\"lazy\" decoding=\"async\" class=\"aligncenter wp-image-1522 size-large\" src=\"https:\/\/semmelweis.hu\/dentalszkenner\/files\/2024\/11\/Klinikai-szkennelesi-ido-17-leggyorsabb-1024x719.png\" alt=\"\" width=\"753\" height=\"529\" srcset=\"https:\/\/semmelweis.hu\/dentalszkenner\/files\/2024\/11\/Klinikai-szkennelesi-ido-17-leggyorsabb-1024x719.png 1024w, https:\/\/semmelweis.hu\/dentalszkenner\/files\/2024\/11\/Klinikai-szkennelesi-ido-17-leggyorsabb-400x281.png 400w, https:\/\/semmelweis.hu\/dentalszkenner\/files\/2024\/11\/Klinikai-szkennelesi-ido-17-leggyorsabb-768x539.png 768w, https:\/\/semmelweis.hu\/dentalszkenner\/files\/2024\/11\/Klinikai-szkennelesi-ido-17-leggyorsabb-1536x1079.png 1536w, https:\/\/semmelweis.hu\/dentalszkenner\/files\/2024\/11\/Klinikai-szkennelesi-ido-17-leggyorsabb-2048x1438.png 2048w, https:\/\/semmelweis.hu\/dentalszkenner\/files\/2024\/11\/Klinikai-szkennelesi-ido-17-leggyorsabb-753x529.png 753w\" sizes=\"auto, (max-width: 753px) 100vw, 753px\" \/><\/div>\n<div><img loading=\"lazy\" decoding=\"async\" class=\"aligncenter wp-image-1521 size-large\" src=\"https:\/\/semmelweis.hu\/dentalszkenner\/files\/2024\/11\/Klinikai-szkennelesi-ido-maradek-19-1024x719.png\" alt=\"\" width=\"753\" height=\"529\" srcset=\"https:\/\/semmelweis.hu\/dentalszkenner\/files\/2024\/11\/Klinikai-szkennelesi-ido-maradek-19-1024x719.png 1024w, https:\/\/semmelweis.hu\/dentalszkenner\/files\/2024\/11\/Klinikai-szkennelesi-ido-maradek-19-400x281.png 400w, https:\/\/semmelweis.hu\/dentalszkenner\/files\/2024\/11\/Klinikai-szkennelesi-ido-maradek-19-768x539.png 768w, https:\/\/semmelweis.hu\/dentalszkenner\/files\/2024\/11\/Klinikai-szkennelesi-ido-maradek-19-1536x1079.png 1536w, https:\/\/semmelweis.hu\/dentalszkenner\/files\/2024\/11\/Klinikai-szkennelesi-ido-maradek-19-2048x1438.png 2048w, https:\/\/semmelweis.hu\/dentalszkenner\/files\/2024\/11\/Klinikai-szkennelesi-ido-maradek-19-753x529.png 753w\" sizes=\"auto, (max-width: 753px) 100vw, 753px\" \/><\/div>\n<div>\u00a0<\/div>\n<p>&nbsp;<\/p>\n<p><img loading=\"lazy\" decoding=\"async\" class=\"aligncenter size-large wp-image-1458\" src=\"https:\/\/semmelweis.hu\/dentalszkenner\/files\/2024\/11\/0001-1-1024x724.jpg\" alt=\"\" width=\"753\" height=\"532\" srcset=\"https:\/\/semmelweis.hu\/dentalszkenner\/files\/2024\/11\/0001-1-1024x724.jpg 1024w, https:\/\/semmelweis.hu\/dentalszkenner\/files\/2024\/11\/0001-1-400x283.jpg 400w, https:\/\/semmelweis.hu\/dentalszkenner\/files\/2024\/11\/0001-1-768x543.jpg 768w, https:\/\/semmelweis.hu\/dentalszkenner\/files\/2024\/11\/0001-1-1536x1086.jpg 1536w, https:\/\/semmelweis.hu\/dentalszkenner\/files\/2024\/11\/0001-1-2048x1448.jpg 2048w, https:\/\/semmelweis.hu\/dentalszkenner\/files\/2024\/11\/0001-1-753x532.jpg 753w\" sizes=\"auto, (max-width: 753px) 100vw, 753px\" \/><\/p>\n<p><img loading=\"lazy\" decoding=\"async\" class=\"aligncenter size-large wp-image-1459\" src=\"https:\/\/semmelweis.hu\/dentalszkenner\/files\/2024\/11\/0002-1-1024x724.jpg\" alt=\"\" width=\"753\" height=\"532\" srcset=\"https:\/\/semmelweis.hu\/dentalszkenner\/files\/2024\/11\/0002-1-1024x724.jpg 1024w, https:\/\/semmelweis.hu\/dentalszkenner\/files\/2024\/11\/0002-1-400x283.jpg 400w, https:\/\/semmelweis.hu\/dentalszkenner\/files\/2024\/11\/0002-1-768x543.jpg 768w, https:\/\/semmelweis.hu\/dentalszkenner\/files\/2024\/11\/0002-1-1536x1086.jpg 1536w, https:\/\/semmelweis.hu\/dentalszkenner\/files\/2024\/11\/0002-1-2048x1448.jpg 2048w, https:\/\/semmelweis.hu\/dentalszkenner\/files\/2024\/11\/0002-1-753x532.jpg 753w\" sizes=\"auto, (max-width: 753px) 100vw, 753px\" \/><\/p>\n<p><img loading=\"lazy\" decoding=\"async\" class=\"aligncenter size-large wp-image-1460\" src=\"https:\/\/semmelweis.hu\/dentalszkenner\/files\/2024\/11\/0003-1-1024x724.jpg\" alt=\"\" width=\"753\" height=\"532\" srcset=\"https:\/\/semmelweis.hu\/dentalszkenner\/files\/2024\/11\/0003-1-1024x724.jpg 1024w, https:\/\/semmelweis.hu\/dentalszkenner\/files\/2024\/11\/0003-1-400x283.jpg 400w, https:\/\/semmelweis.hu\/dentalszkenner\/files\/2024\/11\/0003-1-768x543.jpg 768w, https:\/\/semmelweis.hu\/dentalszkenner\/files\/2024\/11\/0003-1-1536x1086.jpg 1536w, https:\/\/semmelweis.hu\/dentalszkenner\/files\/2024\/11\/0003-1-2048x1448.jpg 2048w, https:\/\/semmelweis.hu\/dentalszkenner\/files\/2024\/11\/0003-1-753x532.jpg 753w\" sizes=\"auto, (max-width: 753px) 100vw, 753px\" \/><\/p>\n<p><img loading=\"lazy\" decoding=\"async\" class=\"aligncenter size-large wp-image-1461\" src=\"https:\/\/semmelweis.hu\/dentalszkenner\/files\/2024\/11\/0004-1-1024x724.jpg\" alt=\"\" width=\"753\" height=\"532\" srcset=\"https:\/\/semmelweis.hu\/dentalszkenner\/files\/2024\/11\/0004-1-1024x724.jpg 1024w, https:\/\/semmelweis.hu\/dentalszkenner\/files\/2024\/11\/0004-1-400x283.jpg 400w, https:\/\/semmelweis.hu\/dentalszkenner\/files\/2024\/11\/0004-1-768x543.jpg 768w, https:\/\/semmelweis.hu\/dentalszkenner\/files\/2024\/11\/0004-1-1536x1086.jpg 1536w, https:\/\/semmelweis.hu\/dentalszkenner\/files\/2024\/11\/0004-1-2048x1448.jpg 2048w, https:\/\/semmelweis.hu\/dentalszkenner\/files\/2024\/11\/0004-1-753x532.jpg 753w\" sizes=\"auto, (max-width: 753px) 100vw, 753px\" \/><\/p>\n<p>&nbsp;<\/p>\n","protected":false},"excerpt":{"rendered":"<p>36 intraor\u00e1lis szkenner vizsg\u00e1lata alapj\u00e1n \u00a0<br \/>\n\u00d6sszefoglal\u00f3 t\u00e1bl\u00e1zat<\/p>\n<p>&nbsp;<br \/>\nSzkennerfej \u00e1tm\u00e9r\u0151<\/p>\n<p>&nbsp;<br \/>\nSzkenner k\u00e9zidarab t\u00f6meg<\/p>\n<p>&nbsp;<br \/>\nModell szkennel\u00e9si id\u0151<\/p>\n<p>&nbsp;<br \/>\nKlinikai szkennel\u00e9si id\u0151<\/p>\n<p>\u00a0<br \/>\n&nbsp;<\/p>\n<p>&nbsp;<\/p>\n","protected":false},"author":102303,"featured_media":0,"parent":0,"menu_order":0,"comment_status":"closed","ping_status":"closed","template":"","meta":{"_acf_changed":false,"footnotes":""},"categories":[],"tags":[],"class_list":["post-119","page","type-page","status-publish","hentry"],"acf":[],"_links":{"self":[{"href":"https:\/\/semmelweis.hu\/dentalszkenner\/wp-json\/wp\/v2\/pages\/119","targetHints":{"allow":["GET"]}}],"collection":[{"href":"https:\/\/semmelweis.hu\/dentalszkenner\/wp-json\/wp\/v2\/pages"}],"about":[{"href":"https:\/\/semmelweis.hu\/dentalszkenner\/wp-json\/wp\/v2\/types\/page"}],"author":[{"embeddable":true,"href":"https:\/\/semmelweis.hu\/dentalszkenner\/wp-json\/wp\/v2\/users\/102303"}],"replies":[{"embeddable":true,"href":"https:\/\/semmelweis.hu\/dentalszkenner\/wp-json\/wp\/v2\/comments?post=119"}],"version-history":[{"count":12,"href":"https:\/\/semmelweis.hu\/dentalszkenner\/wp-json\/wp\/v2\/pages\/119\/revisions"}],"predecessor-version":[{"id":1531,"href":"https:\/\/semmelweis.hu\/dentalszkenner\/wp-json\/wp\/v2\/pages\/119\/revisions\/1531"}],"wp:attachment":[{"href":"https:\/\/semmelweis.hu\/dentalszkenner\/wp-json\/wp\/v2\/media?parent=119"}],"wp:term":[{"taxonomy":"category","embeddable":true,"href":"https:\/\/semmelweis.hu\/dentalszkenner\/wp-json\/wp\/v2\/categories?post=119"},{"taxonomy":"post_tag","embeddable":true,"href":"https:\/\/semmelweis.hu\/dentalszkenner\/wp-json\/wp\/v2\/tags?post=119"}],"curies":[{"name":"wp","href":"https:\/\/api.w.org\/{rel}","templated":true}]}}