{"id":1015,"date":"2024-06-18T08:50:56","date_gmt":"2024-06-18T06:50:56","guid":{"rendered":"https:\/\/semmelweis.hu\/dentalszkenner\/?page_id=1015"},"modified":"2026-01-07T11:16:48","modified_gmt":"2026-01-07T10:16:48","slug":"fussen","status":"publish","type":"page","link":"https:\/\/semmelweis.hu\/dentalszkenner\/intraoralis-szkennerek\/fussen\/","title":{"rendered":"Fussen"},"content":{"rendered":"<div class=\"exp-col-content-holder\"><a class=\"expand-cnt-link\" href=\"#\"><br \/>\nFussen S6500\u00a0<br \/>\n<img loading=\"lazy\" decoding=\"async\" class=\"alignright wp-image-1629\" src=\"https:\/\/semmelweis.hu\/dentalszkenner\/files\/2025\/10\/intraoral-scanners-fussen-s6500-wired-ios.jpg\" alt=\"Fussen S6500\" width=\"69\" height=\"69\" \/><br \/>\n<\/a><\/p>\n<div class=\"hidden-content\" style=\"text-align: left\"><!-- Fels\u0151 le\u00edr\u00f3 t\u00e1bla --><\/p>\n<table style=\"width: 100%;border-collapse: collapse;background-color: #e4e3e1;border: none\">\n<tbody>\n<tr>\n<td style=\"padding: 8px 6px\" colspan=\"2\"><span style=\"font-size: 18pt;color: #c4af81\"><strong>Fussen S6500<\/strong><\/span><\/td>\n<\/tr>\n<tr>\n<td style=\"width: 40%;padding: 6px\"><strong>Forgalomba hozatal<\/strong><\/td>\n<td style=\"padding: 6px\">Fussen, 2023<\/td>\n<\/tr>\n<tr>\n<td style=\"padding: 6px\"><strong>Konfigur\u00e1ci\u00f3k<\/strong><\/td>\n<td style=\"padding: 6px\">Cart: gurul\u00f3 \u00e1llv\u00e1nyos kiszerel\u00e9s; Pod: a k\u00e9zidarab dokkol\u00f3ja USB k\u00e1bellel k\u00f6thet\u0151 \u00f6ssze asztali sz\u00e1m\u00edt\u00f3g\u00e9ppel vagy laptoppal<\/td>\n<\/tr>\n<tr>\n<td style=\"padding: 6px\"><strong>Csomag tartalma<\/strong><\/td>\n<td style=\"padding: 6px\">Intraor\u00e1lis szkenner k\u00e9zidarab, dokkol\u00f3, USB-hub, USB k\u00e1bel, 4 db szkennerfej (3 db norm\u00e1l, 1 db kism\u00e9ret\u0171)<\/td>\n<\/tr>\n<tr>\n<td style=\"padding: 6px\"><strong>Szkennel\u00e9si strat\u00e9gia<\/strong><\/td>\n<td style=\"padding: 6px\">Okkl\u00faz\u00e1lis, or\u00e1lis \u00e9s vesztibul\u00e1ris felsz\u00edn; Harap\u00e1sregisztr\u00e1ci\u00f3 1 vagy 2 oldalon<\/td>\n<\/tr>\n<tr>\n<td style=\"padding: 6px\"><strong>Szoftver<\/strong><\/td>\n<td style=\"padding: 6px\">ScanFlex 1.0.31.5<\/td>\n<\/tr>\n<tr>\n<td style=\"padding: 6px\"><strong>Lek\u00e9pez\u00e9s<\/strong><\/td>\n<td style=\"padding: 6px\">Accu-3D motion video capture<\/td>\n<\/tr>\n<tr>\n<td style=\"padding: 6px\"><strong>Indik\u00e1ci\u00f3s k\u00f6r<\/strong><\/td>\n<td style=\"padding: 6px\">Fogp\u00f3tl\u00e1stan, Implantol\u00f3gia, Fogszab\u00e1lyoz\u00e1s<\/td>\n<\/tr>\n<tr>\n<td style=\"padding: 6px\"><strong>Speci\u00e1lis tulajdons\u00e1gok<\/strong><\/td>\n<td style=\"padding: 6px\">Mesters\u00e9ges intelligencia; Preprepar\u00e1ci\u00f3s szkennel\u00e9si lehet\u0151s\u00e9g; Lenyomat szkennel\u00e9s; T\u00f6bb k\u00fcl\u00f6nb\u00f6z\u0151 m\u00e9ret\u0171 szkennerfej<\/td>\n<\/tr>\n<\/tbody>\n<\/table>\n<div style=\"margin: 12px 0\"><img loading=\"lazy\" decoding=\"async\" class=\"alignnone wp-image-1019\" src=\"https:\/\/semmelweis.hu\/dentalszkenner\/files\/2024\/06\/Canva-fotoprotokoll-klinikai-szken-283x400.jpg\" alt=\"Klinikai szkennel\u00e9si fot\u00f3protokoll\" width=\"1349\" height=\"1908\" srcset=\"https:\/\/semmelweis.hu\/dentalszkenner\/files\/2024\/06\/Canva-fotoprotokoll-klinikai-szken-283x400.jpg 283w, https:\/\/semmelweis.hu\/dentalszkenner\/files\/2024\/06\/Canva-fotoprotokoll-klinikai-szken-724x1024.jpg 724w, https:\/\/semmelweis.hu\/dentalszkenner\/files\/2024\/06\/Canva-fotoprotokoll-klinikai-szken-768x1086.jpg 768w, https:\/\/semmelweis.hu\/dentalszkenner\/files\/2024\/06\/Canva-fotoprotokoll-klinikai-szken-1086x1536.jpg 1086w, https:\/\/semmelweis.hu\/dentalszkenner\/files\/2024\/06\/Canva-fotoprotokoll-klinikai-szken-1448x2048.jpg 1448w, https:\/\/semmelweis.hu\/dentalszkenner\/files\/2024\/06\/Canva-fotoprotokoll-klinikai-szken-753x1065.jpg 753w, https:\/\/semmelweis.hu\/dentalszkenner\/files\/2024\/06\/Canva-fotoprotokoll-klinikai-szken-scaled.jpg 1810w\" sizes=\"auto, (max-width: 1349px) 100vw, 1349px\" \/><\/div>\n<div><img loading=\"lazy\" decoding=\"async\" class=\"alignnone wp-image-1628\" src=\"https:\/\/semmelweis.hu\/dentalszkenner\/files\/2025\/10\/4-1-724x1024.jpg\" alt=\"Fussen S6500 tartoz\u00e9kok\" width=\"1349\" height=\"1908\" srcset=\"https:\/\/semmelweis.hu\/dentalszkenner\/files\/2025\/10\/4-1-724x1024.jpg 724w, https:\/\/semmelweis.hu\/dentalszkenner\/files\/2025\/10\/4-1-283x400.jpg 283w, https:\/\/semmelweis.hu\/dentalszkenner\/files\/2025\/10\/4-1-768x1086.jpg 768w, https:\/\/semmelweis.hu\/dentalszkenner\/files\/2025\/10\/4-1-1086x1536.jpg 1086w, https:\/\/semmelweis.hu\/dentalszkenner\/files\/2025\/10\/4-1-753x1065.jpg 753w, https:\/\/semmelweis.hu\/dentalszkenner\/files\/2025\/10\/4-1.jpg 1414w\" sizes=\"auto, (max-width: 1349px) 100vw, 1349px\" \/><\/p>\n<table style=\"width: 100%;border-collapse: collapse;background-color: #e4e3e1;border: none;margin-top: 12px\">\n<tbody>\n<tr>\n<td style=\"padding: 8px 6px;width: 99.9258%\" colspan=\"2\"><span style=\"font-size: 18pt;color: #c4af81\"><strong>FUSSEN S6500<\/strong><\/span><\/td>\n<\/tr>\n<tr>\n<td style=\"width: 20.3264%\">T\u00e1vir\u00e1ny\u00edt\u00e1s<\/td>\n<td style=\"width: 79.5994%\">Nem: 0, <strong>Igen: 1,<\/strong><\/td>\n<\/tr>\n<tr>\n<td style=\"width: 20.3264%\">Konfigur\u00e1ci\u00f3<\/td>\n<td style=\"width: 79.5994%\">Egy el\u00e9rhet\u0151: 0, <strong>T\u00f6bb v\u00e1laszthat\u00f3: 1,<\/strong><\/td>\n<\/tr>\n<tr>\n<td style=\"width: 20.3264%\">F\u00e1jlok tov\u00e1bb\u00edt\u00e1s\u00e1nak m\u00f3dja<\/td>\n<td style=\"width: 79.5994%\">Export\u00e1l\u00e1s ut\u00e1n e-mail: 0, <strong>Saj\u00e1t felh\u0151 alap\u00fa platform: 1,<\/strong><\/td>\n<\/tr>\n<tr>\n<td style=\"width: 20.3264%\">Ny\u00edlt vs. Z\u00e1rt<\/td>\n<td style=\"width: 79.5994%\">Z\u00e1rt: 0, <strong>Ny\u00edlt: 1,<\/strong><\/td>\n<\/tr>\n<tr>\n<td style=\"width: 20.3264%\">Felhaszn\u00e1l\u00e1s<\/td>\n<td style=\"width: 79.5994%\"><strong>Kezel\u00e9si terv k\u00e9sz\u00edt\u00e9se: 1,<\/strong><br \/>\n<strong>Fogp\u00f3tl\u00e1stan: 1,<\/strong><br \/>\n<strong>Implantol\u00f3gia: 1,<\/strong><br \/>\n<strong>Fogszab\u00e1lyoz\u00e1s: 1,<\/strong><br \/>\nChairside rendszer mar\u00e1s (sz\u00e9k melletti tervez\u0151 szoftver\/cnc mar\u00f3g\u00e9p, ker\u00e1mia \u00e9get\u0151k\u00e1lyha): 1,<br \/>\nChairside rendszer nyomtat\u00e1s (sz\u00e9k melletti tervez\u0151 szoftver\/sz\u00e9k melletti mar\u00f3g\u00e9p): 1,<\/td>\n<\/tr>\n<tr>\n<td style=\"width: 20.3264%\">Speci\u00e1lis tulajdons\u00e1g<\/td>\n<td style=\"width: 79.5994%\">Fogsz\u00edn-meghat\u00e1roz\u00e1s: 1,<br \/>\nCsonksz\u00edn-meghat\u00e1roz\u00e1s: 1,<br \/>\nEgy\u00e9ni mozg\u00e1sp\u00e1ly\u00e1k detekt\u00e1l\u00e1sa: 1,<br \/>\nMandibula mozg\u00e1s teljes digitaliz\u00e1ci\u00f3j\u00e1nak lehet\u0151s\u00e9ge gy\u00e1rt\u00f3 \u00e1ltal k\u00edn\u00e1lt rendszer azonos eszk\u00f6z \u00e9s szoftverrel: 1,<br \/>\n<strong>Preprepar\u00e1ci\u00f3s szkennel\u00e9s: 1,<\/strong><br \/>\nCsap szkennel\u00e9s: 1,<br \/>\n<strong>Lenyomat szkennel\u00e9s: 1,<\/strong><br \/>\nFogsor munkafolyamat: 1,<br \/>\nSmile design: 1,<br \/>\n<strong>K\u00fcl\u00f6nb\u00f6z\u0151 m\u00e9ret\u0171 szkennerfej: 1,<\/strong><br \/>\nCaries detekt\u00e1l\u00e1s: 1,<br \/>\nWindows \u00e9s MacOS kompatibilit\u00e1s: 1,<br \/>\nIO Szterefotogrammetria: 1,<\/td>\n<\/tr>\n<tr>\n<td style=\"width: 20.3264%\">T\u00e1mogat\u00e1s<\/td>\n<td style=\"width: 79.5994%\">\u00c9venk\u00e9nt meg\u00faj\u00edtand\u00f3 licensz: 0, <strong>Korl\u00e1tlan t\u00e1mogat\u00e1s: 1,<\/strong><\/td>\n<\/tr>\n<tr>\n<td style=\"width: 20.3264%\">Szerviz<\/td>\n<td style=\"width: 79.5994%\">K\u00fclf\u00f6ldi\/online szakszerviz: 0.5, <strong>Hazai szakszerviz vagy 24 \u00f3r\u00e1n bel\u00fcli cserek\u00e9sz\u00fcl\u00e9k biztos\u00edt\u00e1sa: 1,<\/strong><\/td>\n<\/tr>\n<tr>\n<td style=\"width: 20.3264%\"><strong>Oktat\u00e1s<\/strong><\/td>\n<td style=\"width: 79.5994%\">Nem megoldott: 0, K\u00fclf\u00f6ldi\/online: 0.5, <strong>Hazai: 1,<\/strong><\/td>\n<\/tr>\n<\/tbody>\n<\/table>\n<p>\u00a0<img loading=\"lazy\" decoding=\"async\" class=\"aligncenter size-large wp-image-1722\" src=\"https:\/\/semmelweis.hu\/dentalszkenner\/files\/2026\/01\/Fussen-1-724x1024.png\" alt=\"\" width=\"724\" height=\"1024\" srcset=\"https:\/\/semmelweis.hu\/dentalszkenner\/files\/2026\/01\/Fussen-1-724x1024.png 724w, https:\/\/semmelweis.hu\/dentalszkenner\/files\/2026\/01\/Fussen-1-283x400.png 283w, https:\/\/semmelweis.hu\/dentalszkenner\/files\/2026\/01\/Fussen-1-768x1086.png 768w, https:\/\/semmelweis.hu\/dentalszkenner\/files\/2026\/01\/Fussen-1-1086x1536.png 1086w, https:\/\/semmelweis.hu\/dentalszkenner\/files\/2026\/01\/Fussen-1-753x1065.png 753w, https:\/\/semmelweis.hu\/dentalszkenner\/files\/2026\/01\/Fussen-1.png 1414w\" sizes=\"auto, (max-width: 724px) 100vw, 724px\" \/><\/div>\n<div>\u00a0<\/div>\n<p><!-- Pontoz\u00e1s\/eredm\u00e9nyek t\u00e1bla --><\/p>\n<table class=\"border-borderMain dark:border-borderMainDark my-[1em] w-full table-auto border\" style=\"width: 100%;border-collapse: collapse;background-color: #e4e3e1\">\n<tbody>\n<tr>\n<td style=\"padding: 8px 6px\" colspan=\"2\"><span style=\"font-size: 18pt;color: #c4af81\"><strong>Fussen S6500<\/strong><\/span><\/td>\n<\/tr>\n<tr>\n<th class=\"px-sm py-sm whitespace-nowrap\" style=\"text-align: center\" colspan=\"2\"><strong>Eredm\u00e9nyek<\/strong><\/th>\n<\/tr>\n<tr>\n<td class=\"px-sm border-borderMain dark:border-borderMainDark min-w-[48px] border\"><strong>\u00d6sszefoglal\u00f3 t\u00e1bl\u00e1zat<\/strong><\/td>\n<td class=\"px-sm border-borderMain dark:border-borderMainDark min-w-[48px] border\">14\/27 pont<\/td>\n<\/tr>\n<tr>\n<td class=\"px-sm border-borderMain dark:border-borderMainDark min-w-[48px] border\"><strong>Modell szkennel\u00e9si sebess\u00e9g<\/strong><\/td>\n<td class=\"px-sm border-borderMain dark:border-borderMainDark min-w-[48px] border\">1 perc 18 m\u00e1sodperc<\/td>\n<\/tr>\n<tr>\n<td class=\"px-sm border-borderMain dark:border-borderMainDark min-w-[48px] border\"><strong>Szkennerfej ker\u00fclete<\/strong><\/td>\n<td class=\"px-sm border-borderMain dark:border-borderMainDark min-w-[48px] border\">Norm\u00e1l: 70 mm, Kicsi: 55 mm<\/td>\n<\/tr>\n<tr>\n<td class=\"px-sm border-borderMain dark:border-borderMainDark min-w-[48px] border\"><strong>Szkenner k\u00e9zidarab t\u00f6meg<\/strong><\/td>\n<td class=\"px-sm border-borderMain dark:border-borderMainDark min-w-[48px] border\">378 gramm<\/td>\n<\/tr>\n<tr>\n<td class=\"px-sm border-borderMain dark:border-borderMainDark min-w-[48px] border\"><strong>Klinikai szkennel\u00e9si sebess\u00e9g<\/strong><\/td>\n<td class=\"px-sm border-borderMain dark:border-borderMainDark min-w-[48px] border\">5 perc 16 m\u00e1sodperc<\/td>\n<\/tr>\n<\/tbody>\n<\/table>\n<div style=\"margin: 12px 0\"><img loading=\"lazy\" decoding=\"async\" class=\"aligncenter size-full wp-image-1632\" src=\"https:\/\/semmelweis.hu\/dentalszkenner\/files\/2025\/10\/Sablon-masolas-utan-toltsd-ki-3.png\" alt=\"\" width=\"707\" height=\"1000\" srcset=\"https:\/\/semmelweis.hu\/dentalszkenner\/files\/2025\/10\/Sablon-masolas-utan-toltsd-ki-3.png 707w, https:\/\/semmelweis.hu\/dentalszkenner\/files\/2025\/10\/Sablon-masolas-utan-toltsd-ki-3-283x400.png 283w\" sizes=\"auto, (max-width: 707px) 100vw, 707px\" \/><\/div>\n<div><img loading=\"lazy\" decoding=\"async\" class=\"alignnone wp-image-1656\" src=\"https:\/\/semmelweis.hu\/dentalszkenner\/files\/2025\/10\/Magyar-weblap-tartalom-4-724x1024.jpg\" alt=\"\" width=\"1279\" height=\"1809\" srcset=\"https:\/\/semmelweis.hu\/dentalszkenner\/files\/2025\/10\/Magyar-weblap-tartalom-4-724x1024.jpg 724w, https:\/\/semmelweis.hu\/dentalszkenner\/files\/2025\/10\/Magyar-weblap-tartalom-4-283x400.jpg 283w, https:\/\/semmelweis.hu\/dentalszkenner\/files\/2025\/10\/Magyar-weblap-tartalom-4-768x1086.jpg 768w, https:\/\/semmelweis.hu\/dentalszkenner\/files\/2025\/10\/Magyar-weblap-tartalom-4-1086x1536.jpg 1086w, https:\/\/semmelweis.hu\/dentalszkenner\/files\/2025\/10\/Magyar-weblap-tartalom-4-753x1065.jpg 753w, https:\/\/semmelweis.hu\/dentalszkenner\/files\/2025\/10\/Magyar-weblap-tartalom-4.jpg 1414w\" sizes=\"auto, (max-width: 1279px) 100vw, 1279px\" \/><\/div>\n<\/div>\n<\/div>\n","protected":false},"excerpt":{"rendered":"<p><a class=\"expand-cnt-link\" href=\"#\"> Fussen S6500\u00a0 <\/a> Fussen S6500 Forgalomba hozatal Fussen, 2023 Konfigur\u00e1ci\u00f3k Cart: gurul\u00f3 \u00e1llv\u00e1nyos kiszerel\u00e9s; Pod: a k\u00e9zidarab dokkol\u00f3ja USB k\u00e1bellel k\u00f6thet\u0151 \u00f6ssze asztali sz\u00e1m\u00edt\u00f3g\u00e9ppel vagy laptoppal Csomag tartalma Intraor\u00e1lis szkenner k\u00e9zidarab, dokkol\u00f3, USB-hub, USB k\u00e1bel, 4 db szkennerfej (3 db norm\u00e1l, 1 db kism\u00e9ret\u0171) Szkennel\u00e9si strat\u00e9gia Okkl\u00faz\u00e1lis, or\u00e1lis \u00e9s vesztibul\u00e1ris felsz\u00edn; Harap\u00e1sregisztr\u00e1ci\u00f3 &hellip;<\/p>\n","protected":false},"author":102310,"featured_media":0,"parent":116,"menu_order":8,"comment_status":"closed","ping_status":"closed","template":"","meta":{"_acf_changed":false,"footnotes":""},"categories":[],"tags":[],"class_list":["post-1015","page","type-page","status-publish","hentry"],"acf":[],"_links":{"self":[{"href":"https:\/\/semmelweis.hu\/dentalszkenner\/wp-json\/wp\/v2\/pages\/1015","targetHints":{"allow":["GET"]}}],"collection":[{"href":"https:\/\/semmelweis.hu\/dentalszkenner\/wp-json\/wp\/v2\/pages"}],"about":[{"href":"https:\/\/semmelweis.hu\/dentalszkenner\/wp-json\/wp\/v2\/types\/page"}],"author":[{"embeddable":true,"href":"https:\/\/semmelweis.hu\/dentalszkenner\/wp-json\/wp\/v2\/users\/102310"}],"replies":[{"embeddable":true,"href":"https:\/\/semmelweis.hu\/dentalszkenner\/wp-json\/wp\/v2\/comments?post=1015"}],"version-history":[{"count":10,"href":"https:\/\/semmelweis.hu\/dentalszkenner\/wp-json\/wp\/v2\/pages\/1015\/revisions"}],"predecessor-version":[{"id":1723,"href":"https:\/\/semmelweis.hu\/dentalszkenner\/wp-json\/wp\/v2\/pages\/1015\/revisions\/1723"}],"up":[{"embeddable":true,"href":"https:\/\/semmelweis.hu\/dentalszkenner\/wp-json\/wp\/v2\/pages\/116"}],"wp:attachment":[{"href":"https:\/\/semmelweis.hu\/dentalszkenner\/wp-json\/wp\/v2\/media?parent=1015"}],"wp:term":[{"taxonomy":"category","embeddable":true,"href":"https:\/\/semmelweis.hu\/dentalszkenner\/wp-json\/wp\/v2\/categories?post=1015"},{"taxonomy":"post_tag","embeddable":true,"href":"https:\/\/semmelweis.hu\/dentalszkenner\/wp-json\/wp\/v2\/tags?post=1015"}],"curies":[{"name":"wp","href":"https:\/\/api.w.org\/{rel}","templated":true}]}}