{"id":10,"date":"2023-10-20T16:49:44","date_gmt":"2023-10-20T14:49:44","guid":{"rendered":"https:\/\/semmelweis.hu\/dentalszkenner\/?page_id=10"},"modified":"2023-11-27T13:35:35","modified_gmt":"2023-11-27T12:35:35","slug":"elerhetoseg","status":"publish","type":"page","link":"https:\/\/semmelweis.hu\/dentalszkenner\/elerhetoseg\/","title":{"rendered":"El\u00e9rhet\u0151s\u00e9g"},"content":{"rendered":"<div class=\"keretes\">\n<p><strong>Semmelweis Egyetem, Fogp\u00f3tl\u00e1stani Klinika\u00a0<\/strong><\/p>\n<p><b>Igazgat\u00f3:<\/b>\u00a0Dr. Hermann P\u00e9ter egyetemi tan\u00e1r<br \/>\n<b>C\u00edm:<\/b>\u00a01088 Budapest, Szentkir\u00e1lyi u. 47. VI. em.<br \/>\n<b>Telefon:<\/b>\u00a0+36-1-338-4380<br \/>\n<b>E-mail:<\/b>\u00a0fogpotlastan@dent.semmelweis-univ.hu<\/p>\n<\/div>\n<div class=\"keretes\">\n<p><strong>Digit\u00e1lis Fog\u00e1szati Munkacsoport<\/strong><\/p>\n<p><b>Vezet\u0151je:<\/b>\u00a0Dr. Borb\u00e9ly Judit, egyetemi docens<br \/>\n<b>C\u00edm:<\/b>\u00a01088 Budapest, Szentkir\u00e1lyi u. 47. VI. em.<br \/>\n<b>Telefon:<\/b>\u00a0+36-1-338-4380<br \/>\n<b>E-mail: <\/b>borbely.judit@semmelweis.hu<\/p>\n<\/div>\n","protected":false},"excerpt":{"rendered":"<p>Semmelweis Egyetem, Fogp\u00f3tl\u00e1stani Klinika\u00a0<br \/>\nIgazgat\u00f3:\u00a0Dr. Hermann P\u00e9ter egyetemi tan\u00e1r<br \/>\nC\u00edm:\u00a01088 Budapest, Szentkir\u00e1lyi u. 47. VI. em.<br \/>\nTelefon:\u00a0+36-1-338-4380<br \/>\nE-mail:\u00a0fogpotlastan@dent.semmelweis-univ.hu<\/p>\n<p>Digit\u00e1lis Fog\u00e1szati Munkacsoport<br \/>\nVezet\u0151je:\u00a0Dr. Borb\u00e9ly Judit, egyetemi docens<br \/>\nC\u00edm:\u00a01088 Budapest, Szentkir\u00e1lyi u. 47. VI. em.<br \/>\nTelefon:\u00a0+36-1-338-4380<br \/>\nE-mail: borbely.judit@semmelweis.hu<\/p>\n","protected":false},"author":12,"featured_media":0,"parent":0,"menu_order":8,"comment_status":"closed","ping_status":"closed","template":"","meta":{"_acf_changed":false,"footnotes":""},"categories":[],"tags":[],"class_list":["post-10","page","type-page","status-publish","hentry"],"acf":[],"_links":{"self":[{"href":"https:\/\/semmelweis.hu\/dentalszkenner\/wp-json\/wp\/v2\/pages\/10","targetHints":{"allow":["GET"]}}],"collection":[{"href":"https:\/\/semmelweis.hu\/dentalszkenner\/wp-json\/wp\/v2\/pages"}],"about":[{"href":"https:\/\/semmelweis.hu\/dentalszkenner\/wp-json\/wp\/v2\/types\/page"}],"author":[{"embeddable":true,"href":"https:\/\/semmelweis.hu\/dentalszkenner\/wp-json\/wp\/v2\/users\/12"}],"replies":[{"embeddable":true,"href":"https:\/\/semmelweis.hu\/dentalszkenner\/wp-json\/wp\/v2\/comments?post=10"}],"version-history":[{"count":5,"href":"https:\/\/semmelweis.hu\/dentalszkenner\/wp-json\/wp\/v2\/pages\/10\/revisions"}],"predecessor-version":[{"id":405,"href":"https:\/\/semmelweis.hu\/dentalszkenner\/wp-json\/wp\/v2\/pages\/10\/revisions\/405"}],"wp:attachment":[{"href":"https:\/\/semmelweis.hu\/dentalszkenner\/wp-json\/wp\/v2\/media?parent=10"}],"wp:term":[{"taxonomy":"category","embeddable":true,"href":"https:\/\/semmelweis.hu\/dentalszkenner\/wp-json\/wp\/v2\/categories?post=10"},{"taxonomy":"post_tag","embeddable":true,"href":"https:\/\/semmelweis.hu\/dentalszkenner\/wp-json\/wp\/v2\/tags?post=10"}],"curies":[{"name":"wp","href":"https:\/\/api.w.org\/{rel}","templated":true}]}}