{"id":9153,"date":"2024-10-15T14:14:28","date_gmt":"2024-10-15T12:14:28","guid":{"rendered":"https:\/\/semmelweis.hu\/dei\/?page_id=9153"},"modified":"2024-11-25T12:37:59","modified_gmt":"2024-11-25T11:37:59","slug":"nyelvi-kovetelmenyek","status":"publish","type":"page","link":"https:\/\/semmelweis.hu\/dei\/oktatas\/egeszsegugyi-szervezo-bsc\/nyelvi-kovetelmenyek\/","title":{"rendered":"Nyelvi k\u00f6vetelm\u00e9nyek"},"content":{"rendered":"<div class=\"x_elementToProof\" data-olk-copy-source=\"MessageBody\">A Semmelweis Egyetem Szen\u00e1tus\u00e1nak 41\/2023 (V.25.) hat\u00e1rozata \u00e9rtelm\u00e9ben a KKK-ban el\u0151\u00edrt idegen nyelvi k\u00f6vetelm\u00e9nyt elt\u00f6rli.<\/div>\n<div>2023\/2024. tan\u00e9vt\u0151l kezd\u0151d\u0151en a mintatantervbe beemel\u00e9sre ker\u00fclt\u00a0 h\u00e1rom tant\u00e1rgy krit\u00e9riumk\u00f6vetelm\u00e9nyk\u00e9nt (1. 2. \u00e9s 3. f\u00e9l\u00e9ven) val\u00f3 teljes\u00edt\u00e9se:<\/div>\n<ul>\n<li>Bevezet\u00e9s az angol eg\u00e9szs\u00e9g\u00fcgyi informatikai szaknyelvbe (Introduction to English for Health Informatics)<\/li>\n<li>Angol szaknyelv az eg\u00e9szs\u00e9g\u00fcgyi informatik\u00e1hoz I. (English for Health Informatics I.)<\/li>\n<li>Angol szaknyelv az eg\u00e9szs\u00e9g\u00fcgyi informatik\u00e1hoz II. (English for Health Informatics II.)<\/li>\n<\/ul>\n<div>Mindezek mellett k\u00f6telez\u0151 elem a szakdolgozat mell\u00e9kletek\u00e9nt elk\u00e9sz\u00edteni angol nyelven egy absztrakt \u00e9s a dolgozat eredm\u00e9nyeit tartalmaz\u00f3 \u00f6sszefoglal\u00f3t (Diszkusszi\u00f3, \u00f6sszegz\u00e9s).<\/div>\n<div aria-hidden=\"true\">\u00a0<\/div>\n<div class=\"x_elementToProof\">2023\/2024. tan\u00e9vet megel\u0151z\u0151en tanulm\u00e1nyaikat megkezd\u0151 hallgat\u00f3k eset\u00e9ben k\u00f6telez\u0151 a szakdolgozat mell\u00e9kletek\u00e9nt beny\u00fajtand\u00f3 angol nyelv\u0171 absztrakt \u00e9s \u00f6sszefoglal\u00f3 elk\u00e9sz\u00edt\u00e9s\u00e9t.<\/div>\n","protected":false},"excerpt":{"rendered":"<p>A Semmelweis Egyetem Szen\u00e1tus\u00e1nak 41\/2023 (V.25.) hat\u00e1rozata \u00e9rtelm\u00e9ben a KKK-ban el\u0151\u00edrt idegen nyelvi k\u00f6vetelm\u00e9nyt elt\u00f6rli. 2023\/2024. tan\u00e9vt\u0151l kezd\u0151d\u0151en a mintatantervbe beemel\u00e9sre ker\u00fclt\u00a0 h\u00e1rom tant\u00e1rgy krit\u00e9riumk\u00f6vetelm\u00e9nyk\u00e9nt (1. 2. \u00e9s 3. f\u00e9l\u00e9ven) val\u00f3 teljes\u00edt\u00e9se: Bevezet\u00e9s az angol eg\u00e9szs\u00e9g\u00fcgyi informatikai szaknyelvbe (Introduction to English for Health Informatics) Angol szaknyelv az eg\u00e9szs\u00e9g\u00fcgyi informatik\u00e1hoz I. (English for Health Informatics I.) &hellip;<\/p>\n","protected":false},"author":102130,"featured_media":0,"parent":7432,"menu_order":1,"comment_status":"closed","ping_status":"closed","template":"","meta":{"_acf_changed":false,"footnotes":""},"categories":[],"tags":[],"class_list":["post-9153","page","type-page","status-publish","hentry"],"acf":[],"_links":{"self":[{"href":"https:\/\/semmelweis.hu\/dei\/wp-json\/wp\/v2\/pages\/9153","targetHints":{"allow":["GET"]}}],"collection":[{"href":"https:\/\/semmelweis.hu\/dei\/wp-json\/wp\/v2\/pages"}],"about":[{"href":"https:\/\/semmelweis.hu\/dei\/wp-json\/wp\/v2\/types\/page"}],"author":[{"embeddable":true,"href":"https:\/\/semmelweis.hu\/dei\/wp-json\/wp\/v2\/users\/102130"}],"replies":[{"embeddable":true,"href":"https:\/\/semmelweis.hu\/dei\/wp-json\/wp\/v2\/comments?post=9153"}],"version-history":[{"count":3,"href":"https:\/\/semmelweis.hu\/dei\/wp-json\/wp\/v2\/pages\/9153\/revisions"}],"predecessor-version":[{"id":9181,"href":"https:\/\/semmelweis.hu\/dei\/wp-json\/wp\/v2\/pages\/9153\/revisions\/9181"}],"up":[{"embeddable":true,"href":"https:\/\/semmelweis.hu\/dei\/wp-json\/wp\/v2\/pages\/7432"}],"wp:attachment":[{"href":"https:\/\/semmelweis.hu\/dei\/wp-json\/wp\/v2\/media?parent=9153"}],"wp:term":[{"taxonomy":"category","embeddable":true,"href":"https:\/\/semmelweis.hu\/dei\/wp-json\/wp\/v2\/categories?post=9153"},{"taxonomy":"post_tag","embeddable":true,"href":"https:\/\/semmelweis.hu\/dei\/wp-json\/wp\/v2\/tags?post=9153"}],"curies":[{"name":"wp","href":"https:\/\/api.w.org\/{rel}","templated":true}]}}