{"id":8330,"date":"2020-09-22T14:59:55","date_gmt":"2020-09-22T12:59:55","guid":{"rendered":"https:\/\/semmelweis.hu\/dei\/?page_id=8330"},"modified":"2026-04-13T16:27:04","modified_gmt":"2026-04-13T14:27:04","slug":"szakdolgozat-hataridok","status":"publish","type":"page","link":"https:\/\/semmelweis.hu\/dei\/oktatas\/egeszsegugyi-szervezo-bsc\/szakdolgozat\/szakdolgozat-hataridok\/","title":{"rendered":"Szakdolgozat hat\u00e1rid\u0151k"},"content":{"rendered":"<h3>Szakdolgozat bead\u00e1s\u00e1val, b\u00edr\u00e1lat\u00e1val, v\u00e9d\u00e9s\u00e9vel kapcsolatos hat\u00e1rid\u0151k\u00a0<\/h3>\n<p style=\"text-align: justify\">Figyelembe v\u00e9ve a Tanulm\u00e1nyi \u00e9s Vizsgaszab\u00e1lyzatban megadott hat\u00e1rid\u0151ket a szakdolgozat bead\u00e1s\u00e1val, b\u00edr\u00e1lat\u00e1val \u00e9s v\u00e9d\u00e9s\u00e9vel kapcsolatban a f\u00e9l\u00e9vre vonatkoz\u00f3 hat\u00e1rid\u0151k az al\u00e1bbiak:<\/p>\n<p>A <a href=\"https:\/\/semmelweis.hu\/dei\/oktatas\/egeszsegugyi-szervezo-bsc\/szakdolgozat\/\" target=\"_blank\" rel=\"noopener\">szakdolgozat<\/a> bead\u00e1sa:\u00a0<strong>2026. m\u00e1jus 14., cs\u00fct\u00f6rt\u00f6k, 15:00 \u00f3ra<\/strong><\/p>\n<p>A szakdolgozatot a <a href=\"mailto:gyurkovics.zoltanne@semmelweis.hu\" target=\"_blank\" rel=\"noopener\">gyurkovics.zoltanne@semmelweis.hu<\/a> c\u00edmre kell elk\u00fcldeni.<\/p>\n<p><strong>A szakdolgozat bead\u00e1si helye:<\/strong> Digit\u00e1lis Eg\u00e9szs\u00e9gtudom\u00e1nyi Int\u00e9zet, Budapest, Nagyv\u00e1rad t\u00e9ri Elm\u00e9leti T\u00f6mb, f\u00f6ldszint 18-as iroda<\/p>\n<p style=\"text-align: justify\">A megv\u00e1ltozott tanulm\u00e1nyi \u00e9s vizsgaszab\u00e1lyzat szerint\u00a0<em>\u201e<\/em>A hallgat\u00f3 a szakdolgozat\/diplomamunka lead\u00e1si hat\u00e1ridej\u00e9nek m\u00f3dos\u00edt\u00e1s\u00e1t egy alkalommal, maximum 2 h\u00e9t id\u0151tartamra az illet\u00e9kes kar Tanulm\u00e1nyi \u00e9s Vizsgabizotts\u00e1g\u00e1hoz c\u00edmzett, de a kar Tanulm\u00e1nyi Oszt\u00e1ly\u00e1n beny\u00fajtott k\u00e9relemmel k\u00e9rv\u00e9nyezheti. A k\u00e9relemr\u0151l az adott kar Tanulm\u00e1nyi \u00e9s Vizsgabizotts\u00e1ga d\u00f6nt az illet\u00e9kes oktat\u00e1si-kutat\u00e1si szervezeti egys\u00e9g javaslat\u00e1nak figyelembev\u00e9tel\u00e9vel.\u201d<\/p>\n<p><strong>A bead\u00e1si hat\u00e1rid\u0151 m\u00f3dos\u00edt\u00e1s\u00e1val kapcsolatos <a href=\"https:\/\/semmelweis.hu\/dei\/files\/2023\/11\/altalanos_forma.doc\" target=\"_blank\" rel=\"noopener\">k\u00e9relmek<\/a> bead\u00e1sa: 2026. m\u00e1jus 4., h\u00e9tf\u0151.<\/strong><\/p>\n<p><strong>A k\u00e9relmek bead\u00e1si helye:<\/strong> Digit\u00e1lis Eg\u00e9szs\u00e9gtudom\u00e1nyi Int\u00e9zet, Budapest, Nagyv\u00e1rad t\u00e9ri Elm\u00e9leti T\u00f6mb, f\u00f6ldszint 18-as iroda<\/p>\n<p>A b\u00edr\u00e1latok megk\u00fcld\u00e9se a hallgat\u00f3k r\u00e9sz\u00e9re 5 nappal a v\u00e9d\u00e9s el\u0151tt<\/p>\n<p style=\"text-align: justify\">A szakdolgozat v\u00e9d\u00e9s\u00e9nek idej\u00e9r\u0151l \u00e9s a beoszt\u00e1sr\u00f3l a k\u00e9s\u0151bbiekben Neptun \u00fczenet form\u00e1j\u00e1ban k\u00fcld\u00fcnk t\u00e1j\u00e9koztat\u00e1st.<\/p>\n<div class=\"keretes w-100\">\n<ul style=\"list-style-type: square\">\n<li class=\"w-100\"><strong><a href=\"https:\/\/semmelweis.hu\/dei\/oktatas\/egeszsegugyi-szervezo-bsc\/szakdolgozat\/szakdolgozat-temajavaslatok\/\" target=\"_blank\" rel=\"noopener\">Szakdolgozat t\u00e9majavaslatok<\/a><\/strong><\/li>\n<li class=\"w-100\"><strong><a href=\"https:\/\/semmelweis.hu\/dei\/oktatas\/egeszsegugyi-szervezo-bsc\/szakdolgozat\/szakdolgozati-informaciok\/\" target=\"_blank\" rel=\"noopener\">Szakdolgozat inform\u00e1ci\u00f3k<\/a><\/strong><\/li>\n<\/ul>\n<\/div>\n","protected":false},"excerpt":{"rendered":"<p>Szakdolgozat bead\u00e1s\u00e1val, b\u00edr\u00e1lat\u00e1val, v\u00e9d\u00e9s\u00e9vel kapcsolatos hat\u00e1rid\u0151k\u00a0 Figyelembe v\u00e9ve a Tanulm\u00e1nyi \u00e9s Vizsgaszab\u00e1lyzatban megadott hat\u00e1rid\u0151ket a szakdolgozat bead\u00e1s\u00e1val, b\u00edr\u00e1lat\u00e1val \u00e9s v\u00e9d\u00e9s\u00e9vel kapcsolatban a f\u00e9l\u00e9vre vonatkoz\u00f3 hat\u00e1rid\u0151k az al\u00e1bbiak: A <a href=\"https:\/\/semmelweis.hu\/dei\/oktatas\/egeszsegugyi-szervezo-bsc\/szakdolgozat\/\" target=\"_blank\" rel=\"noopener\">szakdolgozat<\/a> bead\u00e1sa:\u00a02026. m\u00e1jus 14., cs\u00fct\u00f6rt\u00f6k, 15:00 \u00f3ra A szakdolgozatot a <a href=\"mailto:gyurkovics.zoltanne@semmelweis.hu\" target=\"_blank\" rel=\"noopener\">gyurkovics.zoltanne@semmelweis.hu<\/a> c\u00edmre kell elk\u00fcldeni. A szakdolgozat bead\u00e1si helye: Digit\u00e1lis Eg\u00e9szs\u00e9gtudom\u00e1nyi Int\u00e9zet, Budapest, Nagyv\u00e1rad t\u00e9ri Elm\u00e9leti T\u00f6mb, f\u00f6ldszint 18-as iroda &hellip;<\/p>\n","protected":false},"author":101653,"featured_media":0,"parent":6803,"menu_order":0,"comment_status":"closed","ping_status":"closed","template":"","meta":{"_acf_changed":false,"footnotes":""},"categories":[],"tags":[40],"class_list":["post-8330","page","type-page","status-publish","hentry","tag-szakd"],"acf":[],"_links":{"self":[{"href":"https:\/\/semmelweis.hu\/dei\/wp-json\/wp\/v2\/pages\/8330","targetHints":{"allow":["GET"]}}],"collection":[{"href":"https:\/\/semmelweis.hu\/dei\/wp-json\/wp\/v2\/pages"}],"about":[{"href":"https:\/\/semmelweis.hu\/dei\/wp-json\/wp\/v2\/types\/page"}],"author":[{"embeddable":true,"href":"https:\/\/semmelweis.hu\/dei\/wp-json\/wp\/v2\/users\/101653"}],"replies":[{"embeddable":true,"href":"https:\/\/semmelweis.hu\/dei\/wp-json\/wp\/v2\/comments?post=8330"}],"version-history":[{"count":12,"href":"https:\/\/semmelweis.hu\/dei\/wp-json\/wp\/v2\/pages\/8330\/revisions"}],"predecessor-version":[{"id":9657,"href":"https:\/\/semmelweis.hu\/dei\/wp-json\/wp\/v2\/pages\/8330\/revisions\/9657"}],"up":[{"embeddable":true,"href":"https:\/\/semmelweis.hu\/dei\/wp-json\/wp\/v2\/pages\/6803"}],"wp:attachment":[{"href":"https:\/\/semmelweis.hu\/dei\/wp-json\/wp\/v2\/media?parent=8330"}],"wp:term":[{"taxonomy":"category","embeddable":true,"href":"https:\/\/semmelweis.hu\/dei\/wp-json\/wp\/v2\/categories?post=8330"},{"taxonomy":"post_tag","embeddable":true,"href":"https:\/\/semmelweis.hu\/dei\/wp-json\/wp\/v2\/tags?post=8330"}],"curies":[{"name":"wp","href":"https:\/\/api.w.org\/{rel}","templated":true}]}}